{"id":11729,"date":"2025-01-13T14:17:24","date_gmt":"2025-01-13T14:17:24","guid":{"rendered":"https:\/\/aivlisoft.com\/?post_type=product&#038;p=11729"},"modified":"2025-01-15T10:23:32","modified_gmt":"2025-01-15T10:23:32","slug":"western-digital-gold-wd4004fryz-4tb-sata-600","status":"publish","type":"product","link":"https:\/\/aivlisoft.net\/shop\/producto\/western-digital-gold-wd4004fryz-4tb-sata-600\/","title":{"rendered":"Western Digital Gold WD4004FRYZ 4TB SATA\/600"},"content":{"rendered":"<p><\/p>\n<table class=\"tabla_caracteristicas k-table\" width=\"100%\">\n<tr>\n<td valign=\"top\"><strong>Marca<\/strong><\/td>\n<td>Western Digital<\/td>\n<\/tr>\n<tr>\n<td valign=\"top\"><strong>Modelo<\/strong><\/td>\n<td><strong>WD4004FRYZ<\/strong><\/td>\n<\/tr>\n<tr>\n<td valign=\"top\"><strong>Especificaciones<\/strong><\/td>\n<td>&#8211; Capacidad de disco duro: <strong>4 TB<\/strong><br \/>\t\t\t&#8211; Interfaz del disco duro: <strong>SATA<\/strong><br \/>\t\t\t&#8211; Velocidad de rotaci&oacute;n de disco duro: 7200 RPM<br \/>\t\t\t&#8211; Tama&ntilde;o de disco duro: <strong>3.5&#8243;<br \/>\t\t\t&#8211; <\/strong>Tecnolog&iacute;a de grabaci&oacute;n: <strong>CRM<br \/>\t\t\t&#8211; <\/strong>Velocidad de transferencia: hasta 267 MB\/s<br \/>\t\t\t&#8211; Tama&ntilde;o de cach&eacute;: 256MB<br \/>\t\t\t&#8211; Certificaciones: BSMI, ICES-003\/NMB-003, CE, FCC, KC, Maghreb, RCM, UKCA, VCCI, CB-Scheme, TUV, UL<br \/>\t\t\t<strong>Dimensiones y peso<\/strong><br \/>\t\t\t&#8211; 147 x 101,6 x 26,1 mm<br \/>\t\t\t&#8211; &nbsp;715 g<\/td>\n<\/tr>\n<tr>\n<td valign=\"top\"><strong>Fecha Revisi&oacute;n<\/strong><\/td>\n<td>17-09-2024 por RTY<\/td>\n<\/tr>\n<\/table>\n","protected":false},"excerpt":{"rendered":"<p>Marca Western Digital Modelo WD4004FRYZ Especificaciones &#8211; Capacidad de disco duro: 4 TB &#8211; Interfaz del disco duro: SATA &#8211; Velocidad de rotaci&oacute;n de disco duro: 7200 RPM &#8211; Tama&ntilde;o de disco duro: 3.5&#8243; &#8211; Tecnolog&iacute;a de grabaci&oacute;n: CRM &#8211; Velocidad de transferencia: hasta 267 MB\/s &#8211; Tama&ntilde;o de cach&eacute;: 256MB &#8211; Certificaciones: BSMI, ICES-003\/NMB-003,&hellip;&nbsp;<a href=\"https:\/\/aivlisoft.net\/shop\/producto\/western-digital-gold-wd4004fryz-4tb-sata-600\/\" rel=\"bookmark\"><span class=\"screen-reader-text\">Western Digital Gold WD4004FRYZ 4TB SATA\/600<\/span><\/a><\/p>\n","protected":false},"featured_media":11730,"template":"","meta":{"neve_meta_sidebar":"","neve_meta_container":"","neve_meta_enable_content_width":"","neve_meta_content_width":0,"neve_meta_title_alignment":"","neve_meta_author_avatar":"","neve_post_elements_order":"","neve_meta_disable_header":"","neve_meta_disable_footer":"","neve_meta_disable_title":""},"product_brand":[],"product_cat":[15,4578,8796],"product_tag":[4658],"class_list":{"0":"post-11729","1":"product","2":"type-product","3":"status-publish","4":"has-post-thumbnail","6":"product_cat-sin-categorizar","7":"product_cat-almacenamiento-interno","8":"product_cat-componentes-pc","9":"product_tag-wd4004fryz","11":"first","12":"instock","13":"taxable","14":"shipping-taxable","15":"purchasable","16":"product-type-simple"},"yoast_head":"<!-- This site is optimized with the Yoast SEO plugin v26.0 - https:\/\/yoast.com\/wordpress\/plugins\/seo\/ -->\n<title>Western Digital Gold WD4004FRYZ 4TB SATA\/600 - Aivlisoft Inform\u00e1tica<\/title>\n<meta name=\"robots\" content=\"index, follow, max-snippet:-1, max-image-preview:large, max-video-preview:-1\" \/>\n<link rel=\"canonical\" href=\"https:\/\/aivlisoft.net\/shop\/producto\/western-digital-gold-wd4004fryz-4tb-sata-600\/\" \/>\n<meta property=\"og:locale\" content=\"es_ES\" \/>\n<meta property=\"og:type\" content=\"article\" \/>\n<meta property=\"og:title\" content=\"Western Digital Gold WD4004FRYZ 4TB SATA\/600 - Aivlisoft Inform\u00e1tica\" \/>\n<meta property=\"og:description\" content=\"Marca Western Digital Modelo WD4004FRYZ Especificaciones &#8211; Capacidad de disco duro: 4 TB &#8211; Interfaz del disco duro: SATA &#8211; Velocidad de rotaci&oacute;n de disco duro: 7200 RPM &#8211; Tama&ntilde;o de disco duro: 3.5&#8243; &#8211; Tecnolog&iacute;a de grabaci&oacute;n: CRM &#8211; Velocidad de transferencia: hasta 267 MB\/s &#8211; Tama&ntilde;o de cach&eacute;: 256MB &#8211; Certificaciones: BSMI, ICES-003\/NMB-003,&hellip;&nbsp;Western Digital Gold WD4004FRYZ 4TB SATA\/600\" \/>\n<meta property=\"og:url\" content=\"https:\/\/aivlisoft.net\/shop\/producto\/western-digital-gold-wd4004fryz-4tb-sata-600\/\" \/>\n<meta property=\"og:site_name\" content=\"Aivlisoft Inform\u00e1tica\" \/>\n<meta property=\"article:modified_time\" content=\"2025-01-15T10:23:32+00:00\" \/>\n<meta property=\"og:image\" content=\"https:\/\/aivlisoft.net\/shop\/wp-content\/uploads\/2025\/01\/IAIDMA0578_800.jpg\" \/>\n\t<meta property=\"og:image:width\" content=\"800\" \/>\n\t<meta property=\"og:image:height\" content=\"800\" \/>\n\t<meta property=\"og:image:type\" content=\"image\/jpeg\" \/>\n<meta name=\"twitter:card\" content=\"summary_large_image\" \/>\n<script type=\"application\/ld+json\" class=\"yoast-schema-graph\">{\"@context\":\"https:\/\/schema.org\",\"@graph\":[{\"@type\":\"WebPage\",\"@id\":\"https:\/\/aivlisoft.net\/shop\/producto\/western-digital-gold-wd4004fryz-4tb-sata-600\/\",\"url\":\"https:\/\/aivlisoft.net\/shop\/producto\/western-digital-gold-wd4004fryz-4tb-sata-600\/\",\"name\":\"Western Digital Gold WD4004FRYZ 4TB SATA\/600 - Aivlisoft Inform\u00e1tica\",\"isPartOf\":{\"@id\":\"https:\/\/aivlisoft.net\/shop\/#website\"},\"primaryImageOfPage\":{\"@id\":\"https:\/\/aivlisoft.net\/shop\/producto\/western-digital-gold-wd4004fryz-4tb-sata-600\/#primaryimage\"},\"image\":{\"@id\":\"https:\/\/aivlisoft.net\/shop\/producto\/western-digital-gold-wd4004fryz-4tb-sata-600\/#primaryimage\"},\"thumbnailUrl\":\"https:\/\/aivlisoft.net\/shop\/wp-content\/uploads\/2025\/01\/IAIDMA0578_800.jpg\",\"datePublished\":\"2025-01-13T14:17:24+00:00\",\"dateModified\":\"2025-01-15T10:23:32+00:00\",\"breadcrumb\":{\"@id\":\"https:\/\/aivlisoft.net\/shop\/producto\/western-digital-gold-wd4004fryz-4tb-sata-600\/#breadcrumb\"},\"inLanguage\":\"es\",\"potentialAction\":[{\"@type\":\"ReadAction\",\"target\":[\"https:\/\/aivlisoft.net\/shop\/producto\/western-digital-gold-wd4004fryz-4tb-sata-600\/\"]}]},{\"@type\":\"ImageObject\",\"inLanguage\":\"es\",\"@id\":\"https:\/\/aivlisoft.net\/shop\/producto\/western-digital-gold-wd4004fryz-4tb-sata-600\/#primaryimage\",\"url\":\"https:\/\/aivlisoft.net\/shop\/wp-content\/uploads\/2025\/01\/IAIDMA0578_800.jpg\",\"contentUrl\":\"https:\/\/aivlisoft.net\/shop\/wp-content\/uploads\/2025\/01\/IAIDMA0578_800.jpg\",\"width\":800,\"height\":800},{\"@type\":\"BreadcrumbList\",\"@id\":\"https:\/\/aivlisoft.net\/shop\/producto\/western-digital-gold-wd4004fryz-4tb-sata-600\/#breadcrumb\",\"itemListElement\":[{\"@type\":\"ListItem\",\"position\":1,\"name\":\"Portada\",\"item\":\"https:\/\/aivlisoft.net\/shop\/\"},{\"@type\":\"ListItem\",\"position\":2,\"name\":\"Tienda\",\"item\":\"https:\/\/aivlisoft.net\/shop\/tienda\/\"},{\"@type\":\"ListItem\",\"position\":3,\"name\":\"Western Digital Gold WD4004FRYZ 4TB SATA\/600\"}]},{\"@type\":\"WebSite\",\"@id\":\"https:\/\/aivlisoft.net\/shop\/#website\",\"url\":\"https:\/\/aivlisoft.net\/shop\/\",\"name\":\"Aivlisoft Inform\u00e1tica\",\"description\":\"En Aivlisoft Inform\u00e1tica ofrecemos soluciones tecnol\u00f3gicas para empresas: venta de ordenadores, consumibles, perif\u00e9ricos y m\u00e1s. Calidad, atenci\u00f3n personalizada y los mejores precios para tu negocio.\",\"publisher\":{\"@id\":\"https:\/\/aivlisoft.net\/shop\/#organization\"},\"potentialAction\":[{\"@type\":\"SearchAction\",\"target\":{\"@type\":\"EntryPoint\",\"urlTemplate\":\"https:\/\/aivlisoft.net\/shop\/?s={search_term_string}\"},\"query-input\":{\"@type\":\"PropertyValueSpecification\",\"valueRequired\":true,\"valueName\":\"search_term_string\"}}],\"inLanguage\":\"es\"},{\"@type\":\"Organization\",\"@id\":\"https:\/\/aivlisoft.net\/shop\/#organization\",\"name\":\"Aivlisoft Inform\u00e1tica\",\"url\":\"https:\/\/aivlisoft.net\/shop\/\",\"logo\":{\"@type\":\"ImageObject\",\"inLanguage\":\"es\",\"@id\":\"https:\/\/aivlisoft.net\/shop\/#\/schema\/logo\/image\/\",\"url\":\"https:\/\/aivlisoft.net\/shop\/wp-content\/uploads\/2024\/12\/removal.ai_5b848c54-0cdf-4140-95c5-c5536bb7573b-logodef.png\",\"contentUrl\":\"https:\/\/aivlisoft.net\/shop\/wp-content\/uploads\/2024\/12\/removal.ai_5b848c54-0cdf-4140-95c5-c5536bb7573b-logodef.png\",\"width\":484,\"height\":182,\"caption\":\"Aivlisoft Inform\u00e1tica\"},\"image\":{\"@id\":\"https:\/\/aivlisoft.net\/shop\/#\/schema\/logo\/image\/\"}}]}<\/script>\n<!-- \/ Yoast SEO plugin. -->","yoast_head_json":{"title":"Western Digital Gold WD4004FRYZ 4TB SATA\/600 - Aivlisoft Inform\u00e1tica","robots":{"index":"index","follow":"follow","max-snippet":"max-snippet:-1","max-image-preview":"max-image-preview:large","max-video-preview":"max-video-preview:-1"},"canonical":"https:\/\/aivlisoft.net\/shop\/producto\/western-digital-gold-wd4004fryz-4tb-sata-600\/","og_locale":"es_ES","og_type":"article","og_title":"Western Digital Gold WD4004FRYZ 4TB SATA\/600 - Aivlisoft Inform\u00e1tica","og_description":"Marca Western Digital Modelo WD4004FRYZ Especificaciones &#8211; Capacidad de disco duro: 4 TB &#8211; Interfaz del disco duro: SATA &#8211; Velocidad de rotaci&oacute;n de disco duro: 7200 RPM &#8211; Tama&ntilde;o de disco duro: 3.5&#8243; &#8211; Tecnolog&iacute;a de grabaci&oacute;n: CRM &#8211; Velocidad de transferencia: hasta 267 MB\/s &#8211; Tama&ntilde;o de cach&eacute;: 256MB &#8211; Certificaciones: BSMI, ICES-003\/NMB-003,&hellip;&nbsp;Western Digital Gold WD4004FRYZ 4TB SATA\/600","og_url":"https:\/\/aivlisoft.net\/shop\/producto\/western-digital-gold-wd4004fryz-4tb-sata-600\/","og_site_name":"Aivlisoft Inform\u00e1tica","article_modified_time":"2025-01-15T10:23:32+00:00","og_image":[{"width":800,"height":800,"url":"https:\/\/aivlisoft.net\/shop\/wp-content\/uploads\/2025\/01\/IAIDMA0578_800.jpg","type":"image\/jpeg"}],"twitter_card":"summary_large_image","schema":{"@context":"https:\/\/schema.org","@graph":[{"@type":"WebPage","@id":"https:\/\/aivlisoft.net\/shop\/producto\/western-digital-gold-wd4004fryz-4tb-sata-600\/","url":"https:\/\/aivlisoft.net\/shop\/producto\/western-digital-gold-wd4004fryz-4tb-sata-600\/","name":"Western Digital Gold WD4004FRYZ 4TB SATA\/600 - Aivlisoft Inform\u00e1tica","isPartOf":{"@id":"https:\/\/aivlisoft.net\/shop\/#website"},"primaryImageOfPage":{"@id":"https:\/\/aivlisoft.net\/shop\/producto\/western-digital-gold-wd4004fryz-4tb-sata-600\/#primaryimage"},"image":{"@id":"https:\/\/aivlisoft.net\/shop\/producto\/western-digital-gold-wd4004fryz-4tb-sata-600\/#primaryimage"},"thumbnailUrl":"https:\/\/aivlisoft.net\/shop\/wp-content\/uploads\/2025\/01\/IAIDMA0578_800.jpg","datePublished":"2025-01-13T14:17:24+00:00","dateModified":"2025-01-15T10:23:32+00:00","breadcrumb":{"@id":"https:\/\/aivlisoft.net\/shop\/producto\/western-digital-gold-wd4004fryz-4tb-sata-600\/#breadcrumb"},"inLanguage":"es","potentialAction":[{"@type":"ReadAction","target":["https:\/\/aivlisoft.net\/shop\/producto\/western-digital-gold-wd4004fryz-4tb-sata-600\/"]}]},{"@type":"ImageObject","inLanguage":"es","@id":"https:\/\/aivlisoft.net\/shop\/producto\/western-digital-gold-wd4004fryz-4tb-sata-600\/#primaryimage","url":"https:\/\/aivlisoft.net\/shop\/wp-content\/uploads\/2025\/01\/IAIDMA0578_800.jpg","contentUrl":"https:\/\/aivlisoft.net\/shop\/wp-content\/uploads\/2025\/01\/IAIDMA0578_800.jpg","width":800,"height":800},{"@type":"BreadcrumbList","@id":"https:\/\/aivlisoft.net\/shop\/producto\/western-digital-gold-wd4004fryz-4tb-sata-600\/#breadcrumb","itemListElement":[{"@type":"ListItem","position":1,"name":"Portada","item":"https:\/\/aivlisoft.net\/shop\/"},{"@type":"ListItem","position":2,"name":"Tienda","item":"https:\/\/aivlisoft.net\/shop\/tienda\/"},{"@type":"ListItem","position":3,"name":"Western Digital Gold WD4004FRYZ 4TB SATA\/600"}]},{"@type":"WebSite","@id":"https:\/\/aivlisoft.net\/shop\/#website","url":"https:\/\/aivlisoft.net\/shop\/","name":"Aivlisoft Inform\u00e1tica","description":"En Aivlisoft Inform\u00e1tica ofrecemos soluciones tecnol\u00f3gicas para empresas: venta de ordenadores, consumibles, perif\u00e9ricos y m\u00e1s. Calidad, atenci\u00f3n personalizada y los mejores precios para tu negocio.","publisher":{"@id":"https:\/\/aivlisoft.net\/shop\/#organization"},"potentialAction":[{"@type":"SearchAction","target":{"@type":"EntryPoint","urlTemplate":"https:\/\/aivlisoft.net\/shop\/?s={search_term_string}"},"query-input":{"@type":"PropertyValueSpecification","valueRequired":true,"valueName":"search_term_string"}}],"inLanguage":"es"},{"@type":"Organization","@id":"https:\/\/aivlisoft.net\/shop\/#organization","name":"Aivlisoft Inform\u00e1tica","url":"https:\/\/aivlisoft.net\/shop\/","logo":{"@type":"ImageObject","inLanguage":"es","@id":"https:\/\/aivlisoft.net\/shop\/#\/schema\/logo\/image\/","url":"https:\/\/aivlisoft.net\/shop\/wp-content\/uploads\/2024\/12\/removal.ai_5b848c54-0cdf-4140-95c5-c5536bb7573b-logodef.png","contentUrl":"https:\/\/aivlisoft.net\/shop\/wp-content\/uploads\/2024\/12\/removal.ai_5b848c54-0cdf-4140-95c5-c5536bb7573b-logodef.png","width":484,"height":182,"caption":"Aivlisoft Inform\u00e1tica"},"image":{"@id":"https:\/\/aivlisoft.net\/shop\/#\/schema\/logo\/image\/"}}]}},"_links":{"self":[{"href":"https:\/\/aivlisoft.net\/shop\/wp-json\/wp\/v2\/product\/11729","targetHints":{"allow":["GET"]}}],"collection":[{"href":"https:\/\/aivlisoft.net\/shop\/wp-json\/wp\/v2\/product"}],"about":[{"href":"https:\/\/aivlisoft.net\/shop\/wp-json\/wp\/v2\/types\/product"}],"wp:featuredmedia":[{"embeddable":true,"href":"https:\/\/aivlisoft.net\/shop\/wp-json\/wp\/v2\/media\/11730"}],"wp:attachment":[{"href":"https:\/\/aivlisoft.net\/shop\/wp-json\/wp\/v2\/media?parent=11729"}],"wp:term":[{"taxonomy":"product_brand","embeddable":true,"href":"https:\/\/aivlisoft.net\/shop\/wp-json\/wp\/v2\/product_brand?post=11729"},{"taxonomy":"product_cat","embeddable":true,"href":"https:\/\/aivlisoft.net\/shop\/wp-json\/wp\/v2\/product_cat?post=11729"},{"taxonomy":"product_tag","embeddable":true,"href":"https:\/\/aivlisoft.net\/shop\/wp-json\/wp\/v2\/product_tag?post=11729"}],"curies":[{"name":"wp","href":"https:\/\/api.w.org\/{rel}","templated":true}]}}