{"id":11522,"date":"2025-01-13T14:15:29","date_gmt":"2025-01-13T14:15:29","guid":{"rendered":"https:\/\/aivlisoft.com\/?post_type=product&#038;p=11522"},"modified":"2025-01-14T10:58:58","modified_gmt":"2025-01-14T10:58:58","slug":"fanvil-y501-y-sip-intercomunicador-sanitario","status":"publish","type":"product","link":"https:\/\/aivlisoft.net\/shop\/producto\/fanvil-y501-y-sip-intercomunicador-sanitario\/","title":{"rendered":"Fanvil Y501-Y SIP Intercomunicador sanitario"},"content":{"rendered":"<p><\/p>\n<table class=\"tabla_caracteristicas\" width=\"100%\">\n<tr>\n<td valign=\"top\"><strong>Marca<\/strong><\/td>\n<td>Fanvil<\/td>\n<\/tr>\n<tr>\n<td valign=\"top\"><strong>Modelo<\/strong><\/td>\n<td><strong>Y501-Y<\/strong><\/td>\n<\/tr>\n<tr>\n<td valign=\"top\"><strong>Caracter&iacute;sticas<\/strong><\/td>\n<td>&#8211; L&iacute;nea SIP: 2<br \/>\t\t\t&#8211; Intercomunicador independiente: no se necesita unidad central ni servidor<br \/>\t\t\t&#8211; Audio de alta definici&oacute;n<br \/>\t\t\t&#8211; Rel&eacute; el&eacute;ctrico incorporado: 1<br \/>\t\t\t&#8211; Control de acceso: 3<br \/>\t\t\t&#8211; Fuente de alimentaci&oacute;n: PoE&nbsp;&nbsp; &nbsp;<br \/>\t\t\t&#8211; 12 VCC incorporado<br \/>\t\t\t&#8211; Nivel de protecci&oacute;n: IP54<br \/>\t\t\t&#8211; Amplio rango de temperatura: -10&deg;C~50&deg;C<br \/>\t\t\t&#8211; Amplificador de potencia: 2W<br \/>\t\t\t&#8211; Salida de cortocircuito: 1<br \/>\t\t\t&#8211; Entrada de cortocircuito: 1<br \/>\t\t\t&#8211; Aprovisionamiento autom&aacute;tico mediante DHCP\/TR069\/SIP PNP<br \/>\t\t\t&#8211; Integraci&oacute;n con sistemas de terceros<\/td>\n<\/tr>\n<tr>\n<td valign=\"top\"><strong>Fecha de revisi&oacute;n<\/strong><\/td>\n<td>03-09-2024 por RTY<\/td>\n<\/tr>\n<\/table>\n","protected":false},"excerpt":{"rendered":"<p>Marca Fanvil Modelo Y501-Y Caracter&iacute;sticas &#8211; L&iacute;nea SIP: 2 &#8211; Intercomunicador independiente: no se necesita unidad central ni servidor &#8211; Audio de alta definici&oacute;n &#8211; Rel&eacute; el&eacute;ctrico incorporado: 1 &#8211; Control de acceso: 3 &#8211; Fuente de alimentaci&oacute;n: PoE&nbsp;&nbsp; &nbsp; &#8211; 12 VCC incorporado &#8211; Nivel de protecci&oacute;n: IP54 &#8211; Amplio rango de temperatura: -10&deg;C~50&deg;C&hellip;&nbsp;<a href=\"https:\/\/aivlisoft.net\/shop\/producto\/fanvil-y501-y-sip-intercomunicador-sanitario\/\" rel=\"bookmark\"><span class=\"screen-reader-text\">Fanvil Y501-Y SIP Intercomunicador sanitario<\/span><\/a><\/p>\n","protected":false},"featured_media":11523,"template":"","meta":{"neve_meta_sidebar":"","neve_meta_container":"","neve_meta_enable_content_width":"","neve_meta_content_width":0,"neve_meta_title_alignment":"","neve_meta_author_avatar":"","neve_post_elements_order":"","neve_meta_disable_header":"","neve_meta_disable_footer":"","neve_meta_disable_title":""},"product_brand":[],"product_cat":[8727],"product_tag":[4567],"class_list":{"0":"post-11522","1":"product","2":"type-product","3":"status-publish","4":"has-post-thumbnail","6":"product_cat-videoportero","7":"product_tag-y501-y","9":"first","10":"instock","11":"taxable","12":"shipping-taxable","13":"purchasable","14":"product-type-simple"},"yoast_head":"<!-- This site is optimized with the Yoast SEO plugin v26.0 - https:\/\/yoast.com\/wordpress\/plugins\/seo\/ -->\n<title>Fanvil Y501-Y SIP Intercomunicador sanitario - Aivlisoft Inform\u00e1tica<\/title>\n<meta name=\"robots\" content=\"index, follow, max-snippet:-1, max-image-preview:large, max-video-preview:-1\" \/>\n<link rel=\"canonical\" href=\"https:\/\/aivlisoft.net\/shop\/producto\/fanvil-y501-y-sip-intercomunicador-sanitario\/\" \/>\n<meta property=\"og:locale\" content=\"es_ES\" \/>\n<meta property=\"og:type\" content=\"article\" \/>\n<meta property=\"og:title\" content=\"Fanvil Y501-Y SIP Intercomunicador sanitario - Aivlisoft Inform\u00e1tica\" \/>\n<meta property=\"og:description\" content=\"Marca Fanvil Modelo Y501-Y Caracter&iacute;sticas &#8211; L&iacute;nea SIP: 2 &#8211; Intercomunicador independiente: no se necesita unidad central ni servidor &#8211; Audio de alta definici&oacute;n &#8211; Rel&eacute; el&eacute;ctrico incorporado: 1 &#8211; Control de acceso: 3 &#8211; Fuente de alimentaci&oacute;n: PoE&nbsp;&nbsp; &nbsp; &#8211; 12 VCC incorporado &#8211; Nivel de protecci&oacute;n: IP54 &#8211; Amplio rango de temperatura: -10&deg;C~50&deg;C&hellip;&nbsp;Fanvil Y501-Y SIP Intercomunicador sanitario\" \/>\n<meta property=\"og:url\" content=\"https:\/\/aivlisoft.net\/shop\/producto\/fanvil-y501-y-sip-intercomunicador-sanitario\/\" \/>\n<meta property=\"og:site_name\" content=\"Aivlisoft Inform\u00e1tica\" \/>\n<meta property=\"article:modified_time\" content=\"2025-01-14T10:58:58+00:00\" \/>\n<meta property=\"og:image\" content=\"https:\/\/aivlisoft.net\/shop\/wp-content\/uploads\/2025\/01\/GVVVPO0014_800.jpg\" \/>\n\t<meta property=\"og:image:width\" content=\"800\" \/>\n\t<meta property=\"og:image:height\" content=\"800\" \/>\n\t<meta property=\"og:image:type\" content=\"image\/jpeg\" \/>\n<meta name=\"twitter:card\" content=\"summary_large_image\" \/>\n<meta name=\"twitter:label1\" content=\"Tiempo de lectura\" \/>\n\t<meta name=\"twitter:data1\" content=\"1 minuto\" \/>\n<script type=\"application\/ld+json\" class=\"yoast-schema-graph\">{\"@context\":\"https:\/\/schema.org\",\"@graph\":[{\"@type\":\"WebPage\",\"@id\":\"https:\/\/aivlisoft.net\/shop\/producto\/fanvil-y501-y-sip-intercomunicador-sanitario\/\",\"url\":\"https:\/\/aivlisoft.net\/shop\/producto\/fanvil-y501-y-sip-intercomunicador-sanitario\/\",\"name\":\"Fanvil Y501-Y SIP Intercomunicador sanitario - Aivlisoft Inform\u00e1tica\",\"isPartOf\":{\"@id\":\"https:\/\/aivlisoft.net\/shop\/#website\"},\"primaryImageOfPage\":{\"@id\":\"https:\/\/aivlisoft.net\/shop\/producto\/fanvil-y501-y-sip-intercomunicador-sanitario\/#primaryimage\"},\"image\":{\"@id\":\"https:\/\/aivlisoft.net\/shop\/producto\/fanvil-y501-y-sip-intercomunicador-sanitario\/#primaryimage\"},\"thumbnailUrl\":\"https:\/\/aivlisoft.net\/shop\/wp-content\/uploads\/2025\/01\/GVVVPO0014_800.jpg\",\"datePublished\":\"2025-01-13T14:15:29+00:00\",\"dateModified\":\"2025-01-14T10:58:58+00:00\",\"breadcrumb\":{\"@id\":\"https:\/\/aivlisoft.net\/shop\/producto\/fanvil-y501-y-sip-intercomunicador-sanitario\/#breadcrumb\"},\"inLanguage\":\"es\",\"potentialAction\":[{\"@type\":\"ReadAction\",\"target\":[\"https:\/\/aivlisoft.net\/shop\/producto\/fanvil-y501-y-sip-intercomunicador-sanitario\/\"]}]},{\"@type\":\"ImageObject\",\"inLanguage\":\"es\",\"@id\":\"https:\/\/aivlisoft.net\/shop\/producto\/fanvil-y501-y-sip-intercomunicador-sanitario\/#primaryimage\",\"url\":\"https:\/\/aivlisoft.net\/shop\/wp-content\/uploads\/2025\/01\/GVVVPO0014_800.jpg\",\"contentUrl\":\"https:\/\/aivlisoft.net\/shop\/wp-content\/uploads\/2025\/01\/GVVVPO0014_800.jpg\",\"width\":800,\"height\":800},{\"@type\":\"BreadcrumbList\",\"@id\":\"https:\/\/aivlisoft.net\/shop\/producto\/fanvil-y501-y-sip-intercomunicador-sanitario\/#breadcrumb\",\"itemListElement\":[{\"@type\":\"ListItem\",\"position\":1,\"name\":\"Portada\",\"item\":\"https:\/\/aivlisoft.net\/shop\/\"},{\"@type\":\"ListItem\",\"position\":2,\"name\":\"Tienda\",\"item\":\"https:\/\/aivlisoft.net\/shop\/tienda\/\"},{\"@type\":\"ListItem\",\"position\":3,\"name\":\"Fanvil Y501-Y SIP Intercomunicador sanitario\"}]},{\"@type\":\"WebSite\",\"@id\":\"https:\/\/aivlisoft.net\/shop\/#website\",\"url\":\"https:\/\/aivlisoft.net\/shop\/\",\"name\":\"Aivlisoft Inform\u00e1tica\",\"description\":\"En Aivlisoft Inform\u00e1tica ofrecemos soluciones tecnol\u00f3gicas para empresas: venta de ordenadores, consumibles, perif\u00e9ricos y m\u00e1s. Calidad, atenci\u00f3n personalizada y los mejores precios para tu negocio.\",\"publisher\":{\"@id\":\"https:\/\/aivlisoft.net\/shop\/#organization\"},\"potentialAction\":[{\"@type\":\"SearchAction\",\"target\":{\"@type\":\"EntryPoint\",\"urlTemplate\":\"https:\/\/aivlisoft.net\/shop\/?s={search_term_string}\"},\"query-input\":{\"@type\":\"PropertyValueSpecification\",\"valueRequired\":true,\"valueName\":\"search_term_string\"}}],\"inLanguage\":\"es\"},{\"@type\":\"Organization\",\"@id\":\"https:\/\/aivlisoft.net\/shop\/#organization\",\"name\":\"Aivlisoft Inform\u00e1tica\",\"url\":\"https:\/\/aivlisoft.net\/shop\/\",\"logo\":{\"@type\":\"ImageObject\",\"inLanguage\":\"es\",\"@id\":\"https:\/\/aivlisoft.net\/shop\/#\/schema\/logo\/image\/\",\"url\":\"https:\/\/aivlisoft.net\/shop\/wp-content\/uploads\/2024\/12\/removal.ai_5b848c54-0cdf-4140-95c5-c5536bb7573b-logodef.png\",\"contentUrl\":\"https:\/\/aivlisoft.net\/shop\/wp-content\/uploads\/2024\/12\/removal.ai_5b848c54-0cdf-4140-95c5-c5536bb7573b-logodef.png\",\"width\":484,\"height\":182,\"caption\":\"Aivlisoft Inform\u00e1tica\"},\"image\":{\"@id\":\"https:\/\/aivlisoft.net\/shop\/#\/schema\/logo\/image\/\"}}]}<\/script>\n<!-- \/ Yoast SEO plugin. -->","yoast_head_json":{"title":"Fanvil Y501-Y SIP Intercomunicador sanitario - Aivlisoft Inform\u00e1tica","robots":{"index":"index","follow":"follow","max-snippet":"max-snippet:-1","max-image-preview":"max-image-preview:large","max-video-preview":"max-video-preview:-1"},"canonical":"https:\/\/aivlisoft.net\/shop\/producto\/fanvil-y501-y-sip-intercomunicador-sanitario\/","og_locale":"es_ES","og_type":"article","og_title":"Fanvil Y501-Y SIP Intercomunicador sanitario - Aivlisoft Inform\u00e1tica","og_description":"Marca Fanvil Modelo Y501-Y Caracter&iacute;sticas &#8211; L&iacute;nea SIP: 2 &#8211; Intercomunicador independiente: no se necesita unidad central ni servidor &#8211; Audio de alta definici&oacute;n &#8211; Rel&eacute; el&eacute;ctrico incorporado: 1 &#8211; Control de acceso: 3 &#8211; Fuente de alimentaci&oacute;n: PoE&nbsp;&nbsp; &nbsp; &#8211; 12 VCC incorporado &#8211; Nivel de protecci&oacute;n: IP54 &#8211; Amplio rango de temperatura: -10&deg;C~50&deg;C&hellip;&nbsp;Fanvil Y501-Y SIP Intercomunicador sanitario","og_url":"https:\/\/aivlisoft.net\/shop\/producto\/fanvil-y501-y-sip-intercomunicador-sanitario\/","og_site_name":"Aivlisoft Inform\u00e1tica","article_modified_time":"2025-01-14T10:58:58+00:00","og_image":[{"width":800,"height":800,"url":"https:\/\/aivlisoft.net\/shop\/wp-content\/uploads\/2025\/01\/GVVVPO0014_800.jpg","type":"image\/jpeg"}],"twitter_card":"summary_large_image","twitter_misc":{"Tiempo de lectura":"1 minuto"},"schema":{"@context":"https:\/\/schema.org","@graph":[{"@type":"WebPage","@id":"https:\/\/aivlisoft.net\/shop\/producto\/fanvil-y501-y-sip-intercomunicador-sanitario\/","url":"https:\/\/aivlisoft.net\/shop\/producto\/fanvil-y501-y-sip-intercomunicador-sanitario\/","name":"Fanvil Y501-Y SIP Intercomunicador sanitario - Aivlisoft Inform\u00e1tica","isPartOf":{"@id":"https:\/\/aivlisoft.net\/shop\/#website"},"primaryImageOfPage":{"@id":"https:\/\/aivlisoft.net\/shop\/producto\/fanvil-y501-y-sip-intercomunicador-sanitario\/#primaryimage"},"image":{"@id":"https:\/\/aivlisoft.net\/shop\/producto\/fanvil-y501-y-sip-intercomunicador-sanitario\/#primaryimage"},"thumbnailUrl":"https:\/\/aivlisoft.net\/shop\/wp-content\/uploads\/2025\/01\/GVVVPO0014_800.jpg","datePublished":"2025-01-13T14:15:29+00:00","dateModified":"2025-01-14T10:58:58+00:00","breadcrumb":{"@id":"https:\/\/aivlisoft.net\/shop\/producto\/fanvil-y501-y-sip-intercomunicador-sanitario\/#breadcrumb"},"inLanguage":"es","potentialAction":[{"@type":"ReadAction","target":["https:\/\/aivlisoft.net\/shop\/producto\/fanvil-y501-y-sip-intercomunicador-sanitario\/"]}]},{"@type":"ImageObject","inLanguage":"es","@id":"https:\/\/aivlisoft.net\/shop\/producto\/fanvil-y501-y-sip-intercomunicador-sanitario\/#primaryimage","url":"https:\/\/aivlisoft.net\/shop\/wp-content\/uploads\/2025\/01\/GVVVPO0014_800.jpg","contentUrl":"https:\/\/aivlisoft.net\/shop\/wp-content\/uploads\/2025\/01\/GVVVPO0014_800.jpg","width":800,"height":800},{"@type":"BreadcrumbList","@id":"https:\/\/aivlisoft.net\/shop\/producto\/fanvil-y501-y-sip-intercomunicador-sanitario\/#breadcrumb","itemListElement":[{"@type":"ListItem","position":1,"name":"Portada","item":"https:\/\/aivlisoft.net\/shop\/"},{"@type":"ListItem","position":2,"name":"Tienda","item":"https:\/\/aivlisoft.net\/shop\/tienda\/"},{"@type":"ListItem","position":3,"name":"Fanvil Y501-Y SIP Intercomunicador sanitario"}]},{"@type":"WebSite","@id":"https:\/\/aivlisoft.net\/shop\/#website","url":"https:\/\/aivlisoft.net\/shop\/","name":"Aivlisoft Inform\u00e1tica","description":"En Aivlisoft Inform\u00e1tica ofrecemos soluciones tecnol\u00f3gicas para empresas: venta de ordenadores, consumibles, perif\u00e9ricos y m\u00e1s. Calidad, atenci\u00f3n personalizada y los mejores precios para tu negocio.","publisher":{"@id":"https:\/\/aivlisoft.net\/shop\/#organization"},"potentialAction":[{"@type":"SearchAction","target":{"@type":"EntryPoint","urlTemplate":"https:\/\/aivlisoft.net\/shop\/?s={search_term_string}"},"query-input":{"@type":"PropertyValueSpecification","valueRequired":true,"valueName":"search_term_string"}}],"inLanguage":"es"},{"@type":"Organization","@id":"https:\/\/aivlisoft.net\/shop\/#organization","name":"Aivlisoft Inform\u00e1tica","url":"https:\/\/aivlisoft.net\/shop\/","logo":{"@type":"ImageObject","inLanguage":"es","@id":"https:\/\/aivlisoft.net\/shop\/#\/schema\/logo\/image\/","url":"https:\/\/aivlisoft.net\/shop\/wp-content\/uploads\/2024\/12\/removal.ai_5b848c54-0cdf-4140-95c5-c5536bb7573b-logodef.png","contentUrl":"https:\/\/aivlisoft.net\/shop\/wp-content\/uploads\/2024\/12\/removal.ai_5b848c54-0cdf-4140-95c5-c5536bb7573b-logodef.png","width":484,"height":182,"caption":"Aivlisoft Inform\u00e1tica"},"image":{"@id":"https:\/\/aivlisoft.net\/shop\/#\/schema\/logo\/image\/"}}]}},"_links":{"self":[{"href":"https:\/\/aivlisoft.net\/shop\/wp-json\/wp\/v2\/product\/11522","targetHints":{"allow":["GET"]}}],"collection":[{"href":"https:\/\/aivlisoft.net\/shop\/wp-json\/wp\/v2\/product"}],"about":[{"href":"https:\/\/aivlisoft.net\/shop\/wp-json\/wp\/v2\/types\/product"}],"wp:featuredmedia":[{"embeddable":true,"href":"https:\/\/aivlisoft.net\/shop\/wp-json\/wp\/v2\/media\/11523"}],"wp:attachment":[{"href":"https:\/\/aivlisoft.net\/shop\/wp-json\/wp\/v2\/media?parent=11522"}],"wp:term":[{"taxonomy":"product_brand","embeddable":true,"href":"https:\/\/aivlisoft.net\/shop\/wp-json\/wp\/v2\/product_brand?post=11522"},{"taxonomy":"product_cat","embeddable":true,"href":"https:\/\/aivlisoft.net\/shop\/wp-json\/wp\/v2\/product_cat?post=11522"},{"taxonomy":"product_tag","embeddable":true,"href":"https:\/\/aivlisoft.net\/shop\/wp-json\/wp\/v2\/product_tag?post=11522"}],"curies":[{"name":"wp","href":"https:\/\/api.w.org\/{rel}","templated":true}]}}