{"id":11492,"date":"2025-01-13T14:15:13","date_gmt":"2025-01-13T14:15:13","guid":{"rendered":"https:\/\/aivlisoft.com\/?post_type=product&#038;p=11492"},"modified":"2025-01-14T10:58:51","modified_gmt":"2025-01-14T10:58:51","slug":"ubiquiti-unifi-protect-uvc-g4-doorbell-wifi-ipx4","status":"publish","type":"product","link":"https:\/\/aivlisoft.net\/shop\/producto\/ubiquiti-unifi-protect-uvc-g4-doorbell-wifi-ipx4\/","title":{"rendered":"Ubiquiti Unifi Protect UVC-G4-DoorBell WiFi IPX4"},"content":{"rendered":"<p>&nbsp;<\/p>\n<table class=\"tabla_caracteristicas k-table\" width=\"100%\">\n<tr>\n<td valign=\"top\"><strong>Marca<\/strong><\/td>\n<td>Ubiquiti<\/td>\n<\/tr>\n<tr>\n<td valign=\"top\"><strong>Modelo<\/strong><\/td>\n<td><strong>UVC-G4-DoorBell<\/strong><\/td>\n<\/tr>\n<tr>\n<td valign=\"top\"><strong>Caracter&iacute;sticas<\/strong><\/td>\n<td><strong>Sistema<\/strong><br \/>\t\t\t&#8211; Especificaciones del procesador: chip basado en Arm&reg; Cortex&reg;-A53 de cuatro n&uacute;cleos<br \/>\t\t\t&#8211; Informaci&oacute;n de la memoria: 512 MB<br \/>\t\t\t&#8211; Interfaz de gesti&oacute;n: UniFi Protect<br \/>\t\t\t&#8211; Interfaz de red: Wi-Fi 802.11 ac<br \/>\t\t\t&#8211; Soporte de memoria flash: 256 MB<br \/>\t\t\t&#8211; M&aacute;x. consumo de energ&iacute;a: 12VA<br \/>\t\t\t&#8211; Requisitos de energ&iacute;a: 16-24VAC, 20VA<br \/>\t\t\t&#8211; LED de enlace \/ actividad: S&iacute;<br \/>\t\t\t&#8211; Bot&oacute;n: restablecimiento de f&aacute;brica<br \/>\t\t\t&#8211; Montaje: pared plana \/ cu&ntilde;a de 20 &deg; (kits incluidos)<br \/>\t\t\t&#8211; Temperatura de funcionamiento: -10 a 40 &deg; C (14 a 104 &deg; F)<br \/>\t\t\t&#8211; Humedad de funcionamiento: 0 a 90% sin condensaci&oacute;n<br \/>\t\t\t&#8211; Certificaciones: FCC, IC, CE<br \/>\t\t\t<strong>&Oacute;ptica<\/strong><br \/>\t\t\t&#8211; Sensor: sensor CMOS de 5 MP<br \/>\t\t\t&#8211; Lente: distancia focal fija<br \/>\t\t\t&#8211; &Aacute;ngulo de visi&oacute;n: H: 138 &deg;, V: 114 &deg;, D: 155 &deg;<br \/>\t\t\t&#8211; Modo nocturno: iluminaci&oacute;n LED IR incorporada y filtro de corte IR<br \/>\t\t\t<strong>Video<\/strong><br \/>\t\t\t&#8211; Compresi&oacute;n de video: H.264<br \/>\t\t\t&#8211; Resoluci&oacute;n: 1600 x 1200 (4: 3)<br \/>\t\t\t&#8211; Velocidad m&aacute;xima de fotogramas: 30 FPS<br \/>\t\t\t<strong>Audio<\/strong><br \/>\t\t\t&#8211; Micr&oacute;fono: S&iacute; (se puede desactivar en el software)<br \/>\t\t\t&#8211; Altavoz: si<br \/>\t\t\t<strong>Software<\/strong><br \/>\t\t\t&#8211; Software del controlador: UniFi Protect<br \/>\t\t\t&#8211; Aplicaciones m&oacute;viles: UniFi Protect iOS y Android<br \/>\t\t\t<strong>Mec&aacute;nico<\/strong><br \/>\t\t\t&#8211; Dimensiones: 118,3 x 46,8 x 25,8 mm<br \/>\t\t\t&#8211; Peso:<br \/>\t\t\t&nbsp; Sin montura: 130 g<br \/>\t\t\t&nbsp; Con soporte de pared plano: 178 g<br \/>\t\t\t&nbsp; Con soporte de cu&ntilde;a de 20 &deg;: 200 g<br \/>\t\t\t&#8211; Material de la carcasa: policarbonato<br \/>\t\t\t&#8211; Materiales de montaje: Montaje en pared plano: aleaci&oacute;n de aluminio<br \/>\t\t\t&nbsp; Montaje en cu&ntilde;a de 20 &deg;: policarbonato<br \/>\t\t\t&#8211; Impermeabilizaci&oacute;n: IPX4<\/td>\n<\/tr>\n<tr>\n<td><strong>Fecha de revisi&oacute;n<\/strong><\/td>\n<td>04-11-2021 por MSB<\/td>\n<\/tr>\n<\/table>\n","protected":false},"excerpt":{"rendered":"<p>&nbsp; Marca Ubiquiti Modelo UVC-G4-DoorBell Caracter&iacute;sticas Sistema &#8211; Especificaciones del procesador: chip basado en Arm&reg; Cortex&reg;-A53 de cuatro n&uacute;cleos &#8211; Informaci&oacute;n de la memoria: 512 MB &#8211; Interfaz de gesti&oacute;n: UniFi Protect &#8211; Interfaz de red: Wi-Fi 802.11 ac &#8211; Soporte de memoria flash: 256 MB &#8211; M&aacute;x. consumo de energ&iacute;a: 12VA &#8211; Requisitos de&hellip;&nbsp;<a href=\"https:\/\/aivlisoft.net\/shop\/producto\/ubiquiti-unifi-protect-uvc-g4-doorbell-wifi-ipx4\/\" rel=\"bookmark\"><span class=\"screen-reader-text\">Ubiquiti Unifi Protect UVC-G4-DoorBell WiFi IPX4<\/span><\/a><\/p>\n","protected":false},"featured_media":11493,"template":"","meta":{"neve_meta_sidebar":"","neve_meta_container":"","neve_meta_enable_content_width":"","neve_meta_content_width":0,"neve_meta_title_alignment":"","neve_meta_author_avatar":"","neve_post_elements_order":"","neve_meta_disable_header":"","neve_meta_disable_footer":"","neve_meta_disable_title":""},"product_brand":[],"product_cat":[8727],"product_tag":[4558],"class_list":{"0":"post-11492","1":"product","2":"type-product","3":"status-publish","4":"has-post-thumbnail","6":"product_cat-videoportero","7":"product_tag-uvc-g4-doorbell","9":"first","10":"instock","11":"taxable","12":"shipping-taxable","13":"purchasable","14":"product-type-simple"},"yoast_head":"<!-- This site is optimized with the Yoast SEO plugin v26.0 - https:\/\/yoast.com\/wordpress\/plugins\/seo\/ -->\n<title>Ubiquiti Unifi Protect UVC-G4-DoorBell WiFi IPX4 - Aivlisoft Inform\u00e1tica<\/title>\n<meta name=\"robots\" content=\"index, follow, max-snippet:-1, max-image-preview:large, max-video-preview:-1\" \/>\n<link rel=\"canonical\" href=\"https:\/\/aivlisoft.net\/shop\/producto\/ubiquiti-unifi-protect-uvc-g4-doorbell-wifi-ipx4\/\" \/>\n<meta property=\"og:locale\" content=\"es_ES\" \/>\n<meta property=\"og:type\" content=\"article\" \/>\n<meta property=\"og:title\" content=\"Ubiquiti Unifi Protect UVC-G4-DoorBell WiFi IPX4 - Aivlisoft Inform\u00e1tica\" \/>\n<meta property=\"og:description\" content=\"&nbsp; Marca Ubiquiti Modelo UVC-G4-DoorBell Caracter&iacute;sticas Sistema &#8211; Especificaciones del procesador: chip basado en Arm&reg; Cortex&reg;-A53 de cuatro n&uacute;cleos &#8211; Informaci&oacute;n de la memoria: 512 MB &#8211; Interfaz de gesti&oacute;n: UniFi Protect &#8211; Interfaz de red: Wi-Fi 802.11 ac &#8211; Soporte de memoria flash: 256 MB &#8211; M&aacute;x. consumo de energ&iacute;a: 12VA &#8211; Requisitos de&hellip;&nbsp;Ubiquiti Unifi Protect UVC-G4-DoorBell WiFi IPX4\" \/>\n<meta property=\"og:url\" content=\"https:\/\/aivlisoft.net\/shop\/producto\/ubiquiti-unifi-protect-uvc-g4-doorbell-wifi-ipx4\/\" \/>\n<meta property=\"og:site_name\" content=\"Aivlisoft Inform\u00e1tica\" \/>\n<meta property=\"article:modified_time\" content=\"2025-01-14T10:58:51+00:00\" \/>\n<meta property=\"og:image\" content=\"https:\/\/aivlisoft.net\/shop\/wp-content\/uploads\/2025\/01\/GVVVPO0005_800.jpg\" \/>\n\t<meta property=\"og:image:width\" content=\"800\" \/>\n\t<meta property=\"og:image:height\" content=\"800\" \/>\n\t<meta property=\"og:image:type\" content=\"image\/jpeg\" \/>\n<meta name=\"twitter:card\" content=\"summary_large_image\" \/>\n<meta name=\"twitter:label1\" content=\"Tiempo de lectura\" \/>\n\t<meta name=\"twitter:data1\" content=\"1 minuto\" \/>\n<script type=\"application\/ld+json\" class=\"yoast-schema-graph\">{\"@context\":\"https:\/\/schema.org\",\"@graph\":[{\"@type\":\"WebPage\",\"@id\":\"https:\/\/aivlisoft.net\/shop\/producto\/ubiquiti-unifi-protect-uvc-g4-doorbell-wifi-ipx4\/\",\"url\":\"https:\/\/aivlisoft.net\/shop\/producto\/ubiquiti-unifi-protect-uvc-g4-doorbell-wifi-ipx4\/\",\"name\":\"Ubiquiti Unifi Protect UVC-G4-DoorBell WiFi IPX4 - Aivlisoft Inform\u00e1tica\",\"isPartOf\":{\"@id\":\"https:\/\/aivlisoft.net\/shop\/#website\"},\"primaryImageOfPage\":{\"@id\":\"https:\/\/aivlisoft.net\/shop\/producto\/ubiquiti-unifi-protect-uvc-g4-doorbell-wifi-ipx4\/#primaryimage\"},\"image\":{\"@id\":\"https:\/\/aivlisoft.net\/shop\/producto\/ubiquiti-unifi-protect-uvc-g4-doorbell-wifi-ipx4\/#primaryimage\"},\"thumbnailUrl\":\"https:\/\/aivlisoft.net\/shop\/wp-content\/uploads\/2025\/01\/GVVVPO0005_800.jpg\",\"datePublished\":\"2025-01-13T14:15:13+00:00\",\"dateModified\":\"2025-01-14T10:58:51+00:00\",\"breadcrumb\":{\"@id\":\"https:\/\/aivlisoft.net\/shop\/producto\/ubiquiti-unifi-protect-uvc-g4-doorbell-wifi-ipx4\/#breadcrumb\"},\"inLanguage\":\"es\",\"potentialAction\":[{\"@type\":\"ReadAction\",\"target\":[\"https:\/\/aivlisoft.net\/shop\/producto\/ubiquiti-unifi-protect-uvc-g4-doorbell-wifi-ipx4\/\"]}]},{\"@type\":\"ImageObject\",\"inLanguage\":\"es\",\"@id\":\"https:\/\/aivlisoft.net\/shop\/producto\/ubiquiti-unifi-protect-uvc-g4-doorbell-wifi-ipx4\/#primaryimage\",\"url\":\"https:\/\/aivlisoft.net\/shop\/wp-content\/uploads\/2025\/01\/GVVVPO0005_800.jpg\",\"contentUrl\":\"https:\/\/aivlisoft.net\/shop\/wp-content\/uploads\/2025\/01\/GVVVPO0005_800.jpg\",\"width\":800,\"height\":800},{\"@type\":\"BreadcrumbList\",\"@id\":\"https:\/\/aivlisoft.net\/shop\/producto\/ubiquiti-unifi-protect-uvc-g4-doorbell-wifi-ipx4\/#breadcrumb\",\"itemListElement\":[{\"@type\":\"ListItem\",\"position\":1,\"name\":\"Portada\",\"item\":\"https:\/\/aivlisoft.net\/shop\/\"},{\"@type\":\"ListItem\",\"position\":2,\"name\":\"Tienda\",\"item\":\"https:\/\/aivlisoft.net\/shop\/tienda\/\"},{\"@type\":\"ListItem\",\"position\":3,\"name\":\"Ubiquiti Unifi Protect UVC-G4-DoorBell WiFi IPX4\"}]},{\"@type\":\"WebSite\",\"@id\":\"https:\/\/aivlisoft.net\/shop\/#website\",\"url\":\"https:\/\/aivlisoft.net\/shop\/\",\"name\":\"Aivlisoft Inform\u00e1tica\",\"description\":\"En Aivlisoft Inform\u00e1tica ofrecemos soluciones tecnol\u00f3gicas para empresas: venta de ordenadores, consumibles, perif\u00e9ricos y m\u00e1s. Calidad, atenci\u00f3n personalizada y los mejores precios para tu negocio.\",\"publisher\":{\"@id\":\"https:\/\/aivlisoft.net\/shop\/#organization\"},\"potentialAction\":[{\"@type\":\"SearchAction\",\"target\":{\"@type\":\"EntryPoint\",\"urlTemplate\":\"https:\/\/aivlisoft.net\/shop\/?s={search_term_string}\"},\"query-input\":{\"@type\":\"PropertyValueSpecification\",\"valueRequired\":true,\"valueName\":\"search_term_string\"}}],\"inLanguage\":\"es\"},{\"@type\":\"Organization\",\"@id\":\"https:\/\/aivlisoft.net\/shop\/#organization\",\"name\":\"Aivlisoft Inform\u00e1tica\",\"url\":\"https:\/\/aivlisoft.net\/shop\/\",\"logo\":{\"@type\":\"ImageObject\",\"inLanguage\":\"es\",\"@id\":\"https:\/\/aivlisoft.net\/shop\/#\/schema\/logo\/image\/\",\"url\":\"https:\/\/aivlisoft.net\/shop\/wp-content\/uploads\/2024\/12\/removal.ai_5b848c54-0cdf-4140-95c5-c5536bb7573b-logodef.png\",\"contentUrl\":\"https:\/\/aivlisoft.net\/shop\/wp-content\/uploads\/2024\/12\/removal.ai_5b848c54-0cdf-4140-95c5-c5536bb7573b-logodef.png\",\"width\":484,\"height\":182,\"caption\":\"Aivlisoft Inform\u00e1tica\"},\"image\":{\"@id\":\"https:\/\/aivlisoft.net\/shop\/#\/schema\/logo\/image\/\"}}]}<\/script>\n<!-- \/ Yoast SEO plugin. -->","yoast_head_json":{"title":"Ubiquiti Unifi Protect UVC-G4-DoorBell WiFi IPX4 - Aivlisoft Inform\u00e1tica","robots":{"index":"index","follow":"follow","max-snippet":"max-snippet:-1","max-image-preview":"max-image-preview:large","max-video-preview":"max-video-preview:-1"},"canonical":"https:\/\/aivlisoft.net\/shop\/producto\/ubiquiti-unifi-protect-uvc-g4-doorbell-wifi-ipx4\/","og_locale":"es_ES","og_type":"article","og_title":"Ubiquiti Unifi Protect UVC-G4-DoorBell WiFi IPX4 - Aivlisoft Inform\u00e1tica","og_description":"&nbsp; Marca Ubiquiti Modelo UVC-G4-DoorBell Caracter&iacute;sticas Sistema &#8211; Especificaciones del procesador: chip basado en Arm&reg; Cortex&reg;-A53 de cuatro n&uacute;cleos &#8211; Informaci&oacute;n de la memoria: 512 MB &#8211; Interfaz de gesti&oacute;n: UniFi Protect &#8211; Interfaz de red: Wi-Fi 802.11 ac &#8211; Soporte de memoria flash: 256 MB &#8211; M&aacute;x. consumo de energ&iacute;a: 12VA &#8211; Requisitos de&hellip;&nbsp;Ubiquiti Unifi Protect UVC-G4-DoorBell WiFi IPX4","og_url":"https:\/\/aivlisoft.net\/shop\/producto\/ubiquiti-unifi-protect-uvc-g4-doorbell-wifi-ipx4\/","og_site_name":"Aivlisoft Inform\u00e1tica","article_modified_time":"2025-01-14T10:58:51+00:00","og_image":[{"width":800,"height":800,"url":"https:\/\/aivlisoft.net\/shop\/wp-content\/uploads\/2025\/01\/GVVVPO0005_800.jpg","type":"image\/jpeg"}],"twitter_card":"summary_large_image","twitter_misc":{"Tiempo de lectura":"1 minuto"},"schema":{"@context":"https:\/\/schema.org","@graph":[{"@type":"WebPage","@id":"https:\/\/aivlisoft.net\/shop\/producto\/ubiquiti-unifi-protect-uvc-g4-doorbell-wifi-ipx4\/","url":"https:\/\/aivlisoft.net\/shop\/producto\/ubiquiti-unifi-protect-uvc-g4-doorbell-wifi-ipx4\/","name":"Ubiquiti Unifi Protect UVC-G4-DoorBell WiFi IPX4 - Aivlisoft Inform\u00e1tica","isPartOf":{"@id":"https:\/\/aivlisoft.net\/shop\/#website"},"primaryImageOfPage":{"@id":"https:\/\/aivlisoft.net\/shop\/producto\/ubiquiti-unifi-protect-uvc-g4-doorbell-wifi-ipx4\/#primaryimage"},"image":{"@id":"https:\/\/aivlisoft.net\/shop\/producto\/ubiquiti-unifi-protect-uvc-g4-doorbell-wifi-ipx4\/#primaryimage"},"thumbnailUrl":"https:\/\/aivlisoft.net\/shop\/wp-content\/uploads\/2025\/01\/GVVVPO0005_800.jpg","datePublished":"2025-01-13T14:15:13+00:00","dateModified":"2025-01-14T10:58:51+00:00","breadcrumb":{"@id":"https:\/\/aivlisoft.net\/shop\/producto\/ubiquiti-unifi-protect-uvc-g4-doorbell-wifi-ipx4\/#breadcrumb"},"inLanguage":"es","potentialAction":[{"@type":"ReadAction","target":["https:\/\/aivlisoft.net\/shop\/producto\/ubiquiti-unifi-protect-uvc-g4-doorbell-wifi-ipx4\/"]}]},{"@type":"ImageObject","inLanguage":"es","@id":"https:\/\/aivlisoft.net\/shop\/producto\/ubiquiti-unifi-protect-uvc-g4-doorbell-wifi-ipx4\/#primaryimage","url":"https:\/\/aivlisoft.net\/shop\/wp-content\/uploads\/2025\/01\/GVVVPO0005_800.jpg","contentUrl":"https:\/\/aivlisoft.net\/shop\/wp-content\/uploads\/2025\/01\/GVVVPO0005_800.jpg","width":800,"height":800},{"@type":"BreadcrumbList","@id":"https:\/\/aivlisoft.net\/shop\/producto\/ubiquiti-unifi-protect-uvc-g4-doorbell-wifi-ipx4\/#breadcrumb","itemListElement":[{"@type":"ListItem","position":1,"name":"Portada","item":"https:\/\/aivlisoft.net\/shop\/"},{"@type":"ListItem","position":2,"name":"Tienda","item":"https:\/\/aivlisoft.net\/shop\/tienda\/"},{"@type":"ListItem","position":3,"name":"Ubiquiti Unifi Protect UVC-G4-DoorBell WiFi IPX4"}]},{"@type":"WebSite","@id":"https:\/\/aivlisoft.net\/shop\/#website","url":"https:\/\/aivlisoft.net\/shop\/","name":"Aivlisoft Inform\u00e1tica","description":"En Aivlisoft Inform\u00e1tica ofrecemos soluciones tecnol\u00f3gicas para empresas: venta de ordenadores, consumibles, perif\u00e9ricos y m\u00e1s. Calidad, atenci\u00f3n personalizada y los mejores precios para tu negocio.","publisher":{"@id":"https:\/\/aivlisoft.net\/shop\/#organization"},"potentialAction":[{"@type":"SearchAction","target":{"@type":"EntryPoint","urlTemplate":"https:\/\/aivlisoft.net\/shop\/?s={search_term_string}"},"query-input":{"@type":"PropertyValueSpecification","valueRequired":true,"valueName":"search_term_string"}}],"inLanguage":"es"},{"@type":"Organization","@id":"https:\/\/aivlisoft.net\/shop\/#organization","name":"Aivlisoft Inform\u00e1tica","url":"https:\/\/aivlisoft.net\/shop\/","logo":{"@type":"ImageObject","inLanguage":"es","@id":"https:\/\/aivlisoft.net\/shop\/#\/schema\/logo\/image\/","url":"https:\/\/aivlisoft.net\/shop\/wp-content\/uploads\/2024\/12\/removal.ai_5b848c54-0cdf-4140-95c5-c5536bb7573b-logodef.png","contentUrl":"https:\/\/aivlisoft.net\/shop\/wp-content\/uploads\/2024\/12\/removal.ai_5b848c54-0cdf-4140-95c5-c5536bb7573b-logodef.png","width":484,"height":182,"caption":"Aivlisoft Inform\u00e1tica"},"image":{"@id":"https:\/\/aivlisoft.net\/shop\/#\/schema\/logo\/image\/"}}]}},"_links":{"self":[{"href":"https:\/\/aivlisoft.net\/shop\/wp-json\/wp\/v2\/product\/11492","targetHints":{"allow":["GET"]}}],"collection":[{"href":"https:\/\/aivlisoft.net\/shop\/wp-json\/wp\/v2\/product"}],"about":[{"href":"https:\/\/aivlisoft.net\/shop\/wp-json\/wp\/v2\/types\/product"}],"wp:featuredmedia":[{"embeddable":true,"href":"https:\/\/aivlisoft.net\/shop\/wp-json\/wp\/v2\/media\/11493"}],"wp:attachment":[{"href":"https:\/\/aivlisoft.net\/shop\/wp-json\/wp\/v2\/media?parent=11492"}],"wp:term":[{"taxonomy":"product_brand","embeddable":true,"href":"https:\/\/aivlisoft.net\/shop\/wp-json\/wp\/v2\/product_brand?post=11492"},{"taxonomy":"product_cat","embeddable":true,"href":"https:\/\/aivlisoft.net\/shop\/wp-json\/wp\/v2\/product_cat?post=11492"},{"taxonomy":"product_tag","embeddable":true,"href":"https:\/\/aivlisoft.net\/shop\/wp-json\/wp\/v2\/product_tag?post=11492"}],"curies":[{"name":"wp","href":"https:\/\/api.w.org\/{rel}","templated":true}]}}