{"id":11473,"date":"2025-01-13T14:15:05","date_gmt":"2025-01-13T14:15:05","guid":{"rendered":"https:\/\/aivlisoft.com\/?post_type=product&#038;p=11473"},"modified":"2025-01-14T10:58:47","modified_gmt":"2025-01-14T10:58:47","slug":"vigi-kit-camaras-bullet-nk8p-ipc08-channel-poe","status":"publish","type":"product","link":"https:\/\/aivlisoft.net\/shop\/producto\/vigi-kit-camaras-bullet-nk8p-ipc08-channel-poe\/","title":{"rendered":"VIGI KIT Camaras Bullet NK8P IPC+08 Channel PoE"},"content":{"rendered":"<p><strong>Conexi&oacute;n PoE para una instalaci&oacute;n m&aacute;s sencilla:<\/strong> Este kit cuenta con tecnolog&iacute;a PoE y utiliza un solo cable Ethernet para transmitir datos y alimentaci&oacute;n a cada c&aacute;mara, ofreciendo mayor econom&iacute;a y comodidad.<\/p>\n<p><strong>Inicializaci&oacute;n autom&aacute;tica para una configuraci&oacute;n r&aacute;pida:<\/strong> Simplemente haz clic en &quot;Inicializaci&oacute;n autom&aacute;tica&quot; para configurar los par&aacute;metros b&aacute;sicos de IPC y disco duro, incluyendo la inicializaci&oacute;n y los planes de grabaci&oacute;n, lo que reduce significativamente el tiempo de configuraci&oacute;n.<\/p>\n<p><strong>Ideal para escenarios al aire libre de peque&ntilde;a escala:<\/strong> La protecci&oacute;n contra condiciones clim&aacute;ticas IP67 garantiza un rendimiento fiable en exteriores, y el NVR incluido admite la tecnolog&iacute;a PoE, lo que simplifica la implementaci&oacute;n de c&aacute;maras IP. Este kit es ideal para todas las aplicaciones al aire libre de peque&ntilde;a escala.<\/p>\n<p><strong>ONVIF garantiza la compatibilidad:<\/strong> A&ntilde;ade f&aacute;cilmente IPC de VIGI y otras marcas para establecer una red poderosa y variada gracias a la compatibilidad sin barreras.<\/p>\n<table class=\"tabla_caracteristicas\" width=\"100%\">\n<tr>\n<td valign=\"top\"><strong>Marca<\/strong><\/td>\n<td>VIGI<\/td>\n<\/tr>\n<tr>\n<td valign=\"top\"><strong>Modelo<\/strong><\/td>\n<td><strong>VIGI NK8P-B434I <\/strong><\/td>\n<\/tr>\n<tr>\n<td valign=\"top\"><strong>C&aacute;mara<\/strong><\/td>\n<td>&#8211; Sensor de Imagen: CMOS de escaneo progresivo de 1\/2,8<br \/>\t\t\t&#8211; Velocidad de obturaci&oacute;n: 1\/3 a 1\/10000 s<br \/>\t\t\t&#8211; Obturador lento<br \/>\t\t\t&#8211; Abertura: F2.0<br \/>\t\t\t&#8211; Montura del lente: M12 P 0.5<br \/>\t\t\t&#8211; FOV:<br \/>\t\t\t&nbsp; Campo de visi&oacute;n horizontal: 82,5&deg;<br \/>\t\t\t&nbsp; Campo de visi&oacute;n vertical: 44,9&deg;<br \/>\t\t\t&nbsp; Campo de visi&oacute;n diagonal: 99,3<br \/>\t\t\t&#8211; Iluminaci&oacute;n M&iacute;nima: Color: 0,01 Lux; 0 Lux con luz IR<br \/>\t\t\t&#8211; Mecanismo D&iacute;a\/Noche: Filtro de corte de IR<br \/>\t\t\t&#8211; Interruptor d&iacute;a\/noche: D&iacute;a\/Noche\/Autom&aacute;tico\/Horario-Switch<br \/>\t\t\t&#8211; IR LED:<br \/>\t\t\t&nbsp; Cantidad: 2<br \/>\t\t\t&nbsp; Alcance: 30m<br \/>\t\t\t&nbsp; Longitud de onda: 850nm<br \/>\t\t\t&#8211; Control de encendido\/apagado del iluminador: Autom&aacute;tico\/Programado\/Siempre encendido\/Siempre apagado<br \/>\t\t\t&#8211; Max. Resolution: 2304 &times; 1296<br \/>\t\t\t&#8211; Main Stream:<br \/>\t\t\t&nbsp; Frecuencia de imagen: 50Hz: 1fps, 5fps, 10fps, 15fps, 20fps, 25fps<br \/>\t\t\t&nbsp;&nbsp;&nbsp;&nbsp;&nbsp;&nbsp;&nbsp;&nbsp;&nbsp;&nbsp;&nbsp;&nbsp;&nbsp;&nbsp;&nbsp;&nbsp;&nbsp;&nbsp;&nbsp;&nbsp;&nbsp;&nbsp;&nbsp; 60 Hz: 1fps, 5fps, 10fps, 15fps, 20fps, 25fps, 30fps<br \/>\t\t\t&nbsp; Resoluci&oacute;n: 2304&#215;1296, 2048&#215;1280, 1920&#215;1080, 1280&#215;720<br \/>\t\t\t&#8211; Sub-Stream:<br \/>\t\t\t&nbsp; Frecuencia de imagen: 50Hz: 1fps, 5fps, 10fps, 15fps, 20fps, 25fps<br \/>\t\t\t&nbsp;&nbsp;&nbsp;&nbsp;&nbsp;&nbsp;&nbsp;&nbsp;&nbsp;&nbsp;&nbsp;&nbsp;&nbsp;&nbsp;&nbsp;&nbsp;&nbsp;&nbsp;&nbsp;&nbsp;&nbsp;&nbsp;&nbsp; 60 Hz: 1fps, 5fps, 10fps, 15fps, 20fps, 25fps, 30fps<br \/>\t\t\t&nbsp; Resoluci&oacute;n: 704&#215;576, 640&#215;480, 352&#215;288, 320&#215;240<br \/>\t\t\t&#8211; Video Compression:<br \/>\t\t\t&nbsp; Main Stream: H.265+\/H.265\/H.264+\/H.264<br \/>\t\t\t&nbsp; Sub-Stream: H.265\/H.264<br \/>\t\t\t&#8211; Temperatura de funcionamiento: -30&ndash;60 &deg;C<br \/>\t\t\t&#8211; Humedad de funcionamiento: 95% o menos (sin condensaci&oacute;n)<br \/>\t\t\t&#8211; Fuente de alimentaci&oacute;n:<br \/>\t\t\t&nbsp; 12 V CC &plusmn; 5%, clavija de alimentaci&oacute;n coaxial de 5,5 mm<br \/>\t\t\t&nbsp; PoE (802.3af\/at, clase 0)<br \/>\t\t\t&#8211; Calificaci&oacute;n resistente a la intemperie: IP67<\/td>\n<\/tr>\n<tr>\n<td valign=\"top\"><strong>NVR<\/strong><\/td>\n<td>&#8211; Entrada de v&iacute;deo IP: 8 canales<br \/>\t\t\t&#8211; Ancho de banda entrante: 80 Mbps<br \/>\t\t\t&#8211; Ancho de banda saliente: 60 Mbps<br \/>\t\t\t&#8211; Resoluci&oacute;n de salida HDMI: 1 Canal, Resoluci&oacute;n: 3840&#215;2160\/30Hz,1920&#215;1080\/60Hz,1680&#215;1050\/60Hz, 1440&#215;900\/60Hz, 1280&#215;1024\/60Hz,1024&#215;768\/60Hz, 1280&#215;720\/60Hz<br \/>\t\t\t&#8211; Resoluci&oacute;n de salida VGA: 1 Canal, Resoluci&oacute;n: 1920&#215;1080\/60Hz,1680&#215;1050\/60Hz,1440&#215;900\/60Hz, 1280&#215;1024\/60Hz, 1280&#215;720\/60Hz, 1024&#215;768\/60Hz<br \/>\t\t\t&#8211; Compresi&oacute;n de v&iacute;deo: H.265+\/H.265\/ H.264+\/H.264<br \/>\t\t\t&#8211; Resoluci&oacute;n de registro: 8MP\/5MP\/4MP\/3MP\/1080p\/UXGA\/720p\/VGA\/4CIF\/DCIF\/ 2CIF\/CIF\/QCIF<br \/>\t\t\t&#8211; Reproducci&oacute;n s&iacute;ncrona: 8 canales<br \/>\t\t\t&#8211; Capacidad de decodificaci&oacute;n: 2 canales a 8 MP, 4 canales a 4 MP, 8 canales a 2 MP<br \/>\t\t\t&#8211; Disco Duro: 1 interfaz SATA; hasta 10 TB de capacidad por cada disco duro<br \/>\t\t\t&#8211; PoE Budget: 53 W de potencia nominal total; 30 W como m&aacute;ximo para un solo puerto.<br \/>\t\t\t&#8211; Fuente de alimentaci&oacute;n: 53.5V DC\/1.31 A<br \/>\t\t\t&#8211; Temperatura de trabajo: -10-55 &deg;C<br \/>\t\t\t&#8211; Humedad de trabajo: 10%~90% HR sin condensaci&oacute;n<\/td>\n<\/tr>\n<tr>\n<td valign=\"top\"><strong>Fecha de revisi&oacute;n<\/strong><\/td>\n<td>08-10-2024 por A<\/td>\n<\/tr>\n<\/table>\n","protected":false},"excerpt":{"rendered":"<p>Conexi&oacute;n PoE para una instalaci&oacute;n m&aacute;s sencilla: Este kit cuenta con tecnolog&iacute;a PoE y utiliza un solo cable Ethernet para transmitir datos y alimentaci&oacute;n a cada c&aacute;mara, ofreciendo mayor econom&iacute;a y comodidad. Inicializaci&oacute;n autom&aacute;tica para una configuraci&oacute;n r&aacute;pida: Simplemente haz clic en &quot;Inicializaci&oacute;n autom&aacute;tica&quot; para configurar los par&aacute;metros b&aacute;sicos de IPC y disco duro, incluyendo&hellip;&nbsp;<a href=\"https:\/\/aivlisoft.net\/shop\/producto\/vigi-kit-camaras-bullet-nk8p-ipc08-channel-poe\/\" rel=\"bookmark\"><span class=\"screen-reader-text\">VIGI KIT Camaras Bullet NK8P IPC+08 Channel PoE<\/span><\/a><\/p>\n","protected":false},"featured_media":11474,"template":"","meta":{"neve_meta_sidebar":"","neve_meta_container":"","neve_meta_enable_content_width":"","neve_meta_content_width":0,"neve_meta_title_alignment":"","neve_meta_author_avatar":"","neve_post_elements_order":"","neve_meta_disable_header":"","neve_meta_disable_footer":"","neve_meta_disable_title":""},"product_brand":[],"product_cat":[8726],"product_tag":[4553],"class_list":{"0":"post-11473","1":"product","2":"type-product","3":"status-publish","4":"has-post-thumbnail","6":"product_cat-grabadores-digitales","7":"product_tag-vigi-nk8p-b434i","9":"first","10":"instock","11":"taxable","12":"shipping-taxable","13":"purchasable","14":"product-type-simple"},"yoast_head":"<!-- This site is optimized with the Yoast SEO plugin v26.0 - https:\/\/yoast.com\/wordpress\/plugins\/seo\/ -->\n<title>VIGI KIT Camaras Bullet NK8P IPC+08 Channel PoE - Aivlisoft Inform\u00e1tica<\/title>\n<meta name=\"robots\" content=\"index, follow, max-snippet:-1, max-image-preview:large, max-video-preview:-1\" \/>\n<link rel=\"canonical\" href=\"https:\/\/aivlisoft.net\/shop\/producto\/vigi-kit-camaras-bullet-nk8p-ipc08-channel-poe\/\" \/>\n<meta property=\"og:locale\" content=\"es_ES\" \/>\n<meta property=\"og:type\" content=\"article\" \/>\n<meta property=\"og:title\" content=\"VIGI KIT Camaras Bullet NK8P IPC+08 Channel PoE - Aivlisoft Inform\u00e1tica\" \/>\n<meta property=\"og:description\" content=\"Conexi&oacute;n PoE para una instalaci&oacute;n m&aacute;s sencilla: Este kit cuenta con tecnolog&iacute;a PoE y utiliza un solo cable Ethernet para transmitir datos y alimentaci&oacute;n a cada c&aacute;mara, ofreciendo mayor econom&iacute;a y comodidad. Inicializaci&oacute;n autom&aacute;tica para una configuraci&oacute;n r&aacute;pida: Simplemente haz clic en &quot;Inicializaci&oacute;n autom&aacute;tica&quot; para configurar los par&aacute;metros b&aacute;sicos de IPC y disco duro, incluyendo&hellip;&nbsp;VIGI KIT Camaras Bullet NK8P IPC+08 Channel PoE\" \/>\n<meta property=\"og:url\" content=\"https:\/\/aivlisoft.net\/shop\/producto\/vigi-kit-camaras-bullet-nk8p-ipc08-channel-poe\/\" \/>\n<meta property=\"og:site_name\" content=\"Aivlisoft Inform\u00e1tica\" \/>\n<meta property=\"article:modified_time\" content=\"2025-01-14T10:58:47+00:00\" \/>\n<meta property=\"og:image\" content=\"https:\/\/aivlisoft.net\/shop\/wp-content\/uploads\/2025\/01\/GVVGVD0101_800.jpg\" \/>\n\t<meta property=\"og:image:width\" content=\"800\" \/>\n\t<meta property=\"og:image:height\" content=\"800\" \/>\n\t<meta property=\"og:image:type\" content=\"image\/jpeg\" \/>\n<meta name=\"twitter:card\" content=\"summary_large_image\" \/>\n<meta name=\"twitter:label1\" content=\"Tiempo de lectura\" \/>\n\t<meta name=\"twitter:data1\" content=\"3 minutos\" \/>\n<script type=\"application\/ld+json\" class=\"yoast-schema-graph\">{\"@context\":\"https:\/\/schema.org\",\"@graph\":[{\"@type\":\"WebPage\",\"@id\":\"https:\/\/aivlisoft.net\/shop\/producto\/vigi-kit-camaras-bullet-nk8p-ipc08-channel-poe\/\",\"url\":\"https:\/\/aivlisoft.net\/shop\/producto\/vigi-kit-camaras-bullet-nk8p-ipc08-channel-poe\/\",\"name\":\"VIGI KIT Camaras Bullet NK8P IPC+08 Channel PoE - Aivlisoft Inform\u00e1tica\",\"isPartOf\":{\"@id\":\"https:\/\/aivlisoft.net\/shop\/#website\"},\"primaryImageOfPage\":{\"@id\":\"https:\/\/aivlisoft.net\/shop\/producto\/vigi-kit-camaras-bullet-nk8p-ipc08-channel-poe\/#primaryimage\"},\"image\":{\"@id\":\"https:\/\/aivlisoft.net\/shop\/producto\/vigi-kit-camaras-bullet-nk8p-ipc08-channel-poe\/#primaryimage\"},\"thumbnailUrl\":\"https:\/\/aivlisoft.net\/shop\/wp-content\/uploads\/2025\/01\/GVVGVD0101_800.jpg\",\"datePublished\":\"2025-01-13T14:15:05+00:00\",\"dateModified\":\"2025-01-14T10:58:47+00:00\",\"breadcrumb\":{\"@id\":\"https:\/\/aivlisoft.net\/shop\/producto\/vigi-kit-camaras-bullet-nk8p-ipc08-channel-poe\/#breadcrumb\"},\"inLanguage\":\"es\",\"potentialAction\":[{\"@type\":\"ReadAction\",\"target\":[\"https:\/\/aivlisoft.net\/shop\/producto\/vigi-kit-camaras-bullet-nk8p-ipc08-channel-poe\/\"]}]},{\"@type\":\"ImageObject\",\"inLanguage\":\"es\",\"@id\":\"https:\/\/aivlisoft.net\/shop\/producto\/vigi-kit-camaras-bullet-nk8p-ipc08-channel-poe\/#primaryimage\",\"url\":\"https:\/\/aivlisoft.net\/shop\/wp-content\/uploads\/2025\/01\/GVVGVD0101_800.jpg\",\"contentUrl\":\"https:\/\/aivlisoft.net\/shop\/wp-content\/uploads\/2025\/01\/GVVGVD0101_800.jpg\",\"width\":800,\"height\":800},{\"@type\":\"BreadcrumbList\",\"@id\":\"https:\/\/aivlisoft.net\/shop\/producto\/vigi-kit-camaras-bullet-nk8p-ipc08-channel-poe\/#breadcrumb\",\"itemListElement\":[{\"@type\":\"ListItem\",\"position\":1,\"name\":\"Portada\",\"item\":\"https:\/\/aivlisoft.net\/shop\/\"},{\"@type\":\"ListItem\",\"position\":2,\"name\":\"Tienda\",\"item\":\"https:\/\/aivlisoft.net\/shop\/tienda\/\"},{\"@type\":\"ListItem\",\"position\":3,\"name\":\"VIGI KIT Camaras Bullet NK8P IPC+08 Channel PoE\"}]},{\"@type\":\"WebSite\",\"@id\":\"https:\/\/aivlisoft.net\/shop\/#website\",\"url\":\"https:\/\/aivlisoft.net\/shop\/\",\"name\":\"Aivlisoft Inform\u00e1tica\",\"description\":\"En Aivlisoft Inform\u00e1tica ofrecemos soluciones tecnol\u00f3gicas para empresas: venta de ordenadores, consumibles, perif\u00e9ricos y m\u00e1s. Calidad, atenci\u00f3n personalizada y los mejores precios para tu negocio.\",\"publisher\":{\"@id\":\"https:\/\/aivlisoft.net\/shop\/#organization\"},\"potentialAction\":[{\"@type\":\"SearchAction\",\"target\":{\"@type\":\"EntryPoint\",\"urlTemplate\":\"https:\/\/aivlisoft.net\/shop\/?s={search_term_string}\"},\"query-input\":{\"@type\":\"PropertyValueSpecification\",\"valueRequired\":true,\"valueName\":\"search_term_string\"}}],\"inLanguage\":\"es\"},{\"@type\":\"Organization\",\"@id\":\"https:\/\/aivlisoft.net\/shop\/#organization\",\"name\":\"Aivlisoft Inform\u00e1tica\",\"url\":\"https:\/\/aivlisoft.net\/shop\/\",\"logo\":{\"@type\":\"ImageObject\",\"inLanguage\":\"es\",\"@id\":\"https:\/\/aivlisoft.net\/shop\/#\/schema\/logo\/image\/\",\"url\":\"https:\/\/aivlisoft.net\/shop\/wp-content\/uploads\/2024\/12\/removal.ai_5b848c54-0cdf-4140-95c5-c5536bb7573b-logodef.png\",\"contentUrl\":\"https:\/\/aivlisoft.net\/shop\/wp-content\/uploads\/2024\/12\/removal.ai_5b848c54-0cdf-4140-95c5-c5536bb7573b-logodef.png\",\"width\":484,\"height\":182,\"caption\":\"Aivlisoft Inform\u00e1tica\"},\"image\":{\"@id\":\"https:\/\/aivlisoft.net\/shop\/#\/schema\/logo\/image\/\"}}]}<\/script>\n<!-- \/ Yoast SEO plugin. -->","yoast_head_json":{"title":"VIGI KIT Camaras Bullet NK8P IPC+08 Channel PoE - Aivlisoft Inform\u00e1tica","robots":{"index":"index","follow":"follow","max-snippet":"max-snippet:-1","max-image-preview":"max-image-preview:large","max-video-preview":"max-video-preview:-1"},"canonical":"https:\/\/aivlisoft.net\/shop\/producto\/vigi-kit-camaras-bullet-nk8p-ipc08-channel-poe\/","og_locale":"es_ES","og_type":"article","og_title":"VIGI KIT Camaras Bullet NK8P IPC+08 Channel PoE - Aivlisoft Inform\u00e1tica","og_description":"Conexi&oacute;n PoE para una instalaci&oacute;n m&aacute;s sencilla: Este kit cuenta con tecnolog&iacute;a PoE y utiliza un solo cable Ethernet para transmitir datos y alimentaci&oacute;n a cada c&aacute;mara, ofreciendo mayor econom&iacute;a y comodidad. Inicializaci&oacute;n autom&aacute;tica para una configuraci&oacute;n r&aacute;pida: Simplemente haz clic en &quot;Inicializaci&oacute;n autom&aacute;tica&quot; para configurar los par&aacute;metros b&aacute;sicos de IPC y disco duro, incluyendo&hellip;&nbsp;VIGI KIT Camaras Bullet NK8P IPC+08 Channel PoE","og_url":"https:\/\/aivlisoft.net\/shop\/producto\/vigi-kit-camaras-bullet-nk8p-ipc08-channel-poe\/","og_site_name":"Aivlisoft Inform\u00e1tica","article_modified_time":"2025-01-14T10:58:47+00:00","og_image":[{"width":800,"height":800,"url":"https:\/\/aivlisoft.net\/shop\/wp-content\/uploads\/2025\/01\/GVVGVD0101_800.jpg","type":"image\/jpeg"}],"twitter_card":"summary_large_image","twitter_misc":{"Tiempo de lectura":"3 minutos"},"schema":{"@context":"https:\/\/schema.org","@graph":[{"@type":"WebPage","@id":"https:\/\/aivlisoft.net\/shop\/producto\/vigi-kit-camaras-bullet-nk8p-ipc08-channel-poe\/","url":"https:\/\/aivlisoft.net\/shop\/producto\/vigi-kit-camaras-bullet-nk8p-ipc08-channel-poe\/","name":"VIGI KIT Camaras Bullet NK8P IPC+08 Channel PoE - Aivlisoft Inform\u00e1tica","isPartOf":{"@id":"https:\/\/aivlisoft.net\/shop\/#website"},"primaryImageOfPage":{"@id":"https:\/\/aivlisoft.net\/shop\/producto\/vigi-kit-camaras-bullet-nk8p-ipc08-channel-poe\/#primaryimage"},"image":{"@id":"https:\/\/aivlisoft.net\/shop\/producto\/vigi-kit-camaras-bullet-nk8p-ipc08-channel-poe\/#primaryimage"},"thumbnailUrl":"https:\/\/aivlisoft.net\/shop\/wp-content\/uploads\/2025\/01\/GVVGVD0101_800.jpg","datePublished":"2025-01-13T14:15:05+00:00","dateModified":"2025-01-14T10:58:47+00:00","breadcrumb":{"@id":"https:\/\/aivlisoft.net\/shop\/producto\/vigi-kit-camaras-bullet-nk8p-ipc08-channel-poe\/#breadcrumb"},"inLanguage":"es","potentialAction":[{"@type":"ReadAction","target":["https:\/\/aivlisoft.net\/shop\/producto\/vigi-kit-camaras-bullet-nk8p-ipc08-channel-poe\/"]}]},{"@type":"ImageObject","inLanguage":"es","@id":"https:\/\/aivlisoft.net\/shop\/producto\/vigi-kit-camaras-bullet-nk8p-ipc08-channel-poe\/#primaryimage","url":"https:\/\/aivlisoft.net\/shop\/wp-content\/uploads\/2025\/01\/GVVGVD0101_800.jpg","contentUrl":"https:\/\/aivlisoft.net\/shop\/wp-content\/uploads\/2025\/01\/GVVGVD0101_800.jpg","width":800,"height":800},{"@type":"BreadcrumbList","@id":"https:\/\/aivlisoft.net\/shop\/producto\/vigi-kit-camaras-bullet-nk8p-ipc08-channel-poe\/#breadcrumb","itemListElement":[{"@type":"ListItem","position":1,"name":"Portada","item":"https:\/\/aivlisoft.net\/shop\/"},{"@type":"ListItem","position":2,"name":"Tienda","item":"https:\/\/aivlisoft.net\/shop\/tienda\/"},{"@type":"ListItem","position":3,"name":"VIGI KIT Camaras Bullet NK8P IPC+08 Channel PoE"}]},{"@type":"WebSite","@id":"https:\/\/aivlisoft.net\/shop\/#website","url":"https:\/\/aivlisoft.net\/shop\/","name":"Aivlisoft Inform\u00e1tica","description":"En Aivlisoft Inform\u00e1tica ofrecemos soluciones tecnol\u00f3gicas para empresas: venta de ordenadores, consumibles, perif\u00e9ricos y m\u00e1s. Calidad, atenci\u00f3n personalizada y los mejores precios para tu negocio.","publisher":{"@id":"https:\/\/aivlisoft.net\/shop\/#organization"},"potentialAction":[{"@type":"SearchAction","target":{"@type":"EntryPoint","urlTemplate":"https:\/\/aivlisoft.net\/shop\/?s={search_term_string}"},"query-input":{"@type":"PropertyValueSpecification","valueRequired":true,"valueName":"search_term_string"}}],"inLanguage":"es"},{"@type":"Organization","@id":"https:\/\/aivlisoft.net\/shop\/#organization","name":"Aivlisoft Inform\u00e1tica","url":"https:\/\/aivlisoft.net\/shop\/","logo":{"@type":"ImageObject","inLanguage":"es","@id":"https:\/\/aivlisoft.net\/shop\/#\/schema\/logo\/image\/","url":"https:\/\/aivlisoft.net\/shop\/wp-content\/uploads\/2024\/12\/removal.ai_5b848c54-0cdf-4140-95c5-c5536bb7573b-logodef.png","contentUrl":"https:\/\/aivlisoft.net\/shop\/wp-content\/uploads\/2024\/12\/removal.ai_5b848c54-0cdf-4140-95c5-c5536bb7573b-logodef.png","width":484,"height":182,"caption":"Aivlisoft Inform\u00e1tica"},"image":{"@id":"https:\/\/aivlisoft.net\/shop\/#\/schema\/logo\/image\/"}}]}},"_links":{"self":[{"href":"https:\/\/aivlisoft.net\/shop\/wp-json\/wp\/v2\/product\/11473","targetHints":{"allow":["GET"]}}],"collection":[{"href":"https:\/\/aivlisoft.net\/shop\/wp-json\/wp\/v2\/product"}],"about":[{"href":"https:\/\/aivlisoft.net\/shop\/wp-json\/wp\/v2\/types\/product"}],"wp:featuredmedia":[{"embeddable":true,"href":"https:\/\/aivlisoft.net\/shop\/wp-json\/wp\/v2\/media\/11474"}],"wp:attachment":[{"href":"https:\/\/aivlisoft.net\/shop\/wp-json\/wp\/v2\/media?parent=11473"}],"wp:term":[{"taxonomy":"product_brand","embeddable":true,"href":"https:\/\/aivlisoft.net\/shop\/wp-json\/wp\/v2\/product_brand?post=11473"},{"taxonomy":"product_cat","embeddable":true,"href":"https:\/\/aivlisoft.net\/shop\/wp-json\/wp\/v2\/product_cat?post=11473"},{"taxonomy":"product_tag","embeddable":true,"href":"https:\/\/aivlisoft.net\/shop\/wp-json\/wp\/v2\/product_tag?post=11473"}],"curies":[{"name":"wp","href":"https:\/\/api.w.org\/{rel}","templated":true}]}}