{"id":11459,"date":"2025-01-13T14:14:57","date_gmt":"2025-01-13T14:14:57","guid":{"rendered":"https:\/\/aivlisoft.com\/?post_type=product&#038;p=11459"},"modified":"2025-01-14T10:58:42","modified_gmt":"2025-01-14T10:58:42","slug":"vigi-grabador-ip-rack-02-hdd-16-canales-poe","status":"publish","type":"product","link":"https:\/\/aivlisoft.net\/shop\/producto\/vigi-grabador-ip-rack-02-hdd-16-canales-poe\/","title":{"rendered":"VIGI Grabador IP Rack 02 HDD 16 Canales PoE"},"content":{"rendered":"<p><strong>Salida de v&iacute;deo HDMI 4K y capacidad de descodificaci&oacute;n de 16MP:&nbsp;<\/strong> Definici&oacute;n de imagen n&iacute;tida de hasta 8MP, y capacidad de decodificaci&oacute;n de 8-ch@2MP&dagger; que permite disfrutar de la visualizaci&oacute;n y reproducci&oacute;n en directo de m&aacute;s canales al mismo tiempo.<\/p>\n<p><strong>140 W PoE Budget:<\/strong> 16 x puertos PoE+ compatibles con 802.3af\/at con una alimentaci&oacute;n total de 140 W.&Dagger;<\/p>\n<p><strong>Reproducci&oacute;n simult&aacute;nea de 16 canales: <\/strong>Reproduzca la se&ntilde;al de hasta 16 c&aacute;maras al mismo tiempo, aumente la velocidad de reproducci&oacute;n y busque eventos en la programaci&oacute;n de v&iacute;deo para revisar f&aacute;cilmente las grabaciones.<\/p>\n<p><strong>H.265+:<\/strong> Comprime el tama&ntilde;o del v&iacute;deo sin sacrificar su calidad, aliviando la carga de la red y ahorrando espacio en disco.<\/p>\n<p><strong>ONVIF garantiza la compatibilidad:<\/strong> A&ntilde;ada f&aacute;cilmente IPC de VIGI y otras marcas para establecer una red potente y variada gracias a la compatibilidad sin barreras.<\/p>\n<p><strong>Inicializaci&oacute;n autom&aacute;tica para una configuraci&oacute;n r&aacute;pida:<\/strong> Basta con hacer clic en &quot;Inicializar autom&aacute;ticamente&quot; para configurar los par&aacute;metros b&aacute;sicos del IPC y el disco duro, lo que reduce considerablemente el tiempo de configuraci&oacute;n.<\/p>\n<p><strong>Grabaci&oacute;n continua 24\/7: <\/strong>Almacena hasta 20TB de im&aacute;genes (1048 d&iacute;as de almacenamiento***) de las c&aacute;maras conectadas para proteger los datos y poder acceder a ellos de forma r&aacute;pida y c&oacute;moda.<\/p>\n<p><strong>Audio bidireccional: <\/strong>Gracias al intercomunicador de voz, ahuyente a posibles ladrones o intrusos desde cualquier lugar.<\/p>\n<p><strong>Supervisi&oacute;n remota:<\/strong> La aplicaci&oacute;n y el cliente VIGI espec&iacute;ficos permiten la supervisi&oacute;n remota, lo que resulta muy c&oacute;modo.<\/p>\n<table class=\"tabla_caracteristicas\" width=\"100%\">\n<tr>\n<td valign=\"top\"><strong>Marca<\/strong><\/td>\n<td>VIGI<\/td>\n<\/tr>\n<tr>\n<td valign=\"top\"><strong>Modelo<\/strong><\/td>\n<td><strong>NVR2016H-16MP-4TB <\/strong><\/td>\n<\/tr>\n<tr>\n<td valign=\"top\"><strong>V&iacute;deo y Audio<\/strong><\/td>\n<td>&#8211; Entrada de v&iacute;deo IP: 16 canales<br \/>\t\t\t&#8211; Ancho de banda entrada: 80 Mbps<br \/>\t\t\t&#8211; Ancho de banda salida: 60 Mbps<br \/>\t\t\t&#8211; Resoluci&oacute;n de salida HDMI: 1 Canal, Resoluci&oacute;n: 3840&#215;2160\/30Hz, 1920&#215;1080\/60Hz, 1680&#215;1050\/60Hz, 1440&#215;900\/60Hz, 1280&#215;1024\/60Hz, 1280&#215;720\/60Hz<br \/>\t\t\t&#8211; Resoluci&oacute;n de salida VGA: 1 Canal, Resoluci&oacute;n: 1920&#215;1080\/60Hz, 1680&#215;1050\/60Hz, 1440&#215;900\/60Hz, 1280&#215;1024\/60Hz, 1280&#215;720\/60Hz<br \/>\t\t\t&#8211; Modo de salida de v&iacute;deo: Salida simult&aacute;nea HDMI\/VGA<br \/>\t\t\t&#8211; Pantalla multivista: 1\/4\/6\/8\/9\/16<\/td>\n<\/tr>\n<tr>\n<td valign=\"top\"><strong>Descodificaci&oacute;n<\/strong><\/td>\n<td>&#8211; Audio Compression: G.711A\/G.711U\/G.726<br \/>\t\t\t&#8211; Compresi&oacute;n de v&iacute;deo: H.265+\/H.265\/ H.264+\/H.264<br \/>\t\t\t&#8211; Resoluci&oacute;n de registro: 8MP\/5MP\/4MP\/3MP\/1080p\/UXGA\/720p\/VGA\/4CIF\/DCIF\/2CIF\/CIF\/QCIF<br \/>\t\t\t&#8211; Reproducci&oacute;n s&iacute;ncrona: 16-Channel<br \/>\t\t\t&#8211; Capacidad:<br \/>\t\t\t&nbsp; 25fps: 2-ch @ 8MP, 4-ch @ 4MP, 8-ch @ 2MP<br \/>\t\t\t&nbsp; 30fps: 4-ch @ 3MP, 2-ch @ 5MP<\/td>\n<\/tr>\n<tr>\n<td valign=\"top\"><strong>Alarma<\/strong><\/td>\n<td>&#8211; Alarma General<br \/>\t\t\t&nbsp; Detecci&oacute;n de movimiento<br \/>\t\t\t&nbsp; Manipulaci&oacute;n de v&iacute;deo<br \/>\t\t\t&nbsp; Detecci&oacute;n de cruce de l&iacute;neas<br \/>\t\t\t&nbsp; Detecci&oacute;n de intrusiones<br \/>\t\t\t&nbsp; Regi&oacute;n que ingresa a la detecci&oacute;n<br \/>\t\t\t&nbsp; Detecci&oacute;n de salida de regi&oacute;n<br \/>\t\t\t&nbsp; Detecci&oacute;n de objetos abandonados\/eliminados<br \/>\t\t\t&nbsp; Detecci&oacute;n de veh&iacute;culos<br \/>\t\t\t&nbsp; Detecci&oacute;n humana<br \/>\t\t\t&nbsp; Marco inteligente<br \/>\t\t\t&#8211; Alarma de anomal&iacute;a<br \/>\t\t\t&nbsp; P&eacute;rdida de v&iacute;deo<br \/>\t\t\t&nbsp; Conflicto de IP y sin conexi&oacute;n<br \/>\t\t\t&nbsp; Excepci&oacute;n de disco<br \/>\t\t\t&nbsp; Excepci&oacute;n de inicio de sesi&oacute;n<br \/>\t\t\t&nbsp; Excepci&oacute;n de ventilador<br \/>\t\t\t&#8211; Enlace de alarma<br \/>\t\t\t&nbsp; Grabaci&oacute;n<br \/>\t\t\t&nbsp; Alarma de luz blanca<br \/>\t\t\t&nbsp; Zumbador<br \/>\t\t\t&nbsp; Registro<br \/>\t\t\t&nbsp; Alarma sonora<\/td>\n<\/tr>\n<tr>\n<td valign=\"top\"><strong>Interfaces<\/strong><\/td>\n<td>&#8211; Interfaz de red: 1 x RJ-45 10\/100 Mbps Self-Adaptive Ethernet Interface<br \/>\t\t\t&#8211; USB Interface: 1 puerto USB 2.0 frontal, 1 puerto USB 2.0 trasero<br \/>\t\t\t&#8211; Audio Interface: 1, Audio In; 1, Audio Out<br \/>\t\t\t&#8211; Alimentaci&oacute;n: 1 &times; conector CC<br \/>\t\t\t&#8211; Bot&oacute;n de reinicio: 1<br \/>\t\t\t&#8211; HDMI: 1<br \/>\t\t\t&#8211; VGA: 1<br \/>\t\t\t&#8211; SATA: 2 SATA Interfaces<br \/>\t\t\t&#8211; Capacidad: Hasta 4TB (10 TB de capacidad para cada disco duro)<\/td>\n<\/tr>\n<tr>\n<td valign=\"top\"><strong>Caracter&iacute;sticas<\/strong><\/td>\n<td><strong>Red<\/strong><br \/>\t\t\t&#8211; Protocolo: UPnP (Plug and Play), NTP (Network Timing)<br \/>\t\t\t&#8211; Acceso a tel&eacute;fono m&oacute;vil: Android, iOS<br \/>\t\t\t&#8211; Navegador web: Chrome (57+), Firefox (52+), Edge (91+)<br \/>\t\t\t&#8211; Interoperabilidad: ONVIF, CGI<br \/>\t\t\t<strong>Gesti&oacute;n de registros<\/strong><br \/>\t\t\t&#8211; Modo de grabaci&oacute;n:<br \/>\t\t\t&nbsp; Grabaci&oacute;n manual<br \/>\t\t\t&nbsp; Programaci&oacute;n de grabaci&oacute;n<br \/>\t\t\t&nbsp; Grabaci&oacute;n por detecci&oacute;n de movimiento<br \/>\t\t\t&#8211; Modo de reproducci&oacute;n:<br \/>\t\t\t&nbsp; Reproducci&oacute;n instant&aacute;nea<br \/>\t\t\t&nbsp; Reproducci&oacute;n normal<br \/>\t\t\t&nbsp; Reproducci&oacute;n de etiquetas<br \/>\t\t\t&nbsp; Reproducci&oacute;n de eventos<br \/>\t\t\t&#8211; Modo de copia de seguridad:<br \/>\t\t\t&nbsp; Copia de seguridad peri&oacute;dica<br \/>\t\t\t&nbsp; Copia de seguridad de videoclips<br \/>\t\t\t&#8211; Funci&oacute;n de reproducci&oacute;n:<br \/>\t\t\t&nbsp; Play<br \/>\t\t\t&nbsp; Pausa<br \/>\t\t\t&nbsp; Stop<br \/>\t\t\t&nbsp; Avance r&aacute;pido<br \/>\t\t\t&nbsp; Retroceso r&aacute;pido<br \/>\t\t\t&nbsp; Reproducir por cuadro<br \/>\t\t\t&nbsp; Pantalla completa<br \/>\t\t\t&nbsp; V&iacute;deoclip<br \/>\t\t\t&nbsp; Exportar clip<br \/>\t\t\t&nbsp; Zoom digital<br \/>\t\t\t&nbsp; Bloquear grabaci&oacute;n<br \/>\t\t\t&nbsp; Audio On\/Off<br \/>\t\t\t<strong>Alimentaci&oacute;n<\/strong><br \/>\t\t\t&#8211; Fuente de Alimentaci&oacute;n Externa: 53.5V DC\/3.37A<br \/>\t\t\t<strong>Dimensiones y peso<\/strong><br \/>\t\t\t&#8211; 330 &times; 285 &times; 45 mm<br \/>\t\t\t&#8211; 2.1 Kg<br \/>\t\t\t<strong>Contiene<\/strong><br \/>\t\t\t&#8211; Grabador de v&iacute;deo en red VIGI<br \/>\t\t\t&#8211; Adaptador de corriente<br \/>\t\t\t&#8211; Cables de alimentaci&oacute;n<br \/>\t\t\t&#8211; Cables de alimentaci&oacute;n de disco duro<br \/>\t\t\t&#8211; Cables de datos de disco duro<br \/>\t\t\t&#8211; Accesorios de montaje<br \/>\t\t\t&#8211; Rat&oacute;n<br \/>\t\t\t&#8211; Gu&iacute;a de instalaci&oacute;n r&aacute;pida<\/td>\n<\/tr>\n<tr>\n<td valign=\"top\"><strong>Fecha de revisi&oacute;n<\/strong><\/td>\n<td>08-10-2024 por A<\/td>\n<\/tr>\n<\/table>\n","protected":false},"excerpt":{"rendered":"<p>Salida de v&iacute;deo HDMI 4K y capacidad de descodificaci&oacute;n de 16MP:&nbsp; Definici&oacute;n de imagen n&iacute;tida de hasta 8MP, y capacidad de decodificaci&oacute;n de 8-ch@2MP&dagger; que permite disfrutar de la visualizaci&oacute;n y reproducci&oacute;n en directo de m&aacute;s canales al mismo tiempo. 140 W PoE Budget: 16 x puertos PoE+ compatibles con 802.3af\/at con una alimentaci&oacute;n total&hellip;&nbsp;<a href=\"https:\/\/aivlisoft.net\/shop\/producto\/vigi-grabador-ip-rack-02-hdd-16-canales-poe\/\" rel=\"bookmark\"><span class=\"screen-reader-text\">VIGI Grabador IP Rack 02 HDD 16 Canales PoE<\/span><\/a><\/p>\n","protected":false},"featured_media":11460,"template":"","meta":{"neve_meta_sidebar":"","neve_meta_container":"","neve_meta_enable_content_width":"","neve_meta_content_width":0,"neve_meta_title_alignment":"","neve_meta_author_avatar":"","neve_post_elements_order":"","neve_meta_disable_header":"","neve_meta_disable_footer":"","neve_meta_disable_title":""},"product_brand":[],"product_cat":[8726],"product_tag":[4550],"class_list":{"0":"post-11459","1":"product","2":"type-product","3":"status-publish","4":"has-post-thumbnail","6":"product_cat-grabadores-digitales","7":"product_tag-nvr2016h-16mp-4tb","9":"first","10":"instock","11":"taxable","12":"shipping-taxable","13":"purchasable","14":"product-type-simple"},"yoast_head":"<!-- This site is optimized with the Yoast SEO plugin v26.0 - https:\/\/yoast.com\/wordpress\/plugins\/seo\/ -->\n<title>VIGI Grabador IP Rack 02 HDD 16 Canales PoE - Aivlisoft Inform\u00e1tica<\/title>\n<meta name=\"robots\" content=\"index, follow, max-snippet:-1, max-image-preview:large, max-video-preview:-1\" \/>\n<link rel=\"canonical\" href=\"https:\/\/aivlisoft.net\/shop\/producto\/vigi-grabador-ip-rack-02-hdd-16-canales-poe\/\" \/>\n<meta property=\"og:locale\" content=\"es_ES\" \/>\n<meta property=\"og:type\" content=\"article\" \/>\n<meta property=\"og:title\" content=\"VIGI Grabador IP Rack 02 HDD 16 Canales PoE - Aivlisoft Inform\u00e1tica\" \/>\n<meta property=\"og:description\" content=\"Salida de v&iacute;deo HDMI 4K y capacidad de descodificaci&oacute;n de 16MP:&nbsp; Definici&oacute;n de imagen n&iacute;tida de hasta 8MP, y capacidad de decodificaci&oacute;n de 8-ch@2MP&dagger; que permite disfrutar de la visualizaci&oacute;n y reproducci&oacute;n en directo de m&aacute;s canales al mismo tiempo. 140 W PoE Budget: 16 x puertos PoE+ compatibles con 802.3af\/at con una alimentaci&oacute;n total&hellip;&nbsp;VIGI Grabador IP Rack 02 HDD 16 Canales PoE\" \/>\n<meta property=\"og:url\" content=\"https:\/\/aivlisoft.net\/shop\/producto\/vigi-grabador-ip-rack-02-hdd-16-canales-poe\/\" \/>\n<meta property=\"og:site_name\" content=\"Aivlisoft Inform\u00e1tica\" \/>\n<meta property=\"article:modified_time\" content=\"2025-01-14T10:58:42+00:00\" \/>\n<meta property=\"og:image\" content=\"https:\/\/aivlisoft.net\/shop\/wp-content\/uploads\/2025\/01\/GVVGVD0098_800.jpg\" \/>\n\t<meta property=\"og:image:width\" content=\"800\" \/>\n\t<meta property=\"og:image:height\" content=\"800\" \/>\n\t<meta property=\"og:image:type\" content=\"image\/jpeg\" \/>\n<meta name=\"twitter:card\" content=\"summary_large_image\" \/>\n<meta name=\"twitter:label1\" content=\"Tiempo de lectura\" \/>\n\t<meta name=\"twitter:data1\" content=\"5 minutos\" \/>\n<script type=\"application\/ld+json\" class=\"yoast-schema-graph\">{\"@context\":\"https:\/\/schema.org\",\"@graph\":[{\"@type\":\"WebPage\",\"@id\":\"https:\/\/aivlisoft.net\/shop\/producto\/vigi-grabador-ip-rack-02-hdd-16-canales-poe\/\",\"url\":\"https:\/\/aivlisoft.net\/shop\/producto\/vigi-grabador-ip-rack-02-hdd-16-canales-poe\/\",\"name\":\"VIGI Grabador IP Rack 02 HDD 16 Canales PoE - Aivlisoft Inform\u00e1tica\",\"isPartOf\":{\"@id\":\"https:\/\/aivlisoft.net\/shop\/#website\"},\"primaryImageOfPage\":{\"@id\":\"https:\/\/aivlisoft.net\/shop\/producto\/vigi-grabador-ip-rack-02-hdd-16-canales-poe\/#primaryimage\"},\"image\":{\"@id\":\"https:\/\/aivlisoft.net\/shop\/producto\/vigi-grabador-ip-rack-02-hdd-16-canales-poe\/#primaryimage\"},\"thumbnailUrl\":\"https:\/\/aivlisoft.net\/shop\/wp-content\/uploads\/2025\/01\/GVVGVD0098_800.jpg\",\"datePublished\":\"2025-01-13T14:14:57+00:00\",\"dateModified\":\"2025-01-14T10:58:42+00:00\",\"breadcrumb\":{\"@id\":\"https:\/\/aivlisoft.net\/shop\/producto\/vigi-grabador-ip-rack-02-hdd-16-canales-poe\/#breadcrumb\"},\"inLanguage\":\"es\",\"potentialAction\":[{\"@type\":\"ReadAction\",\"target\":[\"https:\/\/aivlisoft.net\/shop\/producto\/vigi-grabador-ip-rack-02-hdd-16-canales-poe\/\"]}]},{\"@type\":\"ImageObject\",\"inLanguage\":\"es\",\"@id\":\"https:\/\/aivlisoft.net\/shop\/producto\/vigi-grabador-ip-rack-02-hdd-16-canales-poe\/#primaryimage\",\"url\":\"https:\/\/aivlisoft.net\/shop\/wp-content\/uploads\/2025\/01\/GVVGVD0098_800.jpg\",\"contentUrl\":\"https:\/\/aivlisoft.net\/shop\/wp-content\/uploads\/2025\/01\/GVVGVD0098_800.jpg\",\"width\":800,\"height\":800},{\"@type\":\"BreadcrumbList\",\"@id\":\"https:\/\/aivlisoft.net\/shop\/producto\/vigi-grabador-ip-rack-02-hdd-16-canales-poe\/#breadcrumb\",\"itemListElement\":[{\"@type\":\"ListItem\",\"position\":1,\"name\":\"Portada\",\"item\":\"https:\/\/aivlisoft.net\/shop\/\"},{\"@type\":\"ListItem\",\"position\":2,\"name\":\"Tienda\",\"item\":\"https:\/\/aivlisoft.net\/shop\/tienda\/\"},{\"@type\":\"ListItem\",\"position\":3,\"name\":\"VIGI Grabador IP Rack 02 HDD 16 Canales PoE\"}]},{\"@type\":\"WebSite\",\"@id\":\"https:\/\/aivlisoft.net\/shop\/#website\",\"url\":\"https:\/\/aivlisoft.net\/shop\/\",\"name\":\"Aivlisoft Inform\u00e1tica\",\"description\":\"En Aivlisoft Inform\u00e1tica ofrecemos soluciones tecnol\u00f3gicas para empresas: venta de ordenadores, consumibles, perif\u00e9ricos y m\u00e1s. Calidad, atenci\u00f3n personalizada y los mejores precios para tu negocio.\",\"publisher\":{\"@id\":\"https:\/\/aivlisoft.net\/shop\/#organization\"},\"potentialAction\":[{\"@type\":\"SearchAction\",\"target\":{\"@type\":\"EntryPoint\",\"urlTemplate\":\"https:\/\/aivlisoft.net\/shop\/?s={search_term_string}\"},\"query-input\":{\"@type\":\"PropertyValueSpecification\",\"valueRequired\":true,\"valueName\":\"search_term_string\"}}],\"inLanguage\":\"es\"},{\"@type\":\"Organization\",\"@id\":\"https:\/\/aivlisoft.net\/shop\/#organization\",\"name\":\"Aivlisoft Inform\u00e1tica\",\"url\":\"https:\/\/aivlisoft.net\/shop\/\",\"logo\":{\"@type\":\"ImageObject\",\"inLanguage\":\"es\",\"@id\":\"https:\/\/aivlisoft.net\/shop\/#\/schema\/logo\/image\/\",\"url\":\"https:\/\/aivlisoft.net\/shop\/wp-content\/uploads\/2024\/12\/removal.ai_5b848c54-0cdf-4140-95c5-c5536bb7573b-logodef.png\",\"contentUrl\":\"https:\/\/aivlisoft.net\/shop\/wp-content\/uploads\/2024\/12\/removal.ai_5b848c54-0cdf-4140-95c5-c5536bb7573b-logodef.png\",\"width\":484,\"height\":182,\"caption\":\"Aivlisoft Inform\u00e1tica\"},\"image\":{\"@id\":\"https:\/\/aivlisoft.net\/shop\/#\/schema\/logo\/image\/\"}}]}<\/script>\n<!-- \/ Yoast SEO plugin. -->","yoast_head_json":{"title":"VIGI Grabador IP Rack 02 HDD 16 Canales PoE - Aivlisoft Inform\u00e1tica","robots":{"index":"index","follow":"follow","max-snippet":"max-snippet:-1","max-image-preview":"max-image-preview:large","max-video-preview":"max-video-preview:-1"},"canonical":"https:\/\/aivlisoft.net\/shop\/producto\/vigi-grabador-ip-rack-02-hdd-16-canales-poe\/","og_locale":"es_ES","og_type":"article","og_title":"VIGI Grabador IP Rack 02 HDD 16 Canales PoE - Aivlisoft Inform\u00e1tica","og_description":"Salida de v&iacute;deo HDMI 4K y capacidad de descodificaci&oacute;n de 16MP:&nbsp; Definici&oacute;n de imagen n&iacute;tida de hasta 8MP, y capacidad de decodificaci&oacute;n de 8-ch@2MP&dagger; que permite disfrutar de la visualizaci&oacute;n y reproducci&oacute;n en directo de m&aacute;s canales al mismo tiempo. 140 W PoE Budget: 16 x puertos PoE+ compatibles con 802.3af\/at con una alimentaci&oacute;n total&hellip;&nbsp;VIGI Grabador IP Rack 02 HDD 16 Canales PoE","og_url":"https:\/\/aivlisoft.net\/shop\/producto\/vigi-grabador-ip-rack-02-hdd-16-canales-poe\/","og_site_name":"Aivlisoft Inform\u00e1tica","article_modified_time":"2025-01-14T10:58:42+00:00","og_image":[{"width":800,"height":800,"url":"https:\/\/aivlisoft.net\/shop\/wp-content\/uploads\/2025\/01\/GVVGVD0098_800.jpg","type":"image\/jpeg"}],"twitter_card":"summary_large_image","twitter_misc":{"Tiempo de lectura":"5 minutos"},"schema":{"@context":"https:\/\/schema.org","@graph":[{"@type":"WebPage","@id":"https:\/\/aivlisoft.net\/shop\/producto\/vigi-grabador-ip-rack-02-hdd-16-canales-poe\/","url":"https:\/\/aivlisoft.net\/shop\/producto\/vigi-grabador-ip-rack-02-hdd-16-canales-poe\/","name":"VIGI Grabador IP Rack 02 HDD 16 Canales PoE - Aivlisoft Inform\u00e1tica","isPartOf":{"@id":"https:\/\/aivlisoft.net\/shop\/#website"},"primaryImageOfPage":{"@id":"https:\/\/aivlisoft.net\/shop\/producto\/vigi-grabador-ip-rack-02-hdd-16-canales-poe\/#primaryimage"},"image":{"@id":"https:\/\/aivlisoft.net\/shop\/producto\/vigi-grabador-ip-rack-02-hdd-16-canales-poe\/#primaryimage"},"thumbnailUrl":"https:\/\/aivlisoft.net\/shop\/wp-content\/uploads\/2025\/01\/GVVGVD0098_800.jpg","datePublished":"2025-01-13T14:14:57+00:00","dateModified":"2025-01-14T10:58:42+00:00","breadcrumb":{"@id":"https:\/\/aivlisoft.net\/shop\/producto\/vigi-grabador-ip-rack-02-hdd-16-canales-poe\/#breadcrumb"},"inLanguage":"es","potentialAction":[{"@type":"ReadAction","target":["https:\/\/aivlisoft.net\/shop\/producto\/vigi-grabador-ip-rack-02-hdd-16-canales-poe\/"]}]},{"@type":"ImageObject","inLanguage":"es","@id":"https:\/\/aivlisoft.net\/shop\/producto\/vigi-grabador-ip-rack-02-hdd-16-canales-poe\/#primaryimage","url":"https:\/\/aivlisoft.net\/shop\/wp-content\/uploads\/2025\/01\/GVVGVD0098_800.jpg","contentUrl":"https:\/\/aivlisoft.net\/shop\/wp-content\/uploads\/2025\/01\/GVVGVD0098_800.jpg","width":800,"height":800},{"@type":"BreadcrumbList","@id":"https:\/\/aivlisoft.net\/shop\/producto\/vigi-grabador-ip-rack-02-hdd-16-canales-poe\/#breadcrumb","itemListElement":[{"@type":"ListItem","position":1,"name":"Portada","item":"https:\/\/aivlisoft.net\/shop\/"},{"@type":"ListItem","position":2,"name":"Tienda","item":"https:\/\/aivlisoft.net\/shop\/tienda\/"},{"@type":"ListItem","position":3,"name":"VIGI Grabador IP Rack 02 HDD 16 Canales PoE"}]},{"@type":"WebSite","@id":"https:\/\/aivlisoft.net\/shop\/#website","url":"https:\/\/aivlisoft.net\/shop\/","name":"Aivlisoft Inform\u00e1tica","description":"En Aivlisoft Inform\u00e1tica ofrecemos soluciones tecnol\u00f3gicas para empresas: venta de ordenadores, consumibles, perif\u00e9ricos y m\u00e1s. Calidad, atenci\u00f3n personalizada y los mejores precios para tu negocio.","publisher":{"@id":"https:\/\/aivlisoft.net\/shop\/#organization"},"potentialAction":[{"@type":"SearchAction","target":{"@type":"EntryPoint","urlTemplate":"https:\/\/aivlisoft.net\/shop\/?s={search_term_string}"},"query-input":{"@type":"PropertyValueSpecification","valueRequired":true,"valueName":"search_term_string"}}],"inLanguage":"es"},{"@type":"Organization","@id":"https:\/\/aivlisoft.net\/shop\/#organization","name":"Aivlisoft Inform\u00e1tica","url":"https:\/\/aivlisoft.net\/shop\/","logo":{"@type":"ImageObject","inLanguage":"es","@id":"https:\/\/aivlisoft.net\/shop\/#\/schema\/logo\/image\/","url":"https:\/\/aivlisoft.net\/shop\/wp-content\/uploads\/2024\/12\/removal.ai_5b848c54-0cdf-4140-95c5-c5536bb7573b-logodef.png","contentUrl":"https:\/\/aivlisoft.net\/shop\/wp-content\/uploads\/2024\/12\/removal.ai_5b848c54-0cdf-4140-95c5-c5536bb7573b-logodef.png","width":484,"height":182,"caption":"Aivlisoft Inform\u00e1tica"},"image":{"@id":"https:\/\/aivlisoft.net\/shop\/#\/schema\/logo\/image\/"}}]}},"_links":{"self":[{"href":"https:\/\/aivlisoft.net\/shop\/wp-json\/wp\/v2\/product\/11459","targetHints":{"allow":["GET"]}}],"collection":[{"href":"https:\/\/aivlisoft.net\/shop\/wp-json\/wp\/v2\/product"}],"about":[{"href":"https:\/\/aivlisoft.net\/shop\/wp-json\/wp\/v2\/types\/product"}],"wp:featuredmedia":[{"embeddable":true,"href":"https:\/\/aivlisoft.net\/shop\/wp-json\/wp\/v2\/media\/11460"}],"wp:attachment":[{"href":"https:\/\/aivlisoft.net\/shop\/wp-json\/wp\/v2\/media?parent=11459"}],"wp:term":[{"taxonomy":"product_brand","embeddable":true,"href":"https:\/\/aivlisoft.net\/shop\/wp-json\/wp\/v2\/product_brand?post=11459"},{"taxonomy":"product_cat","embeddable":true,"href":"https:\/\/aivlisoft.net\/shop\/wp-json\/wp\/v2\/product_cat?post=11459"},{"taxonomy":"product_tag","embeddable":true,"href":"https:\/\/aivlisoft.net\/shop\/wp-json\/wp\/v2\/product_tag?post=11459"}],"curies":[{"name":"wp","href":"https:\/\/api.w.org\/{rel}","templated":true}]}}