{"id":11447,"date":"2025-01-13T14:14:49","date_gmt":"2025-01-13T14:14:49","guid":{"rendered":"https:\/\/aivlisoft.com\/?post_type=product&#038;p=11447"},"modified":"2025-01-14T10:58:40","modified_gmt":"2025-01-14T10:58:40","slug":"vigi-grabador-ip-nvr1008h-8mp-rack-01-hdd-08-c-poe","status":"publish","type":"product","link":"https:\/\/aivlisoft.net\/shop\/producto\/vigi-grabador-ip-nvr1008h-8mp-rack-01-hdd-08-c-poe\/","title":{"rendered":"VIGI Grabador IP NVR1008H-8MP Rack 01 HDD 08 C PoE"},"content":{"rendered":"<p><strong>Salida de video HDMI 4K y capacidad de decodificaci&oacute;n de 16MP.&nbsp;<\/strong> La definici&oacute;n de imagen de hasta 8MP y una pantalla de 8 canales garantizan capturar cada detalle, desde todos los &aacute;ngulos &Dagger; .<\/p>\n<p><strong>F&aacute;cil Instalaci&oacute;n con PoE+.<\/strong> Conecta y enciende f&aacute;cilmente la c&aacute;mara VIGI a trav&eacute;s de cable RJ45 que transmite datos y energ&iacute;a, sin necesidad de ning&uacute;n adaptador de corriente.<\/p>\n<p><strong>Reproducci&oacute;n simult&aacute;nea de 8 canales.<\/strong> Reproduce la se&ntilde;al de hasta 8 c&aacute;maras al mismo tiempo. Aumente la velocidad de reproducci&oacute;n y encuentra eventos para revisar m&aacute;s f&aacute;cil y r&aacute;pidamente cada uno de los v&iacute;deos.<\/p>\n<p><strong>V&iacute;deo H.265+. <\/strong>Ahorra espacio de almacenamiento y ancho de banda sin sacrificar la calidad de imagen de los v&iacute;deos. Con ello puedes ahorrar en costes de monitorizaci&oacute;n.<\/p>\n<p><strong>Compatibilidad con ONVIF. <\/strong>Las c&aacute;maras VIGI se integran f&aacute;cilmente en un sistema de seguridad de otras marcas.<\/p>\n<p>Plug &amp; Play. Las c&aacute;maras VIGI se a&ntilde;aden autom&aacute;ticamente al NVR y se activan al momento.<\/p>\n<p><strong>Grabaci&oacute;n continua 24\/7.<\/strong> Los 10TB de almacenaje seguro para los videos de las c&aacute;maras conectadas permiten un acceso r&aacute;pido y sencillo.<\/p>\n<p><strong>Control sencillo y remoto. <\/strong>La aplicaci&oacute;n VIGI y el administrador de seguridad VIGI se han desarrollado para monitorizar las distintas c&aacute;maras desde cualquier lugar, facilitando su acceso y control.<\/p>\n<p><strong>Instalaci&oacute;n flexible: <\/strong>elige el m&eacute;todo de instalaci&oacute;n adecuado simplemente alojando tu NVR en un bastidor o coloc&aacute;ndolo sobre o debajo de un escritorio para mayor comodidad.<\/p>\n<p><strong>Audio bidireccional.<\/strong> Permite la comunicaci&oacute;n a trav&eacute;s del micr&oacute;fono y altavoz integrados en la c&aacute;mara, mientras se visualiza el v&iacute;deo.<\/p>\n<table class=\"tabla_caracteristicas\" width=\"100%\">\n<tr>\n<td valign=\"top\"><strong>Marca<\/strong><\/td>\n<td>VIGI<\/td>\n<\/tr>\n<tr>\n<td valign=\"top\"><strong>Modelo<\/strong><\/td>\n<td><strong>VIGI NVR1008H-8MP <\/strong><\/td>\n<\/tr>\n<tr>\n<td valign=\"top\"><strong>V&iacute;deo y Audio<\/strong><\/td>\n<td>&#8211; Entrada de v&iacute;deo IP: 8 canales<br \/>\t\t\t&#8211; Ancho de banda entrada: 80 Mbps<br \/>\t\t\t&#8211; Ancho de banda salida: 60 Mbps<br \/>\t\t\t&#8211; Resoluci&oacute;n de salida HDMI: 1 Canal, Resoluci&oacute;n: 3840&#215;2160\/30Hz, 1920&#215;1080\/60Hz, 1680&#215;1050\/60Hz, 1440&#215;900\/60Hz, 1280&#215;1024\/60Hz, 1280&#215;720\/60Hz<br \/>\t\t\t&#8211; Resoluci&oacute;n de salida VGA: 1 Canal, Resoluci&oacute;n: 1920&#215;1080\/60Hz, 1680&#215;1050\/60Hz, 1440&#215;900\/60Hz, 1280&#215;1024\/60Hz, 1280&#215;720\/60Hz<br \/>\t\t\t&#8211; Modo de salida de v&iacute;deo: Salida simult&aacute;nea HDMI\/VGA<br \/>\t\t\t&#8211; Pantalla multivista: 1\/4\/6\/8<\/td>\n<\/tr>\n<tr>\n<td valign=\"top\"><strong>Descodificaci&oacute;n<\/strong><\/td>\n<td>&#8211; Audio Compression: G.711A\/G.711U\/G.726<br \/>\t\t\t&#8211; Formato de decodificaci&oacute;n: H.265+\/H.265\/ H.264+\/H.264<br \/>\t\t\t&#8211; Compresi&oacute;n de v&iacute;deo: H.265+\/H.265\/ H.264+\/H.264<br \/>\t\t\t&#8211; Resoluci&oacute;n de registro: 8MP\/5MP\/4MP\/3MP\/1080p\/UXGA\/720p\/VGA\/4CIF\/DCIF\/2CIF\/CIF\/QCIF<br \/>\t\t\t&#8211; Resoluci&oacute;n de vista en vivo\/reproducci&oacute;n:<br \/>\t\t\t&nbsp; 8MP\/5MP\/4MP\/3MP\/1080p\/UXGA\/720p\/VGA\/4CIF\/<br \/>\t\t\t&nbsp; DCIF\/2CIF\/CIF\/QCIF<br \/>\t\t\t&#8211; Reproducci&oacute;n s&iacute;ncrona: 8 canales<br \/>\t\t\t&#8211; Capacidad: 2 canales a 8 MP, 4 canales a 4 MP, 8 canales a 2 MP<\/td>\n<\/tr>\n<tr>\n<td valign=\"top\"><strong>Alarma<\/strong><\/td>\n<td>&#8211; Alarma General<br \/>\t\t\t&nbsp; Detecci&oacute;n de movimiento<br \/>\t\t\t&nbsp; Manipulaci&oacute;n de v&iacute;deo<br \/>\t\t\t&nbsp; Detecci&oacute;n de cruce de l&iacute;neas<br \/>\t\t\t&nbsp; Detecci&oacute;n de intrusiones<br \/>\t\t\t&nbsp; Regi&oacute;n que ingresa a la detecci&oacute;n<br \/>\t\t\t&nbsp; Detecci&oacute;n de salida de regi&oacute;n<br \/>\t\t\t&nbsp; Detecci&oacute;n de objetos abandonados\/eliminados<br \/>\t\t\t&nbsp; Detecci&oacute;n de veh&iacute;culos<br \/>\t\t\t&nbsp; Detecci&oacute;n humana<br \/>\t\t\t&nbsp; Marco inteligente<br \/>\t\t\t&#8211; Alarma de anomal&iacute;a<br \/>\t\t\t&nbsp; P&eacute;rdida de v&iacute;deo<br \/>\t\t\t&nbsp; Conflicto de IP y sin conexi&oacute;n<br \/>\t\t\t&nbsp; Excepci&oacute;n de disco<br \/>\t\t\t&nbsp; Excepci&oacute;n de inicio de sesi&oacute;n<br \/>\t\t\t&nbsp; Excepci&oacute;n de ventilador<br \/>\t\t\t&#8211; Enlace de alarma<br \/>\t\t\t&nbsp; Grabaci&oacute;n<br \/>\t\t\t&nbsp; Alarma de luz blanca<br \/>\t\t\t&nbsp; Zumbador<br \/>\t\t\t&nbsp; Registro<br \/>\t\t\t&nbsp; Alarma sonora<\/td>\n<\/tr>\n<tr>\n<td valign=\"top\"><strong>Interfaces<\/strong><\/td>\n<td>&#8211; Interfaz de red: 1 x RJ-45 10\/100 Mbps Self-Adaptive Ethernet Interface<br \/>\t\t\t&#8211; USB Interface: 2 &times; USB 2.0<br \/>\t\t\t&#8211; Audio Interface: 1, Audio In; 1, Audio Out<br \/>\t\t\t&#8211; Alimentaci&oacute;n: 1 &times; conector CC<br \/>\t\t\t&#8211; Bot&oacute;n de reinicio: 1<br \/>\t\t\t&#8211; HDMI: 1<br \/>\t\t\t&#8211; VGA: 1<br \/>\t\t\t&#8211; SATA: 1 Interfaz SATA<br \/>\t\t\t&#8211; Capacidad: Hasta 10 TB<\/td>\n<\/tr>\n<tr>\n<td valign=\"top\"><strong>Caracter&iacute;sticas<\/strong><\/td>\n<td><strong>Red<\/strong><br \/>\t\t\t&#8211; Protocolo: TCP\/IP, DHCP, DNS, NTP, UPnP<br \/>\t\t\t&#8211; Acceso a tel&eacute;fono m&oacute;vil: Android, iOS<br \/>\t\t\t&#8211; Ancho de banda de entrada: 80 Mbps<br \/>\t\t\t&#8211; Ancho de banda de salida: 60 Mbps<br \/>\t\t\t&#8211; Navegador web: Chrome (57+), Firefox (52+), Edge (91+)<br \/>\t\t\t&#8211; Interoperabilidad: ONVIF, CGI<br \/>\t\t\t<strong>Gesti&oacute;n de registros<\/strong><br \/>\t\t\t&#8211; Modo de grabaci&oacute;n:<br \/>\t\t\t&nbsp; Grabaci&oacute;n manual<br \/>\t\t\t&nbsp; Programaci&oacute;n de grabaci&oacute;n<br \/>\t\t\t&nbsp; Grabaci&oacute;n por detecci&oacute;n de movimiento<br \/>\t\t\t&#8211; Modo de reproducci&oacute;n:<br \/>\t\t\t&nbsp; Reproducci&oacute;n instant&aacute;nea<br \/>\t\t\t&nbsp; Reproducci&oacute;n normal<br \/>\t\t\t&nbsp; Reproducci&oacute;n de etiquetas<br \/>\t\t\t&nbsp; Reproducci&oacute;n de eventos<br \/>\t\t\t&#8211; Modo de copia de seguridad:<br \/>\t\t\t&nbsp; Copia de seguridad peri&oacute;dica<br \/>\t\t\t&nbsp; Copia de seguridad de videoclips<br \/>\t\t\t&#8211; Funci&oacute;n de reproducci&oacute;n:<br \/>\t\t\t&nbsp; Play<br \/>\t\t\t&nbsp; Pausa<br \/>\t\t\t&nbsp; Stop<br \/>\t\t\t&nbsp; Avance r&aacute;pido<br \/>\t\t\t&nbsp; Retroceso r&aacute;pido<br \/>\t\t\t&nbsp; Reproducir por cuadro<br \/>\t\t\t&nbsp; Pantalla completa<br \/>\t\t\t&nbsp; V&iacute;deoclip<br \/>\t\t\t&nbsp; Exportar clip<br \/>\t\t\t&nbsp; Zoom digital<br \/>\t\t\t&nbsp; Bloquear grabaci&oacute;n<br \/>\t\t\t&nbsp; Audio On\/Off<br \/>\t\t\t<strong>Alimentaci&oacute;n<\/strong><br \/>\t\t\t&#8211; Fuente de Alimentaci&oacute;n Externa: 53.5V DC\/2.43 A<br \/>\t\t\t<strong>Dimensiones y peso<\/strong><br \/>\t\t\t&#8211; 294 &times; 180 &times; 44 mm<br \/>\t\t\t&#8211; 1.12 Kg<br \/>\t\t\t<strong>Contiene<\/strong><br \/>\t\t\t&#8211; Videograbadora en red VIGI<br \/>\t\t\t&#8211; Adaptador de corriente<br \/>\t\t\t&#8211; Tornillos HDD<br \/>\t\t\t&#8211; Rat&oacute;n<br \/>\t\t\t&#8211; Gu&iacute;a r&aacute;pida de instalaci&oacute;n<\/td>\n<\/tr>\n<tr>\n<td valign=\"top\"><strong>Fecha de revisi&oacute;n<\/strong><\/td>\n<td>07-10-2024 por A<\/td>\n<\/tr>\n<\/table>\n","protected":false},"excerpt":{"rendered":"<p>Salida de video HDMI 4K y capacidad de decodificaci&oacute;n de 16MP.&nbsp; La definici&oacute;n de imagen de hasta 8MP y una pantalla de 8 canales garantizan capturar cada detalle, desde todos los &aacute;ngulos &Dagger; . F&aacute;cil Instalaci&oacute;n con PoE+. Conecta y enciende f&aacute;cilmente la c&aacute;mara VIGI a trav&eacute;s de cable RJ45 que transmite datos y energ&iacute;a,&hellip;&nbsp;<a href=\"https:\/\/aivlisoft.net\/shop\/producto\/vigi-grabador-ip-nvr1008h-8mp-rack-01-hdd-08-c-poe\/\" rel=\"bookmark\"><span class=\"screen-reader-text\">VIGI Grabador IP NVR1008H-8MP Rack 01 HDD 08 C PoE<\/span><\/a><\/p>\n","protected":false},"featured_media":11448,"template":"","meta":{"neve_meta_sidebar":"","neve_meta_container":"","neve_meta_enable_content_width":"","neve_meta_content_width":0,"neve_meta_title_alignment":"","neve_meta_author_avatar":"","neve_post_elements_order":"","neve_meta_disable_header":"","neve_meta_disable_footer":"","neve_meta_disable_title":""},"product_brand":[],"product_cat":[8726],"product_tag":[4547],"class_list":{"0":"post-11447","1":"product","2":"type-product","3":"status-publish","4":"has-post-thumbnail","6":"product_cat-grabadores-digitales","7":"product_tag-vigi-nvr1008h-8mp","9":"first","10":"instock","11":"taxable","12":"shipping-taxable","13":"purchasable","14":"product-type-simple"},"yoast_head":"<!-- This site is optimized with the Yoast SEO plugin v26.0 - https:\/\/yoast.com\/wordpress\/plugins\/seo\/ -->\n<title>VIGI Grabador IP NVR1008H-8MP Rack 01 HDD 08 C PoE - Aivlisoft Inform\u00e1tica<\/title>\n<meta name=\"robots\" content=\"index, follow, max-snippet:-1, max-image-preview:large, max-video-preview:-1\" \/>\n<link rel=\"canonical\" href=\"https:\/\/aivlisoft.net\/shop\/producto\/vigi-grabador-ip-nvr1008h-8mp-rack-01-hdd-08-c-poe\/\" \/>\n<meta property=\"og:locale\" content=\"es_ES\" \/>\n<meta property=\"og:type\" content=\"article\" \/>\n<meta property=\"og:title\" content=\"VIGI Grabador IP NVR1008H-8MP Rack 01 HDD 08 C PoE - Aivlisoft Inform\u00e1tica\" \/>\n<meta property=\"og:description\" content=\"Salida de video HDMI 4K y capacidad de decodificaci&oacute;n de 16MP.&nbsp; La definici&oacute;n de imagen de hasta 8MP y una pantalla de 8 canales garantizan capturar cada detalle, desde todos los &aacute;ngulos &Dagger; . F&aacute;cil Instalaci&oacute;n con PoE+. Conecta y enciende f&aacute;cilmente la c&aacute;mara VIGI a trav&eacute;s de cable RJ45 que transmite datos y energ&iacute;a,&hellip;&nbsp;VIGI Grabador IP NVR1008H-8MP Rack 01 HDD 08 C PoE\" \/>\n<meta property=\"og:url\" content=\"https:\/\/aivlisoft.net\/shop\/producto\/vigi-grabador-ip-nvr1008h-8mp-rack-01-hdd-08-c-poe\/\" \/>\n<meta property=\"og:site_name\" content=\"Aivlisoft Inform\u00e1tica\" \/>\n<meta property=\"article:modified_time\" content=\"2025-01-14T10:58:40+00:00\" \/>\n<meta property=\"og:image\" content=\"https:\/\/aivlisoft.net\/shop\/wp-content\/uploads\/2025\/01\/GVVGVD0095_800.jpg\" \/>\n\t<meta property=\"og:image:width\" content=\"800\" \/>\n\t<meta property=\"og:image:height\" content=\"800\" \/>\n\t<meta property=\"og:image:type\" content=\"image\/jpeg\" \/>\n<meta name=\"twitter:card\" content=\"summary_large_image\" \/>\n<meta name=\"twitter:label1\" content=\"Tiempo de lectura\" \/>\n\t<meta name=\"twitter:data1\" content=\"5 minutos\" \/>\n<script type=\"application\/ld+json\" class=\"yoast-schema-graph\">{\"@context\":\"https:\/\/schema.org\",\"@graph\":[{\"@type\":\"WebPage\",\"@id\":\"https:\/\/aivlisoft.net\/shop\/producto\/vigi-grabador-ip-nvr1008h-8mp-rack-01-hdd-08-c-poe\/\",\"url\":\"https:\/\/aivlisoft.net\/shop\/producto\/vigi-grabador-ip-nvr1008h-8mp-rack-01-hdd-08-c-poe\/\",\"name\":\"VIGI Grabador IP NVR1008H-8MP Rack 01 HDD 08 C PoE - Aivlisoft Inform\u00e1tica\",\"isPartOf\":{\"@id\":\"https:\/\/aivlisoft.net\/shop\/#website\"},\"primaryImageOfPage\":{\"@id\":\"https:\/\/aivlisoft.net\/shop\/producto\/vigi-grabador-ip-nvr1008h-8mp-rack-01-hdd-08-c-poe\/#primaryimage\"},\"image\":{\"@id\":\"https:\/\/aivlisoft.net\/shop\/producto\/vigi-grabador-ip-nvr1008h-8mp-rack-01-hdd-08-c-poe\/#primaryimage\"},\"thumbnailUrl\":\"https:\/\/aivlisoft.net\/shop\/wp-content\/uploads\/2025\/01\/GVVGVD0095_800.jpg\",\"datePublished\":\"2025-01-13T14:14:49+00:00\",\"dateModified\":\"2025-01-14T10:58:40+00:00\",\"breadcrumb\":{\"@id\":\"https:\/\/aivlisoft.net\/shop\/producto\/vigi-grabador-ip-nvr1008h-8mp-rack-01-hdd-08-c-poe\/#breadcrumb\"},\"inLanguage\":\"es\",\"potentialAction\":[{\"@type\":\"ReadAction\",\"target\":[\"https:\/\/aivlisoft.net\/shop\/producto\/vigi-grabador-ip-nvr1008h-8mp-rack-01-hdd-08-c-poe\/\"]}]},{\"@type\":\"ImageObject\",\"inLanguage\":\"es\",\"@id\":\"https:\/\/aivlisoft.net\/shop\/producto\/vigi-grabador-ip-nvr1008h-8mp-rack-01-hdd-08-c-poe\/#primaryimage\",\"url\":\"https:\/\/aivlisoft.net\/shop\/wp-content\/uploads\/2025\/01\/GVVGVD0095_800.jpg\",\"contentUrl\":\"https:\/\/aivlisoft.net\/shop\/wp-content\/uploads\/2025\/01\/GVVGVD0095_800.jpg\",\"width\":800,\"height\":800},{\"@type\":\"BreadcrumbList\",\"@id\":\"https:\/\/aivlisoft.net\/shop\/producto\/vigi-grabador-ip-nvr1008h-8mp-rack-01-hdd-08-c-poe\/#breadcrumb\",\"itemListElement\":[{\"@type\":\"ListItem\",\"position\":1,\"name\":\"Portada\",\"item\":\"https:\/\/aivlisoft.net\/shop\/\"},{\"@type\":\"ListItem\",\"position\":2,\"name\":\"Tienda\",\"item\":\"https:\/\/aivlisoft.net\/shop\/tienda\/\"},{\"@type\":\"ListItem\",\"position\":3,\"name\":\"VIGI Grabador IP NVR1008H-8MP Rack 01 HDD 08 C PoE\"}]},{\"@type\":\"WebSite\",\"@id\":\"https:\/\/aivlisoft.net\/shop\/#website\",\"url\":\"https:\/\/aivlisoft.net\/shop\/\",\"name\":\"Aivlisoft Inform\u00e1tica\",\"description\":\"En Aivlisoft Inform\u00e1tica ofrecemos soluciones tecnol\u00f3gicas para empresas: venta de ordenadores, consumibles, perif\u00e9ricos y m\u00e1s. Calidad, atenci\u00f3n personalizada y los mejores precios para tu negocio.\",\"publisher\":{\"@id\":\"https:\/\/aivlisoft.net\/shop\/#organization\"},\"potentialAction\":[{\"@type\":\"SearchAction\",\"target\":{\"@type\":\"EntryPoint\",\"urlTemplate\":\"https:\/\/aivlisoft.net\/shop\/?s={search_term_string}\"},\"query-input\":{\"@type\":\"PropertyValueSpecification\",\"valueRequired\":true,\"valueName\":\"search_term_string\"}}],\"inLanguage\":\"es\"},{\"@type\":\"Organization\",\"@id\":\"https:\/\/aivlisoft.net\/shop\/#organization\",\"name\":\"Aivlisoft Inform\u00e1tica\",\"url\":\"https:\/\/aivlisoft.net\/shop\/\",\"logo\":{\"@type\":\"ImageObject\",\"inLanguage\":\"es\",\"@id\":\"https:\/\/aivlisoft.net\/shop\/#\/schema\/logo\/image\/\",\"url\":\"https:\/\/aivlisoft.net\/shop\/wp-content\/uploads\/2024\/12\/removal.ai_5b848c54-0cdf-4140-95c5-c5536bb7573b-logodef.png\",\"contentUrl\":\"https:\/\/aivlisoft.net\/shop\/wp-content\/uploads\/2024\/12\/removal.ai_5b848c54-0cdf-4140-95c5-c5536bb7573b-logodef.png\",\"width\":484,\"height\":182,\"caption\":\"Aivlisoft Inform\u00e1tica\"},\"image\":{\"@id\":\"https:\/\/aivlisoft.net\/shop\/#\/schema\/logo\/image\/\"}}]}<\/script>\n<!-- \/ Yoast SEO plugin. -->","yoast_head_json":{"title":"VIGI Grabador IP NVR1008H-8MP Rack 01 HDD 08 C PoE - Aivlisoft Inform\u00e1tica","robots":{"index":"index","follow":"follow","max-snippet":"max-snippet:-1","max-image-preview":"max-image-preview:large","max-video-preview":"max-video-preview:-1"},"canonical":"https:\/\/aivlisoft.net\/shop\/producto\/vigi-grabador-ip-nvr1008h-8mp-rack-01-hdd-08-c-poe\/","og_locale":"es_ES","og_type":"article","og_title":"VIGI Grabador IP NVR1008H-8MP Rack 01 HDD 08 C PoE - Aivlisoft Inform\u00e1tica","og_description":"Salida de video HDMI 4K y capacidad de decodificaci&oacute;n de 16MP.&nbsp; La definici&oacute;n de imagen de hasta 8MP y una pantalla de 8 canales garantizan capturar cada detalle, desde todos los &aacute;ngulos &Dagger; . F&aacute;cil Instalaci&oacute;n con PoE+. Conecta y enciende f&aacute;cilmente la c&aacute;mara VIGI a trav&eacute;s de cable RJ45 que transmite datos y energ&iacute;a,&hellip;&nbsp;VIGI Grabador IP NVR1008H-8MP Rack 01 HDD 08 C PoE","og_url":"https:\/\/aivlisoft.net\/shop\/producto\/vigi-grabador-ip-nvr1008h-8mp-rack-01-hdd-08-c-poe\/","og_site_name":"Aivlisoft Inform\u00e1tica","article_modified_time":"2025-01-14T10:58:40+00:00","og_image":[{"width":800,"height":800,"url":"https:\/\/aivlisoft.net\/shop\/wp-content\/uploads\/2025\/01\/GVVGVD0095_800.jpg","type":"image\/jpeg"}],"twitter_card":"summary_large_image","twitter_misc":{"Tiempo de lectura":"5 minutos"},"schema":{"@context":"https:\/\/schema.org","@graph":[{"@type":"WebPage","@id":"https:\/\/aivlisoft.net\/shop\/producto\/vigi-grabador-ip-nvr1008h-8mp-rack-01-hdd-08-c-poe\/","url":"https:\/\/aivlisoft.net\/shop\/producto\/vigi-grabador-ip-nvr1008h-8mp-rack-01-hdd-08-c-poe\/","name":"VIGI Grabador IP NVR1008H-8MP Rack 01 HDD 08 C PoE - Aivlisoft Inform\u00e1tica","isPartOf":{"@id":"https:\/\/aivlisoft.net\/shop\/#website"},"primaryImageOfPage":{"@id":"https:\/\/aivlisoft.net\/shop\/producto\/vigi-grabador-ip-nvr1008h-8mp-rack-01-hdd-08-c-poe\/#primaryimage"},"image":{"@id":"https:\/\/aivlisoft.net\/shop\/producto\/vigi-grabador-ip-nvr1008h-8mp-rack-01-hdd-08-c-poe\/#primaryimage"},"thumbnailUrl":"https:\/\/aivlisoft.net\/shop\/wp-content\/uploads\/2025\/01\/GVVGVD0095_800.jpg","datePublished":"2025-01-13T14:14:49+00:00","dateModified":"2025-01-14T10:58:40+00:00","breadcrumb":{"@id":"https:\/\/aivlisoft.net\/shop\/producto\/vigi-grabador-ip-nvr1008h-8mp-rack-01-hdd-08-c-poe\/#breadcrumb"},"inLanguage":"es","potentialAction":[{"@type":"ReadAction","target":["https:\/\/aivlisoft.net\/shop\/producto\/vigi-grabador-ip-nvr1008h-8mp-rack-01-hdd-08-c-poe\/"]}]},{"@type":"ImageObject","inLanguage":"es","@id":"https:\/\/aivlisoft.net\/shop\/producto\/vigi-grabador-ip-nvr1008h-8mp-rack-01-hdd-08-c-poe\/#primaryimage","url":"https:\/\/aivlisoft.net\/shop\/wp-content\/uploads\/2025\/01\/GVVGVD0095_800.jpg","contentUrl":"https:\/\/aivlisoft.net\/shop\/wp-content\/uploads\/2025\/01\/GVVGVD0095_800.jpg","width":800,"height":800},{"@type":"BreadcrumbList","@id":"https:\/\/aivlisoft.net\/shop\/producto\/vigi-grabador-ip-nvr1008h-8mp-rack-01-hdd-08-c-poe\/#breadcrumb","itemListElement":[{"@type":"ListItem","position":1,"name":"Portada","item":"https:\/\/aivlisoft.net\/shop\/"},{"@type":"ListItem","position":2,"name":"Tienda","item":"https:\/\/aivlisoft.net\/shop\/tienda\/"},{"@type":"ListItem","position":3,"name":"VIGI Grabador IP NVR1008H-8MP Rack 01 HDD 08 C PoE"}]},{"@type":"WebSite","@id":"https:\/\/aivlisoft.net\/shop\/#website","url":"https:\/\/aivlisoft.net\/shop\/","name":"Aivlisoft Inform\u00e1tica","description":"En Aivlisoft Inform\u00e1tica ofrecemos soluciones tecnol\u00f3gicas para empresas: venta de ordenadores, consumibles, perif\u00e9ricos y m\u00e1s. Calidad, atenci\u00f3n personalizada y los mejores precios para tu negocio.","publisher":{"@id":"https:\/\/aivlisoft.net\/shop\/#organization"},"potentialAction":[{"@type":"SearchAction","target":{"@type":"EntryPoint","urlTemplate":"https:\/\/aivlisoft.net\/shop\/?s={search_term_string}"},"query-input":{"@type":"PropertyValueSpecification","valueRequired":true,"valueName":"search_term_string"}}],"inLanguage":"es"},{"@type":"Organization","@id":"https:\/\/aivlisoft.net\/shop\/#organization","name":"Aivlisoft Inform\u00e1tica","url":"https:\/\/aivlisoft.net\/shop\/","logo":{"@type":"ImageObject","inLanguage":"es","@id":"https:\/\/aivlisoft.net\/shop\/#\/schema\/logo\/image\/","url":"https:\/\/aivlisoft.net\/shop\/wp-content\/uploads\/2024\/12\/removal.ai_5b848c54-0cdf-4140-95c5-c5536bb7573b-logodef.png","contentUrl":"https:\/\/aivlisoft.net\/shop\/wp-content\/uploads\/2024\/12\/removal.ai_5b848c54-0cdf-4140-95c5-c5536bb7573b-logodef.png","width":484,"height":182,"caption":"Aivlisoft Inform\u00e1tica"},"image":{"@id":"https:\/\/aivlisoft.net\/shop\/#\/schema\/logo\/image\/"}}]}},"_links":{"self":[{"href":"https:\/\/aivlisoft.net\/shop\/wp-json\/wp\/v2\/product\/11447","targetHints":{"allow":["GET"]}}],"collection":[{"href":"https:\/\/aivlisoft.net\/shop\/wp-json\/wp\/v2\/product"}],"about":[{"href":"https:\/\/aivlisoft.net\/shop\/wp-json\/wp\/v2\/types\/product"}],"wp:featuredmedia":[{"embeddable":true,"href":"https:\/\/aivlisoft.net\/shop\/wp-json\/wp\/v2\/media\/11448"}],"wp:attachment":[{"href":"https:\/\/aivlisoft.net\/shop\/wp-json\/wp\/v2\/media?parent=11447"}],"wp:term":[{"taxonomy":"product_brand","embeddable":true,"href":"https:\/\/aivlisoft.net\/shop\/wp-json\/wp\/v2\/product_brand?post=11447"},{"taxonomy":"product_cat","embeddable":true,"href":"https:\/\/aivlisoft.net\/shop\/wp-json\/wp\/v2\/product_cat?post=11447"},{"taxonomy":"product_tag","embeddable":true,"href":"https:\/\/aivlisoft.net\/shop\/wp-json\/wp\/v2\/product_tag?post=11447"}],"curies":[{"name":"wp","href":"https:\/\/api.w.org\/{rel}","templated":true}]}}