{"id":11437,"date":"2025-01-13T14:14:45","date_gmt":"2025-01-13T14:14:45","guid":{"rendered":"https:\/\/aivlisoft.com\/?post_type=product&#038;p=11437"},"modified":"2025-01-14T10:58:37","modified_gmt":"2025-01-14T10:58:37","slug":"vigi-nvr4032h-grabador-ip-rack-04-hdd-32-canales","status":"publish","type":"product","link":"https:\/\/aivlisoft.net\/shop\/producto\/vigi-nvr4032h-grabador-ip-rack-04-hdd-32-canales\/","title":{"rendered":"VIGI NVR4032H Grabador IP Rack 04 HDD 32 Canales"},"content":{"rendered":"<p><\/p>\n<table class=\"tabla_caracteristicas\" width=\"100%\">\n<tr>\n<td valign=\"top\"><strong>Marca<\/strong><\/td>\n<td>VIGI<\/td>\n<\/tr>\n<tr>\n<td valign=\"top\"><strong>Modelo<\/strong><\/td>\n<td><strong>VIGI NVR4032H<\/strong><\/td>\n<\/tr>\n<tr>\n<td valign=\"top\"><strong>V&iacute;deo y Audio<\/strong><\/td>\n<td>&#8211; Entrada de v&iacute;deo IP: 32 canales<br \/>\t\t\t&#8211; Ancho de banda entrada: 320 Mbps<br \/>\t\t\t&#8211; Ancho de banda salida: 320 Mbps<br \/>\t\t\t&#8211; Resoluci&oacute;n de salida HDMI: 1 Canal, Resolution: 3840&#215;2160\/30Hz,1920&#215;1080\/60Hz, 1680&#215;1050\/60Hz, 1440&#215;900\/60Hz, 1280&#215;1024\/60Hz, 1280&#215;720\/60Hz, 1024&#215;768\/60Hz<br \/>\t\t\t&#8211; Resoluci&oacute;n de salida VGA: 1 Channel, Resolution: 1920&#215;1080\/60Hz,1680&#215;1050\/60Hz, 1440&#215;900\/60Hz, 1280&#215;1024\/60Hz, 1280&#215;720\/60Hz, 1024&#215;768\/60Hz<br \/>\t\t\t&#8211; Modo de salida de v&iacute;deo: Salida simult&aacute;nea HDMI\/VGA<br \/>\t\t\t&#8211; Pantalla multivista: 1\/4\/6\/8\/9\/16\/25\/32\/36<\/td>\n<\/tr>\n<tr>\n<td valign=\"top\"><strong>Descodificaci&oacute;n<\/strong><\/td>\n<td>&#8211; Audio Compression: G.711A\/G.711U\/G.726<br \/>\t\t\t&#8211; Formato de decodificaci&oacute;n: H.265+\/H.265\/ H.264+\/H.264<br \/>\t\t\t&#8211; Compresi&oacute;n de v&iacute;deo: H.265+\/H.265\/ H.264+\/H.264<br \/>\t\t\t&#8211; Resoluci&oacute;n de registro: 8MP\/5MP\/4MP\/3MP\/1080p\/UXGA\/720p\/VGA\/4CIF\/DCIF\/2CIF\/CIF\/QCIF<br \/>\t\t\t&#8211; Reproducci&oacute;n s&iacute;ncrona: 16 canales<br \/>\t\t\t&#8211; Capacidad: 16 canales a 1080p (30 fps), 8 canales a 4MP (30 fps), 4 canales a 8MP (30 fps)<\/td>\n<\/tr>\n<tr>\n<td valign=\"top\"><strong>Alarma<\/strong><\/td>\n<td>&#8211; Alarma General:<br \/>\t\t\t&nbsp; Detecci&oacute;n de movimiento<br \/>\t\t\t&nbsp; Manipulaci&oacute;n de v&iacute;deo<br \/>\t\t\t&nbsp; Detecci&oacute;n de intrusiones<br \/>\t\t\t&nbsp; Detecci&oacute;n de cruce de l&iacute;neas &nbsp;<br \/>\t\t\t&#8211; Alarma de anomal&iacute;a<br \/>\t\t\t&nbsp; P&eacute;rdida de v&iacute;deo<br \/>\t\t\t&nbsp; Fuera de l&iacute;nea y conflicto de IP<br \/>\t\t\t&nbsp; Excepci&oacute;n de disco<br \/>\t\t\t&nbsp; Inicio de sesi&oacute;n<br \/>\t\t\t&nbsp; Excepci&oacute;n<br \/>\t\t\t&nbsp; Excepci&oacute;n de Ventilador<br \/>\t\t\t&#8211; Enlace de alarma<br \/>\t\t\t&nbsp; Grabaci&oacute;n<br \/>\t\t\t&nbsp; Alarma de luz blanca<br \/>\t\t\t&nbsp; Zumbador<br \/>\t\t\t&nbsp; Registro<br \/>\t\t\t&nbsp; Alarma sonora<\/td>\n<\/tr>\n<tr>\n<td valign=\"top\"><strong>Interfaces<\/strong><\/td>\n<td>&#8211; Interfaz de red: 2 x RJ-45 10\/100\/1000 Mbps Ethernet autoadaptables<br \/>\t\t\t&#8211; USB Interface: Interfaz USB<br \/>\t\t\t&#8211; Audio Interface: 1, Entrada de audio; 1, Salida de audio<br \/>\t\t\t&#8211; Alarm In\/Out: 16\/4<br \/>\t\t\t&#8211; Serial Interface: 1, RS232<br \/>\t\t\t&#8211; Power: 1&times; AC Jack<br \/>\t\t\t&#8211; Reset Button: 1<br \/>\t\t\t&#8211; HDMI: 1<br \/>\t\t\t&#8211; VGA: 1<\/td>\n<\/tr>\n<tr>\n<td valign=\"top\"><strong>Caracter&iacute;sticas<\/strong><\/td>\n<td><strong>Red<\/strong><br \/>\t\t\t&#8211; Protocolo: UPnP (Plug and Play), NTP (Network Timing)<br \/>\t\t\t&#8211; Acceso a tel&eacute;fono m&oacute;vil: Android, iOS<br \/>\t\t\t&#8211; Ancho de banda de entrada: 320 Mbps<br \/>\t\t\t&#8211; Ancho de banda de salida: 320 Mbps<br \/>\t\t\t&#8211; Navegador web: Chrome (57+), Firefox (52+), Edge (91+)<br \/>\t\t\t&#8211; Interoperabilidad: ONVIF, CGI<br \/>\t\t\t<strong>Gesti&oacute;n de registros<\/strong><br \/>\t\t\t&#8211; Modo de grabaci&oacute;n:<br \/>\t\t\t&nbsp; Grabaci&oacute;n manual<br \/>\t\t\t&nbsp; Programaci&oacute;n de grabaci&oacute;n<br \/>\t\t\t&nbsp; Grabaci&oacute;n por detecci&oacute;n de movimiento<br \/>\t\t\t&#8211; Modo de reproducci&oacute;n:<br \/>\t\t\t&nbsp; Reproducci&oacute;n instant&aacute;nea<br \/>\t\t\t&nbsp; Reproducci&oacute;n normal<br \/>\t\t\t&nbsp; Reproducci&oacute;n de etiquetas<br \/>\t\t\t&nbsp; Evento Reproducci&oacute;n<br \/>\t\t\t&#8211; Modo Backup<br \/>\t\t\t&nbsp; Copia de seguridad normal<br \/>\t\t\t&nbsp; Copia de seguridad de videoclips<br \/>\t\t\t&#8211; Funci&oacute;n de reproducci&oacute;n:<br \/>\t\t\t&nbsp; Play<br \/>\t\t\t&nbsp; Pausa<br \/>\t\t\t&nbsp; Stop<br \/>\t\t\t&nbsp; Avance r&aacute;pido<br \/>\t\t\t&nbsp; Retroceso r&aacute;pido<br \/>\t\t\t&nbsp; Reproducir por cuadro<br \/>\t\t\t&nbsp; Pantalla completa<br \/>\t\t\t&nbsp; V&iacute;deoclip<br \/>\t\t\t&nbsp; Exportar clip<br \/>\t\t\t&nbsp; Zoom digital<br \/>\t\t\t&nbsp; Bloquear grabaci&oacute;n<br \/>\t\t\t&nbsp; Audio On\/Off<br \/>\t\t\t<strong>Alimentaci&oacute;n<\/strong><br \/>\t\t\t&#8211; Fuente de Alimentaci&oacute;n Externa: 100-240 VAC, 50 to 60HZ, 1.5A<br \/>\t\t\t&#8211; Consumo energ&eacute;tico:<br \/>\t\t\t&nbsp; 5 W (sin disco)<br \/>\t\t\t&nbsp; 48 W (con disco)<br \/>\t\t\t<strong>Dimensiones y peso<\/strong><br \/>\t\t\t&#8211; 440 &times; 330 &times; 44 mm<br \/>\t\t\t&#8211; 4,0 Kg<br \/>\t\t\t<strong>Contiene<\/strong><br \/>\t\t\t&#8211; Grabador de v&iacute;deo en red VIGI<br \/>\t\t\t&#8211; Rat&oacute;n<br \/>\t\t\t&#8211; Gu&iacute;a de instalaci&oacute;n<br \/>\t\t\t&#8211; Cable de alimentaci&oacute;n, cables de alimentaci&oacute;n del disco duro, cables de datos del disco duro y bloques de terminales<br \/>\t\t\t&#8211; Soportes de montaje, tornillos y pies de goma<\/td>\n<\/tr>\n<tr>\n<td valign=\"top\"><strong>Fecha de revisi&oacute;n<\/strong><\/td>\n<td>07-10-2024 por RTY<\/td>\n<\/tr>\n<\/table>\n","protected":false},"excerpt":{"rendered":"<p>Marca VIGI Modelo VIGI NVR4032H V&iacute;deo y Audio &#8211; Entrada de v&iacute;deo IP: 32 canales &#8211; Ancho de banda entrada: 320 Mbps &#8211; Ancho de banda salida: 320 Mbps &#8211; Resoluci&oacute;n de salida HDMI: 1 Canal, Resolution: 3840&#215;2160\/30Hz,1920&#215;1080\/60Hz, 1680&#215;1050\/60Hz, 1440&#215;900\/60Hz, 1280&#215;1024\/60Hz, 1280&#215;720\/60Hz, 1024&#215;768\/60Hz &#8211; Resoluci&oacute;n de salida VGA: 1 Channel, Resolution: 1920&#215;1080\/60Hz,1680&#215;1050\/60Hz, 1440&#215;900\/60Hz, 1280&#215;1024\/60Hz, 1280&#215;720\/60Hz,&hellip;&nbsp;<a href=\"https:\/\/aivlisoft.net\/shop\/producto\/vigi-nvr4032h-grabador-ip-rack-04-hdd-32-canales\/\" rel=\"bookmark\"><span class=\"screen-reader-text\">VIGI NVR4032H Grabador IP Rack 04 HDD 32 Canales<\/span><\/a><\/p>\n","protected":false},"featured_media":11438,"template":"","meta":{"neve_meta_sidebar":"","neve_meta_container":"","neve_meta_enable_content_width":"","neve_meta_content_width":0,"neve_meta_title_alignment":"","neve_meta_author_avatar":"","neve_post_elements_order":"","neve_meta_disable_header":"","neve_meta_disable_footer":"","neve_meta_disable_title":""},"product_brand":[],"product_cat":[8726],"product_tag":[4544],"class_list":{"0":"post-11437","1":"product","2":"type-product","3":"status-publish","4":"has-post-thumbnail","6":"product_cat-grabadores-digitales","7":"product_tag-vigi-nvr4032h","9":"first","10":"instock","11":"taxable","12":"shipping-taxable","13":"purchasable","14":"product-type-simple"},"yoast_head":"<!-- This site is optimized with the Yoast SEO plugin v26.0 - https:\/\/yoast.com\/wordpress\/plugins\/seo\/ -->\n<title>VIGI NVR4032H Grabador IP Rack 04 HDD 32 Canales - Aivlisoft Inform\u00e1tica<\/title>\n<meta name=\"robots\" content=\"index, follow, max-snippet:-1, max-image-preview:large, max-video-preview:-1\" \/>\n<link rel=\"canonical\" href=\"https:\/\/aivlisoft.net\/shop\/producto\/vigi-nvr4032h-grabador-ip-rack-04-hdd-32-canales\/\" \/>\n<meta property=\"og:locale\" content=\"es_ES\" \/>\n<meta property=\"og:type\" content=\"article\" \/>\n<meta property=\"og:title\" content=\"VIGI NVR4032H Grabador IP Rack 04 HDD 32 Canales - Aivlisoft Inform\u00e1tica\" \/>\n<meta property=\"og:description\" content=\"Marca VIGI Modelo VIGI NVR4032H V&iacute;deo y Audio &#8211; Entrada de v&iacute;deo IP: 32 canales &#8211; Ancho de banda entrada: 320 Mbps &#8211; Ancho de banda salida: 320 Mbps &#8211; Resoluci&oacute;n de salida HDMI: 1 Canal, Resolution: 3840&#215;2160\/30Hz,1920&#215;1080\/60Hz, 1680&#215;1050\/60Hz, 1440&#215;900\/60Hz, 1280&#215;1024\/60Hz, 1280&#215;720\/60Hz, 1024&#215;768\/60Hz &#8211; Resoluci&oacute;n de salida VGA: 1 Channel, Resolution: 1920&#215;1080\/60Hz,1680&#215;1050\/60Hz, 1440&#215;900\/60Hz, 1280&#215;1024\/60Hz, 1280&#215;720\/60Hz,&hellip;&nbsp;VIGI NVR4032H Grabador IP Rack 04 HDD 32 Canales\" \/>\n<meta property=\"og:url\" content=\"https:\/\/aivlisoft.net\/shop\/producto\/vigi-nvr4032h-grabador-ip-rack-04-hdd-32-canales\/\" \/>\n<meta property=\"og:site_name\" content=\"Aivlisoft Inform\u00e1tica\" \/>\n<meta property=\"article:modified_time\" content=\"2025-01-14T10:58:37+00:00\" \/>\n<meta property=\"og:image\" content=\"https:\/\/aivlisoft.net\/shop\/wp-content\/uploads\/2025\/01\/GVVGVD0092_800.jpg\" \/>\n\t<meta property=\"og:image:width\" content=\"800\" \/>\n\t<meta property=\"og:image:height\" content=\"800\" \/>\n\t<meta property=\"og:image:type\" content=\"image\/jpeg\" \/>\n<meta name=\"twitter:card\" content=\"summary_large_image\" \/>\n<meta name=\"twitter:label1\" content=\"Tiempo de lectura\" \/>\n\t<meta name=\"twitter:data1\" content=\"3 minutos\" \/>\n<script type=\"application\/ld+json\" class=\"yoast-schema-graph\">{\"@context\":\"https:\/\/schema.org\",\"@graph\":[{\"@type\":\"WebPage\",\"@id\":\"https:\/\/aivlisoft.net\/shop\/producto\/vigi-nvr4032h-grabador-ip-rack-04-hdd-32-canales\/\",\"url\":\"https:\/\/aivlisoft.net\/shop\/producto\/vigi-nvr4032h-grabador-ip-rack-04-hdd-32-canales\/\",\"name\":\"VIGI NVR4032H Grabador IP Rack 04 HDD 32 Canales - Aivlisoft Inform\u00e1tica\",\"isPartOf\":{\"@id\":\"https:\/\/aivlisoft.net\/shop\/#website\"},\"primaryImageOfPage\":{\"@id\":\"https:\/\/aivlisoft.net\/shop\/producto\/vigi-nvr4032h-grabador-ip-rack-04-hdd-32-canales\/#primaryimage\"},\"image\":{\"@id\":\"https:\/\/aivlisoft.net\/shop\/producto\/vigi-nvr4032h-grabador-ip-rack-04-hdd-32-canales\/#primaryimage\"},\"thumbnailUrl\":\"https:\/\/aivlisoft.net\/shop\/wp-content\/uploads\/2025\/01\/GVVGVD0092_800.jpg\",\"datePublished\":\"2025-01-13T14:14:45+00:00\",\"dateModified\":\"2025-01-14T10:58:37+00:00\",\"breadcrumb\":{\"@id\":\"https:\/\/aivlisoft.net\/shop\/producto\/vigi-nvr4032h-grabador-ip-rack-04-hdd-32-canales\/#breadcrumb\"},\"inLanguage\":\"es\",\"potentialAction\":[{\"@type\":\"ReadAction\",\"target\":[\"https:\/\/aivlisoft.net\/shop\/producto\/vigi-nvr4032h-grabador-ip-rack-04-hdd-32-canales\/\"]}]},{\"@type\":\"ImageObject\",\"inLanguage\":\"es\",\"@id\":\"https:\/\/aivlisoft.net\/shop\/producto\/vigi-nvr4032h-grabador-ip-rack-04-hdd-32-canales\/#primaryimage\",\"url\":\"https:\/\/aivlisoft.net\/shop\/wp-content\/uploads\/2025\/01\/GVVGVD0092_800.jpg\",\"contentUrl\":\"https:\/\/aivlisoft.net\/shop\/wp-content\/uploads\/2025\/01\/GVVGVD0092_800.jpg\",\"width\":800,\"height\":800},{\"@type\":\"BreadcrumbList\",\"@id\":\"https:\/\/aivlisoft.net\/shop\/producto\/vigi-nvr4032h-grabador-ip-rack-04-hdd-32-canales\/#breadcrumb\",\"itemListElement\":[{\"@type\":\"ListItem\",\"position\":1,\"name\":\"Portada\",\"item\":\"https:\/\/aivlisoft.net\/shop\/\"},{\"@type\":\"ListItem\",\"position\":2,\"name\":\"Tienda\",\"item\":\"https:\/\/aivlisoft.net\/shop\/tienda\/\"},{\"@type\":\"ListItem\",\"position\":3,\"name\":\"VIGI NVR4032H Grabador IP Rack 04 HDD 32 Canales\"}]},{\"@type\":\"WebSite\",\"@id\":\"https:\/\/aivlisoft.net\/shop\/#website\",\"url\":\"https:\/\/aivlisoft.net\/shop\/\",\"name\":\"Aivlisoft Inform\u00e1tica\",\"description\":\"En Aivlisoft Inform\u00e1tica ofrecemos soluciones tecnol\u00f3gicas para empresas: venta de ordenadores, consumibles, perif\u00e9ricos y m\u00e1s. Calidad, atenci\u00f3n personalizada y los mejores precios para tu negocio.\",\"publisher\":{\"@id\":\"https:\/\/aivlisoft.net\/shop\/#organization\"},\"potentialAction\":[{\"@type\":\"SearchAction\",\"target\":{\"@type\":\"EntryPoint\",\"urlTemplate\":\"https:\/\/aivlisoft.net\/shop\/?s={search_term_string}\"},\"query-input\":{\"@type\":\"PropertyValueSpecification\",\"valueRequired\":true,\"valueName\":\"search_term_string\"}}],\"inLanguage\":\"es\"},{\"@type\":\"Organization\",\"@id\":\"https:\/\/aivlisoft.net\/shop\/#organization\",\"name\":\"Aivlisoft Inform\u00e1tica\",\"url\":\"https:\/\/aivlisoft.net\/shop\/\",\"logo\":{\"@type\":\"ImageObject\",\"inLanguage\":\"es\",\"@id\":\"https:\/\/aivlisoft.net\/shop\/#\/schema\/logo\/image\/\",\"url\":\"https:\/\/aivlisoft.net\/shop\/wp-content\/uploads\/2024\/12\/removal.ai_5b848c54-0cdf-4140-95c5-c5536bb7573b-logodef.png\",\"contentUrl\":\"https:\/\/aivlisoft.net\/shop\/wp-content\/uploads\/2024\/12\/removal.ai_5b848c54-0cdf-4140-95c5-c5536bb7573b-logodef.png\",\"width\":484,\"height\":182,\"caption\":\"Aivlisoft Inform\u00e1tica\"},\"image\":{\"@id\":\"https:\/\/aivlisoft.net\/shop\/#\/schema\/logo\/image\/\"}}]}<\/script>\n<!-- \/ Yoast SEO plugin. -->","yoast_head_json":{"title":"VIGI NVR4032H Grabador IP Rack 04 HDD 32 Canales - Aivlisoft Inform\u00e1tica","robots":{"index":"index","follow":"follow","max-snippet":"max-snippet:-1","max-image-preview":"max-image-preview:large","max-video-preview":"max-video-preview:-1"},"canonical":"https:\/\/aivlisoft.net\/shop\/producto\/vigi-nvr4032h-grabador-ip-rack-04-hdd-32-canales\/","og_locale":"es_ES","og_type":"article","og_title":"VIGI NVR4032H Grabador IP Rack 04 HDD 32 Canales - Aivlisoft Inform\u00e1tica","og_description":"Marca VIGI Modelo VIGI NVR4032H V&iacute;deo y Audio &#8211; Entrada de v&iacute;deo IP: 32 canales &#8211; Ancho de banda entrada: 320 Mbps &#8211; Ancho de banda salida: 320 Mbps &#8211; Resoluci&oacute;n de salida HDMI: 1 Canal, Resolution: 3840&#215;2160\/30Hz,1920&#215;1080\/60Hz, 1680&#215;1050\/60Hz, 1440&#215;900\/60Hz, 1280&#215;1024\/60Hz, 1280&#215;720\/60Hz, 1024&#215;768\/60Hz &#8211; Resoluci&oacute;n de salida VGA: 1 Channel, Resolution: 1920&#215;1080\/60Hz,1680&#215;1050\/60Hz, 1440&#215;900\/60Hz, 1280&#215;1024\/60Hz, 1280&#215;720\/60Hz,&hellip;&nbsp;VIGI NVR4032H Grabador IP Rack 04 HDD 32 Canales","og_url":"https:\/\/aivlisoft.net\/shop\/producto\/vigi-nvr4032h-grabador-ip-rack-04-hdd-32-canales\/","og_site_name":"Aivlisoft Inform\u00e1tica","article_modified_time":"2025-01-14T10:58:37+00:00","og_image":[{"width":800,"height":800,"url":"https:\/\/aivlisoft.net\/shop\/wp-content\/uploads\/2025\/01\/GVVGVD0092_800.jpg","type":"image\/jpeg"}],"twitter_card":"summary_large_image","twitter_misc":{"Tiempo de lectura":"3 minutos"},"schema":{"@context":"https:\/\/schema.org","@graph":[{"@type":"WebPage","@id":"https:\/\/aivlisoft.net\/shop\/producto\/vigi-nvr4032h-grabador-ip-rack-04-hdd-32-canales\/","url":"https:\/\/aivlisoft.net\/shop\/producto\/vigi-nvr4032h-grabador-ip-rack-04-hdd-32-canales\/","name":"VIGI NVR4032H Grabador IP Rack 04 HDD 32 Canales - Aivlisoft Inform\u00e1tica","isPartOf":{"@id":"https:\/\/aivlisoft.net\/shop\/#website"},"primaryImageOfPage":{"@id":"https:\/\/aivlisoft.net\/shop\/producto\/vigi-nvr4032h-grabador-ip-rack-04-hdd-32-canales\/#primaryimage"},"image":{"@id":"https:\/\/aivlisoft.net\/shop\/producto\/vigi-nvr4032h-grabador-ip-rack-04-hdd-32-canales\/#primaryimage"},"thumbnailUrl":"https:\/\/aivlisoft.net\/shop\/wp-content\/uploads\/2025\/01\/GVVGVD0092_800.jpg","datePublished":"2025-01-13T14:14:45+00:00","dateModified":"2025-01-14T10:58:37+00:00","breadcrumb":{"@id":"https:\/\/aivlisoft.net\/shop\/producto\/vigi-nvr4032h-grabador-ip-rack-04-hdd-32-canales\/#breadcrumb"},"inLanguage":"es","potentialAction":[{"@type":"ReadAction","target":["https:\/\/aivlisoft.net\/shop\/producto\/vigi-nvr4032h-grabador-ip-rack-04-hdd-32-canales\/"]}]},{"@type":"ImageObject","inLanguage":"es","@id":"https:\/\/aivlisoft.net\/shop\/producto\/vigi-nvr4032h-grabador-ip-rack-04-hdd-32-canales\/#primaryimage","url":"https:\/\/aivlisoft.net\/shop\/wp-content\/uploads\/2025\/01\/GVVGVD0092_800.jpg","contentUrl":"https:\/\/aivlisoft.net\/shop\/wp-content\/uploads\/2025\/01\/GVVGVD0092_800.jpg","width":800,"height":800},{"@type":"BreadcrumbList","@id":"https:\/\/aivlisoft.net\/shop\/producto\/vigi-nvr4032h-grabador-ip-rack-04-hdd-32-canales\/#breadcrumb","itemListElement":[{"@type":"ListItem","position":1,"name":"Portada","item":"https:\/\/aivlisoft.net\/shop\/"},{"@type":"ListItem","position":2,"name":"Tienda","item":"https:\/\/aivlisoft.net\/shop\/tienda\/"},{"@type":"ListItem","position":3,"name":"VIGI NVR4032H Grabador IP Rack 04 HDD 32 Canales"}]},{"@type":"WebSite","@id":"https:\/\/aivlisoft.net\/shop\/#website","url":"https:\/\/aivlisoft.net\/shop\/","name":"Aivlisoft Inform\u00e1tica","description":"En Aivlisoft Inform\u00e1tica ofrecemos soluciones tecnol\u00f3gicas para empresas: venta de ordenadores, consumibles, perif\u00e9ricos y m\u00e1s. Calidad, atenci\u00f3n personalizada y los mejores precios para tu negocio.","publisher":{"@id":"https:\/\/aivlisoft.net\/shop\/#organization"},"potentialAction":[{"@type":"SearchAction","target":{"@type":"EntryPoint","urlTemplate":"https:\/\/aivlisoft.net\/shop\/?s={search_term_string}"},"query-input":{"@type":"PropertyValueSpecification","valueRequired":true,"valueName":"search_term_string"}}],"inLanguage":"es"},{"@type":"Organization","@id":"https:\/\/aivlisoft.net\/shop\/#organization","name":"Aivlisoft Inform\u00e1tica","url":"https:\/\/aivlisoft.net\/shop\/","logo":{"@type":"ImageObject","inLanguage":"es","@id":"https:\/\/aivlisoft.net\/shop\/#\/schema\/logo\/image\/","url":"https:\/\/aivlisoft.net\/shop\/wp-content\/uploads\/2024\/12\/removal.ai_5b848c54-0cdf-4140-95c5-c5536bb7573b-logodef.png","contentUrl":"https:\/\/aivlisoft.net\/shop\/wp-content\/uploads\/2024\/12\/removal.ai_5b848c54-0cdf-4140-95c5-c5536bb7573b-logodef.png","width":484,"height":182,"caption":"Aivlisoft Inform\u00e1tica"},"image":{"@id":"https:\/\/aivlisoft.net\/shop\/#\/schema\/logo\/image\/"}}]}},"_links":{"self":[{"href":"https:\/\/aivlisoft.net\/shop\/wp-json\/wp\/v2\/product\/11437","targetHints":{"allow":["GET"]}}],"collection":[{"href":"https:\/\/aivlisoft.net\/shop\/wp-json\/wp\/v2\/product"}],"about":[{"href":"https:\/\/aivlisoft.net\/shop\/wp-json\/wp\/v2\/types\/product"}],"wp:featuredmedia":[{"embeddable":true,"href":"https:\/\/aivlisoft.net\/shop\/wp-json\/wp\/v2\/media\/11438"}],"wp:attachment":[{"href":"https:\/\/aivlisoft.net\/shop\/wp-json\/wp\/v2\/media?parent=11437"}],"wp:term":[{"taxonomy":"product_brand","embeddable":true,"href":"https:\/\/aivlisoft.net\/shop\/wp-json\/wp\/v2\/product_brand?post=11437"},{"taxonomy":"product_cat","embeddable":true,"href":"https:\/\/aivlisoft.net\/shop\/wp-json\/wp\/v2\/product_cat?post=11437"},{"taxonomy":"product_tag","embeddable":true,"href":"https:\/\/aivlisoft.net\/shop\/wp-json\/wp\/v2\/product_tag?post=11437"}],"curies":[{"name":"wp","href":"https:\/\/api.w.org\/{rel}","templated":true}]}}