{"id":11423,"date":"2025-01-13T14:14:36","date_gmt":"2025-01-13T14:14:36","guid":{"rendered":"https:\/\/aivlisoft.com\/?post_type=product&#038;p=11423"},"modified":"2025-01-14T10:58:31","modified_gmt":"2025-01-14T10:58:31","slug":"synology-dva1622-nvr-2bay-4k-ia","status":"publish","type":"product","link":"https:\/\/aivlisoft.net\/shop\/producto\/synology-dva1622-nvr-2bay-4k-ia\/","title":{"rendered":"Synology DVA1622 NVR 2Bay 4K IA"},"content":{"rendered":"<p>&nbsp;<br \/>&nbsp;<\/p>\n<table class=\"tabla_caracteristicas k-table\" width=\"100%\">\n<tr>\n<td valign=\"top\"><strong>Marca <\/strong><\/td>\n<td valign=\"top\">Synology<\/td>\n<\/tr>\n<tr>\n<td valign=\"top\"><strong>Modelo <\/strong><\/td>\n<td valign=\"top\"><strong>DVA1622<\/strong><\/td>\n<\/tr>\n<tr>\n<td valign=\"top\"><strong>Software<\/strong><\/td>\n<td valign=\"top\"><strong>Sistema de archivos<\/strong><br \/>\t\t\t&#8211; Interno: Btrfs, ext4<br \/>\t\t\t&#8211; Externo: Btrfs, ext4, ext3, FAT32, NTFS, HFS+, exFAT<br \/>\t\t\t<strong>Gesti&oacute;n de almacenamiento<\/strong><br \/>\t\t\t&#8211; Tama&ntilde;o m&aacute;ximo de volumen individual: 108 TB<br \/>\t\t\t&#8211; N&uacute;mero m&aacute;ximo de instant&aacute;neas del sistema: 65.536<br \/>\t\t\t&#8211; N&uacute;mero m&aacute;ximo de vol&uacute;menes internos: 64<br \/>\t\t\t<strong>Servicios de archivos de uso compartido<\/strong><br \/>\t\t\t&#8211; N&uacute;mero m&aacute;ximo de cuentas de usuario locales: 2.048<br \/>\t\t\t&#8211; N&uacute;mero m&aacute;ximo de grupos locales: 256<br \/>\t\t\t&#8211; N&uacute;mero m&aacute;ximo de carpetas compartidas: 512<br \/>\t\t\t&#8211; N&uacute;mero m&aacute;ximo de conexiones SMB\/NFS\/AFP\/FTP simult&aacute;neas: 100<br \/>\t\t\t&#8211; Synology Hybrid RAID, Basic, JBOD, RAID 0, RAID 1<br \/>\t\t\t<strong>Otros<\/strong><br \/>\t\t\t&#8211; Privilegios: Lista de control de acceso (ACL) de Windows&reg; y privilegios de la aplicaci&oacute;n<br \/>\t\t\t&#8211; Servicios de directorio: Se conecta con servidores AD\/LDAP de Windows&reg;, lo que permite a los usuarios&nbsp;<br \/>\t\t\t&nbsp; de dominio iniciar sesi&oacute;n a trav&eacute;s de SMB\/ NFS\/AFP\/FTP\/File Station con sus credenciales existentes<br \/>\t\t\t&#8211; Seguridad Cortafuegos, cifrado de carpetas compartidas, cifrado SMB, FTP a trav&eacute;s de SSL\/TLS, SFTP, rsync a trav&eacute;s de SSH,<br \/>\t\t\t&nbsp; bloqueo autom&aacute;tico de inicio de sesi&oacute;n, compatibilidad con Let&#39;s Encrypt y HTTPS (conjuntos de cifrado personalizados)<\/td>\n<\/tr>\n<tr>\n<td valign=\"top\"><strong>Hardware<\/strong><\/td>\n<td valign=\"top\"><strong>CPU<\/strong><br \/>\t\t\t&#8211; Intel&trade; Celeron J4125 de 4 n&uacute;cleos (4 subprocesos) a 2,0 GHz, con turbo de hasta 2,7 GHz<br \/>\t\t\t&#8211; Motor de cifrado de hardware: AES-NI<br \/>\t\t\t<strong>Memoria<\/strong><br \/>\t\t\t&#8211; Memoria DDR4 de 6 GB (2 GB + 4 GB)<br \/>\t\t\t<strong>Almacenamiento<\/strong><br \/>\t\t\t&#8211; Tipos de unidades compatibles: 2 HDD SATA de 3,5&quot; (discos no incluidos)<br \/>\t\t\t&#8211; Unidades intercambiables en caliente<br \/>\t\t\t<strong>Puertos externos<\/strong><br \/>\t\t\t&#8211; Puertos externos<br \/>\t\t\t&nbsp; 2 x puerto USB 3.2 de 1.&ordf; generaci&oacute;n<br \/>\t\t\t&nbsp; 1 x HDMI<br \/>\t\t\t&#8211; Puertos LAN: 1 x 1 GbE RJ-45<br \/>\t\t\t<strong>Otros<\/strong><br \/>\t\t\t&#8211; Wake on LAN\/WAN<br \/>\t\t\t&#8211; Encendido\/apagado programado<br \/>\t\t\t&#8211; Ventiladores del sistema: 1 (92 x 92 x 25 mm)<br \/>\t\t\t&#8211; Tensi&oacute;n de alimentaci&oacute;n de entrada CA de 100 a 240 V CA<br \/>\t\t\t&#8211; Frecuencia de alimentaci&oacute;n: 50\/60 Hz, monof&aacute;sica<\/td>\n<\/tr>\n<tr>\n<td valign=\"top\"><strong>Otras Caracter&iacute;sitcas<\/strong><\/td>\n<td valign=\"top\"><strong>Apariencia<\/strong><br \/>\t\t\t&#8211; Factor de forma: Escritorio<br \/>\t\t\t&#8211; Tama&ntilde;o (Al. x An. x Pr.) 166 x 106 x 223 mm<br \/>\t\t\t&#8211; Peso 1,51 kg<br \/>\t\t\t<strong>Entorno<\/strong><br \/>\t\t\t&#8211; Temperatura operativa: De 0 &deg;C a 40 &deg;C (de 32 &deg;F a 104 &deg;F)<br \/>\t\t\t&#8211; Humedad relativa operativa: Del 8 % al 80 % de HR<br \/>\t\t\t&#8211; Temperatura de almacenamiento: De -20 &deg;C a 60 &deg;C (de -5 &deg;F a 140 &deg;F)<br \/>\t\t\t&#8211; Humedad relativa de almacenamiento: Del 5 % al 95 % de HR<br \/>\t\t\t&#8211; Altitud operativa m&aacute;xima 5000 m (16 400 ft)<br \/>\t\t\t<strong>Certificaci&oacute;n<\/strong><br \/>\t\t\t&#8211; Cumple con la normativa: RoHS<br \/>\t\t\t<strong>Contenido del paquete<\/strong><br \/>\t\t\t&#8211; Unidad principal del DVA1622<br \/>\t\t\t&#8211; Paquete de accesorios<br \/>\t\t\t&#8211; 1 adaptador de alimentaci&oacute;n de CA<br \/>\t\t\t&#8211; 1 cables de alimentaci&oacute;n de CA<br \/>\t\t\t&#8211; 1 cable LAN RJ-45<br \/>\t\t\t&#8211; Gu&iacute;a de instalaci&oacute;n r&aacute;pida<\/td>\n<\/tr>\n<tr>\n<td valign=\"top\"><strong>Fecha Revisi&oacute;n <\/strong><\/td>\n<td valign=\"top\">16-05-2022 por MPM<\/td>\n<\/tr>\n<\/table>\n","protected":false},"excerpt":{"rendered":"<p>&nbsp;&nbsp; Marca Synology Modelo DVA1622 Software Sistema de archivos &#8211; Interno: Btrfs, ext4 &#8211; Externo: Btrfs, ext4, ext3, FAT32, NTFS, HFS+, exFAT Gesti&oacute;n de almacenamiento &#8211; Tama&ntilde;o m&aacute;ximo de volumen individual: 108 TB &#8211; N&uacute;mero m&aacute;ximo de instant&aacute;neas del sistema: 65.536 &#8211; N&uacute;mero m&aacute;ximo de vol&uacute;menes internos: 64 Servicios de archivos de uso compartido &#8211;&hellip;&nbsp;<a href=\"https:\/\/aivlisoft.net\/shop\/producto\/synology-dva1622-nvr-2bay-4k-ia\/\" rel=\"bookmark\"><span class=\"screen-reader-text\">Synology DVA1622 NVR 2Bay 4K IA<\/span><\/a><\/p>\n","protected":false},"featured_media":11424,"template":"","meta":{"neve_meta_sidebar":"","neve_meta_container":"","neve_meta_enable_content_width":"","neve_meta_content_width":0,"neve_meta_title_alignment":"","neve_meta_author_avatar":"","neve_post_elements_order":"","neve_meta_disable_header":"","neve_meta_disable_footer":"","neve_meta_disable_title":""},"product_brand":[],"product_cat":[8726],"product_tag":[4540],"class_list":{"0":"post-11423","1":"product","2":"type-product","3":"status-publish","4":"has-post-thumbnail","6":"product_cat-grabadores-digitales","7":"product_tag-dva1622","9":"first","10":"instock","11":"taxable","12":"shipping-taxable","13":"purchasable","14":"product-type-simple"},"yoast_head":"<!-- This site is optimized with the Yoast SEO plugin v26.0 - https:\/\/yoast.com\/wordpress\/plugins\/seo\/ -->\n<title>Synology DVA1622 NVR 2Bay 4K IA - Aivlisoft Inform\u00e1tica<\/title>\n<meta name=\"robots\" content=\"index, follow, max-snippet:-1, max-image-preview:large, max-video-preview:-1\" \/>\n<link rel=\"canonical\" href=\"https:\/\/aivlisoft.net\/shop\/producto\/synology-dva1622-nvr-2bay-4k-ia\/\" \/>\n<meta property=\"og:locale\" content=\"es_ES\" \/>\n<meta property=\"og:type\" content=\"article\" \/>\n<meta property=\"og:title\" content=\"Synology DVA1622 NVR 2Bay 4K IA - Aivlisoft Inform\u00e1tica\" \/>\n<meta property=\"og:description\" content=\"&nbsp;&nbsp; Marca Synology Modelo DVA1622 Software Sistema de archivos &#8211; Interno: Btrfs, ext4 &#8211; Externo: Btrfs, ext4, ext3, FAT32, NTFS, HFS+, exFAT Gesti&oacute;n de almacenamiento &#8211; Tama&ntilde;o m&aacute;ximo de volumen individual: 108 TB &#8211; N&uacute;mero m&aacute;ximo de instant&aacute;neas del sistema: 65.536 &#8211; N&uacute;mero m&aacute;ximo de vol&uacute;menes internos: 64 Servicios de archivos de uso compartido &#8211;&hellip;&nbsp;Synology DVA1622 NVR 2Bay 4K IA\" \/>\n<meta property=\"og:url\" content=\"https:\/\/aivlisoft.net\/shop\/producto\/synology-dva1622-nvr-2bay-4k-ia\/\" \/>\n<meta property=\"og:site_name\" content=\"Aivlisoft Inform\u00e1tica\" \/>\n<meta property=\"article:modified_time\" content=\"2025-01-14T10:58:31+00:00\" \/>\n<meta property=\"og:image\" content=\"https:\/\/aivlisoft.net\/shop\/wp-content\/uploads\/2025\/01\/GVVGVD0088_800.jpg\" \/>\n\t<meta property=\"og:image:width\" content=\"800\" \/>\n\t<meta property=\"og:image:height\" content=\"800\" \/>\n\t<meta property=\"og:image:type\" content=\"image\/jpeg\" \/>\n<meta name=\"twitter:card\" content=\"summary_large_image\" \/>\n<meta name=\"twitter:label1\" content=\"Tiempo de lectura\" \/>\n\t<meta name=\"twitter:data1\" content=\"2 minutos\" \/>\n<script type=\"application\/ld+json\" class=\"yoast-schema-graph\">{\"@context\":\"https:\/\/schema.org\",\"@graph\":[{\"@type\":\"WebPage\",\"@id\":\"https:\/\/aivlisoft.net\/shop\/producto\/synology-dva1622-nvr-2bay-4k-ia\/\",\"url\":\"https:\/\/aivlisoft.net\/shop\/producto\/synology-dva1622-nvr-2bay-4k-ia\/\",\"name\":\"Synology DVA1622 NVR 2Bay 4K IA - Aivlisoft Inform\u00e1tica\",\"isPartOf\":{\"@id\":\"https:\/\/aivlisoft.net\/shop\/#website\"},\"primaryImageOfPage\":{\"@id\":\"https:\/\/aivlisoft.net\/shop\/producto\/synology-dva1622-nvr-2bay-4k-ia\/#primaryimage\"},\"image\":{\"@id\":\"https:\/\/aivlisoft.net\/shop\/producto\/synology-dva1622-nvr-2bay-4k-ia\/#primaryimage\"},\"thumbnailUrl\":\"https:\/\/aivlisoft.net\/shop\/wp-content\/uploads\/2025\/01\/GVVGVD0088_800.jpg\",\"datePublished\":\"2025-01-13T14:14:36+00:00\",\"dateModified\":\"2025-01-14T10:58:31+00:00\",\"breadcrumb\":{\"@id\":\"https:\/\/aivlisoft.net\/shop\/producto\/synology-dva1622-nvr-2bay-4k-ia\/#breadcrumb\"},\"inLanguage\":\"es\",\"potentialAction\":[{\"@type\":\"ReadAction\",\"target\":[\"https:\/\/aivlisoft.net\/shop\/producto\/synology-dva1622-nvr-2bay-4k-ia\/\"]}]},{\"@type\":\"ImageObject\",\"inLanguage\":\"es\",\"@id\":\"https:\/\/aivlisoft.net\/shop\/producto\/synology-dva1622-nvr-2bay-4k-ia\/#primaryimage\",\"url\":\"https:\/\/aivlisoft.net\/shop\/wp-content\/uploads\/2025\/01\/GVVGVD0088_800.jpg\",\"contentUrl\":\"https:\/\/aivlisoft.net\/shop\/wp-content\/uploads\/2025\/01\/GVVGVD0088_800.jpg\",\"width\":800,\"height\":800},{\"@type\":\"BreadcrumbList\",\"@id\":\"https:\/\/aivlisoft.net\/shop\/producto\/synology-dva1622-nvr-2bay-4k-ia\/#breadcrumb\",\"itemListElement\":[{\"@type\":\"ListItem\",\"position\":1,\"name\":\"Portada\",\"item\":\"https:\/\/aivlisoft.net\/shop\/\"},{\"@type\":\"ListItem\",\"position\":2,\"name\":\"Tienda\",\"item\":\"https:\/\/aivlisoft.net\/shop\/tienda\/\"},{\"@type\":\"ListItem\",\"position\":3,\"name\":\"Synology DVA1622 NVR 2Bay 4K IA\"}]},{\"@type\":\"WebSite\",\"@id\":\"https:\/\/aivlisoft.net\/shop\/#website\",\"url\":\"https:\/\/aivlisoft.net\/shop\/\",\"name\":\"Aivlisoft Inform\u00e1tica\",\"description\":\"En Aivlisoft Inform\u00e1tica ofrecemos soluciones tecnol\u00f3gicas para empresas: venta de ordenadores, consumibles, perif\u00e9ricos y m\u00e1s. Calidad, atenci\u00f3n personalizada y los mejores precios para tu negocio.\",\"publisher\":{\"@id\":\"https:\/\/aivlisoft.net\/shop\/#organization\"},\"potentialAction\":[{\"@type\":\"SearchAction\",\"target\":{\"@type\":\"EntryPoint\",\"urlTemplate\":\"https:\/\/aivlisoft.net\/shop\/?s={search_term_string}\"},\"query-input\":{\"@type\":\"PropertyValueSpecification\",\"valueRequired\":true,\"valueName\":\"search_term_string\"}}],\"inLanguage\":\"es\"},{\"@type\":\"Organization\",\"@id\":\"https:\/\/aivlisoft.net\/shop\/#organization\",\"name\":\"Aivlisoft Inform\u00e1tica\",\"url\":\"https:\/\/aivlisoft.net\/shop\/\",\"logo\":{\"@type\":\"ImageObject\",\"inLanguage\":\"es\",\"@id\":\"https:\/\/aivlisoft.net\/shop\/#\/schema\/logo\/image\/\",\"url\":\"https:\/\/aivlisoft.net\/shop\/wp-content\/uploads\/2024\/12\/removal.ai_5b848c54-0cdf-4140-95c5-c5536bb7573b-logodef.png\",\"contentUrl\":\"https:\/\/aivlisoft.net\/shop\/wp-content\/uploads\/2024\/12\/removal.ai_5b848c54-0cdf-4140-95c5-c5536bb7573b-logodef.png\",\"width\":484,\"height\":182,\"caption\":\"Aivlisoft Inform\u00e1tica\"},\"image\":{\"@id\":\"https:\/\/aivlisoft.net\/shop\/#\/schema\/logo\/image\/\"}}]}<\/script>\n<!-- \/ Yoast SEO plugin. -->","yoast_head_json":{"title":"Synology DVA1622 NVR 2Bay 4K IA - Aivlisoft Inform\u00e1tica","robots":{"index":"index","follow":"follow","max-snippet":"max-snippet:-1","max-image-preview":"max-image-preview:large","max-video-preview":"max-video-preview:-1"},"canonical":"https:\/\/aivlisoft.net\/shop\/producto\/synology-dva1622-nvr-2bay-4k-ia\/","og_locale":"es_ES","og_type":"article","og_title":"Synology DVA1622 NVR 2Bay 4K IA - Aivlisoft Inform\u00e1tica","og_description":"&nbsp;&nbsp; Marca Synology Modelo DVA1622 Software Sistema de archivos &#8211; Interno: Btrfs, ext4 &#8211; Externo: Btrfs, ext4, ext3, FAT32, NTFS, HFS+, exFAT Gesti&oacute;n de almacenamiento &#8211; Tama&ntilde;o m&aacute;ximo de volumen individual: 108 TB &#8211; N&uacute;mero m&aacute;ximo de instant&aacute;neas del sistema: 65.536 &#8211; N&uacute;mero m&aacute;ximo de vol&uacute;menes internos: 64 Servicios de archivos de uso compartido &#8211;&hellip;&nbsp;Synology DVA1622 NVR 2Bay 4K IA","og_url":"https:\/\/aivlisoft.net\/shop\/producto\/synology-dva1622-nvr-2bay-4k-ia\/","og_site_name":"Aivlisoft Inform\u00e1tica","article_modified_time":"2025-01-14T10:58:31+00:00","og_image":[{"width":800,"height":800,"url":"https:\/\/aivlisoft.net\/shop\/wp-content\/uploads\/2025\/01\/GVVGVD0088_800.jpg","type":"image\/jpeg"}],"twitter_card":"summary_large_image","twitter_misc":{"Tiempo de lectura":"2 minutos"},"schema":{"@context":"https:\/\/schema.org","@graph":[{"@type":"WebPage","@id":"https:\/\/aivlisoft.net\/shop\/producto\/synology-dva1622-nvr-2bay-4k-ia\/","url":"https:\/\/aivlisoft.net\/shop\/producto\/synology-dva1622-nvr-2bay-4k-ia\/","name":"Synology DVA1622 NVR 2Bay 4K IA - Aivlisoft Inform\u00e1tica","isPartOf":{"@id":"https:\/\/aivlisoft.net\/shop\/#website"},"primaryImageOfPage":{"@id":"https:\/\/aivlisoft.net\/shop\/producto\/synology-dva1622-nvr-2bay-4k-ia\/#primaryimage"},"image":{"@id":"https:\/\/aivlisoft.net\/shop\/producto\/synology-dva1622-nvr-2bay-4k-ia\/#primaryimage"},"thumbnailUrl":"https:\/\/aivlisoft.net\/shop\/wp-content\/uploads\/2025\/01\/GVVGVD0088_800.jpg","datePublished":"2025-01-13T14:14:36+00:00","dateModified":"2025-01-14T10:58:31+00:00","breadcrumb":{"@id":"https:\/\/aivlisoft.net\/shop\/producto\/synology-dva1622-nvr-2bay-4k-ia\/#breadcrumb"},"inLanguage":"es","potentialAction":[{"@type":"ReadAction","target":["https:\/\/aivlisoft.net\/shop\/producto\/synology-dva1622-nvr-2bay-4k-ia\/"]}]},{"@type":"ImageObject","inLanguage":"es","@id":"https:\/\/aivlisoft.net\/shop\/producto\/synology-dva1622-nvr-2bay-4k-ia\/#primaryimage","url":"https:\/\/aivlisoft.net\/shop\/wp-content\/uploads\/2025\/01\/GVVGVD0088_800.jpg","contentUrl":"https:\/\/aivlisoft.net\/shop\/wp-content\/uploads\/2025\/01\/GVVGVD0088_800.jpg","width":800,"height":800},{"@type":"BreadcrumbList","@id":"https:\/\/aivlisoft.net\/shop\/producto\/synology-dva1622-nvr-2bay-4k-ia\/#breadcrumb","itemListElement":[{"@type":"ListItem","position":1,"name":"Portada","item":"https:\/\/aivlisoft.net\/shop\/"},{"@type":"ListItem","position":2,"name":"Tienda","item":"https:\/\/aivlisoft.net\/shop\/tienda\/"},{"@type":"ListItem","position":3,"name":"Synology DVA1622 NVR 2Bay 4K IA"}]},{"@type":"WebSite","@id":"https:\/\/aivlisoft.net\/shop\/#website","url":"https:\/\/aivlisoft.net\/shop\/","name":"Aivlisoft Inform\u00e1tica","description":"En Aivlisoft Inform\u00e1tica ofrecemos soluciones tecnol\u00f3gicas para empresas: venta de ordenadores, consumibles, perif\u00e9ricos y m\u00e1s. Calidad, atenci\u00f3n personalizada y los mejores precios para tu negocio.","publisher":{"@id":"https:\/\/aivlisoft.net\/shop\/#organization"},"potentialAction":[{"@type":"SearchAction","target":{"@type":"EntryPoint","urlTemplate":"https:\/\/aivlisoft.net\/shop\/?s={search_term_string}"},"query-input":{"@type":"PropertyValueSpecification","valueRequired":true,"valueName":"search_term_string"}}],"inLanguage":"es"},{"@type":"Organization","@id":"https:\/\/aivlisoft.net\/shop\/#organization","name":"Aivlisoft Inform\u00e1tica","url":"https:\/\/aivlisoft.net\/shop\/","logo":{"@type":"ImageObject","inLanguage":"es","@id":"https:\/\/aivlisoft.net\/shop\/#\/schema\/logo\/image\/","url":"https:\/\/aivlisoft.net\/shop\/wp-content\/uploads\/2024\/12\/removal.ai_5b848c54-0cdf-4140-95c5-c5536bb7573b-logodef.png","contentUrl":"https:\/\/aivlisoft.net\/shop\/wp-content\/uploads\/2024\/12\/removal.ai_5b848c54-0cdf-4140-95c5-c5536bb7573b-logodef.png","width":484,"height":182,"caption":"Aivlisoft Inform\u00e1tica"},"image":{"@id":"https:\/\/aivlisoft.net\/shop\/#\/schema\/logo\/image\/"}}]}},"_links":{"self":[{"href":"https:\/\/aivlisoft.net\/shop\/wp-json\/wp\/v2\/product\/11423","targetHints":{"allow":["GET"]}}],"collection":[{"href":"https:\/\/aivlisoft.net\/shop\/wp-json\/wp\/v2\/product"}],"about":[{"href":"https:\/\/aivlisoft.net\/shop\/wp-json\/wp\/v2\/types\/product"}],"wp:featuredmedia":[{"embeddable":true,"href":"https:\/\/aivlisoft.net\/shop\/wp-json\/wp\/v2\/media\/11424"}],"wp:attachment":[{"href":"https:\/\/aivlisoft.net\/shop\/wp-json\/wp\/v2\/media?parent=11423"}],"wp:term":[{"taxonomy":"product_brand","embeddable":true,"href":"https:\/\/aivlisoft.net\/shop\/wp-json\/wp\/v2\/product_brand?post=11423"},{"taxonomy":"product_cat","embeddable":true,"href":"https:\/\/aivlisoft.net\/shop\/wp-json\/wp\/v2\/product_cat?post=11423"},{"taxonomy":"product_tag","embeddable":true,"href":"https:\/\/aivlisoft.net\/shop\/wp-json\/wp\/v2\/product_tag?post=11423"}],"curies":[{"name":"wp","href":"https:\/\/api.w.org\/{rel}","templated":true}]}}