{"id":11409,"date":"2025-01-13T14:14:31","date_gmt":"2025-01-13T14:14:31","guid":{"rendered":"https:\/\/aivlisoft.com\/?post_type=product&#038;p=11409"},"modified":"2025-01-14T10:58:29","modified_gmt":"2025-01-14T10:58:29","slug":"synology-dva3221-network-video-recorder-4bay","status":"publish","type":"product","link":"https:\/\/aivlisoft.net\/shop\/producto\/synology-dva3221-network-video-recorder-4bay\/","title":{"rendered":"SYNOLOGY DVA3221 Network Video Recorder 4Bay"},"content":{"rendered":"<p>&nbsp;<\/p>\n<table class=\"tabla_caracteristicas k-table\" width=\"100%\">\n<tbody>\n<tr>\n<td valign=\"top\"><strong>Marca <\/strong><\/td>\n<td valign=\"top\">Synology<\/td>\n<\/tr>\n<tr>\n<td valign=\"top\"><strong>Modelo <\/strong><\/td>\n<td valign=\"top\"><strong>DVA3221<\/strong><\/td>\n<\/tr>\n<tr>\n<td valign=\"top\"><strong><\/strong><strong>Especificaciones de hardware<\/strong><\/td>\n<td valign=\"top\"><strong>CPU<\/strong><br \/>&#8211; Modelo de CPU: Intel Atom C3538<br \/>&#8211; Arquitectura de CPU: 64-bit<br \/>&#8211; Frecuencia de CPU: N&uacute;cleo cu&aacute;druple 2.1 GHz<br \/>&#8211; Motor de cifrado de hardware (AES-IN)<br \/><strong>GPU<\/strong><br \/>&#8211; Modelo de GPU: NVIDIA GeForce GTX 1650<br \/><strong>Memoria<\/strong><br \/>&#8211; Memoria del sistema: 8 GB DDR4 (4 GB x 2)<br \/>&#8211; Ranuras de memoria totales: 2<br \/>&#8211; Memoria ampliable hasta: 32 GB (16 GB x 2)<br \/><strong>Almacenamiento<\/strong><br \/>&#8211; Recept&aacute;culo(s) de unidad: 4<br \/>&#8211; Recept&aacute;culos de unidad m&aacute;x. con la unidad de expansi&oacute;n: 14 (DX517 x 2)<br \/>&#8211; Capacidad m&aacute;xima bruta interna: 64 TB (unidad de disco duro de 16 TB x 4) (la capacidad puede variar seg&uacute;n el tipo de RAID)<br \/>&#8211; Capacidad m&aacute;xima bruta con unidades de expansi&oacute;n: 224 TB (unidad de disco duro de 16 TB x 14) (la capacidad puede variar seg&uacute;n el tipo de RAID)<br \/>&#8211; Tama&ntilde;o m&aacute;ximo de volumen individual: 108 TB <br \/>&#8211; Unidad de intercambio en caliente.<br \/><strong>Puertos externos<\/strong><br \/>&#8211; Puerto RJ-45 1GbE LAN: 4 (Con soporte de Conmutaci&oacute;n por error \/ Link Aggregation)<br \/>&#8211; Puerto USB 3.0: 3<br \/>&#8211; Puerto eSATA: 2<br \/>&#8211; COM Port: 1 <br \/><strong>Apariencia<\/strong><br \/>&#8211; Tama&ntilde;o (Altura x Anchura x Profundidad): 166 mm x 250 mm x 237 mm<br \/>&#8211; Peso: 4.92 kg<br \/><strong>Otros<\/strong><br \/>&#8211; Despertar con LAN \/ WAN<br \/>&#8211; Ventilador del sistema: 120 mm x 120 mm x 1 pcs<br \/>&#8211; Modo de velocidad de ventilador:&nbsp;<br \/>&nbsp; &nbsp; Modo fresco<br \/>&nbsp; &nbsp; Modo silencioso<br \/>&nbsp; &nbsp; Modo Velocidad completa<br \/>&#8211; Recuperaci&oacute;n de energ&iacute;a&nbsp;<br \/>&#8211; Nivel de ruido: 28.3 dB(A)<br \/>&#8211; Encendido y apagado programado&nbsp;<br \/>&#8211; Fuente \/ Adaptador de alimentaci&oacute;n: 250 W<br \/>&#8211; Voltaje de alimentaci&oacute;n de entrada CA: De 100 V a 240 V CA<br \/>&#8211; Frecuencia de alimentaci&oacute;n: 50\/60 Hz, Monof&aacute;sico<br \/>&#8211; Consumo de energ&iacute;a:&nbsp;<br \/>&nbsp; &nbsp; 43.92 W (Acceso)<br \/>&nbsp; &nbsp; 28.43 W (Hibernaci&oacute;n de unidad de disco duro)<br \/>&#8211; British thermal unit:&nbsp;<br \/>&nbsp; &nbsp; 149.86 BTU\/hr (Acceso)<br \/>&nbsp; &nbsp; 97.01 BTU\/hr (Hibernaci&oacute;n de unidad de disco duro)<br \/><strong>Temperatura<\/strong><br \/>&#8211; Temperatura operativa: 0&deg;C a 40&deg;C (32&deg;F a 104&deg;F)<br \/>&#8211; Temperatura de almacenamiento: -20&deg;C a 60&deg;C (-5&deg;F a 140&deg;F)<br \/>&#8211; Humedad relativa: 5% a 95% RH<br \/><strong>Certificaci&oacute;n<\/strong><br \/>&#8211; FCC<br \/>&#8211; CE<br \/>&#8211; BSMI<br \/>&#8211; EAC<br \/>&#8211; VCCI<br \/>&#8211; RCM<br \/><strong>Contenido del paquete<\/strong><br \/>&#8211; Unidad principal X 1<br \/>&#8211; Paquete de accesorios X 1<br \/>&#8211; Cable de alimentaci&oacute;n CA X 1<br \/>&#8211; Cable RJ-45 LAN X 2<br \/>&#8211; Gu&iacute;a de instalaci&oacute;n r&aacute;pida X 1<\/td>\n<\/tr>\n<tr>\n<td valign=\"top\"><strong>Especificaciones del software<\/strong><\/td>\n<td valign=\"top\"><strong>Sistema de archivos<\/strong><br \/>&#8211; Unidades internas:<br \/>&nbsp; &nbsp; Btrfs<br \/>&nbsp; &nbsp; EXT4<br \/><strong>Gesti&oacute;n de almacenamiento<\/strong><br \/>&#8211; N&uacute;mero m&aacute;x. de volumen interno: 64<br \/>&#8211; Tipo de RAID compatible:&nbsp;<br \/>&nbsp; &nbsp; Synology Hybrid RAID<br \/>&nbsp; &nbsp; Basic<br \/>&nbsp; &nbsp; JBOD<br \/>&nbsp; &nbsp; RAID 0<br \/>&nbsp; &nbsp; RAID 1<br \/>&nbsp; &nbsp; RAID 5<br \/>&nbsp; &nbsp; RAID 6<br \/>&nbsp; &nbsp; RAID 10<br \/>&#8211; Migraci&oacute;n de RAID:&nbsp;<br \/>&nbsp; &nbsp; Basic to RAID 1<br \/>&nbsp; &nbsp; Basic to RAID 5<br \/>&nbsp; &nbsp; RAID 1 to RAID 5<br \/>&nbsp; &nbsp; RAID 5 to RAID 6<br \/>&#8211; Expansi&oacute;n de volumen con unidades de disco duro m&aacute;s grandes:&nbsp;<br \/>&nbsp; &nbsp; Synology Hybrid RAID<br \/>&nbsp; &nbsp; RAID 10<br \/>&nbsp; &nbsp; RAID 1<br \/>&nbsp; &nbsp; RAID 5<br \/>&nbsp; &nbsp; RAID 6<br \/>&#8211; Expansi&oacute;n de volumen a&ntilde;adiendo una unidad de disco duro:&nbsp;<br \/>&nbsp; &nbsp; Synology Hybrid RAID<br \/>&nbsp; &nbsp; JBOD<br \/>&nbsp; &nbsp; RAID 5<br \/>&nbsp; &nbsp; RAID 6 (con unidad de expansi&oacute;n)<br \/>&#8211; Tipo de RAID compatible con Global Hot Spare:&nbsp;<br \/>&nbsp; &nbsp; Synology Hybrid RAID<br \/>&nbsp; &nbsp; RAID 1<br \/>&nbsp; &nbsp; RAID 5<br \/>&nbsp; &nbsp; RAID 6<br \/>&nbsp; &nbsp; RAID 10<br \/><strong>Servicios de archivos<\/strong><br \/>&#8211; Protocolo de archivos: CIFS\/AFP\/NFS\/FTP\/WebDAV<br \/><strong>Cuenta y carpeta compartida<\/strong><br \/>&#8211; N&uacute;m. m&aacute;ximo de cuentas de usuario local: 2,048<br \/>&#8211; N&uacute;m. m&aacute;ximo de grupos locales: 256<br \/>&#8211; N&uacute;mero m&aacute;x. de carpetas compartidas: 512<br \/><strong>Otros<\/strong><br \/>&#8211; Protocolos de red: SMB1 (CIFS), SMB2, SMB3, NFSv3, NFSv4, NFSv4.1, NFS Kerberized sessions, iSCSI, HTTP, HTTPs, FTP, SNMP, LDAP, CalDAV<br \/>&#8211; Exploradores compatibles:&nbsp;<br \/>&nbsp; &nbsp; Chrome<br \/>&nbsp; &nbsp; Firefox<br \/>&#8211; VPN Server: conexiones m&aacute;ximas 30<\/td>\n<\/tr>\n<tr>\n<td valign=\"top\"><strong>Fecha Revisi&oacute;n <\/strong><\/td>\n<td valign=\"top\">17-11-2020 por MPM<\/td>\n<\/tr>\n<\/tbody>\n<\/table>\n","protected":false},"excerpt":{"rendered":"<p>&nbsp; Marca Synology Modelo DVA3221 Especificaciones de hardware CPU&#8211; Modelo de CPU: Intel Atom C3538&#8211; Arquitectura de CPU: 64-bit&#8211; Frecuencia de CPU: N&uacute;cleo cu&aacute;druple 2.1 GHz&#8211; Motor de cifrado de hardware (AES-IN)GPU&#8211; Modelo de GPU: NVIDIA GeForce GTX 1650Memoria&#8211; Memoria del sistema: 8 GB DDR4 (4 GB x 2)&#8211; Ranuras de memoria totales: 2&#8211; Memoria&hellip;&nbsp;<a href=\"https:\/\/aivlisoft.net\/shop\/producto\/synology-dva3221-network-video-recorder-4bay\/\" rel=\"bookmark\"><span class=\"screen-reader-text\">SYNOLOGY DVA3221 Network Video Recorder 4Bay<\/span><\/a><\/p>\n","protected":false},"featured_media":11410,"template":"","meta":{"neve_meta_sidebar":"","neve_meta_container":"","neve_meta_enable_content_width":"","neve_meta_content_width":0,"neve_meta_title_alignment":"","neve_meta_author_avatar":"","neve_post_elements_order":"","neve_meta_disable_header":"","neve_meta_disable_footer":"","neve_meta_disable_title":""},"product_brand":[],"product_cat":[8726],"product_tag":[4537],"class_list":{"0":"post-11409","1":"product","2":"type-product","3":"status-publish","4":"has-post-thumbnail","6":"product_cat-grabadores-digitales","7":"product_tag-dva3221","9":"first","10":"instock","11":"taxable","12":"shipping-taxable","13":"purchasable","14":"product-type-simple"},"yoast_head":"<!-- This site is optimized with the Yoast SEO plugin v26.0 - https:\/\/yoast.com\/wordpress\/plugins\/seo\/ -->\n<title>SYNOLOGY DVA3221 Network Video Recorder 4Bay - Aivlisoft Inform\u00e1tica<\/title>\n<meta name=\"robots\" content=\"index, follow, max-snippet:-1, max-image-preview:large, max-video-preview:-1\" \/>\n<link rel=\"canonical\" href=\"https:\/\/aivlisoft.net\/shop\/producto\/synology-dva3221-network-video-recorder-4bay\/\" \/>\n<meta property=\"og:locale\" content=\"es_ES\" \/>\n<meta property=\"og:type\" content=\"article\" \/>\n<meta property=\"og:title\" content=\"SYNOLOGY DVA3221 Network Video Recorder 4Bay - Aivlisoft Inform\u00e1tica\" \/>\n<meta property=\"og:description\" content=\"&nbsp; Marca Synology Modelo DVA3221 Especificaciones de hardware CPU&#8211; Modelo de CPU: Intel Atom C3538&#8211; Arquitectura de CPU: 64-bit&#8211; Frecuencia de CPU: N&uacute;cleo cu&aacute;druple 2.1 GHz&#8211; Motor de cifrado de hardware (AES-IN)GPU&#8211; Modelo de GPU: NVIDIA GeForce GTX 1650Memoria&#8211; Memoria del sistema: 8 GB DDR4 (4 GB x 2)&#8211; Ranuras de memoria totales: 2&#8211; Memoria&hellip;&nbsp;SYNOLOGY DVA3221 Network Video Recorder 4Bay\" \/>\n<meta property=\"og:url\" content=\"https:\/\/aivlisoft.net\/shop\/producto\/synology-dva3221-network-video-recorder-4bay\/\" \/>\n<meta property=\"og:site_name\" content=\"Aivlisoft Inform\u00e1tica\" \/>\n<meta property=\"article:modified_time\" content=\"2025-01-14T10:58:29+00:00\" \/>\n<meta property=\"og:image\" content=\"https:\/\/aivlisoft.net\/shop\/wp-content\/uploads\/2025\/01\/GVVGVD0084_800.jpg\" \/>\n\t<meta property=\"og:image:width\" content=\"800\" \/>\n\t<meta property=\"og:image:height\" content=\"800\" \/>\n\t<meta property=\"og:image:type\" content=\"image\/jpeg\" \/>\n<meta name=\"twitter:card\" content=\"summary_large_image\" \/>\n<meta name=\"twitter:label1\" content=\"Tiempo de lectura\" \/>\n\t<meta name=\"twitter:data1\" content=\"3 minutos\" \/>\n<script type=\"application\/ld+json\" class=\"yoast-schema-graph\">{\"@context\":\"https:\/\/schema.org\",\"@graph\":[{\"@type\":\"WebPage\",\"@id\":\"https:\/\/aivlisoft.net\/shop\/producto\/synology-dva3221-network-video-recorder-4bay\/\",\"url\":\"https:\/\/aivlisoft.net\/shop\/producto\/synology-dva3221-network-video-recorder-4bay\/\",\"name\":\"SYNOLOGY DVA3221 Network Video Recorder 4Bay - Aivlisoft Inform\u00e1tica\",\"isPartOf\":{\"@id\":\"https:\/\/aivlisoft.net\/shop\/#website\"},\"primaryImageOfPage\":{\"@id\":\"https:\/\/aivlisoft.net\/shop\/producto\/synology-dva3221-network-video-recorder-4bay\/#primaryimage\"},\"image\":{\"@id\":\"https:\/\/aivlisoft.net\/shop\/producto\/synology-dva3221-network-video-recorder-4bay\/#primaryimage\"},\"thumbnailUrl\":\"https:\/\/aivlisoft.net\/shop\/wp-content\/uploads\/2025\/01\/GVVGVD0084_800.jpg\",\"datePublished\":\"2025-01-13T14:14:31+00:00\",\"dateModified\":\"2025-01-14T10:58:29+00:00\",\"breadcrumb\":{\"@id\":\"https:\/\/aivlisoft.net\/shop\/producto\/synology-dva3221-network-video-recorder-4bay\/#breadcrumb\"},\"inLanguage\":\"es\",\"potentialAction\":[{\"@type\":\"ReadAction\",\"target\":[\"https:\/\/aivlisoft.net\/shop\/producto\/synology-dva3221-network-video-recorder-4bay\/\"]}]},{\"@type\":\"ImageObject\",\"inLanguage\":\"es\",\"@id\":\"https:\/\/aivlisoft.net\/shop\/producto\/synology-dva3221-network-video-recorder-4bay\/#primaryimage\",\"url\":\"https:\/\/aivlisoft.net\/shop\/wp-content\/uploads\/2025\/01\/GVVGVD0084_800.jpg\",\"contentUrl\":\"https:\/\/aivlisoft.net\/shop\/wp-content\/uploads\/2025\/01\/GVVGVD0084_800.jpg\",\"width\":800,\"height\":800},{\"@type\":\"BreadcrumbList\",\"@id\":\"https:\/\/aivlisoft.net\/shop\/producto\/synology-dva3221-network-video-recorder-4bay\/#breadcrumb\",\"itemListElement\":[{\"@type\":\"ListItem\",\"position\":1,\"name\":\"Portada\",\"item\":\"https:\/\/aivlisoft.net\/shop\/\"},{\"@type\":\"ListItem\",\"position\":2,\"name\":\"Tienda\",\"item\":\"https:\/\/aivlisoft.net\/shop\/tienda\/\"},{\"@type\":\"ListItem\",\"position\":3,\"name\":\"SYNOLOGY DVA3221 Network Video Recorder 4Bay\"}]},{\"@type\":\"WebSite\",\"@id\":\"https:\/\/aivlisoft.net\/shop\/#website\",\"url\":\"https:\/\/aivlisoft.net\/shop\/\",\"name\":\"Aivlisoft Inform\u00e1tica\",\"description\":\"En Aivlisoft Inform\u00e1tica ofrecemos soluciones tecnol\u00f3gicas para empresas: venta de ordenadores, consumibles, perif\u00e9ricos y m\u00e1s. Calidad, atenci\u00f3n personalizada y los mejores precios para tu negocio.\",\"publisher\":{\"@id\":\"https:\/\/aivlisoft.net\/shop\/#organization\"},\"potentialAction\":[{\"@type\":\"SearchAction\",\"target\":{\"@type\":\"EntryPoint\",\"urlTemplate\":\"https:\/\/aivlisoft.net\/shop\/?s={search_term_string}\"},\"query-input\":{\"@type\":\"PropertyValueSpecification\",\"valueRequired\":true,\"valueName\":\"search_term_string\"}}],\"inLanguage\":\"es\"},{\"@type\":\"Organization\",\"@id\":\"https:\/\/aivlisoft.net\/shop\/#organization\",\"name\":\"Aivlisoft Inform\u00e1tica\",\"url\":\"https:\/\/aivlisoft.net\/shop\/\",\"logo\":{\"@type\":\"ImageObject\",\"inLanguage\":\"es\",\"@id\":\"https:\/\/aivlisoft.net\/shop\/#\/schema\/logo\/image\/\",\"url\":\"https:\/\/aivlisoft.net\/shop\/wp-content\/uploads\/2024\/12\/removal.ai_5b848c54-0cdf-4140-95c5-c5536bb7573b-logodef.png\",\"contentUrl\":\"https:\/\/aivlisoft.net\/shop\/wp-content\/uploads\/2024\/12\/removal.ai_5b848c54-0cdf-4140-95c5-c5536bb7573b-logodef.png\",\"width\":484,\"height\":182,\"caption\":\"Aivlisoft Inform\u00e1tica\"},\"image\":{\"@id\":\"https:\/\/aivlisoft.net\/shop\/#\/schema\/logo\/image\/\"}}]}<\/script>\n<!-- \/ Yoast SEO plugin. -->","yoast_head_json":{"title":"SYNOLOGY DVA3221 Network Video Recorder 4Bay - Aivlisoft Inform\u00e1tica","robots":{"index":"index","follow":"follow","max-snippet":"max-snippet:-1","max-image-preview":"max-image-preview:large","max-video-preview":"max-video-preview:-1"},"canonical":"https:\/\/aivlisoft.net\/shop\/producto\/synology-dva3221-network-video-recorder-4bay\/","og_locale":"es_ES","og_type":"article","og_title":"SYNOLOGY DVA3221 Network Video Recorder 4Bay - Aivlisoft Inform\u00e1tica","og_description":"&nbsp; Marca Synology Modelo DVA3221 Especificaciones de hardware CPU&#8211; Modelo de CPU: Intel Atom C3538&#8211; Arquitectura de CPU: 64-bit&#8211; Frecuencia de CPU: N&uacute;cleo cu&aacute;druple 2.1 GHz&#8211; Motor de cifrado de hardware (AES-IN)GPU&#8211; Modelo de GPU: NVIDIA GeForce GTX 1650Memoria&#8211; Memoria del sistema: 8 GB DDR4 (4 GB x 2)&#8211; Ranuras de memoria totales: 2&#8211; Memoria&hellip;&nbsp;SYNOLOGY DVA3221 Network Video Recorder 4Bay","og_url":"https:\/\/aivlisoft.net\/shop\/producto\/synology-dva3221-network-video-recorder-4bay\/","og_site_name":"Aivlisoft Inform\u00e1tica","article_modified_time":"2025-01-14T10:58:29+00:00","og_image":[{"width":800,"height":800,"url":"https:\/\/aivlisoft.net\/shop\/wp-content\/uploads\/2025\/01\/GVVGVD0084_800.jpg","type":"image\/jpeg"}],"twitter_card":"summary_large_image","twitter_misc":{"Tiempo de lectura":"3 minutos"},"schema":{"@context":"https:\/\/schema.org","@graph":[{"@type":"WebPage","@id":"https:\/\/aivlisoft.net\/shop\/producto\/synology-dva3221-network-video-recorder-4bay\/","url":"https:\/\/aivlisoft.net\/shop\/producto\/synology-dva3221-network-video-recorder-4bay\/","name":"SYNOLOGY DVA3221 Network Video Recorder 4Bay - Aivlisoft Inform\u00e1tica","isPartOf":{"@id":"https:\/\/aivlisoft.net\/shop\/#website"},"primaryImageOfPage":{"@id":"https:\/\/aivlisoft.net\/shop\/producto\/synology-dva3221-network-video-recorder-4bay\/#primaryimage"},"image":{"@id":"https:\/\/aivlisoft.net\/shop\/producto\/synology-dva3221-network-video-recorder-4bay\/#primaryimage"},"thumbnailUrl":"https:\/\/aivlisoft.net\/shop\/wp-content\/uploads\/2025\/01\/GVVGVD0084_800.jpg","datePublished":"2025-01-13T14:14:31+00:00","dateModified":"2025-01-14T10:58:29+00:00","breadcrumb":{"@id":"https:\/\/aivlisoft.net\/shop\/producto\/synology-dva3221-network-video-recorder-4bay\/#breadcrumb"},"inLanguage":"es","potentialAction":[{"@type":"ReadAction","target":["https:\/\/aivlisoft.net\/shop\/producto\/synology-dva3221-network-video-recorder-4bay\/"]}]},{"@type":"ImageObject","inLanguage":"es","@id":"https:\/\/aivlisoft.net\/shop\/producto\/synology-dva3221-network-video-recorder-4bay\/#primaryimage","url":"https:\/\/aivlisoft.net\/shop\/wp-content\/uploads\/2025\/01\/GVVGVD0084_800.jpg","contentUrl":"https:\/\/aivlisoft.net\/shop\/wp-content\/uploads\/2025\/01\/GVVGVD0084_800.jpg","width":800,"height":800},{"@type":"BreadcrumbList","@id":"https:\/\/aivlisoft.net\/shop\/producto\/synology-dva3221-network-video-recorder-4bay\/#breadcrumb","itemListElement":[{"@type":"ListItem","position":1,"name":"Portada","item":"https:\/\/aivlisoft.net\/shop\/"},{"@type":"ListItem","position":2,"name":"Tienda","item":"https:\/\/aivlisoft.net\/shop\/tienda\/"},{"@type":"ListItem","position":3,"name":"SYNOLOGY DVA3221 Network Video Recorder 4Bay"}]},{"@type":"WebSite","@id":"https:\/\/aivlisoft.net\/shop\/#website","url":"https:\/\/aivlisoft.net\/shop\/","name":"Aivlisoft Inform\u00e1tica","description":"En Aivlisoft Inform\u00e1tica ofrecemos soluciones tecnol\u00f3gicas para empresas: venta de ordenadores, consumibles, perif\u00e9ricos y m\u00e1s. Calidad, atenci\u00f3n personalizada y los mejores precios para tu negocio.","publisher":{"@id":"https:\/\/aivlisoft.net\/shop\/#organization"},"potentialAction":[{"@type":"SearchAction","target":{"@type":"EntryPoint","urlTemplate":"https:\/\/aivlisoft.net\/shop\/?s={search_term_string}"},"query-input":{"@type":"PropertyValueSpecification","valueRequired":true,"valueName":"search_term_string"}}],"inLanguage":"es"},{"@type":"Organization","@id":"https:\/\/aivlisoft.net\/shop\/#organization","name":"Aivlisoft Inform\u00e1tica","url":"https:\/\/aivlisoft.net\/shop\/","logo":{"@type":"ImageObject","inLanguage":"es","@id":"https:\/\/aivlisoft.net\/shop\/#\/schema\/logo\/image\/","url":"https:\/\/aivlisoft.net\/shop\/wp-content\/uploads\/2024\/12\/removal.ai_5b848c54-0cdf-4140-95c5-c5536bb7573b-logodef.png","contentUrl":"https:\/\/aivlisoft.net\/shop\/wp-content\/uploads\/2024\/12\/removal.ai_5b848c54-0cdf-4140-95c5-c5536bb7573b-logodef.png","width":484,"height":182,"caption":"Aivlisoft Inform\u00e1tica"},"image":{"@id":"https:\/\/aivlisoft.net\/shop\/#\/schema\/logo\/image\/"}}]}},"_links":{"self":[{"href":"https:\/\/aivlisoft.net\/shop\/wp-json\/wp\/v2\/product\/11409","targetHints":{"allow":["GET"]}}],"collection":[{"href":"https:\/\/aivlisoft.net\/shop\/wp-json\/wp\/v2\/product"}],"about":[{"href":"https:\/\/aivlisoft.net\/shop\/wp-json\/wp\/v2\/types\/product"}],"wp:featuredmedia":[{"embeddable":true,"href":"https:\/\/aivlisoft.net\/shop\/wp-json\/wp\/v2\/media\/11410"}],"wp:attachment":[{"href":"https:\/\/aivlisoft.net\/shop\/wp-json\/wp\/v2\/media?parent=11409"}],"wp:term":[{"taxonomy":"product_brand","embeddable":true,"href":"https:\/\/aivlisoft.net\/shop\/wp-json\/wp\/v2\/product_brand?post=11409"},{"taxonomy":"product_cat","embeddable":true,"href":"https:\/\/aivlisoft.net\/shop\/wp-json\/wp\/v2\/product_cat?post=11409"},{"taxonomy":"product_tag","embeddable":true,"href":"https:\/\/aivlisoft.net\/shop\/wp-json\/wp\/v2\/product_tag?post=11409"}],"curies":[{"name":"wp","href":"https:\/\/api.w.org\/{rel}","templated":true}]}}