{"id":11396,"date":"2025-01-13T14:14:03","date_gmt":"2025-01-13T14:14:03","guid":{"rendered":"https:\/\/aivlisoft.com\/?post_type=product&#038;p=11396"},"modified":"2025-01-15T10:31:47","modified_gmt":"2025-01-15T10:31:47","slug":"tp-link-tapo-c225-camara-wifi-ai-4mp-2k-msd","status":"publish","type":"product","link":"https:\/\/aivlisoft.net\/shop\/producto\/tp-link-tapo-c225-camara-wifi-ai-4mp-2k-msd\/","title":{"rendered":"TP-Link Tapo C225 Camara WiFi AI 4MP 2K  mSD"},"content":{"rendered":"<p><\/p>\n<table class=\"tabla_caracteristicas\" width=\"100%\">\n<tr>\n<td valign=\"top\"><strong>Marca<\/strong><\/td>\n<td>TP-Link<\/td>\n<\/tr>\n<tr>\n<td valign=\"top\"><strong>Modelo<\/strong><\/td>\n<td><strong>Tapo C225<\/strong><\/td>\n<\/tr>\n<tr>\n<td valign=\"top\"><strong>Caracter&iacute;sticas<\/strong><\/td>\n<td><strong>C&aacute;mara<\/strong><br \/>\t\t\t&#8211; Sensor de Imagen: 1\/3&ldquo;<br \/>\t\t\t&#8211; Resoluci&oacute;n: 2K QHD (2560 &times; 1440 px)<br \/>\t\t\t&#8211; Lentes:<br \/>\t\t\t&nbsp; F\/NO: 1,6&plusmn;5%<br \/>\t\t\t&nbsp; Distancia focal: 4 mm &plusmn; 5%<br \/>\t\t\t&#8211; Visi&oacute;n nocturna<br \/>\t\t\t&#8211; Sensor Starlight de alta sensibilidad<br \/>\t\t\t&#8211; Detecci&oacute;n Inteligente<br \/>\t\t\t&#8211; Seguimiento Inteligente de movimiento<br \/>\t\t\t&#8211; Rango de visualizaci&oacute;n: 360&deg; Horizontal, 149&deg; Vertical<br \/>\t\t\t&#8211; Modo privado bloqueo de lente<br \/>\t\t\t<strong>Red<\/strong><br \/>\t\t\t&#8211; Seguridad: Cifrado AES de 128 bits con SSL\/TLS<br \/>\t\t\t&#8211; Protocolo: Wi-Fi &nbsp;&nbsp; &nbsp;IEEE 802.11b\/g\/n, 2.4 GHz<br \/>\t\t\t&#8211; Protocolo: TCP\/IP, DHCP, ICMP, DNS, NTP, HTTPS, TCP, UDP, ONVIF<br \/>\t\t\t&#8211; Frecuencia: 2.4 GHz<br \/>\t\t\t&#8211; Seguridad Inal&aacute;mbrica: WPA\/WPA2-PSK<br \/>\t\t\t<strong>Video<\/strong><br \/>\t\t\t&#8211; Compresi&oacute;n de video: H.264<br \/>\t\t\t&#8211; Trama por segundo: 2560 &times; 1440@15 fps<br \/>\t\t\t&#8211; V&iacute;deo transmitido en vivo: 2K QHD<br \/>\t\t\t&#8211; Compresi&oacute;n de audio: G.711<br \/>\t\t\t<strong>Audio<\/strong><br \/>\t\t\t&#8211; Comunicaci&oacute;n de Audio: audio bidireccional<br \/>\t\t\t&#8211; Entrada y salida de audio: Micr&oacute;fono y altavoz integrados<br \/>\t\t\t&#8211; Alarma con luz y sonido<br \/>\t\t\t<strong>Notificaciones de actividad<\/strong><br \/>\t\t\t&#8211; Notificaci&oacute;n de entrada:<br \/>\t\t\t&nbsp; Detecci&oacute;n de movimiento<br \/>\t\t\t&nbsp; Detecci&oacute;n de personas<br \/>\t\t\t&nbsp; Detecci&oacute;n de cruce de l&iacute;nea<br \/>\t\t\t&nbsp; Manipulaci&oacute;n de c&aacute;mara<br \/>\t\t\t&nbsp; Detecci&oacute;n de llanto de beb&eacute;<br \/>\t\t\t&nbsp; Detecci&oacute;n de veh&iacute;culos<br \/>\t\t\t&nbsp; Detecci&oacute;n de mascotas<br \/>\t\t\t&nbsp; Detecci&oacute;n de maullidos de gatos<br \/>\t\t\t&nbsp; Detecci&oacute;n de ladridos de perros<br \/>\t\t\t&nbsp; Detecci&oacute;n de rotura de cristales<br \/>\t\t\t&nbsp; Detecci&oacute;n de alarma de humo<br \/>\t\t\t&#8211; Notificaci&oacute;n de salida &nbsp;&nbsp; &nbsp;<br \/>\t\t\t&nbsp; Notificaci&oacute;n<br \/>\t\t\t&nbsp; Instant&aacute;nea (Tapo Care)<br \/>\t\t\t&#8211; App Tapo<br \/>\t\t\t&#8211; Alarma con luz y sonido<\/td>\n<\/tr>\n<tr>\n<td valign=\"top\"><strong>Fecha de revisi&oacute;n<\/strong><\/td>\n<td>22-02-2023 por RTY<\/td>\n<\/tr>\n<\/table>\n","protected":false},"excerpt":{"rendered":"<p>Marca TP-Link Modelo Tapo C225 Caracter&iacute;sticas C&aacute;mara &#8211; Sensor de Imagen: 1\/3&ldquo; &#8211; Resoluci&oacute;n: 2K QHD (2560 &times; 1440 px) &#8211; Lentes: &nbsp; F\/NO: 1,6&plusmn;5% &nbsp; Distancia focal: 4 mm &plusmn; 5% &#8211; Visi&oacute;n nocturna &#8211; Sensor Starlight de alta sensibilidad &#8211; Detecci&oacute;n Inteligente &#8211; Seguimiento Inteligente de movimiento &#8211; Rango de visualizaci&oacute;n: 360&deg; Horizontal,&hellip;&nbsp;<a href=\"https:\/\/aivlisoft.net\/shop\/producto\/tp-link-tapo-c225-camara-wifi-ai-4mp-2k-msd\/\" rel=\"bookmark\"><span class=\"screen-reader-text\">TP-Link Tapo C225 Camara WiFi AI 4MP 2K  mSD<\/span><\/a><\/p>\n","protected":false},"featured_media":11397,"template":"","meta":{"neve_meta_sidebar":"","neve_meta_container":"","neve_meta_enable_content_width":"","neve_meta_content_width":0,"neve_meta_title_alignment":"","neve_meta_author_avatar":"","neve_post_elements_order":"","neve_meta_disable_header":"","neve_meta_disable_footer":"","neve_meta_disable_title":""},"product_brand":[],"product_cat":[15,8690,711,4432],"product_tag":[4454],"class_list":{"0":"post-11396","1":"product","2":"type-product","3":"status-publish","4":"has-post-thumbnail","6":"product_cat-sin-categorizar","7":"product_cat-accesorios-videovigilancia-accesorios-videovigilancia","8":"product_cat-accesorios-videovigilancia","9":"product_cat-videovigilancia","10":"product_tag-tapo-c225","12":"first","13":"instock","14":"taxable","15":"shipping-taxable","16":"purchasable","17":"product-type-simple"},"yoast_head":"<!-- This site is optimized with the Yoast SEO plugin v26.0 - https:\/\/yoast.com\/wordpress\/plugins\/seo\/ -->\n<title>TP-Link Tapo C225 Camara WiFi AI 4MP 2K mSD - Aivlisoft Inform\u00e1tica<\/title>\n<meta name=\"robots\" content=\"index, follow, max-snippet:-1, max-image-preview:large, max-video-preview:-1\" \/>\n<link rel=\"canonical\" href=\"https:\/\/aivlisoft.net\/shop\/producto\/tp-link-tapo-c225-camara-wifi-ai-4mp-2k-msd\/\" \/>\n<meta property=\"og:locale\" content=\"es_ES\" \/>\n<meta property=\"og:type\" content=\"article\" \/>\n<meta property=\"og:title\" content=\"TP-Link Tapo C225 Camara WiFi AI 4MP 2K mSD - Aivlisoft Inform\u00e1tica\" \/>\n<meta property=\"og:description\" content=\"Marca TP-Link Modelo Tapo C225 Caracter&iacute;sticas C&aacute;mara &#8211; Sensor de Imagen: 1\/3&ldquo; &#8211; Resoluci&oacute;n: 2K QHD (2560 &times; 1440 px) &#8211; Lentes: &nbsp; F\/NO: 1,6&plusmn;5% &nbsp; Distancia focal: 4 mm &plusmn; 5% &#8211; Visi&oacute;n nocturna &#8211; Sensor Starlight de alta sensibilidad &#8211; Detecci&oacute;n Inteligente &#8211; Seguimiento Inteligente de movimiento &#8211; Rango de visualizaci&oacute;n: 360&deg; Horizontal,&hellip;&nbsp;TP-Link Tapo C225 Camara WiFi AI 4MP 2K mSD\" \/>\n<meta property=\"og:url\" content=\"https:\/\/aivlisoft.net\/shop\/producto\/tp-link-tapo-c225-camara-wifi-ai-4mp-2k-msd\/\" \/>\n<meta property=\"og:site_name\" content=\"Aivlisoft Inform\u00e1tica\" \/>\n<meta property=\"article:modified_time\" content=\"2025-01-15T10:31:47+00:00\" \/>\n<meta property=\"og:image\" content=\"https:\/\/aivlisoft.net\/shop\/wp-content\/uploads\/2025\/01\/GVVCIP0268_800.jpg\" \/>\n\t<meta property=\"og:image:width\" content=\"800\" \/>\n\t<meta property=\"og:image:height\" content=\"800\" \/>\n\t<meta property=\"og:image:type\" content=\"image\/jpeg\" \/>\n<meta name=\"twitter:card\" content=\"summary_large_image\" \/>\n<meta name=\"twitter:label1\" content=\"Tiempo de lectura\" \/>\n\t<meta name=\"twitter:data1\" content=\"2 minutos\" \/>\n<script type=\"application\/ld+json\" class=\"yoast-schema-graph\">{\"@context\":\"https:\/\/schema.org\",\"@graph\":[{\"@type\":\"WebPage\",\"@id\":\"https:\/\/aivlisoft.net\/shop\/producto\/tp-link-tapo-c225-camara-wifi-ai-4mp-2k-msd\/\",\"url\":\"https:\/\/aivlisoft.net\/shop\/producto\/tp-link-tapo-c225-camara-wifi-ai-4mp-2k-msd\/\",\"name\":\"TP-Link Tapo C225 Camara WiFi AI 4MP 2K mSD - Aivlisoft Inform\u00e1tica\",\"isPartOf\":{\"@id\":\"https:\/\/aivlisoft.net\/shop\/#website\"},\"primaryImageOfPage\":{\"@id\":\"https:\/\/aivlisoft.net\/shop\/producto\/tp-link-tapo-c225-camara-wifi-ai-4mp-2k-msd\/#primaryimage\"},\"image\":{\"@id\":\"https:\/\/aivlisoft.net\/shop\/producto\/tp-link-tapo-c225-camara-wifi-ai-4mp-2k-msd\/#primaryimage\"},\"thumbnailUrl\":\"https:\/\/aivlisoft.net\/shop\/wp-content\/uploads\/2025\/01\/GVVCIP0268_800.jpg\",\"datePublished\":\"2025-01-13T14:14:03+00:00\",\"dateModified\":\"2025-01-15T10:31:47+00:00\",\"breadcrumb\":{\"@id\":\"https:\/\/aivlisoft.net\/shop\/producto\/tp-link-tapo-c225-camara-wifi-ai-4mp-2k-msd\/#breadcrumb\"},\"inLanguage\":\"es\",\"potentialAction\":[{\"@type\":\"ReadAction\",\"target\":[\"https:\/\/aivlisoft.net\/shop\/producto\/tp-link-tapo-c225-camara-wifi-ai-4mp-2k-msd\/\"]}]},{\"@type\":\"ImageObject\",\"inLanguage\":\"es\",\"@id\":\"https:\/\/aivlisoft.net\/shop\/producto\/tp-link-tapo-c225-camara-wifi-ai-4mp-2k-msd\/#primaryimage\",\"url\":\"https:\/\/aivlisoft.net\/shop\/wp-content\/uploads\/2025\/01\/GVVCIP0268_800.jpg\",\"contentUrl\":\"https:\/\/aivlisoft.net\/shop\/wp-content\/uploads\/2025\/01\/GVVCIP0268_800.jpg\",\"width\":800,\"height\":800},{\"@type\":\"BreadcrumbList\",\"@id\":\"https:\/\/aivlisoft.net\/shop\/producto\/tp-link-tapo-c225-camara-wifi-ai-4mp-2k-msd\/#breadcrumb\",\"itemListElement\":[{\"@type\":\"ListItem\",\"position\":1,\"name\":\"Portada\",\"item\":\"https:\/\/aivlisoft.net\/shop\/\"},{\"@type\":\"ListItem\",\"position\":2,\"name\":\"Tienda\",\"item\":\"https:\/\/aivlisoft.net\/shop\/tienda\/\"},{\"@type\":\"ListItem\",\"position\":3,\"name\":\"TP-Link Tapo C225 Camara WiFi AI 4MP 2K mSD\"}]},{\"@type\":\"WebSite\",\"@id\":\"https:\/\/aivlisoft.net\/shop\/#website\",\"url\":\"https:\/\/aivlisoft.net\/shop\/\",\"name\":\"Aivlisoft Inform\u00e1tica\",\"description\":\"En Aivlisoft Inform\u00e1tica ofrecemos soluciones tecnol\u00f3gicas para empresas: venta de ordenadores, consumibles, perif\u00e9ricos y m\u00e1s. Calidad, atenci\u00f3n personalizada y los mejores precios para tu negocio.\",\"publisher\":{\"@id\":\"https:\/\/aivlisoft.net\/shop\/#organization\"},\"potentialAction\":[{\"@type\":\"SearchAction\",\"target\":{\"@type\":\"EntryPoint\",\"urlTemplate\":\"https:\/\/aivlisoft.net\/shop\/?s={search_term_string}\"},\"query-input\":{\"@type\":\"PropertyValueSpecification\",\"valueRequired\":true,\"valueName\":\"search_term_string\"}}],\"inLanguage\":\"es\"},{\"@type\":\"Organization\",\"@id\":\"https:\/\/aivlisoft.net\/shop\/#organization\",\"name\":\"Aivlisoft Inform\u00e1tica\",\"url\":\"https:\/\/aivlisoft.net\/shop\/\",\"logo\":{\"@type\":\"ImageObject\",\"inLanguage\":\"es\",\"@id\":\"https:\/\/aivlisoft.net\/shop\/#\/schema\/logo\/image\/\",\"url\":\"https:\/\/aivlisoft.net\/shop\/wp-content\/uploads\/2024\/12\/removal.ai_5b848c54-0cdf-4140-95c5-c5536bb7573b-logodef.png\",\"contentUrl\":\"https:\/\/aivlisoft.net\/shop\/wp-content\/uploads\/2024\/12\/removal.ai_5b848c54-0cdf-4140-95c5-c5536bb7573b-logodef.png\",\"width\":484,\"height\":182,\"caption\":\"Aivlisoft Inform\u00e1tica\"},\"image\":{\"@id\":\"https:\/\/aivlisoft.net\/shop\/#\/schema\/logo\/image\/\"}}]}<\/script>\n<!-- \/ Yoast SEO plugin. -->","yoast_head_json":{"title":"TP-Link Tapo C225 Camara WiFi AI 4MP 2K mSD - Aivlisoft Inform\u00e1tica","robots":{"index":"index","follow":"follow","max-snippet":"max-snippet:-1","max-image-preview":"max-image-preview:large","max-video-preview":"max-video-preview:-1"},"canonical":"https:\/\/aivlisoft.net\/shop\/producto\/tp-link-tapo-c225-camara-wifi-ai-4mp-2k-msd\/","og_locale":"es_ES","og_type":"article","og_title":"TP-Link Tapo C225 Camara WiFi AI 4MP 2K mSD - Aivlisoft Inform\u00e1tica","og_description":"Marca TP-Link Modelo Tapo C225 Caracter&iacute;sticas C&aacute;mara &#8211; Sensor de Imagen: 1\/3&ldquo; &#8211; Resoluci&oacute;n: 2K QHD (2560 &times; 1440 px) &#8211; Lentes: &nbsp; F\/NO: 1,6&plusmn;5% &nbsp; Distancia focal: 4 mm &plusmn; 5% &#8211; Visi&oacute;n nocturna &#8211; Sensor Starlight de alta sensibilidad &#8211; Detecci&oacute;n Inteligente &#8211; Seguimiento Inteligente de movimiento &#8211; Rango de visualizaci&oacute;n: 360&deg; Horizontal,&hellip;&nbsp;TP-Link Tapo C225 Camara WiFi AI 4MP 2K mSD","og_url":"https:\/\/aivlisoft.net\/shop\/producto\/tp-link-tapo-c225-camara-wifi-ai-4mp-2k-msd\/","og_site_name":"Aivlisoft Inform\u00e1tica","article_modified_time":"2025-01-15T10:31:47+00:00","og_image":[{"width":800,"height":800,"url":"https:\/\/aivlisoft.net\/shop\/wp-content\/uploads\/2025\/01\/GVVCIP0268_800.jpg","type":"image\/jpeg"}],"twitter_card":"summary_large_image","twitter_misc":{"Tiempo de lectura":"2 minutos"},"schema":{"@context":"https:\/\/schema.org","@graph":[{"@type":"WebPage","@id":"https:\/\/aivlisoft.net\/shop\/producto\/tp-link-tapo-c225-camara-wifi-ai-4mp-2k-msd\/","url":"https:\/\/aivlisoft.net\/shop\/producto\/tp-link-tapo-c225-camara-wifi-ai-4mp-2k-msd\/","name":"TP-Link Tapo C225 Camara WiFi AI 4MP 2K mSD - Aivlisoft Inform\u00e1tica","isPartOf":{"@id":"https:\/\/aivlisoft.net\/shop\/#website"},"primaryImageOfPage":{"@id":"https:\/\/aivlisoft.net\/shop\/producto\/tp-link-tapo-c225-camara-wifi-ai-4mp-2k-msd\/#primaryimage"},"image":{"@id":"https:\/\/aivlisoft.net\/shop\/producto\/tp-link-tapo-c225-camara-wifi-ai-4mp-2k-msd\/#primaryimage"},"thumbnailUrl":"https:\/\/aivlisoft.net\/shop\/wp-content\/uploads\/2025\/01\/GVVCIP0268_800.jpg","datePublished":"2025-01-13T14:14:03+00:00","dateModified":"2025-01-15T10:31:47+00:00","breadcrumb":{"@id":"https:\/\/aivlisoft.net\/shop\/producto\/tp-link-tapo-c225-camara-wifi-ai-4mp-2k-msd\/#breadcrumb"},"inLanguage":"es","potentialAction":[{"@type":"ReadAction","target":["https:\/\/aivlisoft.net\/shop\/producto\/tp-link-tapo-c225-camara-wifi-ai-4mp-2k-msd\/"]}]},{"@type":"ImageObject","inLanguage":"es","@id":"https:\/\/aivlisoft.net\/shop\/producto\/tp-link-tapo-c225-camara-wifi-ai-4mp-2k-msd\/#primaryimage","url":"https:\/\/aivlisoft.net\/shop\/wp-content\/uploads\/2025\/01\/GVVCIP0268_800.jpg","contentUrl":"https:\/\/aivlisoft.net\/shop\/wp-content\/uploads\/2025\/01\/GVVCIP0268_800.jpg","width":800,"height":800},{"@type":"BreadcrumbList","@id":"https:\/\/aivlisoft.net\/shop\/producto\/tp-link-tapo-c225-camara-wifi-ai-4mp-2k-msd\/#breadcrumb","itemListElement":[{"@type":"ListItem","position":1,"name":"Portada","item":"https:\/\/aivlisoft.net\/shop\/"},{"@type":"ListItem","position":2,"name":"Tienda","item":"https:\/\/aivlisoft.net\/shop\/tienda\/"},{"@type":"ListItem","position":3,"name":"TP-Link Tapo C225 Camara WiFi AI 4MP 2K mSD"}]},{"@type":"WebSite","@id":"https:\/\/aivlisoft.net\/shop\/#website","url":"https:\/\/aivlisoft.net\/shop\/","name":"Aivlisoft Inform\u00e1tica","description":"En Aivlisoft Inform\u00e1tica ofrecemos soluciones tecnol\u00f3gicas para empresas: venta de ordenadores, consumibles, perif\u00e9ricos y m\u00e1s. Calidad, atenci\u00f3n personalizada y los mejores precios para tu negocio.","publisher":{"@id":"https:\/\/aivlisoft.net\/shop\/#organization"},"potentialAction":[{"@type":"SearchAction","target":{"@type":"EntryPoint","urlTemplate":"https:\/\/aivlisoft.net\/shop\/?s={search_term_string}"},"query-input":{"@type":"PropertyValueSpecification","valueRequired":true,"valueName":"search_term_string"}}],"inLanguage":"es"},{"@type":"Organization","@id":"https:\/\/aivlisoft.net\/shop\/#organization","name":"Aivlisoft Inform\u00e1tica","url":"https:\/\/aivlisoft.net\/shop\/","logo":{"@type":"ImageObject","inLanguage":"es","@id":"https:\/\/aivlisoft.net\/shop\/#\/schema\/logo\/image\/","url":"https:\/\/aivlisoft.net\/shop\/wp-content\/uploads\/2024\/12\/removal.ai_5b848c54-0cdf-4140-95c5-c5536bb7573b-logodef.png","contentUrl":"https:\/\/aivlisoft.net\/shop\/wp-content\/uploads\/2024\/12\/removal.ai_5b848c54-0cdf-4140-95c5-c5536bb7573b-logodef.png","width":484,"height":182,"caption":"Aivlisoft Inform\u00e1tica"},"image":{"@id":"https:\/\/aivlisoft.net\/shop\/#\/schema\/logo\/image\/"}}]}},"_links":{"self":[{"href":"https:\/\/aivlisoft.net\/shop\/wp-json\/wp\/v2\/product\/11396","targetHints":{"allow":["GET"]}}],"collection":[{"href":"https:\/\/aivlisoft.net\/shop\/wp-json\/wp\/v2\/product"}],"about":[{"href":"https:\/\/aivlisoft.net\/shop\/wp-json\/wp\/v2\/types\/product"}],"wp:featuredmedia":[{"embeddable":true,"href":"https:\/\/aivlisoft.net\/shop\/wp-json\/wp\/v2\/media\/11397"}],"wp:attachment":[{"href":"https:\/\/aivlisoft.net\/shop\/wp-json\/wp\/v2\/media?parent=11396"}],"wp:term":[{"taxonomy":"product_brand","embeddable":true,"href":"https:\/\/aivlisoft.net\/shop\/wp-json\/wp\/v2\/product_brand?post=11396"},{"taxonomy":"product_cat","embeddable":true,"href":"https:\/\/aivlisoft.net\/shop\/wp-json\/wp\/v2\/product_cat?post=11396"},{"taxonomy":"product_tag","embeddable":true,"href":"https:\/\/aivlisoft.net\/shop\/wp-json\/wp\/v2\/product_tag?post=11396"}],"curies":[{"name":"wp","href":"https:\/\/api.w.org\/{rel}","templated":true}]}}