{"id":11383,"date":"2025-01-13T14:13:52","date_gmt":"2025-01-13T14:13:52","guid":{"rendered":"https:\/\/aivlisoft.com\/?post_type=product&#038;p=11383"},"modified":"2025-01-15T10:31:49","modified_gmt":"2025-01-15T10:31:49","slug":"eminent-em6400-camara-wifi-720p","status":"publish","type":"product","link":"https:\/\/aivlisoft.net\/shop\/producto\/eminent-em6400-camara-wifi-720p\/","title":{"rendered":"EMINENT EM6400 Camara WiFi 720p"},"content":{"rendered":"<p>&#8211; C&aacute;mara IP fija Wi-Fi HD de 720p con ranura para tarjeta micro SD, audio de 2 v&iacute;as y LEDs IR<br \/>&#8211; El usuario recibe una notificaci&oacute;n autom&aacute;tica cuando se detecta movimiento<br \/>&#8211; Controlable a trav&eacute;s de la aplicaci&oacute;n gratuita E-SmartLife<br \/>&#8211; Posicionamiento e instalaci&oacute;n flexible: escritorio\/techo\/pared<br \/>&#8211; Cree escenas autom&aacute;ticas o manuales para activar y desactivar la detecci&oacute;n de movimiento<\/p>\n<table class=\"tabla_caracteristicas k-table\" width=\"100%\">\n<tbody>\n<tr>\n<td><strong>Marca<\/strong><\/td>\n<td>Eminent<\/td>\n<\/tr>\n<tr>\n<td><strong>Modelo<\/strong><\/td>\n<td><strong>EM6400<\/strong><\/td>\n<\/tr>\n<tr>\n<td valign=\"top\"><strong>Caracter&iacute;sticas<\/strong><\/td>\n<td>&#8211; Lente d&iacute;a \/ noche<br \/>&#8211; Filtro de corte IR<br \/>&#8211; Sensor infrarrojo<br \/>&#8211; Distancia IR: 8-10 m<br \/>&#8211; Lux: 0,01 Lux<br \/>&#8211; Lente de di&aacute;metro: 2,8 mm.<br \/>&#8211; &Aacute;ngulo de visi&oacute;n: 85&deg;<br \/>&#8211; Wi-Fi: Wi-Fi 802.11 b \/ g \/ n Wi-Fi 4 2,4GHz<br \/>&#8211; Cantidad de LED IR: 2<br \/>&#8211; Resoluci&oacute;n: 1280 x 720, 640 x 360<br \/>&#8211; Tecnolog&iacute;a de videosensor: CMOS<br \/>&#8211; Audio de 2 v&iacute;as<br \/>&#8211; Almacenamiento: la tarjeta micro SD admite hasta 64 GB<br \/>&#8211; Detecci&oacute;n de movimiento<br \/>&#8211; Notificaci&oacute;n push<br \/>&#8211; Grabar en tarjeta SD<br \/>&#8211; Aplicaci&oacute;n disponible para: iOS, Android E-Smartlife<br \/>&#8211; Medio ambiente: interior<br \/>&#8211; Temperatura de funcionamiento: -10 ~ 50 &deg; C<br \/>&#8211; Humedad de funcionamiento: 10% ~ 90% sin condensaci&oacute;n<br \/>&#8211; Dimensiones (An x Alt x Prof): 35 x 130 x 40 mm<br \/>&#8211; Peso: 93gr<br \/>&#8211; Color: Blanco \/ Negro<br \/>&#8211; Salida: USB 5V DC 1A<br \/>&#8211; Entrada: 100 &#8211; 240V 50 \/ 60Hz<br \/>&#8211; Consumo de energ&iacute;a: 1,5 &#8211; 2W<\/td>\n<\/tr>\n<tr>\n<td><strong>Fecha Revisi&oacute;n<\/strong><\/td>\n<td>21-11-2019 por MSB<\/td>\n<\/tr>\n<\/tbody>\n<\/table>\n","protected":false},"excerpt":{"rendered":"<p>&#8211; C&aacute;mara IP fija Wi-Fi HD de 720p con ranura para tarjeta micro SD, audio de 2 v&iacute;as y LEDs IR&#8211; El usuario recibe una notificaci&oacute;n autom&aacute;tica cuando se detecta movimiento&#8211; Controlable a trav&eacute;s de la aplicaci&oacute;n gratuita E-SmartLife&#8211; Posicionamiento e instalaci&oacute;n flexible: escritorio\/techo\/pared&#8211; Cree escenas autom&aacute;ticas o manuales para activar y desactivar la detecci&oacute;n&hellip;&nbsp;<a href=\"https:\/\/aivlisoft.net\/shop\/producto\/eminent-em6400-camara-wifi-720p\/\" rel=\"bookmark\"><span class=\"screen-reader-text\">EMINENT EM6400 Camara WiFi 720p<\/span><\/a><\/p>\n","protected":false},"featured_media":11384,"template":"","meta":{"neve_meta_sidebar":"","neve_meta_container":"","neve_meta_enable_content_width":"","neve_meta_content_width":0,"neve_meta_title_alignment":"","neve_meta_author_avatar":"","neve_post_elements_order":"","neve_meta_disable_header":"","neve_meta_disable_footer":"","neve_meta_disable_title":""},"product_brand":[],"product_cat":[15,711,8690,4432],"product_tag":[4440],"class_list":{"0":"post-11383","1":"product","2":"type-product","3":"status-publish","4":"has-post-thumbnail","6":"product_cat-sin-categorizar","7":"product_cat-accesorios-videovigilancia","8":"product_cat-accesorios-videovigilancia-accesorios-videovigilancia","9":"product_cat-videovigilancia","10":"product_tag-em6400","12":"first","13":"instock","14":"taxable","15":"shipping-taxable","16":"purchasable","17":"product-type-simple"},"yoast_head":"<!-- This site is optimized with the Yoast SEO plugin v26.0 - https:\/\/yoast.com\/wordpress\/plugins\/seo\/ -->\n<title>EMINENT EM6400 Camara WiFi 720p - Aivlisoft Inform\u00e1tica<\/title>\n<meta name=\"robots\" content=\"index, follow, max-snippet:-1, max-image-preview:large, max-video-preview:-1\" \/>\n<link rel=\"canonical\" href=\"https:\/\/aivlisoft.net\/shop\/producto\/eminent-em6400-camara-wifi-720p\/\" \/>\n<meta property=\"og:locale\" content=\"es_ES\" \/>\n<meta property=\"og:type\" content=\"article\" \/>\n<meta property=\"og:title\" content=\"EMINENT EM6400 Camara WiFi 720p - Aivlisoft Inform\u00e1tica\" \/>\n<meta property=\"og:description\" content=\"&#8211; C&aacute;mara IP fija Wi-Fi HD de 720p con ranura para tarjeta micro SD, audio de 2 v&iacute;as y LEDs IR&#8211; El usuario recibe una notificaci&oacute;n autom&aacute;tica cuando se detecta movimiento&#8211; Controlable a trav&eacute;s de la aplicaci&oacute;n gratuita E-SmartLife&#8211; Posicionamiento e instalaci&oacute;n flexible: escritorio\/techo\/pared&#8211; Cree escenas autom&aacute;ticas o manuales para activar y desactivar la detecci&oacute;n&hellip;&nbsp;EMINENT EM6400 Camara WiFi 720p\" \/>\n<meta property=\"og:url\" content=\"https:\/\/aivlisoft.net\/shop\/producto\/eminent-em6400-camara-wifi-720p\/\" \/>\n<meta property=\"og:site_name\" content=\"Aivlisoft Inform\u00e1tica\" \/>\n<meta property=\"article:modified_time\" content=\"2025-01-15T10:31:49+00:00\" \/>\n<meta property=\"og:image\" content=\"https:\/\/aivlisoft.net\/shop\/wp-content\/uploads\/2025\/01\/GVVCIP0224_800.jpg\" \/>\n\t<meta property=\"og:image:width\" content=\"800\" \/>\n\t<meta property=\"og:image:height\" content=\"800\" \/>\n\t<meta property=\"og:image:type\" content=\"image\/jpeg\" \/>\n<meta name=\"twitter:card\" content=\"summary_large_image\" \/>\n<meta name=\"twitter:label1\" content=\"Tiempo de lectura\" \/>\n\t<meta name=\"twitter:data1\" content=\"1 minuto\" \/>\n<script type=\"application\/ld+json\" class=\"yoast-schema-graph\">{\"@context\":\"https:\/\/schema.org\",\"@graph\":[{\"@type\":\"WebPage\",\"@id\":\"https:\/\/aivlisoft.net\/shop\/producto\/eminent-em6400-camara-wifi-720p\/\",\"url\":\"https:\/\/aivlisoft.net\/shop\/producto\/eminent-em6400-camara-wifi-720p\/\",\"name\":\"EMINENT EM6400 Camara WiFi 720p - Aivlisoft Inform\u00e1tica\",\"isPartOf\":{\"@id\":\"https:\/\/aivlisoft.net\/shop\/#website\"},\"primaryImageOfPage\":{\"@id\":\"https:\/\/aivlisoft.net\/shop\/producto\/eminent-em6400-camara-wifi-720p\/#primaryimage\"},\"image\":{\"@id\":\"https:\/\/aivlisoft.net\/shop\/producto\/eminent-em6400-camara-wifi-720p\/#primaryimage\"},\"thumbnailUrl\":\"https:\/\/aivlisoft.net\/shop\/wp-content\/uploads\/2025\/01\/GVVCIP0224_800.jpg\",\"datePublished\":\"2025-01-13T14:13:52+00:00\",\"dateModified\":\"2025-01-15T10:31:49+00:00\",\"breadcrumb\":{\"@id\":\"https:\/\/aivlisoft.net\/shop\/producto\/eminent-em6400-camara-wifi-720p\/#breadcrumb\"},\"inLanguage\":\"es\",\"potentialAction\":[{\"@type\":\"ReadAction\",\"target\":[\"https:\/\/aivlisoft.net\/shop\/producto\/eminent-em6400-camara-wifi-720p\/\"]}]},{\"@type\":\"ImageObject\",\"inLanguage\":\"es\",\"@id\":\"https:\/\/aivlisoft.net\/shop\/producto\/eminent-em6400-camara-wifi-720p\/#primaryimage\",\"url\":\"https:\/\/aivlisoft.net\/shop\/wp-content\/uploads\/2025\/01\/GVVCIP0224_800.jpg\",\"contentUrl\":\"https:\/\/aivlisoft.net\/shop\/wp-content\/uploads\/2025\/01\/GVVCIP0224_800.jpg\",\"width\":800,\"height\":800},{\"@type\":\"BreadcrumbList\",\"@id\":\"https:\/\/aivlisoft.net\/shop\/producto\/eminent-em6400-camara-wifi-720p\/#breadcrumb\",\"itemListElement\":[{\"@type\":\"ListItem\",\"position\":1,\"name\":\"Portada\",\"item\":\"https:\/\/aivlisoft.net\/shop\/\"},{\"@type\":\"ListItem\",\"position\":2,\"name\":\"Tienda\",\"item\":\"https:\/\/aivlisoft.net\/shop\/tienda\/\"},{\"@type\":\"ListItem\",\"position\":3,\"name\":\"EMINENT EM6400 Camara WiFi 720p\"}]},{\"@type\":\"WebSite\",\"@id\":\"https:\/\/aivlisoft.net\/shop\/#website\",\"url\":\"https:\/\/aivlisoft.net\/shop\/\",\"name\":\"Aivlisoft Inform\u00e1tica\",\"description\":\"En Aivlisoft Inform\u00e1tica ofrecemos soluciones tecnol\u00f3gicas para empresas: venta de ordenadores, consumibles, perif\u00e9ricos y m\u00e1s. Calidad, atenci\u00f3n personalizada y los mejores precios para tu negocio.\",\"publisher\":{\"@id\":\"https:\/\/aivlisoft.net\/shop\/#organization\"},\"potentialAction\":[{\"@type\":\"SearchAction\",\"target\":{\"@type\":\"EntryPoint\",\"urlTemplate\":\"https:\/\/aivlisoft.net\/shop\/?s={search_term_string}\"},\"query-input\":{\"@type\":\"PropertyValueSpecification\",\"valueRequired\":true,\"valueName\":\"search_term_string\"}}],\"inLanguage\":\"es\"},{\"@type\":\"Organization\",\"@id\":\"https:\/\/aivlisoft.net\/shop\/#organization\",\"name\":\"Aivlisoft Inform\u00e1tica\",\"url\":\"https:\/\/aivlisoft.net\/shop\/\",\"logo\":{\"@type\":\"ImageObject\",\"inLanguage\":\"es\",\"@id\":\"https:\/\/aivlisoft.net\/shop\/#\/schema\/logo\/image\/\",\"url\":\"https:\/\/aivlisoft.net\/shop\/wp-content\/uploads\/2024\/12\/removal.ai_5b848c54-0cdf-4140-95c5-c5536bb7573b-logodef.png\",\"contentUrl\":\"https:\/\/aivlisoft.net\/shop\/wp-content\/uploads\/2024\/12\/removal.ai_5b848c54-0cdf-4140-95c5-c5536bb7573b-logodef.png\",\"width\":484,\"height\":182,\"caption\":\"Aivlisoft Inform\u00e1tica\"},\"image\":{\"@id\":\"https:\/\/aivlisoft.net\/shop\/#\/schema\/logo\/image\/\"}}]}<\/script>\n<!-- \/ Yoast SEO plugin. -->","yoast_head_json":{"title":"EMINENT EM6400 Camara WiFi 720p - Aivlisoft Inform\u00e1tica","robots":{"index":"index","follow":"follow","max-snippet":"max-snippet:-1","max-image-preview":"max-image-preview:large","max-video-preview":"max-video-preview:-1"},"canonical":"https:\/\/aivlisoft.net\/shop\/producto\/eminent-em6400-camara-wifi-720p\/","og_locale":"es_ES","og_type":"article","og_title":"EMINENT EM6400 Camara WiFi 720p - Aivlisoft Inform\u00e1tica","og_description":"&#8211; C&aacute;mara IP fija Wi-Fi HD de 720p con ranura para tarjeta micro SD, audio de 2 v&iacute;as y LEDs IR&#8211; El usuario recibe una notificaci&oacute;n autom&aacute;tica cuando se detecta movimiento&#8211; Controlable a trav&eacute;s de la aplicaci&oacute;n gratuita E-SmartLife&#8211; Posicionamiento e instalaci&oacute;n flexible: escritorio\/techo\/pared&#8211; Cree escenas autom&aacute;ticas o manuales para activar y desactivar la detecci&oacute;n&hellip;&nbsp;EMINENT EM6400 Camara WiFi 720p","og_url":"https:\/\/aivlisoft.net\/shop\/producto\/eminent-em6400-camara-wifi-720p\/","og_site_name":"Aivlisoft Inform\u00e1tica","article_modified_time":"2025-01-15T10:31:49+00:00","og_image":[{"width":800,"height":800,"url":"https:\/\/aivlisoft.net\/shop\/wp-content\/uploads\/2025\/01\/GVVCIP0224_800.jpg","type":"image\/jpeg"}],"twitter_card":"summary_large_image","twitter_misc":{"Tiempo de lectura":"1 minuto"},"schema":{"@context":"https:\/\/schema.org","@graph":[{"@type":"WebPage","@id":"https:\/\/aivlisoft.net\/shop\/producto\/eminent-em6400-camara-wifi-720p\/","url":"https:\/\/aivlisoft.net\/shop\/producto\/eminent-em6400-camara-wifi-720p\/","name":"EMINENT EM6400 Camara WiFi 720p - Aivlisoft Inform\u00e1tica","isPartOf":{"@id":"https:\/\/aivlisoft.net\/shop\/#website"},"primaryImageOfPage":{"@id":"https:\/\/aivlisoft.net\/shop\/producto\/eminent-em6400-camara-wifi-720p\/#primaryimage"},"image":{"@id":"https:\/\/aivlisoft.net\/shop\/producto\/eminent-em6400-camara-wifi-720p\/#primaryimage"},"thumbnailUrl":"https:\/\/aivlisoft.net\/shop\/wp-content\/uploads\/2025\/01\/GVVCIP0224_800.jpg","datePublished":"2025-01-13T14:13:52+00:00","dateModified":"2025-01-15T10:31:49+00:00","breadcrumb":{"@id":"https:\/\/aivlisoft.net\/shop\/producto\/eminent-em6400-camara-wifi-720p\/#breadcrumb"},"inLanguage":"es","potentialAction":[{"@type":"ReadAction","target":["https:\/\/aivlisoft.net\/shop\/producto\/eminent-em6400-camara-wifi-720p\/"]}]},{"@type":"ImageObject","inLanguage":"es","@id":"https:\/\/aivlisoft.net\/shop\/producto\/eminent-em6400-camara-wifi-720p\/#primaryimage","url":"https:\/\/aivlisoft.net\/shop\/wp-content\/uploads\/2025\/01\/GVVCIP0224_800.jpg","contentUrl":"https:\/\/aivlisoft.net\/shop\/wp-content\/uploads\/2025\/01\/GVVCIP0224_800.jpg","width":800,"height":800},{"@type":"BreadcrumbList","@id":"https:\/\/aivlisoft.net\/shop\/producto\/eminent-em6400-camara-wifi-720p\/#breadcrumb","itemListElement":[{"@type":"ListItem","position":1,"name":"Portada","item":"https:\/\/aivlisoft.net\/shop\/"},{"@type":"ListItem","position":2,"name":"Tienda","item":"https:\/\/aivlisoft.net\/shop\/tienda\/"},{"@type":"ListItem","position":3,"name":"EMINENT EM6400 Camara WiFi 720p"}]},{"@type":"WebSite","@id":"https:\/\/aivlisoft.net\/shop\/#website","url":"https:\/\/aivlisoft.net\/shop\/","name":"Aivlisoft Inform\u00e1tica","description":"En Aivlisoft Inform\u00e1tica ofrecemos soluciones tecnol\u00f3gicas para empresas: venta de ordenadores, consumibles, perif\u00e9ricos y m\u00e1s. Calidad, atenci\u00f3n personalizada y los mejores precios para tu negocio.","publisher":{"@id":"https:\/\/aivlisoft.net\/shop\/#organization"},"potentialAction":[{"@type":"SearchAction","target":{"@type":"EntryPoint","urlTemplate":"https:\/\/aivlisoft.net\/shop\/?s={search_term_string}"},"query-input":{"@type":"PropertyValueSpecification","valueRequired":true,"valueName":"search_term_string"}}],"inLanguage":"es"},{"@type":"Organization","@id":"https:\/\/aivlisoft.net\/shop\/#organization","name":"Aivlisoft Inform\u00e1tica","url":"https:\/\/aivlisoft.net\/shop\/","logo":{"@type":"ImageObject","inLanguage":"es","@id":"https:\/\/aivlisoft.net\/shop\/#\/schema\/logo\/image\/","url":"https:\/\/aivlisoft.net\/shop\/wp-content\/uploads\/2024\/12\/removal.ai_5b848c54-0cdf-4140-95c5-c5536bb7573b-logodef.png","contentUrl":"https:\/\/aivlisoft.net\/shop\/wp-content\/uploads\/2024\/12\/removal.ai_5b848c54-0cdf-4140-95c5-c5536bb7573b-logodef.png","width":484,"height":182,"caption":"Aivlisoft Inform\u00e1tica"},"image":{"@id":"https:\/\/aivlisoft.net\/shop\/#\/schema\/logo\/image\/"}}]}},"_links":{"self":[{"href":"https:\/\/aivlisoft.net\/shop\/wp-json\/wp\/v2\/product\/11383","targetHints":{"allow":["GET"]}}],"collection":[{"href":"https:\/\/aivlisoft.net\/shop\/wp-json\/wp\/v2\/product"}],"about":[{"href":"https:\/\/aivlisoft.net\/shop\/wp-json\/wp\/v2\/types\/product"}],"wp:featuredmedia":[{"embeddable":true,"href":"https:\/\/aivlisoft.net\/shop\/wp-json\/wp\/v2\/media\/11384"}],"wp:attachment":[{"href":"https:\/\/aivlisoft.net\/shop\/wp-json\/wp\/v2\/media?parent=11383"}],"wp:term":[{"taxonomy":"product_brand","embeddable":true,"href":"https:\/\/aivlisoft.net\/shop\/wp-json\/wp\/v2\/product_brand?post=11383"},{"taxonomy":"product_cat","embeddable":true,"href":"https:\/\/aivlisoft.net\/shop\/wp-json\/wp\/v2\/product_cat?post=11383"},{"taxonomy":"product_tag","embeddable":true,"href":"https:\/\/aivlisoft.net\/shop\/wp-json\/wp\/v2\/product_tag?post=11383"}],"curies":[{"name":"wp","href":"https:\/\/api.w.org\/{rel}","templated":true}]}}