{"id":11379,"date":"2025-01-13T14:13:50","date_gmt":"2025-01-13T14:13:50","guid":{"rendered":"https:\/\/aivlisoft.com\/?post_type=product&#038;p=11379"},"modified":"2025-01-15T10:31:49","modified_gmt":"2025-01-15T10:31:49","slug":"ubiquiti-unifi-video-camera-uvc-g4-pro-4k","status":"publish","type":"product","link":"https:\/\/aivlisoft.net\/shop\/producto\/ubiquiti-unifi-video-camera-uvc-g4-pro-4k\/","title":{"rendered":"Ubiquiti Unifi Video Camera UVC-G4-PRO 4K"},"content":{"rendered":"<p><\/p>\n<table>\n<tbody>\n<tr>\n<td><strong>Marca<\/strong><\/td>\n<td>UBIQUITI<\/td>\n<\/tr>\n<tr>\n<td><strong>Modelo<\/strong><\/td>\n<td><strong><\/strong><strong>UVC-G4-PRO<\/strong><\/td>\n<\/tr>\n<tr>\n<td><strong>Caracteristicas<\/strong><\/td>\n<td>&#8211; Carcasa: PC \/ TPE \/ Aleaci&oacute;n de aluminio (ADC-12 + Recubrimiento L&iacute;quido)<br \/>&#8211; Interfaz de red: 1 x 10\/100\/1000 Mbps<br \/>&#8211; Sensor: OS08A10, 1\/2&#8243;<br \/>&#8211; Lente: F 4.1mm &#8211; 12.3mm; f \/ 1.53 -f \/ 3.3<br \/>&#8211; LED: Anillo de LED<br \/>&#8211; Campo de visi&oacute;n: <br \/>&nbsp; Amplio: 108&deg; (H), 58&deg; (V), 125&deg; (D)<br \/>&nbsp; Tele: 37&deg; (H), 20&deg; (V), 43&deg; (D)<br \/>&#8211; Modo nocturno: LEDs IR con filtro mec&aacute;nico de corte IR<br \/>&#8211; Compresi&oacute;n de video: H.264<br \/>&#8211; Resoluci&oacute;n: 4K2K (3840 x 2160)<br \/>&#8211; Max. Velocidad de fotogramas: 24 FPS<br \/>&#8211; Configuraci&oacute;n de la imagen: Volteo, Brillo, Contraste, WDR, Tono, Infrarrojo, Nitidez, Saturaci&oacute;n, Denoise, 50\/60 Hz Reducci&oacute;n de parpadeo<br \/>&#8211; Interfaz de gesti&oacute;n: Modo gestionado: UniFi Protect<br \/>&nbsp; Modo independiente: C&aacute;mara web integrada de la interfaz de usuario (UI)<br \/>&#8211; Micr&oacute;fono: S&iacute;<br \/>&#8211; Max. Consumo de energ&iacute;a: 12.5W<br \/>&#8211; M&eacute;todo de alimentaci&oacute;n: IEEE 802.3af \/ at<br \/>&#8211; Fuente de alimentaci&oacute;n: 802.3af \/ 802.3at o switch PoE<br \/>&#8211; Botones: Bot&oacute;n de reinicio de f&aacute;brica<br \/>&#8211; Montaje: pared, techo (Kits incluidos), poste (bracket no incluye abrazaderas)<br \/>&#8211; Temperatura de funcionamiento: -20 a 50 &deg; C (-4 a 122 &deg; F)<br \/>&#8211; Humedad de funcionamiento: 0 a 90% sin condensaci&oacute;n<br \/>&#8211; Resistente a la intemperie: IP67<br \/>&#8211; Dimensiones: 86&Oslash; x 153 mm (Sin plato de montaje)<br \/>&#8211; Peso: 0.7kg<\/td>\n<\/tr>\n<tr>\n<td><strong>Fecha de revisi&oacute;n<\/strong><\/td>\n<td>17-05-2019 por MSB<\/td>\n<\/tr>\n<\/tbody>\n<\/table>\n","protected":false},"excerpt":{"rendered":"<p>Marca UBIQUITI Modelo UVC-G4-PRO Caracteristicas &#8211; Carcasa: PC \/ TPE \/ Aleaci&oacute;n de aluminio (ADC-12 + Recubrimiento L&iacute;quido)&#8211; Interfaz de red: 1 x 10\/100\/1000 Mbps&#8211; Sensor: OS08A10, 1\/2&#8243;&#8211; Lente: F 4.1mm &#8211; 12.3mm; f \/ 1.53 -f \/ 3.3&#8211; LED: Anillo de LED&#8211; Campo de visi&oacute;n: &nbsp; Amplio: 108&deg; (H), 58&deg; (V), 125&deg; (D)&nbsp; Tele:&hellip;&nbsp;<a href=\"https:\/\/aivlisoft.net\/shop\/producto\/ubiquiti-unifi-video-camera-uvc-g4-pro-4k\/\" rel=\"bookmark\"><span class=\"screen-reader-text\">Ubiquiti Unifi Video Camera UVC-G4-PRO 4K<\/span><\/a><\/p>\n","protected":false},"featured_media":11380,"template":"","meta":{"neve_meta_sidebar":"","neve_meta_container":"","neve_meta_enable_content_width":"","neve_meta_content_width":0,"neve_meta_title_alignment":"","neve_meta_author_avatar":"","neve_post_elements_order":"","neve_meta_disable_header":"","neve_meta_disable_footer":"","neve_meta_disable_title":""},"product_brand":[],"product_cat":[15,711,8690,4432],"product_tag":[4438],"class_list":{"0":"post-11379","1":"product","2":"type-product","3":"status-publish","4":"has-post-thumbnail","6":"product_cat-sin-categorizar","7":"product_cat-accesorios-videovigilancia","8":"product_cat-accesorios-videovigilancia-accesorios-videovigilancia","9":"product_cat-videovigilancia","10":"product_tag-uvc-g4-pro","12":"first","13":"instock","14":"taxable","15":"shipping-taxable","16":"purchasable","17":"product-type-simple"},"yoast_head":"<!-- This site is optimized with the Yoast SEO plugin v26.0 - https:\/\/yoast.com\/wordpress\/plugins\/seo\/ -->\n<title>Ubiquiti Unifi Video Camera UVC-G4-PRO 4K - Aivlisoft Inform\u00e1tica<\/title>\n<meta name=\"robots\" content=\"index, follow, max-snippet:-1, max-image-preview:large, max-video-preview:-1\" \/>\n<link rel=\"canonical\" href=\"https:\/\/aivlisoft.net\/shop\/producto\/ubiquiti-unifi-video-camera-uvc-g4-pro-4k\/\" \/>\n<meta property=\"og:locale\" content=\"es_ES\" \/>\n<meta property=\"og:type\" content=\"article\" \/>\n<meta property=\"og:title\" content=\"Ubiquiti Unifi Video Camera UVC-G4-PRO 4K - Aivlisoft Inform\u00e1tica\" \/>\n<meta property=\"og:description\" content=\"Marca UBIQUITI Modelo UVC-G4-PRO Caracteristicas &#8211; Carcasa: PC \/ TPE \/ Aleaci&oacute;n de aluminio (ADC-12 + Recubrimiento L&iacute;quido)&#8211; Interfaz de red: 1 x 10\/100\/1000 Mbps&#8211; Sensor: OS08A10, 1\/2&#8243;&#8211; Lente: F 4.1mm &#8211; 12.3mm; f \/ 1.53 -f \/ 3.3&#8211; LED: Anillo de LED&#8211; Campo de visi&oacute;n: &nbsp; Amplio: 108&deg; (H), 58&deg; (V), 125&deg; (D)&nbsp; Tele:&hellip;&nbsp;Ubiquiti Unifi Video Camera UVC-G4-PRO 4K\" \/>\n<meta property=\"og:url\" content=\"https:\/\/aivlisoft.net\/shop\/producto\/ubiquiti-unifi-video-camera-uvc-g4-pro-4k\/\" \/>\n<meta property=\"og:site_name\" content=\"Aivlisoft Inform\u00e1tica\" \/>\n<meta property=\"article:modified_time\" content=\"2025-01-15T10:31:49+00:00\" \/>\n<meta property=\"og:image\" content=\"https:\/\/aivlisoft.net\/shop\/wp-content\/uploads\/2025\/01\/GVVCIP0214_800.jpg\" \/>\n\t<meta property=\"og:image:width\" content=\"800\" \/>\n\t<meta property=\"og:image:height\" content=\"800\" \/>\n\t<meta property=\"og:image:type\" content=\"image\/jpeg\" \/>\n<meta name=\"twitter:card\" content=\"summary_large_image\" \/>\n<meta name=\"twitter:label1\" content=\"Tiempo de lectura\" \/>\n\t<meta name=\"twitter:data1\" content=\"1 minuto\" \/>\n<script type=\"application\/ld+json\" class=\"yoast-schema-graph\">{\"@context\":\"https:\/\/schema.org\",\"@graph\":[{\"@type\":\"WebPage\",\"@id\":\"https:\/\/aivlisoft.net\/shop\/producto\/ubiquiti-unifi-video-camera-uvc-g4-pro-4k\/\",\"url\":\"https:\/\/aivlisoft.net\/shop\/producto\/ubiquiti-unifi-video-camera-uvc-g4-pro-4k\/\",\"name\":\"Ubiquiti Unifi Video Camera UVC-G4-PRO 4K - Aivlisoft Inform\u00e1tica\",\"isPartOf\":{\"@id\":\"https:\/\/aivlisoft.net\/shop\/#website\"},\"primaryImageOfPage\":{\"@id\":\"https:\/\/aivlisoft.net\/shop\/producto\/ubiquiti-unifi-video-camera-uvc-g4-pro-4k\/#primaryimage\"},\"image\":{\"@id\":\"https:\/\/aivlisoft.net\/shop\/producto\/ubiquiti-unifi-video-camera-uvc-g4-pro-4k\/#primaryimage\"},\"thumbnailUrl\":\"https:\/\/aivlisoft.net\/shop\/wp-content\/uploads\/2025\/01\/GVVCIP0214_800.jpg\",\"datePublished\":\"2025-01-13T14:13:50+00:00\",\"dateModified\":\"2025-01-15T10:31:49+00:00\",\"breadcrumb\":{\"@id\":\"https:\/\/aivlisoft.net\/shop\/producto\/ubiquiti-unifi-video-camera-uvc-g4-pro-4k\/#breadcrumb\"},\"inLanguage\":\"es\",\"potentialAction\":[{\"@type\":\"ReadAction\",\"target\":[\"https:\/\/aivlisoft.net\/shop\/producto\/ubiquiti-unifi-video-camera-uvc-g4-pro-4k\/\"]}]},{\"@type\":\"ImageObject\",\"inLanguage\":\"es\",\"@id\":\"https:\/\/aivlisoft.net\/shop\/producto\/ubiquiti-unifi-video-camera-uvc-g4-pro-4k\/#primaryimage\",\"url\":\"https:\/\/aivlisoft.net\/shop\/wp-content\/uploads\/2025\/01\/GVVCIP0214_800.jpg\",\"contentUrl\":\"https:\/\/aivlisoft.net\/shop\/wp-content\/uploads\/2025\/01\/GVVCIP0214_800.jpg\",\"width\":800,\"height\":800},{\"@type\":\"BreadcrumbList\",\"@id\":\"https:\/\/aivlisoft.net\/shop\/producto\/ubiquiti-unifi-video-camera-uvc-g4-pro-4k\/#breadcrumb\",\"itemListElement\":[{\"@type\":\"ListItem\",\"position\":1,\"name\":\"Portada\",\"item\":\"https:\/\/aivlisoft.net\/shop\/\"},{\"@type\":\"ListItem\",\"position\":2,\"name\":\"Tienda\",\"item\":\"https:\/\/aivlisoft.net\/shop\/tienda\/\"},{\"@type\":\"ListItem\",\"position\":3,\"name\":\"Ubiquiti Unifi Video Camera UVC-G4-PRO 4K\"}]},{\"@type\":\"WebSite\",\"@id\":\"https:\/\/aivlisoft.net\/shop\/#website\",\"url\":\"https:\/\/aivlisoft.net\/shop\/\",\"name\":\"Aivlisoft Inform\u00e1tica\",\"description\":\"En Aivlisoft Inform\u00e1tica ofrecemos soluciones tecnol\u00f3gicas para empresas: venta de ordenadores, consumibles, perif\u00e9ricos y m\u00e1s. Calidad, atenci\u00f3n personalizada y los mejores precios para tu negocio.\",\"publisher\":{\"@id\":\"https:\/\/aivlisoft.net\/shop\/#organization\"},\"potentialAction\":[{\"@type\":\"SearchAction\",\"target\":{\"@type\":\"EntryPoint\",\"urlTemplate\":\"https:\/\/aivlisoft.net\/shop\/?s={search_term_string}\"},\"query-input\":{\"@type\":\"PropertyValueSpecification\",\"valueRequired\":true,\"valueName\":\"search_term_string\"}}],\"inLanguage\":\"es\"},{\"@type\":\"Organization\",\"@id\":\"https:\/\/aivlisoft.net\/shop\/#organization\",\"name\":\"Aivlisoft Inform\u00e1tica\",\"url\":\"https:\/\/aivlisoft.net\/shop\/\",\"logo\":{\"@type\":\"ImageObject\",\"inLanguage\":\"es\",\"@id\":\"https:\/\/aivlisoft.net\/shop\/#\/schema\/logo\/image\/\",\"url\":\"https:\/\/aivlisoft.net\/shop\/wp-content\/uploads\/2024\/12\/removal.ai_5b848c54-0cdf-4140-95c5-c5536bb7573b-logodef.png\",\"contentUrl\":\"https:\/\/aivlisoft.net\/shop\/wp-content\/uploads\/2024\/12\/removal.ai_5b848c54-0cdf-4140-95c5-c5536bb7573b-logodef.png\",\"width\":484,\"height\":182,\"caption\":\"Aivlisoft Inform\u00e1tica\"},\"image\":{\"@id\":\"https:\/\/aivlisoft.net\/shop\/#\/schema\/logo\/image\/\"}}]}<\/script>\n<!-- \/ Yoast SEO plugin. -->","yoast_head_json":{"title":"Ubiquiti Unifi Video Camera UVC-G4-PRO 4K - Aivlisoft Inform\u00e1tica","robots":{"index":"index","follow":"follow","max-snippet":"max-snippet:-1","max-image-preview":"max-image-preview:large","max-video-preview":"max-video-preview:-1"},"canonical":"https:\/\/aivlisoft.net\/shop\/producto\/ubiquiti-unifi-video-camera-uvc-g4-pro-4k\/","og_locale":"es_ES","og_type":"article","og_title":"Ubiquiti Unifi Video Camera UVC-G4-PRO 4K - Aivlisoft Inform\u00e1tica","og_description":"Marca UBIQUITI Modelo UVC-G4-PRO Caracteristicas &#8211; Carcasa: PC \/ TPE \/ Aleaci&oacute;n de aluminio (ADC-12 + Recubrimiento L&iacute;quido)&#8211; Interfaz de red: 1 x 10\/100\/1000 Mbps&#8211; Sensor: OS08A10, 1\/2&#8243;&#8211; Lente: F 4.1mm &#8211; 12.3mm; f \/ 1.53 -f \/ 3.3&#8211; LED: Anillo de LED&#8211; Campo de visi&oacute;n: &nbsp; Amplio: 108&deg; (H), 58&deg; (V), 125&deg; (D)&nbsp; Tele:&hellip;&nbsp;Ubiquiti Unifi Video Camera UVC-G4-PRO 4K","og_url":"https:\/\/aivlisoft.net\/shop\/producto\/ubiquiti-unifi-video-camera-uvc-g4-pro-4k\/","og_site_name":"Aivlisoft Inform\u00e1tica","article_modified_time":"2025-01-15T10:31:49+00:00","og_image":[{"width":800,"height":800,"url":"https:\/\/aivlisoft.net\/shop\/wp-content\/uploads\/2025\/01\/GVVCIP0214_800.jpg","type":"image\/jpeg"}],"twitter_card":"summary_large_image","twitter_misc":{"Tiempo de lectura":"1 minuto"},"schema":{"@context":"https:\/\/schema.org","@graph":[{"@type":"WebPage","@id":"https:\/\/aivlisoft.net\/shop\/producto\/ubiquiti-unifi-video-camera-uvc-g4-pro-4k\/","url":"https:\/\/aivlisoft.net\/shop\/producto\/ubiquiti-unifi-video-camera-uvc-g4-pro-4k\/","name":"Ubiquiti Unifi Video Camera UVC-G4-PRO 4K - Aivlisoft Inform\u00e1tica","isPartOf":{"@id":"https:\/\/aivlisoft.net\/shop\/#website"},"primaryImageOfPage":{"@id":"https:\/\/aivlisoft.net\/shop\/producto\/ubiquiti-unifi-video-camera-uvc-g4-pro-4k\/#primaryimage"},"image":{"@id":"https:\/\/aivlisoft.net\/shop\/producto\/ubiquiti-unifi-video-camera-uvc-g4-pro-4k\/#primaryimage"},"thumbnailUrl":"https:\/\/aivlisoft.net\/shop\/wp-content\/uploads\/2025\/01\/GVVCIP0214_800.jpg","datePublished":"2025-01-13T14:13:50+00:00","dateModified":"2025-01-15T10:31:49+00:00","breadcrumb":{"@id":"https:\/\/aivlisoft.net\/shop\/producto\/ubiquiti-unifi-video-camera-uvc-g4-pro-4k\/#breadcrumb"},"inLanguage":"es","potentialAction":[{"@type":"ReadAction","target":["https:\/\/aivlisoft.net\/shop\/producto\/ubiquiti-unifi-video-camera-uvc-g4-pro-4k\/"]}]},{"@type":"ImageObject","inLanguage":"es","@id":"https:\/\/aivlisoft.net\/shop\/producto\/ubiquiti-unifi-video-camera-uvc-g4-pro-4k\/#primaryimage","url":"https:\/\/aivlisoft.net\/shop\/wp-content\/uploads\/2025\/01\/GVVCIP0214_800.jpg","contentUrl":"https:\/\/aivlisoft.net\/shop\/wp-content\/uploads\/2025\/01\/GVVCIP0214_800.jpg","width":800,"height":800},{"@type":"BreadcrumbList","@id":"https:\/\/aivlisoft.net\/shop\/producto\/ubiquiti-unifi-video-camera-uvc-g4-pro-4k\/#breadcrumb","itemListElement":[{"@type":"ListItem","position":1,"name":"Portada","item":"https:\/\/aivlisoft.net\/shop\/"},{"@type":"ListItem","position":2,"name":"Tienda","item":"https:\/\/aivlisoft.net\/shop\/tienda\/"},{"@type":"ListItem","position":3,"name":"Ubiquiti Unifi Video Camera UVC-G4-PRO 4K"}]},{"@type":"WebSite","@id":"https:\/\/aivlisoft.net\/shop\/#website","url":"https:\/\/aivlisoft.net\/shop\/","name":"Aivlisoft Inform\u00e1tica","description":"En Aivlisoft Inform\u00e1tica ofrecemos soluciones tecnol\u00f3gicas para empresas: venta de ordenadores, consumibles, perif\u00e9ricos y m\u00e1s. Calidad, atenci\u00f3n personalizada y los mejores precios para tu negocio.","publisher":{"@id":"https:\/\/aivlisoft.net\/shop\/#organization"},"potentialAction":[{"@type":"SearchAction","target":{"@type":"EntryPoint","urlTemplate":"https:\/\/aivlisoft.net\/shop\/?s={search_term_string}"},"query-input":{"@type":"PropertyValueSpecification","valueRequired":true,"valueName":"search_term_string"}}],"inLanguage":"es"},{"@type":"Organization","@id":"https:\/\/aivlisoft.net\/shop\/#organization","name":"Aivlisoft Inform\u00e1tica","url":"https:\/\/aivlisoft.net\/shop\/","logo":{"@type":"ImageObject","inLanguage":"es","@id":"https:\/\/aivlisoft.net\/shop\/#\/schema\/logo\/image\/","url":"https:\/\/aivlisoft.net\/shop\/wp-content\/uploads\/2024\/12\/removal.ai_5b848c54-0cdf-4140-95c5-c5536bb7573b-logodef.png","contentUrl":"https:\/\/aivlisoft.net\/shop\/wp-content\/uploads\/2024\/12\/removal.ai_5b848c54-0cdf-4140-95c5-c5536bb7573b-logodef.png","width":484,"height":182,"caption":"Aivlisoft Inform\u00e1tica"},"image":{"@id":"https:\/\/aivlisoft.net\/shop\/#\/schema\/logo\/image\/"}}]}},"_links":{"self":[{"href":"https:\/\/aivlisoft.net\/shop\/wp-json\/wp\/v2\/product\/11379","targetHints":{"allow":["GET"]}}],"collection":[{"href":"https:\/\/aivlisoft.net\/shop\/wp-json\/wp\/v2\/product"}],"about":[{"href":"https:\/\/aivlisoft.net\/shop\/wp-json\/wp\/v2\/types\/product"}],"wp:featuredmedia":[{"embeddable":true,"href":"https:\/\/aivlisoft.net\/shop\/wp-json\/wp\/v2\/media\/11380"}],"wp:attachment":[{"href":"https:\/\/aivlisoft.net\/shop\/wp-json\/wp\/v2\/media?parent=11379"}],"wp:term":[{"taxonomy":"product_brand","embeddable":true,"href":"https:\/\/aivlisoft.net\/shop\/wp-json\/wp\/v2\/product_brand?post=11379"},{"taxonomy":"product_cat","embeddable":true,"href":"https:\/\/aivlisoft.net\/shop\/wp-json\/wp\/v2\/product_cat?post=11379"},{"taxonomy":"product_tag","embeddable":true,"href":"https:\/\/aivlisoft.net\/shop\/wp-json\/wp\/v2\/product_tag?post=11379"}],"curies":[{"name":"wp","href":"https:\/\/api.w.org\/{rel}","templated":true}]}}