{"id":11374,"date":"2025-01-13T14:13:48","date_gmt":"2025-01-13T14:13:48","guid":{"rendered":"https:\/\/aivlisoft.com\/?post_type=product&#038;p=11374"},"modified":"2025-01-15T10:31:50","modified_gmt":"2025-01-15T10:31:50","slug":"ubiquiti-unifi-video-camera-uvc-g3-pro-1080p","status":"publish","type":"product","link":"https:\/\/aivlisoft.net\/shop\/producto\/ubiquiti-unifi-video-camera-uvc-g3-pro-1080p\/","title":{"rendered":"Ubiquiti Unifi Video Camera UVC-G3-PRO 1080p"},"content":{"rendered":"<p><\/p>\n<table>\n<tbody>\n<tr>\n<td><strong>Marca<\/strong><\/td>\n<td>UBIQUITI<\/td>\n<\/tr>\n<tr>\n<td><strong>Modelo<\/strong><\/td>\n<td><strong><\/strong><strong>UVC-G3-PRO<\/strong><\/td>\n<\/tr>\n<tr>\n<td><strong>Caracteristicas<\/strong><\/td>\n<td><strong>Desempe&ntilde;o<\/strong><br \/>&#8211; Tipo: IP security camera &nbsp;<br \/>&#8211; Colocaci&oacute;n soportada: Indoor &nbsp;<br \/>&#8211; Amplio rango din&aacute;mico (WDR): Si &nbsp;<br \/>&#8211; Filtro de corte infrarrojo: Si &nbsp;<br \/><strong>Dise&ntilde;o<\/strong><br \/>&#8211; Factor de forma: Bullet &nbsp;<br \/>&#8211; Color del producto: White &nbsp;<br \/>&#8211; Tipo de montaje: Ceiling\/Wall &nbsp;<br \/>&#8211; Material de la carcasa: Aluminium,Polycarbonate &nbsp;<br \/><strong>V&iacute;deo<\/strong><br \/>&#8211; M&aacute;xima resoluci&oacute;n: 1920 x 1080&nbsp; Pixeles<br \/>&#8211; Formatos de compresi&oacute;n de video: H.264 &nbsp;<br \/>&#8211; Formato de v&iacute;deo soportado: 1080p &nbsp;<br \/>&#8211; Velocidad de cuadro: 30pps<br \/>&#8211; Alta Definici&oacute;n Total: Si &nbsp;<br \/>&#8211; Ajuste calidad de imagen: Brightness,Contrast,Saturation,Sharpness &nbsp;<br \/>&#8211; Reducci&oacute;n de ruido: Si &nbsp;<br \/><strong>C&aacute;mara fotogr&aacute;fica<\/strong><br \/>&#8211; &Aacute;ngulo de visi&oacute;n, horizontal: 108&deg;<br \/>&#8211; &Aacute;ngulo de visi&oacute;n, vertical: 58&deg;<br \/>&#8211; &Aacute;ngulo de visi&oacute;n, diagonal: 125&deg;<br \/><strong>Sensor de la imagen<\/strong><br \/>&#8211; Tama&ntilde;o del sensor &oacute;ptico: 1\/2.8&#8243;<br \/><strong>Sistema de lentes<\/strong><br \/>&#8211; Capacidad de zoom: Si &nbsp;<br \/>&#8211; Zoom &oacute;ptico: x 3&nbsp; <br \/>&#8211; Intervalo de longitud focal: 3 &#8211; 9 mm<br \/>&#8211; Apertura m&aacute;xima: 2.1 &nbsp;<br \/><strong>Medios de almacenaje<\/strong><br \/>&#8211; Disco duro incorporado: No &nbsp;<br \/><strong>Visi&oacute;n nocturna<\/strong><br \/>&#8211; Visi&oacute;n nocturna: Si &nbsp;<br \/>&#8211; Tipo de LED: IR &nbsp;<br \/><strong>Red<\/strong><br \/>&#8211; Ethernet: Si &nbsp;<br \/>&#8211; Tipo de interfaz ethernet: Fast Ethernet &nbsp;<br \/>&#8211; Tecnolog&iacute;a de cableado: 10\/100Base-T(X) &nbsp;<br \/>&#8211; Wifi: No &nbsp;<br \/>&#8211; Est&aacute;ndares de red: IEEE 802.3af,IEEE 802.3at &nbsp;<br \/><strong>Puertos e Interfaces<\/strong><br \/>&#8211; Tecnolog&iacute;a de conectividad: Wired &nbsp;<br \/>&#8211; Interfaz: RJ-45 &nbsp;<br \/><strong>Audio<\/strong><br \/>&#8211; Micr&oacute;fono incorporado: Si &nbsp;<br \/><strong>Peso y dimensiones<\/strong><br \/>&#8211; Di&aacute;metro: 86 mm<br \/>&#8211; Longitud: 153 mm<br \/>&#8211; Peso: 700 g&nbsp; &nbsp;<br \/><strong>Control de energ&iacute;a<\/strong><br \/>&#8211; Energ&iacute;a sobre Ethernet (PoE): Si &nbsp;<br \/>&#8211; Consumo de energ&iacute;a (max): 12.5W<br \/><strong>Caracter&iacute;sticas de administraci&oacute;n<\/strong><br \/>&#8211; Bot&oacute;n de restaurar: Si &nbsp;<br \/><strong>Condiciones ambientales<\/strong><br \/>&#8211; Intervalo de temperatura operativa: -20 &#8211; 50&deg;C<br \/>&#8211; Intervalo de humedad relativa para funcionamiento: 0 &#8211; 90%<br \/><strong>Requisitos del sistema<\/strong><br \/>&#8211; Sistema operativo Windows soportado: Windows 10, Windows 7, Windows 8 &nbsp;<br \/>&#8211; Sistema operativo Linux soportado: Debian 7.0, Ubuntu 14.04, Ubuntu 16.04 &nbsp;<br \/>&#8211; Procesador m&iacute;nimo: 1.86 GHz &nbsp;<br \/>&#8211; RAM m&iacute;nima: 4096 MB<br \/><strong>Contenido <\/strong><br \/>&#8211; N&uacute;mero de c&aacute;maras: 1<\/td>\n<\/tr>\n<tr>\n<td><strong>Fecha de revisi&oacute;n<\/strong><\/td>\n<td>04-10-2018 por MSB<\/td>\n<\/tr>\n<\/tbody>\n<\/table>\n","protected":false},"excerpt":{"rendered":"<p>Marca UBIQUITI Modelo UVC-G3-PRO Caracteristicas Desempe&ntilde;o&#8211; Tipo: IP security camera &nbsp;&#8211; Colocaci&oacute;n soportada: Indoor &nbsp;&#8211; Amplio rango din&aacute;mico (WDR): Si &nbsp;&#8211; Filtro de corte infrarrojo: Si &nbsp;Dise&ntilde;o&#8211; Factor de forma: Bullet &nbsp;&#8211; Color del producto: White &nbsp;&#8211; Tipo de montaje: Ceiling\/Wall &nbsp;&#8211; Material de la carcasa: Aluminium,Polycarbonate &nbsp;V&iacute;deo&#8211; M&aacute;xima resoluci&oacute;n: 1920 x 1080&nbsp; Pixeles&#8211; Formatos&hellip;&nbsp;<a href=\"https:\/\/aivlisoft.net\/shop\/producto\/ubiquiti-unifi-video-camera-uvc-g3-pro-1080p\/\" rel=\"bookmark\"><span class=\"screen-reader-text\">Ubiquiti Unifi Video Camera UVC-G3-PRO 1080p<\/span><\/a><\/p>\n","protected":false},"featured_media":11375,"template":"","meta":{"neve_meta_sidebar":"","neve_meta_container":"","neve_meta_enable_content_width":"","neve_meta_content_width":0,"neve_meta_title_alignment":"","neve_meta_author_avatar":"","neve_post_elements_order":"","neve_meta_disable_header":"","neve_meta_disable_footer":"","neve_meta_disable_title":""},"product_brand":[],"product_cat":[15,8690,711,4432],"product_tag":[4437],"class_list":{"0":"post-11374","1":"product","2":"type-product","3":"status-publish","4":"has-post-thumbnail","6":"product_cat-sin-categorizar","7":"product_cat-accesorios-videovigilancia-accesorios-videovigilancia","8":"product_cat-accesorios-videovigilancia","9":"product_cat-videovigilancia","10":"product_tag-uvc-g3-pro","12":"first","13":"instock","14":"taxable","15":"shipping-taxable","16":"purchasable","17":"product-type-simple"},"yoast_head":"<!-- This site is optimized with the Yoast SEO plugin v26.0 - https:\/\/yoast.com\/wordpress\/plugins\/seo\/ -->\n<title>Ubiquiti Unifi Video Camera UVC-G3-PRO 1080p - Aivlisoft Inform\u00e1tica<\/title>\n<meta name=\"robots\" content=\"index, follow, max-snippet:-1, max-image-preview:large, max-video-preview:-1\" \/>\n<link rel=\"canonical\" href=\"https:\/\/aivlisoft.net\/shop\/producto\/ubiquiti-unifi-video-camera-uvc-g3-pro-1080p\/\" \/>\n<meta property=\"og:locale\" content=\"es_ES\" \/>\n<meta property=\"og:type\" content=\"article\" \/>\n<meta property=\"og:title\" content=\"Ubiquiti Unifi Video Camera UVC-G3-PRO 1080p - Aivlisoft Inform\u00e1tica\" \/>\n<meta property=\"og:description\" content=\"Marca UBIQUITI Modelo UVC-G3-PRO Caracteristicas Desempe&ntilde;o&#8211; Tipo: IP security camera &nbsp;&#8211; Colocaci&oacute;n soportada: Indoor &nbsp;&#8211; Amplio rango din&aacute;mico (WDR): Si &nbsp;&#8211; Filtro de corte infrarrojo: Si &nbsp;Dise&ntilde;o&#8211; Factor de forma: Bullet &nbsp;&#8211; Color del producto: White &nbsp;&#8211; Tipo de montaje: Ceiling\/Wall &nbsp;&#8211; Material de la carcasa: Aluminium,Polycarbonate &nbsp;V&iacute;deo&#8211; M&aacute;xima resoluci&oacute;n: 1920 x 1080&nbsp; Pixeles&#8211; Formatos&hellip;&nbsp;Ubiquiti Unifi Video Camera UVC-G3-PRO 1080p\" \/>\n<meta property=\"og:url\" content=\"https:\/\/aivlisoft.net\/shop\/producto\/ubiquiti-unifi-video-camera-uvc-g3-pro-1080p\/\" \/>\n<meta property=\"og:site_name\" content=\"Aivlisoft Inform\u00e1tica\" \/>\n<meta property=\"article:modified_time\" content=\"2025-01-15T10:31:50+00:00\" \/>\n<meta property=\"og:image\" content=\"https:\/\/aivlisoft.net\/shop\/wp-content\/uploads\/2025\/01\/GVVCIP0204_800.jpg\" \/>\n\t<meta property=\"og:image:width\" content=\"800\" \/>\n\t<meta property=\"og:image:height\" content=\"800\" \/>\n\t<meta property=\"og:image:type\" content=\"image\/jpeg\" \/>\n<meta name=\"twitter:card\" content=\"summary_large_image\" \/>\n<meta name=\"twitter:label1\" content=\"Tiempo de lectura\" \/>\n\t<meta name=\"twitter:data1\" content=\"2 minutos\" \/>\n<script type=\"application\/ld+json\" class=\"yoast-schema-graph\">{\"@context\":\"https:\/\/schema.org\",\"@graph\":[{\"@type\":\"WebPage\",\"@id\":\"https:\/\/aivlisoft.net\/shop\/producto\/ubiquiti-unifi-video-camera-uvc-g3-pro-1080p\/\",\"url\":\"https:\/\/aivlisoft.net\/shop\/producto\/ubiquiti-unifi-video-camera-uvc-g3-pro-1080p\/\",\"name\":\"Ubiquiti Unifi Video Camera UVC-G3-PRO 1080p - Aivlisoft Inform\u00e1tica\",\"isPartOf\":{\"@id\":\"https:\/\/aivlisoft.net\/shop\/#website\"},\"primaryImageOfPage\":{\"@id\":\"https:\/\/aivlisoft.net\/shop\/producto\/ubiquiti-unifi-video-camera-uvc-g3-pro-1080p\/#primaryimage\"},\"image\":{\"@id\":\"https:\/\/aivlisoft.net\/shop\/producto\/ubiquiti-unifi-video-camera-uvc-g3-pro-1080p\/#primaryimage\"},\"thumbnailUrl\":\"https:\/\/aivlisoft.net\/shop\/wp-content\/uploads\/2025\/01\/GVVCIP0204_800.jpg\",\"datePublished\":\"2025-01-13T14:13:48+00:00\",\"dateModified\":\"2025-01-15T10:31:50+00:00\",\"breadcrumb\":{\"@id\":\"https:\/\/aivlisoft.net\/shop\/producto\/ubiquiti-unifi-video-camera-uvc-g3-pro-1080p\/#breadcrumb\"},\"inLanguage\":\"es\",\"potentialAction\":[{\"@type\":\"ReadAction\",\"target\":[\"https:\/\/aivlisoft.net\/shop\/producto\/ubiquiti-unifi-video-camera-uvc-g3-pro-1080p\/\"]}]},{\"@type\":\"ImageObject\",\"inLanguage\":\"es\",\"@id\":\"https:\/\/aivlisoft.net\/shop\/producto\/ubiquiti-unifi-video-camera-uvc-g3-pro-1080p\/#primaryimage\",\"url\":\"https:\/\/aivlisoft.net\/shop\/wp-content\/uploads\/2025\/01\/GVVCIP0204_800.jpg\",\"contentUrl\":\"https:\/\/aivlisoft.net\/shop\/wp-content\/uploads\/2025\/01\/GVVCIP0204_800.jpg\",\"width\":800,\"height\":800},{\"@type\":\"BreadcrumbList\",\"@id\":\"https:\/\/aivlisoft.net\/shop\/producto\/ubiquiti-unifi-video-camera-uvc-g3-pro-1080p\/#breadcrumb\",\"itemListElement\":[{\"@type\":\"ListItem\",\"position\":1,\"name\":\"Portada\",\"item\":\"https:\/\/aivlisoft.net\/shop\/\"},{\"@type\":\"ListItem\",\"position\":2,\"name\":\"Tienda\",\"item\":\"https:\/\/aivlisoft.net\/shop\/tienda\/\"},{\"@type\":\"ListItem\",\"position\":3,\"name\":\"Ubiquiti Unifi Video Camera UVC-G3-PRO 1080p\"}]},{\"@type\":\"WebSite\",\"@id\":\"https:\/\/aivlisoft.net\/shop\/#website\",\"url\":\"https:\/\/aivlisoft.net\/shop\/\",\"name\":\"Aivlisoft Inform\u00e1tica\",\"description\":\"En Aivlisoft Inform\u00e1tica ofrecemos soluciones tecnol\u00f3gicas para empresas: venta de ordenadores, consumibles, perif\u00e9ricos y m\u00e1s. Calidad, atenci\u00f3n personalizada y los mejores precios para tu negocio.\",\"publisher\":{\"@id\":\"https:\/\/aivlisoft.net\/shop\/#organization\"},\"potentialAction\":[{\"@type\":\"SearchAction\",\"target\":{\"@type\":\"EntryPoint\",\"urlTemplate\":\"https:\/\/aivlisoft.net\/shop\/?s={search_term_string}\"},\"query-input\":{\"@type\":\"PropertyValueSpecification\",\"valueRequired\":true,\"valueName\":\"search_term_string\"}}],\"inLanguage\":\"es\"},{\"@type\":\"Organization\",\"@id\":\"https:\/\/aivlisoft.net\/shop\/#organization\",\"name\":\"Aivlisoft Inform\u00e1tica\",\"url\":\"https:\/\/aivlisoft.net\/shop\/\",\"logo\":{\"@type\":\"ImageObject\",\"inLanguage\":\"es\",\"@id\":\"https:\/\/aivlisoft.net\/shop\/#\/schema\/logo\/image\/\",\"url\":\"https:\/\/aivlisoft.net\/shop\/wp-content\/uploads\/2024\/12\/removal.ai_5b848c54-0cdf-4140-95c5-c5536bb7573b-logodef.png\",\"contentUrl\":\"https:\/\/aivlisoft.net\/shop\/wp-content\/uploads\/2024\/12\/removal.ai_5b848c54-0cdf-4140-95c5-c5536bb7573b-logodef.png\",\"width\":484,\"height\":182,\"caption\":\"Aivlisoft Inform\u00e1tica\"},\"image\":{\"@id\":\"https:\/\/aivlisoft.net\/shop\/#\/schema\/logo\/image\/\"}}]}<\/script>\n<!-- \/ Yoast SEO plugin. -->","yoast_head_json":{"title":"Ubiquiti Unifi Video Camera UVC-G3-PRO 1080p - Aivlisoft Inform\u00e1tica","robots":{"index":"index","follow":"follow","max-snippet":"max-snippet:-1","max-image-preview":"max-image-preview:large","max-video-preview":"max-video-preview:-1"},"canonical":"https:\/\/aivlisoft.net\/shop\/producto\/ubiquiti-unifi-video-camera-uvc-g3-pro-1080p\/","og_locale":"es_ES","og_type":"article","og_title":"Ubiquiti Unifi Video Camera UVC-G3-PRO 1080p - Aivlisoft Inform\u00e1tica","og_description":"Marca UBIQUITI Modelo UVC-G3-PRO Caracteristicas Desempe&ntilde;o&#8211; Tipo: IP security camera &nbsp;&#8211; Colocaci&oacute;n soportada: Indoor &nbsp;&#8211; Amplio rango din&aacute;mico (WDR): Si &nbsp;&#8211; Filtro de corte infrarrojo: Si &nbsp;Dise&ntilde;o&#8211; Factor de forma: Bullet &nbsp;&#8211; Color del producto: White &nbsp;&#8211; Tipo de montaje: Ceiling\/Wall &nbsp;&#8211; Material de la carcasa: Aluminium,Polycarbonate &nbsp;V&iacute;deo&#8211; M&aacute;xima resoluci&oacute;n: 1920 x 1080&nbsp; Pixeles&#8211; Formatos&hellip;&nbsp;Ubiquiti Unifi Video Camera UVC-G3-PRO 1080p","og_url":"https:\/\/aivlisoft.net\/shop\/producto\/ubiquiti-unifi-video-camera-uvc-g3-pro-1080p\/","og_site_name":"Aivlisoft Inform\u00e1tica","article_modified_time":"2025-01-15T10:31:50+00:00","og_image":[{"width":800,"height":800,"url":"https:\/\/aivlisoft.net\/shop\/wp-content\/uploads\/2025\/01\/GVVCIP0204_800.jpg","type":"image\/jpeg"}],"twitter_card":"summary_large_image","twitter_misc":{"Tiempo de lectura":"2 minutos"},"schema":{"@context":"https:\/\/schema.org","@graph":[{"@type":"WebPage","@id":"https:\/\/aivlisoft.net\/shop\/producto\/ubiquiti-unifi-video-camera-uvc-g3-pro-1080p\/","url":"https:\/\/aivlisoft.net\/shop\/producto\/ubiquiti-unifi-video-camera-uvc-g3-pro-1080p\/","name":"Ubiquiti Unifi Video Camera UVC-G3-PRO 1080p - Aivlisoft Inform\u00e1tica","isPartOf":{"@id":"https:\/\/aivlisoft.net\/shop\/#website"},"primaryImageOfPage":{"@id":"https:\/\/aivlisoft.net\/shop\/producto\/ubiquiti-unifi-video-camera-uvc-g3-pro-1080p\/#primaryimage"},"image":{"@id":"https:\/\/aivlisoft.net\/shop\/producto\/ubiquiti-unifi-video-camera-uvc-g3-pro-1080p\/#primaryimage"},"thumbnailUrl":"https:\/\/aivlisoft.net\/shop\/wp-content\/uploads\/2025\/01\/GVVCIP0204_800.jpg","datePublished":"2025-01-13T14:13:48+00:00","dateModified":"2025-01-15T10:31:50+00:00","breadcrumb":{"@id":"https:\/\/aivlisoft.net\/shop\/producto\/ubiquiti-unifi-video-camera-uvc-g3-pro-1080p\/#breadcrumb"},"inLanguage":"es","potentialAction":[{"@type":"ReadAction","target":["https:\/\/aivlisoft.net\/shop\/producto\/ubiquiti-unifi-video-camera-uvc-g3-pro-1080p\/"]}]},{"@type":"ImageObject","inLanguage":"es","@id":"https:\/\/aivlisoft.net\/shop\/producto\/ubiquiti-unifi-video-camera-uvc-g3-pro-1080p\/#primaryimage","url":"https:\/\/aivlisoft.net\/shop\/wp-content\/uploads\/2025\/01\/GVVCIP0204_800.jpg","contentUrl":"https:\/\/aivlisoft.net\/shop\/wp-content\/uploads\/2025\/01\/GVVCIP0204_800.jpg","width":800,"height":800},{"@type":"BreadcrumbList","@id":"https:\/\/aivlisoft.net\/shop\/producto\/ubiquiti-unifi-video-camera-uvc-g3-pro-1080p\/#breadcrumb","itemListElement":[{"@type":"ListItem","position":1,"name":"Portada","item":"https:\/\/aivlisoft.net\/shop\/"},{"@type":"ListItem","position":2,"name":"Tienda","item":"https:\/\/aivlisoft.net\/shop\/tienda\/"},{"@type":"ListItem","position":3,"name":"Ubiquiti Unifi Video Camera UVC-G3-PRO 1080p"}]},{"@type":"WebSite","@id":"https:\/\/aivlisoft.net\/shop\/#website","url":"https:\/\/aivlisoft.net\/shop\/","name":"Aivlisoft Inform\u00e1tica","description":"En Aivlisoft Inform\u00e1tica ofrecemos soluciones tecnol\u00f3gicas para empresas: venta de ordenadores, consumibles, perif\u00e9ricos y m\u00e1s. Calidad, atenci\u00f3n personalizada y los mejores precios para tu negocio.","publisher":{"@id":"https:\/\/aivlisoft.net\/shop\/#organization"},"potentialAction":[{"@type":"SearchAction","target":{"@type":"EntryPoint","urlTemplate":"https:\/\/aivlisoft.net\/shop\/?s={search_term_string}"},"query-input":{"@type":"PropertyValueSpecification","valueRequired":true,"valueName":"search_term_string"}}],"inLanguage":"es"},{"@type":"Organization","@id":"https:\/\/aivlisoft.net\/shop\/#organization","name":"Aivlisoft Inform\u00e1tica","url":"https:\/\/aivlisoft.net\/shop\/","logo":{"@type":"ImageObject","inLanguage":"es","@id":"https:\/\/aivlisoft.net\/shop\/#\/schema\/logo\/image\/","url":"https:\/\/aivlisoft.net\/shop\/wp-content\/uploads\/2024\/12\/removal.ai_5b848c54-0cdf-4140-95c5-c5536bb7573b-logodef.png","contentUrl":"https:\/\/aivlisoft.net\/shop\/wp-content\/uploads\/2024\/12\/removal.ai_5b848c54-0cdf-4140-95c5-c5536bb7573b-logodef.png","width":484,"height":182,"caption":"Aivlisoft Inform\u00e1tica"},"image":{"@id":"https:\/\/aivlisoft.net\/shop\/#\/schema\/logo\/image\/"}}]}},"_links":{"self":[{"href":"https:\/\/aivlisoft.net\/shop\/wp-json\/wp\/v2\/product\/11374","targetHints":{"allow":["GET"]}}],"collection":[{"href":"https:\/\/aivlisoft.net\/shop\/wp-json\/wp\/v2\/product"}],"about":[{"href":"https:\/\/aivlisoft.net\/shop\/wp-json\/wp\/v2\/types\/product"}],"wp:featuredmedia":[{"embeddable":true,"href":"https:\/\/aivlisoft.net\/shop\/wp-json\/wp\/v2\/media\/11375"}],"wp:attachment":[{"href":"https:\/\/aivlisoft.net\/shop\/wp-json\/wp\/v2\/media?parent=11374"}],"wp:term":[{"taxonomy":"product_brand","embeddable":true,"href":"https:\/\/aivlisoft.net\/shop\/wp-json\/wp\/v2\/product_brand?post=11374"},{"taxonomy":"product_cat","embeddable":true,"href":"https:\/\/aivlisoft.net\/shop\/wp-json\/wp\/v2\/product_cat?post=11374"},{"taxonomy":"product_tag","embeddable":true,"href":"https:\/\/aivlisoft.net\/shop\/wp-json\/wp\/v2\/product_tag?post=11374"}],"curies":[{"name":"wp","href":"https:\/\/api.w.org\/{rel}","templated":true}]}}