{"id":11369,"date":"2025-01-13T14:13:45","date_gmt":"2025-01-13T14:13:45","guid":{"rendered":"https:\/\/aivlisoft.com\/?post_type=product&#038;p=11369"},"modified":"2025-01-15T10:34:21","modified_gmt":"2025-01-15T10:34:21","slug":"ubiquiti-unifi-video-camera-uvc-g3-dome-1080p","status":"publish","type":"product","link":"https:\/\/aivlisoft.net\/shop\/producto\/ubiquiti-unifi-video-camera-uvc-g3-dome-1080p\/","title":{"rendered":"Ubiquiti UniFi Video Camera UVC-G3-DOME 1080p"},"content":{"rendered":"<div><\/div>\n<p>La Interfaz de usuario del UniFi V&iacute;deo, accesible desde el navegador fue dise&ntilde;ada para usarse de forma sencilla, sin embargo, viene repleta de funciones avanzadas como informes, estad&iacute;sticas, m&uacute;ltiples vistas, versatilidad en los ajustes, an&aacute;lisis avanzados y grabaciones de eventos personalizados. <\/p>\n<p>Las funciones de gesti&oacute;n de disco del UniFi Video permiten la administraci&oacute;n autom&aacute;tica de la grabaci&oacute;n para liberar espacio en el disco. Otra ventaja del dispositivo es la habilidad de mapear unidades de almacenamiento en red, o unidades externas por USB.<\/p>\n<p><\/p>\n<table class=\"tabla_caracteristicas k-table\" width=\"100%\">\n<tbody>\n<tr>\n<td><strong>Marca<\/strong><\/td>\n<td>Ubiquiti<\/td>\n<\/tr>\n<tr>\n<td><strong>Modelo<\/strong><\/td>\n<td>\n<div><strong><\/strong><strong>UVC-G3-DOME<\/strong><strong><br type=\"_moz\" \/><\/strong><\/div>\n<\/td>\n<\/tr>\n<tr>\n<td><strong>Interfaces<\/strong><\/td>\n<td>\n<div>&#8211; 1x 10\/100 Ethernet<\/div>\n<\/td>\n<\/tr>\n<tr>\n<td valign=\"top\"><strong>Imagen<\/strong><\/td>\n<td>\n<div>&#8211; Sensor: <strong>1\/3&#8243; 4-Megapixel HDR Sensor<\/strong><strong><\/strong><br \/>&#8211; Lente: <strong>EFL 2.8 mm, &fnof;\/2<\/strong><strong><\/strong><\/div>\n<div>\n<p>&#8211; &Aacute;ngulos de visi&oacute;n:<\/p>\n<\/div>\n<div>&nbsp;&nbsp; Sin correcion de lente &#8211; 100.4&deg; (H), 59.1&deg; (V), 117.3&deg; (D)<br \/>&nbsp;&nbsp; Con correccion de lente &#8211; 87.8&deg; (H), 55.4&deg; (V), 96.4&deg; (D)<\/div>\n<\/td>\n<\/tr>\n<tr>\n<td valign=\"top\"><strong>Video<\/strong><\/td>\n<td>\n<div>\n<div>Video<\/div>\n<div>&#8211; Formato de video: H.264<\/div>\n<div>&#8211; Resoluci&oacute;n: 1080p Full HD (1920&#215;1080)<\/div>\n<div>&#8211; M&aacute;xima cantidad de fotogramas: 30 FPS<\/div>\n<\/div>\n<\/td>\n<\/tr>\n<tr>\n<td valign=\"top\"><strong>Otras caracter&iacute;sticas<\/strong><\/td>\n<td>\n<div>&#8211; Procesador: Ambarella S2L66 (816 MHz ARM Cortex-A9)<\/div>\n<div>&#8211; Memoria: 512 MB DDR3L<\/div>\n<div>&#8211; Alimentaci&oacute;n:<\/div>\n<div>&nbsp;&nbsp; Metodo de alimentaci&oacute;n: Passive Power over Ethernet (24V)<\/div>\n<div>&nbsp;&nbsp; Adaptador de corriente: 24V, 0,5 A (Adaptador PoE incluido)<\/div>\n<div>&#8211; Consumo m&aacute;ximo: 4W<\/div>\n<div>&#8211; Humedad de trabajo: 20 hasta 90% sin condensar<\/div>\n<div>&#8211; Dimensiones: 132 x 60 mm<\/div>\n<div>&#8211; Peso: 260 g.<\/div>\n<\/td>\n<\/tr>\n<tr>\n<td><strong>Fecha de revisi&oacute;n<\/strong><\/td>\n<td>21-11-2016 PMC<\/td>\n<\/tr>\n<\/tbody>\n<\/table>\n","protected":false},"excerpt":{"rendered":"<p>La Interfaz de usuario del UniFi V&iacute;deo, accesible desde el navegador fue dise&ntilde;ada para usarse de forma sencilla, sin embargo, viene repleta de funciones avanzadas como informes, estad&iacute;sticas, m&uacute;ltiples vistas, versatilidad en los ajustes, an&aacute;lisis avanzados y grabaciones de eventos personalizados. Las funciones de gesti&oacute;n de disco del UniFi Video permiten la administraci&oacute;n autom&aacute;tica de&hellip;&nbsp;<a href=\"https:\/\/aivlisoft.net\/shop\/producto\/ubiquiti-unifi-video-camera-uvc-g3-dome-1080p\/\" rel=\"bookmark\"><span class=\"screen-reader-text\">Ubiquiti UniFi Video Camera UVC-G3-DOME 1080p<\/span><\/a><\/p>\n","protected":false},"featured_media":11370,"template":"","meta":{"neve_meta_sidebar":"","neve_meta_container":"","neve_meta_enable_content_width":"","neve_meta_content_width":0,"neve_meta_title_alignment":"","neve_meta_author_avatar":"","neve_post_elements_order":"","neve_meta_disable_header":"","neve_meta_disable_footer":"","neve_meta_disable_title":""},"product_brand":[],"product_cat":[15,711,8690,8726,4432],"product_tag":[4435],"class_list":{"0":"post-11369","1":"product","2":"type-product","3":"status-publish","4":"has-post-thumbnail","6":"product_cat-sin-categorizar","7":"product_cat-accesorios-videovigilancia","8":"product_cat-accesorios-videovigilancia-accesorios-videovigilancia","9":"product_cat-grabadores-digitales","10":"product_cat-videovigilancia","11":"product_tag-uvc-g3-dome","13":"first","14":"instock","15":"taxable","16":"shipping-taxable","17":"purchasable","18":"product-type-simple"},"yoast_head":"<!-- This site is optimized with the Yoast SEO plugin v26.0 - https:\/\/yoast.com\/wordpress\/plugins\/seo\/ -->\n<title>Ubiquiti UniFi Video Camera UVC-G3-DOME 1080p - Aivlisoft Inform\u00e1tica<\/title>\n<meta name=\"robots\" content=\"index, follow, max-snippet:-1, max-image-preview:large, max-video-preview:-1\" \/>\n<link rel=\"canonical\" href=\"https:\/\/aivlisoft.net\/shop\/producto\/ubiquiti-unifi-video-camera-uvc-g3-dome-1080p\/\" \/>\n<meta property=\"og:locale\" content=\"es_ES\" \/>\n<meta property=\"og:type\" content=\"article\" \/>\n<meta property=\"og:title\" content=\"Ubiquiti UniFi Video Camera UVC-G3-DOME 1080p - Aivlisoft Inform\u00e1tica\" \/>\n<meta property=\"og:description\" content=\"La Interfaz de usuario del UniFi V&iacute;deo, accesible desde el navegador fue dise&ntilde;ada para usarse de forma sencilla, sin embargo, viene repleta de funciones avanzadas como informes, estad&iacute;sticas, m&uacute;ltiples vistas, versatilidad en los ajustes, an&aacute;lisis avanzados y grabaciones de eventos personalizados. Las funciones de gesti&oacute;n de disco del UniFi Video permiten la administraci&oacute;n autom&aacute;tica de&hellip;&nbsp;Ubiquiti UniFi Video Camera UVC-G3-DOME 1080p\" \/>\n<meta property=\"og:url\" content=\"https:\/\/aivlisoft.net\/shop\/producto\/ubiquiti-unifi-video-camera-uvc-g3-dome-1080p\/\" \/>\n<meta property=\"og:site_name\" content=\"Aivlisoft Inform\u00e1tica\" \/>\n<meta property=\"article:modified_time\" content=\"2025-01-15T10:34:21+00:00\" \/>\n<meta property=\"og:image\" content=\"https:\/\/aivlisoft.net\/shop\/wp-content\/uploads\/2025\/01\/GVVCIP0135_800.jpg\" \/>\n\t<meta property=\"og:image:width\" content=\"800\" \/>\n\t<meta property=\"og:image:height\" content=\"800\" \/>\n\t<meta property=\"og:image:type\" content=\"image\/jpeg\" \/>\n<meta name=\"twitter:card\" content=\"summary_large_image\" \/>\n<meta name=\"twitter:label1\" content=\"Tiempo de lectura\" \/>\n\t<meta name=\"twitter:data1\" content=\"1 minuto\" \/>\n<script type=\"application\/ld+json\" class=\"yoast-schema-graph\">{\"@context\":\"https:\/\/schema.org\",\"@graph\":[{\"@type\":\"WebPage\",\"@id\":\"https:\/\/aivlisoft.net\/shop\/producto\/ubiquiti-unifi-video-camera-uvc-g3-dome-1080p\/\",\"url\":\"https:\/\/aivlisoft.net\/shop\/producto\/ubiquiti-unifi-video-camera-uvc-g3-dome-1080p\/\",\"name\":\"Ubiquiti UniFi Video Camera UVC-G3-DOME 1080p - Aivlisoft Inform\u00e1tica\",\"isPartOf\":{\"@id\":\"https:\/\/aivlisoft.net\/shop\/#website\"},\"primaryImageOfPage\":{\"@id\":\"https:\/\/aivlisoft.net\/shop\/producto\/ubiquiti-unifi-video-camera-uvc-g3-dome-1080p\/#primaryimage\"},\"image\":{\"@id\":\"https:\/\/aivlisoft.net\/shop\/producto\/ubiquiti-unifi-video-camera-uvc-g3-dome-1080p\/#primaryimage\"},\"thumbnailUrl\":\"https:\/\/aivlisoft.net\/shop\/wp-content\/uploads\/2025\/01\/GVVCIP0135_800.jpg\",\"datePublished\":\"2025-01-13T14:13:45+00:00\",\"dateModified\":\"2025-01-15T10:34:21+00:00\",\"breadcrumb\":{\"@id\":\"https:\/\/aivlisoft.net\/shop\/producto\/ubiquiti-unifi-video-camera-uvc-g3-dome-1080p\/#breadcrumb\"},\"inLanguage\":\"es\",\"potentialAction\":[{\"@type\":\"ReadAction\",\"target\":[\"https:\/\/aivlisoft.net\/shop\/producto\/ubiquiti-unifi-video-camera-uvc-g3-dome-1080p\/\"]}]},{\"@type\":\"ImageObject\",\"inLanguage\":\"es\",\"@id\":\"https:\/\/aivlisoft.net\/shop\/producto\/ubiquiti-unifi-video-camera-uvc-g3-dome-1080p\/#primaryimage\",\"url\":\"https:\/\/aivlisoft.net\/shop\/wp-content\/uploads\/2025\/01\/GVVCIP0135_800.jpg\",\"contentUrl\":\"https:\/\/aivlisoft.net\/shop\/wp-content\/uploads\/2025\/01\/GVVCIP0135_800.jpg\",\"width\":800,\"height\":800},{\"@type\":\"BreadcrumbList\",\"@id\":\"https:\/\/aivlisoft.net\/shop\/producto\/ubiquiti-unifi-video-camera-uvc-g3-dome-1080p\/#breadcrumb\",\"itemListElement\":[{\"@type\":\"ListItem\",\"position\":1,\"name\":\"Portada\",\"item\":\"https:\/\/aivlisoft.net\/shop\/\"},{\"@type\":\"ListItem\",\"position\":2,\"name\":\"Tienda\",\"item\":\"https:\/\/aivlisoft.net\/shop\/tienda\/\"},{\"@type\":\"ListItem\",\"position\":3,\"name\":\"Ubiquiti UniFi Video Camera UVC-G3-DOME 1080p\"}]},{\"@type\":\"WebSite\",\"@id\":\"https:\/\/aivlisoft.net\/shop\/#website\",\"url\":\"https:\/\/aivlisoft.net\/shop\/\",\"name\":\"Aivlisoft Inform\u00e1tica\",\"description\":\"En Aivlisoft Inform\u00e1tica ofrecemos soluciones tecnol\u00f3gicas para empresas: venta de ordenadores, consumibles, perif\u00e9ricos y m\u00e1s. Calidad, atenci\u00f3n personalizada y los mejores precios para tu negocio.\",\"publisher\":{\"@id\":\"https:\/\/aivlisoft.net\/shop\/#organization\"},\"potentialAction\":[{\"@type\":\"SearchAction\",\"target\":{\"@type\":\"EntryPoint\",\"urlTemplate\":\"https:\/\/aivlisoft.net\/shop\/?s={search_term_string}\"},\"query-input\":{\"@type\":\"PropertyValueSpecification\",\"valueRequired\":true,\"valueName\":\"search_term_string\"}}],\"inLanguage\":\"es\"},{\"@type\":\"Organization\",\"@id\":\"https:\/\/aivlisoft.net\/shop\/#organization\",\"name\":\"Aivlisoft Inform\u00e1tica\",\"url\":\"https:\/\/aivlisoft.net\/shop\/\",\"logo\":{\"@type\":\"ImageObject\",\"inLanguage\":\"es\",\"@id\":\"https:\/\/aivlisoft.net\/shop\/#\/schema\/logo\/image\/\",\"url\":\"https:\/\/aivlisoft.net\/shop\/wp-content\/uploads\/2024\/12\/removal.ai_5b848c54-0cdf-4140-95c5-c5536bb7573b-logodef.png\",\"contentUrl\":\"https:\/\/aivlisoft.net\/shop\/wp-content\/uploads\/2024\/12\/removal.ai_5b848c54-0cdf-4140-95c5-c5536bb7573b-logodef.png\",\"width\":484,\"height\":182,\"caption\":\"Aivlisoft Inform\u00e1tica\"},\"image\":{\"@id\":\"https:\/\/aivlisoft.net\/shop\/#\/schema\/logo\/image\/\"}}]}<\/script>\n<!-- \/ Yoast SEO plugin. -->","yoast_head_json":{"title":"Ubiquiti UniFi Video Camera UVC-G3-DOME 1080p - Aivlisoft Inform\u00e1tica","robots":{"index":"index","follow":"follow","max-snippet":"max-snippet:-1","max-image-preview":"max-image-preview:large","max-video-preview":"max-video-preview:-1"},"canonical":"https:\/\/aivlisoft.net\/shop\/producto\/ubiquiti-unifi-video-camera-uvc-g3-dome-1080p\/","og_locale":"es_ES","og_type":"article","og_title":"Ubiquiti UniFi Video Camera UVC-G3-DOME 1080p - Aivlisoft Inform\u00e1tica","og_description":"La Interfaz de usuario del UniFi V&iacute;deo, accesible desde el navegador fue dise&ntilde;ada para usarse de forma sencilla, sin embargo, viene repleta de funciones avanzadas como informes, estad&iacute;sticas, m&uacute;ltiples vistas, versatilidad en los ajustes, an&aacute;lisis avanzados y grabaciones de eventos personalizados. Las funciones de gesti&oacute;n de disco del UniFi Video permiten la administraci&oacute;n autom&aacute;tica de&hellip;&nbsp;Ubiquiti UniFi Video Camera UVC-G3-DOME 1080p","og_url":"https:\/\/aivlisoft.net\/shop\/producto\/ubiquiti-unifi-video-camera-uvc-g3-dome-1080p\/","og_site_name":"Aivlisoft Inform\u00e1tica","article_modified_time":"2025-01-15T10:34:21+00:00","og_image":[{"width":800,"height":800,"url":"https:\/\/aivlisoft.net\/shop\/wp-content\/uploads\/2025\/01\/GVVCIP0135_800.jpg","type":"image\/jpeg"}],"twitter_card":"summary_large_image","twitter_misc":{"Tiempo de lectura":"1 minuto"},"schema":{"@context":"https:\/\/schema.org","@graph":[{"@type":"WebPage","@id":"https:\/\/aivlisoft.net\/shop\/producto\/ubiquiti-unifi-video-camera-uvc-g3-dome-1080p\/","url":"https:\/\/aivlisoft.net\/shop\/producto\/ubiquiti-unifi-video-camera-uvc-g3-dome-1080p\/","name":"Ubiquiti UniFi Video Camera UVC-G3-DOME 1080p - Aivlisoft Inform\u00e1tica","isPartOf":{"@id":"https:\/\/aivlisoft.net\/shop\/#website"},"primaryImageOfPage":{"@id":"https:\/\/aivlisoft.net\/shop\/producto\/ubiquiti-unifi-video-camera-uvc-g3-dome-1080p\/#primaryimage"},"image":{"@id":"https:\/\/aivlisoft.net\/shop\/producto\/ubiquiti-unifi-video-camera-uvc-g3-dome-1080p\/#primaryimage"},"thumbnailUrl":"https:\/\/aivlisoft.net\/shop\/wp-content\/uploads\/2025\/01\/GVVCIP0135_800.jpg","datePublished":"2025-01-13T14:13:45+00:00","dateModified":"2025-01-15T10:34:21+00:00","breadcrumb":{"@id":"https:\/\/aivlisoft.net\/shop\/producto\/ubiquiti-unifi-video-camera-uvc-g3-dome-1080p\/#breadcrumb"},"inLanguage":"es","potentialAction":[{"@type":"ReadAction","target":["https:\/\/aivlisoft.net\/shop\/producto\/ubiquiti-unifi-video-camera-uvc-g3-dome-1080p\/"]}]},{"@type":"ImageObject","inLanguage":"es","@id":"https:\/\/aivlisoft.net\/shop\/producto\/ubiquiti-unifi-video-camera-uvc-g3-dome-1080p\/#primaryimage","url":"https:\/\/aivlisoft.net\/shop\/wp-content\/uploads\/2025\/01\/GVVCIP0135_800.jpg","contentUrl":"https:\/\/aivlisoft.net\/shop\/wp-content\/uploads\/2025\/01\/GVVCIP0135_800.jpg","width":800,"height":800},{"@type":"BreadcrumbList","@id":"https:\/\/aivlisoft.net\/shop\/producto\/ubiquiti-unifi-video-camera-uvc-g3-dome-1080p\/#breadcrumb","itemListElement":[{"@type":"ListItem","position":1,"name":"Portada","item":"https:\/\/aivlisoft.net\/shop\/"},{"@type":"ListItem","position":2,"name":"Tienda","item":"https:\/\/aivlisoft.net\/shop\/tienda\/"},{"@type":"ListItem","position":3,"name":"Ubiquiti UniFi Video Camera UVC-G3-DOME 1080p"}]},{"@type":"WebSite","@id":"https:\/\/aivlisoft.net\/shop\/#website","url":"https:\/\/aivlisoft.net\/shop\/","name":"Aivlisoft Inform\u00e1tica","description":"En Aivlisoft Inform\u00e1tica ofrecemos soluciones tecnol\u00f3gicas para empresas: venta de ordenadores, consumibles, perif\u00e9ricos y m\u00e1s. Calidad, atenci\u00f3n personalizada y los mejores precios para tu negocio.","publisher":{"@id":"https:\/\/aivlisoft.net\/shop\/#organization"},"potentialAction":[{"@type":"SearchAction","target":{"@type":"EntryPoint","urlTemplate":"https:\/\/aivlisoft.net\/shop\/?s={search_term_string}"},"query-input":{"@type":"PropertyValueSpecification","valueRequired":true,"valueName":"search_term_string"}}],"inLanguage":"es"},{"@type":"Organization","@id":"https:\/\/aivlisoft.net\/shop\/#organization","name":"Aivlisoft Inform\u00e1tica","url":"https:\/\/aivlisoft.net\/shop\/","logo":{"@type":"ImageObject","inLanguage":"es","@id":"https:\/\/aivlisoft.net\/shop\/#\/schema\/logo\/image\/","url":"https:\/\/aivlisoft.net\/shop\/wp-content\/uploads\/2024\/12\/removal.ai_5b848c54-0cdf-4140-95c5-c5536bb7573b-logodef.png","contentUrl":"https:\/\/aivlisoft.net\/shop\/wp-content\/uploads\/2024\/12\/removal.ai_5b848c54-0cdf-4140-95c5-c5536bb7573b-logodef.png","width":484,"height":182,"caption":"Aivlisoft Inform\u00e1tica"},"image":{"@id":"https:\/\/aivlisoft.net\/shop\/#\/schema\/logo\/image\/"}}]}},"_links":{"self":[{"href":"https:\/\/aivlisoft.net\/shop\/wp-json\/wp\/v2\/product\/11369","targetHints":{"allow":["GET"]}}],"collection":[{"href":"https:\/\/aivlisoft.net\/shop\/wp-json\/wp\/v2\/product"}],"about":[{"href":"https:\/\/aivlisoft.net\/shop\/wp-json\/wp\/v2\/types\/product"}],"wp:featuredmedia":[{"embeddable":true,"href":"https:\/\/aivlisoft.net\/shop\/wp-json\/wp\/v2\/media\/11370"}],"wp:attachment":[{"href":"https:\/\/aivlisoft.net\/shop\/wp-json\/wp\/v2\/media?parent=11369"}],"wp:term":[{"taxonomy":"product_brand","embeddable":true,"href":"https:\/\/aivlisoft.net\/shop\/wp-json\/wp\/v2\/product_brand?post=11369"},{"taxonomy":"product_cat","embeddable":true,"href":"https:\/\/aivlisoft.net\/shop\/wp-json\/wp\/v2\/product_cat?post=11369"},{"taxonomy":"product_tag","embeddable":true,"href":"https:\/\/aivlisoft.net\/shop\/wp-json\/wp\/v2\/product_tag?post=11369"}],"curies":[{"name":"wp","href":"https:\/\/api.w.org\/{rel}","templated":true}]}}