{"id":11307,"date":"2025-01-13T14:13:13","date_gmt":"2025-01-13T14:13:13","guid":{"rendered":"https:\/\/aivlisoft.com\/?post_type=product&#038;p=11307"},"modified":"2025-01-15T10:34:27","modified_gmt":"2025-01-15T10:34:27","slug":"iggual-webcam-usb-fhd-1080p-wc1080-quick-view","status":"publish","type":"product","link":"https:\/\/aivlisoft.net\/shop\/producto\/iggual-webcam-usb-fhd-1080p-wc1080-quick-view\/","title":{"rendered":"iggual Webcam USB FHD 1080p WC1080 Quick View"},"content":{"rendered":"<p>Deja que tus amigos y familiares te vean a calidad de imagen Full HD en tus videollamadas a un precio inigualable gracias a la c&aacute;mara web Quick View de iggual. &iquest;Tienes una entrevista o una reuni&oacute;n online? No te preocupes, la c&aacute;mara web de iggual sacar&aacute; tu mejor sonrisa.<\/p>\n<p>Podr&aacute;s colocarla en cualquier monitor de sobremesa o de port&aacute;til y tambi&eacute;n en un tr&iacute;pode que cuente con tornillo de rosca 1\/4&rdquo;. No dudes en hacerte con el mini tr&iacute;pode de iggual MT360 (IGG317259) que incluye adem&aacute;s, soporte para m&oacute;vil.<\/p>\n<p>La c&aacute;mara web <strong>Quick View de iggual <\/strong>es<strong> Plug &amp; Play<\/strong>, con&eacute;ctala, selecci&oacute;nala como dispositivo webcam predeterminado y disfruta. Adem&aacute;s cuenta con tapa protectora anti polvo y anti espionaje.<br \/>Pru&eacute;bala, seguro te sorprender&aacute;.<\/p>\n<table class=\"tabla_caracteristicas\" width=\"100%\">\n<tr>\n<td valign=\"top\"><strong>Marca<\/strong><\/td>\n<td>iggual<\/td>\n<\/tr>\n<tr>\n<td valign=\"top\"><strong>Modelo<\/strong><\/td>\n<td><strong>IGG317167<\/strong><\/td>\n<\/tr>\n<tr>\n<td valign=\"top\"><strong>Caracter&iacute;sticas<\/strong><\/td>\n<td>&#8211; Interfaz de conexi&oacute;n: USB<br \/>\t\t\t&#8211; Resoluci&oacute;n de v&iacute;deo: 1080p Full HD (1920&#215;1080 px &#8211; 30 fps)<br \/>\t\t\t&#8211; Micr&oacute;fono integrado<br \/>\t\t\t&#8211; Tapa protectora para el objetivo (anti polvo y anti espionaje)<br \/>\t\t\t&#8211; Base con rosca para tr&iacute;pode (1\/4&#8243;)<br \/>\t\t\t&#8211; Sensor CMOS<br \/>\t\t\t&#8211; Enfoque fijo (distancia focal 4,1 mm)<br \/>\t\t\t&#8211; Lente de 4 capas (f\/2.8)<br \/>\t\t\t&#8211; Campo de visi&oacute;n: 120&ordm;<br \/>\t\t\t&#8211; Alimentaci&oacute;n por USB, no necesita alimentaci&oacute;n externa<br \/>\t\t\t&#8211; Enchufar y listo, no necesita software<br \/>\t\t\t&#8211; SO soportados: Windows, macOS, Android, Linux<br \/>\t\t\t&#8211; Formatos de v&iacute;deo soportados: H.264, YUV, MJPG<br \/>\t\t\t&#8211; Frecuencia el&eacute;ctrica: 50 Hz, 60 Hz<br \/>\t\t\t&#8211; Longitud del cable: 1,5 m<br \/>\t\t\t&#8211; Material: ABS<br \/>\t\t\t&#8211; Medidas: 7,8 x 3,4 x 2,4 cm<br \/>\t\t\t&#8211; Peso: 91 g<br \/>\t\t\t&#8211; Color: negro<\/td>\n<\/tr>\n<tr>\n<td valign=\"top\"><strong>Fecha de revisi&oacute;n<\/strong><\/td>\n<td>17-05-2023 por RTY<\/td>\n<\/tr>\n<\/table>\n","protected":false},"excerpt":{"rendered":"<p>Deja que tus amigos y familiares te vean a calidad de imagen Full HD en tus videollamadas a un precio inigualable gracias a la c&aacute;mara web Quick View de iggual. &iquest;Tienes una entrevista o una reuni&oacute;n online? No te preocupes, la c&aacute;mara web de iggual sacar&aacute; tu mejor sonrisa. Podr&aacute;s colocarla en cualquier monitor de&hellip;&nbsp;<a href=\"https:\/\/aivlisoft.net\/shop\/producto\/iggual-webcam-usb-fhd-1080p-wc1080-quick-view\/\" rel=\"bookmark\"><span class=\"screen-reader-text\">iggual Webcam USB FHD 1080p WC1080 Quick View<\/span><\/a><\/p>\n","protected":false},"featured_media":11308,"template":"","meta":{"neve_meta_sidebar":"","neve_meta_container":"","neve_meta_enable_content_width":"","neve_meta_content_width":0,"neve_meta_title_alignment":"","neve_meta_author_avatar":"","neve_post_elements_order":"","neve_meta_disable_header":"","neve_meta_disable_footer":"","neve_meta_disable_title":""},"product_brand":[],"product_cat":[15,711,8690,8726,4432],"product_tag":[4412],"class_list":{"0":"post-11307","1":"product","2":"type-product","3":"status-publish","4":"has-post-thumbnail","6":"product_cat-sin-categorizar","7":"product_cat-accesorios-videovigilancia","8":"product_cat-accesorios-videovigilancia-accesorios-videovigilancia","9":"product_cat-grabadores-digitales","10":"product_cat-videovigilancia","11":"product_tag-igg317167","13":"first","14":"instock","15":"taxable","16":"shipping-taxable","17":"purchasable","18":"product-type-simple"},"yoast_head":"<!-- This site is optimized with the Yoast SEO plugin v26.0 - https:\/\/yoast.com\/wordpress\/plugins\/seo\/ -->\n<title>iggual Webcam USB FHD 1080p WC1080 Quick View - Aivlisoft Inform\u00e1tica<\/title>\n<meta name=\"robots\" content=\"index, follow, max-snippet:-1, max-image-preview:large, max-video-preview:-1\" \/>\n<link rel=\"canonical\" href=\"https:\/\/aivlisoft.net\/shop\/producto\/iggual-webcam-usb-fhd-1080p-wc1080-quick-view\/\" \/>\n<meta property=\"og:locale\" content=\"es_ES\" \/>\n<meta property=\"og:type\" content=\"article\" \/>\n<meta property=\"og:title\" content=\"iggual Webcam USB FHD 1080p WC1080 Quick View - Aivlisoft Inform\u00e1tica\" \/>\n<meta property=\"og:description\" content=\"Deja que tus amigos y familiares te vean a calidad de imagen Full HD en tus videollamadas a un precio inigualable gracias a la c&aacute;mara web Quick View de iggual. &iquest;Tienes una entrevista o una reuni&oacute;n online? No te preocupes, la c&aacute;mara web de iggual sacar&aacute; tu mejor sonrisa. Podr&aacute;s colocarla en cualquier monitor de&hellip;&nbsp;iggual Webcam USB FHD 1080p WC1080 Quick View\" \/>\n<meta property=\"og:url\" content=\"https:\/\/aivlisoft.net\/shop\/producto\/iggual-webcam-usb-fhd-1080p-wc1080-quick-view\/\" \/>\n<meta property=\"og:site_name\" content=\"Aivlisoft Inform\u00e1tica\" \/>\n<meta property=\"article:modified_time\" content=\"2025-01-15T10:34:27+00:00\" \/>\n<meta property=\"og:image\" content=\"https:\/\/aivlisoft.net\/shop\/wp-content\/uploads\/2025\/01\/FVPCWB0136_800.jpg\" \/>\n\t<meta property=\"og:image:width\" content=\"800\" \/>\n\t<meta property=\"og:image:height\" content=\"800\" \/>\n\t<meta property=\"og:image:type\" content=\"image\/jpeg\" \/>\n<meta name=\"twitter:card\" content=\"summary_large_image\" \/>\n<meta name=\"twitter:label1\" content=\"Tiempo de lectura\" \/>\n\t<meta name=\"twitter:data1\" content=\"2 minutos\" \/>\n<script type=\"application\/ld+json\" class=\"yoast-schema-graph\">{\"@context\":\"https:\/\/schema.org\",\"@graph\":[{\"@type\":\"WebPage\",\"@id\":\"https:\/\/aivlisoft.net\/shop\/producto\/iggual-webcam-usb-fhd-1080p-wc1080-quick-view\/\",\"url\":\"https:\/\/aivlisoft.net\/shop\/producto\/iggual-webcam-usb-fhd-1080p-wc1080-quick-view\/\",\"name\":\"iggual Webcam USB FHD 1080p WC1080 Quick View - Aivlisoft Inform\u00e1tica\",\"isPartOf\":{\"@id\":\"https:\/\/aivlisoft.net\/shop\/#website\"},\"primaryImageOfPage\":{\"@id\":\"https:\/\/aivlisoft.net\/shop\/producto\/iggual-webcam-usb-fhd-1080p-wc1080-quick-view\/#primaryimage\"},\"image\":{\"@id\":\"https:\/\/aivlisoft.net\/shop\/producto\/iggual-webcam-usb-fhd-1080p-wc1080-quick-view\/#primaryimage\"},\"thumbnailUrl\":\"https:\/\/aivlisoft.net\/shop\/wp-content\/uploads\/2025\/01\/FVPCWB0136_800.jpg\",\"datePublished\":\"2025-01-13T14:13:13+00:00\",\"dateModified\":\"2025-01-15T10:34:27+00:00\",\"breadcrumb\":{\"@id\":\"https:\/\/aivlisoft.net\/shop\/producto\/iggual-webcam-usb-fhd-1080p-wc1080-quick-view\/#breadcrumb\"},\"inLanguage\":\"es\",\"potentialAction\":[{\"@type\":\"ReadAction\",\"target\":[\"https:\/\/aivlisoft.net\/shop\/producto\/iggual-webcam-usb-fhd-1080p-wc1080-quick-view\/\"]}]},{\"@type\":\"ImageObject\",\"inLanguage\":\"es\",\"@id\":\"https:\/\/aivlisoft.net\/shop\/producto\/iggual-webcam-usb-fhd-1080p-wc1080-quick-view\/#primaryimage\",\"url\":\"https:\/\/aivlisoft.net\/shop\/wp-content\/uploads\/2025\/01\/FVPCWB0136_800.jpg\",\"contentUrl\":\"https:\/\/aivlisoft.net\/shop\/wp-content\/uploads\/2025\/01\/FVPCWB0136_800.jpg\",\"width\":800,\"height\":800},{\"@type\":\"BreadcrumbList\",\"@id\":\"https:\/\/aivlisoft.net\/shop\/producto\/iggual-webcam-usb-fhd-1080p-wc1080-quick-view\/#breadcrumb\",\"itemListElement\":[{\"@type\":\"ListItem\",\"position\":1,\"name\":\"Portada\",\"item\":\"https:\/\/aivlisoft.net\/shop\/\"},{\"@type\":\"ListItem\",\"position\":2,\"name\":\"Tienda\",\"item\":\"https:\/\/aivlisoft.net\/shop\/tienda\/\"},{\"@type\":\"ListItem\",\"position\":3,\"name\":\"iggual Webcam USB FHD 1080p WC1080 Quick View\"}]},{\"@type\":\"WebSite\",\"@id\":\"https:\/\/aivlisoft.net\/shop\/#website\",\"url\":\"https:\/\/aivlisoft.net\/shop\/\",\"name\":\"Aivlisoft Inform\u00e1tica\",\"description\":\"En Aivlisoft Inform\u00e1tica ofrecemos soluciones tecnol\u00f3gicas para empresas: venta de ordenadores, consumibles, perif\u00e9ricos y m\u00e1s. Calidad, atenci\u00f3n personalizada y los mejores precios para tu negocio.\",\"publisher\":{\"@id\":\"https:\/\/aivlisoft.net\/shop\/#organization\"},\"potentialAction\":[{\"@type\":\"SearchAction\",\"target\":{\"@type\":\"EntryPoint\",\"urlTemplate\":\"https:\/\/aivlisoft.net\/shop\/?s={search_term_string}\"},\"query-input\":{\"@type\":\"PropertyValueSpecification\",\"valueRequired\":true,\"valueName\":\"search_term_string\"}}],\"inLanguage\":\"es\"},{\"@type\":\"Organization\",\"@id\":\"https:\/\/aivlisoft.net\/shop\/#organization\",\"name\":\"Aivlisoft Inform\u00e1tica\",\"url\":\"https:\/\/aivlisoft.net\/shop\/\",\"logo\":{\"@type\":\"ImageObject\",\"inLanguage\":\"es\",\"@id\":\"https:\/\/aivlisoft.net\/shop\/#\/schema\/logo\/image\/\",\"url\":\"https:\/\/aivlisoft.net\/shop\/wp-content\/uploads\/2024\/12\/removal.ai_5b848c54-0cdf-4140-95c5-c5536bb7573b-logodef.png\",\"contentUrl\":\"https:\/\/aivlisoft.net\/shop\/wp-content\/uploads\/2024\/12\/removal.ai_5b848c54-0cdf-4140-95c5-c5536bb7573b-logodef.png\",\"width\":484,\"height\":182,\"caption\":\"Aivlisoft Inform\u00e1tica\"},\"image\":{\"@id\":\"https:\/\/aivlisoft.net\/shop\/#\/schema\/logo\/image\/\"}}]}<\/script>\n<!-- \/ Yoast SEO plugin. -->","yoast_head_json":{"title":"iggual Webcam USB FHD 1080p WC1080 Quick View - Aivlisoft Inform\u00e1tica","robots":{"index":"index","follow":"follow","max-snippet":"max-snippet:-1","max-image-preview":"max-image-preview:large","max-video-preview":"max-video-preview:-1"},"canonical":"https:\/\/aivlisoft.net\/shop\/producto\/iggual-webcam-usb-fhd-1080p-wc1080-quick-view\/","og_locale":"es_ES","og_type":"article","og_title":"iggual Webcam USB FHD 1080p WC1080 Quick View - Aivlisoft Inform\u00e1tica","og_description":"Deja que tus amigos y familiares te vean a calidad de imagen Full HD en tus videollamadas a un precio inigualable gracias a la c&aacute;mara web Quick View de iggual. &iquest;Tienes una entrevista o una reuni&oacute;n online? No te preocupes, la c&aacute;mara web de iggual sacar&aacute; tu mejor sonrisa. Podr&aacute;s colocarla en cualquier monitor de&hellip;&nbsp;iggual Webcam USB FHD 1080p WC1080 Quick View","og_url":"https:\/\/aivlisoft.net\/shop\/producto\/iggual-webcam-usb-fhd-1080p-wc1080-quick-view\/","og_site_name":"Aivlisoft Inform\u00e1tica","article_modified_time":"2025-01-15T10:34:27+00:00","og_image":[{"width":800,"height":800,"url":"https:\/\/aivlisoft.net\/shop\/wp-content\/uploads\/2025\/01\/FVPCWB0136_800.jpg","type":"image\/jpeg"}],"twitter_card":"summary_large_image","twitter_misc":{"Tiempo de lectura":"2 minutos"},"schema":{"@context":"https:\/\/schema.org","@graph":[{"@type":"WebPage","@id":"https:\/\/aivlisoft.net\/shop\/producto\/iggual-webcam-usb-fhd-1080p-wc1080-quick-view\/","url":"https:\/\/aivlisoft.net\/shop\/producto\/iggual-webcam-usb-fhd-1080p-wc1080-quick-view\/","name":"iggual Webcam USB FHD 1080p WC1080 Quick View - Aivlisoft Inform\u00e1tica","isPartOf":{"@id":"https:\/\/aivlisoft.net\/shop\/#website"},"primaryImageOfPage":{"@id":"https:\/\/aivlisoft.net\/shop\/producto\/iggual-webcam-usb-fhd-1080p-wc1080-quick-view\/#primaryimage"},"image":{"@id":"https:\/\/aivlisoft.net\/shop\/producto\/iggual-webcam-usb-fhd-1080p-wc1080-quick-view\/#primaryimage"},"thumbnailUrl":"https:\/\/aivlisoft.net\/shop\/wp-content\/uploads\/2025\/01\/FVPCWB0136_800.jpg","datePublished":"2025-01-13T14:13:13+00:00","dateModified":"2025-01-15T10:34:27+00:00","breadcrumb":{"@id":"https:\/\/aivlisoft.net\/shop\/producto\/iggual-webcam-usb-fhd-1080p-wc1080-quick-view\/#breadcrumb"},"inLanguage":"es","potentialAction":[{"@type":"ReadAction","target":["https:\/\/aivlisoft.net\/shop\/producto\/iggual-webcam-usb-fhd-1080p-wc1080-quick-view\/"]}]},{"@type":"ImageObject","inLanguage":"es","@id":"https:\/\/aivlisoft.net\/shop\/producto\/iggual-webcam-usb-fhd-1080p-wc1080-quick-view\/#primaryimage","url":"https:\/\/aivlisoft.net\/shop\/wp-content\/uploads\/2025\/01\/FVPCWB0136_800.jpg","contentUrl":"https:\/\/aivlisoft.net\/shop\/wp-content\/uploads\/2025\/01\/FVPCWB0136_800.jpg","width":800,"height":800},{"@type":"BreadcrumbList","@id":"https:\/\/aivlisoft.net\/shop\/producto\/iggual-webcam-usb-fhd-1080p-wc1080-quick-view\/#breadcrumb","itemListElement":[{"@type":"ListItem","position":1,"name":"Portada","item":"https:\/\/aivlisoft.net\/shop\/"},{"@type":"ListItem","position":2,"name":"Tienda","item":"https:\/\/aivlisoft.net\/shop\/tienda\/"},{"@type":"ListItem","position":3,"name":"iggual Webcam USB FHD 1080p WC1080 Quick View"}]},{"@type":"WebSite","@id":"https:\/\/aivlisoft.net\/shop\/#website","url":"https:\/\/aivlisoft.net\/shop\/","name":"Aivlisoft Inform\u00e1tica","description":"En Aivlisoft Inform\u00e1tica ofrecemos soluciones tecnol\u00f3gicas para empresas: venta de ordenadores, consumibles, perif\u00e9ricos y m\u00e1s. Calidad, atenci\u00f3n personalizada y los mejores precios para tu negocio.","publisher":{"@id":"https:\/\/aivlisoft.net\/shop\/#organization"},"potentialAction":[{"@type":"SearchAction","target":{"@type":"EntryPoint","urlTemplate":"https:\/\/aivlisoft.net\/shop\/?s={search_term_string}"},"query-input":{"@type":"PropertyValueSpecification","valueRequired":true,"valueName":"search_term_string"}}],"inLanguage":"es"},{"@type":"Organization","@id":"https:\/\/aivlisoft.net\/shop\/#organization","name":"Aivlisoft Inform\u00e1tica","url":"https:\/\/aivlisoft.net\/shop\/","logo":{"@type":"ImageObject","inLanguage":"es","@id":"https:\/\/aivlisoft.net\/shop\/#\/schema\/logo\/image\/","url":"https:\/\/aivlisoft.net\/shop\/wp-content\/uploads\/2024\/12\/removal.ai_5b848c54-0cdf-4140-95c5-c5536bb7573b-logodef.png","contentUrl":"https:\/\/aivlisoft.net\/shop\/wp-content\/uploads\/2024\/12\/removal.ai_5b848c54-0cdf-4140-95c5-c5536bb7573b-logodef.png","width":484,"height":182,"caption":"Aivlisoft Inform\u00e1tica"},"image":{"@id":"https:\/\/aivlisoft.net\/shop\/#\/schema\/logo\/image\/"}}]}},"_links":{"self":[{"href":"https:\/\/aivlisoft.net\/shop\/wp-json\/wp\/v2\/product\/11307","targetHints":{"allow":["GET"]}}],"collection":[{"href":"https:\/\/aivlisoft.net\/shop\/wp-json\/wp\/v2\/product"}],"about":[{"href":"https:\/\/aivlisoft.net\/shop\/wp-json\/wp\/v2\/types\/product"}],"wp:featuredmedia":[{"embeddable":true,"href":"https:\/\/aivlisoft.net\/shop\/wp-json\/wp\/v2\/media\/11308"}],"wp:attachment":[{"href":"https:\/\/aivlisoft.net\/shop\/wp-json\/wp\/v2\/media?parent=11307"}],"wp:term":[{"taxonomy":"product_brand","embeddable":true,"href":"https:\/\/aivlisoft.net\/shop\/wp-json\/wp\/v2\/product_brand?post=11307"},{"taxonomy":"product_cat","embeddable":true,"href":"https:\/\/aivlisoft.net\/shop\/wp-json\/wp\/v2\/product_cat?post=11307"},{"taxonomy":"product_tag","embeddable":true,"href":"https:\/\/aivlisoft.net\/shop\/wp-json\/wp\/v2\/product_tag?post=11307"}],"curies":[{"name":"wp","href":"https:\/\/api.w.org\/{rel}","templated":true}]}}