{"id":11302,"date":"2025-01-13T14:13:11","date_gmt":"2025-01-13T14:13:11","guid":{"rendered":"https:\/\/aivlisoft.com\/?post_type=product&#038;p=11302"},"modified":"2025-01-15T10:34:28","modified_gmt":"2025-01-15T10:34:28","slug":"logitech-webcam-c920s-pro-fhd-1080p-30fps","status":"publish","type":"product","link":"https:\/\/aivlisoft.net\/shop\/producto\/logitech-webcam-c920s-pro-fhd-1080p-30fps\/","title":{"rendered":"Logitech Webcam C920s PRO FHD 1080P 30fps"},"content":{"rendered":"<p>&nbsp;<\/p>\n<table class=\"tabla_caracteristicas k-table\" width=\"100%\">\n<tbody>\n<tr>\n<td valign=\"top\"><strong>Marca<\/strong><\/td>\n<td>Logitech<\/td>\n<\/tr>\n<tr>\n<td valign=\"top\"><strong>Modelo<\/strong><\/td>\n<td><strong>960-001252<\/strong><\/td>\n<\/tr>\n<tr>\n<td valign=\"top\"><strong>Caracter&iacute;sticas<\/strong><\/td>\n<td><strong>Especificaciones<\/strong><br \/>&#8211; Resoluci&oacute;n m&aacute;x.: 1080p\/30 fps &#8211; 720p\/30 fps<br \/>&#8211; Tipo de enfoque: autom&aacute;tico<br \/>&#8211; Micr&oacute;fono integrado: est&eacute;reo<br \/>&#8211; Clip universal compatible con tr&iacute;podes para monitores, pantallas LCD o port&aacute;tiles<br \/>&#8211; Longitud de cable: 1,5 m<br \/><strong>Requisitos del sistema<\/strong><br \/>Compatible con:<br \/>&#8211; Windows&reg; 10 o posterior, Windows 8, Windows 7<br \/>&#8211; Funciona en modo USB Video Device Class (UVC) con clientes de videoconferencia compatibles:<br \/>&nbsp; macOS 10.10 o posterior<br \/>&nbsp; XBox One&trade;<br \/>&nbsp; Chrome OS&trade;<br \/>&nbsp; Android&trade; v 5.0 o posterior<br \/>&nbsp; Puerto USB<br \/>&nbsp; Conexi&oacute;n a Internet<br \/>&#8211; Compatibilidad con plataformas:<br \/>&nbsp; Skype&trade;<br \/>&nbsp; Google Hangouts&trade;<br \/>&nbsp; FaceTime para Mac<br \/><strong>Dimensiones<\/strong><br \/>&#8211; Sin clip<br \/>&nbsp; Alto x Ancho x Prof: 29 mm x 94 mm x 24 mm<br \/>&#8211; Con clip<br \/>&nbsp; Alto x Ancho x Prof: 43,3 mm x 94 mm x 71 mm<\/td>\n<\/tr>\n<tr>\n<td valign=\"top\"><strong>Fecha de revisi&oacute;n<\/strong><\/td>\n<td>16-11-2020 por MPM<\/td>\n<\/tr>\n<\/tbody>\n<\/table>\n","protected":false},"excerpt":{"rendered":"<p>&nbsp; Marca Logitech Modelo 960-001252 Caracter&iacute;sticas Especificaciones&#8211; Resoluci&oacute;n m&aacute;x.: 1080p\/30 fps &#8211; 720p\/30 fps&#8211; Tipo de enfoque: autom&aacute;tico&#8211; Micr&oacute;fono integrado: est&eacute;reo&#8211; Clip universal compatible con tr&iacute;podes para monitores, pantallas LCD o port&aacute;tiles&#8211; Longitud de cable: 1,5 mRequisitos del sistemaCompatible con:&#8211; Windows&reg; 10 o posterior, Windows 8, Windows 7&#8211; Funciona en modo USB Video Device Class&hellip;&nbsp;<a href=\"https:\/\/aivlisoft.net\/shop\/producto\/logitech-webcam-c920s-pro-fhd-1080p-30fps\/\" rel=\"bookmark\"><span class=\"screen-reader-text\">Logitech Webcam C920s PRO FHD 1080P 30fps<\/span><\/a><\/p>\n","protected":false},"featured_media":11303,"template":"","meta":{"neve_meta_sidebar":"","neve_meta_container":"","neve_meta_enable_content_width":"","neve_meta_content_width":0,"neve_meta_title_alignment":"","neve_meta_author_avatar":"","neve_post_elements_order":"","neve_meta_disable_header":"","neve_meta_disable_footer":"","neve_meta_disable_title":""},"product_brand":[],"product_cat":[15,8690,711,8726,4432],"product_tag":[4411],"class_list":{"0":"post-11302","1":"product","2":"type-product","3":"status-publish","4":"has-post-thumbnail","6":"product_cat-sin-categorizar","7":"product_cat-accesorios-videovigilancia-accesorios-videovigilancia","8":"product_cat-accesorios-videovigilancia","9":"product_cat-grabadores-digitales","10":"product_cat-videovigilancia","11":"product_tag-960-001252","13":"first","14":"instock","15":"taxable","16":"shipping-taxable","17":"purchasable","18":"product-type-simple"},"yoast_head":"<!-- This site is optimized with the Yoast SEO plugin v26.0 - https:\/\/yoast.com\/wordpress\/plugins\/seo\/ -->\n<title>Logitech Webcam C920s PRO FHD 1080P 30fps - Aivlisoft Inform\u00e1tica<\/title>\n<meta name=\"robots\" content=\"index, follow, max-snippet:-1, max-image-preview:large, max-video-preview:-1\" \/>\n<link rel=\"canonical\" href=\"https:\/\/aivlisoft.net\/shop\/producto\/logitech-webcam-c920s-pro-fhd-1080p-30fps\/\" \/>\n<meta property=\"og:locale\" content=\"es_ES\" \/>\n<meta property=\"og:type\" content=\"article\" \/>\n<meta property=\"og:title\" content=\"Logitech Webcam C920s PRO FHD 1080P 30fps - Aivlisoft Inform\u00e1tica\" \/>\n<meta property=\"og:description\" content=\"&nbsp; Marca Logitech Modelo 960-001252 Caracter&iacute;sticas Especificaciones&#8211; Resoluci&oacute;n m&aacute;x.: 1080p\/30 fps &#8211; 720p\/30 fps&#8211; Tipo de enfoque: autom&aacute;tico&#8211; Micr&oacute;fono integrado: est&eacute;reo&#8211; Clip universal compatible con tr&iacute;podes para monitores, pantallas LCD o port&aacute;tiles&#8211; Longitud de cable: 1,5 mRequisitos del sistemaCompatible con:&#8211; Windows&reg; 10 o posterior, Windows 8, Windows 7&#8211; Funciona en modo USB Video Device Class&hellip;&nbsp;Logitech Webcam C920s PRO FHD 1080P 30fps\" \/>\n<meta property=\"og:url\" content=\"https:\/\/aivlisoft.net\/shop\/producto\/logitech-webcam-c920s-pro-fhd-1080p-30fps\/\" \/>\n<meta property=\"og:site_name\" content=\"Aivlisoft Inform\u00e1tica\" \/>\n<meta property=\"article:modified_time\" content=\"2025-01-15T10:34:28+00:00\" \/>\n<meta property=\"og:image\" content=\"https:\/\/aivlisoft.net\/shop\/wp-content\/uploads\/2025\/01\/FVPCWB0132_800.jpg\" \/>\n\t<meta property=\"og:image:width\" content=\"800\" \/>\n\t<meta property=\"og:image:height\" content=\"800\" \/>\n\t<meta property=\"og:image:type\" content=\"image\/jpeg\" \/>\n<meta name=\"twitter:card\" content=\"summary_large_image\" \/>\n<meta name=\"twitter:label1\" content=\"Tiempo de lectura\" \/>\n\t<meta name=\"twitter:data1\" content=\"1 minuto\" \/>\n<script type=\"application\/ld+json\" class=\"yoast-schema-graph\">{\"@context\":\"https:\/\/schema.org\",\"@graph\":[{\"@type\":\"WebPage\",\"@id\":\"https:\/\/aivlisoft.net\/shop\/producto\/logitech-webcam-c920s-pro-fhd-1080p-30fps\/\",\"url\":\"https:\/\/aivlisoft.net\/shop\/producto\/logitech-webcam-c920s-pro-fhd-1080p-30fps\/\",\"name\":\"Logitech Webcam C920s PRO FHD 1080P 30fps - Aivlisoft Inform\u00e1tica\",\"isPartOf\":{\"@id\":\"https:\/\/aivlisoft.net\/shop\/#website\"},\"primaryImageOfPage\":{\"@id\":\"https:\/\/aivlisoft.net\/shop\/producto\/logitech-webcam-c920s-pro-fhd-1080p-30fps\/#primaryimage\"},\"image\":{\"@id\":\"https:\/\/aivlisoft.net\/shop\/producto\/logitech-webcam-c920s-pro-fhd-1080p-30fps\/#primaryimage\"},\"thumbnailUrl\":\"https:\/\/aivlisoft.net\/shop\/wp-content\/uploads\/2025\/01\/FVPCWB0132_800.jpg\",\"datePublished\":\"2025-01-13T14:13:11+00:00\",\"dateModified\":\"2025-01-15T10:34:28+00:00\",\"breadcrumb\":{\"@id\":\"https:\/\/aivlisoft.net\/shop\/producto\/logitech-webcam-c920s-pro-fhd-1080p-30fps\/#breadcrumb\"},\"inLanguage\":\"es\",\"potentialAction\":[{\"@type\":\"ReadAction\",\"target\":[\"https:\/\/aivlisoft.net\/shop\/producto\/logitech-webcam-c920s-pro-fhd-1080p-30fps\/\"]}]},{\"@type\":\"ImageObject\",\"inLanguage\":\"es\",\"@id\":\"https:\/\/aivlisoft.net\/shop\/producto\/logitech-webcam-c920s-pro-fhd-1080p-30fps\/#primaryimage\",\"url\":\"https:\/\/aivlisoft.net\/shop\/wp-content\/uploads\/2025\/01\/FVPCWB0132_800.jpg\",\"contentUrl\":\"https:\/\/aivlisoft.net\/shop\/wp-content\/uploads\/2025\/01\/FVPCWB0132_800.jpg\",\"width\":800,\"height\":800},{\"@type\":\"BreadcrumbList\",\"@id\":\"https:\/\/aivlisoft.net\/shop\/producto\/logitech-webcam-c920s-pro-fhd-1080p-30fps\/#breadcrumb\",\"itemListElement\":[{\"@type\":\"ListItem\",\"position\":1,\"name\":\"Portada\",\"item\":\"https:\/\/aivlisoft.net\/shop\/\"},{\"@type\":\"ListItem\",\"position\":2,\"name\":\"Tienda\",\"item\":\"https:\/\/aivlisoft.net\/shop\/tienda\/\"},{\"@type\":\"ListItem\",\"position\":3,\"name\":\"Logitech Webcam C920s PRO FHD 1080P 30fps\"}]},{\"@type\":\"WebSite\",\"@id\":\"https:\/\/aivlisoft.net\/shop\/#website\",\"url\":\"https:\/\/aivlisoft.net\/shop\/\",\"name\":\"Aivlisoft Inform\u00e1tica\",\"description\":\"En Aivlisoft Inform\u00e1tica ofrecemos soluciones tecnol\u00f3gicas para empresas: venta de ordenadores, consumibles, perif\u00e9ricos y m\u00e1s. Calidad, atenci\u00f3n personalizada y los mejores precios para tu negocio.\",\"publisher\":{\"@id\":\"https:\/\/aivlisoft.net\/shop\/#organization\"},\"potentialAction\":[{\"@type\":\"SearchAction\",\"target\":{\"@type\":\"EntryPoint\",\"urlTemplate\":\"https:\/\/aivlisoft.net\/shop\/?s={search_term_string}\"},\"query-input\":{\"@type\":\"PropertyValueSpecification\",\"valueRequired\":true,\"valueName\":\"search_term_string\"}}],\"inLanguage\":\"es\"},{\"@type\":\"Organization\",\"@id\":\"https:\/\/aivlisoft.net\/shop\/#organization\",\"name\":\"Aivlisoft Inform\u00e1tica\",\"url\":\"https:\/\/aivlisoft.net\/shop\/\",\"logo\":{\"@type\":\"ImageObject\",\"inLanguage\":\"es\",\"@id\":\"https:\/\/aivlisoft.net\/shop\/#\/schema\/logo\/image\/\",\"url\":\"https:\/\/aivlisoft.net\/shop\/wp-content\/uploads\/2024\/12\/removal.ai_5b848c54-0cdf-4140-95c5-c5536bb7573b-logodef.png\",\"contentUrl\":\"https:\/\/aivlisoft.net\/shop\/wp-content\/uploads\/2024\/12\/removal.ai_5b848c54-0cdf-4140-95c5-c5536bb7573b-logodef.png\",\"width\":484,\"height\":182,\"caption\":\"Aivlisoft Inform\u00e1tica\"},\"image\":{\"@id\":\"https:\/\/aivlisoft.net\/shop\/#\/schema\/logo\/image\/\"}}]}<\/script>\n<!-- \/ Yoast SEO plugin. -->","yoast_head_json":{"title":"Logitech Webcam C920s PRO FHD 1080P 30fps - Aivlisoft Inform\u00e1tica","robots":{"index":"index","follow":"follow","max-snippet":"max-snippet:-1","max-image-preview":"max-image-preview:large","max-video-preview":"max-video-preview:-1"},"canonical":"https:\/\/aivlisoft.net\/shop\/producto\/logitech-webcam-c920s-pro-fhd-1080p-30fps\/","og_locale":"es_ES","og_type":"article","og_title":"Logitech Webcam C920s PRO FHD 1080P 30fps - Aivlisoft Inform\u00e1tica","og_description":"&nbsp; Marca Logitech Modelo 960-001252 Caracter&iacute;sticas Especificaciones&#8211; Resoluci&oacute;n m&aacute;x.: 1080p\/30 fps &#8211; 720p\/30 fps&#8211; Tipo de enfoque: autom&aacute;tico&#8211; Micr&oacute;fono integrado: est&eacute;reo&#8211; Clip universal compatible con tr&iacute;podes para monitores, pantallas LCD o port&aacute;tiles&#8211; Longitud de cable: 1,5 mRequisitos del sistemaCompatible con:&#8211; Windows&reg; 10 o posterior, Windows 8, Windows 7&#8211; Funciona en modo USB Video Device Class&hellip;&nbsp;Logitech Webcam C920s PRO FHD 1080P 30fps","og_url":"https:\/\/aivlisoft.net\/shop\/producto\/logitech-webcam-c920s-pro-fhd-1080p-30fps\/","og_site_name":"Aivlisoft Inform\u00e1tica","article_modified_time":"2025-01-15T10:34:28+00:00","og_image":[{"width":800,"height":800,"url":"https:\/\/aivlisoft.net\/shop\/wp-content\/uploads\/2025\/01\/FVPCWB0132_800.jpg","type":"image\/jpeg"}],"twitter_card":"summary_large_image","twitter_misc":{"Tiempo de lectura":"1 minuto"},"schema":{"@context":"https:\/\/schema.org","@graph":[{"@type":"WebPage","@id":"https:\/\/aivlisoft.net\/shop\/producto\/logitech-webcam-c920s-pro-fhd-1080p-30fps\/","url":"https:\/\/aivlisoft.net\/shop\/producto\/logitech-webcam-c920s-pro-fhd-1080p-30fps\/","name":"Logitech Webcam C920s PRO FHD 1080P 30fps - Aivlisoft Inform\u00e1tica","isPartOf":{"@id":"https:\/\/aivlisoft.net\/shop\/#website"},"primaryImageOfPage":{"@id":"https:\/\/aivlisoft.net\/shop\/producto\/logitech-webcam-c920s-pro-fhd-1080p-30fps\/#primaryimage"},"image":{"@id":"https:\/\/aivlisoft.net\/shop\/producto\/logitech-webcam-c920s-pro-fhd-1080p-30fps\/#primaryimage"},"thumbnailUrl":"https:\/\/aivlisoft.net\/shop\/wp-content\/uploads\/2025\/01\/FVPCWB0132_800.jpg","datePublished":"2025-01-13T14:13:11+00:00","dateModified":"2025-01-15T10:34:28+00:00","breadcrumb":{"@id":"https:\/\/aivlisoft.net\/shop\/producto\/logitech-webcam-c920s-pro-fhd-1080p-30fps\/#breadcrumb"},"inLanguage":"es","potentialAction":[{"@type":"ReadAction","target":["https:\/\/aivlisoft.net\/shop\/producto\/logitech-webcam-c920s-pro-fhd-1080p-30fps\/"]}]},{"@type":"ImageObject","inLanguage":"es","@id":"https:\/\/aivlisoft.net\/shop\/producto\/logitech-webcam-c920s-pro-fhd-1080p-30fps\/#primaryimage","url":"https:\/\/aivlisoft.net\/shop\/wp-content\/uploads\/2025\/01\/FVPCWB0132_800.jpg","contentUrl":"https:\/\/aivlisoft.net\/shop\/wp-content\/uploads\/2025\/01\/FVPCWB0132_800.jpg","width":800,"height":800},{"@type":"BreadcrumbList","@id":"https:\/\/aivlisoft.net\/shop\/producto\/logitech-webcam-c920s-pro-fhd-1080p-30fps\/#breadcrumb","itemListElement":[{"@type":"ListItem","position":1,"name":"Portada","item":"https:\/\/aivlisoft.net\/shop\/"},{"@type":"ListItem","position":2,"name":"Tienda","item":"https:\/\/aivlisoft.net\/shop\/tienda\/"},{"@type":"ListItem","position":3,"name":"Logitech Webcam C920s PRO FHD 1080P 30fps"}]},{"@type":"WebSite","@id":"https:\/\/aivlisoft.net\/shop\/#website","url":"https:\/\/aivlisoft.net\/shop\/","name":"Aivlisoft Inform\u00e1tica","description":"En Aivlisoft Inform\u00e1tica ofrecemos soluciones tecnol\u00f3gicas para empresas: venta de ordenadores, consumibles, perif\u00e9ricos y m\u00e1s. Calidad, atenci\u00f3n personalizada y los mejores precios para tu negocio.","publisher":{"@id":"https:\/\/aivlisoft.net\/shop\/#organization"},"potentialAction":[{"@type":"SearchAction","target":{"@type":"EntryPoint","urlTemplate":"https:\/\/aivlisoft.net\/shop\/?s={search_term_string}"},"query-input":{"@type":"PropertyValueSpecification","valueRequired":true,"valueName":"search_term_string"}}],"inLanguage":"es"},{"@type":"Organization","@id":"https:\/\/aivlisoft.net\/shop\/#organization","name":"Aivlisoft Inform\u00e1tica","url":"https:\/\/aivlisoft.net\/shop\/","logo":{"@type":"ImageObject","inLanguage":"es","@id":"https:\/\/aivlisoft.net\/shop\/#\/schema\/logo\/image\/","url":"https:\/\/aivlisoft.net\/shop\/wp-content\/uploads\/2024\/12\/removal.ai_5b848c54-0cdf-4140-95c5-c5536bb7573b-logodef.png","contentUrl":"https:\/\/aivlisoft.net\/shop\/wp-content\/uploads\/2024\/12\/removal.ai_5b848c54-0cdf-4140-95c5-c5536bb7573b-logodef.png","width":484,"height":182,"caption":"Aivlisoft Inform\u00e1tica"},"image":{"@id":"https:\/\/aivlisoft.net\/shop\/#\/schema\/logo\/image\/"}}]}},"_links":{"self":[{"href":"https:\/\/aivlisoft.net\/shop\/wp-json\/wp\/v2\/product\/11302","targetHints":{"allow":["GET"]}}],"collection":[{"href":"https:\/\/aivlisoft.net\/shop\/wp-json\/wp\/v2\/product"}],"about":[{"href":"https:\/\/aivlisoft.net\/shop\/wp-json\/wp\/v2\/types\/product"}],"wp:featuredmedia":[{"embeddable":true,"href":"https:\/\/aivlisoft.net\/shop\/wp-json\/wp\/v2\/media\/11303"}],"wp:attachment":[{"href":"https:\/\/aivlisoft.net\/shop\/wp-json\/wp\/v2\/media?parent=11302"}],"wp:term":[{"taxonomy":"product_brand","embeddable":true,"href":"https:\/\/aivlisoft.net\/shop\/wp-json\/wp\/v2\/product_brand?post=11302"},{"taxonomy":"product_cat","embeddable":true,"href":"https:\/\/aivlisoft.net\/shop\/wp-json\/wp\/v2\/product_cat?post=11302"},{"taxonomy":"product_tag","embeddable":true,"href":"https:\/\/aivlisoft.net\/shop\/wp-json\/wp\/v2\/product_tag?post=11302"}],"curies":[{"name":"wp","href":"https:\/\/api.w.org\/{rel}","templated":true}]}}