{"id":11277,"date":"2025-01-13T14:12:56","date_gmt":"2025-01-13T14:12:56","guid":{"rendered":"https:\/\/aivlisoft.com\/?post_type=product&#038;p=11277"},"modified":"2025-01-15T10:34:32","modified_gmt":"2025-01-15T10:34:32","slug":"logitech-webcam-c930e-business-webcam","status":"publish","type":"product","link":"https:\/\/aivlisoft.net\/shop\/producto\/logitech-webcam-c930e-business-webcam\/","title":{"rendered":"Logitech Webcam C930e BUSINESS WEBCAM"},"content":{"rendered":"<p><strong>UNA C&Aacute;MARA WEB EMPRENDEDORA<\/strong><br \/>Disfrute de videoconferencias que son lo m&aacute;s parecido a la comunicaci&oacute;n en persona. La sofisticada tecnolog&iacute;a de Logitech C930e Webcam ofrece v&iacute;deo y sonido n&iacute;tidos pr&aacute;cticamente en cualquier entorno, incluso en condiciones de luz escasa. Con v&iacute;deo de resoluci&oacute;n 1080p, compresi&oacute;n de v&iacute;deo H.264 y un amplio campo visual de 90 grados, la c&aacute;mara C930e ofrece prestaciones avanzadas de c&aacute;mara Web para videoconferencias de calidad superior.<\/p>\n<p><strong>V&Iacute;DEO ESTUPENDO EN CUALQUIER ENTORNO<\/strong><br \/>Muestre su lado bueno en todas las videoconferencias, dondequiera que est&eacute;. La c&aacute;mara Web C930e ofrece un campo visual de 90 grados, panor&aacute;mica, inclinaci&oacute;n y zoom digital 4x, lo que permite ajustar el encuadre para adaptarlo al entorno. La tecnolog&iacute;a RightLight&trade; 2 y una lente de precisi&oacute;n proporcionan v&iacute;deo n&iacute;tido incluso en condiciones de luz escasa.<\/p>\n<p><strong>CERTIFICACI&Oacute;N EMPRESARIAL<\/strong><br \/>La c&aacute;mara C930e cuenta con certificaci&oacute;n de compatibilidad con Skype for Business y Cisco Jabber&trade;, y ofrece integraci&oacute;n mejorada con BlueJeans, Broadsoft, LifeSize Cloud, Vidyo y Zoom.<\/p>\n<p><strong>CALIDAD ALTA, ANCHO DE BANDA BAJO<\/strong><br \/>Eleve la productividad de las reuniones con v&iacute;deo realmente n&iacute;tido en todas las ocasiones, incluso cuando existen limitaciones de ancho de banda. Optimizada para Skype for Business, la c&aacute;mara Web C930e Webcam es compatible con H.264 con codificaci&oacute;n de v&iacute;deo escalable y codificaci&oacute;n UVC 1.5 para minimizar su dependencia de los recursos de ordenador y de red.<\/p>\n<table class=\"tabla_caracteristicas k-table\" width=\"100%\">\n<tbody>\n<tr>\n<td><strong>Marca<\/strong><\/td>\n<td>Logitech<\/td>\n<\/tr>\n<tr>\n<td><strong>Modelo<\/strong><\/td>\n<td><strong><\/strong><strong>960-000972<\/strong><\/td>\n<\/tr>\n<tr>\n<td><strong>Especificaciones<\/strong><\/td>\n<td>&#8211; Videoconferencias Full HD 1080p (hasta 1920 x 1080 p&iacute;xeles)<br \/>&#8211; Videoconferencias HD 720p (1280 x 720 p&iacute;xeles) con los clientes admitidos<br \/>&#8211; Compresi&oacute;n de v&iacute;deo H.264<br \/>&#8211; Campo visual de 90&deg;<br \/>&#8211; Zoom 4x en 1080p<br \/>&#8211; Tecnolog&iacute;a Rightlight 2 para nitidez en distintas condiciones de iluminaci&oacute;n, incluso con luz escasa<br \/>&#8211; Aplicaci&oacute;n Camera Settings opcional para controlar funciones de panor&aacute;mica, inclinaci&oacute;n y zoom<br \/>&#8211; Enfoque autom&aacute;tico<br \/>&#8211; Tapa de obturador externa<br \/>&#8211; Dos micr&oacute;fonos omnidireccionales<br \/>&#8211; Certificaci&oacute;n USB 2.0 de alta velocidad (compatible con USB 3.0)<br \/>&#8211; Clip universal compatible con tr&iacute;podes para monitores LCD, CRT o port&aacute;tiles<\/td>\n<\/tr>\n<tr>\n<td><strong>Requisitos del sistema<\/strong><\/td>\n<td>&#8211; Windows&reg; 7, Windows 8 o Windows 10<br \/>&#8211; macOS X 10.7 o posterior<br \/>&#8211; Chrome&trade; OS 29.0.1547.70 o posterior<br \/>&#8211; 2 GB de RAM o m&aacute;s<br \/>&#8211; Espacio en el disco duro para los v&iacute;deos grabados<br \/>&#8211; Un puerto USB 2.0<br \/>Compatibilidad<br \/>&#8211; Todas las aplicaciones UVC<br \/>&#8211; H.264 para Skype for Business<\/td>\n<\/tr>\n<tr>\n<td><strong>Otras caracter&iacute;sticas<\/strong><\/td>\n<td><strong>C&aacute;mara<\/strong><br \/>&#8211; Dimensiones: (Alt x An x Prof): 29 x 94 x 24 mm<br \/><strong>C&aacute;mara con clip<\/strong><br \/>&#8211; Dimensiones: (Alt x An x Prof): 43,3 x 94 x 71 mm<br \/>&#8211; Peso con clip y cable 162 g<br \/><strong>Certificaciones<\/strong><br \/>&#8211; Certificaci&oacute;n para Skype for Business<br \/>&#8211; Optimizaci&oacute;n para Microsoft&reg;<br \/>&#8211; Lync&reg;<br \/>&#8211; Certificaci&oacute;n para Skype&trade;<br \/>&#8211; Compatibilidad con Cisco&reg;<br \/>&#8211; WebEx&reg;<\/td>\n<\/tr>\n<tr>\n<td><strong>Fecha de revisi&oacute;n<\/strong><\/td>\n<td>18-03-2020 por MSB<\/td>\n<\/tr>\n<\/tbody>\n<\/table>\n","protected":false},"excerpt":{"rendered":"<p>UNA C&Aacute;MARA WEB EMPRENDEDORADisfrute de videoconferencias que son lo m&aacute;s parecido a la comunicaci&oacute;n en persona. La sofisticada tecnolog&iacute;a de Logitech C930e Webcam ofrece v&iacute;deo y sonido n&iacute;tidos pr&aacute;cticamente en cualquier entorno, incluso en condiciones de luz escasa. Con v&iacute;deo de resoluci&oacute;n 1080p, compresi&oacute;n de v&iacute;deo H.264 y un amplio campo visual de 90 grados,&hellip;&nbsp;<a href=\"https:\/\/aivlisoft.net\/shop\/producto\/logitech-webcam-c930e-business-webcam\/\" rel=\"bookmark\"><span class=\"screen-reader-text\">Logitech Webcam C930e BUSINESS WEBCAM<\/span><\/a><\/p>\n","protected":false},"featured_media":11278,"template":"","meta":{"neve_meta_sidebar":"","neve_meta_container":"","neve_meta_enable_content_width":"","neve_meta_content_width":0,"neve_meta_title_alignment":"","neve_meta_author_avatar":"","neve_post_elements_order":"","neve_meta_disable_header":"","neve_meta_disable_footer":"","neve_meta_disable_title":""},"product_brand":[],"product_cat":[15,711,8690,8726,4432],"product_tag":[4405],"class_list":{"0":"post-11277","1":"product","2":"type-product","3":"status-publish","4":"has-post-thumbnail","6":"product_cat-sin-categorizar","7":"product_cat-accesorios-videovigilancia","8":"product_cat-accesorios-videovigilancia-accesorios-videovigilancia","9":"product_cat-grabadores-digitales","10":"product_cat-videovigilancia","11":"product_tag-960-000972","13":"first","14":"instock","15":"taxable","16":"shipping-taxable","17":"purchasable","18":"product-type-simple"},"yoast_head":"<!-- This site is optimized with the Yoast SEO plugin v26.0 - https:\/\/yoast.com\/wordpress\/plugins\/seo\/ -->\n<title>Logitech Webcam C930e BUSINESS WEBCAM - Aivlisoft Inform\u00e1tica<\/title>\n<meta name=\"robots\" content=\"index, follow, max-snippet:-1, max-image-preview:large, max-video-preview:-1\" \/>\n<link rel=\"canonical\" href=\"https:\/\/aivlisoft.net\/shop\/producto\/logitech-webcam-c930e-business-webcam\/\" \/>\n<meta property=\"og:locale\" content=\"es_ES\" \/>\n<meta property=\"og:type\" content=\"article\" \/>\n<meta property=\"og:title\" content=\"Logitech Webcam C930e BUSINESS WEBCAM - Aivlisoft Inform\u00e1tica\" \/>\n<meta property=\"og:description\" content=\"UNA C&Aacute;MARA WEB EMPRENDEDORADisfrute de videoconferencias que son lo m&aacute;s parecido a la comunicaci&oacute;n en persona. La sofisticada tecnolog&iacute;a de Logitech C930e Webcam ofrece v&iacute;deo y sonido n&iacute;tidos pr&aacute;cticamente en cualquier entorno, incluso en condiciones de luz escasa. Con v&iacute;deo de resoluci&oacute;n 1080p, compresi&oacute;n de v&iacute;deo H.264 y un amplio campo visual de 90 grados,&hellip;&nbsp;Logitech Webcam C930e BUSINESS WEBCAM\" \/>\n<meta property=\"og:url\" content=\"https:\/\/aivlisoft.net\/shop\/producto\/logitech-webcam-c930e-business-webcam\/\" \/>\n<meta property=\"og:site_name\" content=\"Aivlisoft Inform\u00e1tica\" \/>\n<meta property=\"article:modified_time\" content=\"2025-01-15T10:34:32+00:00\" \/>\n<meta property=\"og:image\" content=\"https:\/\/aivlisoft.net\/shop\/wp-content\/uploads\/2025\/01\/FVPCWB0121_800.jpg\" \/>\n\t<meta property=\"og:image:width\" content=\"800\" \/>\n\t<meta property=\"og:image:height\" content=\"800\" \/>\n\t<meta property=\"og:image:type\" content=\"image\/jpeg\" \/>\n<meta name=\"twitter:card\" content=\"summary_large_image\" \/>\n<meta name=\"twitter:label1\" content=\"Tiempo de lectura\" \/>\n\t<meta name=\"twitter:data1\" content=\"3 minutos\" \/>\n<script type=\"application\/ld+json\" class=\"yoast-schema-graph\">{\"@context\":\"https:\/\/schema.org\",\"@graph\":[{\"@type\":\"WebPage\",\"@id\":\"https:\/\/aivlisoft.net\/shop\/producto\/logitech-webcam-c930e-business-webcam\/\",\"url\":\"https:\/\/aivlisoft.net\/shop\/producto\/logitech-webcam-c930e-business-webcam\/\",\"name\":\"Logitech Webcam C930e BUSINESS WEBCAM - Aivlisoft Inform\u00e1tica\",\"isPartOf\":{\"@id\":\"https:\/\/aivlisoft.net\/shop\/#website\"},\"primaryImageOfPage\":{\"@id\":\"https:\/\/aivlisoft.net\/shop\/producto\/logitech-webcam-c930e-business-webcam\/#primaryimage\"},\"image\":{\"@id\":\"https:\/\/aivlisoft.net\/shop\/producto\/logitech-webcam-c930e-business-webcam\/#primaryimage\"},\"thumbnailUrl\":\"https:\/\/aivlisoft.net\/shop\/wp-content\/uploads\/2025\/01\/FVPCWB0121_800.jpg\",\"datePublished\":\"2025-01-13T14:12:56+00:00\",\"dateModified\":\"2025-01-15T10:34:32+00:00\",\"breadcrumb\":{\"@id\":\"https:\/\/aivlisoft.net\/shop\/producto\/logitech-webcam-c930e-business-webcam\/#breadcrumb\"},\"inLanguage\":\"es\",\"potentialAction\":[{\"@type\":\"ReadAction\",\"target\":[\"https:\/\/aivlisoft.net\/shop\/producto\/logitech-webcam-c930e-business-webcam\/\"]}]},{\"@type\":\"ImageObject\",\"inLanguage\":\"es\",\"@id\":\"https:\/\/aivlisoft.net\/shop\/producto\/logitech-webcam-c930e-business-webcam\/#primaryimage\",\"url\":\"https:\/\/aivlisoft.net\/shop\/wp-content\/uploads\/2025\/01\/FVPCWB0121_800.jpg\",\"contentUrl\":\"https:\/\/aivlisoft.net\/shop\/wp-content\/uploads\/2025\/01\/FVPCWB0121_800.jpg\",\"width\":800,\"height\":800},{\"@type\":\"BreadcrumbList\",\"@id\":\"https:\/\/aivlisoft.net\/shop\/producto\/logitech-webcam-c930e-business-webcam\/#breadcrumb\",\"itemListElement\":[{\"@type\":\"ListItem\",\"position\":1,\"name\":\"Portada\",\"item\":\"https:\/\/aivlisoft.net\/shop\/\"},{\"@type\":\"ListItem\",\"position\":2,\"name\":\"Tienda\",\"item\":\"https:\/\/aivlisoft.net\/shop\/tienda\/\"},{\"@type\":\"ListItem\",\"position\":3,\"name\":\"Logitech Webcam C930e BUSINESS WEBCAM\"}]},{\"@type\":\"WebSite\",\"@id\":\"https:\/\/aivlisoft.net\/shop\/#website\",\"url\":\"https:\/\/aivlisoft.net\/shop\/\",\"name\":\"Aivlisoft Inform\u00e1tica\",\"description\":\"En Aivlisoft Inform\u00e1tica ofrecemos soluciones tecnol\u00f3gicas para empresas: venta de ordenadores, consumibles, perif\u00e9ricos y m\u00e1s. Calidad, atenci\u00f3n personalizada y los mejores precios para tu negocio.\",\"publisher\":{\"@id\":\"https:\/\/aivlisoft.net\/shop\/#organization\"},\"potentialAction\":[{\"@type\":\"SearchAction\",\"target\":{\"@type\":\"EntryPoint\",\"urlTemplate\":\"https:\/\/aivlisoft.net\/shop\/?s={search_term_string}\"},\"query-input\":{\"@type\":\"PropertyValueSpecification\",\"valueRequired\":true,\"valueName\":\"search_term_string\"}}],\"inLanguage\":\"es\"},{\"@type\":\"Organization\",\"@id\":\"https:\/\/aivlisoft.net\/shop\/#organization\",\"name\":\"Aivlisoft Inform\u00e1tica\",\"url\":\"https:\/\/aivlisoft.net\/shop\/\",\"logo\":{\"@type\":\"ImageObject\",\"inLanguage\":\"es\",\"@id\":\"https:\/\/aivlisoft.net\/shop\/#\/schema\/logo\/image\/\",\"url\":\"https:\/\/aivlisoft.net\/shop\/wp-content\/uploads\/2024\/12\/removal.ai_5b848c54-0cdf-4140-95c5-c5536bb7573b-logodef.png\",\"contentUrl\":\"https:\/\/aivlisoft.net\/shop\/wp-content\/uploads\/2024\/12\/removal.ai_5b848c54-0cdf-4140-95c5-c5536bb7573b-logodef.png\",\"width\":484,\"height\":182,\"caption\":\"Aivlisoft Inform\u00e1tica\"},\"image\":{\"@id\":\"https:\/\/aivlisoft.net\/shop\/#\/schema\/logo\/image\/\"}}]}<\/script>\n<!-- \/ Yoast SEO plugin. -->","yoast_head_json":{"title":"Logitech Webcam C930e BUSINESS WEBCAM - Aivlisoft Inform\u00e1tica","robots":{"index":"index","follow":"follow","max-snippet":"max-snippet:-1","max-image-preview":"max-image-preview:large","max-video-preview":"max-video-preview:-1"},"canonical":"https:\/\/aivlisoft.net\/shop\/producto\/logitech-webcam-c930e-business-webcam\/","og_locale":"es_ES","og_type":"article","og_title":"Logitech Webcam C930e BUSINESS WEBCAM - Aivlisoft Inform\u00e1tica","og_description":"UNA C&Aacute;MARA WEB EMPRENDEDORADisfrute de videoconferencias que son lo m&aacute;s parecido a la comunicaci&oacute;n en persona. La sofisticada tecnolog&iacute;a de Logitech C930e Webcam ofrece v&iacute;deo y sonido n&iacute;tidos pr&aacute;cticamente en cualquier entorno, incluso en condiciones de luz escasa. Con v&iacute;deo de resoluci&oacute;n 1080p, compresi&oacute;n de v&iacute;deo H.264 y un amplio campo visual de 90 grados,&hellip;&nbsp;Logitech Webcam C930e BUSINESS WEBCAM","og_url":"https:\/\/aivlisoft.net\/shop\/producto\/logitech-webcam-c930e-business-webcam\/","og_site_name":"Aivlisoft Inform\u00e1tica","article_modified_time":"2025-01-15T10:34:32+00:00","og_image":[{"width":800,"height":800,"url":"https:\/\/aivlisoft.net\/shop\/wp-content\/uploads\/2025\/01\/FVPCWB0121_800.jpg","type":"image\/jpeg"}],"twitter_card":"summary_large_image","twitter_misc":{"Tiempo de lectura":"3 minutos"},"schema":{"@context":"https:\/\/schema.org","@graph":[{"@type":"WebPage","@id":"https:\/\/aivlisoft.net\/shop\/producto\/logitech-webcam-c930e-business-webcam\/","url":"https:\/\/aivlisoft.net\/shop\/producto\/logitech-webcam-c930e-business-webcam\/","name":"Logitech Webcam C930e BUSINESS WEBCAM - Aivlisoft Inform\u00e1tica","isPartOf":{"@id":"https:\/\/aivlisoft.net\/shop\/#website"},"primaryImageOfPage":{"@id":"https:\/\/aivlisoft.net\/shop\/producto\/logitech-webcam-c930e-business-webcam\/#primaryimage"},"image":{"@id":"https:\/\/aivlisoft.net\/shop\/producto\/logitech-webcam-c930e-business-webcam\/#primaryimage"},"thumbnailUrl":"https:\/\/aivlisoft.net\/shop\/wp-content\/uploads\/2025\/01\/FVPCWB0121_800.jpg","datePublished":"2025-01-13T14:12:56+00:00","dateModified":"2025-01-15T10:34:32+00:00","breadcrumb":{"@id":"https:\/\/aivlisoft.net\/shop\/producto\/logitech-webcam-c930e-business-webcam\/#breadcrumb"},"inLanguage":"es","potentialAction":[{"@type":"ReadAction","target":["https:\/\/aivlisoft.net\/shop\/producto\/logitech-webcam-c930e-business-webcam\/"]}]},{"@type":"ImageObject","inLanguage":"es","@id":"https:\/\/aivlisoft.net\/shop\/producto\/logitech-webcam-c930e-business-webcam\/#primaryimage","url":"https:\/\/aivlisoft.net\/shop\/wp-content\/uploads\/2025\/01\/FVPCWB0121_800.jpg","contentUrl":"https:\/\/aivlisoft.net\/shop\/wp-content\/uploads\/2025\/01\/FVPCWB0121_800.jpg","width":800,"height":800},{"@type":"BreadcrumbList","@id":"https:\/\/aivlisoft.net\/shop\/producto\/logitech-webcam-c930e-business-webcam\/#breadcrumb","itemListElement":[{"@type":"ListItem","position":1,"name":"Portada","item":"https:\/\/aivlisoft.net\/shop\/"},{"@type":"ListItem","position":2,"name":"Tienda","item":"https:\/\/aivlisoft.net\/shop\/tienda\/"},{"@type":"ListItem","position":3,"name":"Logitech Webcam C930e BUSINESS WEBCAM"}]},{"@type":"WebSite","@id":"https:\/\/aivlisoft.net\/shop\/#website","url":"https:\/\/aivlisoft.net\/shop\/","name":"Aivlisoft Inform\u00e1tica","description":"En Aivlisoft Inform\u00e1tica ofrecemos soluciones tecnol\u00f3gicas para empresas: venta de ordenadores, consumibles, perif\u00e9ricos y m\u00e1s. Calidad, atenci\u00f3n personalizada y los mejores precios para tu negocio.","publisher":{"@id":"https:\/\/aivlisoft.net\/shop\/#organization"},"potentialAction":[{"@type":"SearchAction","target":{"@type":"EntryPoint","urlTemplate":"https:\/\/aivlisoft.net\/shop\/?s={search_term_string}"},"query-input":{"@type":"PropertyValueSpecification","valueRequired":true,"valueName":"search_term_string"}}],"inLanguage":"es"},{"@type":"Organization","@id":"https:\/\/aivlisoft.net\/shop\/#organization","name":"Aivlisoft Inform\u00e1tica","url":"https:\/\/aivlisoft.net\/shop\/","logo":{"@type":"ImageObject","inLanguage":"es","@id":"https:\/\/aivlisoft.net\/shop\/#\/schema\/logo\/image\/","url":"https:\/\/aivlisoft.net\/shop\/wp-content\/uploads\/2024\/12\/removal.ai_5b848c54-0cdf-4140-95c5-c5536bb7573b-logodef.png","contentUrl":"https:\/\/aivlisoft.net\/shop\/wp-content\/uploads\/2024\/12\/removal.ai_5b848c54-0cdf-4140-95c5-c5536bb7573b-logodef.png","width":484,"height":182,"caption":"Aivlisoft Inform\u00e1tica"},"image":{"@id":"https:\/\/aivlisoft.net\/shop\/#\/schema\/logo\/image\/"}}]}},"_links":{"self":[{"href":"https:\/\/aivlisoft.net\/shop\/wp-json\/wp\/v2\/product\/11277","targetHints":{"allow":["GET"]}}],"collection":[{"href":"https:\/\/aivlisoft.net\/shop\/wp-json\/wp\/v2\/product"}],"about":[{"href":"https:\/\/aivlisoft.net\/shop\/wp-json\/wp\/v2\/types\/product"}],"wp:featuredmedia":[{"embeddable":true,"href":"https:\/\/aivlisoft.net\/shop\/wp-json\/wp\/v2\/media\/11278"}],"wp:attachment":[{"href":"https:\/\/aivlisoft.net\/shop\/wp-json\/wp\/v2\/media?parent=11277"}],"wp:term":[{"taxonomy":"product_brand","embeddable":true,"href":"https:\/\/aivlisoft.net\/shop\/wp-json\/wp\/v2\/product_brand?post=11277"},{"taxonomy":"product_cat","embeddable":true,"href":"https:\/\/aivlisoft.net\/shop\/wp-json\/wp\/v2\/product_cat?post=11277"},{"taxonomy":"product_tag","embeddable":true,"href":"https:\/\/aivlisoft.net\/shop\/wp-json\/wp\/v2\/product_tag?post=11277"}],"curies":[{"name":"wp","href":"https:\/\/api.w.org\/{rel}","templated":true}]}}