{"id":11272,"date":"2025-01-13T14:12:54","date_gmt":"2025-01-13T14:12:54","guid":{"rendered":"https:\/\/aivlisoft.com\/?post_type=product&#038;p=11272"},"modified":"2025-01-15T10:34:33","modified_gmt":"2025-01-15T10:34:33","slug":"logitech-equipo-videoconf-full-hd-4micaltavoz","status":"publish","type":"product","link":"https:\/\/aivlisoft.net\/shop\/producto\/logitech-equipo-videoconf-full-hd-4micaltavoz\/","title":{"rendered":"Logitech Equipo videoconf Full HD 4Mic+altavoz"},"content":{"rendered":"<p><strong>SOLUCI&Oacute;N PERFECTA PARA SALAS PEQUE&Ntilde;AS<\/strong><br \/>GROUP, nuestra soluci&oacute;n de videoconferencia para salas con cabida para 14&ndash;20 personas, ofrece v&iacute;deo HD de alta calidad y audio n&iacute;tido que hacen de cualquier punto de encuentro un espacio de colaboraci&oacute;n con v&iacute;deo. Con funciones avanzadas, como la cancelaci&oacute;n de eco ac&uacute;stico, la tecnolog&iacute;a de reducci&oacute;n de ruido y los controles intuitivos, ahora es m&aacute;s f&aacute;cil que nunca incluir a todo el mundo en la conversaci&oacute;n.<\/p>\n<p><strong>SIMPLICIDAD PLUG AND PLAY<\/strong><br \/>La conectividad USB Plug and Play simplifica al m&aacute;ximo la implementaci&oacute;n y el uso de GROUP. Simplemente conecte GROUP al ordenador de la sala de conferencias o al port&aacute;til a trav&eacute;s de USB, y ya est&aacute; todo listo para empezar. Use GROUP con cualquier software de videoconferencia, incluidos los programas que ya usa. Para llamadas de audio con un sonido estupendo, empareje el dispositivo m&oacute;vil mediante tecnolog&iacute;a inal&aacute;mbrica Bluetooth&reg; al sistema manos libres GROUP.<\/p>\n<p><strong>M&Aacute;S OPCIONES, M&Aacute;S VERSATILIDAD<\/strong><br \/>Personalice la configuraci&oacute;n para adaptarla al tama&ntilde;o y distribuci&oacute;n de la sala. Monte la c&aacute;mara en un mesa, un tr&iacute;pode o una pared. Los micr&oacute;fonos de expansi&oacute;n opcionales extienden la cobertura a 8,5 metros (28 ft). A&ntilde;ada un cable opcional de 10 metros (33 ft) o 15 metros (49 ft) para aumentar el alcance del sistema manos libres o la c&aacute;mara.<\/p>\n<p><strong>V&Iacute;DEO DE ALTA DEFINICI&Oacute;N<\/strong><br \/>Capte la atenci&oacute;n en las reuniones con la lente de gama alta de GROUP, zoom 10x sin p&eacute;rdida y rendimiento HD de 1080p\/30. Encuadre a la perfecci&oacute;n a los ponentes y las pizarras mediante control de panor&aacute;mica e inclinaci&oacute;n, y use zoom para aumentar el grado de detalle y la nitidez de la imagen. El campo visual de 90&deg; de GROUP proporciona una cobertura ideal en salas medianas y grandes, con panor&aacute;mica e inclinaci&oacute;n motorizadas, para abarcarlo todo, de lado a lado y del suelo al techo.<\/p>\n<p><strong>AUDIO QUE SUENA NATURAL<\/strong><br \/>Todos pueden o&iacute;r y ser o&iacute;dos gracias al sistema manos libres d&uacute;plex completo de GROUP, que ofrece un sonido natural, n&iacute;tido y totalmente inteligible. La tecnolog&iacute;a de cancelaci&oacute;n de eco ac&uacute;stico y de supresi&oacute;n de ruido dota a las conversaciones de un sonido natural a la vez que reduce la reverberaci&oacute;n y el ruido ambiental.<\/p>\n<table class=\"tabla_caracteristicas k-table\" width=\"100%\">\n<tbody>\n<tr>\n<td><strong>Marca<\/strong><\/td>\n<td>Logitech<\/td>\n<\/tr>\n<tr>\n<td><strong>Modelo<\/strong><\/td>\n<td><strong>960-001057<\/strong><\/td>\n<\/tr>\n<tr>\n<td><strong>Especificaciones<\/strong><\/td>\n<td><strong>C&Aacute;MARA<\/strong><br \/>&#8211; Panor&aacute;mica, inclinaci&oacute;n y zoom robotizados y fluidos controlados con mando a distancia o consola<br \/>&#8211; Panor&aacute;mica de 260&deg;<br \/>&#8211; Inclinaci&oacute;n de 130<br \/>&#8211; Zoom 10x HD sin p&eacute;rdida<br \/>&#8211; Campo visual de 90&deg;<br \/>&#8211; Full HD 1080p 30 fps<br \/>&#8211; H.264 UVC 1.5 con codificaci&oacute;n de v&iacute;deo escalable (SVC)<br \/>&#8211; Enfoque autom&aacute;tico<br \/>&#8211; Cinco preajustes de c&aacute;mara<br \/>&#8211; Control remoto (PTZ) de otros productos ConferenceCam (con servicios compatibles)<br \/>&#8211; Conector de seguridad Kensington<br \/>&#8211; Indicador LED de silencio\/anulaci&oacute;n de silencio de v&iacute;deo<br \/>&#8211; Adaptador para tr&iacute;pode est&aacute;ndar<br \/><strong>MANDO A DISTANCIA<\/strong><br \/>&#8211; C&aacute;mara, sistema manos libres y control de llamadas<br \/>&#8211; Cinco preajustes de c&aacute;mara<br \/>&#8211; Acoplamiento a sistema manos libres<br \/>&#8211; Radio de acci&oacute;n IR de 8,5 m (28 ft)<br \/>&#8211; Bater&iacute;a CR2032 (incluida)<br \/><strong>SISTEMA MANOS LIBRES<\/strong><br \/>&#8211; D&uacute;plex completo<br \/>&#8211; Cancelaci&oacute;n de eco ac&uacute;stico<br \/>&#8211; Tecnolog&iacute;a de reducci&oacute;n de ruido<br \/>&#8211; Audio de banda superancha<br \/>&#8211; Se empareja con dispositivos m&oacute;viles mediante Bluetooth y NFC<br \/>&#8211; LCD para identificaci&oacute;n y duraci&oacute;n de llamadas, y otras funciones de respuesta<br \/>&#8211; Indicadores LED para streaming, silencio, puesta en espera y Bluetooth<br \/>&#8211; Botones t&aacute;ctiles para respuesta\/finalizaci&oacute;n de llamadas, volumen y silencio, Bluetooth y controles de c&aacute;mara<br \/>&#8211; Cinco preajustes de c&aacute;mara para panor&aacute;mica, inclinaci&oacute;n y zoom<br \/>&#8211; Conector de seguridad Kensington<br \/><strong>MICR&Oacute;FONOS<\/strong><br \/>&#8211; Alcance de captaci&oacute;n: 6 m (20 ft)<br \/>&#8211; Alcance de captaci&oacute;n con micr&oacute;fono de expansi&oacute;n: 8,5 m (28 ft)<br \/>&#8211; Cuatro micr&oacute;fonos omnidireccionales, con formaci&oacute;n de haces<br \/>&#8211; Respuesta de frecuencia: 100 Hz &#8211; 11 kHz<br \/>&#8211; Sensibilidad: -28 dB +\/-3 dB<br \/>&#8211; Distorsi&oacute;n: &lt;5% de 200 Hz<br \/><strong>HUB \/ CABLES \/ ALIMENTACI&Oacute;N<\/strong><br \/>&#8211; El hub central conecta y alimenta todos los componentes<br \/>&#8211; Adhesivo para montaje bajo la mesa incluido<br \/>&#8211; Un cable para c&aacute;mara: 5 m (16 ft)<br \/>&#8211; Un cable para sistema manos libres: 5 m (16 ft)<br \/>&#8211; Cables de extensi&oacute;n disponibles (10 m y 15 m)<br \/>&#8211; Un cable USB para conexi&oacute;n a PC\/Mac (2 m\/6,6 ft)<br \/>&#8211; Adaptador de alimentaci&oacute;n con conectores regionales<br \/>&#8211; Un cable de alimentaci&oacute;n: 3 m (9,8 ft)<br \/><strong>SOPORTE<\/strong><br \/>&#8211; Soporte de doble funci&oacute;n tanto para montaje en pared como en escritorio<br \/><strong>COMPATIBILIDAD E INTEGRACIONES<\/strong><br \/>&#8211; Conexi&oacute;n USB Plug and Play<br \/>&#8211; Funciona con la mayor&iacute;a de aplicaciones de videoconferencia o servicios de reuniones<br \/>&#8211; Certificaci&oacute;n para Skype for Business<br \/>&#8211; Certificaci&oacute;n para Microsoft Cortana&reg;<br \/>&#8211; Compatibilidad con Cisco Jabber&reg; y WebEx<br \/>&#8211; Integraci&oacute;n mejorada con miembros de Logitech Collaboration Program (LCP), incluidos BlueJeans, Broadsoft, LifeSize Cloud, Vidyo y Zoom<\/td>\n<\/tr>\n<tr>\n<td><strong>Requisitos del sistema<\/strong><\/td>\n<td><strong><\/strong><strong><\/strong>&#8211; Windows&reg; 7, 8.1 o 10<br \/>&#8211; macOS 10.10 o posterior<\/td>\n<\/tr>\n<tr>\n<td><strong>Otras caracter&iacute;sticas<\/strong><\/td>\n<td><strong>Dimensiones y peso<\/strong><br \/><strong><\/strong><strong><\/strong><strong>C&aacute;mara<\/strong><br \/>&#8211; Dimensiones: 130 mm x 170 mm x 138 mm<br \/>&#8211; Peso: 585 g<br \/><strong>Sistema manos libres<\/strong><br \/>&#8211; Dimensiones: 240 mm x 65 mm x 240 mm<br \/>&#8211; Peso: 1223 g<br \/><strong>Hub<\/strong><br \/>&#8211; Dimensiones: 94 mm x 34 mm x 74 mm<br \/>&#8211; Peso: 83 g<br \/><strong>Mando a distancia<\/strong><br \/>&#8211; Dimensiones: 50 mm x 120 mm x 12 mm<br \/>&#8211; Peso: 51 g<br \/><strong>Soporte para pared\/mesa<\/strong><br \/>&#8211; Dimensiones: 210 mm x 120 mm x 99 mm<br \/>&#8211; Peso: 255 g<br \/><strong>Micr&oacute;fonos de expansi&oacute;n:<\/strong><br \/>&#8211; Dimensiones: 83 mm x 83 mm x 21 mm<br \/>&#8211; Peso: 230 g<br \/><strong>Contenido de la caja<\/strong><br \/>&#8211; C&aacute;mara<br \/>&#8211; Sistema manos libres<br \/>&#8211; Mando a distancia<br \/>&#8211; Dos cables de 5 m (16,4 ft) para conectar al hub el sistema manos libres y la c&aacute;mara<br \/>&#8211; Cable de 2 m (6,6 ft) entre hub y PC<br \/>&#8211; Velcro para sujeci&oacute;n de cables<br \/>&#8211; Velcro para fijar el hub a la mesa<br \/>&#8211; Hub con alimentaci&oacute;n propia<br \/>&#8211; Adaptador de alimentaci&oacute;n con conectores regionales y cable de 3 m (9,8 ft)<br \/>&#8211; Soporte<br \/>&#8211; Documentaci&oacute;n<br \/>&#8211; Tarjeta de garant&iacute;a<\/td>\n<\/tr>\n<tr>\n<td><strong>Fecha de revisi&oacute;n<\/strong><\/td>\n<td>30-01-2019 por AVN<\/td>\n<\/tr>\n<\/tbody>\n<\/table>\n","protected":false},"excerpt":{"rendered":"<p>SOLUCI&Oacute;N PERFECTA PARA SALAS PEQUE&Ntilde;ASGROUP, nuestra soluci&oacute;n de videoconferencia para salas con cabida para 14&ndash;20 personas, ofrece v&iacute;deo HD de alta calidad y audio n&iacute;tido que hacen de cualquier punto de encuentro un espacio de colaboraci&oacute;n con v&iacute;deo. Con funciones avanzadas, como la cancelaci&oacute;n de eco ac&uacute;stico, la tecnolog&iacute;a de reducci&oacute;n de ruido y los&hellip;&nbsp;<a href=\"https:\/\/aivlisoft.net\/shop\/producto\/logitech-equipo-videoconf-full-hd-4micaltavoz\/\" rel=\"bookmark\"><span class=\"screen-reader-text\">Logitech Equipo videoconf Full HD 4Mic+altavoz<\/span><\/a><\/p>\n","protected":false},"featured_media":11273,"template":"","meta":{"neve_meta_sidebar":"","neve_meta_container":"","neve_meta_enable_content_width":"","neve_meta_content_width":0,"neve_meta_title_alignment":"","neve_meta_author_avatar":"","neve_post_elements_order":"","neve_meta_disable_header":"","neve_meta_disable_footer":"","neve_meta_disable_title":""},"product_brand":[],"product_cat":[15,8690,711,8726,4432],"product_tag":[4404],"class_list":{"0":"post-11272","1":"product","2":"type-product","3":"status-publish","4":"has-post-thumbnail","6":"product_cat-sin-categorizar","7":"product_cat-accesorios-videovigilancia-accesorios-videovigilancia","8":"product_cat-accesorios-videovigilancia","9":"product_cat-grabadores-digitales","10":"product_cat-videovigilancia","11":"product_tag-960-001057","13":"first","14":"instock","15":"taxable","16":"shipping-taxable","17":"purchasable","18":"product-type-simple"},"yoast_head":"<!-- This site is optimized with the Yoast SEO plugin v26.0 - https:\/\/yoast.com\/wordpress\/plugins\/seo\/ -->\n<title>Logitech Equipo videoconf Full HD 4Mic+altavoz - Aivlisoft Inform\u00e1tica<\/title>\n<meta name=\"robots\" content=\"index, follow, max-snippet:-1, max-image-preview:large, max-video-preview:-1\" \/>\n<link rel=\"canonical\" href=\"https:\/\/aivlisoft.net\/shop\/producto\/logitech-equipo-videoconf-full-hd-4micaltavoz\/\" \/>\n<meta property=\"og:locale\" content=\"es_ES\" \/>\n<meta property=\"og:type\" content=\"article\" \/>\n<meta property=\"og:title\" content=\"Logitech Equipo videoconf Full HD 4Mic+altavoz - Aivlisoft Inform\u00e1tica\" \/>\n<meta property=\"og:description\" content=\"SOLUCI&Oacute;N PERFECTA PARA SALAS PEQUE&Ntilde;ASGROUP, nuestra soluci&oacute;n de videoconferencia para salas con cabida para 14&ndash;20 personas, ofrece v&iacute;deo HD de alta calidad y audio n&iacute;tido que hacen de cualquier punto de encuentro un espacio de colaboraci&oacute;n con v&iacute;deo. Con funciones avanzadas, como la cancelaci&oacute;n de eco ac&uacute;stico, la tecnolog&iacute;a de reducci&oacute;n de ruido y los&hellip;&nbsp;Logitech Equipo videoconf Full HD 4Mic+altavoz\" \/>\n<meta property=\"og:url\" content=\"https:\/\/aivlisoft.net\/shop\/producto\/logitech-equipo-videoconf-full-hd-4micaltavoz\/\" \/>\n<meta property=\"og:site_name\" content=\"Aivlisoft Inform\u00e1tica\" \/>\n<meta property=\"article:modified_time\" content=\"2025-01-15T10:34:33+00:00\" \/>\n<meta property=\"og:image\" content=\"https:\/\/aivlisoft.net\/shop\/wp-content\/uploads\/2025\/01\/FVPCWB0119_800.jpg\" \/>\n\t<meta property=\"og:image:width\" content=\"800\" \/>\n\t<meta property=\"og:image:height\" content=\"800\" \/>\n\t<meta property=\"og:image:type\" content=\"image\/jpeg\" \/>\n<meta name=\"twitter:card\" content=\"summary_large_image\" \/>\n<meta name=\"twitter:label1\" content=\"Tiempo de lectura\" \/>\n\t<meta name=\"twitter:data1\" content=\"5 minutos\" \/>\n<script type=\"application\/ld+json\" class=\"yoast-schema-graph\">{\"@context\":\"https:\/\/schema.org\",\"@graph\":[{\"@type\":\"WebPage\",\"@id\":\"https:\/\/aivlisoft.net\/shop\/producto\/logitech-equipo-videoconf-full-hd-4micaltavoz\/\",\"url\":\"https:\/\/aivlisoft.net\/shop\/producto\/logitech-equipo-videoconf-full-hd-4micaltavoz\/\",\"name\":\"Logitech Equipo videoconf Full HD 4Mic+altavoz - Aivlisoft Inform\u00e1tica\",\"isPartOf\":{\"@id\":\"https:\/\/aivlisoft.net\/shop\/#website\"},\"primaryImageOfPage\":{\"@id\":\"https:\/\/aivlisoft.net\/shop\/producto\/logitech-equipo-videoconf-full-hd-4micaltavoz\/#primaryimage\"},\"image\":{\"@id\":\"https:\/\/aivlisoft.net\/shop\/producto\/logitech-equipo-videoconf-full-hd-4micaltavoz\/#primaryimage\"},\"thumbnailUrl\":\"https:\/\/aivlisoft.net\/shop\/wp-content\/uploads\/2025\/01\/FVPCWB0119_800.jpg\",\"datePublished\":\"2025-01-13T14:12:54+00:00\",\"dateModified\":\"2025-01-15T10:34:33+00:00\",\"breadcrumb\":{\"@id\":\"https:\/\/aivlisoft.net\/shop\/producto\/logitech-equipo-videoconf-full-hd-4micaltavoz\/#breadcrumb\"},\"inLanguage\":\"es\",\"potentialAction\":[{\"@type\":\"ReadAction\",\"target\":[\"https:\/\/aivlisoft.net\/shop\/producto\/logitech-equipo-videoconf-full-hd-4micaltavoz\/\"]}]},{\"@type\":\"ImageObject\",\"inLanguage\":\"es\",\"@id\":\"https:\/\/aivlisoft.net\/shop\/producto\/logitech-equipo-videoconf-full-hd-4micaltavoz\/#primaryimage\",\"url\":\"https:\/\/aivlisoft.net\/shop\/wp-content\/uploads\/2025\/01\/FVPCWB0119_800.jpg\",\"contentUrl\":\"https:\/\/aivlisoft.net\/shop\/wp-content\/uploads\/2025\/01\/FVPCWB0119_800.jpg\",\"width\":800,\"height\":800},{\"@type\":\"BreadcrumbList\",\"@id\":\"https:\/\/aivlisoft.net\/shop\/producto\/logitech-equipo-videoconf-full-hd-4micaltavoz\/#breadcrumb\",\"itemListElement\":[{\"@type\":\"ListItem\",\"position\":1,\"name\":\"Portada\",\"item\":\"https:\/\/aivlisoft.net\/shop\/\"},{\"@type\":\"ListItem\",\"position\":2,\"name\":\"Tienda\",\"item\":\"https:\/\/aivlisoft.net\/shop\/tienda\/\"},{\"@type\":\"ListItem\",\"position\":3,\"name\":\"Logitech Equipo videoconf Full HD 4Mic+altavoz\"}]},{\"@type\":\"WebSite\",\"@id\":\"https:\/\/aivlisoft.net\/shop\/#website\",\"url\":\"https:\/\/aivlisoft.net\/shop\/\",\"name\":\"Aivlisoft Inform\u00e1tica\",\"description\":\"En Aivlisoft Inform\u00e1tica ofrecemos soluciones tecnol\u00f3gicas para empresas: venta de ordenadores, consumibles, perif\u00e9ricos y m\u00e1s. Calidad, atenci\u00f3n personalizada y los mejores precios para tu negocio.\",\"publisher\":{\"@id\":\"https:\/\/aivlisoft.net\/shop\/#organization\"},\"potentialAction\":[{\"@type\":\"SearchAction\",\"target\":{\"@type\":\"EntryPoint\",\"urlTemplate\":\"https:\/\/aivlisoft.net\/shop\/?s={search_term_string}\"},\"query-input\":{\"@type\":\"PropertyValueSpecification\",\"valueRequired\":true,\"valueName\":\"search_term_string\"}}],\"inLanguage\":\"es\"},{\"@type\":\"Organization\",\"@id\":\"https:\/\/aivlisoft.net\/shop\/#organization\",\"name\":\"Aivlisoft Inform\u00e1tica\",\"url\":\"https:\/\/aivlisoft.net\/shop\/\",\"logo\":{\"@type\":\"ImageObject\",\"inLanguage\":\"es\",\"@id\":\"https:\/\/aivlisoft.net\/shop\/#\/schema\/logo\/image\/\",\"url\":\"https:\/\/aivlisoft.net\/shop\/wp-content\/uploads\/2024\/12\/removal.ai_5b848c54-0cdf-4140-95c5-c5536bb7573b-logodef.png\",\"contentUrl\":\"https:\/\/aivlisoft.net\/shop\/wp-content\/uploads\/2024\/12\/removal.ai_5b848c54-0cdf-4140-95c5-c5536bb7573b-logodef.png\",\"width\":484,\"height\":182,\"caption\":\"Aivlisoft Inform\u00e1tica\"},\"image\":{\"@id\":\"https:\/\/aivlisoft.net\/shop\/#\/schema\/logo\/image\/\"}}]}<\/script>\n<!-- \/ Yoast SEO plugin. -->","yoast_head_json":{"title":"Logitech Equipo videoconf Full HD 4Mic+altavoz - Aivlisoft Inform\u00e1tica","robots":{"index":"index","follow":"follow","max-snippet":"max-snippet:-1","max-image-preview":"max-image-preview:large","max-video-preview":"max-video-preview:-1"},"canonical":"https:\/\/aivlisoft.net\/shop\/producto\/logitech-equipo-videoconf-full-hd-4micaltavoz\/","og_locale":"es_ES","og_type":"article","og_title":"Logitech Equipo videoconf Full HD 4Mic+altavoz - Aivlisoft Inform\u00e1tica","og_description":"SOLUCI&Oacute;N PERFECTA PARA SALAS PEQUE&Ntilde;ASGROUP, nuestra soluci&oacute;n de videoconferencia para salas con cabida para 14&ndash;20 personas, ofrece v&iacute;deo HD de alta calidad y audio n&iacute;tido que hacen de cualquier punto de encuentro un espacio de colaboraci&oacute;n con v&iacute;deo. Con funciones avanzadas, como la cancelaci&oacute;n de eco ac&uacute;stico, la tecnolog&iacute;a de reducci&oacute;n de ruido y los&hellip;&nbsp;Logitech Equipo videoconf Full HD 4Mic+altavoz","og_url":"https:\/\/aivlisoft.net\/shop\/producto\/logitech-equipo-videoconf-full-hd-4micaltavoz\/","og_site_name":"Aivlisoft Inform\u00e1tica","article_modified_time":"2025-01-15T10:34:33+00:00","og_image":[{"width":800,"height":800,"url":"https:\/\/aivlisoft.net\/shop\/wp-content\/uploads\/2025\/01\/FVPCWB0119_800.jpg","type":"image\/jpeg"}],"twitter_card":"summary_large_image","twitter_misc":{"Tiempo de lectura":"5 minutos"},"schema":{"@context":"https:\/\/schema.org","@graph":[{"@type":"WebPage","@id":"https:\/\/aivlisoft.net\/shop\/producto\/logitech-equipo-videoconf-full-hd-4micaltavoz\/","url":"https:\/\/aivlisoft.net\/shop\/producto\/logitech-equipo-videoconf-full-hd-4micaltavoz\/","name":"Logitech Equipo videoconf Full HD 4Mic+altavoz - Aivlisoft Inform\u00e1tica","isPartOf":{"@id":"https:\/\/aivlisoft.net\/shop\/#website"},"primaryImageOfPage":{"@id":"https:\/\/aivlisoft.net\/shop\/producto\/logitech-equipo-videoconf-full-hd-4micaltavoz\/#primaryimage"},"image":{"@id":"https:\/\/aivlisoft.net\/shop\/producto\/logitech-equipo-videoconf-full-hd-4micaltavoz\/#primaryimage"},"thumbnailUrl":"https:\/\/aivlisoft.net\/shop\/wp-content\/uploads\/2025\/01\/FVPCWB0119_800.jpg","datePublished":"2025-01-13T14:12:54+00:00","dateModified":"2025-01-15T10:34:33+00:00","breadcrumb":{"@id":"https:\/\/aivlisoft.net\/shop\/producto\/logitech-equipo-videoconf-full-hd-4micaltavoz\/#breadcrumb"},"inLanguage":"es","potentialAction":[{"@type":"ReadAction","target":["https:\/\/aivlisoft.net\/shop\/producto\/logitech-equipo-videoconf-full-hd-4micaltavoz\/"]}]},{"@type":"ImageObject","inLanguage":"es","@id":"https:\/\/aivlisoft.net\/shop\/producto\/logitech-equipo-videoconf-full-hd-4micaltavoz\/#primaryimage","url":"https:\/\/aivlisoft.net\/shop\/wp-content\/uploads\/2025\/01\/FVPCWB0119_800.jpg","contentUrl":"https:\/\/aivlisoft.net\/shop\/wp-content\/uploads\/2025\/01\/FVPCWB0119_800.jpg","width":800,"height":800},{"@type":"BreadcrumbList","@id":"https:\/\/aivlisoft.net\/shop\/producto\/logitech-equipo-videoconf-full-hd-4micaltavoz\/#breadcrumb","itemListElement":[{"@type":"ListItem","position":1,"name":"Portada","item":"https:\/\/aivlisoft.net\/shop\/"},{"@type":"ListItem","position":2,"name":"Tienda","item":"https:\/\/aivlisoft.net\/shop\/tienda\/"},{"@type":"ListItem","position":3,"name":"Logitech Equipo videoconf Full HD 4Mic+altavoz"}]},{"@type":"WebSite","@id":"https:\/\/aivlisoft.net\/shop\/#website","url":"https:\/\/aivlisoft.net\/shop\/","name":"Aivlisoft Inform\u00e1tica","description":"En Aivlisoft Inform\u00e1tica ofrecemos soluciones tecnol\u00f3gicas para empresas: venta de ordenadores, consumibles, perif\u00e9ricos y m\u00e1s. Calidad, atenci\u00f3n personalizada y los mejores precios para tu negocio.","publisher":{"@id":"https:\/\/aivlisoft.net\/shop\/#organization"},"potentialAction":[{"@type":"SearchAction","target":{"@type":"EntryPoint","urlTemplate":"https:\/\/aivlisoft.net\/shop\/?s={search_term_string}"},"query-input":{"@type":"PropertyValueSpecification","valueRequired":true,"valueName":"search_term_string"}}],"inLanguage":"es"},{"@type":"Organization","@id":"https:\/\/aivlisoft.net\/shop\/#organization","name":"Aivlisoft Inform\u00e1tica","url":"https:\/\/aivlisoft.net\/shop\/","logo":{"@type":"ImageObject","inLanguage":"es","@id":"https:\/\/aivlisoft.net\/shop\/#\/schema\/logo\/image\/","url":"https:\/\/aivlisoft.net\/shop\/wp-content\/uploads\/2024\/12\/removal.ai_5b848c54-0cdf-4140-95c5-c5536bb7573b-logodef.png","contentUrl":"https:\/\/aivlisoft.net\/shop\/wp-content\/uploads\/2024\/12\/removal.ai_5b848c54-0cdf-4140-95c5-c5536bb7573b-logodef.png","width":484,"height":182,"caption":"Aivlisoft Inform\u00e1tica"},"image":{"@id":"https:\/\/aivlisoft.net\/shop\/#\/schema\/logo\/image\/"}}]}},"_links":{"self":[{"href":"https:\/\/aivlisoft.net\/shop\/wp-json\/wp\/v2\/product\/11272","targetHints":{"allow":["GET"]}}],"collection":[{"href":"https:\/\/aivlisoft.net\/shop\/wp-json\/wp\/v2\/product"}],"about":[{"href":"https:\/\/aivlisoft.net\/shop\/wp-json\/wp\/v2\/types\/product"}],"wp:featuredmedia":[{"embeddable":true,"href":"https:\/\/aivlisoft.net\/shop\/wp-json\/wp\/v2\/media\/11273"}],"wp:attachment":[{"href":"https:\/\/aivlisoft.net\/shop\/wp-json\/wp\/v2\/media?parent=11272"}],"wp:term":[{"taxonomy":"product_brand","embeddable":true,"href":"https:\/\/aivlisoft.net\/shop\/wp-json\/wp\/v2\/product_brand?post=11272"},{"taxonomy":"product_cat","embeddable":true,"href":"https:\/\/aivlisoft.net\/shop\/wp-json\/wp\/v2\/product_cat?post=11272"},{"taxonomy":"product_tag","embeddable":true,"href":"https:\/\/aivlisoft.net\/shop\/wp-json\/wp\/v2\/product_tag?post=11272"}],"curies":[{"name":"wp","href":"https:\/\/api.w.org\/{rel}","templated":true}]}}