{"id":11267,"date":"2025-01-13T14:12:52","date_gmt":"2025-01-13T14:12:52","guid":{"rendered":"https:\/\/aivlisoft.com\/?post_type=product&#038;p=11267"},"modified":"2025-01-15T10:34:33","modified_gmt":"2025-01-15T10:34:33","slug":"logitech-meetup-webcam-videoconferencing-fps-4k","status":"publish","type":"product","link":"https:\/\/aivlisoft.net\/shop\/producto\/logitech-meetup-webcam-videoconferencing-fps-4k\/","title":{"rendered":"Logitech MeetUp Webcam VideoConferencing fps 4k"},"content":{"rendered":"<p><strong>PERFECTA PARA SALAS PEQUE&Ntilde;AS<\/strong><\/p>\n<p>MeetUp es la mejor c&aacute;mara ConferenceCam de Logitech dise&ntilde;ada para salas de conferencias peque&ntilde;as y para espacios de reuni&oacute;n reducidos. Ya no hace falta api&ntilde;arse en torno al port&aacute;til. Con un campo visual superancho de 120 grados y una lente con panor&aacute;mica e inclinaci&oacute;n, MeetUp hace perfectamente visibles todos los asientos en torno a la mesa. Tiene audio integrado optimizado para la ac&uacute;stica de espacios de reuni&oacute;n reducidos, para que todos los asistentes sean audibles adem&aacute;s de visibles.<\/p>\n<table class=\"tabla_caracteristicas k-table\" width=\"100%\">\n<tbody>\n<tr>\n<td><strong>Marca<\/strong><\/td>\n<td>Logitech<\/td>\n<\/tr>\n<tr>\n<td valign=\"top\"><strong>Modelo<\/strong><\/td>\n<td><strong>960-001102<\/strong><\/td>\n<\/tr>\n<tr>\n<td valign=\"top\"><strong>Caracter&iacute;sticas<\/strong><\/td>\n<td>&#8211; Campo visual superancho de 120 grados<br \/>&#8211; Sistema manos libres con tres micr&oacute;fonos<br \/>&#8211; Preparada para micr&oacute;fono de expansi&oacute;n opcional<br \/>&#8211; Videoconferencias 4K Ultra HD (hasta 3840 x 2160 px a 30 fps con cable USB 3.0 proporcionado por el cliente); Videoconferencias Full HD 1080p (hasta 1920 x 1080 p&iacute;xeles a 30 fps); Videoconferencias HD 720p (hasta 1280 x 720 p&iacute;xeles a 30 fps); con clientes admitidos<br \/>&#8211; Dise&ntilde;o \u00abtodo en uno\u00bb<br \/>&#8211; Panor&aacute;mica\/inclinaci&oacute;n motorizada<br \/>&#8211; Lente Logitech<br \/>&#8211; 3 preajustes de c&aacute;mara<br \/>&#8211; Tecnolog&iacute;a inal&aacute;mbrica Bluetooth&reg;<br \/>&#8211; Mando a distancia RF<br \/>&#8211; Varias opciones de montaje, entre ellas para mesa y pared; disponible pieza de montaje en TV opcional<br \/>&#8211; Kensington Security Slot<\/td>\n<\/tr>\n<tr>\n<td valign=\"top\"><strong>Micr&oacute;fono<\/strong><\/td>\n<td>&#8211; Alcance de captaci&oacute;n: 2,4 m (8 ft)<br \/>&#8211; Alcance de captaci&oacute;n con micr&oacute;fono de expansi&oacute;n: 4,2 m (14 ft)<br \/>&#8211; Sensibilidad: -27 dB<br \/>&#8211; Respuesta de frecuencia de micr&oacute;fono: 90 Hz &#8211; 16 kHz para reproducci&oacute;n de voz completa y alta inteligibilidad sin ruido<br \/>&#8211; Con emparejamiento de f&aacute;brica, el algoritmo de formaci&oacute;n de haces de radiaci&oacute;n transversal de muy baja distorsi&oacute;n dirige los micr&oacute;fonos a la persona que habla para ofrecer la mejor captaci&oacute;n de voz y reducci&oacute;n de ruido<br \/>&#8211; AEC (Acoustic Echo Cancellation)<br \/>&#8211; VAD (Voice Activity Detector)<br \/>&#8211; Supresi&oacute;n de ruido de fondo de micr&oacute;fono<br \/>&#8211; Frecuencia de muestreo de audio profesional de 32 kHz<\/td>\n<\/tr>\n<tr>\n<td valign=\"top\"><strong>Altavoz<\/strong><\/td>\n<td>&#8211; Potente im&aacute;n de tierras raras<br \/>&#8211; C&aacute;mara de micr&oacute;fono con suspensi&oacute;n ac&uacute;stica<br \/>&#8211; Volumen ajustable a 95 dB SPL a 0,5 metros de pico<br \/>&#8211; Sensibilidad de altavoz de 86,5+\/-3dB SPL a 0,5 metros<br \/>&#8211; Distorsi&oacute;n: 200 Hz &ndash; 300 Hz &lt; 3%, 3000 Hz &ndash; 10 kHz &lt; 1%<br \/>&#8211; Algoritmo de limitaci&oacute;n de pico que impide incluso el clipping de altavoz moment&aacute;neo para evitar distorsiones<\/td>\n<\/tr>\n<tr>\n<td valign=\"top\"><strong>Requisitos del sistema<\/strong><\/td>\n<td>&#8211; Windows&reg;7, Windows 8.1 o Windows 10<br \/>&#8211; macOS 10.10 o posterior<br \/>&#8211; Chrome OS&trade; 29.0.1547.70 o posterior<br \/>&#8211; Puerto USB 2.0 (se requiere USB 3.0 para v&iacute;deo 4K)<\/td>\n<\/tr>\n<tr>\n<td valign=\"top\"><strong>Compatibilidad e integraciones<\/strong><\/td>\n<td>&#8211; Conexi&oacute;n USB Plug and Play<br \/>&#8211; Funciona con la mayor&iacute;a de aplicaciones de videoconferencia o servicios de reuniones<br \/>&#8211; Certificaci&oacute;n para Skype for Business<br \/>&#8211; Certificaci&oacute;n para Microsoft Cortana&reg;<br \/>&#8211; Compatible con Cisco Jabber&reg; y WebEx<br \/>&#8211; Integraci&oacute;n mejorada con miembros de Logitech Collaboration Program (LCP), incluidos BlueJeans, Broadsoft, LifeSize Cloud, Vidyo y Zoom<\/td>\n<\/tr>\n<tr>\n<td valign=\"top\"><strong>Dimensiones y peso<\/strong><\/td>\n<td><strong>Unidad principal<\/strong><br \/>&#8211; (Alt x Anch x Prof): 10 x 400 x 85 mm<br \/>&#8211; Peso: 1,04 kg<br \/><strong>Mando a distancia<\/strong><br \/>&#8211; (Alt x Anch x Prof): 83 x 83 x 10 mm<\/td>\n<\/tr>\n<tr>\n<td valign=\"top\"><strong>Contenido<\/strong><\/td>\n<td>&#8211; ConferenceCam MeetUp<br \/>&#8211; Mando a distancia<br \/>&#8211; Cable USB: 5 m (16 ft)<br \/>&#8211; Fuente de alimentaci&oacute;n<br \/>&#8211; Pieza de montaje en pared y accesorios<br \/>&#8211; Documentaci&oacute;n del usuario<\/td>\n<\/tr>\n<tr>\n<td><strong>Fecha de revisi&oacute;n<\/strong><\/td>\n<td>17-01-2019 por AVN<\/td>\n<\/tr>\n<\/tbody>\n<\/table>\n","protected":false},"excerpt":{"rendered":"<p>PERFECTA PARA SALAS PEQUE&Ntilde;AS MeetUp es la mejor c&aacute;mara ConferenceCam de Logitech dise&ntilde;ada para salas de conferencias peque&ntilde;as y para espacios de reuni&oacute;n reducidos. Ya no hace falta api&ntilde;arse en torno al port&aacute;til. Con un campo visual superancho de 120 grados y una lente con panor&aacute;mica e inclinaci&oacute;n, MeetUp hace perfectamente visibles todos los asientos&hellip;&nbsp;<a href=\"https:\/\/aivlisoft.net\/shop\/producto\/logitech-meetup-webcam-videoconferencing-fps-4k\/\" rel=\"bookmark\"><span class=\"screen-reader-text\">Logitech MeetUp Webcam VideoConferencing fps 4k<\/span><\/a><\/p>\n","protected":false},"featured_media":11268,"template":"","meta":{"neve_meta_sidebar":"","neve_meta_container":"","neve_meta_enable_content_width":"","neve_meta_content_width":0,"neve_meta_title_alignment":"","neve_meta_author_avatar":"","neve_post_elements_order":"","neve_meta_disable_header":"","neve_meta_disable_footer":"","neve_meta_disable_title":""},"product_brand":[],"product_cat":[15,711,8690,8726,4432],"product_tag":[4403],"class_list":{"0":"post-11267","1":"product","2":"type-product","3":"status-publish","4":"has-post-thumbnail","6":"product_cat-sin-categorizar","7":"product_cat-accesorios-videovigilancia","8":"product_cat-accesorios-videovigilancia-accesorios-videovigilancia","9":"product_cat-grabadores-digitales","10":"product_cat-videovigilancia","11":"product_tag-960-001102","13":"first","14":"instock","15":"taxable","16":"shipping-taxable","17":"purchasable","18":"product-type-simple"},"yoast_head":"<!-- This site is optimized with the Yoast SEO plugin v26.0 - https:\/\/yoast.com\/wordpress\/plugins\/seo\/ -->\n<title>Logitech MeetUp Webcam VideoConferencing fps 4k - Aivlisoft Inform\u00e1tica<\/title>\n<meta name=\"robots\" content=\"index, follow, max-snippet:-1, max-image-preview:large, max-video-preview:-1\" \/>\n<link rel=\"canonical\" href=\"https:\/\/aivlisoft.net\/shop\/producto\/logitech-meetup-webcam-videoconferencing-fps-4k\/\" \/>\n<meta property=\"og:locale\" content=\"es_ES\" \/>\n<meta property=\"og:type\" content=\"article\" \/>\n<meta property=\"og:title\" content=\"Logitech MeetUp Webcam VideoConferencing fps 4k - Aivlisoft Inform\u00e1tica\" \/>\n<meta property=\"og:description\" content=\"PERFECTA PARA SALAS PEQUE&Ntilde;AS MeetUp es la mejor c&aacute;mara ConferenceCam de Logitech dise&ntilde;ada para salas de conferencias peque&ntilde;as y para espacios de reuni&oacute;n reducidos. Ya no hace falta api&ntilde;arse en torno al port&aacute;til. Con un campo visual superancho de 120 grados y una lente con panor&aacute;mica e inclinaci&oacute;n, MeetUp hace perfectamente visibles todos los asientos&hellip;&nbsp;Logitech MeetUp Webcam VideoConferencing fps 4k\" \/>\n<meta property=\"og:url\" content=\"https:\/\/aivlisoft.net\/shop\/producto\/logitech-meetup-webcam-videoconferencing-fps-4k\/\" \/>\n<meta property=\"og:site_name\" content=\"Aivlisoft Inform\u00e1tica\" \/>\n<meta property=\"article:modified_time\" content=\"2025-01-15T10:34:33+00:00\" \/>\n<meta property=\"og:image\" content=\"https:\/\/aivlisoft.net\/shop\/wp-content\/uploads\/2025\/01\/FVPCWB0117_800.jpg\" \/>\n\t<meta property=\"og:image:width\" content=\"800\" \/>\n\t<meta property=\"og:image:height\" content=\"800\" \/>\n\t<meta property=\"og:image:type\" content=\"image\/jpeg\" \/>\n<meta name=\"twitter:card\" content=\"summary_large_image\" \/>\n<meta name=\"twitter:label1\" content=\"Tiempo de lectura\" \/>\n\t<meta name=\"twitter:data1\" content=\"3 minutos\" \/>\n<script type=\"application\/ld+json\" class=\"yoast-schema-graph\">{\"@context\":\"https:\/\/schema.org\",\"@graph\":[{\"@type\":\"WebPage\",\"@id\":\"https:\/\/aivlisoft.net\/shop\/producto\/logitech-meetup-webcam-videoconferencing-fps-4k\/\",\"url\":\"https:\/\/aivlisoft.net\/shop\/producto\/logitech-meetup-webcam-videoconferencing-fps-4k\/\",\"name\":\"Logitech MeetUp Webcam VideoConferencing fps 4k - Aivlisoft Inform\u00e1tica\",\"isPartOf\":{\"@id\":\"https:\/\/aivlisoft.net\/shop\/#website\"},\"primaryImageOfPage\":{\"@id\":\"https:\/\/aivlisoft.net\/shop\/producto\/logitech-meetup-webcam-videoconferencing-fps-4k\/#primaryimage\"},\"image\":{\"@id\":\"https:\/\/aivlisoft.net\/shop\/producto\/logitech-meetup-webcam-videoconferencing-fps-4k\/#primaryimage\"},\"thumbnailUrl\":\"https:\/\/aivlisoft.net\/shop\/wp-content\/uploads\/2025\/01\/FVPCWB0117_800.jpg\",\"datePublished\":\"2025-01-13T14:12:52+00:00\",\"dateModified\":\"2025-01-15T10:34:33+00:00\",\"breadcrumb\":{\"@id\":\"https:\/\/aivlisoft.net\/shop\/producto\/logitech-meetup-webcam-videoconferencing-fps-4k\/#breadcrumb\"},\"inLanguage\":\"es\",\"potentialAction\":[{\"@type\":\"ReadAction\",\"target\":[\"https:\/\/aivlisoft.net\/shop\/producto\/logitech-meetup-webcam-videoconferencing-fps-4k\/\"]}]},{\"@type\":\"ImageObject\",\"inLanguage\":\"es\",\"@id\":\"https:\/\/aivlisoft.net\/shop\/producto\/logitech-meetup-webcam-videoconferencing-fps-4k\/#primaryimage\",\"url\":\"https:\/\/aivlisoft.net\/shop\/wp-content\/uploads\/2025\/01\/FVPCWB0117_800.jpg\",\"contentUrl\":\"https:\/\/aivlisoft.net\/shop\/wp-content\/uploads\/2025\/01\/FVPCWB0117_800.jpg\",\"width\":800,\"height\":800},{\"@type\":\"BreadcrumbList\",\"@id\":\"https:\/\/aivlisoft.net\/shop\/producto\/logitech-meetup-webcam-videoconferencing-fps-4k\/#breadcrumb\",\"itemListElement\":[{\"@type\":\"ListItem\",\"position\":1,\"name\":\"Portada\",\"item\":\"https:\/\/aivlisoft.net\/shop\/\"},{\"@type\":\"ListItem\",\"position\":2,\"name\":\"Tienda\",\"item\":\"https:\/\/aivlisoft.net\/shop\/tienda\/\"},{\"@type\":\"ListItem\",\"position\":3,\"name\":\"Logitech MeetUp Webcam VideoConferencing fps 4k\"}]},{\"@type\":\"WebSite\",\"@id\":\"https:\/\/aivlisoft.net\/shop\/#website\",\"url\":\"https:\/\/aivlisoft.net\/shop\/\",\"name\":\"Aivlisoft Inform\u00e1tica\",\"description\":\"En Aivlisoft Inform\u00e1tica ofrecemos soluciones tecnol\u00f3gicas para empresas: venta de ordenadores, consumibles, perif\u00e9ricos y m\u00e1s. Calidad, atenci\u00f3n personalizada y los mejores precios para tu negocio.\",\"publisher\":{\"@id\":\"https:\/\/aivlisoft.net\/shop\/#organization\"},\"potentialAction\":[{\"@type\":\"SearchAction\",\"target\":{\"@type\":\"EntryPoint\",\"urlTemplate\":\"https:\/\/aivlisoft.net\/shop\/?s={search_term_string}\"},\"query-input\":{\"@type\":\"PropertyValueSpecification\",\"valueRequired\":true,\"valueName\":\"search_term_string\"}}],\"inLanguage\":\"es\"},{\"@type\":\"Organization\",\"@id\":\"https:\/\/aivlisoft.net\/shop\/#organization\",\"name\":\"Aivlisoft Inform\u00e1tica\",\"url\":\"https:\/\/aivlisoft.net\/shop\/\",\"logo\":{\"@type\":\"ImageObject\",\"inLanguage\":\"es\",\"@id\":\"https:\/\/aivlisoft.net\/shop\/#\/schema\/logo\/image\/\",\"url\":\"https:\/\/aivlisoft.net\/shop\/wp-content\/uploads\/2024\/12\/removal.ai_5b848c54-0cdf-4140-95c5-c5536bb7573b-logodef.png\",\"contentUrl\":\"https:\/\/aivlisoft.net\/shop\/wp-content\/uploads\/2024\/12\/removal.ai_5b848c54-0cdf-4140-95c5-c5536bb7573b-logodef.png\",\"width\":484,\"height\":182,\"caption\":\"Aivlisoft Inform\u00e1tica\"},\"image\":{\"@id\":\"https:\/\/aivlisoft.net\/shop\/#\/schema\/logo\/image\/\"}}]}<\/script>\n<!-- \/ Yoast SEO plugin. -->","yoast_head_json":{"title":"Logitech MeetUp Webcam VideoConferencing fps 4k - Aivlisoft Inform\u00e1tica","robots":{"index":"index","follow":"follow","max-snippet":"max-snippet:-1","max-image-preview":"max-image-preview:large","max-video-preview":"max-video-preview:-1"},"canonical":"https:\/\/aivlisoft.net\/shop\/producto\/logitech-meetup-webcam-videoconferencing-fps-4k\/","og_locale":"es_ES","og_type":"article","og_title":"Logitech MeetUp Webcam VideoConferencing fps 4k - Aivlisoft Inform\u00e1tica","og_description":"PERFECTA PARA SALAS PEQUE&Ntilde;AS MeetUp es la mejor c&aacute;mara ConferenceCam de Logitech dise&ntilde;ada para salas de conferencias peque&ntilde;as y para espacios de reuni&oacute;n reducidos. Ya no hace falta api&ntilde;arse en torno al port&aacute;til. Con un campo visual superancho de 120 grados y una lente con panor&aacute;mica e inclinaci&oacute;n, MeetUp hace perfectamente visibles todos los asientos&hellip;&nbsp;Logitech MeetUp Webcam VideoConferencing fps 4k","og_url":"https:\/\/aivlisoft.net\/shop\/producto\/logitech-meetup-webcam-videoconferencing-fps-4k\/","og_site_name":"Aivlisoft Inform\u00e1tica","article_modified_time":"2025-01-15T10:34:33+00:00","og_image":[{"width":800,"height":800,"url":"https:\/\/aivlisoft.net\/shop\/wp-content\/uploads\/2025\/01\/FVPCWB0117_800.jpg","type":"image\/jpeg"}],"twitter_card":"summary_large_image","twitter_misc":{"Tiempo de lectura":"3 minutos"},"schema":{"@context":"https:\/\/schema.org","@graph":[{"@type":"WebPage","@id":"https:\/\/aivlisoft.net\/shop\/producto\/logitech-meetup-webcam-videoconferencing-fps-4k\/","url":"https:\/\/aivlisoft.net\/shop\/producto\/logitech-meetup-webcam-videoconferencing-fps-4k\/","name":"Logitech MeetUp Webcam VideoConferencing fps 4k - Aivlisoft Inform\u00e1tica","isPartOf":{"@id":"https:\/\/aivlisoft.net\/shop\/#website"},"primaryImageOfPage":{"@id":"https:\/\/aivlisoft.net\/shop\/producto\/logitech-meetup-webcam-videoconferencing-fps-4k\/#primaryimage"},"image":{"@id":"https:\/\/aivlisoft.net\/shop\/producto\/logitech-meetup-webcam-videoconferencing-fps-4k\/#primaryimage"},"thumbnailUrl":"https:\/\/aivlisoft.net\/shop\/wp-content\/uploads\/2025\/01\/FVPCWB0117_800.jpg","datePublished":"2025-01-13T14:12:52+00:00","dateModified":"2025-01-15T10:34:33+00:00","breadcrumb":{"@id":"https:\/\/aivlisoft.net\/shop\/producto\/logitech-meetup-webcam-videoconferencing-fps-4k\/#breadcrumb"},"inLanguage":"es","potentialAction":[{"@type":"ReadAction","target":["https:\/\/aivlisoft.net\/shop\/producto\/logitech-meetup-webcam-videoconferencing-fps-4k\/"]}]},{"@type":"ImageObject","inLanguage":"es","@id":"https:\/\/aivlisoft.net\/shop\/producto\/logitech-meetup-webcam-videoconferencing-fps-4k\/#primaryimage","url":"https:\/\/aivlisoft.net\/shop\/wp-content\/uploads\/2025\/01\/FVPCWB0117_800.jpg","contentUrl":"https:\/\/aivlisoft.net\/shop\/wp-content\/uploads\/2025\/01\/FVPCWB0117_800.jpg","width":800,"height":800},{"@type":"BreadcrumbList","@id":"https:\/\/aivlisoft.net\/shop\/producto\/logitech-meetup-webcam-videoconferencing-fps-4k\/#breadcrumb","itemListElement":[{"@type":"ListItem","position":1,"name":"Portada","item":"https:\/\/aivlisoft.net\/shop\/"},{"@type":"ListItem","position":2,"name":"Tienda","item":"https:\/\/aivlisoft.net\/shop\/tienda\/"},{"@type":"ListItem","position":3,"name":"Logitech MeetUp Webcam VideoConferencing fps 4k"}]},{"@type":"WebSite","@id":"https:\/\/aivlisoft.net\/shop\/#website","url":"https:\/\/aivlisoft.net\/shop\/","name":"Aivlisoft Inform\u00e1tica","description":"En Aivlisoft Inform\u00e1tica ofrecemos soluciones tecnol\u00f3gicas para empresas: venta de ordenadores, consumibles, perif\u00e9ricos y m\u00e1s. Calidad, atenci\u00f3n personalizada y los mejores precios para tu negocio.","publisher":{"@id":"https:\/\/aivlisoft.net\/shop\/#organization"},"potentialAction":[{"@type":"SearchAction","target":{"@type":"EntryPoint","urlTemplate":"https:\/\/aivlisoft.net\/shop\/?s={search_term_string}"},"query-input":{"@type":"PropertyValueSpecification","valueRequired":true,"valueName":"search_term_string"}}],"inLanguage":"es"},{"@type":"Organization","@id":"https:\/\/aivlisoft.net\/shop\/#organization","name":"Aivlisoft Inform\u00e1tica","url":"https:\/\/aivlisoft.net\/shop\/","logo":{"@type":"ImageObject","inLanguage":"es","@id":"https:\/\/aivlisoft.net\/shop\/#\/schema\/logo\/image\/","url":"https:\/\/aivlisoft.net\/shop\/wp-content\/uploads\/2024\/12\/removal.ai_5b848c54-0cdf-4140-95c5-c5536bb7573b-logodef.png","contentUrl":"https:\/\/aivlisoft.net\/shop\/wp-content\/uploads\/2024\/12\/removal.ai_5b848c54-0cdf-4140-95c5-c5536bb7573b-logodef.png","width":484,"height":182,"caption":"Aivlisoft Inform\u00e1tica"},"image":{"@id":"https:\/\/aivlisoft.net\/shop\/#\/schema\/logo\/image\/"}}]}},"_links":{"self":[{"href":"https:\/\/aivlisoft.net\/shop\/wp-json\/wp\/v2\/product\/11267","targetHints":{"allow":["GET"]}}],"collection":[{"href":"https:\/\/aivlisoft.net\/shop\/wp-json\/wp\/v2\/product"}],"about":[{"href":"https:\/\/aivlisoft.net\/shop\/wp-json\/wp\/v2\/types\/product"}],"wp:featuredmedia":[{"embeddable":true,"href":"https:\/\/aivlisoft.net\/shop\/wp-json\/wp\/v2\/media\/11268"}],"wp:attachment":[{"href":"https:\/\/aivlisoft.net\/shop\/wp-json\/wp\/v2\/media?parent=11267"}],"wp:term":[{"taxonomy":"product_brand","embeddable":true,"href":"https:\/\/aivlisoft.net\/shop\/wp-json\/wp\/v2\/product_brand?post=11267"},{"taxonomy":"product_cat","embeddable":true,"href":"https:\/\/aivlisoft.net\/shop\/wp-json\/wp\/v2\/product_cat?post=11267"},{"taxonomy":"product_tag","embeddable":true,"href":"https:\/\/aivlisoft.net\/shop\/wp-json\/wp\/v2\/product_tag?post=11267"}],"curies":[{"name":"wp","href":"https:\/\/api.w.org\/{rel}","templated":true}]}}