{"id":11265,"date":"2025-01-13T14:12:51","date_gmt":"2025-01-13T14:12:51","guid":{"rendered":"https:\/\/aivlisoft.com\/?post_type=product&#038;p=11265"},"modified":"2025-01-15T10:34:34","modified_gmt":"2025-01-15T10:34:34","slug":"logitech-webcam-c925-usb-2-0-1920-x-1080-auto-foc","status":"publish","type":"product","link":"https:\/\/aivlisoft.net\/shop\/producto\/logitech-webcam-c925-usb-2-0-1920-x-1080-auto-foc\/","title":{"rendered":"Logitech Webcam C925  USB 2.0 1920 x 1080 Auto-foc"},"content":{"rendered":"<p><\/p>\n<table class=\"tabla_caracteristicas k-table\" width=\"100%\">\n<tbody>\n<tr>\n<td><strong>Marca<\/strong><\/td>\n<td>Logitech<\/td>\n<\/tr>\n<tr>\n<td valign=\"top\"><strong>Modelo<\/strong><\/td>\n<td><strong>960-001076<\/strong><\/td>\n<\/tr>\n<tr>\n<td valign=\"top\"><strong>Caracter&iacute;sticas<\/strong><\/td>\n<td><strong>Dimensiones<\/strong><br \/>Sin clip ni cable:<br \/>&#8211; Alt x An x Prof: 29 mm x 126 mm x 32 mm<br \/>Con clip y cable:<br \/>&#8211; Alt x An x Prof: 73 mm x 126 mm x 45 mm<br \/>Peso con clip y cable:<br \/>&#8211; 170 g<br \/><strong>Compatibilidad:<\/strong><br \/>&#8211; Windows&reg; 7, Windows 8 o Windows 10<br \/>&#8211; Mac OS X 10.7 o posterior<br \/>&#8211; SUSE Linux&reg; 11 SP2 (para Cisco&reg; VXC6215)<br \/>&#8211; (la c&aacute;mara Web funciona como un dispositivo Plug and Play est&aacute;ndar)<br \/><strong>Conformidad:<\/strong><br \/>&#8211; FCC<br \/>&#8211; CE<br \/>&#8211; UL<br \/>&#8211; TUV-T<br \/>&#8211; RUSP (RoHS)<br \/>&#8211; RAEE (WEEE)<br \/><strong>Certificaciones<\/strong><br \/>&#8211; Optimizaci&oacute;n para Microsoft&reg; Lync&reg;<br \/>&#8211; Certificaci&oacute;n para Skype for Business<br \/>&#8211; Certificaci&oacute;n para Skype&trade;<br \/>&#8211; Compatibilidad con Cisco Jabber&reg; y WebEx&reg;<br \/><strong>Especificaciones<\/strong><br \/>&#8211; Videoconferencias 1080p a 30 fotogramas por segundo (hasta 1920 x 1080 p&iacute;xeles)<br \/>&#8211; 720p con clientes compatibles<br \/>&#8211; Tapa de privacidad integrada<br \/>&#8211; Compresi&oacute;n de v&iacute;deo H.264<br \/>&#8211; Enfoque autom&aacute;tico<br \/>&#8211; Micr&oacute;fonos est&eacute;reo integrados con reducci&oacute;n de ruido autom&aacute;tica<br \/>&#8211; Correcci&oacute;n autom&aacute;tica de iluminaci&oacute;n escasa<br \/>&#8211; Certificaci&oacute;n USB 2.0 de alta velocidad (compatible con USB 3.0)<br \/>&#8211; Clip universal compatible con tr&iacute;podes para monitores LCD, CRT o port&aacute;tiles<\/td>\n<\/tr>\n<tr>\n<td><strong>Fecha de revisi&oacute;n<\/strong><\/td>\n<td>16-12-2016 por MSB<\/td>\n<\/tr>\n<\/tbody>\n<\/table>\n","protected":false},"excerpt":{"rendered":"<p>Marca Logitech Modelo 960-001076 Caracter&iacute;sticas DimensionesSin clip ni cable:&#8211; Alt x An x Prof: 29 mm x 126 mm x 32 mmCon clip y cable:&#8211; Alt x An x Prof: 73 mm x 126 mm x 45 mmPeso con clip y cable:&#8211; 170 gCompatibilidad:&#8211; Windows&reg; 7, Windows 8 o Windows 10&#8211; Mac OS X 10.7&hellip;&nbsp;<a href=\"https:\/\/aivlisoft.net\/shop\/producto\/logitech-webcam-c925-usb-2-0-1920-x-1080-auto-foc\/\" rel=\"bookmark\"><span class=\"screen-reader-text\">Logitech Webcam C925  USB 2.0 1920 x 1080 Auto-foc<\/span><\/a><\/p>\n","protected":false},"featured_media":11266,"template":"","meta":{"neve_meta_sidebar":"","neve_meta_container":"","neve_meta_enable_content_width":"","neve_meta_content_width":0,"neve_meta_title_alignment":"","neve_meta_author_avatar":"","neve_post_elements_order":"","neve_meta_disable_header":"","neve_meta_disable_footer":"","neve_meta_disable_title":""},"product_brand":[],"product_cat":[15,711,8690,8726,4432],"product_tag":[4401],"class_list":{"0":"post-11265","1":"product","2":"type-product","3":"status-publish","4":"has-post-thumbnail","6":"product_cat-sin-categorizar","7":"product_cat-accesorios-videovigilancia","8":"product_cat-accesorios-videovigilancia-accesorios-videovigilancia","9":"product_cat-grabadores-digitales","10":"product_cat-videovigilancia","11":"product_tag-960-001076","13":"first","14":"instock","15":"taxable","16":"shipping-taxable","17":"purchasable","18":"product-type-simple"},"yoast_head":"<!-- This site is optimized with the Yoast SEO plugin v26.0 - https:\/\/yoast.com\/wordpress\/plugins\/seo\/ -->\n<title>Logitech Webcam C925 USB 2.0 1920 x 1080 Auto-foc - Aivlisoft Inform\u00e1tica<\/title>\n<meta name=\"robots\" content=\"index, follow, max-snippet:-1, max-image-preview:large, max-video-preview:-1\" \/>\n<link rel=\"canonical\" href=\"https:\/\/aivlisoft.net\/shop\/producto\/logitech-webcam-c925-usb-2-0-1920-x-1080-auto-foc\/\" \/>\n<meta property=\"og:locale\" content=\"es_ES\" \/>\n<meta property=\"og:type\" content=\"article\" \/>\n<meta property=\"og:title\" content=\"Logitech Webcam C925 USB 2.0 1920 x 1080 Auto-foc - Aivlisoft Inform\u00e1tica\" \/>\n<meta property=\"og:description\" content=\"Marca Logitech Modelo 960-001076 Caracter&iacute;sticas DimensionesSin clip ni cable:&#8211; Alt x An x Prof: 29 mm x 126 mm x 32 mmCon clip y cable:&#8211; Alt x An x Prof: 73 mm x 126 mm x 45 mmPeso con clip y cable:&#8211; 170 gCompatibilidad:&#8211; Windows&reg; 7, Windows 8 o Windows 10&#8211; Mac OS X 10.7&hellip;&nbsp;Logitech Webcam C925 USB 2.0 1920 x 1080 Auto-foc\" \/>\n<meta property=\"og:url\" content=\"https:\/\/aivlisoft.net\/shop\/producto\/logitech-webcam-c925-usb-2-0-1920-x-1080-auto-foc\/\" \/>\n<meta property=\"og:site_name\" content=\"Aivlisoft Inform\u00e1tica\" \/>\n<meta property=\"article:modified_time\" content=\"2025-01-15T10:34:34+00:00\" \/>\n<meta property=\"og:image\" content=\"https:\/\/aivlisoft.net\/shop\/wp-content\/uploads\/2025\/01\/FVPCWB0112_800.jpg\" \/>\n\t<meta property=\"og:image:width\" content=\"800\" \/>\n\t<meta property=\"og:image:height\" content=\"800\" \/>\n\t<meta property=\"og:image:type\" content=\"image\/jpeg\" \/>\n<meta name=\"twitter:card\" content=\"summary_large_image\" \/>\n<meta name=\"twitter:label1\" content=\"Tiempo de lectura\" \/>\n\t<meta name=\"twitter:data1\" content=\"1 minuto\" \/>\n<script type=\"application\/ld+json\" class=\"yoast-schema-graph\">{\"@context\":\"https:\/\/schema.org\",\"@graph\":[{\"@type\":\"WebPage\",\"@id\":\"https:\/\/aivlisoft.net\/shop\/producto\/logitech-webcam-c925-usb-2-0-1920-x-1080-auto-foc\/\",\"url\":\"https:\/\/aivlisoft.net\/shop\/producto\/logitech-webcam-c925-usb-2-0-1920-x-1080-auto-foc\/\",\"name\":\"Logitech Webcam C925 USB 2.0 1920 x 1080 Auto-foc - Aivlisoft Inform\u00e1tica\",\"isPartOf\":{\"@id\":\"https:\/\/aivlisoft.net\/shop\/#website\"},\"primaryImageOfPage\":{\"@id\":\"https:\/\/aivlisoft.net\/shop\/producto\/logitech-webcam-c925-usb-2-0-1920-x-1080-auto-foc\/#primaryimage\"},\"image\":{\"@id\":\"https:\/\/aivlisoft.net\/shop\/producto\/logitech-webcam-c925-usb-2-0-1920-x-1080-auto-foc\/#primaryimage\"},\"thumbnailUrl\":\"https:\/\/aivlisoft.net\/shop\/wp-content\/uploads\/2025\/01\/FVPCWB0112_800.jpg\",\"datePublished\":\"2025-01-13T14:12:51+00:00\",\"dateModified\":\"2025-01-15T10:34:34+00:00\",\"breadcrumb\":{\"@id\":\"https:\/\/aivlisoft.net\/shop\/producto\/logitech-webcam-c925-usb-2-0-1920-x-1080-auto-foc\/#breadcrumb\"},\"inLanguage\":\"es\",\"potentialAction\":[{\"@type\":\"ReadAction\",\"target\":[\"https:\/\/aivlisoft.net\/shop\/producto\/logitech-webcam-c925-usb-2-0-1920-x-1080-auto-foc\/\"]}]},{\"@type\":\"ImageObject\",\"inLanguage\":\"es\",\"@id\":\"https:\/\/aivlisoft.net\/shop\/producto\/logitech-webcam-c925-usb-2-0-1920-x-1080-auto-foc\/#primaryimage\",\"url\":\"https:\/\/aivlisoft.net\/shop\/wp-content\/uploads\/2025\/01\/FVPCWB0112_800.jpg\",\"contentUrl\":\"https:\/\/aivlisoft.net\/shop\/wp-content\/uploads\/2025\/01\/FVPCWB0112_800.jpg\",\"width\":800,\"height\":800},{\"@type\":\"BreadcrumbList\",\"@id\":\"https:\/\/aivlisoft.net\/shop\/producto\/logitech-webcam-c925-usb-2-0-1920-x-1080-auto-foc\/#breadcrumb\",\"itemListElement\":[{\"@type\":\"ListItem\",\"position\":1,\"name\":\"Portada\",\"item\":\"https:\/\/aivlisoft.net\/shop\/\"},{\"@type\":\"ListItem\",\"position\":2,\"name\":\"Tienda\",\"item\":\"https:\/\/aivlisoft.net\/shop\/tienda\/\"},{\"@type\":\"ListItem\",\"position\":3,\"name\":\"Logitech Webcam C925 USB 2.0 1920 x 1080 Auto-foc\"}]},{\"@type\":\"WebSite\",\"@id\":\"https:\/\/aivlisoft.net\/shop\/#website\",\"url\":\"https:\/\/aivlisoft.net\/shop\/\",\"name\":\"Aivlisoft Inform\u00e1tica\",\"description\":\"En Aivlisoft Inform\u00e1tica ofrecemos soluciones tecnol\u00f3gicas para empresas: venta de ordenadores, consumibles, perif\u00e9ricos y m\u00e1s. Calidad, atenci\u00f3n personalizada y los mejores precios para tu negocio.\",\"publisher\":{\"@id\":\"https:\/\/aivlisoft.net\/shop\/#organization\"},\"potentialAction\":[{\"@type\":\"SearchAction\",\"target\":{\"@type\":\"EntryPoint\",\"urlTemplate\":\"https:\/\/aivlisoft.net\/shop\/?s={search_term_string}\"},\"query-input\":{\"@type\":\"PropertyValueSpecification\",\"valueRequired\":true,\"valueName\":\"search_term_string\"}}],\"inLanguage\":\"es\"},{\"@type\":\"Organization\",\"@id\":\"https:\/\/aivlisoft.net\/shop\/#organization\",\"name\":\"Aivlisoft Inform\u00e1tica\",\"url\":\"https:\/\/aivlisoft.net\/shop\/\",\"logo\":{\"@type\":\"ImageObject\",\"inLanguage\":\"es\",\"@id\":\"https:\/\/aivlisoft.net\/shop\/#\/schema\/logo\/image\/\",\"url\":\"https:\/\/aivlisoft.net\/shop\/wp-content\/uploads\/2024\/12\/removal.ai_5b848c54-0cdf-4140-95c5-c5536bb7573b-logodef.png\",\"contentUrl\":\"https:\/\/aivlisoft.net\/shop\/wp-content\/uploads\/2024\/12\/removal.ai_5b848c54-0cdf-4140-95c5-c5536bb7573b-logodef.png\",\"width\":484,\"height\":182,\"caption\":\"Aivlisoft Inform\u00e1tica\"},\"image\":{\"@id\":\"https:\/\/aivlisoft.net\/shop\/#\/schema\/logo\/image\/\"}}]}<\/script>\n<!-- \/ Yoast SEO plugin. -->","yoast_head_json":{"title":"Logitech Webcam C925 USB 2.0 1920 x 1080 Auto-foc - Aivlisoft Inform\u00e1tica","robots":{"index":"index","follow":"follow","max-snippet":"max-snippet:-1","max-image-preview":"max-image-preview:large","max-video-preview":"max-video-preview:-1"},"canonical":"https:\/\/aivlisoft.net\/shop\/producto\/logitech-webcam-c925-usb-2-0-1920-x-1080-auto-foc\/","og_locale":"es_ES","og_type":"article","og_title":"Logitech Webcam C925 USB 2.0 1920 x 1080 Auto-foc - Aivlisoft Inform\u00e1tica","og_description":"Marca Logitech Modelo 960-001076 Caracter&iacute;sticas DimensionesSin clip ni cable:&#8211; Alt x An x Prof: 29 mm x 126 mm x 32 mmCon clip y cable:&#8211; Alt x An x Prof: 73 mm x 126 mm x 45 mmPeso con clip y cable:&#8211; 170 gCompatibilidad:&#8211; Windows&reg; 7, Windows 8 o Windows 10&#8211; Mac OS X 10.7&hellip;&nbsp;Logitech Webcam C925 USB 2.0 1920 x 1080 Auto-foc","og_url":"https:\/\/aivlisoft.net\/shop\/producto\/logitech-webcam-c925-usb-2-0-1920-x-1080-auto-foc\/","og_site_name":"Aivlisoft Inform\u00e1tica","article_modified_time":"2025-01-15T10:34:34+00:00","og_image":[{"width":800,"height":800,"url":"https:\/\/aivlisoft.net\/shop\/wp-content\/uploads\/2025\/01\/FVPCWB0112_800.jpg","type":"image\/jpeg"}],"twitter_card":"summary_large_image","twitter_misc":{"Tiempo de lectura":"1 minuto"},"schema":{"@context":"https:\/\/schema.org","@graph":[{"@type":"WebPage","@id":"https:\/\/aivlisoft.net\/shop\/producto\/logitech-webcam-c925-usb-2-0-1920-x-1080-auto-foc\/","url":"https:\/\/aivlisoft.net\/shop\/producto\/logitech-webcam-c925-usb-2-0-1920-x-1080-auto-foc\/","name":"Logitech Webcam C925 USB 2.0 1920 x 1080 Auto-foc - Aivlisoft Inform\u00e1tica","isPartOf":{"@id":"https:\/\/aivlisoft.net\/shop\/#website"},"primaryImageOfPage":{"@id":"https:\/\/aivlisoft.net\/shop\/producto\/logitech-webcam-c925-usb-2-0-1920-x-1080-auto-foc\/#primaryimage"},"image":{"@id":"https:\/\/aivlisoft.net\/shop\/producto\/logitech-webcam-c925-usb-2-0-1920-x-1080-auto-foc\/#primaryimage"},"thumbnailUrl":"https:\/\/aivlisoft.net\/shop\/wp-content\/uploads\/2025\/01\/FVPCWB0112_800.jpg","datePublished":"2025-01-13T14:12:51+00:00","dateModified":"2025-01-15T10:34:34+00:00","breadcrumb":{"@id":"https:\/\/aivlisoft.net\/shop\/producto\/logitech-webcam-c925-usb-2-0-1920-x-1080-auto-foc\/#breadcrumb"},"inLanguage":"es","potentialAction":[{"@type":"ReadAction","target":["https:\/\/aivlisoft.net\/shop\/producto\/logitech-webcam-c925-usb-2-0-1920-x-1080-auto-foc\/"]}]},{"@type":"ImageObject","inLanguage":"es","@id":"https:\/\/aivlisoft.net\/shop\/producto\/logitech-webcam-c925-usb-2-0-1920-x-1080-auto-foc\/#primaryimage","url":"https:\/\/aivlisoft.net\/shop\/wp-content\/uploads\/2025\/01\/FVPCWB0112_800.jpg","contentUrl":"https:\/\/aivlisoft.net\/shop\/wp-content\/uploads\/2025\/01\/FVPCWB0112_800.jpg","width":800,"height":800},{"@type":"BreadcrumbList","@id":"https:\/\/aivlisoft.net\/shop\/producto\/logitech-webcam-c925-usb-2-0-1920-x-1080-auto-foc\/#breadcrumb","itemListElement":[{"@type":"ListItem","position":1,"name":"Portada","item":"https:\/\/aivlisoft.net\/shop\/"},{"@type":"ListItem","position":2,"name":"Tienda","item":"https:\/\/aivlisoft.net\/shop\/tienda\/"},{"@type":"ListItem","position":3,"name":"Logitech Webcam C925 USB 2.0 1920 x 1080 Auto-foc"}]},{"@type":"WebSite","@id":"https:\/\/aivlisoft.net\/shop\/#website","url":"https:\/\/aivlisoft.net\/shop\/","name":"Aivlisoft Inform\u00e1tica","description":"En Aivlisoft Inform\u00e1tica ofrecemos soluciones tecnol\u00f3gicas para empresas: venta de ordenadores, consumibles, perif\u00e9ricos y m\u00e1s. Calidad, atenci\u00f3n personalizada y los mejores precios para tu negocio.","publisher":{"@id":"https:\/\/aivlisoft.net\/shop\/#organization"},"potentialAction":[{"@type":"SearchAction","target":{"@type":"EntryPoint","urlTemplate":"https:\/\/aivlisoft.net\/shop\/?s={search_term_string}"},"query-input":{"@type":"PropertyValueSpecification","valueRequired":true,"valueName":"search_term_string"}}],"inLanguage":"es"},{"@type":"Organization","@id":"https:\/\/aivlisoft.net\/shop\/#organization","name":"Aivlisoft Inform\u00e1tica","url":"https:\/\/aivlisoft.net\/shop\/","logo":{"@type":"ImageObject","inLanguage":"es","@id":"https:\/\/aivlisoft.net\/shop\/#\/schema\/logo\/image\/","url":"https:\/\/aivlisoft.net\/shop\/wp-content\/uploads\/2024\/12\/removal.ai_5b848c54-0cdf-4140-95c5-c5536bb7573b-logodef.png","contentUrl":"https:\/\/aivlisoft.net\/shop\/wp-content\/uploads\/2024\/12\/removal.ai_5b848c54-0cdf-4140-95c5-c5536bb7573b-logodef.png","width":484,"height":182,"caption":"Aivlisoft Inform\u00e1tica"},"image":{"@id":"https:\/\/aivlisoft.net\/shop\/#\/schema\/logo\/image\/"}}]}},"_links":{"self":[{"href":"https:\/\/aivlisoft.net\/shop\/wp-json\/wp\/v2\/product\/11265","targetHints":{"allow":["GET"]}}],"collection":[{"href":"https:\/\/aivlisoft.net\/shop\/wp-json\/wp\/v2\/product"}],"about":[{"href":"https:\/\/aivlisoft.net\/shop\/wp-json\/wp\/v2\/types\/product"}],"wp:featuredmedia":[{"embeddable":true,"href":"https:\/\/aivlisoft.net\/shop\/wp-json\/wp\/v2\/media\/11266"}],"wp:attachment":[{"href":"https:\/\/aivlisoft.net\/shop\/wp-json\/wp\/v2\/media?parent=11265"}],"wp:term":[{"taxonomy":"product_brand","embeddable":true,"href":"https:\/\/aivlisoft.net\/shop\/wp-json\/wp\/v2\/product_brand?post=11265"},{"taxonomy":"product_cat","embeddable":true,"href":"https:\/\/aivlisoft.net\/shop\/wp-json\/wp\/v2\/product_cat?post=11265"},{"taxonomy":"product_tag","embeddable":true,"href":"https:\/\/aivlisoft.net\/shop\/wp-json\/wp\/v2\/product_tag?post=11265"}],"curies":[{"name":"wp","href":"https:\/\/api.w.org\/{rel}","templated":true}]}}