{"id":11260,"date":"2025-01-13T14:12:49","date_gmt":"2025-01-13T14:12:49","guid":{"rendered":"https:\/\/aivlisoft.com\/?post_type=product&#038;p=11260"},"modified":"2025-01-15T10:34:35","modified_gmt":"2025-01-15T10:34:35","slug":"logitech-webcam-c922-960-001088-strem-cam-usb","status":"publish","type":"product","link":"https:\/\/aivlisoft.net\/shop\/producto\/logitech-webcam-c922-960-001088-strem-cam-usb\/","title":{"rendered":"Logitech Webcam C922 960-001088 Strem Cam USB"},"content":{"rendered":"<p><strong>Optimizada para streaming y grabaci&oacute;n<\/strong><br \/>Conexi&oacute;n extremadamente n&iacute;tida en directo para canales como Twitch y YouTube. Haz streaming de lo que quieras y elige entre 1080p o fluidez HD de 720p a 60 fps. Difunde tu juego en Full HD con combinaci&oacute;n de fondo integrada (mediante tecnolog&iacute;a Personify), fiable audio sin interrupciones, enfoque autom&aacute;tico y un campo de visi&oacute;n de 78 grados. Incluye una licencia premium de XSplit gratis con 3 meses de validez.<\/p>\n<p><strong>Streaming Full HD 1080p a 30 fps \/ 720p a 60 fps<\/strong><br \/>Haz streaming y graba expresivos clips de v&iacute;deo HD 1080p reales como la vida misma que capturan hasta el m&aacute;s m&iacute;nimo detalle. Acelera las cargas con H.264, una tecnolog&iacute;a de compresi&oacute;n avanzada que requiere menos ancho de banda de red.<\/p>\n<p><strong>Combinaci&oacute;n de fondo personalizable<\/strong><br \/>Tecnolog&iacute;a Personify<br \/>Integra im&aacute;genes en directo durante la difusi&oacute;n e interact&uacute;a con tu audiencia. Esta avanzada funci&oacute;n integrada te permite crear un tema visual para juegos y destacar entre la multitud.<\/p>\n<p><strong>Correcci&oacute;n autom&aacute;tica de iluminaci&oacute;n escasa<\/strong><br \/>Stream de v&iacute;deo n&iacute;tido incluso con poca luz. El v&iacute;deo se ajusta autom&aacute;ticamente para compensar el parpadeo de las luces de la habitaci&oacute;n o de varias pantallas de ordenador.<\/p>\n<p><strong>Captura audio est&eacute;reo desde cualquier &aacute;ngulo<\/strong><br \/>Dos micr&oacute;fonos omnidireccionales aseguran la nitidez del streaming sin interrupciones y el v&iacute;deo grabado.<\/p>\n<table class=\"tabla_caracteristicas k-table\" width=\"100%\">\n<tbody>\n<tr>\n<td><strong>Marca<\/strong><\/td>\n<td>Logitech<\/td>\n<\/tr>\n<tr>\n<td valign=\"top\"><strong>Modelo<\/strong><\/td>\n<td><strong>960-001088<\/strong><\/td>\n<\/tr>\n<tr>\n<td valign=\"top\"><strong>Caracter&iacute;sticas<\/strong><\/td>\n<td>&#8211; Resoluci&oacute;n: FHD 1080p a 30fps \/ 720p a 60fps<br \/>&#8211; Longitud del cable: 1.8 m<br \/><strong>Dimensiones<\/strong><br \/>Sin clip:<br \/>&#8211; Alt x An x Prof: 29 mm x 95 mm x 24 mm<br \/>Con clip:<br \/>&#8211; Alt x An x Prof: 44 mm x 95 mm x 71 mm<br \/>Peso con clip y cable:<br \/>&#8211; 162 g<br \/><strong>Compatibilidad<\/strong><br \/>&#8211; Windows&reg; 7, Windows 8 o Windows 10<br \/>&#8211; Mac OS X 10.9 o posterior<br \/>&#8211; Chrome OS&trade;<br \/>&#8211; Android&trade; v5.0 o posterior<br \/>&#8211; Puerto USB<br \/><strong>Funciona con<\/strong><br \/>&#8211; XSplit<br \/>&#8211; OBS<br \/><strong>Contenido<\/strong><br \/>&#8211; C&aacute;mara Web<br \/>&#8211; Tr&iacute;pode<br \/>&#8211; Documentaci&oacute;n del usuario<br \/>&#8211; Licencia premium de XSplit gratis con 3 meses de validez<\/td>\n<\/tr>\n<tr>\n<td><strong>Fecha de revisi&oacute;n<\/strong><\/td>\n<td>16-12-2016 por MSB<\/td>\n<\/tr>\n<\/tbody>\n<\/table>\n","protected":false},"excerpt":{"rendered":"<p>Optimizada para streaming y grabaci&oacute;nConexi&oacute;n extremadamente n&iacute;tida en directo para canales como Twitch y YouTube. Haz streaming de lo que quieras y elige entre 1080p o fluidez HD de 720p a 60 fps. Difunde tu juego en Full HD con combinaci&oacute;n de fondo integrada (mediante tecnolog&iacute;a Personify), fiable audio sin interrupciones, enfoque autom&aacute;tico y un&hellip;&nbsp;<a href=\"https:\/\/aivlisoft.net\/shop\/producto\/logitech-webcam-c922-960-001088-strem-cam-usb\/\" rel=\"bookmark\"><span class=\"screen-reader-text\">Logitech Webcam C922 960-001088 Strem Cam USB<\/span><\/a><\/p>\n","protected":false},"featured_media":11261,"template":"","meta":{"neve_meta_sidebar":"","neve_meta_container":"","neve_meta_enable_content_width":"","neve_meta_content_width":0,"neve_meta_title_alignment":"","neve_meta_author_avatar":"","neve_post_elements_order":"","neve_meta_disable_header":"","neve_meta_disable_footer":"","neve_meta_disable_title":""},"product_brand":[],"product_cat":[15,711,8690,8726,4432],"product_tag":[4400],"class_list":{"0":"post-11260","1":"product","2":"type-product","3":"status-publish","4":"has-post-thumbnail","6":"product_cat-sin-categorizar","7":"product_cat-accesorios-videovigilancia","8":"product_cat-accesorios-videovigilancia-accesorios-videovigilancia","9":"product_cat-grabadores-digitales","10":"product_cat-videovigilancia","11":"product_tag-960-001088","13":"first","14":"instock","15":"taxable","16":"shipping-taxable","17":"purchasable","18":"product-type-simple"},"yoast_head":"<!-- This site is optimized with the Yoast SEO plugin v26.0 - https:\/\/yoast.com\/wordpress\/plugins\/seo\/ -->\n<title>Logitech Webcam C922 960-001088 Strem Cam USB - Aivlisoft Inform\u00e1tica<\/title>\n<meta name=\"robots\" content=\"index, follow, max-snippet:-1, max-image-preview:large, max-video-preview:-1\" \/>\n<link rel=\"canonical\" href=\"https:\/\/aivlisoft.net\/shop\/producto\/logitech-webcam-c922-960-001088-strem-cam-usb\/\" \/>\n<meta property=\"og:locale\" content=\"es_ES\" \/>\n<meta property=\"og:type\" content=\"article\" \/>\n<meta property=\"og:title\" content=\"Logitech Webcam C922 960-001088 Strem Cam USB - Aivlisoft Inform\u00e1tica\" \/>\n<meta property=\"og:description\" content=\"Optimizada para streaming y grabaci&oacute;nConexi&oacute;n extremadamente n&iacute;tida en directo para canales como Twitch y YouTube. Haz streaming de lo que quieras y elige entre 1080p o fluidez HD de 720p a 60 fps. Difunde tu juego en Full HD con combinaci&oacute;n de fondo integrada (mediante tecnolog&iacute;a Personify), fiable audio sin interrupciones, enfoque autom&aacute;tico y un&hellip;&nbsp;Logitech Webcam C922 960-001088 Strem Cam USB\" \/>\n<meta property=\"og:url\" content=\"https:\/\/aivlisoft.net\/shop\/producto\/logitech-webcam-c922-960-001088-strem-cam-usb\/\" \/>\n<meta property=\"og:site_name\" content=\"Aivlisoft Inform\u00e1tica\" \/>\n<meta property=\"article:modified_time\" content=\"2025-01-15T10:34:35+00:00\" \/>\n<meta property=\"og:image\" content=\"https:\/\/aivlisoft.net\/shop\/wp-content\/uploads\/2025\/01\/FVPCWB0111_800.jpg\" \/>\n\t<meta property=\"og:image:width\" content=\"800\" \/>\n\t<meta property=\"og:image:height\" content=\"800\" \/>\n\t<meta property=\"og:image:type\" content=\"image\/jpeg\" \/>\n<meta name=\"twitter:card\" content=\"summary_large_image\" \/>\n<meta name=\"twitter:label1\" content=\"Tiempo de lectura\" \/>\n\t<meta name=\"twitter:data1\" content=\"2 minutos\" \/>\n<script type=\"application\/ld+json\" class=\"yoast-schema-graph\">{\"@context\":\"https:\/\/schema.org\",\"@graph\":[{\"@type\":\"WebPage\",\"@id\":\"https:\/\/aivlisoft.net\/shop\/producto\/logitech-webcam-c922-960-001088-strem-cam-usb\/\",\"url\":\"https:\/\/aivlisoft.net\/shop\/producto\/logitech-webcam-c922-960-001088-strem-cam-usb\/\",\"name\":\"Logitech Webcam C922 960-001088 Strem Cam USB - Aivlisoft Inform\u00e1tica\",\"isPartOf\":{\"@id\":\"https:\/\/aivlisoft.net\/shop\/#website\"},\"primaryImageOfPage\":{\"@id\":\"https:\/\/aivlisoft.net\/shop\/producto\/logitech-webcam-c922-960-001088-strem-cam-usb\/#primaryimage\"},\"image\":{\"@id\":\"https:\/\/aivlisoft.net\/shop\/producto\/logitech-webcam-c922-960-001088-strem-cam-usb\/#primaryimage\"},\"thumbnailUrl\":\"https:\/\/aivlisoft.net\/shop\/wp-content\/uploads\/2025\/01\/FVPCWB0111_800.jpg\",\"datePublished\":\"2025-01-13T14:12:49+00:00\",\"dateModified\":\"2025-01-15T10:34:35+00:00\",\"breadcrumb\":{\"@id\":\"https:\/\/aivlisoft.net\/shop\/producto\/logitech-webcam-c922-960-001088-strem-cam-usb\/#breadcrumb\"},\"inLanguage\":\"es\",\"potentialAction\":[{\"@type\":\"ReadAction\",\"target\":[\"https:\/\/aivlisoft.net\/shop\/producto\/logitech-webcam-c922-960-001088-strem-cam-usb\/\"]}]},{\"@type\":\"ImageObject\",\"inLanguage\":\"es\",\"@id\":\"https:\/\/aivlisoft.net\/shop\/producto\/logitech-webcam-c922-960-001088-strem-cam-usb\/#primaryimage\",\"url\":\"https:\/\/aivlisoft.net\/shop\/wp-content\/uploads\/2025\/01\/FVPCWB0111_800.jpg\",\"contentUrl\":\"https:\/\/aivlisoft.net\/shop\/wp-content\/uploads\/2025\/01\/FVPCWB0111_800.jpg\",\"width\":800,\"height\":800},{\"@type\":\"BreadcrumbList\",\"@id\":\"https:\/\/aivlisoft.net\/shop\/producto\/logitech-webcam-c922-960-001088-strem-cam-usb\/#breadcrumb\",\"itemListElement\":[{\"@type\":\"ListItem\",\"position\":1,\"name\":\"Portada\",\"item\":\"https:\/\/aivlisoft.net\/shop\/\"},{\"@type\":\"ListItem\",\"position\":2,\"name\":\"Tienda\",\"item\":\"https:\/\/aivlisoft.net\/shop\/tienda\/\"},{\"@type\":\"ListItem\",\"position\":3,\"name\":\"Logitech Webcam C922 960-001088 Strem Cam USB\"}]},{\"@type\":\"WebSite\",\"@id\":\"https:\/\/aivlisoft.net\/shop\/#website\",\"url\":\"https:\/\/aivlisoft.net\/shop\/\",\"name\":\"Aivlisoft Inform\u00e1tica\",\"description\":\"En Aivlisoft Inform\u00e1tica ofrecemos soluciones tecnol\u00f3gicas para empresas: venta de ordenadores, consumibles, perif\u00e9ricos y m\u00e1s. Calidad, atenci\u00f3n personalizada y los mejores precios para tu negocio.\",\"publisher\":{\"@id\":\"https:\/\/aivlisoft.net\/shop\/#organization\"},\"potentialAction\":[{\"@type\":\"SearchAction\",\"target\":{\"@type\":\"EntryPoint\",\"urlTemplate\":\"https:\/\/aivlisoft.net\/shop\/?s={search_term_string}\"},\"query-input\":{\"@type\":\"PropertyValueSpecification\",\"valueRequired\":true,\"valueName\":\"search_term_string\"}}],\"inLanguage\":\"es\"},{\"@type\":\"Organization\",\"@id\":\"https:\/\/aivlisoft.net\/shop\/#organization\",\"name\":\"Aivlisoft Inform\u00e1tica\",\"url\":\"https:\/\/aivlisoft.net\/shop\/\",\"logo\":{\"@type\":\"ImageObject\",\"inLanguage\":\"es\",\"@id\":\"https:\/\/aivlisoft.net\/shop\/#\/schema\/logo\/image\/\",\"url\":\"https:\/\/aivlisoft.net\/shop\/wp-content\/uploads\/2024\/12\/removal.ai_5b848c54-0cdf-4140-95c5-c5536bb7573b-logodef.png\",\"contentUrl\":\"https:\/\/aivlisoft.net\/shop\/wp-content\/uploads\/2024\/12\/removal.ai_5b848c54-0cdf-4140-95c5-c5536bb7573b-logodef.png\",\"width\":484,\"height\":182,\"caption\":\"Aivlisoft Inform\u00e1tica\"},\"image\":{\"@id\":\"https:\/\/aivlisoft.net\/shop\/#\/schema\/logo\/image\/\"}}]}<\/script>\n<!-- \/ Yoast SEO plugin. -->","yoast_head_json":{"title":"Logitech Webcam C922 960-001088 Strem Cam USB - Aivlisoft Inform\u00e1tica","robots":{"index":"index","follow":"follow","max-snippet":"max-snippet:-1","max-image-preview":"max-image-preview:large","max-video-preview":"max-video-preview:-1"},"canonical":"https:\/\/aivlisoft.net\/shop\/producto\/logitech-webcam-c922-960-001088-strem-cam-usb\/","og_locale":"es_ES","og_type":"article","og_title":"Logitech Webcam C922 960-001088 Strem Cam USB - Aivlisoft Inform\u00e1tica","og_description":"Optimizada para streaming y grabaci&oacute;nConexi&oacute;n extremadamente n&iacute;tida en directo para canales como Twitch y YouTube. Haz streaming de lo que quieras y elige entre 1080p o fluidez HD de 720p a 60 fps. Difunde tu juego en Full HD con combinaci&oacute;n de fondo integrada (mediante tecnolog&iacute;a Personify), fiable audio sin interrupciones, enfoque autom&aacute;tico y un&hellip;&nbsp;Logitech Webcam C922 960-001088 Strem Cam USB","og_url":"https:\/\/aivlisoft.net\/shop\/producto\/logitech-webcam-c922-960-001088-strem-cam-usb\/","og_site_name":"Aivlisoft Inform\u00e1tica","article_modified_time":"2025-01-15T10:34:35+00:00","og_image":[{"width":800,"height":800,"url":"https:\/\/aivlisoft.net\/shop\/wp-content\/uploads\/2025\/01\/FVPCWB0111_800.jpg","type":"image\/jpeg"}],"twitter_card":"summary_large_image","twitter_misc":{"Tiempo de lectura":"2 minutos"},"schema":{"@context":"https:\/\/schema.org","@graph":[{"@type":"WebPage","@id":"https:\/\/aivlisoft.net\/shop\/producto\/logitech-webcam-c922-960-001088-strem-cam-usb\/","url":"https:\/\/aivlisoft.net\/shop\/producto\/logitech-webcam-c922-960-001088-strem-cam-usb\/","name":"Logitech Webcam C922 960-001088 Strem Cam USB - Aivlisoft Inform\u00e1tica","isPartOf":{"@id":"https:\/\/aivlisoft.net\/shop\/#website"},"primaryImageOfPage":{"@id":"https:\/\/aivlisoft.net\/shop\/producto\/logitech-webcam-c922-960-001088-strem-cam-usb\/#primaryimage"},"image":{"@id":"https:\/\/aivlisoft.net\/shop\/producto\/logitech-webcam-c922-960-001088-strem-cam-usb\/#primaryimage"},"thumbnailUrl":"https:\/\/aivlisoft.net\/shop\/wp-content\/uploads\/2025\/01\/FVPCWB0111_800.jpg","datePublished":"2025-01-13T14:12:49+00:00","dateModified":"2025-01-15T10:34:35+00:00","breadcrumb":{"@id":"https:\/\/aivlisoft.net\/shop\/producto\/logitech-webcam-c922-960-001088-strem-cam-usb\/#breadcrumb"},"inLanguage":"es","potentialAction":[{"@type":"ReadAction","target":["https:\/\/aivlisoft.net\/shop\/producto\/logitech-webcam-c922-960-001088-strem-cam-usb\/"]}]},{"@type":"ImageObject","inLanguage":"es","@id":"https:\/\/aivlisoft.net\/shop\/producto\/logitech-webcam-c922-960-001088-strem-cam-usb\/#primaryimage","url":"https:\/\/aivlisoft.net\/shop\/wp-content\/uploads\/2025\/01\/FVPCWB0111_800.jpg","contentUrl":"https:\/\/aivlisoft.net\/shop\/wp-content\/uploads\/2025\/01\/FVPCWB0111_800.jpg","width":800,"height":800},{"@type":"BreadcrumbList","@id":"https:\/\/aivlisoft.net\/shop\/producto\/logitech-webcam-c922-960-001088-strem-cam-usb\/#breadcrumb","itemListElement":[{"@type":"ListItem","position":1,"name":"Portada","item":"https:\/\/aivlisoft.net\/shop\/"},{"@type":"ListItem","position":2,"name":"Tienda","item":"https:\/\/aivlisoft.net\/shop\/tienda\/"},{"@type":"ListItem","position":3,"name":"Logitech Webcam C922 960-001088 Strem Cam USB"}]},{"@type":"WebSite","@id":"https:\/\/aivlisoft.net\/shop\/#website","url":"https:\/\/aivlisoft.net\/shop\/","name":"Aivlisoft Inform\u00e1tica","description":"En Aivlisoft Inform\u00e1tica ofrecemos soluciones tecnol\u00f3gicas para empresas: venta de ordenadores, consumibles, perif\u00e9ricos y m\u00e1s. Calidad, atenci\u00f3n personalizada y los mejores precios para tu negocio.","publisher":{"@id":"https:\/\/aivlisoft.net\/shop\/#organization"},"potentialAction":[{"@type":"SearchAction","target":{"@type":"EntryPoint","urlTemplate":"https:\/\/aivlisoft.net\/shop\/?s={search_term_string}"},"query-input":{"@type":"PropertyValueSpecification","valueRequired":true,"valueName":"search_term_string"}}],"inLanguage":"es"},{"@type":"Organization","@id":"https:\/\/aivlisoft.net\/shop\/#organization","name":"Aivlisoft Inform\u00e1tica","url":"https:\/\/aivlisoft.net\/shop\/","logo":{"@type":"ImageObject","inLanguage":"es","@id":"https:\/\/aivlisoft.net\/shop\/#\/schema\/logo\/image\/","url":"https:\/\/aivlisoft.net\/shop\/wp-content\/uploads\/2024\/12\/removal.ai_5b848c54-0cdf-4140-95c5-c5536bb7573b-logodef.png","contentUrl":"https:\/\/aivlisoft.net\/shop\/wp-content\/uploads\/2024\/12\/removal.ai_5b848c54-0cdf-4140-95c5-c5536bb7573b-logodef.png","width":484,"height":182,"caption":"Aivlisoft Inform\u00e1tica"},"image":{"@id":"https:\/\/aivlisoft.net\/shop\/#\/schema\/logo\/image\/"}}]}},"_links":{"self":[{"href":"https:\/\/aivlisoft.net\/shop\/wp-json\/wp\/v2\/product\/11260","targetHints":{"allow":["GET"]}}],"collection":[{"href":"https:\/\/aivlisoft.net\/shop\/wp-json\/wp\/v2\/product"}],"about":[{"href":"https:\/\/aivlisoft.net\/shop\/wp-json\/wp\/v2\/types\/product"}],"wp:featuredmedia":[{"embeddable":true,"href":"https:\/\/aivlisoft.net\/shop\/wp-json\/wp\/v2\/media\/11261"}],"wp:attachment":[{"href":"https:\/\/aivlisoft.net\/shop\/wp-json\/wp\/v2\/media?parent=11260"}],"wp:term":[{"taxonomy":"product_brand","embeddable":true,"href":"https:\/\/aivlisoft.net\/shop\/wp-json\/wp\/v2\/product_brand?post=11260"},{"taxonomy":"product_cat","embeddable":true,"href":"https:\/\/aivlisoft.net\/shop\/wp-json\/wp\/v2\/product_cat?post=11260"},{"taxonomy":"product_tag","embeddable":true,"href":"https:\/\/aivlisoft.net\/shop\/wp-json\/wp\/v2\/product_tag?post=11260"}],"curies":[{"name":"wp","href":"https:\/\/api.w.org\/{rel}","templated":true}]}}