{"id":11255,"date":"2025-01-13T14:12:44","date_gmt":"2025-01-13T14:12:44","guid":{"rendered":"https:\/\/aivlisoft.com\/?post_type=product&#038;p=11255"},"modified":"2025-01-15T10:34:35","modified_gmt":"2025-01-15T10:34:35","slug":"logitech-c270-webcam-hd-720p-3mpx-usb-negra","status":"publish","type":"product","link":"https:\/\/aivlisoft.net\/shop\/producto\/logitech-c270-webcam-hd-720p-3mpx-usb-negra\/","title":{"rendered":"Logitech C270 WebCam HD 720p 3Mpx USB Negra"},"content":{"rendered":"<div>\n<div><strong>Videoconferencias en alta definici&oacute;n<\/strong><br \/>Con v&iacute;deo HD 720p en la mayor&iacute;a de aplicaciones de mensajer&iacute;a instant&aacute;nea.<\/div>\n<div><strong>Micr&oacute;fono integrado con reducci&oacute;n de ruido<\/strong><br \/>Le ofrece conversaciones con un sonido n&iacute;tido y sin molestos ruidos de fondo.<\/div>\n<div><strong>Correcci&oacute;n de iluminaci&oacute;n autom&aacute;tica<\/strong><br \/>Aunque la videoconferencia se haga en un entorno con luz escasa o posterior, la c&aacute;mara realizar&aacute; ajustes autom&aacute;ticos para producir la mejor imagen posible.<\/div>\n<div><strong>Compatibilidad con MI<\/strong><br \/>Funciona con Skype&trade;, Google Hangouts&trade;, Yahoo!&reg; Messenger y otras aplicaciones de mensajer&iacute;a instant&aacute;nea de uso extendido.<\/div>\n<div>&nbsp;<\/div>\n<\/div>\n<p><\/p>\n<table class=\"tabla_caracteristicas\" width=\"100%\">\n<tbody>\n<tr>\n<td><strong>Marca<\/strong><\/td>\n<td>Logitech<\/td>\n<\/tr>\n<tr>\n<td valign=\"top\"><strong>Modelo<\/strong><\/td>\n<td><strong>960-001063<\/strong><\/td>\n<\/tr>\n<tr>\n<td valign=\"top\"><strong>Caracter&iacute;sticas<\/strong><\/td>\n<td>\n<div><strong>Especificaciones:<\/strong><br \/>\t\t\t&#8211; Videoconferencias HD (1280 x 720 p&iacute;xeles)<br \/>\t\t\t&nbsp; con el sistema recomendado<br \/>\t\t\t&#8211; Captura de v&iacute;deo: hasta 1280 x 720 p&iacute;xeles<br \/>\t\t\t&#8211; Fotos: hasta 3 megap&iacute;xeles (mejora por software)<br \/>\t\t\t&#8211; Micr&oacute;fono integrado con tecnolog&iacute;a Logitech RightSound&trade;<br \/>\t\t\t&#8211; Certificaci&oacute;n USB 2.0 de alta velocidad (se recomienda)<br \/>\t\t\t&#8211; Clip universal para monitores LCD, CRT o port&aacute;tiles<\/div>\n<div><strong>Requisitos del sistema<\/strong><br \/>\t\t\t&#8211; Windows&reg; XP (SP2 o superior), Windows Vista&reg;<\/div>\n<div>&nbsp; o Windows&reg; 7 y Windows&reg; 8 (32 bits o 64 bits)<br \/>\t\t\t<strong>Requisitos b&aacute;sicos:<\/strong><br \/>\t\t\t&#8211; 1 GHz<br \/>\t\t\t&#8211; 512 MB de RAM o m&aacute;s<br \/>\t\t\t&#8211; 200 MB de espacio en disco duro<br \/>\t\t\t&#8211; Conexi&oacute;n a Internet<br \/>\t\t\t&#8211; Puerto USB 1.1 (se recomienda 2.0)<br \/>\t\t\t<strong>Para videoconferencias y <\/strong><\/div>\n<div><strong>grabaciones HD fluidas de 720p:<\/strong><br \/>\t\t\t&#8211; Intel&reg; Core&trade;2 Duo a 2,4 GHz<br \/>\t\t\t&#8211; 2 GB de RAM<br \/>\t\t\t&#8211; 200 MB de espacio en disco duro<br \/>\t\t\t&#8211; Puerto USB 2.0<br \/>\t\t\t&#8211; Velocidad de carga de 1 Mbps o superior<br \/>\t\t\t&#8211; Resoluci&oacute;n de pantalla de 1280 x 720<br \/>\t\t\t<strong>Software de c&aacute;mara Web Logitech:<\/strong><br \/>\t\t\t&#8211; Logitech Vid&trade; HD<br \/>\t\t\t&#8211; Tecnolog&iacute;a Logitech RightLight&trade;<br \/>\t\t\t&#8211; Captura de v&iacute;deo y fotos<\/div>\n<div><strong>Contenido de la caja<\/strong><br \/>\t\t\t&#8211; C&aacute;mara Web con cable de 1,5 m<br \/>\t\t\t&#8211; Documentaci&oacute;n del usuario<\/div>\n<\/td>\n<\/tr>\n<tr>\n<td><strong>Fecha de revisi&oacute;n<\/strong><\/td>\n<td>22-04-2016 por MSB<\/td>\n<\/tr>\n<\/tbody>\n<\/table>\n","protected":false},"excerpt":{"rendered":"<p>Videoconferencias en alta definici&oacute;nCon v&iacute;deo HD 720p en la mayor&iacute;a de aplicaciones de mensajer&iacute;a instant&aacute;nea. Micr&oacute;fono integrado con reducci&oacute;n de ruidoLe ofrece conversaciones con un sonido n&iacute;tido y sin molestos ruidos de fondo. Correcci&oacute;n de iluminaci&oacute;n autom&aacute;ticaAunque la videoconferencia se haga en un entorno con luz escasa o posterior, la c&aacute;mara realizar&aacute; ajustes autom&aacute;ticos para&hellip;&nbsp;<a href=\"https:\/\/aivlisoft.net\/shop\/producto\/logitech-c270-webcam-hd-720p-3mpx-usb-negra\/\" rel=\"bookmark\"><span class=\"screen-reader-text\">Logitech C270 WebCam HD 720p 3Mpx USB Negra<\/span><\/a><\/p>\n","protected":false},"featured_media":11256,"template":"","meta":{"neve_meta_sidebar":"","neve_meta_container":"","neve_meta_enable_content_width":"","neve_meta_content_width":0,"neve_meta_title_alignment":"","neve_meta_author_avatar":"","neve_post_elements_order":"","neve_meta_disable_header":"","neve_meta_disable_footer":"","neve_meta_disable_title":""},"product_brand":[],"product_cat":[15,711,8690,8726,4432],"product_tag":[4399],"class_list":{"0":"post-11255","1":"product","2":"type-product","3":"status-publish","4":"has-post-thumbnail","6":"product_cat-sin-categorizar","7":"product_cat-accesorios-videovigilancia","8":"product_cat-accesorios-videovigilancia-accesorios-videovigilancia","9":"product_cat-grabadores-digitales","10":"product_cat-videovigilancia","11":"product_tag-960-001063","13":"first","14":"instock","15":"taxable","16":"shipping-taxable","17":"purchasable","18":"product-type-simple"},"yoast_head":"<!-- This site is optimized with the Yoast SEO plugin v26.0 - https:\/\/yoast.com\/wordpress\/plugins\/seo\/ -->\n<title>Logitech C270 WebCam HD 720p 3Mpx USB Negra - Aivlisoft Inform\u00e1tica<\/title>\n<meta name=\"robots\" content=\"index, follow, max-snippet:-1, max-image-preview:large, max-video-preview:-1\" \/>\n<link rel=\"canonical\" href=\"https:\/\/aivlisoft.net\/shop\/producto\/logitech-c270-webcam-hd-720p-3mpx-usb-negra\/\" \/>\n<meta property=\"og:locale\" content=\"es_ES\" \/>\n<meta property=\"og:type\" content=\"article\" \/>\n<meta property=\"og:title\" content=\"Logitech C270 WebCam HD 720p 3Mpx USB Negra - Aivlisoft Inform\u00e1tica\" \/>\n<meta property=\"og:description\" content=\"Videoconferencias en alta definici&oacute;nCon v&iacute;deo HD 720p en la mayor&iacute;a de aplicaciones de mensajer&iacute;a instant&aacute;nea. Micr&oacute;fono integrado con reducci&oacute;n de ruidoLe ofrece conversaciones con un sonido n&iacute;tido y sin molestos ruidos de fondo. Correcci&oacute;n de iluminaci&oacute;n autom&aacute;ticaAunque la videoconferencia se haga en un entorno con luz escasa o posterior, la c&aacute;mara realizar&aacute; ajustes autom&aacute;ticos para&hellip;&nbsp;Logitech C270 WebCam HD 720p 3Mpx USB Negra\" \/>\n<meta property=\"og:url\" content=\"https:\/\/aivlisoft.net\/shop\/producto\/logitech-c270-webcam-hd-720p-3mpx-usb-negra\/\" \/>\n<meta property=\"og:site_name\" content=\"Aivlisoft Inform\u00e1tica\" \/>\n<meta property=\"article:modified_time\" content=\"2025-01-15T10:34:35+00:00\" \/>\n<meta property=\"og:image\" content=\"https:\/\/aivlisoft.net\/shop\/wp-content\/uploads\/2025\/01\/FVPCWB0110_800.jpg\" \/>\n\t<meta property=\"og:image:width\" content=\"800\" \/>\n\t<meta property=\"og:image:height\" content=\"800\" \/>\n\t<meta property=\"og:image:type\" content=\"image\/jpeg\" \/>\n<meta name=\"twitter:card\" content=\"summary_large_image\" \/>\n<meta name=\"twitter:label1\" content=\"Tiempo de lectura\" \/>\n\t<meta name=\"twitter:data1\" content=\"2 minutos\" \/>\n<script type=\"application\/ld+json\" class=\"yoast-schema-graph\">{\"@context\":\"https:\/\/schema.org\",\"@graph\":[{\"@type\":\"WebPage\",\"@id\":\"https:\/\/aivlisoft.net\/shop\/producto\/logitech-c270-webcam-hd-720p-3mpx-usb-negra\/\",\"url\":\"https:\/\/aivlisoft.net\/shop\/producto\/logitech-c270-webcam-hd-720p-3mpx-usb-negra\/\",\"name\":\"Logitech C270 WebCam HD 720p 3Mpx USB Negra - Aivlisoft Inform\u00e1tica\",\"isPartOf\":{\"@id\":\"https:\/\/aivlisoft.net\/shop\/#website\"},\"primaryImageOfPage\":{\"@id\":\"https:\/\/aivlisoft.net\/shop\/producto\/logitech-c270-webcam-hd-720p-3mpx-usb-negra\/#primaryimage\"},\"image\":{\"@id\":\"https:\/\/aivlisoft.net\/shop\/producto\/logitech-c270-webcam-hd-720p-3mpx-usb-negra\/#primaryimage\"},\"thumbnailUrl\":\"https:\/\/aivlisoft.net\/shop\/wp-content\/uploads\/2025\/01\/FVPCWB0110_800.jpg\",\"datePublished\":\"2025-01-13T14:12:44+00:00\",\"dateModified\":\"2025-01-15T10:34:35+00:00\",\"breadcrumb\":{\"@id\":\"https:\/\/aivlisoft.net\/shop\/producto\/logitech-c270-webcam-hd-720p-3mpx-usb-negra\/#breadcrumb\"},\"inLanguage\":\"es\",\"potentialAction\":[{\"@type\":\"ReadAction\",\"target\":[\"https:\/\/aivlisoft.net\/shop\/producto\/logitech-c270-webcam-hd-720p-3mpx-usb-negra\/\"]}]},{\"@type\":\"ImageObject\",\"inLanguage\":\"es\",\"@id\":\"https:\/\/aivlisoft.net\/shop\/producto\/logitech-c270-webcam-hd-720p-3mpx-usb-negra\/#primaryimage\",\"url\":\"https:\/\/aivlisoft.net\/shop\/wp-content\/uploads\/2025\/01\/FVPCWB0110_800.jpg\",\"contentUrl\":\"https:\/\/aivlisoft.net\/shop\/wp-content\/uploads\/2025\/01\/FVPCWB0110_800.jpg\",\"width\":800,\"height\":800},{\"@type\":\"BreadcrumbList\",\"@id\":\"https:\/\/aivlisoft.net\/shop\/producto\/logitech-c270-webcam-hd-720p-3mpx-usb-negra\/#breadcrumb\",\"itemListElement\":[{\"@type\":\"ListItem\",\"position\":1,\"name\":\"Portada\",\"item\":\"https:\/\/aivlisoft.net\/shop\/\"},{\"@type\":\"ListItem\",\"position\":2,\"name\":\"Tienda\",\"item\":\"https:\/\/aivlisoft.net\/shop\/tienda\/\"},{\"@type\":\"ListItem\",\"position\":3,\"name\":\"Logitech C270 WebCam HD 720p 3Mpx USB Negra\"}]},{\"@type\":\"WebSite\",\"@id\":\"https:\/\/aivlisoft.net\/shop\/#website\",\"url\":\"https:\/\/aivlisoft.net\/shop\/\",\"name\":\"Aivlisoft Inform\u00e1tica\",\"description\":\"En Aivlisoft Inform\u00e1tica ofrecemos soluciones tecnol\u00f3gicas para empresas: venta de ordenadores, consumibles, perif\u00e9ricos y m\u00e1s. Calidad, atenci\u00f3n personalizada y los mejores precios para tu negocio.\",\"publisher\":{\"@id\":\"https:\/\/aivlisoft.net\/shop\/#organization\"},\"potentialAction\":[{\"@type\":\"SearchAction\",\"target\":{\"@type\":\"EntryPoint\",\"urlTemplate\":\"https:\/\/aivlisoft.net\/shop\/?s={search_term_string}\"},\"query-input\":{\"@type\":\"PropertyValueSpecification\",\"valueRequired\":true,\"valueName\":\"search_term_string\"}}],\"inLanguage\":\"es\"},{\"@type\":\"Organization\",\"@id\":\"https:\/\/aivlisoft.net\/shop\/#organization\",\"name\":\"Aivlisoft Inform\u00e1tica\",\"url\":\"https:\/\/aivlisoft.net\/shop\/\",\"logo\":{\"@type\":\"ImageObject\",\"inLanguage\":\"es\",\"@id\":\"https:\/\/aivlisoft.net\/shop\/#\/schema\/logo\/image\/\",\"url\":\"https:\/\/aivlisoft.net\/shop\/wp-content\/uploads\/2024\/12\/removal.ai_5b848c54-0cdf-4140-95c5-c5536bb7573b-logodef.png\",\"contentUrl\":\"https:\/\/aivlisoft.net\/shop\/wp-content\/uploads\/2024\/12\/removal.ai_5b848c54-0cdf-4140-95c5-c5536bb7573b-logodef.png\",\"width\":484,\"height\":182,\"caption\":\"Aivlisoft Inform\u00e1tica\"},\"image\":{\"@id\":\"https:\/\/aivlisoft.net\/shop\/#\/schema\/logo\/image\/\"}}]}<\/script>\n<!-- \/ Yoast SEO plugin. -->","yoast_head_json":{"title":"Logitech C270 WebCam HD 720p 3Mpx USB Negra - Aivlisoft Inform\u00e1tica","robots":{"index":"index","follow":"follow","max-snippet":"max-snippet:-1","max-image-preview":"max-image-preview:large","max-video-preview":"max-video-preview:-1"},"canonical":"https:\/\/aivlisoft.net\/shop\/producto\/logitech-c270-webcam-hd-720p-3mpx-usb-negra\/","og_locale":"es_ES","og_type":"article","og_title":"Logitech C270 WebCam HD 720p 3Mpx USB Negra - Aivlisoft Inform\u00e1tica","og_description":"Videoconferencias en alta definici&oacute;nCon v&iacute;deo HD 720p en la mayor&iacute;a de aplicaciones de mensajer&iacute;a instant&aacute;nea. Micr&oacute;fono integrado con reducci&oacute;n de ruidoLe ofrece conversaciones con un sonido n&iacute;tido y sin molestos ruidos de fondo. Correcci&oacute;n de iluminaci&oacute;n autom&aacute;ticaAunque la videoconferencia se haga en un entorno con luz escasa o posterior, la c&aacute;mara realizar&aacute; ajustes autom&aacute;ticos para&hellip;&nbsp;Logitech C270 WebCam HD 720p 3Mpx USB Negra","og_url":"https:\/\/aivlisoft.net\/shop\/producto\/logitech-c270-webcam-hd-720p-3mpx-usb-negra\/","og_site_name":"Aivlisoft Inform\u00e1tica","article_modified_time":"2025-01-15T10:34:35+00:00","og_image":[{"width":800,"height":800,"url":"https:\/\/aivlisoft.net\/shop\/wp-content\/uploads\/2025\/01\/FVPCWB0110_800.jpg","type":"image\/jpeg"}],"twitter_card":"summary_large_image","twitter_misc":{"Tiempo de lectura":"2 minutos"},"schema":{"@context":"https:\/\/schema.org","@graph":[{"@type":"WebPage","@id":"https:\/\/aivlisoft.net\/shop\/producto\/logitech-c270-webcam-hd-720p-3mpx-usb-negra\/","url":"https:\/\/aivlisoft.net\/shop\/producto\/logitech-c270-webcam-hd-720p-3mpx-usb-negra\/","name":"Logitech C270 WebCam HD 720p 3Mpx USB Negra - Aivlisoft Inform\u00e1tica","isPartOf":{"@id":"https:\/\/aivlisoft.net\/shop\/#website"},"primaryImageOfPage":{"@id":"https:\/\/aivlisoft.net\/shop\/producto\/logitech-c270-webcam-hd-720p-3mpx-usb-negra\/#primaryimage"},"image":{"@id":"https:\/\/aivlisoft.net\/shop\/producto\/logitech-c270-webcam-hd-720p-3mpx-usb-negra\/#primaryimage"},"thumbnailUrl":"https:\/\/aivlisoft.net\/shop\/wp-content\/uploads\/2025\/01\/FVPCWB0110_800.jpg","datePublished":"2025-01-13T14:12:44+00:00","dateModified":"2025-01-15T10:34:35+00:00","breadcrumb":{"@id":"https:\/\/aivlisoft.net\/shop\/producto\/logitech-c270-webcam-hd-720p-3mpx-usb-negra\/#breadcrumb"},"inLanguage":"es","potentialAction":[{"@type":"ReadAction","target":["https:\/\/aivlisoft.net\/shop\/producto\/logitech-c270-webcam-hd-720p-3mpx-usb-negra\/"]}]},{"@type":"ImageObject","inLanguage":"es","@id":"https:\/\/aivlisoft.net\/shop\/producto\/logitech-c270-webcam-hd-720p-3mpx-usb-negra\/#primaryimage","url":"https:\/\/aivlisoft.net\/shop\/wp-content\/uploads\/2025\/01\/FVPCWB0110_800.jpg","contentUrl":"https:\/\/aivlisoft.net\/shop\/wp-content\/uploads\/2025\/01\/FVPCWB0110_800.jpg","width":800,"height":800},{"@type":"BreadcrumbList","@id":"https:\/\/aivlisoft.net\/shop\/producto\/logitech-c270-webcam-hd-720p-3mpx-usb-negra\/#breadcrumb","itemListElement":[{"@type":"ListItem","position":1,"name":"Portada","item":"https:\/\/aivlisoft.net\/shop\/"},{"@type":"ListItem","position":2,"name":"Tienda","item":"https:\/\/aivlisoft.net\/shop\/tienda\/"},{"@type":"ListItem","position":3,"name":"Logitech C270 WebCam HD 720p 3Mpx USB Negra"}]},{"@type":"WebSite","@id":"https:\/\/aivlisoft.net\/shop\/#website","url":"https:\/\/aivlisoft.net\/shop\/","name":"Aivlisoft Inform\u00e1tica","description":"En Aivlisoft Inform\u00e1tica ofrecemos soluciones tecnol\u00f3gicas para empresas: venta de ordenadores, consumibles, perif\u00e9ricos y m\u00e1s. Calidad, atenci\u00f3n personalizada y los mejores precios para tu negocio.","publisher":{"@id":"https:\/\/aivlisoft.net\/shop\/#organization"},"potentialAction":[{"@type":"SearchAction","target":{"@type":"EntryPoint","urlTemplate":"https:\/\/aivlisoft.net\/shop\/?s={search_term_string}"},"query-input":{"@type":"PropertyValueSpecification","valueRequired":true,"valueName":"search_term_string"}}],"inLanguage":"es"},{"@type":"Organization","@id":"https:\/\/aivlisoft.net\/shop\/#organization","name":"Aivlisoft Inform\u00e1tica","url":"https:\/\/aivlisoft.net\/shop\/","logo":{"@type":"ImageObject","inLanguage":"es","@id":"https:\/\/aivlisoft.net\/shop\/#\/schema\/logo\/image\/","url":"https:\/\/aivlisoft.net\/shop\/wp-content\/uploads\/2024\/12\/removal.ai_5b848c54-0cdf-4140-95c5-c5536bb7573b-logodef.png","contentUrl":"https:\/\/aivlisoft.net\/shop\/wp-content\/uploads\/2024\/12\/removal.ai_5b848c54-0cdf-4140-95c5-c5536bb7573b-logodef.png","width":484,"height":182,"caption":"Aivlisoft Inform\u00e1tica"},"image":{"@id":"https:\/\/aivlisoft.net\/shop\/#\/schema\/logo\/image\/"}}]}},"_links":{"self":[{"href":"https:\/\/aivlisoft.net\/shop\/wp-json\/wp\/v2\/product\/11255","targetHints":{"allow":["GET"]}}],"collection":[{"href":"https:\/\/aivlisoft.net\/shop\/wp-json\/wp\/v2\/product"}],"about":[{"href":"https:\/\/aivlisoft.net\/shop\/wp-json\/wp\/v2\/types\/product"}],"wp:featuredmedia":[{"embeddable":true,"href":"https:\/\/aivlisoft.net\/shop\/wp-json\/wp\/v2\/media\/11256"}],"wp:attachment":[{"href":"https:\/\/aivlisoft.net\/shop\/wp-json\/wp\/v2\/media?parent=11255"}],"wp:term":[{"taxonomy":"product_brand","embeddable":true,"href":"https:\/\/aivlisoft.net\/shop\/wp-json\/wp\/v2\/product_brand?post=11255"},{"taxonomy":"product_cat","embeddable":true,"href":"https:\/\/aivlisoft.net\/shop\/wp-json\/wp\/v2\/product_cat?post=11255"},{"taxonomy":"product_tag","embeddable":true,"href":"https:\/\/aivlisoft.net\/shop\/wp-json\/wp\/v2\/product_tag?post=11255"}],"curies":[{"name":"wp","href":"https:\/\/api.w.org\/{rel}","templated":true}]}}