{"id":11250,"date":"2025-01-13T14:12:42","date_gmt":"2025-01-13T14:12:42","guid":{"rendered":"https:\/\/aivlisoft.com\/?post_type=product&#038;p=11250"},"modified":"2025-01-15T10:34:36","modified_gmt":"2025-01-15T10:34:36","slug":"logitech-conferencecam-connect","status":"publish","type":"product","link":"https:\/\/aivlisoft.net\/shop\/producto\/logitech-conferencecam-connect\/","title":{"rendered":"Logitech ConferenceCam Connect"},"content":{"rendered":"<p><\/p>\n<table class=\"tabla_caracteristicas k-table\" width=\"100%\">\n<tbody>\n<tr>\n<td><strong>Marca<\/strong><\/td>\n<td>Logitech<\/td>\n<\/tr>\n<tr>\n<td><strong>Modelo<\/strong><\/td>\n<td><strong>960-001034<\/strong><\/td>\n<\/tr>\n<tr>\n<td><strong>Interfaz<\/strong><\/td>\n<td>&#8211; USB<\/td>\n<\/tr>\n<tr>\n<td valign=\"top\"><strong>Caracter&iacute;sticas <\/strong><\/td>\n<td><strong>C&aacute;mara<\/strong><br \/>&#8211; Videoconferencias Full HD 1080p (hasta 1920 x 1080 p&iacute;xeles); Videoconferencias HD 720p (1280 x 720 p&iacute;xeles) con clientes admitidos<br \/>&#8211; H.264 UVC 1.5 con codificaci&oacute;n de v&iacute;deo escalable (SVC)<br \/>&#8211; Compatible con H.264 SVC 1080p, con optimizaciones para el mejor rendimiento de llamadas con v&iacute;deo HD entre dos o varios participantes<br \/>&#8211; Campo visual:<br \/>&nbsp; Diagonal: 90&deg;<br \/>&nbsp; Horizontal: 82,1&deg;<br \/>&nbsp; Vertical: 52,2&deg;<br \/>&#8211; Zoom digital 4X<br \/>&#8211; Tecnolog&iacute;a Rightlight&trade; 2 para nitidez en distintas condiciones de iluminaci&oacute;n, incluso con luz escasa<br \/>&#8211; Panor&aacute;mica, inclinaci&oacute;n y zoom digitales con mando a distancia o aplicaci&oacute;n descargable opcional<br \/>&#8211; Rueda de inclinaci&oacute;n mec&aacute;nica<br \/>&#8211; LED de c&aacute;mara para indicaci&oacute;n de streaming<br \/><strong>Sistema manos libres<\/strong><br \/>&#8211; Sistema manos libres integrado con d&uacute;plex completo y cancelaci&oacute;n de eco y ruido<br \/>&#8211; Audio de banda ancha de 360&deg;<br \/>&#8211; Compatible con Bluetooth&reg; y NFC<br \/>&#8211; Indicadores LED para streaming, silencio, puesta en espera y emparejamientoBluetooth de sistema manos libres<br \/>&#8211; Controles para respuesta\/finalizaci&oacute;n de llamadas, volumen y silencio<br \/><strong>Micr&oacute;fonos (Tx)<\/strong><br \/>&#8211; Dos micr&oacute;fonos omnidireccionales con un radio de acci&oacute;n de 3,6 metros<br \/>&#8211; Respuesta de frecuencia: 100 Hz &ndash; 16 kHz<br \/>&#8211; Sensibilidad: -34 dB +\/-3 dB<br \/>&#8211; Distorsi&oacute;n:&lt;1% @ 1KHz at 65dB &gt;<br \/><strong>Altavoces (Rx)<\/strong><br \/>&#8211; Respuesta de frecuencia: 140 Hz &ndash; 16 kHz<br \/>&#8211; Sensibilidad: 89 dBSPL +\/-3 dB a 1 W\/0,5 M<br \/>&#8211; Nivel de salida m&aacute;ximo: 91,5 dBSPL a 0,5 M<br \/>&#8211; Distorsi&oacute;n:&lt;5% from 200Hz&gt;<br \/><strong>Mando a distancia<\/strong><br \/>&#8211; Se acopla al dispositivo y funciona como tapa de lente<br \/>&#8211; Radio de acci&oacute;n de infrarrojos de 3 m (10 ft)<br \/>&#8211; Bater&iacute;a CR2032 (incluida)<br \/><strong>Cables\/alimentaci&oacute;n<\/strong><br \/>&#8211; Adaptador de alimentaci&oacute;n con conectores regionales<br \/>&#8211; Cable USB (1,8 m\/6 ft)<br \/>&#8211; Bater&iacute;a recargable integrada<br \/><strong>Soporte<\/strong><br \/>&#8211; Dise&ntilde;o para uso sobre el escritorio<br \/>&#8211; Kensington Security Slot<br \/><strong>Compatibilidad y certificaciones<\/strong><br \/>&#8211; Conexi&oacute;n USB Plug and Play<br \/>&#8211; Con certificaci&oacute;n para Skype for Business y compatible con Teams<br \/>&#8211; Con certificaci&oacute;n para Zoom<br \/>&#8211; Con certificaci&oacute;n para Fuze<br \/>&#8211; Compatible con Google Meet<br \/>&#8211; Compatibilidad con Cisco Jabber&reg; y WebEx<br \/>&#8211; Compatible con BlueJeans, BroadSoft, GoToMeeting, Vidyo y otras aplicaciones de videoconferencia, grabaci&oacute;n y difusi&oacute;n utilizables con c&aacute;maras USB<br \/><strong>Dimensiones<\/strong><br \/>&#8211; Unidad principal: 304,2 x 75 x 75 mm<br \/>&nbsp; Peso: 766 g<br \/>&#8211; Mando a distancia(Alt x An x Prof): 128 x 41 x 9 mm<br \/>&nbsp; Peso: 32 g<br \/><strong>Contenido<\/strong><br \/>&#8211; Dispositivo Logitech Connect<br \/>&#8211; Mando a distancia<br \/>&#8211; Cable USB de 1,8 metros<br \/>&#8211; Adaptador de alimentaci&oacute;n con conectores regionales<br \/>&#8211; Documentaci&oacute;n<\/td>\n<\/tr>\n<tr>\n<td><strong>Fecha revisi&oacute;n<\/strong><\/td>\n<td>10-09-2019 por MSB<\/td>\n<\/tr>\n<\/tbody>\n<\/table>\n","protected":false},"excerpt":{"rendered":"<p>Marca Logitech Modelo 960-001034 Interfaz &#8211; USB Caracter&iacute;sticas C&aacute;mara&#8211; Videoconferencias Full HD 1080p (hasta 1920 x 1080 p&iacute;xeles); Videoconferencias HD 720p (1280 x 720 p&iacute;xeles) con clientes admitidos&#8211; H.264 UVC 1.5 con codificaci&oacute;n de v&iacute;deo escalable (SVC)&#8211; Compatible con H.264 SVC 1080p, con optimizaciones para el mejor rendimiento de llamadas con v&iacute;deo HD entre dos&hellip;&nbsp;<a href=\"https:\/\/aivlisoft.net\/shop\/producto\/logitech-conferencecam-connect\/\" rel=\"bookmark\"><span class=\"screen-reader-text\">Logitech ConferenceCam Connect<\/span><\/a><\/p>\n","protected":false},"featured_media":11251,"template":"","meta":{"neve_meta_sidebar":"","neve_meta_container":"","neve_meta_enable_content_width":"","neve_meta_content_width":0,"neve_meta_title_alignment":"","neve_meta_author_avatar":"","neve_post_elements_order":"","neve_meta_disable_header":"","neve_meta_disable_footer":"","neve_meta_disable_title":""},"product_brand":[],"product_cat":[15,8690,711,8726,4432],"product_tag":[4398],"class_list":{"0":"post-11250","1":"product","2":"type-product","3":"status-publish","4":"has-post-thumbnail","6":"product_cat-sin-categorizar","7":"product_cat-accesorios-videovigilancia-accesorios-videovigilancia","8":"product_cat-accesorios-videovigilancia","9":"product_cat-grabadores-digitales","10":"product_cat-videovigilancia","11":"product_tag-960-001034","13":"first","14":"instock","15":"taxable","16":"shipping-taxable","17":"purchasable","18":"product-type-simple"},"yoast_head":"<!-- This site is optimized with the Yoast SEO plugin v26.0 - https:\/\/yoast.com\/wordpress\/plugins\/seo\/ -->\n<title>Logitech ConferenceCam Connect - Aivlisoft Inform\u00e1tica<\/title>\n<meta name=\"robots\" content=\"index, follow, max-snippet:-1, max-image-preview:large, max-video-preview:-1\" \/>\n<link rel=\"canonical\" href=\"https:\/\/aivlisoft.net\/shop\/producto\/logitech-conferencecam-connect\/\" \/>\n<meta property=\"og:locale\" content=\"es_ES\" \/>\n<meta property=\"og:type\" content=\"article\" \/>\n<meta property=\"og:title\" content=\"Logitech ConferenceCam Connect - Aivlisoft Inform\u00e1tica\" \/>\n<meta property=\"og:description\" content=\"Marca Logitech Modelo 960-001034 Interfaz &#8211; USB Caracter&iacute;sticas C&aacute;mara&#8211; Videoconferencias Full HD 1080p (hasta 1920 x 1080 p&iacute;xeles); Videoconferencias HD 720p (1280 x 720 p&iacute;xeles) con clientes admitidos&#8211; H.264 UVC 1.5 con codificaci&oacute;n de v&iacute;deo escalable (SVC)&#8211; Compatible con H.264 SVC 1080p, con optimizaciones para el mejor rendimiento de llamadas con v&iacute;deo HD entre dos&hellip;&nbsp;Logitech ConferenceCam Connect\" \/>\n<meta property=\"og:url\" content=\"https:\/\/aivlisoft.net\/shop\/producto\/logitech-conferencecam-connect\/\" \/>\n<meta property=\"og:site_name\" content=\"Aivlisoft Inform\u00e1tica\" \/>\n<meta property=\"article:modified_time\" content=\"2025-01-15T10:34:36+00:00\" \/>\n<meta property=\"og:image\" content=\"https:\/\/aivlisoft.net\/shop\/wp-content\/uploads\/2025\/01\/FVPCWB0105_800.jpg\" \/>\n\t<meta property=\"og:image:width\" content=\"800\" \/>\n\t<meta property=\"og:image:height\" content=\"800\" \/>\n\t<meta property=\"og:image:type\" content=\"image\/jpeg\" \/>\n<meta name=\"twitter:card\" content=\"summary_large_image\" \/>\n<meta name=\"twitter:label1\" content=\"Tiempo de lectura\" \/>\n\t<meta name=\"twitter:data1\" content=\"2 minutos\" \/>\n<script type=\"application\/ld+json\" class=\"yoast-schema-graph\">{\"@context\":\"https:\/\/schema.org\",\"@graph\":[{\"@type\":\"WebPage\",\"@id\":\"https:\/\/aivlisoft.net\/shop\/producto\/logitech-conferencecam-connect\/\",\"url\":\"https:\/\/aivlisoft.net\/shop\/producto\/logitech-conferencecam-connect\/\",\"name\":\"Logitech ConferenceCam Connect - Aivlisoft Inform\u00e1tica\",\"isPartOf\":{\"@id\":\"https:\/\/aivlisoft.net\/shop\/#website\"},\"primaryImageOfPage\":{\"@id\":\"https:\/\/aivlisoft.net\/shop\/producto\/logitech-conferencecam-connect\/#primaryimage\"},\"image\":{\"@id\":\"https:\/\/aivlisoft.net\/shop\/producto\/logitech-conferencecam-connect\/#primaryimage\"},\"thumbnailUrl\":\"https:\/\/aivlisoft.net\/shop\/wp-content\/uploads\/2025\/01\/FVPCWB0105_800.jpg\",\"datePublished\":\"2025-01-13T14:12:42+00:00\",\"dateModified\":\"2025-01-15T10:34:36+00:00\",\"breadcrumb\":{\"@id\":\"https:\/\/aivlisoft.net\/shop\/producto\/logitech-conferencecam-connect\/#breadcrumb\"},\"inLanguage\":\"es\",\"potentialAction\":[{\"@type\":\"ReadAction\",\"target\":[\"https:\/\/aivlisoft.net\/shop\/producto\/logitech-conferencecam-connect\/\"]}]},{\"@type\":\"ImageObject\",\"inLanguage\":\"es\",\"@id\":\"https:\/\/aivlisoft.net\/shop\/producto\/logitech-conferencecam-connect\/#primaryimage\",\"url\":\"https:\/\/aivlisoft.net\/shop\/wp-content\/uploads\/2025\/01\/FVPCWB0105_800.jpg\",\"contentUrl\":\"https:\/\/aivlisoft.net\/shop\/wp-content\/uploads\/2025\/01\/FVPCWB0105_800.jpg\",\"width\":800,\"height\":800},{\"@type\":\"BreadcrumbList\",\"@id\":\"https:\/\/aivlisoft.net\/shop\/producto\/logitech-conferencecam-connect\/#breadcrumb\",\"itemListElement\":[{\"@type\":\"ListItem\",\"position\":1,\"name\":\"Portada\",\"item\":\"https:\/\/aivlisoft.net\/shop\/\"},{\"@type\":\"ListItem\",\"position\":2,\"name\":\"Tienda\",\"item\":\"https:\/\/aivlisoft.net\/shop\/tienda\/\"},{\"@type\":\"ListItem\",\"position\":3,\"name\":\"Logitech ConferenceCam Connect\"}]},{\"@type\":\"WebSite\",\"@id\":\"https:\/\/aivlisoft.net\/shop\/#website\",\"url\":\"https:\/\/aivlisoft.net\/shop\/\",\"name\":\"Aivlisoft Inform\u00e1tica\",\"description\":\"En Aivlisoft Inform\u00e1tica ofrecemos soluciones tecnol\u00f3gicas para empresas: venta de ordenadores, consumibles, perif\u00e9ricos y m\u00e1s. Calidad, atenci\u00f3n personalizada y los mejores precios para tu negocio.\",\"publisher\":{\"@id\":\"https:\/\/aivlisoft.net\/shop\/#organization\"},\"potentialAction\":[{\"@type\":\"SearchAction\",\"target\":{\"@type\":\"EntryPoint\",\"urlTemplate\":\"https:\/\/aivlisoft.net\/shop\/?s={search_term_string}\"},\"query-input\":{\"@type\":\"PropertyValueSpecification\",\"valueRequired\":true,\"valueName\":\"search_term_string\"}}],\"inLanguage\":\"es\"},{\"@type\":\"Organization\",\"@id\":\"https:\/\/aivlisoft.net\/shop\/#organization\",\"name\":\"Aivlisoft Inform\u00e1tica\",\"url\":\"https:\/\/aivlisoft.net\/shop\/\",\"logo\":{\"@type\":\"ImageObject\",\"inLanguage\":\"es\",\"@id\":\"https:\/\/aivlisoft.net\/shop\/#\/schema\/logo\/image\/\",\"url\":\"https:\/\/aivlisoft.net\/shop\/wp-content\/uploads\/2024\/12\/removal.ai_5b848c54-0cdf-4140-95c5-c5536bb7573b-logodef.png\",\"contentUrl\":\"https:\/\/aivlisoft.net\/shop\/wp-content\/uploads\/2024\/12\/removal.ai_5b848c54-0cdf-4140-95c5-c5536bb7573b-logodef.png\",\"width\":484,\"height\":182,\"caption\":\"Aivlisoft Inform\u00e1tica\"},\"image\":{\"@id\":\"https:\/\/aivlisoft.net\/shop\/#\/schema\/logo\/image\/\"}}]}<\/script>\n<!-- \/ Yoast SEO plugin. -->","yoast_head_json":{"title":"Logitech ConferenceCam Connect - Aivlisoft Inform\u00e1tica","robots":{"index":"index","follow":"follow","max-snippet":"max-snippet:-1","max-image-preview":"max-image-preview:large","max-video-preview":"max-video-preview:-1"},"canonical":"https:\/\/aivlisoft.net\/shop\/producto\/logitech-conferencecam-connect\/","og_locale":"es_ES","og_type":"article","og_title":"Logitech ConferenceCam Connect - Aivlisoft Inform\u00e1tica","og_description":"Marca Logitech Modelo 960-001034 Interfaz &#8211; USB Caracter&iacute;sticas C&aacute;mara&#8211; Videoconferencias Full HD 1080p (hasta 1920 x 1080 p&iacute;xeles); Videoconferencias HD 720p (1280 x 720 p&iacute;xeles) con clientes admitidos&#8211; H.264 UVC 1.5 con codificaci&oacute;n de v&iacute;deo escalable (SVC)&#8211; Compatible con H.264 SVC 1080p, con optimizaciones para el mejor rendimiento de llamadas con v&iacute;deo HD entre dos&hellip;&nbsp;Logitech ConferenceCam Connect","og_url":"https:\/\/aivlisoft.net\/shop\/producto\/logitech-conferencecam-connect\/","og_site_name":"Aivlisoft Inform\u00e1tica","article_modified_time":"2025-01-15T10:34:36+00:00","og_image":[{"width":800,"height":800,"url":"https:\/\/aivlisoft.net\/shop\/wp-content\/uploads\/2025\/01\/FVPCWB0105_800.jpg","type":"image\/jpeg"}],"twitter_card":"summary_large_image","twitter_misc":{"Tiempo de lectura":"2 minutos"},"schema":{"@context":"https:\/\/schema.org","@graph":[{"@type":"WebPage","@id":"https:\/\/aivlisoft.net\/shop\/producto\/logitech-conferencecam-connect\/","url":"https:\/\/aivlisoft.net\/shop\/producto\/logitech-conferencecam-connect\/","name":"Logitech ConferenceCam Connect - Aivlisoft Inform\u00e1tica","isPartOf":{"@id":"https:\/\/aivlisoft.net\/shop\/#website"},"primaryImageOfPage":{"@id":"https:\/\/aivlisoft.net\/shop\/producto\/logitech-conferencecam-connect\/#primaryimage"},"image":{"@id":"https:\/\/aivlisoft.net\/shop\/producto\/logitech-conferencecam-connect\/#primaryimage"},"thumbnailUrl":"https:\/\/aivlisoft.net\/shop\/wp-content\/uploads\/2025\/01\/FVPCWB0105_800.jpg","datePublished":"2025-01-13T14:12:42+00:00","dateModified":"2025-01-15T10:34:36+00:00","breadcrumb":{"@id":"https:\/\/aivlisoft.net\/shop\/producto\/logitech-conferencecam-connect\/#breadcrumb"},"inLanguage":"es","potentialAction":[{"@type":"ReadAction","target":["https:\/\/aivlisoft.net\/shop\/producto\/logitech-conferencecam-connect\/"]}]},{"@type":"ImageObject","inLanguage":"es","@id":"https:\/\/aivlisoft.net\/shop\/producto\/logitech-conferencecam-connect\/#primaryimage","url":"https:\/\/aivlisoft.net\/shop\/wp-content\/uploads\/2025\/01\/FVPCWB0105_800.jpg","contentUrl":"https:\/\/aivlisoft.net\/shop\/wp-content\/uploads\/2025\/01\/FVPCWB0105_800.jpg","width":800,"height":800},{"@type":"BreadcrumbList","@id":"https:\/\/aivlisoft.net\/shop\/producto\/logitech-conferencecam-connect\/#breadcrumb","itemListElement":[{"@type":"ListItem","position":1,"name":"Portada","item":"https:\/\/aivlisoft.net\/shop\/"},{"@type":"ListItem","position":2,"name":"Tienda","item":"https:\/\/aivlisoft.net\/shop\/tienda\/"},{"@type":"ListItem","position":3,"name":"Logitech ConferenceCam Connect"}]},{"@type":"WebSite","@id":"https:\/\/aivlisoft.net\/shop\/#website","url":"https:\/\/aivlisoft.net\/shop\/","name":"Aivlisoft Inform\u00e1tica","description":"En Aivlisoft Inform\u00e1tica ofrecemos soluciones tecnol\u00f3gicas para empresas: venta de ordenadores, consumibles, perif\u00e9ricos y m\u00e1s. Calidad, atenci\u00f3n personalizada y los mejores precios para tu negocio.","publisher":{"@id":"https:\/\/aivlisoft.net\/shop\/#organization"},"potentialAction":[{"@type":"SearchAction","target":{"@type":"EntryPoint","urlTemplate":"https:\/\/aivlisoft.net\/shop\/?s={search_term_string}"},"query-input":{"@type":"PropertyValueSpecification","valueRequired":true,"valueName":"search_term_string"}}],"inLanguage":"es"},{"@type":"Organization","@id":"https:\/\/aivlisoft.net\/shop\/#organization","name":"Aivlisoft Inform\u00e1tica","url":"https:\/\/aivlisoft.net\/shop\/","logo":{"@type":"ImageObject","inLanguage":"es","@id":"https:\/\/aivlisoft.net\/shop\/#\/schema\/logo\/image\/","url":"https:\/\/aivlisoft.net\/shop\/wp-content\/uploads\/2024\/12\/removal.ai_5b848c54-0cdf-4140-95c5-c5536bb7573b-logodef.png","contentUrl":"https:\/\/aivlisoft.net\/shop\/wp-content\/uploads\/2024\/12\/removal.ai_5b848c54-0cdf-4140-95c5-c5536bb7573b-logodef.png","width":484,"height":182,"caption":"Aivlisoft Inform\u00e1tica"},"image":{"@id":"https:\/\/aivlisoft.net\/shop\/#\/schema\/logo\/image\/"}}]}},"_links":{"self":[{"href":"https:\/\/aivlisoft.net\/shop\/wp-json\/wp\/v2\/product\/11250","targetHints":{"allow":["GET"]}}],"collection":[{"href":"https:\/\/aivlisoft.net\/shop\/wp-json\/wp\/v2\/product"}],"about":[{"href":"https:\/\/aivlisoft.net\/shop\/wp-json\/wp\/v2\/types\/product"}],"wp:featuredmedia":[{"embeddable":true,"href":"https:\/\/aivlisoft.net\/shop\/wp-json\/wp\/v2\/media\/11251"}],"wp:attachment":[{"href":"https:\/\/aivlisoft.net\/shop\/wp-json\/wp\/v2\/media?parent=11250"}],"wp:term":[{"taxonomy":"product_brand","embeddable":true,"href":"https:\/\/aivlisoft.net\/shop\/wp-json\/wp\/v2\/product_brand?post=11250"},{"taxonomy":"product_cat","embeddable":true,"href":"https:\/\/aivlisoft.net\/shop\/wp-json\/wp\/v2\/product_cat?post=11250"},{"taxonomy":"product_tag","embeddable":true,"href":"https:\/\/aivlisoft.net\/shop\/wp-json\/wp\/v2\/product_tag?post=11250"}],"curies":[{"name":"wp","href":"https:\/\/api.w.org\/{rel}","templated":true}]}}