{"id":11229,"date":"2025-01-13T14:12:31","date_gmt":"2025-01-13T14:12:31","guid":{"rendered":"https:\/\/aivlisoft.com\/?post_type=product&#038;p=11229"},"modified":"2025-01-14T10:57:00","modified_gmt":"2025-01-14T10:57:00","slug":"mars-gaming-teclado-mk023-tkl-frgb-blanco","status":"publish","type":"product","link":"https:\/\/aivlisoft.net\/shop\/producto\/mars-gaming-teclado-mk023-tkl-frgb-blanco\/","title":{"rendered":"Mars Gaming Teclado MK023 TKL FRGB Blanco"},"content":{"rendered":"<p><\/p>\n<table class=\"tabla_caracteristicas\" width=\"100%\">\n<tr>\n<td><strong>Marca<\/strong><\/td>\n<td>Mars Gaming<\/td>\n<\/tr>\n<tr>\n<td><strong>Modelo<\/strong><\/td>\n<td><strong>MK023WES<\/strong><\/td>\n<\/tr>\n<tr>\n<td><strong>Caracter&iacute;sticas<\/strong><\/td>\n<td>&#8211; Dise&ntilde;o: TKL<br \/>\t\t\t&#8211; Material teclado: ABS<br \/>\t\t\t&#8211; Iluminaci&oacute;n: FRGB Rainbow<br \/>\t\t\t&#8211; Tecnolog&iacute;a: Membrana<br \/>\t\t\t&#8211; Tipo de switch: H-Mech<br \/>\t\t\t&#8211; Longitud del cable: 145cm<br \/>\t\t\t&#8211; Conectores: USB 2.0<br \/>\t\t\t&#8211; Anti-ghosting<br \/>\t\t\t&#8211; Compatibilidad: Windows, *Linux, *Mac, PS4, PS5, XBOX ONE, XBOX SERIES X-S, Nintendo Switch *(Algunas funciones pueden no funcionar debido a limitaciones del sistema operativo)<br \/>\t\t\t&#8211; Voltaje: DC 5V<br \/>\t\t\t&#8211; Corriente: 300mA<br \/>\t\t\t&#8211; Durabilidad: 20 millones<br \/>\t\t\t&#8211; Tipo de cable: Recubrimiento de goma<br \/>\t\t\t&#8211; Teclas: ABS<br \/>\t\t\t&#8211; Dimensiones: 369 x 141 x 32 mm<br \/>\t\t\t&#8211; Peso: 471 g<\/td>\n<\/tr>\n<tr>\n<td><strong>Fecha de revisi&oacute;n<\/strong><\/td>\n<td>02-02-2024 por RTY<\/td>\n<\/tr>\n<\/table>\n","protected":false},"excerpt":{"rendered":"<p>Marca Mars Gaming Modelo MK023WES Caracter&iacute;sticas &#8211; Dise&ntilde;o: TKL &#8211; Material teclado: ABS &#8211; Iluminaci&oacute;n: FRGB Rainbow &#8211; Tecnolog&iacute;a: Membrana &#8211; Tipo de switch: H-Mech &#8211; Longitud del cable: 145cm &#8211; Conectores: USB 2.0 &#8211; Anti-ghosting &#8211; Compatibilidad: Windows, *Linux, *Mac, PS4, PS5, XBOX ONE, XBOX SERIES X-S, Nintendo Switch *(Algunas funciones pueden no funcionar&hellip;&nbsp;<a href=\"https:\/\/aivlisoft.net\/shop\/producto\/mars-gaming-teclado-mk023-tkl-frgb-blanco\/\" rel=\"bookmark\"><span class=\"screen-reader-text\">Mars Gaming Teclado MK023 TKL FRGB Blanco<\/span><\/a><\/p>\n","protected":false},"featured_media":11230,"template":"","meta":{"neve_meta_sidebar":"","neve_meta_container":"","neve_meta_enable_content_width":"","neve_meta_content_width":0,"neve_meta_title_alignment":"","neve_meta_author_avatar":"","neve_post_elements_order":"","neve_meta_disable_header":"","neve_meta_disable_footer":"","neve_meta_disable_title":""},"product_brand":[],"product_cat":[8723],"product_tag":[4387],"class_list":{"0":"post-11229","1":"product","2":"type-product","3":"status-publish","4":"has-post-thumbnail","6":"product_cat-teclados-usb","7":"product_tag-mk023wes","9":"first","10":"instock","11":"taxable","12":"shipping-taxable","13":"purchasable","14":"product-type-simple"},"yoast_head":"<!-- This site is optimized with the Yoast SEO plugin v26.0 - https:\/\/yoast.com\/wordpress\/plugins\/seo\/ -->\n<title>Mars Gaming Teclado MK023 TKL FRGB Blanco - Aivlisoft Inform\u00e1tica<\/title>\n<meta name=\"robots\" content=\"index, follow, max-snippet:-1, max-image-preview:large, max-video-preview:-1\" \/>\n<link rel=\"canonical\" href=\"https:\/\/aivlisoft.net\/shop\/producto\/mars-gaming-teclado-mk023-tkl-frgb-blanco\/\" \/>\n<meta property=\"og:locale\" content=\"es_ES\" \/>\n<meta property=\"og:type\" content=\"article\" \/>\n<meta property=\"og:title\" content=\"Mars Gaming Teclado MK023 TKL FRGB Blanco - Aivlisoft Inform\u00e1tica\" \/>\n<meta property=\"og:description\" content=\"Marca Mars Gaming Modelo MK023WES Caracter&iacute;sticas &#8211; Dise&ntilde;o: TKL &#8211; Material teclado: ABS &#8211; Iluminaci&oacute;n: FRGB Rainbow &#8211; Tecnolog&iacute;a: Membrana &#8211; Tipo de switch: H-Mech &#8211; Longitud del cable: 145cm &#8211; Conectores: USB 2.0 &#8211; Anti-ghosting &#8211; Compatibilidad: Windows, *Linux, *Mac, PS4, PS5, XBOX ONE, XBOX SERIES X-S, Nintendo Switch *(Algunas funciones pueden no funcionar&hellip;&nbsp;Mars Gaming Teclado MK023 TKL FRGB Blanco\" \/>\n<meta property=\"og:url\" content=\"https:\/\/aivlisoft.net\/shop\/producto\/mars-gaming-teclado-mk023-tkl-frgb-blanco\/\" \/>\n<meta property=\"og:site_name\" content=\"Aivlisoft Inform\u00e1tica\" \/>\n<meta property=\"article:modified_time\" content=\"2025-01-14T10:57:00+00:00\" \/>\n<meta property=\"og:image\" content=\"https:\/\/aivlisoft.net\/shop\/wp-content\/uploads\/2025\/01\/FTRTUS0555_800.jpg\" \/>\n\t<meta property=\"og:image:width\" content=\"800\" \/>\n\t<meta property=\"og:image:height\" content=\"800\" \/>\n\t<meta property=\"og:image:type\" content=\"image\/jpeg\" \/>\n<meta name=\"twitter:card\" content=\"summary_large_image\" \/>\n<meta name=\"twitter:label1\" content=\"Tiempo de lectura\" \/>\n\t<meta name=\"twitter:data1\" content=\"1 minuto\" \/>\n<script type=\"application\/ld+json\" class=\"yoast-schema-graph\">{\"@context\":\"https:\/\/schema.org\",\"@graph\":[{\"@type\":\"WebPage\",\"@id\":\"https:\/\/aivlisoft.net\/shop\/producto\/mars-gaming-teclado-mk023-tkl-frgb-blanco\/\",\"url\":\"https:\/\/aivlisoft.net\/shop\/producto\/mars-gaming-teclado-mk023-tkl-frgb-blanco\/\",\"name\":\"Mars Gaming Teclado MK023 TKL FRGB Blanco - Aivlisoft Inform\u00e1tica\",\"isPartOf\":{\"@id\":\"https:\/\/aivlisoft.net\/shop\/#website\"},\"primaryImageOfPage\":{\"@id\":\"https:\/\/aivlisoft.net\/shop\/producto\/mars-gaming-teclado-mk023-tkl-frgb-blanco\/#primaryimage\"},\"image\":{\"@id\":\"https:\/\/aivlisoft.net\/shop\/producto\/mars-gaming-teclado-mk023-tkl-frgb-blanco\/#primaryimage\"},\"thumbnailUrl\":\"https:\/\/aivlisoft.net\/shop\/wp-content\/uploads\/2025\/01\/FTRTUS0555_800.jpg\",\"datePublished\":\"2025-01-13T14:12:31+00:00\",\"dateModified\":\"2025-01-14T10:57:00+00:00\",\"breadcrumb\":{\"@id\":\"https:\/\/aivlisoft.net\/shop\/producto\/mars-gaming-teclado-mk023-tkl-frgb-blanco\/#breadcrumb\"},\"inLanguage\":\"es\",\"potentialAction\":[{\"@type\":\"ReadAction\",\"target\":[\"https:\/\/aivlisoft.net\/shop\/producto\/mars-gaming-teclado-mk023-tkl-frgb-blanco\/\"]}]},{\"@type\":\"ImageObject\",\"inLanguage\":\"es\",\"@id\":\"https:\/\/aivlisoft.net\/shop\/producto\/mars-gaming-teclado-mk023-tkl-frgb-blanco\/#primaryimage\",\"url\":\"https:\/\/aivlisoft.net\/shop\/wp-content\/uploads\/2025\/01\/FTRTUS0555_800.jpg\",\"contentUrl\":\"https:\/\/aivlisoft.net\/shop\/wp-content\/uploads\/2025\/01\/FTRTUS0555_800.jpg\",\"width\":800,\"height\":800},{\"@type\":\"BreadcrumbList\",\"@id\":\"https:\/\/aivlisoft.net\/shop\/producto\/mars-gaming-teclado-mk023-tkl-frgb-blanco\/#breadcrumb\",\"itemListElement\":[{\"@type\":\"ListItem\",\"position\":1,\"name\":\"Portada\",\"item\":\"https:\/\/aivlisoft.net\/shop\/\"},{\"@type\":\"ListItem\",\"position\":2,\"name\":\"Tienda\",\"item\":\"https:\/\/aivlisoft.net\/shop\/tienda\/\"},{\"@type\":\"ListItem\",\"position\":3,\"name\":\"Mars Gaming Teclado MK023 TKL FRGB Blanco\"}]},{\"@type\":\"WebSite\",\"@id\":\"https:\/\/aivlisoft.net\/shop\/#website\",\"url\":\"https:\/\/aivlisoft.net\/shop\/\",\"name\":\"Aivlisoft Inform\u00e1tica\",\"description\":\"En Aivlisoft Inform\u00e1tica ofrecemos soluciones tecnol\u00f3gicas para empresas: venta de ordenadores, consumibles, perif\u00e9ricos y m\u00e1s. Calidad, atenci\u00f3n personalizada y los mejores precios para tu negocio.\",\"publisher\":{\"@id\":\"https:\/\/aivlisoft.net\/shop\/#organization\"},\"potentialAction\":[{\"@type\":\"SearchAction\",\"target\":{\"@type\":\"EntryPoint\",\"urlTemplate\":\"https:\/\/aivlisoft.net\/shop\/?s={search_term_string}\"},\"query-input\":{\"@type\":\"PropertyValueSpecification\",\"valueRequired\":true,\"valueName\":\"search_term_string\"}}],\"inLanguage\":\"es\"},{\"@type\":\"Organization\",\"@id\":\"https:\/\/aivlisoft.net\/shop\/#organization\",\"name\":\"Aivlisoft Inform\u00e1tica\",\"url\":\"https:\/\/aivlisoft.net\/shop\/\",\"logo\":{\"@type\":\"ImageObject\",\"inLanguage\":\"es\",\"@id\":\"https:\/\/aivlisoft.net\/shop\/#\/schema\/logo\/image\/\",\"url\":\"https:\/\/aivlisoft.net\/shop\/wp-content\/uploads\/2024\/12\/removal.ai_5b848c54-0cdf-4140-95c5-c5536bb7573b-logodef.png\",\"contentUrl\":\"https:\/\/aivlisoft.net\/shop\/wp-content\/uploads\/2024\/12\/removal.ai_5b848c54-0cdf-4140-95c5-c5536bb7573b-logodef.png\",\"width\":484,\"height\":182,\"caption\":\"Aivlisoft Inform\u00e1tica\"},\"image\":{\"@id\":\"https:\/\/aivlisoft.net\/shop\/#\/schema\/logo\/image\/\"}}]}<\/script>\n<!-- \/ Yoast SEO plugin. -->","yoast_head_json":{"title":"Mars Gaming Teclado MK023 TKL FRGB Blanco - Aivlisoft Inform\u00e1tica","robots":{"index":"index","follow":"follow","max-snippet":"max-snippet:-1","max-image-preview":"max-image-preview:large","max-video-preview":"max-video-preview:-1"},"canonical":"https:\/\/aivlisoft.net\/shop\/producto\/mars-gaming-teclado-mk023-tkl-frgb-blanco\/","og_locale":"es_ES","og_type":"article","og_title":"Mars Gaming Teclado MK023 TKL FRGB Blanco - Aivlisoft Inform\u00e1tica","og_description":"Marca Mars Gaming Modelo MK023WES Caracter&iacute;sticas &#8211; Dise&ntilde;o: TKL &#8211; Material teclado: ABS &#8211; Iluminaci&oacute;n: FRGB Rainbow &#8211; Tecnolog&iacute;a: Membrana &#8211; Tipo de switch: H-Mech &#8211; Longitud del cable: 145cm &#8211; Conectores: USB 2.0 &#8211; Anti-ghosting &#8211; Compatibilidad: Windows, *Linux, *Mac, PS4, PS5, XBOX ONE, XBOX SERIES X-S, Nintendo Switch *(Algunas funciones pueden no funcionar&hellip;&nbsp;Mars Gaming Teclado MK023 TKL FRGB Blanco","og_url":"https:\/\/aivlisoft.net\/shop\/producto\/mars-gaming-teclado-mk023-tkl-frgb-blanco\/","og_site_name":"Aivlisoft Inform\u00e1tica","article_modified_time":"2025-01-14T10:57:00+00:00","og_image":[{"width":800,"height":800,"url":"https:\/\/aivlisoft.net\/shop\/wp-content\/uploads\/2025\/01\/FTRTUS0555_800.jpg","type":"image\/jpeg"}],"twitter_card":"summary_large_image","twitter_misc":{"Tiempo de lectura":"1 minuto"},"schema":{"@context":"https:\/\/schema.org","@graph":[{"@type":"WebPage","@id":"https:\/\/aivlisoft.net\/shop\/producto\/mars-gaming-teclado-mk023-tkl-frgb-blanco\/","url":"https:\/\/aivlisoft.net\/shop\/producto\/mars-gaming-teclado-mk023-tkl-frgb-blanco\/","name":"Mars Gaming Teclado MK023 TKL FRGB Blanco - Aivlisoft Inform\u00e1tica","isPartOf":{"@id":"https:\/\/aivlisoft.net\/shop\/#website"},"primaryImageOfPage":{"@id":"https:\/\/aivlisoft.net\/shop\/producto\/mars-gaming-teclado-mk023-tkl-frgb-blanco\/#primaryimage"},"image":{"@id":"https:\/\/aivlisoft.net\/shop\/producto\/mars-gaming-teclado-mk023-tkl-frgb-blanco\/#primaryimage"},"thumbnailUrl":"https:\/\/aivlisoft.net\/shop\/wp-content\/uploads\/2025\/01\/FTRTUS0555_800.jpg","datePublished":"2025-01-13T14:12:31+00:00","dateModified":"2025-01-14T10:57:00+00:00","breadcrumb":{"@id":"https:\/\/aivlisoft.net\/shop\/producto\/mars-gaming-teclado-mk023-tkl-frgb-blanco\/#breadcrumb"},"inLanguage":"es","potentialAction":[{"@type":"ReadAction","target":["https:\/\/aivlisoft.net\/shop\/producto\/mars-gaming-teclado-mk023-tkl-frgb-blanco\/"]}]},{"@type":"ImageObject","inLanguage":"es","@id":"https:\/\/aivlisoft.net\/shop\/producto\/mars-gaming-teclado-mk023-tkl-frgb-blanco\/#primaryimage","url":"https:\/\/aivlisoft.net\/shop\/wp-content\/uploads\/2025\/01\/FTRTUS0555_800.jpg","contentUrl":"https:\/\/aivlisoft.net\/shop\/wp-content\/uploads\/2025\/01\/FTRTUS0555_800.jpg","width":800,"height":800},{"@type":"BreadcrumbList","@id":"https:\/\/aivlisoft.net\/shop\/producto\/mars-gaming-teclado-mk023-tkl-frgb-blanco\/#breadcrumb","itemListElement":[{"@type":"ListItem","position":1,"name":"Portada","item":"https:\/\/aivlisoft.net\/shop\/"},{"@type":"ListItem","position":2,"name":"Tienda","item":"https:\/\/aivlisoft.net\/shop\/tienda\/"},{"@type":"ListItem","position":3,"name":"Mars Gaming Teclado MK023 TKL FRGB Blanco"}]},{"@type":"WebSite","@id":"https:\/\/aivlisoft.net\/shop\/#website","url":"https:\/\/aivlisoft.net\/shop\/","name":"Aivlisoft Inform\u00e1tica","description":"En Aivlisoft Inform\u00e1tica ofrecemos soluciones tecnol\u00f3gicas para empresas: venta de ordenadores, consumibles, perif\u00e9ricos y m\u00e1s. Calidad, atenci\u00f3n personalizada y los mejores precios para tu negocio.","publisher":{"@id":"https:\/\/aivlisoft.net\/shop\/#organization"},"potentialAction":[{"@type":"SearchAction","target":{"@type":"EntryPoint","urlTemplate":"https:\/\/aivlisoft.net\/shop\/?s={search_term_string}"},"query-input":{"@type":"PropertyValueSpecification","valueRequired":true,"valueName":"search_term_string"}}],"inLanguage":"es"},{"@type":"Organization","@id":"https:\/\/aivlisoft.net\/shop\/#organization","name":"Aivlisoft Inform\u00e1tica","url":"https:\/\/aivlisoft.net\/shop\/","logo":{"@type":"ImageObject","inLanguage":"es","@id":"https:\/\/aivlisoft.net\/shop\/#\/schema\/logo\/image\/","url":"https:\/\/aivlisoft.net\/shop\/wp-content\/uploads\/2024\/12\/removal.ai_5b848c54-0cdf-4140-95c5-c5536bb7573b-logodef.png","contentUrl":"https:\/\/aivlisoft.net\/shop\/wp-content\/uploads\/2024\/12\/removal.ai_5b848c54-0cdf-4140-95c5-c5536bb7573b-logodef.png","width":484,"height":182,"caption":"Aivlisoft Inform\u00e1tica"},"image":{"@id":"https:\/\/aivlisoft.net\/shop\/#\/schema\/logo\/image\/"}}]}},"_links":{"self":[{"href":"https:\/\/aivlisoft.net\/shop\/wp-json\/wp\/v2\/product\/11229","targetHints":{"allow":["GET"]}}],"collection":[{"href":"https:\/\/aivlisoft.net\/shop\/wp-json\/wp\/v2\/product"}],"about":[{"href":"https:\/\/aivlisoft.net\/shop\/wp-json\/wp\/v2\/types\/product"}],"wp:featuredmedia":[{"embeddable":true,"href":"https:\/\/aivlisoft.net\/shop\/wp-json\/wp\/v2\/media\/11230"}],"wp:attachment":[{"href":"https:\/\/aivlisoft.net\/shop\/wp-json\/wp\/v2\/media?parent=11229"}],"wp:term":[{"taxonomy":"product_brand","embeddable":true,"href":"https:\/\/aivlisoft.net\/shop\/wp-json\/wp\/v2\/product_brand?post=11229"},{"taxonomy":"product_cat","embeddable":true,"href":"https:\/\/aivlisoft.net\/shop\/wp-json\/wp\/v2\/product_cat?post=11229"},{"taxonomy":"product_tag","embeddable":true,"href":"https:\/\/aivlisoft.net\/shop\/wp-json\/wp\/v2\/product_tag?post=11229"}],"curies":[{"name":"wp","href":"https:\/\/api.w.org\/{rel}","templated":true}]}}