{"id":11209,"date":"2025-01-13T14:12:19","date_gmt":"2025-01-13T14:12:19","guid":{"rendered":"https:\/\/aivlisoft.com\/?post_type=product&#038;p=11209"},"modified":"2025-01-14T10:56:53","modified_gmt":"2025-01-14T10:56:53","slug":"cougar-teclado-aurora-s-gaming","status":"publish","type":"product","link":"https:\/\/aivlisoft.net\/shop\/producto\/cougar-teclado-aurora-s-gaming\/","title":{"rendered":"Cougar Teclado Aurora S Gaming"},"content":{"rendered":"<p><strong>Donde la comodidad se encuentra con los juegos<\/strong><br \/>Aurora S es un excelente teclado para gamers por tres razones: tiene una excelente respuesta con alta precisi&oacute;n; viene con pr&aacute;cticas funciones que hacen tu vida m&aacute;s f&aacute;cil o es muy c&oacute;modo para escribir. Y si esto no fuera suficiente, &iexcl;es hermoso y viene con efectos din&aacute;micos de iluminaci&oacute;n multicolor!<\/p>\n<p><strong>Gloria resplandeciente<\/strong><br \/>El sistema de retroiluminaci&oacute;n completa brillante de Aurora S es excelente tanto para jugar de noche como para crear una atm&oacute;sfera de juego inmersiva. &iexcl;Ocho vibrantes efectos multicolores iluminar&aacute;n tu experiencia de juego!<\/p>\n<p><strong>Superficie similar al carbono<\/strong><br \/>La superficie de Aurora S luce un dise&ntilde;o similar al carbono &uacute;nico que le da un aspecto distintivo. Ideal para una construcci&oacute;n de juegos, la textura agradable a la vista de Aurora crea una atm&oacute;sfera futurista que encajar&aacute; perfectamente con los &uacute;ltimos componentes de juegos.<\/p>\n<p><strong>Comodidad<\/strong><br \/>Se ha puesto un esfuerzo especial en el dise&ntilde;o de Aurora S para que sea muy c&oacute;modo durante largas sesiones de juego o escritura. Con interruptores de membrana que no castigan sus dedos y al mismo tiempo brindan una excelente respuesta, Aurora S es un compa&ntilde;ero ideal para los jugadores.<\/p>\n<p><strong>Anti-Ghosting<\/strong><br \/>La entrada precisa es fundamental para lograr la victoria en los juegos. Para garantizar que sus comandos se registren adecuadamente, Aurora S cuenta con tecnolog&iacute;a anti-ghosting avanzada en sus 19 teclas principales, lo que le permite hacer un uso confiable de los comandos de varias teclas.<\/p>\n<p><strong>Accesos directos convenientes + funciones adicionales &uacute;tiles<\/strong><br \/>La vida es demasiado corta para recordar infinitas combinaciones de teclas. Con los accesos directos de la tecla FN convenientemente ubicados en las funciones de Aurora S, podr&aacute; acceder a funciones importantes en el juego, evitando salidas al escritorio que rompan la inmersi&oacute;n para ajustar la configuraci&oacute;n. Aparte de esto, funciones importantes como el bloqueo de teclas de Windows te hacen la vida mucho m&aacute;s f&aacute;cil.<\/p>\n<table class=\"tabla_caracteristicas\" width=\"100%\">\n<tr>\n<td valign=\"top\"><strong>Marca<\/strong><\/td>\n<td>Cougar<\/td>\n<\/tr>\n<tr>\n<td valign=\"top\"><strong>Modelo<\/strong><\/td>\n<td><strong>37AUSXNMB.0022<\/strong><\/td>\n<\/tr>\n<tr>\n<td valign=\"top\"><strong>Caracter&iacute;sticas<\/strong><\/td>\n<td>&#8211; Teclado: Membrana<br \/>\t\t\t&#8211; Teclas anti-ghosting: 19 teclas<br \/>\t\t\t&#8211; Requiere: Windows 7, Windows 8, Windows 10<br \/>\t\t\t&#8211; Luz de fondo: efectos de luz de fondo RGB<br \/>\t\t\t&#8211; Interfaz: conector USB<br \/>\t\t\t&#8211; Longitud del cable: 1,6 m<br \/>\t\t\t&#8211; Dimensiones:<br \/>\t\t\t&nbsp; 180 (L) X 450 (An) X 25 (Al) mm<br \/>\t\t\t&nbsp; 7,08 (largo) x 17,71 (ancho) x 0,98 (alto)<br \/>\t\t\t&#8211; Peso: 750g<\/td>\n<\/tr>\n<tr>\n<td valign=\"top\"><strong>Fecha de revisi&oacute;n<\/strong><\/td>\n<td>03-10-2022 por MPM<\/td>\n<\/tr>\n<\/table>\n","protected":false},"excerpt":{"rendered":"<p>Donde la comodidad se encuentra con los juegosAurora S es un excelente teclado para gamers por tres razones: tiene una excelente respuesta con alta precisi&oacute;n; viene con pr&aacute;cticas funciones que hacen tu vida m&aacute;s f&aacute;cil o es muy c&oacute;modo para escribir. Y si esto no fuera suficiente, &iexcl;es hermoso y viene con efectos din&aacute;micos de&hellip;&nbsp;<a href=\"https:\/\/aivlisoft.net\/shop\/producto\/cougar-teclado-aurora-s-gaming\/\" rel=\"bookmark\"><span class=\"screen-reader-text\">Cougar Teclado Aurora S Gaming<\/span><\/a><\/p>\n","protected":false},"featured_media":11210,"template":"","meta":{"neve_meta_sidebar":"","neve_meta_container":"","neve_meta_enable_content_width":"","neve_meta_content_width":0,"neve_meta_title_alignment":"","neve_meta_author_avatar":"","neve_post_elements_order":"","neve_meta_disable_header":"","neve_meta_disable_footer":"","neve_meta_disable_title":""},"product_brand":[],"product_cat":[8723],"product_tag":[4379],"class_list":{"0":"post-11209","1":"product","2":"type-product","3":"status-publish","4":"has-post-thumbnail","6":"product_cat-teclados-usb","7":"product_tag-37ausxnmb-0022","9":"first","10":"instock","11":"taxable","12":"shipping-taxable","13":"purchasable","14":"product-type-simple"},"yoast_head":"<!-- This site is optimized with the Yoast SEO plugin v26.0 - https:\/\/yoast.com\/wordpress\/plugins\/seo\/ -->\n<title>Cougar Teclado Aurora S Gaming - Aivlisoft Inform\u00e1tica<\/title>\n<meta name=\"robots\" content=\"index, follow, max-snippet:-1, max-image-preview:large, max-video-preview:-1\" \/>\n<link rel=\"canonical\" href=\"https:\/\/aivlisoft.net\/shop\/producto\/cougar-teclado-aurora-s-gaming\/\" \/>\n<meta property=\"og:locale\" content=\"es_ES\" \/>\n<meta property=\"og:type\" content=\"article\" \/>\n<meta property=\"og:title\" content=\"Cougar Teclado Aurora S Gaming - Aivlisoft Inform\u00e1tica\" \/>\n<meta property=\"og:description\" content=\"Donde la comodidad se encuentra con los juegosAurora S es un excelente teclado para gamers por tres razones: tiene una excelente respuesta con alta precisi&oacute;n; viene con pr&aacute;cticas funciones que hacen tu vida m&aacute;s f&aacute;cil o es muy c&oacute;modo para escribir. Y si esto no fuera suficiente, &iexcl;es hermoso y viene con efectos din&aacute;micos de&hellip;&nbsp;Cougar Teclado Aurora S Gaming\" \/>\n<meta property=\"og:url\" content=\"https:\/\/aivlisoft.net\/shop\/producto\/cougar-teclado-aurora-s-gaming\/\" \/>\n<meta property=\"og:site_name\" content=\"Aivlisoft Inform\u00e1tica\" \/>\n<meta property=\"article:modified_time\" content=\"2025-01-14T10:56:53+00:00\" \/>\n<meta property=\"og:image\" content=\"https:\/\/aivlisoft.net\/shop\/wp-content\/uploads\/2025\/01\/FTRTUS0523_800.jpg\" \/>\n\t<meta property=\"og:image:width\" content=\"800\" \/>\n\t<meta property=\"og:image:height\" content=\"800\" \/>\n\t<meta property=\"og:image:type\" content=\"image\/jpeg\" \/>\n<meta name=\"twitter:card\" content=\"summary_large_image\" \/>\n<meta name=\"twitter:label1\" content=\"Tiempo de lectura\" \/>\n\t<meta name=\"twitter:data1\" content=\"2 minutos\" \/>\n<script type=\"application\/ld+json\" class=\"yoast-schema-graph\">{\"@context\":\"https:\/\/schema.org\",\"@graph\":[{\"@type\":\"WebPage\",\"@id\":\"https:\/\/aivlisoft.net\/shop\/producto\/cougar-teclado-aurora-s-gaming\/\",\"url\":\"https:\/\/aivlisoft.net\/shop\/producto\/cougar-teclado-aurora-s-gaming\/\",\"name\":\"Cougar Teclado Aurora S Gaming - Aivlisoft Inform\u00e1tica\",\"isPartOf\":{\"@id\":\"https:\/\/aivlisoft.net\/shop\/#website\"},\"primaryImageOfPage\":{\"@id\":\"https:\/\/aivlisoft.net\/shop\/producto\/cougar-teclado-aurora-s-gaming\/#primaryimage\"},\"image\":{\"@id\":\"https:\/\/aivlisoft.net\/shop\/producto\/cougar-teclado-aurora-s-gaming\/#primaryimage\"},\"thumbnailUrl\":\"https:\/\/aivlisoft.net\/shop\/wp-content\/uploads\/2025\/01\/FTRTUS0523_800.jpg\",\"datePublished\":\"2025-01-13T14:12:19+00:00\",\"dateModified\":\"2025-01-14T10:56:53+00:00\",\"breadcrumb\":{\"@id\":\"https:\/\/aivlisoft.net\/shop\/producto\/cougar-teclado-aurora-s-gaming\/#breadcrumb\"},\"inLanguage\":\"es\",\"potentialAction\":[{\"@type\":\"ReadAction\",\"target\":[\"https:\/\/aivlisoft.net\/shop\/producto\/cougar-teclado-aurora-s-gaming\/\"]}]},{\"@type\":\"ImageObject\",\"inLanguage\":\"es\",\"@id\":\"https:\/\/aivlisoft.net\/shop\/producto\/cougar-teclado-aurora-s-gaming\/#primaryimage\",\"url\":\"https:\/\/aivlisoft.net\/shop\/wp-content\/uploads\/2025\/01\/FTRTUS0523_800.jpg\",\"contentUrl\":\"https:\/\/aivlisoft.net\/shop\/wp-content\/uploads\/2025\/01\/FTRTUS0523_800.jpg\",\"width\":800,\"height\":800},{\"@type\":\"BreadcrumbList\",\"@id\":\"https:\/\/aivlisoft.net\/shop\/producto\/cougar-teclado-aurora-s-gaming\/#breadcrumb\",\"itemListElement\":[{\"@type\":\"ListItem\",\"position\":1,\"name\":\"Portada\",\"item\":\"https:\/\/aivlisoft.net\/shop\/\"},{\"@type\":\"ListItem\",\"position\":2,\"name\":\"Tienda\",\"item\":\"https:\/\/aivlisoft.net\/shop\/tienda\/\"},{\"@type\":\"ListItem\",\"position\":3,\"name\":\"Cougar Teclado Aurora S Gaming\"}]},{\"@type\":\"WebSite\",\"@id\":\"https:\/\/aivlisoft.net\/shop\/#website\",\"url\":\"https:\/\/aivlisoft.net\/shop\/\",\"name\":\"Aivlisoft Inform\u00e1tica\",\"description\":\"En Aivlisoft Inform\u00e1tica ofrecemos soluciones tecnol\u00f3gicas para empresas: venta de ordenadores, consumibles, perif\u00e9ricos y m\u00e1s. Calidad, atenci\u00f3n personalizada y los mejores precios para tu negocio.\",\"publisher\":{\"@id\":\"https:\/\/aivlisoft.net\/shop\/#organization\"},\"potentialAction\":[{\"@type\":\"SearchAction\",\"target\":{\"@type\":\"EntryPoint\",\"urlTemplate\":\"https:\/\/aivlisoft.net\/shop\/?s={search_term_string}\"},\"query-input\":{\"@type\":\"PropertyValueSpecification\",\"valueRequired\":true,\"valueName\":\"search_term_string\"}}],\"inLanguage\":\"es\"},{\"@type\":\"Organization\",\"@id\":\"https:\/\/aivlisoft.net\/shop\/#organization\",\"name\":\"Aivlisoft Inform\u00e1tica\",\"url\":\"https:\/\/aivlisoft.net\/shop\/\",\"logo\":{\"@type\":\"ImageObject\",\"inLanguage\":\"es\",\"@id\":\"https:\/\/aivlisoft.net\/shop\/#\/schema\/logo\/image\/\",\"url\":\"https:\/\/aivlisoft.net\/shop\/wp-content\/uploads\/2024\/12\/removal.ai_5b848c54-0cdf-4140-95c5-c5536bb7573b-logodef.png\",\"contentUrl\":\"https:\/\/aivlisoft.net\/shop\/wp-content\/uploads\/2024\/12\/removal.ai_5b848c54-0cdf-4140-95c5-c5536bb7573b-logodef.png\",\"width\":484,\"height\":182,\"caption\":\"Aivlisoft Inform\u00e1tica\"},\"image\":{\"@id\":\"https:\/\/aivlisoft.net\/shop\/#\/schema\/logo\/image\/\"}}]}<\/script>\n<!-- \/ Yoast SEO plugin. -->","yoast_head_json":{"title":"Cougar Teclado Aurora S Gaming - Aivlisoft Inform\u00e1tica","robots":{"index":"index","follow":"follow","max-snippet":"max-snippet:-1","max-image-preview":"max-image-preview:large","max-video-preview":"max-video-preview:-1"},"canonical":"https:\/\/aivlisoft.net\/shop\/producto\/cougar-teclado-aurora-s-gaming\/","og_locale":"es_ES","og_type":"article","og_title":"Cougar Teclado Aurora S Gaming - Aivlisoft Inform\u00e1tica","og_description":"Donde la comodidad se encuentra con los juegosAurora S es un excelente teclado para gamers por tres razones: tiene una excelente respuesta con alta precisi&oacute;n; viene con pr&aacute;cticas funciones que hacen tu vida m&aacute;s f&aacute;cil o es muy c&oacute;modo para escribir. Y si esto no fuera suficiente, &iexcl;es hermoso y viene con efectos din&aacute;micos de&hellip;&nbsp;Cougar Teclado Aurora S Gaming","og_url":"https:\/\/aivlisoft.net\/shop\/producto\/cougar-teclado-aurora-s-gaming\/","og_site_name":"Aivlisoft Inform\u00e1tica","article_modified_time":"2025-01-14T10:56:53+00:00","og_image":[{"width":800,"height":800,"url":"https:\/\/aivlisoft.net\/shop\/wp-content\/uploads\/2025\/01\/FTRTUS0523_800.jpg","type":"image\/jpeg"}],"twitter_card":"summary_large_image","twitter_misc":{"Tiempo de lectura":"2 minutos"},"schema":{"@context":"https:\/\/schema.org","@graph":[{"@type":"WebPage","@id":"https:\/\/aivlisoft.net\/shop\/producto\/cougar-teclado-aurora-s-gaming\/","url":"https:\/\/aivlisoft.net\/shop\/producto\/cougar-teclado-aurora-s-gaming\/","name":"Cougar Teclado Aurora S Gaming - Aivlisoft Inform\u00e1tica","isPartOf":{"@id":"https:\/\/aivlisoft.net\/shop\/#website"},"primaryImageOfPage":{"@id":"https:\/\/aivlisoft.net\/shop\/producto\/cougar-teclado-aurora-s-gaming\/#primaryimage"},"image":{"@id":"https:\/\/aivlisoft.net\/shop\/producto\/cougar-teclado-aurora-s-gaming\/#primaryimage"},"thumbnailUrl":"https:\/\/aivlisoft.net\/shop\/wp-content\/uploads\/2025\/01\/FTRTUS0523_800.jpg","datePublished":"2025-01-13T14:12:19+00:00","dateModified":"2025-01-14T10:56:53+00:00","breadcrumb":{"@id":"https:\/\/aivlisoft.net\/shop\/producto\/cougar-teclado-aurora-s-gaming\/#breadcrumb"},"inLanguage":"es","potentialAction":[{"@type":"ReadAction","target":["https:\/\/aivlisoft.net\/shop\/producto\/cougar-teclado-aurora-s-gaming\/"]}]},{"@type":"ImageObject","inLanguage":"es","@id":"https:\/\/aivlisoft.net\/shop\/producto\/cougar-teclado-aurora-s-gaming\/#primaryimage","url":"https:\/\/aivlisoft.net\/shop\/wp-content\/uploads\/2025\/01\/FTRTUS0523_800.jpg","contentUrl":"https:\/\/aivlisoft.net\/shop\/wp-content\/uploads\/2025\/01\/FTRTUS0523_800.jpg","width":800,"height":800},{"@type":"BreadcrumbList","@id":"https:\/\/aivlisoft.net\/shop\/producto\/cougar-teclado-aurora-s-gaming\/#breadcrumb","itemListElement":[{"@type":"ListItem","position":1,"name":"Portada","item":"https:\/\/aivlisoft.net\/shop\/"},{"@type":"ListItem","position":2,"name":"Tienda","item":"https:\/\/aivlisoft.net\/shop\/tienda\/"},{"@type":"ListItem","position":3,"name":"Cougar Teclado Aurora S Gaming"}]},{"@type":"WebSite","@id":"https:\/\/aivlisoft.net\/shop\/#website","url":"https:\/\/aivlisoft.net\/shop\/","name":"Aivlisoft Inform\u00e1tica","description":"En Aivlisoft Inform\u00e1tica ofrecemos soluciones tecnol\u00f3gicas para empresas: venta de ordenadores, consumibles, perif\u00e9ricos y m\u00e1s. Calidad, atenci\u00f3n personalizada y los mejores precios para tu negocio.","publisher":{"@id":"https:\/\/aivlisoft.net\/shop\/#organization"},"potentialAction":[{"@type":"SearchAction","target":{"@type":"EntryPoint","urlTemplate":"https:\/\/aivlisoft.net\/shop\/?s={search_term_string}"},"query-input":{"@type":"PropertyValueSpecification","valueRequired":true,"valueName":"search_term_string"}}],"inLanguage":"es"},{"@type":"Organization","@id":"https:\/\/aivlisoft.net\/shop\/#organization","name":"Aivlisoft Inform\u00e1tica","url":"https:\/\/aivlisoft.net\/shop\/","logo":{"@type":"ImageObject","inLanguage":"es","@id":"https:\/\/aivlisoft.net\/shop\/#\/schema\/logo\/image\/","url":"https:\/\/aivlisoft.net\/shop\/wp-content\/uploads\/2024\/12\/removal.ai_5b848c54-0cdf-4140-95c5-c5536bb7573b-logodef.png","contentUrl":"https:\/\/aivlisoft.net\/shop\/wp-content\/uploads\/2024\/12\/removal.ai_5b848c54-0cdf-4140-95c5-c5536bb7573b-logodef.png","width":484,"height":182,"caption":"Aivlisoft Inform\u00e1tica"},"image":{"@id":"https:\/\/aivlisoft.net\/shop\/#\/schema\/logo\/image\/"}}]}},"_links":{"self":[{"href":"https:\/\/aivlisoft.net\/shop\/wp-json\/wp\/v2\/product\/11209","targetHints":{"allow":["GET"]}}],"collection":[{"href":"https:\/\/aivlisoft.net\/shop\/wp-json\/wp\/v2\/product"}],"about":[{"href":"https:\/\/aivlisoft.net\/shop\/wp-json\/wp\/v2\/types\/product"}],"wp:featuredmedia":[{"embeddable":true,"href":"https:\/\/aivlisoft.net\/shop\/wp-json\/wp\/v2\/media\/11210"}],"wp:attachment":[{"href":"https:\/\/aivlisoft.net\/shop\/wp-json\/wp\/v2\/media?parent=11209"}],"wp:term":[{"taxonomy":"product_brand","embeddable":true,"href":"https:\/\/aivlisoft.net\/shop\/wp-json\/wp\/v2\/product_brand?post=11209"},{"taxonomy":"product_cat","embeddable":true,"href":"https:\/\/aivlisoft.net\/shop\/wp-json\/wp\/v2\/product_cat?post=11209"},{"taxonomy":"product_tag","embeddable":true,"href":"https:\/\/aivlisoft.net\/shop\/wp-json\/wp\/v2\/product_tag?post=11209"}],"curies":[{"name":"wp","href":"https:\/\/api.w.org\/{rel}","templated":true}]}}