{"id":11189,"date":"2025-01-13T14:12:08","date_gmt":"2025-01-13T14:12:08","guid":{"rendered":"https:\/\/aivlisoft.com\/?post_type=product&#038;p=11189"},"modified":"2025-01-14T10:56:46","modified_gmt":"2025-01-14T10:56:46","slug":"iggual-teclado-usb-compacto-tkl-slim-tkl-usb-negro","status":"publish","type":"product","link":"https:\/\/aivlisoft.net\/shop\/producto\/iggual-teclado-usb-compacto-tkl-slim-tkl-usb-negro\/","title":{"rendered":"iggual Teclado USB compacto TKL Slim TKL-USB negro"},"content":{"rendered":"<p>El teclado compacto <strong>TKL Slim de iggual<\/strong>, con conexi&oacute;n USB, es la alternativa perfecta para tomar apuntes en clase o teclear en la oficina gracias a su formato ultra silencioso.<\/p>\n<p>Con un dise&ntilde;o compacto y delgado, que elimina el pad num&eacute;rico de su zona derecha, este dispositivo permite ahorrar espacio y ayuda a conseguir una postura corporal mucho m&aacute;s natural. Adem&aacute;s, sus reducidas dimensiones hacen que sea muy c&oacute;modo de transportar.<\/p>\n<p>Este teclado de<strong> iggual<\/strong>, compatible con Windows y Android, est&aacute; fabricado con materiales resistentes que garantizan su durabilidad y ofrece todas las ventajas de la tecnolog&iacute;a Plug &amp; Play, para que te olvides de los inc&oacute;modos procesos de instalaci&oacute;n.<br \/>&nbsp;<\/p>\n<table class=\"tabla_caracteristicas\" width=\"100%\">\n<tr>\n<td><strong>Marca<\/strong><\/td>\n<td>iggual<\/td>\n<\/tr>\n<tr>\n<td><strong>Modelo<\/strong><\/td>\n<td><strong>IGG317082<\/strong><\/td>\n<\/tr>\n<tr>\n<td><strong>Tipo<\/strong><\/td>\n<td>Teclado USB compacto TKL Slim TKL-USB negro<\/td>\n<\/tr>\n<tr>\n<td><strong>Caracter&iacute;sticas<\/strong><\/td>\n<td>&#8211; Conexi&oacute;n USB<br \/>\t\t\t&#8211; 83 teclas (teclado 60%)<br \/>\t\t\t&#8211; Ultra-silencioso<br \/>\t\t\t&#8211; Dise&ntilde;o delgado<br \/>\t\t\t&#8211; Agradable al tacto<br \/>\t\t\t&#8211; Enchufar y listo<br \/>\t\t\t&#8211; Longitud del cable: 1,2 m<br \/>\t\t\t&#8211; Dimensiones: 30,5 x 12,6 x 2,7 cm<br \/>\t\t\t&#8211; Soporta Windows y Android<br \/>\t\t\t&#8211; Color: negro<\/td>\n<\/tr>\n<tr>\n<td><strong>Fecha de revisi&oacute;n<\/strong><\/td>\n<td>22-02-2022 por MPM<\/td>\n<\/tr>\n<\/table>\n","protected":false},"excerpt":{"rendered":"<p>El teclado compacto TKL Slim de iggual, con conexi&oacute;n USB, es la alternativa perfecta para tomar apuntes en clase o teclear en la oficina gracias a su formato ultra silencioso. Con un dise&ntilde;o compacto y delgado, que elimina el pad num&eacute;rico de su zona derecha, este dispositivo permite ahorrar espacio y ayuda a conseguir una&hellip;&nbsp;<a href=\"https:\/\/aivlisoft.net\/shop\/producto\/iggual-teclado-usb-compacto-tkl-slim-tkl-usb-negro\/\" rel=\"bookmark\"><span class=\"screen-reader-text\">iggual Teclado USB compacto TKL Slim TKL-USB negro<\/span><\/a><\/p>\n","protected":false},"featured_media":11190,"template":"","meta":{"neve_meta_sidebar":"","neve_meta_container":"","neve_meta_enable_content_width":"","neve_meta_content_width":0,"neve_meta_title_alignment":"","neve_meta_author_avatar":"","neve_post_elements_order":"","neve_meta_disable_header":"","neve_meta_disable_footer":"","neve_meta_disable_title":""},"product_brand":[],"product_cat":[8723],"product_tag":[4369],"class_list":{"0":"post-11189","1":"product","2":"type-product","3":"status-publish","4":"has-post-thumbnail","6":"product_cat-teclados-usb","7":"product_tag-igg317082","9":"first","10":"instock","11":"taxable","12":"shipping-taxable","13":"purchasable","14":"product-type-simple"},"yoast_head":"<!-- This site is optimized with the Yoast SEO plugin v26.0 - https:\/\/yoast.com\/wordpress\/plugins\/seo\/ -->\n<title>iggual Teclado USB compacto TKL Slim TKL-USB negro - Aivlisoft Inform\u00e1tica<\/title>\n<meta name=\"robots\" content=\"index, follow, max-snippet:-1, max-image-preview:large, max-video-preview:-1\" \/>\n<link rel=\"canonical\" href=\"https:\/\/aivlisoft.net\/shop\/producto\/iggual-teclado-usb-compacto-tkl-slim-tkl-usb-negro\/\" \/>\n<meta property=\"og:locale\" content=\"es_ES\" \/>\n<meta property=\"og:type\" content=\"article\" \/>\n<meta property=\"og:title\" content=\"iggual Teclado USB compacto TKL Slim TKL-USB negro - Aivlisoft Inform\u00e1tica\" \/>\n<meta property=\"og:description\" content=\"El teclado compacto TKL Slim de iggual, con conexi&oacute;n USB, es la alternativa perfecta para tomar apuntes en clase o teclear en la oficina gracias a su formato ultra silencioso. Con un dise&ntilde;o compacto y delgado, que elimina el pad num&eacute;rico de su zona derecha, este dispositivo permite ahorrar espacio y ayuda a conseguir una&hellip;&nbsp;iggual Teclado USB compacto TKL Slim TKL-USB negro\" \/>\n<meta property=\"og:url\" content=\"https:\/\/aivlisoft.net\/shop\/producto\/iggual-teclado-usb-compacto-tkl-slim-tkl-usb-negro\/\" \/>\n<meta property=\"og:site_name\" content=\"Aivlisoft Inform\u00e1tica\" \/>\n<meta property=\"article:modified_time\" content=\"2025-01-14T10:56:46+00:00\" \/>\n<meta property=\"og:image\" content=\"https:\/\/aivlisoft.net\/shop\/wp-content\/uploads\/2025\/01\/FTRTUS0464_800.jpg\" \/>\n\t<meta property=\"og:image:width\" content=\"800\" \/>\n\t<meta property=\"og:image:height\" content=\"800\" \/>\n\t<meta property=\"og:image:type\" content=\"image\/jpeg\" \/>\n<meta name=\"twitter:card\" content=\"summary_large_image\" \/>\n<meta name=\"twitter:label1\" content=\"Tiempo de lectura\" \/>\n\t<meta name=\"twitter:data1\" content=\"1 minuto\" \/>\n<script type=\"application\/ld+json\" class=\"yoast-schema-graph\">{\"@context\":\"https:\/\/schema.org\",\"@graph\":[{\"@type\":\"WebPage\",\"@id\":\"https:\/\/aivlisoft.net\/shop\/producto\/iggual-teclado-usb-compacto-tkl-slim-tkl-usb-negro\/\",\"url\":\"https:\/\/aivlisoft.net\/shop\/producto\/iggual-teclado-usb-compacto-tkl-slim-tkl-usb-negro\/\",\"name\":\"iggual Teclado USB compacto TKL Slim TKL-USB negro - Aivlisoft Inform\u00e1tica\",\"isPartOf\":{\"@id\":\"https:\/\/aivlisoft.net\/shop\/#website\"},\"primaryImageOfPage\":{\"@id\":\"https:\/\/aivlisoft.net\/shop\/producto\/iggual-teclado-usb-compacto-tkl-slim-tkl-usb-negro\/#primaryimage\"},\"image\":{\"@id\":\"https:\/\/aivlisoft.net\/shop\/producto\/iggual-teclado-usb-compacto-tkl-slim-tkl-usb-negro\/#primaryimage\"},\"thumbnailUrl\":\"https:\/\/aivlisoft.net\/shop\/wp-content\/uploads\/2025\/01\/FTRTUS0464_800.jpg\",\"datePublished\":\"2025-01-13T14:12:08+00:00\",\"dateModified\":\"2025-01-14T10:56:46+00:00\",\"breadcrumb\":{\"@id\":\"https:\/\/aivlisoft.net\/shop\/producto\/iggual-teclado-usb-compacto-tkl-slim-tkl-usb-negro\/#breadcrumb\"},\"inLanguage\":\"es\",\"potentialAction\":[{\"@type\":\"ReadAction\",\"target\":[\"https:\/\/aivlisoft.net\/shop\/producto\/iggual-teclado-usb-compacto-tkl-slim-tkl-usb-negro\/\"]}]},{\"@type\":\"ImageObject\",\"inLanguage\":\"es\",\"@id\":\"https:\/\/aivlisoft.net\/shop\/producto\/iggual-teclado-usb-compacto-tkl-slim-tkl-usb-negro\/#primaryimage\",\"url\":\"https:\/\/aivlisoft.net\/shop\/wp-content\/uploads\/2025\/01\/FTRTUS0464_800.jpg\",\"contentUrl\":\"https:\/\/aivlisoft.net\/shop\/wp-content\/uploads\/2025\/01\/FTRTUS0464_800.jpg\",\"width\":800,\"height\":800},{\"@type\":\"BreadcrumbList\",\"@id\":\"https:\/\/aivlisoft.net\/shop\/producto\/iggual-teclado-usb-compacto-tkl-slim-tkl-usb-negro\/#breadcrumb\",\"itemListElement\":[{\"@type\":\"ListItem\",\"position\":1,\"name\":\"Portada\",\"item\":\"https:\/\/aivlisoft.net\/shop\/\"},{\"@type\":\"ListItem\",\"position\":2,\"name\":\"Tienda\",\"item\":\"https:\/\/aivlisoft.net\/shop\/tienda\/\"},{\"@type\":\"ListItem\",\"position\":3,\"name\":\"iggual Teclado USB compacto TKL Slim TKL-USB negro\"}]},{\"@type\":\"WebSite\",\"@id\":\"https:\/\/aivlisoft.net\/shop\/#website\",\"url\":\"https:\/\/aivlisoft.net\/shop\/\",\"name\":\"Aivlisoft Inform\u00e1tica\",\"description\":\"En Aivlisoft Inform\u00e1tica ofrecemos soluciones tecnol\u00f3gicas para empresas: venta de ordenadores, consumibles, perif\u00e9ricos y m\u00e1s. Calidad, atenci\u00f3n personalizada y los mejores precios para tu negocio.\",\"publisher\":{\"@id\":\"https:\/\/aivlisoft.net\/shop\/#organization\"},\"potentialAction\":[{\"@type\":\"SearchAction\",\"target\":{\"@type\":\"EntryPoint\",\"urlTemplate\":\"https:\/\/aivlisoft.net\/shop\/?s={search_term_string}\"},\"query-input\":{\"@type\":\"PropertyValueSpecification\",\"valueRequired\":true,\"valueName\":\"search_term_string\"}}],\"inLanguage\":\"es\"},{\"@type\":\"Organization\",\"@id\":\"https:\/\/aivlisoft.net\/shop\/#organization\",\"name\":\"Aivlisoft Inform\u00e1tica\",\"url\":\"https:\/\/aivlisoft.net\/shop\/\",\"logo\":{\"@type\":\"ImageObject\",\"inLanguage\":\"es\",\"@id\":\"https:\/\/aivlisoft.net\/shop\/#\/schema\/logo\/image\/\",\"url\":\"https:\/\/aivlisoft.net\/shop\/wp-content\/uploads\/2024\/12\/removal.ai_5b848c54-0cdf-4140-95c5-c5536bb7573b-logodef.png\",\"contentUrl\":\"https:\/\/aivlisoft.net\/shop\/wp-content\/uploads\/2024\/12\/removal.ai_5b848c54-0cdf-4140-95c5-c5536bb7573b-logodef.png\",\"width\":484,\"height\":182,\"caption\":\"Aivlisoft Inform\u00e1tica\"},\"image\":{\"@id\":\"https:\/\/aivlisoft.net\/shop\/#\/schema\/logo\/image\/\"}}]}<\/script>\n<!-- \/ Yoast SEO plugin. -->","yoast_head_json":{"title":"iggual Teclado USB compacto TKL Slim TKL-USB negro - Aivlisoft Inform\u00e1tica","robots":{"index":"index","follow":"follow","max-snippet":"max-snippet:-1","max-image-preview":"max-image-preview:large","max-video-preview":"max-video-preview:-1"},"canonical":"https:\/\/aivlisoft.net\/shop\/producto\/iggual-teclado-usb-compacto-tkl-slim-tkl-usb-negro\/","og_locale":"es_ES","og_type":"article","og_title":"iggual Teclado USB compacto TKL Slim TKL-USB negro - Aivlisoft Inform\u00e1tica","og_description":"El teclado compacto TKL Slim de iggual, con conexi&oacute;n USB, es la alternativa perfecta para tomar apuntes en clase o teclear en la oficina gracias a su formato ultra silencioso. Con un dise&ntilde;o compacto y delgado, que elimina el pad num&eacute;rico de su zona derecha, este dispositivo permite ahorrar espacio y ayuda a conseguir una&hellip;&nbsp;iggual Teclado USB compacto TKL Slim TKL-USB negro","og_url":"https:\/\/aivlisoft.net\/shop\/producto\/iggual-teclado-usb-compacto-tkl-slim-tkl-usb-negro\/","og_site_name":"Aivlisoft Inform\u00e1tica","article_modified_time":"2025-01-14T10:56:46+00:00","og_image":[{"width":800,"height":800,"url":"https:\/\/aivlisoft.net\/shop\/wp-content\/uploads\/2025\/01\/FTRTUS0464_800.jpg","type":"image\/jpeg"}],"twitter_card":"summary_large_image","twitter_misc":{"Tiempo de lectura":"1 minuto"},"schema":{"@context":"https:\/\/schema.org","@graph":[{"@type":"WebPage","@id":"https:\/\/aivlisoft.net\/shop\/producto\/iggual-teclado-usb-compacto-tkl-slim-tkl-usb-negro\/","url":"https:\/\/aivlisoft.net\/shop\/producto\/iggual-teclado-usb-compacto-tkl-slim-tkl-usb-negro\/","name":"iggual Teclado USB compacto TKL Slim TKL-USB negro - Aivlisoft Inform\u00e1tica","isPartOf":{"@id":"https:\/\/aivlisoft.net\/shop\/#website"},"primaryImageOfPage":{"@id":"https:\/\/aivlisoft.net\/shop\/producto\/iggual-teclado-usb-compacto-tkl-slim-tkl-usb-negro\/#primaryimage"},"image":{"@id":"https:\/\/aivlisoft.net\/shop\/producto\/iggual-teclado-usb-compacto-tkl-slim-tkl-usb-negro\/#primaryimage"},"thumbnailUrl":"https:\/\/aivlisoft.net\/shop\/wp-content\/uploads\/2025\/01\/FTRTUS0464_800.jpg","datePublished":"2025-01-13T14:12:08+00:00","dateModified":"2025-01-14T10:56:46+00:00","breadcrumb":{"@id":"https:\/\/aivlisoft.net\/shop\/producto\/iggual-teclado-usb-compacto-tkl-slim-tkl-usb-negro\/#breadcrumb"},"inLanguage":"es","potentialAction":[{"@type":"ReadAction","target":["https:\/\/aivlisoft.net\/shop\/producto\/iggual-teclado-usb-compacto-tkl-slim-tkl-usb-negro\/"]}]},{"@type":"ImageObject","inLanguage":"es","@id":"https:\/\/aivlisoft.net\/shop\/producto\/iggual-teclado-usb-compacto-tkl-slim-tkl-usb-negro\/#primaryimage","url":"https:\/\/aivlisoft.net\/shop\/wp-content\/uploads\/2025\/01\/FTRTUS0464_800.jpg","contentUrl":"https:\/\/aivlisoft.net\/shop\/wp-content\/uploads\/2025\/01\/FTRTUS0464_800.jpg","width":800,"height":800},{"@type":"BreadcrumbList","@id":"https:\/\/aivlisoft.net\/shop\/producto\/iggual-teclado-usb-compacto-tkl-slim-tkl-usb-negro\/#breadcrumb","itemListElement":[{"@type":"ListItem","position":1,"name":"Portada","item":"https:\/\/aivlisoft.net\/shop\/"},{"@type":"ListItem","position":2,"name":"Tienda","item":"https:\/\/aivlisoft.net\/shop\/tienda\/"},{"@type":"ListItem","position":3,"name":"iggual Teclado USB compacto TKL Slim TKL-USB negro"}]},{"@type":"WebSite","@id":"https:\/\/aivlisoft.net\/shop\/#website","url":"https:\/\/aivlisoft.net\/shop\/","name":"Aivlisoft Inform\u00e1tica","description":"En Aivlisoft Inform\u00e1tica ofrecemos soluciones tecnol\u00f3gicas para empresas: venta de ordenadores, consumibles, perif\u00e9ricos y m\u00e1s. Calidad, atenci\u00f3n personalizada y los mejores precios para tu negocio.","publisher":{"@id":"https:\/\/aivlisoft.net\/shop\/#organization"},"potentialAction":[{"@type":"SearchAction","target":{"@type":"EntryPoint","urlTemplate":"https:\/\/aivlisoft.net\/shop\/?s={search_term_string}"},"query-input":{"@type":"PropertyValueSpecification","valueRequired":true,"valueName":"search_term_string"}}],"inLanguage":"es"},{"@type":"Organization","@id":"https:\/\/aivlisoft.net\/shop\/#organization","name":"Aivlisoft Inform\u00e1tica","url":"https:\/\/aivlisoft.net\/shop\/","logo":{"@type":"ImageObject","inLanguage":"es","@id":"https:\/\/aivlisoft.net\/shop\/#\/schema\/logo\/image\/","url":"https:\/\/aivlisoft.net\/shop\/wp-content\/uploads\/2024\/12\/removal.ai_5b848c54-0cdf-4140-95c5-c5536bb7573b-logodef.png","contentUrl":"https:\/\/aivlisoft.net\/shop\/wp-content\/uploads\/2024\/12\/removal.ai_5b848c54-0cdf-4140-95c5-c5536bb7573b-logodef.png","width":484,"height":182,"caption":"Aivlisoft Inform\u00e1tica"},"image":{"@id":"https:\/\/aivlisoft.net\/shop\/#\/schema\/logo\/image\/"}}]}},"_links":{"self":[{"href":"https:\/\/aivlisoft.net\/shop\/wp-json\/wp\/v2\/product\/11189","targetHints":{"allow":["GET"]}}],"collection":[{"href":"https:\/\/aivlisoft.net\/shop\/wp-json\/wp\/v2\/product"}],"about":[{"href":"https:\/\/aivlisoft.net\/shop\/wp-json\/wp\/v2\/types\/product"}],"wp:featuredmedia":[{"embeddable":true,"href":"https:\/\/aivlisoft.net\/shop\/wp-json\/wp\/v2\/media\/11190"}],"wp:attachment":[{"href":"https:\/\/aivlisoft.net\/shop\/wp-json\/wp\/v2\/media?parent=11189"}],"wp:term":[{"taxonomy":"product_brand","embeddable":true,"href":"https:\/\/aivlisoft.net\/shop\/wp-json\/wp\/v2\/product_brand?post=11189"},{"taxonomy":"product_cat","embeddable":true,"href":"https:\/\/aivlisoft.net\/shop\/wp-json\/wp\/v2\/product_cat?post=11189"},{"taxonomy":"product_tag","embeddable":true,"href":"https:\/\/aivlisoft.net\/shop\/wp-json\/wp\/v2\/product_tag?post=11189"}],"curies":[{"name":"wp","href":"https:\/\/api.w.org\/{rel}","templated":true}]}}