{"id":11181,"date":"2025-01-13T14:12:04","date_gmt":"2025-01-13T14:12:04","guid":{"rendered":"https:\/\/aivlisoft.com\/?post_type=product&#038;p=11181"},"modified":"2025-01-14T10:56:44","modified_gmt":"2025-01-14T10:56:44","slug":"mars-gaming-mkrevo-pro-rgb-tkl-mechanical-azul","status":"publish","type":"product","link":"https:\/\/aivlisoft.net\/shop\/producto\/mars-gaming-mkrevo-pro-rgb-tkl-mechanical-azul\/","title":{"rendered":"Mars Gaming MKREVO PRO RGB TKL MECHANICAL Azul"},"content":{"rendered":"<p><strong>TAMA&Ntilde;O TKL SIN RENUNCIAR A NADA<\/strong><br \/>Ya no tendr&aacute;s que elegir entre tama&ntilde;o compacto o funcionalidad completa, el teclado Mars Gaming MKREVO PRO revoluciona el mercado adaptando el pad num&eacute;rico a un tama&ntilde;o compacto TKL. Mars Gaming ha aprovechado al m&aacute;ximo el tama&ntilde;o disponible para ofrecerte este revolucionario concepto. M&iacute;nimo tama&ntilde;o, sin concesiones.<\/p>\n<p><strong>ILUMINACI&Oacute;N FULL RGB<\/strong><br \/>El sistema de iluminaci&oacute;n LED RGB del MKREVO PRO te ofrece hasta 16.8 millones de colores gracias a su software de control. Elige entre sus m&uacute;ltiples efectos especiales y perfiles personalizables para dise&ntilde;ar la iluminaci&oacute;n a tu gusto: todas las opciones posibles para conseguir exactamente el teclado que quieres.<\/p>\n<p><strong>CHIP DE ALTO RENDIMIENTO VISION MCU<\/strong><br \/>El teclado MKREVO PRO cuenta con un potente chip integrado de alto rendimiento VISION MCU fabricado en Taiw&aacute;n, con arquitectura ARM de nivel 5-5, 32K ROM de almacenamiento y frecuencia de trabajo de 48MHZ. Disfruta de una precisi&oacute;n absoluta en cada acci&oacute;n, m&aacute;xima velocidad de respuesta, antighosting total, m&uacute;ltiples macros, control de la iluminaci&oacute;n y un sinf&iacute;n de prestaciones m&aacute;s.<\/p>\n<p><strong>SWITCHES MEC&Aacute;NICOS OUTEMU PRO<\/strong><br \/>Los switches mec&aacute;nicos OUTEMU PRO garantizan una total precisi&oacute;n y m&aacute;xima durabilidad. Adem&aacute;s, puedes elegir entre tres tipos diferentes de switch: Rojo, Azul o Marr&oacute;n. Personaliza tu experiencia al m&aacute;ximo y consigue el teclado perfecto para ti.<\/p>\n<p><strong>SOFTWARE DE CONTROL PROFESIONAL<\/strong><br \/>Hay un MKREVO PRO para cada tipo de jugador: no s&oacute;lo podr&aacute;s elegir el tipo de switch, adem&aacute;s su software de control ofrece m&uacute;ltiples posibilidades para que personalices tu experiencia como m&aacute;s te guste, permiti&eacute;ndote ajustar todos los par&aacute;metros de tu teclado a tu medida, desde su iluminaci&oacute;n hasta la creaci&oacute;n de macros especializadas.<\/p>\n<p><strong>PRESTACIONES DE ALTO RENDIMIENTO<\/strong><br \/>Todos los detalles de este teclado est&aacute;n cuidados con especial atenci&oacute;n: la m&aacute;s avanzada tecnolog&iacute;a FULL anti-ghosting, cable de doble nylon reforzado ultra-resistente y conector USB chapado en oro para una conectividad r&aacute;pida y precisa. Fabricado con los mejores materiales, el teclado MKREVO PRO ofrece una durabilidad extendida que alarga su vida &uacute;til al m&aacute;ximo.<\/p>\n<p><strong>COMPATIBILIDAD TOTAL MULTIPLATAFORMA<\/strong><br \/>Disfruta de infinitas posibilidades gracias a su total compatibilidad multiplataforma: PC, Mac, PS5, PS4, Switch, XBOX ONE, XBOX SERIES S\/X.<\/p>\n<p><strong>SWITCH AZUL<\/strong><br \/>El switch azul cuenta con la caracter&iacute;stica pulsaci&oacute;n de los teclados mec&aacute;nicos: el cl&aacute;sico &quot;click&quot; indica el momento exacto de la pulsaci&oacute;n, ofreci&eacute;ndote una sensaci&oacute;n firme y una precisi&oacute;n inimitable, perfecto para usuarios que suelen escribir a ordenador.<\/p>\n<table class=\"tabla_caracteristicas k-table\" width=\"100%\">\n<tr>\n<td valign=\"top\"><strong>Marca<\/strong><\/td>\n<td>Mars Gaming<\/td>\n<\/tr>\n<tr>\n<td valign=\"top\"><strong>Modelo<\/strong><\/td>\n<td><strong>MKREVOPROBES <\/strong><\/td>\n<\/tr>\n<tr>\n<td valign=\"top\"><strong>Caracter&iacute;sticas<\/strong><\/td>\n<td>&#8211; Peso: 624g<br \/>\t\t\t&#8211; Dimensiones: 345x124x27mm<br \/>\t\t\t&#8211; Dise&ntilde;o: TKL+NUM<br \/>\t\t\t&#8211; Material teclado: Aluminio + ABS<br \/>\t\t\t&#8211; Iluminaci&oacute;n: RGB Chroma 16,8 millones de colores<br \/>\t\t\t&#8211; Tecnolog&iacute;a: Mec&aacute;nico<br \/>\t\t\t&#8211; Tipo de switch: OUTEMU Azul<br \/>\t\t\t&#8211; Longitud del cable: 150cm<br \/>\t\t\t&#8211; Conectores: USB 2.0 Chapado en oro<br \/>\t\t\t&#8211; Programable: Hardware y software<br \/>\t\t\t&#8211; Frecuencia de refresco: 1000Hz<br \/>\t\t\t&#8211; Anti-ghosting: S&iacute;<br \/>\t\t\t&#8211; Software: S&iacute; (Windows)<br \/>\t\t\t&#8211; Compatibilidad: Windows, Linux, Mac, PS4, PS5, XBOX ONE, XBOX SERIES X-S, Nintendo Switch<br \/>\t\t\t&#8211; Voltaje: DC 5V<br \/>\t\t\t&#8211; Corriente: 200mA<br \/>\t\t\t&#8211; Punto de actuaci&oacute;n: 2mm<br \/>\t\t\t&#8211; Fuerza de actuaci&oacute;n: 60g<br \/>\t\t\t<strong>Contenido de la caja<\/strong><br \/>\t\t\t&#8211; Teclado<br \/>\t\t\t&#8211; Manual<\/td>\n<\/tr>\n<tr>\n<td valign=\"top\"><strong>Fecha de revisi&oacute;n<\/strong><\/td>\n<td>17-06-2021 por MSB<\/td>\n<\/tr>\n<\/table>\n","protected":false},"excerpt":{"rendered":"<p>TAMA&Ntilde;O TKL SIN RENUNCIAR A NADAYa no tendr&aacute;s que elegir entre tama&ntilde;o compacto o funcionalidad completa, el teclado Mars Gaming MKREVO PRO revoluciona el mercado adaptando el pad num&eacute;rico a un tama&ntilde;o compacto TKL. Mars Gaming ha aprovechado al m&aacute;ximo el tama&ntilde;o disponible para ofrecerte este revolucionario concepto. M&iacute;nimo tama&ntilde;o, sin concesiones. ILUMINACI&Oacute;N FULL RGBEl&hellip;&nbsp;<a href=\"https:\/\/aivlisoft.net\/shop\/producto\/mars-gaming-mkrevo-pro-rgb-tkl-mechanical-azul\/\" rel=\"bookmark\"><span class=\"screen-reader-text\">Mars Gaming MKREVO PRO RGB TKL MECHANICAL Azul<\/span><\/a><\/p>\n","protected":false},"featured_media":11182,"template":"","meta":{"neve_meta_sidebar":"","neve_meta_container":"","neve_meta_enable_content_width":"","neve_meta_content_width":0,"neve_meta_title_alignment":"","neve_meta_author_avatar":"","neve_post_elements_order":"","neve_meta_disable_header":"","neve_meta_disable_footer":"","neve_meta_disable_title":""},"product_brand":[],"product_cat":[8723],"product_tag":[4367],"class_list":{"0":"post-11181","1":"product","2":"type-product","3":"status-publish","4":"has-post-thumbnail","6":"product_cat-teclados-usb","7":"product_tag-mkrevoprobes","9":"first","10":"instock","11":"taxable","12":"shipping-taxable","13":"purchasable","14":"product-type-simple"},"yoast_head":"<!-- This site is optimized with the Yoast SEO plugin v26.0 - https:\/\/yoast.com\/wordpress\/plugins\/seo\/ -->\n<title>Mars Gaming MKREVO PRO RGB TKL MECHANICAL Azul - Aivlisoft Inform\u00e1tica<\/title>\n<meta name=\"robots\" content=\"index, follow, max-snippet:-1, max-image-preview:large, max-video-preview:-1\" \/>\n<link rel=\"canonical\" href=\"https:\/\/aivlisoft.net\/shop\/producto\/mars-gaming-mkrevo-pro-rgb-tkl-mechanical-azul\/\" \/>\n<meta property=\"og:locale\" content=\"es_ES\" \/>\n<meta property=\"og:type\" content=\"article\" \/>\n<meta property=\"og:title\" content=\"Mars Gaming MKREVO PRO RGB TKL MECHANICAL Azul - Aivlisoft Inform\u00e1tica\" \/>\n<meta property=\"og:description\" content=\"TAMA&Ntilde;O TKL SIN RENUNCIAR A NADAYa no tendr&aacute;s que elegir entre tama&ntilde;o compacto o funcionalidad completa, el teclado Mars Gaming MKREVO PRO revoluciona el mercado adaptando el pad num&eacute;rico a un tama&ntilde;o compacto TKL. Mars Gaming ha aprovechado al m&aacute;ximo el tama&ntilde;o disponible para ofrecerte este revolucionario concepto. M&iacute;nimo tama&ntilde;o, sin concesiones. ILUMINACI&Oacute;N FULL RGBEl&hellip;&nbsp;Mars Gaming MKREVO PRO RGB TKL MECHANICAL Azul\" \/>\n<meta property=\"og:url\" content=\"https:\/\/aivlisoft.net\/shop\/producto\/mars-gaming-mkrevo-pro-rgb-tkl-mechanical-azul\/\" \/>\n<meta property=\"og:site_name\" content=\"Aivlisoft Inform\u00e1tica\" \/>\n<meta property=\"article:modified_time\" content=\"2025-01-14T10:56:44+00:00\" \/>\n<meta property=\"og:image\" content=\"https:\/\/aivlisoft.net\/shop\/wp-content\/uploads\/2025\/01\/FTRTUS0455_800.jpg\" \/>\n\t<meta property=\"og:image:width\" content=\"800\" \/>\n\t<meta property=\"og:image:height\" content=\"800\" \/>\n\t<meta property=\"og:image:type\" content=\"image\/jpeg\" \/>\n<meta name=\"twitter:card\" content=\"summary_large_image\" \/>\n<meta name=\"twitter:label1\" content=\"Tiempo de lectura\" \/>\n\t<meta name=\"twitter:data1\" content=\"3 minutos\" \/>\n<script type=\"application\/ld+json\" class=\"yoast-schema-graph\">{\"@context\":\"https:\/\/schema.org\",\"@graph\":[{\"@type\":\"WebPage\",\"@id\":\"https:\/\/aivlisoft.net\/shop\/producto\/mars-gaming-mkrevo-pro-rgb-tkl-mechanical-azul\/\",\"url\":\"https:\/\/aivlisoft.net\/shop\/producto\/mars-gaming-mkrevo-pro-rgb-tkl-mechanical-azul\/\",\"name\":\"Mars Gaming MKREVO PRO RGB TKL MECHANICAL Azul - Aivlisoft Inform\u00e1tica\",\"isPartOf\":{\"@id\":\"https:\/\/aivlisoft.net\/shop\/#website\"},\"primaryImageOfPage\":{\"@id\":\"https:\/\/aivlisoft.net\/shop\/producto\/mars-gaming-mkrevo-pro-rgb-tkl-mechanical-azul\/#primaryimage\"},\"image\":{\"@id\":\"https:\/\/aivlisoft.net\/shop\/producto\/mars-gaming-mkrevo-pro-rgb-tkl-mechanical-azul\/#primaryimage\"},\"thumbnailUrl\":\"https:\/\/aivlisoft.net\/shop\/wp-content\/uploads\/2025\/01\/FTRTUS0455_800.jpg\",\"datePublished\":\"2025-01-13T14:12:04+00:00\",\"dateModified\":\"2025-01-14T10:56:44+00:00\",\"breadcrumb\":{\"@id\":\"https:\/\/aivlisoft.net\/shop\/producto\/mars-gaming-mkrevo-pro-rgb-tkl-mechanical-azul\/#breadcrumb\"},\"inLanguage\":\"es\",\"potentialAction\":[{\"@type\":\"ReadAction\",\"target\":[\"https:\/\/aivlisoft.net\/shop\/producto\/mars-gaming-mkrevo-pro-rgb-tkl-mechanical-azul\/\"]}]},{\"@type\":\"ImageObject\",\"inLanguage\":\"es\",\"@id\":\"https:\/\/aivlisoft.net\/shop\/producto\/mars-gaming-mkrevo-pro-rgb-tkl-mechanical-azul\/#primaryimage\",\"url\":\"https:\/\/aivlisoft.net\/shop\/wp-content\/uploads\/2025\/01\/FTRTUS0455_800.jpg\",\"contentUrl\":\"https:\/\/aivlisoft.net\/shop\/wp-content\/uploads\/2025\/01\/FTRTUS0455_800.jpg\",\"width\":800,\"height\":800},{\"@type\":\"BreadcrumbList\",\"@id\":\"https:\/\/aivlisoft.net\/shop\/producto\/mars-gaming-mkrevo-pro-rgb-tkl-mechanical-azul\/#breadcrumb\",\"itemListElement\":[{\"@type\":\"ListItem\",\"position\":1,\"name\":\"Portada\",\"item\":\"https:\/\/aivlisoft.net\/shop\/\"},{\"@type\":\"ListItem\",\"position\":2,\"name\":\"Tienda\",\"item\":\"https:\/\/aivlisoft.net\/shop\/tienda\/\"},{\"@type\":\"ListItem\",\"position\":3,\"name\":\"Mars Gaming MKREVO PRO RGB TKL MECHANICAL Azul\"}]},{\"@type\":\"WebSite\",\"@id\":\"https:\/\/aivlisoft.net\/shop\/#website\",\"url\":\"https:\/\/aivlisoft.net\/shop\/\",\"name\":\"Aivlisoft Inform\u00e1tica\",\"description\":\"En Aivlisoft Inform\u00e1tica ofrecemos soluciones tecnol\u00f3gicas para empresas: venta de ordenadores, consumibles, perif\u00e9ricos y m\u00e1s. Calidad, atenci\u00f3n personalizada y los mejores precios para tu negocio.\",\"publisher\":{\"@id\":\"https:\/\/aivlisoft.net\/shop\/#organization\"},\"potentialAction\":[{\"@type\":\"SearchAction\",\"target\":{\"@type\":\"EntryPoint\",\"urlTemplate\":\"https:\/\/aivlisoft.net\/shop\/?s={search_term_string}\"},\"query-input\":{\"@type\":\"PropertyValueSpecification\",\"valueRequired\":true,\"valueName\":\"search_term_string\"}}],\"inLanguage\":\"es\"},{\"@type\":\"Organization\",\"@id\":\"https:\/\/aivlisoft.net\/shop\/#organization\",\"name\":\"Aivlisoft Inform\u00e1tica\",\"url\":\"https:\/\/aivlisoft.net\/shop\/\",\"logo\":{\"@type\":\"ImageObject\",\"inLanguage\":\"es\",\"@id\":\"https:\/\/aivlisoft.net\/shop\/#\/schema\/logo\/image\/\",\"url\":\"https:\/\/aivlisoft.net\/shop\/wp-content\/uploads\/2024\/12\/removal.ai_5b848c54-0cdf-4140-95c5-c5536bb7573b-logodef.png\",\"contentUrl\":\"https:\/\/aivlisoft.net\/shop\/wp-content\/uploads\/2024\/12\/removal.ai_5b848c54-0cdf-4140-95c5-c5536bb7573b-logodef.png\",\"width\":484,\"height\":182,\"caption\":\"Aivlisoft Inform\u00e1tica\"},\"image\":{\"@id\":\"https:\/\/aivlisoft.net\/shop\/#\/schema\/logo\/image\/\"}}]}<\/script>\n<!-- \/ Yoast SEO plugin. -->","yoast_head_json":{"title":"Mars Gaming MKREVO PRO RGB TKL MECHANICAL Azul - Aivlisoft Inform\u00e1tica","robots":{"index":"index","follow":"follow","max-snippet":"max-snippet:-1","max-image-preview":"max-image-preview:large","max-video-preview":"max-video-preview:-1"},"canonical":"https:\/\/aivlisoft.net\/shop\/producto\/mars-gaming-mkrevo-pro-rgb-tkl-mechanical-azul\/","og_locale":"es_ES","og_type":"article","og_title":"Mars Gaming MKREVO PRO RGB TKL MECHANICAL Azul - Aivlisoft Inform\u00e1tica","og_description":"TAMA&Ntilde;O TKL SIN RENUNCIAR A NADAYa no tendr&aacute;s que elegir entre tama&ntilde;o compacto o funcionalidad completa, el teclado Mars Gaming MKREVO PRO revoluciona el mercado adaptando el pad num&eacute;rico a un tama&ntilde;o compacto TKL. Mars Gaming ha aprovechado al m&aacute;ximo el tama&ntilde;o disponible para ofrecerte este revolucionario concepto. M&iacute;nimo tama&ntilde;o, sin concesiones. ILUMINACI&Oacute;N FULL RGBEl&hellip;&nbsp;Mars Gaming MKREVO PRO RGB TKL MECHANICAL Azul","og_url":"https:\/\/aivlisoft.net\/shop\/producto\/mars-gaming-mkrevo-pro-rgb-tkl-mechanical-azul\/","og_site_name":"Aivlisoft Inform\u00e1tica","article_modified_time":"2025-01-14T10:56:44+00:00","og_image":[{"width":800,"height":800,"url":"https:\/\/aivlisoft.net\/shop\/wp-content\/uploads\/2025\/01\/FTRTUS0455_800.jpg","type":"image\/jpeg"}],"twitter_card":"summary_large_image","twitter_misc":{"Tiempo de lectura":"3 minutos"},"schema":{"@context":"https:\/\/schema.org","@graph":[{"@type":"WebPage","@id":"https:\/\/aivlisoft.net\/shop\/producto\/mars-gaming-mkrevo-pro-rgb-tkl-mechanical-azul\/","url":"https:\/\/aivlisoft.net\/shop\/producto\/mars-gaming-mkrevo-pro-rgb-tkl-mechanical-azul\/","name":"Mars Gaming MKREVO PRO RGB TKL MECHANICAL Azul - Aivlisoft Inform\u00e1tica","isPartOf":{"@id":"https:\/\/aivlisoft.net\/shop\/#website"},"primaryImageOfPage":{"@id":"https:\/\/aivlisoft.net\/shop\/producto\/mars-gaming-mkrevo-pro-rgb-tkl-mechanical-azul\/#primaryimage"},"image":{"@id":"https:\/\/aivlisoft.net\/shop\/producto\/mars-gaming-mkrevo-pro-rgb-tkl-mechanical-azul\/#primaryimage"},"thumbnailUrl":"https:\/\/aivlisoft.net\/shop\/wp-content\/uploads\/2025\/01\/FTRTUS0455_800.jpg","datePublished":"2025-01-13T14:12:04+00:00","dateModified":"2025-01-14T10:56:44+00:00","breadcrumb":{"@id":"https:\/\/aivlisoft.net\/shop\/producto\/mars-gaming-mkrevo-pro-rgb-tkl-mechanical-azul\/#breadcrumb"},"inLanguage":"es","potentialAction":[{"@type":"ReadAction","target":["https:\/\/aivlisoft.net\/shop\/producto\/mars-gaming-mkrevo-pro-rgb-tkl-mechanical-azul\/"]}]},{"@type":"ImageObject","inLanguage":"es","@id":"https:\/\/aivlisoft.net\/shop\/producto\/mars-gaming-mkrevo-pro-rgb-tkl-mechanical-azul\/#primaryimage","url":"https:\/\/aivlisoft.net\/shop\/wp-content\/uploads\/2025\/01\/FTRTUS0455_800.jpg","contentUrl":"https:\/\/aivlisoft.net\/shop\/wp-content\/uploads\/2025\/01\/FTRTUS0455_800.jpg","width":800,"height":800},{"@type":"BreadcrumbList","@id":"https:\/\/aivlisoft.net\/shop\/producto\/mars-gaming-mkrevo-pro-rgb-tkl-mechanical-azul\/#breadcrumb","itemListElement":[{"@type":"ListItem","position":1,"name":"Portada","item":"https:\/\/aivlisoft.net\/shop\/"},{"@type":"ListItem","position":2,"name":"Tienda","item":"https:\/\/aivlisoft.net\/shop\/tienda\/"},{"@type":"ListItem","position":3,"name":"Mars Gaming MKREVO PRO RGB TKL MECHANICAL Azul"}]},{"@type":"WebSite","@id":"https:\/\/aivlisoft.net\/shop\/#website","url":"https:\/\/aivlisoft.net\/shop\/","name":"Aivlisoft Inform\u00e1tica","description":"En Aivlisoft Inform\u00e1tica ofrecemos soluciones tecnol\u00f3gicas para empresas: venta de ordenadores, consumibles, perif\u00e9ricos y m\u00e1s. Calidad, atenci\u00f3n personalizada y los mejores precios para tu negocio.","publisher":{"@id":"https:\/\/aivlisoft.net\/shop\/#organization"},"potentialAction":[{"@type":"SearchAction","target":{"@type":"EntryPoint","urlTemplate":"https:\/\/aivlisoft.net\/shop\/?s={search_term_string}"},"query-input":{"@type":"PropertyValueSpecification","valueRequired":true,"valueName":"search_term_string"}}],"inLanguage":"es"},{"@type":"Organization","@id":"https:\/\/aivlisoft.net\/shop\/#organization","name":"Aivlisoft Inform\u00e1tica","url":"https:\/\/aivlisoft.net\/shop\/","logo":{"@type":"ImageObject","inLanguage":"es","@id":"https:\/\/aivlisoft.net\/shop\/#\/schema\/logo\/image\/","url":"https:\/\/aivlisoft.net\/shop\/wp-content\/uploads\/2024\/12\/removal.ai_5b848c54-0cdf-4140-95c5-c5536bb7573b-logodef.png","contentUrl":"https:\/\/aivlisoft.net\/shop\/wp-content\/uploads\/2024\/12\/removal.ai_5b848c54-0cdf-4140-95c5-c5536bb7573b-logodef.png","width":484,"height":182,"caption":"Aivlisoft Inform\u00e1tica"},"image":{"@id":"https:\/\/aivlisoft.net\/shop\/#\/schema\/logo\/image\/"}}]}},"_links":{"self":[{"href":"https:\/\/aivlisoft.net\/shop\/wp-json\/wp\/v2\/product\/11181","targetHints":{"allow":["GET"]}}],"collection":[{"href":"https:\/\/aivlisoft.net\/shop\/wp-json\/wp\/v2\/product"}],"about":[{"href":"https:\/\/aivlisoft.net\/shop\/wp-json\/wp\/v2\/types\/product"}],"wp:featuredmedia":[{"embeddable":true,"href":"https:\/\/aivlisoft.net\/shop\/wp-json\/wp\/v2\/media\/11182"}],"wp:attachment":[{"href":"https:\/\/aivlisoft.net\/shop\/wp-json\/wp\/v2\/media?parent=11181"}],"wp:term":[{"taxonomy":"product_brand","embeddable":true,"href":"https:\/\/aivlisoft.net\/shop\/wp-json\/wp\/v2\/product_brand?post=11181"},{"taxonomy":"product_cat","embeddable":true,"href":"https:\/\/aivlisoft.net\/shop\/wp-json\/wp\/v2\/product_cat?post=11181"},{"taxonomy":"product_tag","embeddable":true,"href":"https:\/\/aivlisoft.net\/shop\/wp-json\/wp\/v2\/product_tag?post=11181"}],"curies":[{"name":"wp","href":"https:\/\/api.w.org\/{rel}","templated":true}]}}