{"id":11179,"date":"2025-01-13T14:12:03","date_gmt":"2025-01-13T14:12:03","guid":{"rendered":"https:\/\/aivlisoft.com\/?post_type=product&#038;p=11179"},"modified":"2025-01-14T10:56:43","modified_gmt":"2025-01-14T10:56:43","slug":"cherry-touchboard-g80-11900-usb-touchpad","status":"publish","type":"product","link":"https:\/\/aivlisoft.net\/shop\/producto\/cherry-touchboard-g80-11900-usb-touchpad\/","title":{"rendered":"Cherry TouchBoard G80-11900 USB Touchpad"},"content":{"rendered":"<p><strong>Teclado compacto con almohadilla t&aacute;ctil integrada.<\/strong><br \/>All&iacute; donde a pesar de no disponer de espacio no puede o quiere renunciar a las funciones de un &quot;rat&oacute;n&quot;, el <strong>TouchBoard <\/strong>multifuncional le ofrece la soluci&oacute;n ideal.<br \/>Es sobre todo en las exigentes condiciones del entorno industrial donde este teclado de <strong>CHERRY <\/strong>demuestra de lo que est&aacute; hecho.<br \/>Combina una calidad excepcional y durabilidad con una almohadilla t&aacute;ctil precisa y c&oacute;moda de usar.<\/p>\n<table class=\"tabla_caracteristicas k-table\" width=\"100%\">\n<tr>\n<td valign=\"top\"><strong>Marca<\/strong><\/td>\n<td>Cherry<\/td>\n<\/tr>\n<tr>\n<td valign=\"top\"><strong>Modelo<\/strong><\/td>\n<td><strong>G80-11900LUMEU-2<\/strong><\/td>\n<\/tr>\n<tr>\n<td valign=\"top\"><strong>Caracter&iacute;sticas<\/strong><\/td>\n<td><strong>Teclado<\/strong><br \/>\t\t\t&#8211; N&uacute;mero de teclas: 104<br \/>\t\t\t&#8211; Teclado de membrana<br \/>\t\t\t&#8211; Conexi&oacute;n: USB<br \/>\t\t\t&#8211; Consumo el&eacute;ctrico de teclado: 35 mA<br \/>\t\t\t&#8211; Longitud del cable: 1.75 m aprox<br \/>\t\t\t&#8211; Peso: 1000 g aprox.<br \/>\t\t\t&#8211; Dimensiones: 415 x 250 x 45 mm<br \/>\t\t\t<strong>Touchpad<\/strong><br \/>\t\t\t&#8211; Resoluci&oacute;n: 1000 dpi<br \/>\t\t\t&#8211; N&uacute;mero de teclas: 2<br \/>\t\t\t&#8211; Consumo el&eacute;ctrico de touchpad: 3mA<\/td>\n<\/tr>\n<tr>\n<td valign=\"top\"><strong>Fecha de revisi&oacute;n<\/strong><\/td>\n<td>12-01-2021 por MPM<\/td>\n<\/tr>\n<\/table>\n","protected":false},"excerpt":{"rendered":"<p>Teclado compacto con almohadilla t&aacute;ctil integrada.All&iacute; donde a pesar de no disponer de espacio no puede o quiere renunciar a las funciones de un &quot;rat&oacute;n&quot;, el TouchBoard multifuncional le ofrece la soluci&oacute;n ideal.Es sobre todo en las exigentes condiciones del entorno industrial donde este teclado de CHERRY demuestra de lo que est&aacute; hecho.Combina una calidad&hellip;&nbsp;<a href=\"https:\/\/aivlisoft.net\/shop\/producto\/cherry-touchboard-g80-11900-usb-touchpad\/\" rel=\"bookmark\"><span class=\"screen-reader-text\">Cherry TouchBoard G80-11900 USB Touchpad<\/span><\/a><\/p>\n","protected":false},"featured_media":11180,"template":"","meta":{"neve_meta_sidebar":"","neve_meta_container":"","neve_meta_enable_content_width":"","neve_meta_content_width":0,"neve_meta_title_alignment":"","neve_meta_author_avatar":"","neve_post_elements_order":"","neve_meta_disable_header":"","neve_meta_disable_footer":"","neve_meta_disable_title":""},"product_brand":[],"product_cat":[8723],"product_tag":[4366],"class_list":{"0":"post-11179","1":"product","2":"type-product","3":"status-publish","4":"has-post-thumbnail","6":"product_cat-teclados-usb","7":"product_tag-g80-11900lumeu-2","9":"first","10":"instock","11":"taxable","12":"shipping-taxable","13":"purchasable","14":"product-type-simple"},"yoast_head":"<!-- This site is optimized with the Yoast SEO plugin v26.0 - https:\/\/yoast.com\/wordpress\/plugins\/seo\/ -->\n<title>Cherry TouchBoard G80-11900 USB Touchpad - Aivlisoft Inform\u00e1tica<\/title>\n<meta name=\"robots\" content=\"index, follow, max-snippet:-1, max-image-preview:large, max-video-preview:-1\" \/>\n<link rel=\"canonical\" href=\"https:\/\/aivlisoft.net\/shop\/producto\/cherry-touchboard-g80-11900-usb-touchpad\/\" \/>\n<meta property=\"og:locale\" content=\"es_ES\" \/>\n<meta property=\"og:type\" content=\"article\" \/>\n<meta property=\"og:title\" content=\"Cherry TouchBoard G80-11900 USB Touchpad - Aivlisoft Inform\u00e1tica\" \/>\n<meta property=\"og:description\" content=\"Teclado compacto con almohadilla t&aacute;ctil integrada.All&iacute; donde a pesar de no disponer de espacio no puede o quiere renunciar a las funciones de un &quot;rat&oacute;n&quot;, el TouchBoard multifuncional le ofrece la soluci&oacute;n ideal.Es sobre todo en las exigentes condiciones del entorno industrial donde este teclado de CHERRY demuestra de lo que est&aacute; hecho.Combina una calidad&hellip;&nbsp;Cherry TouchBoard G80-11900 USB Touchpad\" \/>\n<meta property=\"og:url\" content=\"https:\/\/aivlisoft.net\/shop\/producto\/cherry-touchboard-g80-11900-usb-touchpad\/\" \/>\n<meta property=\"og:site_name\" content=\"Aivlisoft Inform\u00e1tica\" \/>\n<meta property=\"article:modified_time\" content=\"2025-01-14T10:56:43+00:00\" \/>\n<meta property=\"og:image\" content=\"https:\/\/aivlisoft.net\/shop\/wp-content\/uploads\/2025\/01\/FTRTUS0454_800.jpg\" \/>\n\t<meta property=\"og:image:width\" content=\"800\" \/>\n\t<meta property=\"og:image:height\" content=\"800\" \/>\n\t<meta property=\"og:image:type\" content=\"image\/jpeg\" \/>\n<meta name=\"twitter:card\" content=\"summary_large_image\" \/>\n<meta name=\"twitter:label1\" content=\"Tiempo de lectura\" \/>\n\t<meta name=\"twitter:data1\" content=\"1 minuto\" \/>\n<script type=\"application\/ld+json\" class=\"yoast-schema-graph\">{\"@context\":\"https:\/\/schema.org\",\"@graph\":[{\"@type\":\"WebPage\",\"@id\":\"https:\/\/aivlisoft.net\/shop\/producto\/cherry-touchboard-g80-11900-usb-touchpad\/\",\"url\":\"https:\/\/aivlisoft.net\/shop\/producto\/cherry-touchboard-g80-11900-usb-touchpad\/\",\"name\":\"Cherry TouchBoard G80-11900 USB Touchpad - Aivlisoft Inform\u00e1tica\",\"isPartOf\":{\"@id\":\"https:\/\/aivlisoft.net\/shop\/#website\"},\"primaryImageOfPage\":{\"@id\":\"https:\/\/aivlisoft.net\/shop\/producto\/cherry-touchboard-g80-11900-usb-touchpad\/#primaryimage\"},\"image\":{\"@id\":\"https:\/\/aivlisoft.net\/shop\/producto\/cherry-touchboard-g80-11900-usb-touchpad\/#primaryimage\"},\"thumbnailUrl\":\"https:\/\/aivlisoft.net\/shop\/wp-content\/uploads\/2025\/01\/FTRTUS0454_800.jpg\",\"datePublished\":\"2025-01-13T14:12:03+00:00\",\"dateModified\":\"2025-01-14T10:56:43+00:00\",\"breadcrumb\":{\"@id\":\"https:\/\/aivlisoft.net\/shop\/producto\/cherry-touchboard-g80-11900-usb-touchpad\/#breadcrumb\"},\"inLanguage\":\"es\",\"potentialAction\":[{\"@type\":\"ReadAction\",\"target\":[\"https:\/\/aivlisoft.net\/shop\/producto\/cherry-touchboard-g80-11900-usb-touchpad\/\"]}]},{\"@type\":\"ImageObject\",\"inLanguage\":\"es\",\"@id\":\"https:\/\/aivlisoft.net\/shop\/producto\/cherry-touchboard-g80-11900-usb-touchpad\/#primaryimage\",\"url\":\"https:\/\/aivlisoft.net\/shop\/wp-content\/uploads\/2025\/01\/FTRTUS0454_800.jpg\",\"contentUrl\":\"https:\/\/aivlisoft.net\/shop\/wp-content\/uploads\/2025\/01\/FTRTUS0454_800.jpg\",\"width\":800,\"height\":800},{\"@type\":\"BreadcrumbList\",\"@id\":\"https:\/\/aivlisoft.net\/shop\/producto\/cherry-touchboard-g80-11900-usb-touchpad\/#breadcrumb\",\"itemListElement\":[{\"@type\":\"ListItem\",\"position\":1,\"name\":\"Portada\",\"item\":\"https:\/\/aivlisoft.net\/shop\/\"},{\"@type\":\"ListItem\",\"position\":2,\"name\":\"Tienda\",\"item\":\"https:\/\/aivlisoft.net\/shop\/tienda\/\"},{\"@type\":\"ListItem\",\"position\":3,\"name\":\"Cherry TouchBoard G80-11900 USB Touchpad\"}]},{\"@type\":\"WebSite\",\"@id\":\"https:\/\/aivlisoft.net\/shop\/#website\",\"url\":\"https:\/\/aivlisoft.net\/shop\/\",\"name\":\"Aivlisoft Inform\u00e1tica\",\"description\":\"En Aivlisoft Inform\u00e1tica ofrecemos soluciones tecnol\u00f3gicas para empresas: venta de ordenadores, consumibles, perif\u00e9ricos y m\u00e1s. Calidad, atenci\u00f3n personalizada y los mejores precios para tu negocio.\",\"publisher\":{\"@id\":\"https:\/\/aivlisoft.net\/shop\/#organization\"},\"potentialAction\":[{\"@type\":\"SearchAction\",\"target\":{\"@type\":\"EntryPoint\",\"urlTemplate\":\"https:\/\/aivlisoft.net\/shop\/?s={search_term_string}\"},\"query-input\":{\"@type\":\"PropertyValueSpecification\",\"valueRequired\":true,\"valueName\":\"search_term_string\"}}],\"inLanguage\":\"es\"},{\"@type\":\"Organization\",\"@id\":\"https:\/\/aivlisoft.net\/shop\/#organization\",\"name\":\"Aivlisoft Inform\u00e1tica\",\"url\":\"https:\/\/aivlisoft.net\/shop\/\",\"logo\":{\"@type\":\"ImageObject\",\"inLanguage\":\"es\",\"@id\":\"https:\/\/aivlisoft.net\/shop\/#\/schema\/logo\/image\/\",\"url\":\"https:\/\/aivlisoft.net\/shop\/wp-content\/uploads\/2024\/12\/removal.ai_5b848c54-0cdf-4140-95c5-c5536bb7573b-logodef.png\",\"contentUrl\":\"https:\/\/aivlisoft.net\/shop\/wp-content\/uploads\/2024\/12\/removal.ai_5b848c54-0cdf-4140-95c5-c5536bb7573b-logodef.png\",\"width\":484,\"height\":182,\"caption\":\"Aivlisoft Inform\u00e1tica\"},\"image\":{\"@id\":\"https:\/\/aivlisoft.net\/shop\/#\/schema\/logo\/image\/\"}}]}<\/script>\n<!-- \/ Yoast SEO plugin. -->","yoast_head_json":{"title":"Cherry TouchBoard G80-11900 USB Touchpad - Aivlisoft Inform\u00e1tica","robots":{"index":"index","follow":"follow","max-snippet":"max-snippet:-1","max-image-preview":"max-image-preview:large","max-video-preview":"max-video-preview:-1"},"canonical":"https:\/\/aivlisoft.net\/shop\/producto\/cherry-touchboard-g80-11900-usb-touchpad\/","og_locale":"es_ES","og_type":"article","og_title":"Cherry TouchBoard G80-11900 USB Touchpad - Aivlisoft Inform\u00e1tica","og_description":"Teclado compacto con almohadilla t&aacute;ctil integrada.All&iacute; donde a pesar de no disponer de espacio no puede o quiere renunciar a las funciones de un &quot;rat&oacute;n&quot;, el TouchBoard multifuncional le ofrece la soluci&oacute;n ideal.Es sobre todo en las exigentes condiciones del entorno industrial donde este teclado de CHERRY demuestra de lo que est&aacute; hecho.Combina una calidad&hellip;&nbsp;Cherry TouchBoard G80-11900 USB Touchpad","og_url":"https:\/\/aivlisoft.net\/shop\/producto\/cherry-touchboard-g80-11900-usb-touchpad\/","og_site_name":"Aivlisoft Inform\u00e1tica","article_modified_time":"2025-01-14T10:56:43+00:00","og_image":[{"width":800,"height":800,"url":"https:\/\/aivlisoft.net\/shop\/wp-content\/uploads\/2025\/01\/FTRTUS0454_800.jpg","type":"image\/jpeg"}],"twitter_card":"summary_large_image","twitter_misc":{"Tiempo de lectura":"1 minuto"},"schema":{"@context":"https:\/\/schema.org","@graph":[{"@type":"WebPage","@id":"https:\/\/aivlisoft.net\/shop\/producto\/cherry-touchboard-g80-11900-usb-touchpad\/","url":"https:\/\/aivlisoft.net\/shop\/producto\/cherry-touchboard-g80-11900-usb-touchpad\/","name":"Cherry TouchBoard G80-11900 USB Touchpad - Aivlisoft Inform\u00e1tica","isPartOf":{"@id":"https:\/\/aivlisoft.net\/shop\/#website"},"primaryImageOfPage":{"@id":"https:\/\/aivlisoft.net\/shop\/producto\/cherry-touchboard-g80-11900-usb-touchpad\/#primaryimage"},"image":{"@id":"https:\/\/aivlisoft.net\/shop\/producto\/cherry-touchboard-g80-11900-usb-touchpad\/#primaryimage"},"thumbnailUrl":"https:\/\/aivlisoft.net\/shop\/wp-content\/uploads\/2025\/01\/FTRTUS0454_800.jpg","datePublished":"2025-01-13T14:12:03+00:00","dateModified":"2025-01-14T10:56:43+00:00","breadcrumb":{"@id":"https:\/\/aivlisoft.net\/shop\/producto\/cherry-touchboard-g80-11900-usb-touchpad\/#breadcrumb"},"inLanguage":"es","potentialAction":[{"@type":"ReadAction","target":["https:\/\/aivlisoft.net\/shop\/producto\/cherry-touchboard-g80-11900-usb-touchpad\/"]}]},{"@type":"ImageObject","inLanguage":"es","@id":"https:\/\/aivlisoft.net\/shop\/producto\/cherry-touchboard-g80-11900-usb-touchpad\/#primaryimage","url":"https:\/\/aivlisoft.net\/shop\/wp-content\/uploads\/2025\/01\/FTRTUS0454_800.jpg","contentUrl":"https:\/\/aivlisoft.net\/shop\/wp-content\/uploads\/2025\/01\/FTRTUS0454_800.jpg","width":800,"height":800},{"@type":"BreadcrumbList","@id":"https:\/\/aivlisoft.net\/shop\/producto\/cherry-touchboard-g80-11900-usb-touchpad\/#breadcrumb","itemListElement":[{"@type":"ListItem","position":1,"name":"Portada","item":"https:\/\/aivlisoft.net\/shop\/"},{"@type":"ListItem","position":2,"name":"Tienda","item":"https:\/\/aivlisoft.net\/shop\/tienda\/"},{"@type":"ListItem","position":3,"name":"Cherry TouchBoard G80-11900 USB Touchpad"}]},{"@type":"WebSite","@id":"https:\/\/aivlisoft.net\/shop\/#website","url":"https:\/\/aivlisoft.net\/shop\/","name":"Aivlisoft Inform\u00e1tica","description":"En Aivlisoft Inform\u00e1tica ofrecemos soluciones tecnol\u00f3gicas para empresas: venta de ordenadores, consumibles, perif\u00e9ricos y m\u00e1s. Calidad, atenci\u00f3n personalizada y los mejores precios para tu negocio.","publisher":{"@id":"https:\/\/aivlisoft.net\/shop\/#organization"},"potentialAction":[{"@type":"SearchAction","target":{"@type":"EntryPoint","urlTemplate":"https:\/\/aivlisoft.net\/shop\/?s={search_term_string}"},"query-input":{"@type":"PropertyValueSpecification","valueRequired":true,"valueName":"search_term_string"}}],"inLanguage":"es"},{"@type":"Organization","@id":"https:\/\/aivlisoft.net\/shop\/#organization","name":"Aivlisoft Inform\u00e1tica","url":"https:\/\/aivlisoft.net\/shop\/","logo":{"@type":"ImageObject","inLanguage":"es","@id":"https:\/\/aivlisoft.net\/shop\/#\/schema\/logo\/image\/","url":"https:\/\/aivlisoft.net\/shop\/wp-content\/uploads\/2024\/12\/removal.ai_5b848c54-0cdf-4140-95c5-c5536bb7573b-logodef.png","contentUrl":"https:\/\/aivlisoft.net\/shop\/wp-content\/uploads\/2024\/12\/removal.ai_5b848c54-0cdf-4140-95c5-c5536bb7573b-logodef.png","width":484,"height":182,"caption":"Aivlisoft Inform\u00e1tica"},"image":{"@id":"https:\/\/aivlisoft.net\/shop\/#\/schema\/logo\/image\/"}}]}},"_links":{"self":[{"href":"https:\/\/aivlisoft.net\/shop\/wp-json\/wp\/v2\/product\/11179","targetHints":{"allow":["GET"]}}],"collection":[{"href":"https:\/\/aivlisoft.net\/shop\/wp-json\/wp\/v2\/product"}],"about":[{"href":"https:\/\/aivlisoft.net\/shop\/wp-json\/wp\/v2\/types\/product"}],"wp:featuredmedia":[{"embeddable":true,"href":"https:\/\/aivlisoft.net\/shop\/wp-json\/wp\/v2\/media\/11180"}],"wp:attachment":[{"href":"https:\/\/aivlisoft.net\/shop\/wp-json\/wp\/v2\/media?parent=11179"}],"wp:term":[{"taxonomy":"product_brand","embeddable":true,"href":"https:\/\/aivlisoft.net\/shop\/wp-json\/wp\/v2\/product_brand?post=11179"},{"taxonomy":"product_cat","embeddable":true,"href":"https:\/\/aivlisoft.net\/shop\/wp-json\/wp\/v2\/product_cat?post=11179"},{"taxonomy":"product_tag","embeddable":true,"href":"https:\/\/aivlisoft.net\/shop\/wp-json\/wp\/v2\/product_tag?post=11179"}],"curies":[{"name":"wp","href":"https:\/\/api.w.org\/{rel}","templated":true}]}}