{"id":11172,"date":"2025-01-13T14:12:00","date_gmt":"2025-01-13T14:12:00","guid":{"rendered":"https:\/\/aivlisoft.com\/?post_type=product&#038;p=11172"},"modified":"2025-01-14T10:56:42","modified_gmt":"2025-01-14T10:56:42","slug":"cherry-active-key-teclado-lavable-desinf-touch","status":"publish","type":"product","link":"https:\/\/aivlisoft.net\/shop\/producto\/cherry-active-key-teclado-lavable-desinf-touch\/","title":{"rendered":"CHERRY Active Key Teclado lavable\/desinf. touch"},"content":{"rendered":"<p><\/p>\n<p>El modelo AK-C7412 es de alta calidad y fiabilidad. Adem&aacute;s, el sistema de retroiluminaci&oacute;n facilita su uso en ambientes con poca luminosidad.<\/p>\n<p>La facilidad de limpieza y desinfecci&oacute;n hacen que sea una elecci&oacute;n perfecta para centros hospitalarios, laboratorios o entornos industriales donde la higiene sea fundamental.<\/p>\n<p>La membrana de silicona evita la transferencia de bacterias y g&eacute;rmenes.<\/p>\n<p>Dispone de la tecla &ldquo;Clean Function&rdquo; (&ldquo;Fn&rdquo; + &ldquo;Clean on\/off&rdquo;) que permite desactivar el teclado del sistema sin desconectarlo para su lavado\/desinfecci&oacute;n.<\/p>\n<p>Adecuado para multitud de agentes de limpieza hospitalarios y desinfectantes de superficies (VAH).<br \/>&nbsp;<\/p>\n<table class=\"tabla_caracteristicas k-table\" width=\"100%\">\n<tr>\n<td><strong>Marca<\/strong><\/td>\n<td>Cherry<\/td>\n<\/tr>\n<tr>\n<td><strong>Modelo<\/strong><\/td>\n<td><strong>AK-C7412F-GUS-W\/SP<\/strong><\/td>\n<\/tr>\n<tr>\n<td><strong>Tipo<\/strong><\/td>\n<td>&#8211; Teclado lavable desinfectable<\/td>\n<\/tr>\n<tr>\n<td><strong>Conexi&oacute;n<\/strong><\/td>\n<td>&#8211; USB<\/td>\n<\/tr>\n<tr>\n<td valign=\"top\"><strong>Caracter&iacute;sticas<\/strong><\/td>\n<td>&#8211; Compatibilidad: Todos los sistemas operativos que soportan USB<br \/>\t\t\t&#8211; Grado de protecci&oacute;n IP: IP68<br \/>\t\t\t&#8211; T&ordf; almacenamiento \/ Trabajo: -20&ordm;C a +60&ordm;C \/ 0&ordm;C a +50&ordm;C<br \/>\t\t\t&#8211; Consumo el&eacute;ctrico M&aacute;ximo: M&aacute;ximo 100 mA<br \/>\t\t\t&#8211; Conector: USB<br \/>\t\t\t&#8211; Medidas \/ Peso (sin embalaje): 365 x 140 x 19mm \/ Aprox. 0&rsquo;604Kg<br \/>\t\t\t&#8211; Touchpad: Integrado dentro del teclado, completamente sellado<br \/>\t\t\t&#8211; &Aacute;rea activa Touchpad: 73 x 37mm<br \/>\t\t\t&#8211; Certificaciones: CE, FCC, RoHS, NO NANO<\/td>\n<\/tr>\n<tr>\n<td><strong>Fecha Revisi&oacute;n<\/strong><\/td>\n<td>17-11-2023 por RTY<\/td>\n<\/tr>\n<\/table>\n","protected":false},"excerpt":{"rendered":"<p>El modelo AK-C7412 es de alta calidad y fiabilidad. Adem&aacute;s, el sistema de retroiluminaci&oacute;n facilita su uso en ambientes con poca luminosidad. La facilidad de limpieza y desinfecci&oacute;n hacen que sea una elecci&oacute;n perfecta para centros hospitalarios, laboratorios o entornos industriales donde la higiene sea fundamental. La membrana de silicona evita la transferencia de bacterias&hellip;&nbsp;<a href=\"https:\/\/aivlisoft.net\/shop\/producto\/cherry-active-key-teclado-lavable-desinf-touch\/\" rel=\"bookmark\"><span class=\"screen-reader-text\">CHERRY Active Key Teclado lavable\/desinf. touch<\/span><\/a><\/p>\n","protected":false},"featured_media":11173,"template":"","meta":{"neve_meta_sidebar":"","neve_meta_container":"","neve_meta_enable_content_width":"","neve_meta_content_width":0,"neve_meta_title_alignment":"","neve_meta_author_avatar":"","neve_post_elements_order":"","neve_meta_disable_header":"","neve_meta_disable_footer":"","neve_meta_disable_title":""},"product_brand":[],"product_cat":[8723],"product_tag":[4363],"class_list":{"0":"post-11172","1":"product","2":"type-product","3":"status-publish","4":"has-post-thumbnail","6":"product_cat-teclados-usb","7":"product_tag-ba-c7412f-gus-w-sp","9":"first","10":"instock","11":"taxable","12":"shipping-taxable","13":"purchasable","14":"product-type-simple"},"yoast_head":"<!-- This site is optimized with the Yoast SEO plugin v26.0 - https:\/\/yoast.com\/wordpress\/plugins\/seo\/ -->\n<title>CHERRY Active Key Teclado lavable\/desinf. touch - Aivlisoft Inform\u00e1tica<\/title>\n<meta name=\"robots\" content=\"index, follow, max-snippet:-1, max-image-preview:large, max-video-preview:-1\" \/>\n<link rel=\"canonical\" href=\"https:\/\/aivlisoft.net\/shop\/producto\/cherry-active-key-teclado-lavable-desinf-touch\/\" \/>\n<meta property=\"og:locale\" content=\"es_ES\" \/>\n<meta property=\"og:type\" content=\"article\" \/>\n<meta property=\"og:title\" content=\"CHERRY Active Key Teclado lavable\/desinf. touch - Aivlisoft Inform\u00e1tica\" \/>\n<meta property=\"og:description\" content=\"El modelo AK-C7412 es de alta calidad y fiabilidad. Adem&aacute;s, el sistema de retroiluminaci&oacute;n facilita su uso en ambientes con poca luminosidad. La facilidad de limpieza y desinfecci&oacute;n hacen que sea una elecci&oacute;n perfecta para centros hospitalarios, laboratorios o entornos industriales donde la higiene sea fundamental. La membrana de silicona evita la transferencia de bacterias&hellip;&nbsp;CHERRY Active Key Teclado lavable\/desinf. touch\" \/>\n<meta property=\"og:url\" content=\"https:\/\/aivlisoft.net\/shop\/producto\/cherry-active-key-teclado-lavable-desinf-touch\/\" \/>\n<meta property=\"og:site_name\" content=\"Aivlisoft Inform\u00e1tica\" \/>\n<meta property=\"article:modified_time\" content=\"2025-01-14T10:56:42+00:00\" \/>\n<meta property=\"og:image\" content=\"https:\/\/aivlisoft.net\/shop\/wp-content\/uploads\/2025\/01\/FTRTUS0434_800.jpg\" \/>\n\t<meta property=\"og:image:width\" content=\"800\" \/>\n\t<meta property=\"og:image:height\" content=\"800\" \/>\n\t<meta property=\"og:image:type\" content=\"image\/jpeg\" \/>\n<meta name=\"twitter:card\" content=\"summary_large_image\" \/>\n<meta name=\"twitter:label1\" content=\"Tiempo de lectura\" \/>\n\t<meta name=\"twitter:data1\" content=\"1 minuto\" \/>\n<script type=\"application\/ld+json\" class=\"yoast-schema-graph\">{\"@context\":\"https:\/\/schema.org\",\"@graph\":[{\"@type\":\"WebPage\",\"@id\":\"https:\/\/aivlisoft.net\/shop\/producto\/cherry-active-key-teclado-lavable-desinf-touch\/\",\"url\":\"https:\/\/aivlisoft.net\/shop\/producto\/cherry-active-key-teclado-lavable-desinf-touch\/\",\"name\":\"CHERRY Active Key Teclado lavable\/desinf. touch - Aivlisoft Inform\u00e1tica\",\"isPartOf\":{\"@id\":\"https:\/\/aivlisoft.net\/shop\/#website\"},\"primaryImageOfPage\":{\"@id\":\"https:\/\/aivlisoft.net\/shop\/producto\/cherry-active-key-teclado-lavable-desinf-touch\/#primaryimage\"},\"image\":{\"@id\":\"https:\/\/aivlisoft.net\/shop\/producto\/cherry-active-key-teclado-lavable-desinf-touch\/#primaryimage\"},\"thumbnailUrl\":\"https:\/\/aivlisoft.net\/shop\/wp-content\/uploads\/2025\/01\/FTRTUS0434_800.jpg\",\"datePublished\":\"2025-01-13T14:12:00+00:00\",\"dateModified\":\"2025-01-14T10:56:42+00:00\",\"breadcrumb\":{\"@id\":\"https:\/\/aivlisoft.net\/shop\/producto\/cherry-active-key-teclado-lavable-desinf-touch\/#breadcrumb\"},\"inLanguage\":\"es\",\"potentialAction\":[{\"@type\":\"ReadAction\",\"target\":[\"https:\/\/aivlisoft.net\/shop\/producto\/cherry-active-key-teclado-lavable-desinf-touch\/\"]}]},{\"@type\":\"ImageObject\",\"inLanguage\":\"es\",\"@id\":\"https:\/\/aivlisoft.net\/shop\/producto\/cherry-active-key-teclado-lavable-desinf-touch\/#primaryimage\",\"url\":\"https:\/\/aivlisoft.net\/shop\/wp-content\/uploads\/2025\/01\/FTRTUS0434_800.jpg\",\"contentUrl\":\"https:\/\/aivlisoft.net\/shop\/wp-content\/uploads\/2025\/01\/FTRTUS0434_800.jpg\",\"width\":800,\"height\":800},{\"@type\":\"BreadcrumbList\",\"@id\":\"https:\/\/aivlisoft.net\/shop\/producto\/cherry-active-key-teclado-lavable-desinf-touch\/#breadcrumb\",\"itemListElement\":[{\"@type\":\"ListItem\",\"position\":1,\"name\":\"Portada\",\"item\":\"https:\/\/aivlisoft.net\/shop\/\"},{\"@type\":\"ListItem\",\"position\":2,\"name\":\"Tienda\",\"item\":\"https:\/\/aivlisoft.net\/shop\/tienda\/\"},{\"@type\":\"ListItem\",\"position\":3,\"name\":\"CHERRY Active Key Teclado lavable\/desinf. touch\"}]},{\"@type\":\"WebSite\",\"@id\":\"https:\/\/aivlisoft.net\/shop\/#website\",\"url\":\"https:\/\/aivlisoft.net\/shop\/\",\"name\":\"Aivlisoft Inform\u00e1tica\",\"description\":\"En Aivlisoft Inform\u00e1tica ofrecemos soluciones tecnol\u00f3gicas para empresas: venta de ordenadores, consumibles, perif\u00e9ricos y m\u00e1s. Calidad, atenci\u00f3n personalizada y los mejores precios para tu negocio.\",\"publisher\":{\"@id\":\"https:\/\/aivlisoft.net\/shop\/#organization\"},\"potentialAction\":[{\"@type\":\"SearchAction\",\"target\":{\"@type\":\"EntryPoint\",\"urlTemplate\":\"https:\/\/aivlisoft.net\/shop\/?s={search_term_string}\"},\"query-input\":{\"@type\":\"PropertyValueSpecification\",\"valueRequired\":true,\"valueName\":\"search_term_string\"}}],\"inLanguage\":\"es\"},{\"@type\":\"Organization\",\"@id\":\"https:\/\/aivlisoft.net\/shop\/#organization\",\"name\":\"Aivlisoft Inform\u00e1tica\",\"url\":\"https:\/\/aivlisoft.net\/shop\/\",\"logo\":{\"@type\":\"ImageObject\",\"inLanguage\":\"es\",\"@id\":\"https:\/\/aivlisoft.net\/shop\/#\/schema\/logo\/image\/\",\"url\":\"https:\/\/aivlisoft.net\/shop\/wp-content\/uploads\/2024\/12\/removal.ai_5b848c54-0cdf-4140-95c5-c5536bb7573b-logodef.png\",\"contentUrl\":\"https:\/\/aivlisoft.net\/shop\/wp-content\/uploads\/2024\/12\/removal.ai_5b848c54-0cdf-4140-95c5-c5536bb7573b-logodef.png\",\"width\":484,\"height\":182,\"caption\":\"Aivlisoft Inform\u00e1tica\"},\"image\":{\"@id\":\"https:\/\/aivlisoft.net\/shop\/#\/schema\/logo\/image\/\"}}]}<\/script>\n<!-- \/ Yoast SEO plugin. -->","yoast_head_json":{"title":"CHERRY Active Key Teclado lavable\/desinf. touch - Aivlisoft Inform\u00e1tica","robots":{"index":"index","follow":"follow","max-snippet":"max-snippet:-1","max-image-preview":"max-image-preview:large","max-video-preview":"max-video-preview:-1"},"canonical":"https:\/\/aivlisoft.net\/shop\/producto\/cherry-active-key-teclado-lavable-desinf-touch\/","og_locale":"es_ES","og_type":"article","og_title":"CHERRY Active Key Teclado lavable\/desinf. touch - Aivlisoft Inform\u00e1tica","og_description":"El modelo AK-C7412 es de alta calidad y fiabilidad. Adem&aacute;s, el sistema de retroiluminaci&oacute;n facilita su uso en ambientes con poca luminosidad. La facilidad de limpieza y desinfecci&oacute;n hacen que sea una elecci&oacute;n perfecta para centros hospitalarios, laboratorios o entornos industriales donde la higiene sea fundamental. La membrana de silicona evita la transferencia de bacterias&hellip;&nbsp;CHERRY Active Key Teclado lavable\/desinf. touch","og_url":"https:\/\/aivlisoft.net\/shop\/producto\/cherry-active-key-teclado-lavable-desinf-touch\/","og_site_name":"Aivlisoft Inform\u00e1tica","article_modified_time":"2025-01-14T10:56:42+00:00","og_image":[{"width":800,"height":800,"url":"https:\/\/aivlisoft.net\/shop\/wp-content\/uploads\/2025\/01\/FTRTUS0434_800.jpg","type":"image\/jpeg"}],"twitter_card":"summary_large_image","twitter_misc":{"Tiempo de lectura":"1 minuto"},"schema":{"@context":"https:\/\/schema.org","@graph":[{"@type":"WebPage","@id":"https:\/\/aivlisoft.net\/shop\/producto\/cherry-active-key-teclado-lavable-desinf-touch\/","url":"https:\/\/aivlisoft.net\/shop\/producto\/cherry-active-key-teclado-lavable-desinf-touch\/","name":"CHERRY Active Key Teclado lavable\/desinf. touch - Aivlisoft Inform\u00e1tica","isPartOf":{"@id":"https:\/\/aivlisoft.net\/shop\/#website"},"primaryImageOfPage":{"@id":"https:\/\/aivlisoft.net\/shop\/producto\/cherry-active-key-teclado-lavable-desinf-touch\/#primaryimage"},"image":{"@id":"https:\/\/aivlisoft.net\/shop\/producto\/cherry-active-key-teclado-lavable-desinf-touch\/#primaryimage"},"thumbnailUrl":"https:\/\/aivlisoft.net\/shop\/wp-content\/uploads\/2025\/01\/FTRTUS0434_800.jpg","datePublished":"2025-01-13T14:12:00+00:00","dateModified":"2025-01-14T10:56:42+00:00","breadcrumb":{"@id":"https:\/\/aivlisoft.net\/shop\/producto\/cherry-active-key-teclado-lavable-desinf-touch\/#breadcrumb"},"inLanguage":"es","potentialAction":[{"@type":"ReadAction","target":["https:\/\/aivlisoft.net\/shop\/producto\/cherry-active-key-teclado-lavable-desinf-touch\/"]}]},{"@type":"ImageObject","inLanguage":"es","@id":"https:\/\/aivlisoft.net\/shop\/producto\/cherry-active-key-teclado-lavable-desinf-touch\/#primaryimage","url":"https:\/\/aivlisoft.net\/shop\/wp-content\/uploads\/2025\/01\/FTRTUS0434_800.jpg","contentUrl":"https:\/\/aivlisoft.net\/shop\/wp-content\/uploads\/2025\/01\/FTRTUS0434_800.jpg","width":800,"height":800},{"@type":"BreadcrumbList","@id":"https:\/\/aivlisoft.net\/shop\/producto\/cherry-active-key-teclado-lavable-desinf-touch\/#breadcrumb","itemListElement":[{"@type":"ListItem","position":1,"name":"Portada","item":"https:\/\/aivlisoft.net\/shop\/"},{"@type":"ListItem","position":2,"name":"Tienda","item":"https:\/\/aivlisoft.net\/shop\/tienda\/"},{"@type":"ListItem","position":3,"name":"CHERRY Active Key Teclado lavable\/desinf. touch"}]},{"@type":"WebSite","@id":"https:\/\/aivlisoft.net\/shop\/#website","url":"https:\/\/aivlisoft.net\/shop\/","name":"Aivlisoft Inform\u00e1tica","description":"En Aivlisoft Inform\u00e1tica ofrecemos soluciones tecnol\u00f3gicas para empresas: venta de ordenadores, consumibles, perif\u00e9ricos y m\u00e1s. Calidad, atenci\u00f3n personalizada y los mejores precios para tu negocio.","publisher":{"@id":"https:\/\/aivlisoft.net\/shop\/#organization"},"potentialAction":[{"@type":"SearchAction","target":{"@type":"EntryPoint","urlTemplate":"https:\/\/aivlisoft.net\/shop\/?s={search_term_string}"},"query-input":{"@type":"PropertyValueSpecification","valueRequired":true,"valueName":"search_term_string"}}],"inLanguage":"es"},{"@type":"Organization","@id":"https:\/\/aivlisoft.net\/shop\/#organization","name":"Aivlisoft Inform\u00e1tica","url":"https:\/\/aivlisoft.net\/shop\/","logo":{"@type":"ImageObject","inLanguage":"es","@id":"https:\/\/aivlisoft.net\/shop\/#\/schema\/logo\/image\/","url":"https:\/\/aivlisoft.net\/shop\/wp-content\/uploads\/2024\/12\/removal.ai_5b848c54-0cdf-4140-95c5-c5536bb7573b-logodef.png","contentUrl":"https:\/\/aivlisoft.net\/shop\/wp-content\/uploads\/2024\/12\/removal.ai_5b848c54-0cdf-4140-95c5-c5536bb7573b-logodef.png","width":484,"height":182,"caption":"Aivlisoft Inform\u00e1tica"},"image":{"@id":"https:\/\/aivlisoft.net\/shop\/#\/schema\/logo\/image\/"}}]}},"_links":{"self":[{"href":"https:\/\/aivlisoft.net\/shop\/wp-json\/wp\/v2\/product\/11172","targetHints":{"allow":["GET"]}}],"collection":[{"href":"https:\/\/aivlisoft.net\/shop\/wp-json\/wp\/v2\/product"}],"about":[{"href":"https:\/\/aivlisoft.net\/shop\/wp-json\/wp\/v2\/types\/product"}],"wp:featuredmedia":[{"embeddable":true,"href":"https:\/\/aivlisoft.net\/shop\/wp-json\/wp\/v2\/media\/11173"}],"wp:attachment":[{"href":"https:\/\/aivlisoft.net\/shop\/wp-json\/wp\/v2\/media?parent=11172"}],"wp:term":[{"taxonomy":"product_brand","embeddable":true,"href":"https:\/\/aivlisoft.net\/shop\/wp-json\/wp\/v2\/product_brand?post=11172"},{"taxonomy":"product_cat","embeddable":true,"href":"https:\/\/aivlisoft.net\/shop\/wp-json\/wp\/v2\/product_cat?post=11172"},{"taxonomy":"product_tag","embeddable":true,"href":"https:\/\/aivlisoft.net\/shop\/wp-json\/wp\/v2\/product_tag?post=11172"}],"curies":[{"name":"wp","href":"https:\/\/api.w.org\/{rel}","templated":true}]}}