{"id":11163,"date":"2025-01-13T14:11:54","date_gmt":"2025-01-13T14:11:54","guid":{"rendered":"https:\/\/aivlisoft.com\/?post_type=product&#038;p=11163"},"modified":"2025-01-14T10:56:32","modified_gmt":"2025-01-14T10:56:32","slug":"mars-gaming-teclado-mkxtkl-es-5-led-tkl-red","status":"publish","type":"product","link":"https:\/\/aivlisoft.net\/shop\/producto\/mars-gaming-teclado-mkxtkl-es-5-led-tkl-red\/","title":{"rendered":"Mars Gaming Teclado MKXTKL ES 5 led tkl RED"},"content":{"rendered":"<p><strong>Teclado gaming MKXTKL<\/strong><br \/>El MKXTKL ofrece todas las prestaciones &oacute;ptimas para un teclado mec&aacute;nico gaming RGB, en formato TKL. Nuevos switches mec&aacute;nicos OUTEMU SQ, estructura de ABS y aluminio, reposamu&ntilde;ecas extra&iacute;ble&#8230; Todo lo que necesitas, ahora en un dise&ntilde;o ultracompacto que te ofrece una total libertad de movimiento a la hora de jugar.<\/p>\n<p><strong>Dise&ntilde;o ultracompacto TKL<\/strong><br \/>Gracias a un dise&ntilde;o TKL optimizado, el MKXTKL te ofrece una libertad de movimiento total a la hora de jugar, garantizando tambi&eacute;n una est&eacute;tica &uacute;nica combinada con un sistema de iluminaci&oacute;n con m&uacute;ltiples efectos.<\/p>\n<p><strong>Iluminaci&oacute;n RGB con m&uacute;ltiples efectos<\/strong><br \/>El MKXTKL est&aacute; equipado con un sistema de retroiluminaci&oacute;n a 5 colores y 10 perfiles de luz RGB predefinidos que ofrecer&aacute;n un look espectacular a tu escritorio. Experimenta con sus m&uacute;ltiples efectos y consigue el aspecto que buscas para cada partida. <\/p>\n<p><strong>Reposamu&ntilde;ecas ergon&oacute;mico extra&iacute;ble<\/strong><br \/>El MKXTKL cuenta con un reposamu&ntilde;ecas extra&iacute;ble de dise&ntilde;o totalmente ergon&oacute;mico y ligero con una superficie texturizada y pies de goma antideslizante. Dispone de un sistema de montaje muy c&oacute;modo, permiti&eacute;ndote cambiar en cualquier momento su dise&ntilde;o si necesitas m&aacute;s espacio en tu escritorio.<\/p>\n<p><strong>Switches OUTEMU SQ de alto rendimiento<\/strong><br \/>Los switches mec&aacute;nicos OUTEMU SQ est&aacute;n dise&ntilde;ados con una carcasa especial reforzada, logrando una pulsaci&oacute;n s&oacute;lida que neutraliza el exceso de ruido. Gracias a su estructura, la parte interna del mecanismo queda protegida del polvo y elementos externos, prolongando su vida &uacute;til y facilitando su mantenimiento. Adem&aacute;s, cuenta con tecnolog&iacute;a full antighosting para garantizarte una total libertad de movimiento.<\/p>\n<p><strong>Tecnolog&iacute;a Premium de inyecci&oacute;n dual<\/strong><br \/>Las teclas del MKXTKL est&aacute;n fabricadas con tecnolog&iacute;a de inyecci&oacute;n dual, que extiende al m&aacute;ximo su vida &uacute;til y refuerza su estructura. Disfruta de la pulsaci&oacute;n firme y duradera de un teclado mec&aacute;nico gaming sin que se puedan borrar o desgastar las letras (como en el caso de los teclados mec&aacute;nicos sin doble inyecci&oacute;n).<\/p>\n<table class=\"tabla_caracteristicas k-table\" width=\"100%\">\n<tbody>\n<tr>\n<td><strong>Marca<\/strong><\/td>\n<td>Mars Gaming<\/td>\n<\/tr>\n<tr>\n<td><strong>Modelo<\/strong><\/td>\n<td><strong><\/strong><strong>MKXTKLRES<\/strong><\/td>\n<\/tr>\n<tr>\n<td><strong>Caracteristicas<\/strong><\/td>\n<td>&#8211; Tecnolog&iacute;a: Mec&aacute;nico<br \/>&#8211; Tipo de switch: OUTEMU rojo<br \/>&#8211; Dise&ntilde;o: TKL<br \/>&#8211; Material teclado: Aluminio + ABS<br \/>&#8211; Iluminaci&oacute;n: Retroiluminaci&oacute;n en 5 colores, 10 efectos de luz, 6 perfiles de luz<br \/>&#8211; Reposamu&ntilde;ecas: S&iacute;, extra&iacute;ble<br \/>&#8211; Frecuencia de refresco: 1000Hz<br \/>&#8211; Anti-ghosting: S&iacute; (total)<br \/>&#8211; Conectores: USB 2.0 chapado en oro<br \/>&#8211; Longitud del cable: 150cm<br \/>&#8211; Voltaje: DC 5V<br \/>&#8211; Corriente: 300mA<br \/>&#8211; Extras: Teclas con proceso de inyecci&oacute;n dual<br \/>&#8211; Extras: Control de intensidad de iluminaci&oacute;n y velocidad de los efectos<br \/>&#8211; Compatibilidad: Windows \/ Linux \/ mac<br \/>&#8211; Dimensiones: 365 x 136 x 38mm (Con reposamu&ntilde;ecas 365 x 200 x 38mm)<br \/>&#8211; Peso: 780g<br \/>&#8211; Color: Negro<br \/>&#8211; Layout Espa&ntilde;ol<\/td>\n<\/tr>\n<tr>\n<td><strong>Fecha de revisi&oacute;n<\/strong><\/td>\n<td>11-09-2019 por MSB<\/td>\n<\/tr>\n<\/tbody>\n<\/table>\n","protected":false},"excerpt":{"rendered":"<p>Teclado gaming MKXTKLEl MKXTKL ofrece todas las prestaciones &oacute;ptimas para un teclado mec&aacute;nico gaming RGB, en formato TKL. Nuevos switches mec&aacute;nicos OUTEMU SQ, estructura de ABS y aluminio, reposamu&ntilde;ecas extra&iacute;ble&#8230; Todo lo que necesitas, ahora en un dise&ntilde;o ultracompacto que te ofrece una total libertad de movimiento a la hora de jugar. Dise&ntilde;o ultracompacto TKLGracias&hellip;&nbsp;<a href=\"https:\/\/aivlisoft.net\/shop\/producto\/mars-gaming-teclado-mkxtkl-es-5-led-tkl-red\/\" rel=\"bookmark\"><span class=\"screen-reader-text\">Mars Gaming Teclado MKXTKL ES 5 led tkl RED<\/span><\/a><\/p>\n","protected":false},"featured_media":11164,"template":"","meta":{"neve_meta_sidebar":"","neve_meta_container":"","neve_meta_enable_content_width":"","neve_meta_content_width":0,"neve_meta_title_alignment":"","neve_meta_author_avatar":"","neve_post_elements_order":"","neve_meta_disable_header":"","neve_meta_disable_footer":"","neve_meta_disable_title":""},"product_brand":[],"product_cat":[8723],"product_tag":[4359],"class_list":{"0":"post-11163","1":"product","2":"type-product","3":"status-publish","4":"has-post-thumbnail","6":"product_cat-teclados-usb","7":"product_tag-mkxtklres","9":"first","10":"instock","11":"taxable","12":"shipping-taxable","13":"purchasable","14":"product-type-simple"},"yoast_head":"<!-- This site is optimized with the Yoast SEO plugin v26.0 - https:\/\/yoast.com\/wordpress\/plugins\/seo\/ -->\n<title>Mars Gaming Teclado MKXTKL ES 5 led tkl RED - Aivlisoft Inform\u00e1tica<\/title>\n<meta name=\"robots\" content=\"index, follow, max-snippet:-1, max-image-preview:large, max-video-preview:-1\" \/>\n<link rel=\"canonical\" href=\"https:\/\/aivlisoft.net\/shop\/producto\/mars-gaming-teclado-mkxtkl-es-5-led-tkl-red\/\" \/>\n<meta property=\"og:locale\" content=\"es_ES\" \/>\n<meta property=\"og:type\" content=\"article\" \/>\n<meta property=\"og:title\" content=\"Mars Gaming Teclado MKXTKL ES 5 led tkl RED - Aivlisoft Inform\u00e1tica\" \/>\n<meta property=\"og:description\" content=\"Teclado gaming MKXTKLEl MKXTKL ofrece todas las prestaciones &oacute;ptimas para un teclado mec&aacute;nico gaming RGB, en formato TKL. Nuevos switches mec&aacute;nicos OUTEMU SQ, estructura de ABS y aluminio, reposamu&ntilde;ecas extra&iacute;ble&#8230; Todo lo que necesitas, ahora en un dise&ntilde;o ultracompacto que te ofrece una total libertad de movimiento a la hora de jugar. Dise&ntilde;o ultracompacto TKLGracias&hellip;&nbsp;Mars Gaming Teclado MKXTKL ES 5 led tkl RED\" \/>\n<meta property=\"og:url\" content=\"https:\/\/aivlisoft.net\/shop\/producto\/mars-gaming-teclado-mkxtkl-es-5-led-tkl-red\/\" \/>\n<meta property=\"og:site_name\" content=\"Aivlisoft Inform\u00e1tica\" \/>\n<meta property=\"article:modified_time\" content=\"2025-01-14T10:56:32+00:00\" \/>\n<meta property=\"og:image\" content=\"https:\/\/aivlisoft.net\/shop\/wp-content\/uploads\/2025\/01\/FTRTUS0417_800.jpg\" \/>\n\t<meta property=\"og:image:width\" content=\"800\" \/>\n\t<meta property=\"og:image:height\" content=\"800\" \/>\n\t<meta property=\"og:image:type\" content=\"image\/jpeg\" \/>\n<meta name=\"twitter:card\" content=\"summary_large_image\" \/>\n<meta name=\"twitter:label1\" content=\"Tiempo de lectura\" \/>\n\t<meta name=\"twitter:data1\" content=\"3 minutos\" \/>\n<script type=\"application\/ld+json\" class=\"yoast-schema-graph\">{\"@context\":\"https:\/\/schema.org\",\"@graph\":[{\"@type\":\"WebPage\",\"@id\":\"https:\/\/aivlisoft.net\/shop\/producto\/mars-gaming-teclado-mkxtkl-es-5-led-tkl-red\/\",\"url\":\"https:\/\/aivlisoft.net\/shop\/producto\/mars-gaming-teclado-mkxtkl-es-5-led-tkl-red\/\",\"name\":\"Mars Gaming Teclado MKXTKL ES 5 led tkl RED - Aivlisoft Inform\u00e1tica\",\"isPartOf\":{\"@id\":\"https:\/\/aivlisoft.net\/shop\/#website\"},\"primaryImageOfPage\":{\"@id\":\"https:\/\/aivlisoft.net\/shop\/producto\/mars-gaming-teclado-mkxtkl-es-5-led-tkl-red\/#primaryimage\"},\"image\":{\"@id\":\"https:\/\/aivlisoft.net\/shop\/producto\/mars-gaming-teclado-mkxtkl-es-5-led-tkl-red\/#primaryimage\"},\"thumbnailUrl\":\"https:\/\/aivlisoft.net\/shop\/wp-content\/uploads\/2025\/01\/FTRTUS0417_800.jpg\",\"datePublished\":\"2025-01-13T14:11:54+00:00\",\"dateModified\":\"2025-01-14T10:56:32+00:00\",\"breadcrumb\":{\"@id\":\"https:\/\/aivlisoft.net\/shop\/producto\/mars-gaming-teclado-mkxtkl-es-5-led-tkl-red\/#breadcrumb\"},\"inLanguage\":\"es\",\"potentialAction\":[{\"@type\":\"ReadAction\",\"target\":[\"https:\/\/aivlisoft.net\/shop\/producto\/mars-gaming-teclado-mkxtkl-es-5-led-tkl-red\/\"]}]},{\"@type\":\"ImageObject\",\"inLanguage\":\"es\",\"@id\":\"https:\/\/aivlisoft.net\/shop\/producto\/mars-gaming-teclado-mkxtkl-es-5-led-tkl-red\/#primaryimage\",\"url\":\"https:\/\/aivlisoft.net\/shop\/wp-content\/uploads\/2025\/01\/FTRTUS0417_800.jpg\",\"contentUrl\":\"https:\/\/aivlisoft.net\/shop\/wp-content\/uploads\/2025\/01\/FTRTUS0417_800.jpg\",\"width\":800,\"height\":800},{\"@type\":\"BreadcrumbList\",\"@id\":\"https:\/\/aivlisoft.net\/shop\/producto\/mars-gaming-teclado-mkxtkl-es-5-led-tkl-red\/#breadcrumb\",\"itemListElement\":[{\"@type\":\"ListItem\",\"position\":1,\"name\":\"Portada\",\"item\":\"https:\/\/aivlisoft.net\/shop\/\"},{\"@type\":\"ListItem\",\"position\":2,\"name\":\"Tienda\",\"item\":\"https:\/\/aivlisoft.net\/shop\/tienda\/\"},{\"@type\":\"ListItem\",\"position\":3,\"name\":\"Mars Gaming Teclado MKXTKL ES 5 led tkl RED\"}]},{\"@type\":\"WebSite\",\"@id\":\"https:\/\/aivlisoft.net\/shop\/#website\",\"url\":\"https:\/\/aivlisoft.net\/shop\/\",\"name\":\"Aivlisoft Inform\u00e1tica\",\"description\":\"En Aivlisoft Inform\u00e1tica ofrecemos soluciones tecnol\u00f3gicas para empresas: venta de ordenadores, consumibles, perif\u00e9ricos y m\u00e1s. Calidad, atenci\u00f3n personalizada y los mejores precios para tu negocio.\",\"publisher\":{\"@id\":\"https:\/\/aivlisoft.net\/shop\/#organization\"},\"potentialAction\":[{\"@type\":\"SearchAction\",\"target\":{\"@type\":\"EntryPoint\",\"urlTemplate\":\"https:\/\/aivlisoft.net\/shop\/?s={search_term_string}\"},\"query-input\":{\"@type\":\"PropertyValueSpecification\",\"valueRequired\":true,\"valueName\":\"search_term_string\"}}],\"inLanguage\":\"es\"},{\"@type\":\"Organization\",\"@id\":\"https:\/\/aivlisoft.net\/shop\/#organization\",\"name\":\"Aivlisoft Inform\u00e1tica\",\"url\":\"https:\/\/aivlisoft.net\/shop\/\",\"logo\":{\"@type\":\"ImageObject\",\"inLanguage\":\"es\",\"@id\":\"https:\/\/aivlisoft.net\/shop\/#\/schema\/logo\/image\/\",\"url\":\"https:\/\/aivlisoft.net\/shop\/wp-content\/uploads\/2024\/12\/removal.ai_5b848c54-0cdf-4140-95c5-c5536bb7573b-logodef.png\",\"contentUrl\":\"https:\/\/aivlisoft.net\/shop\/wp-content\/uploads\/2024\/12\/removal.ai_5b848c54-0cdf-4140-95c5-c5536bb7573b-logodef.png\",\"width\":484,\"height\":182,\"caption\":\"Aivlisoft Inform\u00e1tica\"},\"image\":{\"@id\":\"https:\/\/aivlisoft.net\/shop\/#\/schema\/logo\/image\/\"}}]}<\/script>\n<!-- \/ Yoast SEO plugin. -->","yoast_head_json":{"title":"Mars Gaming Teclado MKXTKL ES 5 led tkl RED - Aivlisoft Inform\u00e1tica","robots":{"index":"index","follow":"follow","max-snippet":"max-snippet:-1","max-image-preview":"max-image-preview:large","max-video-preview":"max-video-preview:-1"},"canonical":"https:\/\/aivlisoft.net\/shop\/producto\/mars-gaming-teclado-mkxtkl-es-5-led-tkl-red\/","og_locale":"es_ES","og_type":"article","og_title":"Mars Gaming Teclado MKXTKL ES 5 led tkl RED - Aivlisoft Inform\u00e1tica","og_description":"Teclado gaming MKXTKLEl MKXTKL ofrece todas las prestaciones &oacute;ptimas para un teclado mec&aacute;nico gaming RGB, en formato TKL. Nuevos switches mec&aacute;nicos OUTEMU SQ, estructura de ABS y aluminio, reposamu&ntilde;ecas extra&iacute;ble&#8230; Todo lo que necesitas, ahora en un dise&ntilde;o ultracompacto que te ofrece una total libertad de movimiento a la hora de jugar. Dise&ntilde;o ultracompacto TKLGracias&hellip;&nbsp;Mars Gaming Teclado MKXTKL ES 5 led tkl RED","og_url":"https:\/\/aivlisoft.net\/shop\/producto\/mars-gaming-teclado-mkxtkl-es-5-led-tkl-red\/","og_site_name":"Aivlisoft Inform\u00e1tica","article_modified_time":"2025-01-14T10:56:32+00:00","og_image":[{"width":800,"height":800,"url":"https:\/\/aivlisoft.net\/shop\/wp-content\/uploads\/2025\/01\/FTRTUS0417_800.jpg","type":"image\/jpeg"}],"twitter_card":"summary_large_image","twitter_misc":{"Tiempo de lectura":"3 minutos"},"schema":{"@context":"https:\/\/schema.org","@graph":[{"@type":"WebPage","@id":"https:\/\/aivlisoft.net\/shop\/producto\/mars-gaming-teclado-mkxtkl-es-5-led-tkl-red\/","url":"https:\/\/aivlisoft.net\/shop\/producto\/mars-gaming-teclado-mkxtkl-es-5-led-tkl-red\/","name":"Mars Gaming Teclado MKXTKL ES 5 led tkl RED - Aivlisoft Inform\u00e1tica","isPartOf":{"@id":"https:\/\/aivlisoft.net\/shop\/#website"},"primaryImageOfPage":{"@id":"https:\/\/aivlisoft.net\/shop\/producto\/mars-gaming-teclado-mkxtkl-es-5-led-tkl-red\/#primaryimage"},"image":{"@id":"https:\/\/aivlisoft.net\/shop\/producto\/mars-gaming-teclado-mkxtkl-es-5-led-tkl-red\/#primaryimage"},"thumbnailUrl":"https:\/\/aivlisoft.net\/shop\/wp-content\/uploads\/2025\/01\/FTRTUS0417_800.jpg","datePublished":"2025-01-13T14:11:54+00:00","dateModified":"2025-01-14T10:56:32+00:00","breadcrumb":{"@id":"https:\/\/aivlisoft.net\/shop\/producto\/mars-gaming-teclado-mkxtkl-es-5-led-tkl-red\/#breadcrumb"},"inLanguage":"es","potentialAction":[{"@type":"ReadAction","target":["https:\/\/aivlisoft.net\/shop\/producto\/mars-gaming-teclado-mkxtkl-es-5-led-tkl-red\/"]}]},{"@type":"ImageObject","inLanguage":"es","@id":"https:\/\/aivlisoft.net\/shop\/producto\/mars-gaming-teclado-mkxtkl-es-5-led-tkl-red\/#primaryimage","url":"https:\/\/aivlisoft.net\/shop\/wp-content\/uploads\/2025\/01\/FTRTUS0417_800.jpg","contentUrl":"https:\/\/aivlisoft.net\/shop\/wp-content\/uploads\/2025\/01\/FTRTUS0417_800.jpg","width":800,"height":800},{"@type":"BreadcrumbList","@id":"https:\/\/aivlisoft.net\/shop\/producto\/mars-gaming-teclado-mkxtkl-es-5-led-tkl-red\/#breadcrumb","itemListElement":[{"@type":"ListItem","position":1,"name":"Portada","item":"https:\/\/aivlisoft.net\/shop\/"},{"@type":"ListItem","position":2,"name":"Tienda","item":"https:\/\/aivlisoft.net\/shop\/tienda\/"},{"@type":"ListItem","position":3,"name":"Mars Gaming Teclado MKXTKL ES 5 led tkl RED"}]},{"@type":"WebSite","@id":"https:\/\/aivlisoft.net\/shop\/#website","url":"https:\/\/aivlisoft.net\/shop\/","name":"Aivlisoft Inform\u00e1tica","description":"En Aivlisoft Inform\u00e1tica ofrecemos soluciones tecnol\u00f3gicas para empresas: venta de ordenadores, consumibles, perif\u00e9ricos y m\u00e1s. Calidad, atenci\u00f3n personalizada y los mejores precios para tu negocio.","publisher":{"@id":"https:\/\/aivlisoft.net\/shop\/#organization"},"potentialAction":[{"@type":"SearchAction","target":{"@type":"EntryPoint","urlTemplate":"https:\/\/aivlisoft.net\/shop\/?s={search_term_string}"},"query-input":{"@type":"PropertyValueSpecification","valueRequired":true,"valueName":"search_term_string"}}],"inLanguage":"es"},{"@type":"Organization","@id":"https:\/\/aivlisoft.net\/shop\/#organization","name":"Aivlisoft Inform\u00e1tica","url":"https:\/\/aivlisoft.net\/shop\/","logo":{"@type":"ImageObject","inLanguage":"es","@id":"https:\/\/aivlisoft.net\/shop\/#\/schema\/logo\/image\/","url":"https:\/\/aivlisoft.net\/shop\/wp-content\/uploads\/2024\/12\/removal.ai_5b848c54-0cdf-4140-95c5-c5536bb7573b-logodef.png","contentUrl":"https:\/\/aivlisoft.net\/shop\/wp-content\/uploads\/2024\/12\/removal.ai_5b848c54-0cdf-4140-95c5-c5536bb7573b-logodef.png","width":484,"height":182,"caption":"Aivlisoft Inform\u00e1tica"},"image":{"@id":"https:\/\/aivlisoft.net\/shop\/#\/schema\/logo\/image\/"}}]}},"_links":{"self":[{"href":"https:\/\/aivlisoft.net\/shop\/wp-json\/wp\/v2\/product\/11163","targetHints":{"allow":["GET"]}}],"collection":[{"href":"https:\/\/aivlisoft.net\/shop\/wp-json\/wp\/v2\/product"}],"about":[{"href":"https:\/\/aivlisoft.net\/shop\/wp-json\/wp\/v2\/types\/product"}],"wp:featuredmedia":[{"embeddable":true,"href":"https:\/\/aivlisoft.net\/shop\/wp-json\/wp\/v2\/media\/11164"}],"wp:attachment":[{"href":"https:\/\/aivlisoft.net\/shop\/wp-json\/wp\/v2\/media?parent=11163"}],"wp:term":[{"taxonomy":"product_brand","embeddable":true,"href":"https:\/\/aivlisoft.net\/shop\/wp-json\/wp\/v2\/product_brand?post=11163"},{"taxonomy":"product_cat","embeddable":true,"href":"https:\/\/aivlisoft.net\/shop\/wp-json\/wp\/v2\/product_cat?post=11163"},{"taxonomy":"product_tag","embeddable":true,"href":"https:\/\/aivlisoft.net\/shop\/wp-json\/wp\/v2\/product_tag?post=11163"}],"curies":[{"name":"wp","href":"https:\/\/api.w.org\/{rel}","templated":true}]}}