{"id":11158,"date":"2025-01-13T14:11:51","date_gmt":"2025-01-13T14:11:51","guid":{"rendered":"https:\/\/aivlisoft.com\/?post_type=product&#038;p=11158"},"modified":"2025-01-14T10:56:31","modified_gmt":"2025-01-14T10:56:31","slug":"mars-gaming-teclado-mktkl-rgb-tkl-rojo-es","status":"publish","type":"product","link":"https:\/\/aivlisoft.net\/shop\/producto\/mars-gaming-teclado-mktkl-rgb-tkl-rojo-es\/","title":{"rendered":"Mars gaming Teclado MKTKL RGB TKL Rojo ES"},"content":{"rendered":"<p><strong>Teclado gaming MKTKL<\/strong><br \/>Lo mejor de los teclados mec&aacute;nicos y los teclados de membrana combinados, &iexcl;ahora con una mayor libertad de movimiento! El MKTKL es un teclado con iluminaci&oacute;n RGB, tecnolog&iacute;a H-Mechanical RED y dise&ntilde;o compacto TKL: un perif&eacute;rico gaming profesional que te garantiza una pulsaci&oacute;n inimitable y un tama&ntilde;o &oacute;ptimo para disfrutar del mejor espacio en tu escritorio.<\/p>\n<p><strong>Dise&ntilde;o ultracompacto TKL<\/strong><br \/>Juega sin restricciones gracias a la estructura TKL ultracompacta del MKTKL: mueve el rat&oacute;n con total libertad, disfruta de ese espacio extra en tu escritorio y no sacrifiques ninguna prestaci&oacute;n por ello. El MKTKL ofrece todas las caracter&iacute;sticas gaming de un teclado h&iacute;brido mec&aacute;nico, en menos espacio.<\/p>\n<p><strong>M&uacute;ltiples efectos LED RGB<\/strong><br \/>El sistema de iluminaci&oacute;n RGB del MKTKL ofrece hasta 8 efectos de luz diferentes, para lucir tu setup como m&aacute;s te guste y combinarlos con el resto de perif&eacute;ricos. Desde efectos arcoiris hasta un perfil personalizable por hardware, el sistema LED del MKTKL te garantiza una est&eacute;tica gaming &uacute;nica.<\/p>\n<p><strong>Tecnolog&iacute;a H-Mechanical RED<\/strong><br \/>La precisi&oacute;n de un teclado mec&aacute;nico y la suavidad de un teclado de membrana: la tecnolog&iacute;a H-Mechanical RED combina lo mejor de ambos sistemas en el menor espacio, ofreci&eacute;ndote un teclado de alto rendimiento para aquellos que buscan algo diferente y &uacute;nico.<\/p>\n<p><strong>Estructura optimizada de alta calidad<\/strong><br \/>El teclado MKTKL est&aacute; fabricado con los mejores materiales: panel superior de aluminio, cable textil reforzado, USB ba&ntilde;ado en oro y ABS de alta calidad. Proporcionando la mayor durabilidad posible con una estructura optimizada para ocupar el m&iacute;nimo espacio y adem&aacute;s garantizar una incre&iacute;ble vida &uacute;til.<\/p>\n<p><strong>Prestaciones gaming profesionales<\/strong><br \/>Equipado con tecnolog&iacute;a antighosting, USB chapado en oro de 18K, cable reforzado de nylon y teclas de altura optimizada, el MKTKL te garantiza una experiencia gaming profesional con la que disfrutar de tus partidas al m&aacute;ximo y con total libertad de movimiento.<br \/>&nbsp;<\/p>\n<table class=\"tabla_caracteristicas k-table\" width=\"100%\">\n<tr>\n<td><strong>Marca<\/strong><\/td>\n<td>Mars Gaming<\/td>\n<\/tr>\n<tr>\n<td><strong>Modelo<\/strong><\/td>\n<td><strong>MKTKLES<\/strong><\/td>\n<\/tr>\n<tr>\n<td><strong>Caracteristicas<\/strong><\/td>\n<td>&#8211; Tecnolog&iacute;a: H&iacute;brido-Mec&aacute;nico<br \/>\t\t\t&#8211; Tipo de switch: H-Mechanical RED<br \/>\t\t\t&#8211; Dise&ntilde;o: TKL<br \/>\t\t\t&#8211; Material teclado: Aluminio + ABS<br \/>\t\t\t&#8211; Iluminaci&oacute;n: Retroiluminaci&oacute;n RGB Rainbow en 7 colores, 8 efectos de luz<br \/>\t\t\t&#8211; Extras: Control de intensidad de iluminaci&oacute;n y velocidad de los efectos<br \/>\t\t\t&#8211; Extras: 12 teclas multimedia + 4 teclas de funci&oacute;n<br \/>\t\t\t&#8211; Longitud del cable: 150cm<br \/>\t\t\t&#8211; Conectores: USB 2.0 chapado en oro<br \/>\t\t\t&#8211; Programable: Hardware<br \/>\t\t\t&#8211; Anti-ghosting: S&iacute;<br \/>\t\t\t&#8211; Voltaje: DC 5V<br \/>\t\t\t&#8211; Corriente: 300mA<br \/>\t\t\t&#8211; Compatibilidad: Windows \/ Linux \/ Mac<br \/>\t\t\t&#8211; Dimensiones: 365 x 136 x 38mm<br \/>\t\t\t&#8211; Peso: 618g<br \/>\t\t\t&#8211; Color: Negro<br \/>\t\t\t&#8211; Layout Espa&ntilde;ol<\/td>\n<\/tr>\n<tr>\n<td><strong>Fecha de revisi&oacute;n<\/strong><\/td>\n<td>11-09-2019 por MSB<\/td>\n<\/tr>\n<\/table>\n","protected":false},"excerpt":{"rendered":"<p>Teclado gaming MKTKLLo mejor de los teclados mec&aacute;nicos y los teclados de membrana combinados, &iexcl;ahora con una mayor libertad de movimiento! El MKTKL es un teclado con iluminaci&oacute;n RGB, tecnolog&iacute;a H-Mechanical RED y dise&ntilde;o compacto TKL: un perif&eacute;rico gaming profesional que te garantiza una pulsaci&oacute;n inimitable y un tama&ntilde;o &oacute;ptimo para disfrutar del mejor espacio&hellip;&nbsp;<a href=\"https:\/\/aivlisoft.net\/shop\/producto\/mars-gaming-teclado-mktkl-rgb-tkl-rojo-es\/\" rel=\"bookmark\"><span class=\"screen-reader-text\">Mars gaming Teclado MKTKL RGB TKL Rojo ES<\/span><\/a><\/p>\n","protected":false},"featured_media":11159,"template":"","meta":{"neve_meta_sidebar":"","neve_meta_container":"","neve_meta_enable_content_width":"","neve_meta_content_width":0,"neve_meta_title_alignment":"","neve_meta_author_avatar":"","neve_post_elements_order":"","neve_meta_disable_header":"","neve_meta_disable_footer":"","neve_meta_disable_title":""},"product_brand":[],"product_cat":[8723],"product_tag":[4358],"class_list":{"0":"post-11158","1":"product","2":"type-product","3":"status-publish","4":"has-post-thumbnail","6":"product_cat-teclados-usb","7":"product_tag-mktkles","9":"first","10":"instock","11":"taxable","12":"shipping-taxable","13":"purchasable","14":"product-type-simple"},"yoast_head":"<!-- This site is optimized with the Yoast SEO plugin v26.0 - https:\/\/yoast.com\/wordpress\/plugins\/seo\/ -->\n<title>Mars gaming Teclado MKTKL RGB TKL Rojo ES - Aivlisoft Inform\u00e1tica<\/title>\n<meta name=\"robots\" content=\"index, follow, max-snippet:-1, max-image-preview:large, max-video-preview:-1\" \/>\n<link rel=\"canonical\" href=\"https:\/\/aivlisoft.net\/shop\/producto\/mars-gaming-teclado-mktkl-rgb-tkl-rojo-es\/\" \/>\n<meta property=\"og:locale\" content=\"es_ES\" \/>\n<meta property=\"og:type\" content=\"article\" \/>\n<meta property=\"og:title\" content=\"Mars gaming Teclado MKTKL RGB TKL Rojo ES - Aivlisoft Inform\u00e1tica\" \/>\n<meta property=\"og:description\" content=\"Teclado gaming MKTKLLo mejor de los teclados mec&aacute;nicos y los teclados de membrana combinados, &iexcl;ahora con una mayor libertad de movimiento! El MKTKL es un teclado con iluminaci&oacute;n RGB, tecnolog&iacute;a H-Mechanical RED y dise&ntilde;o compacto TKL: un perif&eacute;rico gaming profesional que te garantiza una pulsaci&oacute;n inimitable y un tama&ntilde;o &oacute;ptimo para disfrutar del mejor espacio&hellip;&nbsp;Mars gaming Teclado MKTKL RGB TKL Rojo ES\" \/>\n<meta property=\"og:url\" content=\"https:\/\/aivlisoft.net\/shop\/producto\/mars-gaming-teclado-mktkl-rgb-tkl-rojo-es\/\" \/>\n<meta property=\"og:site_name\" content=\"Aivlisoft Inform\u00e1tica\" \/>\n<meta property=\"article:modified_time\" content=\"2025-01-14T10:56:31+00:00\" \/>\n<meta property=\"og:image\" content=\"https:\/\/aivlisoft.net\/shop\/wp-content\/uploads\/2025\/01\/FTRTUS0413_800.jpg\" \/>\n\t<meta property=\"og:image:width\" content=\"800\" \/>\n\t<meta property=\"og:image:height\" content=\"800\" \/>\n\t<meta property=\"og:image:type\" content=\"image\/jpeg\" \/>\n<meta name=\"twitter:card\" content=\"summary_large_image\" \/>\n<meta name=\"twitter:label1\" content=\"Tiempo de lectura\" \/>\n\t<meta name=\"twitter:data1\" content=\"2 minutos\" \/>\n<script type=\"application\/ld+json\" class=\"yoast-schema-graph\">{\"@context\":\"https:\/\/schema.org\",\"@graph\":[{\"@type\":\"WebPage\",\"@id\":\"https:\/\/aivlisoft.net\/shop\/producto\/mars-gaming-teclado-mktkl-rgb-tkl-rojo-es\/\",\"url\":\"https:\/\/aivlisoft.net\/shop\/producto\/mars-gaming-teclado-mktkl-rgb-tkl-rojo-es\/\",\"name\":\"Mars gaming Teclado MKTKL RGB TKL Rojo ES - Aivlisoft Inform\u00e1tica\",\"isPartOf\":{\"@id\":\"https:\/\/aivlisoft.net\/shop\/#website\"},\"primaryImageOfPage\":{\"@id\":\"https:\/\/aivlisoft.net\/shop\/producto\/mars-gaming-teclado-mktkl-rgb-tkl-rojo-es\/#primaryimage\"},\"image\":{\"@id\":\"https:\/\/aivlisoft.net\/shop\/producto\/mars-gaming-teclado-mktkl-rgb-tkl-rojo-es\/#primaryimage\"},\"thumbnailUrl\":\"https:\/\/aivlisoft.net\/shop\/wp-content\/uploads\/2025\/01\/FTRTUS0413_800.jpg\",\"datePublished\":\"2025-01-13T14:11:51+00:00\",\"dateModified\":\"2025-01-14T10:56:31+00:00\",\"breadcrumb\":{\"@id\":\"https:\/\/aivlisoft.net\/shop\/producto\/mars-gaming-teclado-mktkl-rgb-tkl-rojo-es\/#breadcrumb\"},\"inLanguage\":\"es\",\"potentialAction\":[{\"@type\":\"ReadAction\",\"target\":[\"https:\/\/aivlisoft.net\/shop\/producto\/mars-gaming-teclado-mktkl-rgb-tkl-rojo-es\/\"]}]},{\"@type\":\"ImageObject\",\"inLanguage\":\"es\",\"@id\":\"https:\/\/aivlisoft.net\/shop\/producto\/mars-gaming-teclado-mktkl-rgb-tkl-rojo-es\/#primaryimage\",\"url\":\"https:\/\/aivlisoft.net\/shop\/wp-content\/uploads\/2025\/01\/FTRTUS0413_800.jpg\",\"contentUrl\":\"https:\/\/aivlisoft.net\/shop\/wp-content\/uploads\/2025\/01\/FTRTUS0413_800.jpg\",\"width\":800,\"height\":800},{\"@type\":\"BreadcrumbList\",\"@id\":\"https:\/\/aivlisoft.net\/shop\/producto\/mars-gaming-teclado-mktkl-rgb-tkl-rojo-es\/#breadcrumb\",\"itemListElement\":[{\"@type\":\"ListItem\",\"position\":1,\"name\":\"Portada\",\"item\":\"https:\/\/aivlisoft.net\/shop\/\"},{\"@type\":\"ListItem\",\"position\":2,\"name\":\"Tienda\",\"item\":\"https:\/\/aivlisoft.net\/shop\/tienda\/\"},{\"@type\":\"ListItem\",\"position\":3,\"name\":\"Mars gaming Teclado MKTKL RGB TKL Rojo ES\"}]},{\"@type\":\"WebSite\",\"@id\":\"https:\/\/aivlisoft.net\/shop\/#website\",\"url\":\"https:\/\/aivlisoft.net\/shop\/\",\"name\":\"Aivlisoft Inform\u00e1tica\",\"description\":\"En Aivlisoft Inform\u00e1tica ofrecemos soluciones tecnol\u00f3gicas para empresas: venta de ordenadores, consumibles, perif\u00e9ricos y m\u00e1s. Calidad, atenci\u00f3n personalizada y los mejores precios para tu negocio.\",\"publisher\":{\"@id\":\"https:\/\/aivlisoft.net\/shop\/#organization\"},\"potentialAction\":[{\"@type\":\"SearchAction\",\"target\":{\"@type\":\"EntryPoint\",\"urlTemplate\":\"https:\/\/aivlisoft.net\/shop\/?s={search_term_string}\"},\"query-input\":{\"@type\":\"PropertyValueSpecification\",\"valueRequired\":true,\"valueName\":\"search_term_string\"}}],\"inLanguage\":\"es\"},{\"@type\":\"Organization\",\"@id\":\"https:\/\/aivlisoft.net\/shop\/#organization\",\"name\":\"Aivlisoft Inform\u00e1tica\",\"url\":\"https:\/\/aivlisoft.net\/shop\/\",\"logo\":{\"@type\":\"ImageObject\",\"inLanguage\":\"es\",\"@id\":\"https:\/\/aivlisoft.net\/shop\/#\/schema\/logo\/image\/\",\"url\":\"https:\/\/aivlisoft.net\/shop\/wp-content\/uploads\/2024\/12\/removal.ai_5b848c54-0cdf-4140-95c5-c5536bb7573b-logodef.png\",\"contentUrl\":\"https:\/\/aivlisoft.net\/shop\/wp-content\/uploads\/2024\/12\/removal.ai_5b848c54-0cdf-4140-95c5-c5536bb7573b-logodef.png\",\"width\":484,\"height\":182,\"caption\":\"Aivlisoft Inform\u00e1tica\"},\"image\":{\"@id\":\"https:\/\/aivlisoft.net\/shop\/#\/schema\/logo\/image\/\"}}]}<\/script>\n<!-- \/ Yoast SEO plugin. -->","yoast_head_json":{"title":"Mars gaming Teclado MKTKL RGB TKL Rojo ES - Aivlisoft Inform\u00e1tica","robots":{"index":"index","follow":"follow","max-snippet":"max-snippet:-1","max-image-preview":"max-image-preview:large","max-video-preview":"max-video-preview:-1"},"canonical":"https:\/\/aivlisoft.net\/shop\/producto\/mars-gaming-teclado-mktkl-rgb-tkl-rojo-es\/","og_locale":"es_ES","og_type":"article","og_title":"Mars gaming Teclado MKTKL RGB TKL Rojo ES - Aivlisoft Inform\u00e1tica","og_description":"Teclado gaming MKTKLLo mejor de los teclados mec&aacute;nicos y los teclados de membrana combinados, &iexcl;ahora con una mayor libertad de movimiento! El MKTKL es un teclado con iluminaci&oacute;n RGB, tecnolog&iacute;a H-Mechanical RED y dise&ntilde;o compacto TKL: un perif&eacute;rico gaming profesional que te garantiza una pulsaci&oacute;n inimitable y un tama&ntilde;o &oacute;ptimo para disfrutar del mejor espacio&hellip;&nbsp;Mars gaming Teclado MKTKL RGB TKL Rojo ES","og_url":"https:\/\/aivlisoft.net\/shop\/producto\/mars-gaming-teclado-mktkl-rgb-tkl-rojo-es\/","og_site_name":"Aivlisoft Inform\u00e1tica","article_modified_time":"2025-01-14T10:56:31+00:00","og_image":[{"width":800,"height":800,"url":"https:\/\/aivlisoft.net\/shop\/wp-content\/uploads\/2025\/01\/FTRTUS0413_800.jpg","type":"image\/jpeg"}],"twitter_card":"summary_large_image","twitter_misc":{"Tiempo de lectura":"2 minutos"},"schema":{"@context":"https:\/\/schema.org","@graph":[{"@type":"WebPage","@id":"https:\/\/aivlisoft.net\/shop\/producto\/mars-gaming-teclado-mktkl-rgb-tkl-rojo-es\/","url":"https:\/\/aivlisoft.net\/shop\/producto\/mars-gaming-teclado-mktkl-rgb-tkl-rojo-es\/","name":"Mars gaming Teclado MKTKL RGB TKL Rojo ES - Aivlisoft Inform\u00e1tica","isPartOf":{"@id":"https:\/\/aivlisoft.net\/shop\/#website"},"primaryImageOfPage":{"@id":"https:\/\/aivlisoft.net\/shop\/producto\/mars-gaming-teclado-mktkl-rgb-tkl-rojo-es\/#primaryimage"},"image":{"@id":"https:\/\/aivlisoft.net\/shop\/producto\/mars-gaming-teclado-mktkl-rgb-tkl-rojo-es\/#primaryimage"},"thumbnailUrl":"https:\/\/aivlisoft.net\/shop\/wp-content\/uploads\/2025\/01\/FTRTUS0413_800.jpg","datePublished":"2025-01-13T14:11:51+00:00","dateModified":"2025-01-14T10:56:31+00:00","breadcrumb":{"@id":"https:\/\/aivlisoft.net\/shop\/producto\/mars-gaming-teclado-mktkl-rgb-tkl-rojo-es\/#breadcrumb"},"inLanguage":"es","potentialAction":[{"@type":"ReadAction","target":["https:\/\/aivlisoft.net\/shop\/producto\/mars-gaming-teclado-mktkl-rgb-tkl-rojo-es\/"]}]},{"@type":"ImageObject","inLanguage":"es","@id":"https:\/\/aivlisoft.net\/shop\/producto\/mars-gaming-teclado-mktkl-rgb-tkl-rojo-es\/#primaryimage","url":"https:\/\/aivlisoft.net\/shop\/wp-content\/uploads\/2025\/01\/FTRTUS0413_800.jpg","contentUrl":"https:\/\/aivlisoft.net\/shop\/wp-content\/uploads\/2025\/01\/FTRTUS0413_800.jpg","width":800,"height":800},{"@type":"BreadcrumbList","@id":"https:\/\/aivlisoft.net\/shop\/producto\/mars-gaming-teclado-mktkl-rgb-tkl-rojo-es\/#breadcrumb","itemListElement":[{"@type":"ListItem","position":1,"name":"Portada","item":"https:\/\/aivlisoft.net\/shop\/"},{"@type":"ListItem","position":2,"name":"Tienda","item":"https:\/\/aivlisoft.net\/shop\/tienda\/"},{"@type":"ListItem","position":3,"name":"Mars gaming Teclado MKTKL RGB TKL Rojo ES"}]},{"@type":"WebSite","@id":"https:\/\/aivlisoft.net\/shop\/#website","url":"https:\/\/aivlisoft.net\/shop\/","name":"Aivlisoft Inform\u00e1tica","description":"En Aivlisoft Inform\u00e1tica ofrecemos soluciones tecnol\u00f3gicas para empresas: venta de ordenadores, consumibles, perif\u00e9ricos y m\u00e1s. Calidad, atenci\u00f3n personalizada y los mejores precios para tu negocio.","publisher":{"@id":"https:\/\/aivlisoft.net\/shop\/#organization"},"potentialAction":[{"@type":"SearchAction","target":{"@type":"EntryPoint","urlTemplate":"https:\/\/aivlisoft.net\/shop\/?s={search_term_string}"},"query-input":{"@type":"PropertyValueSpecification","valueRequired":true,"valueName":"search_term_string"}}],"inLanguage":"es"},{"@type":"Organization","@id":"https:\/\/aivlisoft.net\/shop\/#organization","name":"Aivlisoft Inform\u00e1tica","url":"https:\/\/aivlisoft.net\/shop\/","logo":{"@type":"ImageObject","inLanguage":"es","@id":"https:\/\/aivlisoft.net\/shop\/#\/schema\/logo\/image\/","url":"https:\/\/aivlisoft.net\/shop\/wp-content\/uploads\/2024\/12\/removal.ai_5b848c54-0cdf-4140-95c5-c5536bb7573b-logodef.png","contentUrl":"https:\/\/aivlisoft.net\/shop\/wp-content\/uploads\/2024\/12\/removal.ai_5b848c54-0cdf-4140-95c5-c5536bb7573b-logodef.png","width":484,"height":182,"caption":"Aivlisoft Inform\u00e1tica"},"image":{"@id":"https:\/\/aivlisoft.net\/shop\/#\/schema\/logo\/image\/"}}]}},"_links":{"self":[{"href":"https:\/\/aivlisoft.net\/shop\/wp-json\/wp\/v2\/product\/11158","targetHints":{"allow":["GET"]}}],"collection":[{"href":"https:\/\/aivlisoft.net\/shop\/wp-json\/wp\/v2\/product"}],"about":[{"href":"https:\/\/aivlisoft.net\/shop\/wp-json\/wp\/v2\/types\/product"}],"wp:featuredmedia":[{"embeddable":true,"href":"https:\/\/aivlisoft.net\/shop\/wp-json\/wp\/v2\/media\/11159"}],"wp:attachment":[{"href":"https:\/\/aivlisoft.net\/shop\/wp-json\/wp\/v2\/media?parent=11158"}],"wp:term":[{"taxonomy":"product_brand","embeddable":true,"href":"https:\/\/aivlisoft.net\/shop\/wp-json\/wp\/v2\/product_brand?post=11158"},{"taxonomy":"product_cat","embeddable":true,"href":"https:\/\/aivlisoft.net\/shop\/wp-json\/wp\/v2\/product_cat?post=11158"},{"taxonomy":"product_tag","embeddable":true,"href":"https:\/\/aivlisoft.net\/shop\/wp-json\/wp\/v2\/product_tag?post=11158"}],"curies":[{"name":"wp","href":"https:\/\/api.w.org\/{rel}","templated":true}]}}