{"id":11135,"date":"2025-01-13T14:11:35","date_gmt":"2025-01-13T14:11:35","guid":{"rendered":"https:\/\/aivlisoft.com\/?post_type=product&#038;p=11135"},"modified":"2025-01-14T10:56:21","modified_gmt":"2025-01-14T10:56:21","slug":"logitech-teclado-k400-920-007137-plus-touch-negro","status":"publish","type":"product","link":"https:\/\/aivlisoft.net\/shop\/producto\/logitech-teclado-k400-920-007137-plus-touch-negro\/","title":{"rendered":"Logitech Teclado K400 920-007137 Plus Touch Negro"},"content":{"rendered":"<div><strong>Dise&ntilde;ado para un control relajado<\/strong><br \/>&#8211; El uso de multimedia de PC a TV no tiene por qu&eacute; ser complicado. Rel&aacute;jate y navega en tu ordenador conectado al televisor desde la comodidad del sof&aacute;.<\/div>\n<div><strong>Teclado inal&aacute;mbrico con touchpad integrado<\/strong><br \/>&#8211; Disfruta de un control simplificado de tu sistema multimedia PC a TV, sin los inconvenientes de tener el teclado y el rat&oacute;n por separado.<\/div>\n<div><strong>Radio de acci&oacute;n inal&aacute;mbrico de 10 m<\/strong><br \/>&#8211; Ve v&iacute;deos, navega en Internet, habla con tus amigos y mucho m&aacute;s sin molestas demoras o interrupciones.<\/div>\n<div><strong>Teclado multimedia para TV<\/strong><br \/>&#8211; Con K400 Plus, te sentir&aacute;s c&oacute;modo al instante. La distribuci&oacute;n est&aacute; dise&ntilde;ada para una interacci&oacute;n multimedia relajada.<\/div>\n<div><strong>Plug and Play K400 Plus est&aacute; listo para usar<\/strong><br \/>&#8211; Conecta el min&uacute;sculo receptor Unifying a un puerto USB y todo listo para que empiece la diversi&oacute;n.<\/div>\n<div><strong>Duraci&oacute;n de pilas de hasta 18 meses<\/strong><br \/>&#8211; Tal vez hasta te olvides de que el teclado funciona con pilas.<\/div>\n<div><strong>Funciona con varios sistemas operativos<\/strong><br \/>&#8211; Dise&ntilde;ado para usarse con Windows&reg; 7, Windows 8, Windows 10 y posteriores, Android&trade; 5.0 o posterior, y Chrome OS&trade;.<\/div>\n<div><strong>Control personalizable<\/strong><br \/>&#8211; Usa K400 Plus nada m&aacute;s sacarlo de la caja, o personaliza la configuraci&oacute;n de las teclas y el touchpad con el software Logitech Options&trade;.<\/div>\n<p><\/p>\n<table class=\"Tabla_Caracteristicas\" width=\"100%\">\n<tbody>\n<tr>\n<td valign=\"top\"><strong>Marca<\/strong><\/td>\n<td>Logitech<\/td>\n<\/tr>\n<tr>\n<td valign=\"top\"><strong>Modelo<\/strong><\/td>\n<td>\n<div>K400<\/div>\n<div>(<strong>920-007137<\/strong>)<\/div>\n<\/td>\n<\/tr>\n<tr>\n<td valign=\"top\"><strong>Tipo<\/strong><\/td>\n<td>&#8211; Teclado inal&aacute;mbrico para TV<\/td>\n<\/tr>\n<tr>\n<td valign=\"top\"><strong>Conexi&oacute;n<\/strong><\/td>\n<td>\n<div>&#8211; USB<\/div>\n<\/td>\n<\/tr>\n<tr>\n<td valign=\"top\">\n<div><strong>Otras <\/strong><\/div>\n<div><strong>Caracter&iacute;sticas<\/strong><\/div>\n<\/td>\n<td>\n<div>&#8211; Tipo de conexi&oacute;n: Protocolo Logitech Unifying (2,4 GHz)<br \/>\t\t\t&#8211; Botones\/Teclas especiales: Silencio y ajuste de volumen<br \/>\t\t\t&#8211; Conexi&oacute;n\/Encendido: Conmutador de encendido\/apagado<br \/>\t\t\t&#8211; Ruido al escribir: Hasta 55 dBA para todas las teclas<br \/>\t\t\t&#8211; Radio de acci&oacute;n inal&aacute;mbrico: 10 m (33 ft)<\/div>\n<div>&#8211; Color: Negro<br \/>\t\t\t<strong>Requisitos del sistema<\/strong><br \/>\t\t\t&#8211; Sistemas operativos\/plataformas compatibles<br \/>\t\t\t&#8211; Windows&reg; 7, Windows 8, Windows 10 o posterior<br \/>\t\t\t&#8211; Android&trade; 5.0 o posterior<br \/>\t\t\t&#8211; Chrome OS&trade;<br \/>\t\t\t&#8211; Puerto USB<br \/>\t\t\t<strong>Dimensiones y Peso<\/strong><br \/>\t\t\t&#8211; Altura: 139,9 mm (5,5 in)<br \/>\t\t\t&#8211; Anchura: 354,3 mm (14,0 in)<br \/>\t\t\t&#8211; Profundidad: 23,5 mm (1,0 in)<br \/>\t\t\t&#8211; Peso: 380 g (con pilas)<br \/>\t\t\t<strong>Contenido<\/strong><br \/>\t\t\t&#8211; Wireless Touch Keyboard<br \/>\t\t\t&#8211; Receptor Unifying<br \/>\t\t\t&#8211; Dos pilas AA (preinstaladas)<br \/>\t\t\t&#8211; Documentaci&oacute;n del usuario<\/div>\n<\/td>\n<\/tr>\n<tr>\n<td valign=\"top\"><strong>Fecha Revisi&oacute;n<\/strong><\/td>\n<td>12-01-2016 por MSB<\/td>\n<\/tr>\n<\/tbody>\n<\/table>\n","protected":false},"excerpt":{"rendered":"<p>Dise&ntilde;ado para un control relajado&#8211; El uso de multimedia de PC a TV no tiene por qu&eacute; ser complicado. Rel&aacute;jate y navega en tu ordenador conectado al televisor desde la comodidad del sof&aacute;. Teclado inal&aacute;mbrico con touchpad integrado&#8211; Disfruta de un control simplificado de tu sistema multimedia PC a TV, sin los inconvenientes de tener&hellip;&nbsp;<a href=\"https:\/\/aivlisoft.net\/shop\/producto\/logitech-teclado-k400-920-007137-plus-touch-negro\/\" rel=\"bookmark\"><span class=\"screen-reader-text\">Logitech Teclado K400 920-007137 Plus Touch Negro<\/span><\/a><\/p>\n","protected":false},"featured_media":11136,"template":"","meta":{"neve_meta_sidebar":"","neve_meta_container":"","neve_meta_enable_content_width":"","neve_meta_content_width":0,"neve_meta_title_alignment":"","neve_meta_author_avatar":"","neve_post_elements_order":"","neve_meta_disable_header":"","neve_meta_disable_footer":"","neve_meta_disable_title":""},"product_brand":[],"product_cat":[8723],"product_tag":[4344],"class_list":{"0":"post-11135","1":"product","2":"type-product","3":"status-publish","4":"has-post-thumbnail","6":"product_cat-teclados-usb","7":"product_tag-920-007137","9":"first","10":"instock","11":"taxable","12":"shipping-taxable","13":"purchasable","14":"product-type-simple"},"yoast_head":"<!-- This site is optimized with the Yoast SEO plugin v26.0 - https:\/\/yoast.com\/wordpress\/plugins\/seo\/ -->\n<title>Logitech Teclado K400 920-007137 Plus Touch Negro - Aivlisoft Inform\u00e1tica<\/title>\n<meta name=\"robots\" content=\"index, follow, max-snippet:-1, max-image-preview:large, max-video-preview:-1\" \/>\n<link rel=\"canonical\" href=\"https:\/\/aivlisoft.net\/shop\/producto\/logitech-teclado-k400-920-007137-plus-touch-negro\/\" \/>\n<meta property=\"og:locale\" content=\"es_ES\" \/>\n<meta property=\"og:type\" content=\"article\" \/>\n<meta property=\"og:title\" content=\"Logitech Teclado K400 920-007137 Plus Touch Negro - Aivlisoft Inform\u00e1tica\" \/>\n<meta property=\"og:description\" content=\"Dise&ntilde;ado para un control relajado&#8211; El uso de multimedia de PC a TV no tiene por qu&eacute; ser complicado. Rel&aacute;jate y navega en tu ordenador conectado al televisor desde la comodidad del sof&aacute;. Teclado inal&aacute;mbrico con touchpad integrado&#8211; Disfruta de un control simplificado de tu sistema multimedia PC a TV, sin los inconvenientes de tener&hellip;&nbsp;Logitech Teclado K400 920-007137 Plus Touch Negro\" \/>\n<meta property=\"og:url\" content=\"https:\/\/aivlisoft.net\/shop\/producto\/logitech-teclado-k400-920-007137-plus-touch-negro\/\" \/>\n<meta property=\"og:site_name\" content=\"Aivlisoft Inform\u00e1tica\" \/>\n<meta property=\"article:modified_time\" content=\"2025-01-14T10:56:21+00:00\" \/>\n<meta property=\"og:image\" content=\"https:\/\/aivlisoft.net\/shop\/wp-content\/uploads\/2025\/01\/FTRTUS0247_large.jpg\" \/>\n\t<meta property=\"og:image:width\" content=\"400\" \/>\n\t<meta property=\"og:image:height\" content=\"400\" \/>\n\t<meta property=\"og:image:type\" content=\"image\/jpeg\" \/>\n<meta name=\"twitter:card\" content=\"summary_large_image\" \/>\n<meta name=\"twitter:label1\" content=\"Tiempo de lectura\" \/>\n\t<meta name=\"twitter:data1\" content=\"2 minutos\" \/>\n<script type=\"application\/ld+json\" class=\"yoast-schema-graph\">{\"@context\":\"https:\/\/schema.org\",\"@graph\":[{\"@type\":\"WebPage\",\"@id\":\"https:\/\/aivlisoft.net\/shop\/producto\/logitech-teclado-k400-920-007137-plus-touch-negro\/\",\"url\":\"https:\/\/aivlisoft.net\/shop\/producto\/logitech-teclado-k400-920-007137-plus-touch-negro\/\",\"name\":\"Logitech Teclado K400 920-007137 Plus Touch Negro - Aivlisoft Inform\u00e1tica\",\"isPartOf\":{\"@id\":\"https:\/\/aivlisoft.net\/shop\/#website\"},\"primaryImageOfPage\":{\"@id\":\"https:\/\/aivlisoft.net\/shop\/producto\/logitech-teclado-k400-920-007137-plus-touch-negro\/#primaryimage\"},\"image\":{\"@id\":\"https:\/\/aivlisoft.net\/shop\/producto\/logitech-teclado-k400-920-007137-plus-touch-negro\/#primaryimage\"},\"thumbnailUrl\":\"https:\/\/aivlisoft.net\/shop\/wp-content\/uploads\/2025\/01\/FTRTUS0247_large.jpg\",\"datePublished\":\"2025-01-13T14:11:35+00:00\",\"dateModified\":\"2025-01-14T10:56:21+00:00\",\"breadcrumb\":{\"@id\":\"https:\/\/aivlisoft.net\/shop\/producto\/logitech-teclado-k400-920-007137-plus-touch-negro\/#breadcrumb\"},\"inLanguage\":\"es\",\"potentialAction\":[{\"@type\":\"ReadAction\",\"target\":[\"https:\/\/aivlisoft.net\/shop\/producto\/logitech-teclado-k400-920-007137-plus-touch-negro\/\"]}]},{\"@type\":\"ImageObject\",\"inLanguage\":\"es\",\"@id\":\"https:\/\/aivlisoft.net\/shop\/producto\/logitech-teclado-k400-920-007137-plus-touch-negro\/#primaryimage\",\"url\":\"https:\/\/aivlisoft.net\/shop\/wp-content\/uploads\/2025\/01\/FTRTUS0247_large.jpg\",\"contentUrl\":\"https:\/\/aivlisoft.net\/shop\/wp-content\/uploads\/2025\/01\/FTRTUS0247_large.jpg\",\"width\":400,\"height\":400},{\"@type\":\"BreadcrumbList\",\"@id\":\"https:\/\/aivlisoft.net\/shop\/producto\/logitech-teclado-k400-920-007137-plus-touch-negro\/#breadcrumb\",\"itemListElement\":[{\"@type\":\"ListItem\",\"position\":1,\"name\":\"Portada\",\"item\":\"https:\/\/aivlisoft.net\/shop\/\"},{\"@type\":\"ListItem\",\"position\":2,\"name\":\"Tienda\",\"item\":\"https:\/\/aivlisoft.net\/shop\/tienda\/\"},{\"@type\":\"ListItem\",\"position\":3,\"name\":\"Logitech Teclado K400 920-007137 Plus Touch Negro\"}]},{\"@type\":\"WebSite\",\"@id\":\"https:\/\/aivlisoft.net\/shop\/#website\",\"url\":\"https:\/\/aivlisoft.net\/shop\/\",\"name\":\"Aivlisoft Inform\u00e1tica\",\"description\":\"En Aivlisoft Inform\u00e1tica ofrecemos soluciones tecnol\u00f3gicas para empresas: venta de ordenadores, consumibles, perif\u00e9ricos y m\u00e1s. Calidad, atenci\u00f3n personalizada y los mejores precios para tu negocio.\",\"publisher\":{\"@id\":\"https:\/\/aivlisoft.net\/shop\/#organization\"},\"potentialAction\":[{\"@type\":\"SearchAction\",\"target\":{\"@type\":\"EntryPoint\",\"urlTemplate\":\"https:\/\/aivlisoft.net\/shop\/?s={search_term_string}\"},\"query-input\":{\"@type\":\"PropertyValueSpecification\",\"valueRequired\":true,\"valueName\":\"search_term_string\"}}],\"inLanguage\":\"es\"},{\"@type\":\"Organization\",\"@id\":\"https:\/\/aivlisoft.net\/shop\/#organization\",\"name\":\"Aivlisoft Inform\u00e1tica\",\"url\":\"https:\/\/aivlisoft.net\/shop\/\",\"logo\":{\"@type\":\"ImageObject\",\"inLanguage\":\"es\",\"@id\":\"https:\/\/aivlisoft.net\/shop\/#\/schema\/logo\/image\/\",\"url\":\"https:\/\/aivlisoft.net\/shop\/wp-content\/uploads\/2024\/12\/removal.ai_5b848c54-0cdf-4140-95c5-c5536bb7573b-logodef.png\",\"contentUrl\":\"https:\/\/aivlisoft.net\/shop\/wp-content\/uploads\/2024\/12\/removal.ai_5b848c54-0cdf-4140-95c5-c5536bb7573b-logodef.png\",\"width\":484,\"height\":182,\"caption\":\"Aivlisoft Inform\u00e1tica\"},\"image\":{\"@id\":\"https:\/\/aivlisoft.net\/shop\/#\/schema\/logo\/image\/\"}}]}<\/script>\n<!-- \/ Yoast SEO plugin. -->","yoast_head_json":{"title":"Logitech Teclado K400 920-007137 Plus Touch Negro - Aivlisoft Inform\u00e1tica","robots":{"index":"index","follow":"follow","max-snippet":"max-snippet:-1","max-image-preview":"max-image-preview:large","max-video-preview":"max-video-preview:-1"},"canonical":"https:\/\/aivlisoft.net\/shop\/producto\/logitech-teclado-k400-920-007137-plus-touch-negro\/","og_locale":"es_ES","og_type":"article","og_title":"Logitech Teclado K400 920-007137 Plus Touch Negro - Aivlisoft Inform\u00e1tica","og_description":"Dise&ntilde;ado para un control relajado&#8211; El uso de multimedia de PC a TV no tiene por qu&eacute; ser complicado. Rel&aacute;jate y navega en tu ordenador conectado al televisor desde la comodidad del sof&aacute;. Teclado inal&aacute;mbrico con touchpad integrado&#8211; Disfruta de un control simplificado de tu sistema multimedia PC a TV, sin los inconvenientes de tener&hellip;&nbsp;Logitech Teclado K400 920-007137 Plus Touch Negro","og_url":"https:\/\/aivlisoft.net\/shop\/producto\/logitech-teclado-k400-920-007137-plus-touch-negro\/","og_site_name":"Aivlisoft Inform\u00e1tica","article_modified_time":"2025-01-14T10:56:21+00:00","og_image":[{"width":400,"height":400,"url":"https:\/\/aivlisoft.net\/shop\/wp-content\/uploads\/2025\/01\/FTRTUS0247_large.jpg","type":"image\/jpeg"}],"twitter_card":"summary_large_image","twitter_misc":{"Tiempo de lectura":"2 minutos"},"schema":{"@context":"https:\/\/schema.org","@graph":[{"@type":"WebPage","@id":"https:\/\/aivlisoft.net\/shop\/producto\/logitech-teclado-k400-920-007137-plus-touch-negro\/","url":"https:\/\/aivlisoft.net\/shop\/producto\/logitech-teclado-k400-920-007137-plus-touch-negro\/","name":"Logitech Teclado K400 920-007137 Plus Touch Negro - Aivlisoft Inform\u00e1tica","isPartOf":{"@id":"https:\/\/aivlisoft.net\/shop\/#website"},"primaryImageOfPage":{"@id":"https:\/\/aivlisoft.net\/shop\/producto\/logitech-teclado-k400-920-007137-plus-touch-negro\/#primaryimage"},"image":{"@id":"https:\/\/aivlisoft.net\/shop\/producto\/logitech-teclado-k400-920-007137-plus-touch-negro\/#primaryimage"},"thumbnailUrl":"https:\/\/aivlisoft.net\/shop\/wp-content\/uploads\/2025\/01\/FTRTUS0247_large.jpg","datePublished":"2025-01-13T14:11:35+00:00","dateModified":"2025-01-14T10:56:21+00:00","breadcrumb":{"@id":"https:\/\/aivlisoft.net\/shop\/producto\/logitech-teclado-k400-920-007137-plus-touch-negro\/#breadcrumb"},"inLanguage":"es","potentialAction":[{"@type":"ReadAction","target":["https:\/\/aivlisoft.net\/shop\/producto\/logitech-teclado-k400-920-007137-plus-touch-negro\/"]}]},{"@type":"ImageObject","inLanguage":"es","@id":"https:\/\/aivlisoft.net\/shop\/producto\/logitech-teclado-k400-920-007137-plus-touch-negro\/#primaryimage","url":"https:\/\/aivlisoft.net\/shop\/wp-content\/uploads\/2025\/01\/FTRTUS0247_large.jpg","contentUrl":"https:\/\/aivlisoft.net\/shop\/wp-content\/uploads\/2025\/01\/FTRTUS0247_large.jpg","width":400,"height":400},{"@type":"BreadcrumbList","@id":"https:\/\/aivlisoft.net\/shop\/producto\/logitech-teclado-k400-920-007137-plus-touch-negro\/#breadcrumb","itemListElement":[{"@type":"ListItem","position":1,"name":"Portada","item":"https:\/\/aivlisoft.net\/shop\/"},{"@type":"ListItem","position":2,"name":"Tienda","item":"https:\/\/aivlisoft.net\/shop\/tienda\/"},{"@type":"ListItem","position":3,"name":"Logitech Teclado K400 920-007137 Plus Touch Negro"}]},{"@type":"WebSite","@id":"https:\/\/aivlisoft.net\/shop\/#website","url":"https:\/\/aivlisoft.net\/shop\/","name":"Aivlisoft Inform\u00e1tica","description":"En Aivlisoft Inform\u00e1tica ofrecemos soluciones tecnol\u00f3gicas para empresas: venta de ordenadores, consumibles, perif\u00e9ricos y m\u00e1s. Calidad, atenci\u00f3n personalizada y los mejores precios para tu negocio.","publisher":{"@id":"https:\/\/aivlisoft.net\/shop\/#organization"},"potentialAction":[{"@type":"SearchAction","target":{"@type":"EntryPoint","urlTemplate":"https:\/\/aivlisoft.net\/shop\/?s={search_term_string}"},"query-input":{"@type":"PropertyValueSpecification","valueRequired":true,"valueName":"search_term_string"}}],"inLanguage":"es"},{"@type":"Organization","@id":"https:\/\/aivlisoft.net\/shop\/#organization","name":"Aivlisoft Inform\u00e1tica","url":"https:\/\/aivlisoft.net\/shop\/","logo":{"@type":"ImageObject","inLanguage":"es","@id":"https:\/\/aivlisoft.net\/shop\/#\/schema\/logo\/image\/","url":"https:\/\/aivlisoft.net\/shop\/wp-content\/uploads\/2024\/12\/removal.ai_5b848c54-0cdf-4140-95c5-c5536bb7573b-logodef.png","contentUrl":"https:\/\/aivlisoft.net\/shop\/wp-content\/uploads\/2024\/12\/removal.ai_5b848c54-0cdf-4140-95c5-c5536bb7573b-logodef.png","width":484,"height":182,"caption":"Aivlisoft Inform\u00e1tica"},"image":{"@id":"https:\/\/aivlisoft.net\/shop\/#\/schema\/logo\/image\/"}}]}},"_links":{"self":[{"href":"https:\/\/aivlisoft.net\/shop\/wp-json\/wp\/v2\/product\/11135","targetHints":{"allow":["GET"]}}],"collection":[{"href":"https:\/\/aivlisoft.net\/shop\/wp-json\/wp\/v2\/product"}],"about":[{"href":"https:\/\/aivlisoft.net\/shop\/wp-json\/wp\/v2\/types\/product"}],"wp:featuredmedia":[{"embeddable":true,"href":"https:\/\/aivlisoft.net\/shop\/wp-json\/wp\/v2\/media\/11136"}],"wp:attachment":[{"href":"https:\/\/aivlisoft.net\/shop\/wp-json\/wp\/v2\/media?parent=11135"}],"wp:term":[{"taxonomy":"product_brand","embeddable":true,"href":"https:\/\/aivlisoft.net\/shop\/wp-json\/wp\/v2\/product_brand?post=11135"},{"taxonomy":"product_cat","embeddable":true,"href":"https:\/\/aivlisoft.net\/shop\/wp-json\/wp\/v2\/product_cat?post=11135"},{"taxonomy":"product_tag","embeddable":true,"href":"https:\/\/aivlisoft.net\/shop\/wp-json\/wp\/v2\/product_tag?post=11135"}],"curies":[{"name":"wp","href":"https:\/\/api.w.org\/{rel}","templated":true}]}}