{"id":11123,"date":"2025-01-13T14:11:30","date_gmt":"2025-01-13T14:11:30","guid":{"rendered":"https:\/\/aivlisoft.com\/?post_type=product&#038;p=11123"},"modified":"2025-01-14T10:56:17","modified_gmt":"2025-01-14T10:56:17","slug":"cherry-teclado-xs-plano-trackball-negro","status":"publish","type":"product","link":"https:\/\/aivlisoft.net\/shop\/producto\/cherry-teclado-xs-plano-trackball-negro\/","title":{"rendered":"Cherry Teclado XS Plano Trackball Negro"},"content":{"rendered":"<table class=\"Tabla_Caracteristicas\" width=\"100%\">\n<tbody>\n<tr>\n<td valign=\"top\"><strong>Marca<\/strong><\/td>\n<td>Cherry<\/td>\n<\/tr>\n<tr>\n<td valign=\"top\"><strong>Modelo<\/strong><\/td>\n<td>\n<div>Cherry Teclado XS<\/div>\n<div>(<strong>G84-5400LUMES-2<\/strong>)<\/div>\n<\/td>\n<\/tr>\n<tr>\n<td valign=\"top\"><strong>Tipo<\/strong><\/td>\n<td>Teclado con trackball<\/td>\n<\/tr>\n<tr>\n<td valign=\"top\"><strong>Conexi&oacute;n<\/strong><\/td>\n<td>&#8211; Conexi&oacute;n USB<\/td>\n<\/tr>\n<tr>\n<td valign=\"top\"><strong>Otras Caracter&iacute;sticas<\/strong><\/td>\n<td>\n<div>&#8211; Peso: aprox. 670 g<br \/>\t\t\t&#8211; Longitud de cable: aprox. 2,50 m<br \/>\t\t\t&#8211; Temperatura de almacenamiento: de -20&deg;C a 60&deg;C<br \/>\t\t\t&#8211; Temperatura de trabajo: de 0&deg;C a 50&deg;C<br \/>\t\t\t&#8211; Consumo el&eacute;ctrico: tip. 35 mA<br \/>\t\t\t&#8211; Color: Negro<br \/>\t\t\t&#8211; Licencia de producto:<br \/>\t\t\t&nbsp; cURus<br \/>\t\t\t&nbsp; c-tick<br \/>\t\t\t&nbsp; VCCI<br \/>\t\t\t&nbsp; CE<br \/>\t\t\t&nbsp; FCC<br \/>\t\t\t&nbsp; VDE<br \/>\t\t\t&nbsp; BSMI<br \/>\t\t\t&#8211; Dimensiones (producto): aprox. 374 x 139 x 20 mm<br \/>\t\t\t&#8211; Fiabilidad:<br \/>\t\t\t&nbsp; Teclas del trackball: &gt; 3 millones de pulsaciones<br \/>\t\t\t&nbsp; MTBF &gt; 4,9 millones de horas<br \/>\t\t\t&#8211; Teclado:<br \/>\t\t\t&nbsp; n&ordm; de teclas: 89<br \/>\t\t\t&nbsp; Tecnolog&iacute;a de teclados: ML<br \/>\t\t\t&nbsp; Duraci&oacute;n de la tecla est&aacute;ndar:<\/div>\n<div>&nbsp; &gt; 20 millones de accionamientos<br \/>\t\t\t&nbsp; Modalidad de accionamiento:<\/div>\n<div>&nbsp; ML Punto de presi&oacute;n (50cN)<br \/>\t\t\t&nbsp; Tecnolog&iacute;a de grabaci&oacute;n: L&aacute;ser<br \/>\t\t\t&nbsp; Configuraci&oacute;n de grabaci&oacute;n: Standard<br \/>\t\t\t&#8211; Trackball:<br \/>\t\t\t&nbsp; Contacto: &Oacute;ptico<br \/>\t\t\t&nbsp; Resoluci&oacute;n: 500 dpi<br \/>\t\t\t&nbsp; N&uacute;mero de teclas: 2<\/div>\n<\/td>\n<\/tr>\n<tr>\n<td valign=\"top\"><strong>Fecha Revisi&oacute;n<\/strong><\/td>\n<td>16-02-2015 por MSB<\/td>\n<\/tr>\n<\/tbody>\n<\/table>\n","protected":false},"excerpt":{"rendered":"<p>Marca Cherry Modelo Cherry Teclado XS (G84-5400LUMES-2) Tipo Teclado con trackball Conexi&oacute;n &#8211; Conexi&oacute;n USB Otras Caracter&iacute;sticas &#8211; Peso: aprox. 670 g &#8211; Longitud de cable: aprox. 2,50 m &#8211; Temperatura de almacenamiento: de -20&deg;C a 60&deg;C &#8211; Temperatura de trabajo: de 0&deg;C a 50&deg;C &#8211; Consumo el&eacute;ctrico: tip. 35 mA &#8211; Color: Negro &#8211;&hellip;&nbsp;<a href=\"https:\/\/aivlisoft.net\/shop\/producto\/cherry-teclado-xs-plano-trackball-negro\/\" rel=\"bookmark\"><span class=\"screen-reader-text\">Cherry Teclado XS Plano Trackball Negro<\/span><\/a><\/p>\n","protected":false},"featured_media":11124,"template":"","meta":{"neve_meta_sidebar":"","neve_meta_container":"","neve_meta_enable_content_width":"","neve_meta_content_width":0,"neve_meta_title_alignment":"","neve_meta_author_avatar":"","neve_post_elements_order":"","neve_meta_disable_header":"","neve_meta_disable_footer":"","neve_meta_disable_title":""},"product_brand":[],"product_cat":[8723],"product_tag":[4341],"class_list":{"0":"post-11123","1":"product","2":"type-product","3":"status-publish","4":"has-post-thumbnail","6":"product_cat-teclados-usb","7":"product_tag-g84-5400lumes-2","9":"first","10":"instock","11":"taxable","12":"shipping-taxable","13":"purchasable","14":"product-type-simple"},"yoast_head":"<!-- This site is optimized with the Yoast SEO plugin v26.0 - https:\/\/yoast.com\/wordpress\/plugins\/seo\/ -->\n<title>Cherry Teclado XS Plano Trackball Negro - Aivlisoft Inform\u00e1tica<\/title>\n<meta name=\"robots\" content=\"index, follow, max-snippet:-1, max-image-preview:large, max-video-preview:-1\" \/>\n<link rel=\"canonical\" href=\"https:\/\/aivlisoft.net\/shop\/producto\/cherry-teclado-xs-plano-trackball-negro\/\" \/>\n<meta property=\"og:locale\" content=\"es_ES\" \/>\n<meta property=\"og:type\" content=\"article\" \/>\n<meta property=\"og:title\" content=\"Cherry Teclado XS Plano Trackball Negro - Aivlisoft Inform\u00e1tica\" \/>\n<meta property=\"og:description\" content=\"Marca Cherry Modelo Cherry Teclado XS (G84-5400LUMES-2) Tipo Teclado con trackball Conexi&oacute;n &#8211; Conexi&oacute;n USB Otras Caracter&iacute;sticas &#8211; Peso: aprox. 670 g &#8211; Longitud de cable: aprox. 2,50 m &#8211; Temperatura de almacenamiento: de -20&deg;C a 60&deg;C &#8211; Temperatura de trabajo: de 0&deg;C a 50&deg;C &#8211; Consumo el&eacute;ctrico: tip. 35 mA &#8211; Color: Negro &#8211;&hellip;&nbsp;Cherry Teclado XS Plano Trackball Negro\" \/>\n<meta property=\"og:url\" content=\"https:\/\/aivlisoft.net\/shop\/producto\/cherry-teclado-xs-plano-trackball-negro\/\" \/>\n<meta property=\"og:site_name\" content=\"Aivlisoft Inform\u00e1tica\" \/>\n<meta property=\"article:modified_time\" content=\"2025-01-14T10:56:17+00:00\" \/>\n<meta property=\"og:image\" content=\"https:\/\/aivlisoft.net\/shop\/wp-content\/uploads\/2025\/01\/FTRTUS0201_large.jpg\" \/>\n\t<meta property=\"og:image:width\" content=\"400\" \/>\n\t<meta property=\"og:image:height\" content=\"400\" \/>\n\t<meta property=\"og:image:type\" content=\"image\/jpeg\" \/>\n<meta name=\"twitter:card\" content=\"summary_large_image\" \/>\n<meta name=\"twitter:label1\" content=\"Tiempo de lectura\" \/>\n\t<meta name=\"twitter:data1\" content=\"1 minuto\" \/>\n<script type=\"application\/ld+json\" class=\"yoast-schema-graph\">{\"@context\":\"https:\/\/schema.org\",\"@graph\":[{\"@type\":\"WebPage\",\"@id\":\"https:\/\/aivlisoft.net\/shop\/producto\/cherry-teclado-xs-plano-trackball-negro\/\",\"url\":\"https:\/\/aivlisoft.net\/shop\/producto\/cherry-teclado-xs-plano-trackball-negro\/\",\"name\":\"Cherry Teclado XS Plano Trackball Negro - Aivlisoft Inform\u00e1tica\",\"isPartOf\":{\"@id\":\"https:\/\/aivlisoft.net\/shop\/#website\"},\"primaryImageOfPage\":{\"@id\":\"https:\/\/aivlisoft.net\/shop\/producto\/cherry-teclado-xs-plano-trackball-negro\/#primaryimage\"},\"image\":{\"@id\":\"https:\/\/aivlisoft.net\/shop\/producto\/cherry-teclado-xs-plano-trackball-negro\/#primaryimage\"},\"thumbnailUrl\":\"https:\/\/aivlisoft.net\/shop\/wp-content\/uploads\/2025\/01\/FTRTUS0201_large.jpg\",\"datePublished\":\"2025-01-13T14:11:30+00:00\",\"dateModified\":\"2025-01-14T10:56:17+00:00\",\"breadcrumb\":{\"@id\":\"https:\/\/aivlisoft.net\/shop\/producto\/cherry-teclado-xs-plano-trackball-negro\/#breadcrumb\"},\"inLanguage\":\"es\",\"potentialAction\":[{\"@type\":\"ReadAction\",\"target\":[\"https:\/\/aivlisoft.net\/shop\/producto\/cherry-teclado-xs-plano-trackball-negro\/\"]}]},{\"@type\":\"ImageObject\",\"inLanguage\":\"es\",\"@id\":\"https:\/\/aivlisoft.net\/shop\/producto\/cherry-teclado-xs-plano-trackball-negro\/#primaryimage\",\"url\":\"https:\/\/aivlisoft.net\/shop\/wp-content\/uploads\/2025\/01\/FTRTUS0201_large.jpg\",\"contentUrl\":\"https:\/\/aivlisoft.net\/shop\/wp-content\/uploads\/2025\/01\/FTRTUS0201_large.jpg\",\"width\":400,\"height\":400},{\"@type\":\"BreadcrumbList\",\"@id\":\"https:\/\/aivlisoft.net\/shop\/producto\/cherry-teclado-xs-plano-trackball-negro\/#breadcrumb\",\"itemListElement\":[{\"@type\":\"ListItem\",\"position\":1,\"name\":\"Portada\",\"item\":\"https:\/\/aivlisoft.net\/shop\/\"},{\"@type\":\"ListItem\",\"position\":2,\"name\":\"Tienda\",\"item\":\"https:\/\/aivlisoft.net\/shop\/tienda\/\"},{\"@type\":\"ListItem\",\"position\":3,\"name\":\"Cherry Teclado XS Plano Trackball Negro\"}]},{\"@type\":\"WebSite\",\"@id\":\"https:\/\/aivlisoft.net\/shop\/#website\",\"url\":\"https:\/\/aivlisoft.net\/shop\/\",\"name\":\"Aivlisoft Inform\u00e1tica\",\"description\":\"En Aivlisoft Inform\u00e1tica ofrecemos soluciones tecnol\u00f3gicas para empresas: venta de ordenadores, consumibles, perif\u00e9ricos y m\u00e1s. Calidad, atenci\u00f3n personalizada y los mejores precios para tu negocio.\",\"publisher\":{\"@id\":\"https:\/\/aivlisoft.net\/shop\/#organization\"},\"potentialAction\":[{\"@type\":\"SearchAction\",\"target\":{\"@type\":\"EntryPoint\",\"urlTemplate\":\"https:\/\/aivlisoft.net\/shop\/?s={search_term_string}\"},\"query-input\":{\"@type\":\"PropertyValueSpecification\",\"valueRequired\":true,\"valueName\":\"search_term_string\"}}],\"inLanguage\":\"es\"},{\"@type\":\"Organization\",\"@id\":\"https:\/\/aivlisoft.net\/shop\/#organization\",\"name\":\"Aivlisoft Inform\u00e1tica\",\"url\":\"https:\/\/aivlisoft.net\/shop\/\",\"logo\":{\"@type\":\"ImageObject\",\"inLanguage\":\"es\",\"@id\":\"https:\/\/aivlisoft.net\/shop\/#\/schema\/logo\/image\/\",\"url\":\"https:\/\/aivlisoft.net\/shop\/wp-content\/uploads\/2024\/12\/removal.ai_5b848c54-0cdf-4140-95c5-c5536bb7573b-logodef.png\",\"contentUrl\":\"https:\/\/aivlisoft.net\/shop\/wp-content\/uploads\/2024\/12\/removal.ai_5b848c54-0cdf-4140-95c5-c5536bb7573b-logodef.png\",\"width\":484,\"height\":182,\"caption\":\"Aivlisoft Inform\u00e1tica\"},\"image\":{\"@id\":\"https:\/\/aivlisoft.net\/shop\/#\/schema\/logo\/image\/\"}}]}<\/script>\n<!-- \/ Yoast SEO plugin. -->","yoast_head_json":{"title":"Cherry Teclado XS Plano Trackball Negro - Aivlisoft Inform\u00e1tica","robots":{"index":"index","follow":"follow","max-snippet":"max-snippet:-1","max-image-preview":"max-image-preview:large","max-video-preview":"max-video-preview:-1"},"canonical":"https:\/\/aivlisoft.net\/shop\/producto\/cherry-teclado-xs-plano-trackball-negro\/","og_locale":"es_ES","og_type":"article","og_title":"Cherry Teclado XS Plano Trackball Negro - Aivlisoft Inform\u00e1tica","og_description":"Marca Cherry Modelo Cherry Teclado XS (G84-5400LUMES-2) Tipo Teclado con trackball Conexi&oacute;n &#8211; Conexi&oacute;n USB Otras Caracter&iacute;sticas &#8211; Peso: aprox. 670 g &#8211; Longitud de cable: aprox. 2,50 m &#8211; Temperatura de almacenamiento: de -20&deg;C a 60&deg;C &#8211; Temperatura de trabajo: de 0&deg;C a 50&deg;C &#8211; Consumo el&eacute;ctrico: tip. 35 mA &#8211; Color: Negro &#8211;&hellip;&nbsp;Cherry Teclado XS Plano Trackball Negro","og_url":"https:\/\/aivlisoft.net\/shop\/producto\/cherry-teclado-xs-plano-trackball-negro\/","og_site_name":"Aivlisoft Inform\u00e1tica","article_modified_time":"2025-01-14T10:56:17+00:00","og_image":[{"width":400,"height":400,"url":"https:\/\/aivlisoft.net\/shop\/wp-content\/uploads\/2025\/01\/FTRTUS0201_large.jpg","type":"image\/jpeg"}],"twitter_card":"summary_large_image","twitter_misc":{"Tiempo de lectura":"1 minuto"},"schema":{"@context":"https:\/\/schema.org","@graph":[{"@type":"WebPage","@id":"https:\/\/aivlisoft.net\/shop\/producto\/cherry-teclado-xs-plano-trackball-negro\/","url":"https:\/\/aivlisoft.net\/shop\/producto\/cherry-teclado-xs-plano-trackball-negro\/","name":"Cherry Teclado XS Plano Trackball Negro - Aivlisoft Inform\u00e1tica","isPartOf":{"@id":"https:\/\/aivlisoft.net\/shop\/#website"},"primaryImageOfPage":{"@id":"https:\/\/aivlisoft.net\/shop\/producto\/cherry-teclado-xs-plano-trackball-negro\/#primaryimage"},"image":{"@id":"https:\/\/aivlisoft.net\/shop\/producto\/cherry-teclado-xs-plano-trackball-negro\/#primaryimage"},"thumbnailUrl":"https:\/\/aivlisoft.net\/shop\/wp-content\/uploads\/2025\/01\/FTRTUS0201_large.jpg","datePublished":"2025-01-13T14:11:30+00:00","dateModified":"2025-01-14T10:56:17+00:00","breadcrumb":{"@id":"https:\/\/aivlisoft.net\/shop\/producto\/cherry-teclado-xs-plano-trackball-negro\/#breadcrumb"},"inLanguage":"es","potentialAction":[{"@type":"ReadAction","target":["https:\/\/aivlisoft.net\/shop\/producto\/cherry-teclado-xs-plano-trackball-negro\/"]}]},{"@type":"ImageObject","inLanguage":"es","@id":"https:\/\/aivlisoft.net\/shop\/producto\/cherry-teclado-xs-plano-trackball-negro\/#primaryimage","url":"https:\/\/aivlisoft.net\/shop\/wp-content\/uploads\/2025\/01\/FTRTUS0201_large.jpg","contentUrl":"https:\/\/aivlisoft.net\/shop\/wp-content\/uploads\/2025\/01\/FTRTUS0201_large.jpg","width":400,"height":400},{"@type":"BreadcrumbList","@id":"https:\/\/aivlisoft.net\/shop\/producto\/cherry-teclado-xs-plano-trackball-negro\/#breadcrumb","itemListElement":[{"@type":"ListItem","position":1,"name":"Portada","item":"https:\/\/aivlisoft.net\/shop\/"},{"@type":"ListItem","position":2,"name":"Tienda","item":"https:\/\/aivlisoft.net\/shop\/tienda\/"},{"@type":"ListItem","position":3,"name":"Cherry Teclado XS Plano Trackball Negro"}]},{"@type":"WebSite","@id":"https:\/\/aivlisoft.net\/shop\/#website","url":"https:\/\/aivlisoft.net\/shop\/","name":"Aivlisoft Inform\u00e1tica","description":"En Aivlisoft Inform\u00e1tica ofrecemos soluciones tecnol\u00f3gicas para empresas: venta de ordenadores, consumibles, perif\u00e9ricos y m\u00e1s. Calidad, atenci\u00f3n personalizada y los mejores precios para tu negocio.","publisher":{"@id":"https:\/\/aivlisoft.net\/shop\/#organization"},"potentialAction":[{"@type":"SearchAction","target":{"@type":"EntryPoint","urlTemplate":"https:\/\/aivlisoft.net\/shop\/?s={search_term_string}"},"query-input":{"@type":"PropertyValueSpecification","valueRequired":true,"valueName":"search_term_string"}}],"inLanguage":"es"},{"@type":"Organization","@id":"https:\/\/aivlisoft.net\/shop\/#organization","name":"Aivlisoft Inform\u00e1tica","url":"https:\/\/aivlisoft.net\/shop\/","logo":{"@type":"ImageObject","inLanguage":"es","@id":"https:\/\/aivlisoft.net\/shop\/#\/schema\/logo\/image\/","url":"https:\/\/aivlisoft.net\/shop\/wp-content\/uploads\/2024\/12\/removal.ai_5b848c54-0cdf-4140-95c5-c5536bb7573b-logodef.png","contentUrl":"https:\/\/aivlisoft.net\/shop\/wp-content\/uploads\/2024\/12\/removal.ai_5b848c54-0cdf-4140-95c5-c5536bb7573b-logodef.png","width":484,"height":182,"caption":"Aivlisoft Inform\u00e1tica"},"image":{"@id":"https:\/\/aivlisoft.net\/shop\/#\/schema\/logo\/image\/"}}]}},"_links":{"self":[{"href":"https:\/\/aivlisoft.net\/shop\/wp-json\/wp\/v2\/product\/11123","targetHints":{"allow":["GET"]}}],"collection":[{"href":"https:\/\/aivlisoft.net\/shop\/wp-json\/wp\/v2\/product"}],"about":[{"href":"https:\/\/aivlisoft.net\/shop\/wp-json\/wp\/v2\/types\/product"}],"wp:featuredmedia":[{"embeddable":true,"href":"https:\/\/aivlisoft.net\/shop\/wp-json\/wp\/v2\/media\/11124"}],"wp:attachment":[{"href":"https:\/\/aivlisoft.net\/shop\/wp-json\/wp\/v2\/media?parent=11123"}],"wp:term":[{"taxonomy":"product_brand","embeddable":true,"href":"https:\/\/aivlisoft.net\/shop\/wp-json\/wp\/v2\/product_brand?post=11123"},{"taxonomy":"product_cat","embeddable":true,"href":"https:\/\/aivlisoft.net\/shop\/wp-json\/wp\/v2\/product_cat?post=11123"},{"taxonomy":"product_tag","embeddable":true,"href":"https:\/\/aivlisoft.net\/shop\/wp-json\/wp\/v2\/product_tag?post=11123"}],"curies":[{"name":"wp","href":"https:\/\/api.w.org\/{rel}","templated":true}]}}