{"id":11119,"date":"2025-01-13T14:11:28","date_gmt":"2025-01-13T14:11:28","guid":{"rendered":"https:\/\/aivlisoft.com\/?post_type=product&#038;p=11119"},"modified":"2025-01-14T10:56:16","modified_gmt":"2025-01-14T10:56:16","slug":"cherry-teclado-kc-1000-blanco","status":"publish","type":"product","link":"https:\/\/aivlisoft.net\/shop\/producto\/cherry-teclado-kc-1000-blanco\/","title":{"rendered":"Cherry Teclado KC 1000 Blanco"},"content":{"rendered":"<div>\n<div style=\"text-align: justify;\">CHERRY KC 1000 ofrece la s&oacute;lida tecnolog&iacute;a de CHERRY con una relaci&oacute;n calidad-precio excelente. Dise&ntilde;o moderno y plano con teclas suaves, silenciosas y resistentes al roce.<br \/>Universal, fiable y optimizado para un uso profesional.<\/div>\n<div style=\"text-align: justify;\">&nbsp;<\/div>\n<div style=\"text-align: justify;\">&#8211; Teclado con cable plano con teclado num&eacute;rico y teclas de direcci&oacute;n<br \/>&#8211; Teclas de pulsaci&oacute;n silenciosa con inscripci&oacute;n l&aacute;ser que no se borra<br \/>&#8211; Hasta 10 millones de pulsaciones<br \/>&#8211; 4 hotkeys (calculadora, correo electr&oacute;nico, navegador, modo sleep)<br \/>&#8211; Plug &amp; Play por medio de conexi&oacute;n USB<br \/>&#8211; 3 LED de estado que se iluminan en azul<br \/>&#8211; Optimizado para exigencias profesionales en el modo Office<\/div>\n<\/div>\n<p><\/p>\n<table class=\"tabla_caracteristicas\" width=\"100%\">\n<tbody>\n<tr>\n<td valign=\"top\" width=\"35%\"><b><font face=\"Tahoma, Arial, Helvetica, sans-serif\" style=\"font-size: 11px;\">Marca<\/font><\/b><\/td>\n<td valign=\"top\"><font face=\"Tahoma, Arial, Helvetica, sans-serif\" style=\"font-size: 11px;\">Cherry<\/font><\/td>\n<\/tr>\n<tr>\n<td valign=\"top\" width=\"35%\"><b><font face=\"Tahoma, Arial, Helvetica, sans-serif\" style=\"font-size: 11px;\">Modelo<\/font><\/b><\/td>\n<td valign=\"top\"><font face=\"Tahoma, Arial, Helvetica, sans-serif\" style=\"font-size: 11px;\">JK-0800ES-0<\/font><\/td>\n<\/tr>\n<tr>\n<td valign=\"top\" width=\"35%\"><b><font face=\"Tahoma, Arial, Helvetica, sans-serif\" style=\"font-size: 11px;\">Conexi&oacute;n<\/font><\/b><\/td>\n<td valign=\"top\"><font face=\"Tahoma, Arial, Helvetica, sans-serif\" style=\"font-size: 11px;\">USB Tipo-A 2.0 <\/font><\/td>\n<\/tr>\n<tr>\n<td valign=\"top\" width=\"35%\"><b><font face=\"Tahoma, Arial, Helvetica, sans-serif\" style=\"font-size: 11px;\">Teclas<\/font><\/b><\/td>\n<td valign=\"top\">\n<div><font face=\"Tahoma, Arial, Helvetica, sans-serif\" style=\"font-size: 11px;\">&#8211; Teclado de dise&ntilde;o compacto con 4 teclas de funci&oacute;n<br \/>\t\t\t&#8211; Tecnolog&iacute;a de teclados: LP <\/font><\/div>\n<\/td>\n<\/tr>\n<tr>\n<td valign=\"top\"><b><font face=\"Tahoma, Arial, Helvetica, sans-serif\" style=\"font-size: 11px;\">Otras Caracter&iacute;sticas<\/font><\/b><\/td>\n<td valign=\"top\">\n<div><font face=\"Tahoma, Arial, Helvetica, sans-serif\" style=\"font-size: 11px;\">&#8211; Longitud cable: 1.8 m<br \/>\t\t\t&#8211; Color: Blanco<br \/>\t\t\t&#8211; Dimesiones y peso: 458 x 170 x 20 mm&nbsp; \/ 530 grms<br \/>\t\t\t&#8211; Material: pl&aacute;stico<br \/>\t\t\t&#8211; F&aacute;cil instalaci&oacute;n: Plug&amp;Play USB 2.0<\/font><\/div>\n<\/td>\n<\/tr>\n<tr>\n<td valign=\"top\"><b><small><font face=\"Tahoma, Arial, Helvetica, sans-serif\" style=\"font-size: 11px;\">Fecha Revisi&oacute;n<\/font><\/small><\/b><\/td>\n<td valign=\"top\"><font face=\"Tahoma, Arial, Helvetica, sans-serif\" style=\"font-size: 11px;\">16-10-2014 por FE4<\/font><\/td>\n<\/tr>\n<\/tbody>\n<\/table>\n","protected":false},"excerpt":{"rendered":"<p>CHERRY KC 1000 ofrece la s&oacute;lida tecnolog&iacute;a de CHERRY con una relaci&oacute;n calidad-precio excelente. Dise&ntilde;o moderno y plano con teclas suaves, silenciosas y resistentes al roce.Universal, fiable y optimizado para un uso profesional. &nbsp; &#8211; Teclado con cable plano con teclado num&eacute;rico y teclas de direcci&oacute;n&#8211; Teclas de pulsaci&oacute;n silenciosa con inscripci&oacute;n l&aacute;ser que no&hellip;&nbsp;<a href=\"https:\/\/aivlisoft.net\/shop\/producto\/cherry-teclado-kc-1000-blanco\/\" rel=\"bookmark\"><span class=\"screen-reader-text\">Cherry Teclado KC 1000 Blanco<\/span><\/a><\/p>\n","protected":false},"featured_media":11120,"template":"","meta":{"neve_meta_sidebar":"","neve_meta_container":"","neve_meta_enable_content_width":"","neve_meta_content_width":0,"neve_meta_title_alignment":"","neve_meta_author_avatar":"","neve_post_elements_order":"","neve_meta_disable_header":"","neve_meta_disable_footer":"","neve_meta_disable_title":""},"product_brand":[],"product_cat":[8723],"product_tag":[4340],"class_list":{"0":"post-11119","1":"product","2":"type-product","3":"status-publish","4":"has-post-thumbnail","6":"product_cat-teclados-usb","7":"product_tag-jk-0800es-0","9":"first","10":"instock","11":"taxable","12":"shipping-taxable","13":"purchasable","14":"product-type-simple"},"yoast_head":"<!-- This site is optimized with the Yoast SEO plugin v26.0 - https:\/\/yoast.com\/wordpress\/plugins\/seo\/ -->\n<title>Cherry Teclado KC 1000 Blanco - Aivlisoft Inform\u00e1tica<\/title>\n<meta name=\"robots\" content=\"index, follow, max-snippet:-1, max-image-preview:large, max-video-preview:-1\" \/>\n<link rel=\"canonical\" href=\"https:\/\/aivlisoft.net\/shop\/producto\/cherry-teclado-kc-1000-blanco\/\" \/>\n<meta property=\"og:locale\" content=\"es_ES\" \/>\n<meta property=\"og:type\" content=\"article\" \/>\n<meta property=\"og:title\" content=\"Cherry Teclado KC 1000 Blanco - Aivlisoft Inform\u00e1tica\" \/>\n<meta property=\"og:description\" content=\"CHERRY KC 1000 ofrece la s&oacute;lida tecnolog&iacute;a de CHERRY con una relaci&oacute;n calidad-precio excelente. Dise&ntilde;o moderno y plano con teclas suaves, silenciosas y resistentes al roce.Universal, fiable y optimizado para un uso profesional. &nbsp; &#8211; Teclado con cable plano con teclado num&eacute;rico y teclas de direcci&oacute;n&#8211; Teclas de pulsaci&oacute;n silenciosa con inscripci&oacute;n l&aacute;ser que no&hellip;&nbsp;Cherry Teclado KC 1000 Blanco\" \/>\n<meta property=\"og:url\" content=\"https:\/\/aivlisoft.net\/shop\/producto\/cherry-teclado-kc-1000-blanco\/\" \/>\n<meta property=\"og:site_name\" content=\"Aivlisoft Inform\u00e1tica\" \/>\n<meta property=\"article:modified_time\" content=\"2025-01-14T10:56:16+00:00\" \/>\n<meta property=\"og:image\" content=\"https:\/\/aivlisoft.net\/shop\/wp-content\/uploads\/2025\/01\/FTRTUS0184_800.jpg\" \/>\n\t<meta property=\"og:image:width\" content=\"800\" \/>\n\t<meta property=\"og:image:height\" content=\"800\" \/>\n\t<meta property=\"og:image:type\" content=\"image\/jpeg\" \/>\n<meta name=\"twitter:card\" content=\"summary_large_image\" \/>\n<meta name=\"twitter:label1\" content=\"Tiempo de lectura\" \/>\n\t<meta name=\"twitter:data1\" content=\"1 minuto\" \/>\n<script type=\"application\/ld+json\" class=\"yoast-schema-graph\">{\"@context\":\"https:\/\/schema.org\",\"@graph\":[{\"@type\":\"WebPage\",\"@id\":\"https:\/\/aivlisoft.net\/shop\/producto\/cherry-teclado-kc-1000-blanco\/\",\"url\":\"https:\/\/aivlisoft.net\/shop\/producto\/cherry-teclado-kc-1000-blanco\/\",\"name\":\"Cherry Teclado KC 1000 Blanco - Aivlisoft Inform\u00e1tica\",\"isPartOf\":{\"@id\":\"https:\/\/aivlisoft.net\/shop\/#website\"},\"primaryImageOfPage\":{\"@id\":\"https:\/\/aivlisoft.net\/shop\/producto\/cherry-teclado-kc-1000-blanco\/#primaryimage\"},\"image\":{\"@id\":\"https:\/\/aivlisoft.net\/shop\/producto\/cherry-teclado-kc-1000-blanco\/#primaryimage\"},\"thumbnailUrl\":\"https:\/\/aivlisoft.net\/shop\/wp-content\/uploads\/2025\/01\/FTRTUS0184_800.jpg\",\"datePublished\":\"2025-01-13T14:11:28+00:00\",\"dateModified\":\"2025-01-14T10:56:16+00:00\",\"breadcrumb\":{\"@id\":\"https:\/\/aivlisoft.net\/shop\/producto\/cherry-teclado-kc-1000-blanco\/#breadcrumb\"},\"inLanguage\":\"es\",\"potentialAction\":[{\"@type\":\"ReadAction\",\"target\":[\"https:\/\/aivlisoft.net\/shop\/producto\/cherry-teclado-kc-1000-blanco\/\"]}]},{\"@type\":\"ImageObject\",\"inLanguage\":\"es\",\"@id\":\"https:\/\/aivlisoft.net\/shop\/producto\/cherry-teclado-kc-1000-blanco\/#primaryimage\",\"url\":\"https:\/\/aivlisoft.net\/shop\/wp-content\/uploads\/2025\/01\/FTRTUS0184_800.jpg\",\"contentUrl\":\"https:\/\/aivlisoft.net\/shop\/wp-content\/uploads\/2025\/01\/FTRTUS0184_800.jpg\",\"width\":800,\"height\":800},{\"@type\":\"BreadcrumbList\",\"@id\":\"https:\/\/aivlisoft.net\/shop\/producto\/cherry-teclado-kc-1000-blanco\/#breadcrumb\",\"itemListElement\":[{\"@type\":\"ListItem\",\"position\":1,\"name\":\"Portada\",\"item\":\"https:\/\/aivlisoft.net\/shop\/\"},{\"@type\":\"ListItem\",\"position\":2,\"name\":\"Tienda\",\"item\":\"https:\/\/aivlisoft.net\/shop\/tienda\/\"},{\"@type\":\"ListItem\",\"position\":3,\"name\":\"Cherry Teclado KC 1000 Blanco\"}]},{\"@type\":\"WebSite\",\"@id\":\"https:\/\/aivlisoft.net\/shop\/#website\",\"url\":\"https:\/\/aivlisoft.net\/shop\/\",\"name\":\"Aivlisoft Inform\u00e1tica\",\"description\":\"En Aivlisoft Inform\u00e1tica ofrecemos soluciones tecnol\u00f3gicas para empresas: venta de ordenadores, consumibles, perif\u00e9ricos y m\u00e1s. Calidad, atenci\u00f3n personalizada y los mejores precios para tu negocio.\",\"publisher\":{\"@id\":\"https:\/\/aivlisoft.net\/shop\/#organization\"},\"potentialAction\":[{\"@type\":\"SearchAction\",\"target\":{\"@type\":\"EntryPoint\",\"urlTemplate\":\"https:\/\/aivlisoft.net\/shop\/?s={search_term_string}\"},\"query-input\":{\"@type\":\"PropertyValueSpecification\",\"valueRequired\":true,\"valueName\":\"search_term_string\"}}],\"inLanguage\":\"es\"},{\"@type\":\"Organization\",\"@id\":\"https:\/\/aivlisoft.net\/shop\/#organization\",\"name\":\"Aivlisoft Inform\u00e1tica\",\"url\":\"https:\/\/aivlisoft.net\/shop\/\",\"logo\":{\"@type\":\"ImageObject\",\"inLanguage\":\"es\",\"@id\":\"https:\/\/aivlisoft.net\/shop\/#\/schema\/logo\/image\/\",\"url\":\"https:\/\/aivlisoft.net\/shop\/wp-content\/uploads\/2024\/12\/removal.ai_5b848c54-0cdf-4140-95c5-c5536bb7573b-logodef.png\",\"contentUrl\":\"https:\/\/aivlisoft.net\/shop\/wp-content\/uploads\/2024\/12\/removal.ai_5b848c54-0cdf-4140-95c5-c5536bb7573b-logodef.png\",\"width\":484,\"height\":182,\"caption\":\"Aivlisoft Inform\u00e1tica\"},\"image\":{\"@id\":\"https:\/\/aivlisoft.net\/shop\/#\/schema\/logo\/image\/\"}}]}<\/script>\n<!-- \/ Yoast SEO plugin. -->","yoast_head_json":{"title":"Cherry Teclado KC 1000 Blanco - Aivlisoft Inform\u00e1tica","robots":{"index":"index","follow":"follow","max-snippet":"max-snippet:-1","max-image-preview":"max-image-preview:large","max-video-preview":"max-video-preview:-1"},"canonical":"https:\/\/aivlisoft.net\/shop\/producto\/cherry-teclado-kc-1000-blanco\/","og_locale":"es_ES","og_type":"article","og_title":"Cherry Teclado KC 1000 Blanco - Aivlisoft Inform\u00e1tica","og_description":"CHERRY KC 1000 ofrece la s&oacute;lida tecnolog&iacute;a de CHERRY con una relaci&oacute;n calidad-precio excelente. Dise&ntilde;o moderno y plano con teclas suaves, silenciosas y resistentes al roce.Universal, fiable y optimizado para un uso profesional. &nbsp; &#8211; Teclado con cable plano con teclado num&eacute;rico y teclas de direcci&oacute;n&#8211; Teclas de pulsaci&oacute;n silenciosa con inscripci&oacute;n l&aacute;ser que no&hellip;&nbsp;Cherry Teclado KC 1000 Blanco","og_url":"https:\/\/aivlisoft.net\/shop\/producto\/cherry-teclado-kc-1000-blanco\/","og_site_name":"Aivlisoft Inform\u00e1tica","article_modified_time":"2025-01-14T10:56:16+00:00","og_image":[{"width":800,"height":800,"url":"https:\/\/aivlisoft.net\/shop\/wp-content\/uploads\/2025\/01\/FTRTUS0184_800.jpg","type":"image\/jpeg"}],"twitter_card":"summary_large_image","twitter_misc":{"Tiempo de lectura":"1 minuto"},"schema":{"@context":"https:\/\/schema.org","@graph":[{"@type":"WebPage","@id":"https:\/\/aivlisoft.net\/shop\/producto\/cherry-teclado-kc-1000-blanco\/","url":"https:\/\/aivlisoft.net\/shop\/producto\/cherry-teclado-kc-1000-blanco\/","name":"Cherry Teclado KC 1000 Blanco - Aivlisoft Inform\u00e1tica","isPartOf":{"@id":"https:\/\/aivlisoft.net\/shop\/#website"},"primaryImageOfPage":{"@id":"https:\/\/aivlisoft.net\/shop\/producto\/cherry-teclado-kc-1000-blanco\/#primaryimage"},"image":{"@id":"https:\/\/aivlisoft.net\/shop\/producto\/cherry-teclado-kc-1000-blanco\/#primaryimage"},"thumbnailUrl":"https:\/\/aivlisoft.net\/shop\/wp-content\/uploads\/2025\/01\/FTRTUS0184_800.jpg","datePublished":"2025-01-13T14:11:28+00:00","dateModified":"2025-01-14T10:56:16+00:00","breadcrumb":{"@id":"https:\/\/aivlisoft.net\/shop\/producto\/cherry-teclado-kc-1000-blanco\/#breadcrumb"},"inLanguage":"es","potentialAction":[{"@type":"ReadAction","target":["https:\/\/aivlisoft.net\/shop\/producto\/cherry-teclado-kc-1000-blanco\/"]}]},{"@type":"ImageObject","inLanguage":"es","@id":"https:\/\/aivlisoft.net\/shop\/producto\/cherry-teclado-kc-1000-blanco\/#primaryimage","url":"https:\/\/aivlisoft.net\/shop\/wp-content\/uploads\/2025\/01\/FTRTUS0184_800.jpg","contentUrl":"https:\/\/aivlisoft.net\/shop\/wp-content\/uploads\/2025\/01\/FTRTUS0184_800.jpg","width":800,"height":800},{"@type":"BreadcrumbList","@id":"https:\/\/aivlisoft.net\/shop\/producto\/cherry-teclado-kc-1000-blanco\/#breadcrumb","itemListElement":[{"@type":"ListItem","position":1,"name":"Portada","item":"https:\/\/aivlisoft.net\/shop\/"},{"@type":"ListItem","position":2,"name":"Tienda","item":"https:\/\/aivlisoft.net\/shop\/tienda\/"},{"@type":"ListItem","position":3,"name":"Cherry Teclado KC 1000 Blanco"}]},{"@type":"WebSite","@id":"https:\/\/aivlisoft.net\/shop\/#website","url":"https:\/\/aivlisoft.net\/shop\/","name":"Aivlisoft Inform\u00e1tica","description":"En Aivlisoft Inform\u00e1tica ofrecemos soluciones tecnol\u00f3gicas para empresas: venta de ordenadores, consumibles, perif\u00e9ricos y m\u00e1s. Calidad, atenci\u00f3n personalizada y los mejores precios para tu negocio.","publisher":{"@id":"https:\/\/aivlisoft.net\/shop\/#organization"},"potentialAction":[{"@type":"SearchAction","target":{"@type":"EntryPoint","urlTemplate":"https:\/\/aivlisoft.net\/shop\/?s={search_term_string}"},"query-input":{"@type":"PropertyValueSpecification","valueRequired":true,"valueName":"search_term_string"}}],"inLanguage":"es"},{"@type":"Organization","@id":"https:\/\/aivlisoft.net\/shop\/#organization","name":"Aivlisoft Inform\u00e1tica","url":"https:\/\/aivlisoft.net\/shop\/","logo":{"@type":"ImageObject","inLanguage":"es","@id":"https:\/\/aivlisoft.net\/shop\/#\/schema\/logo\/image\/","url":"https:\/\/aivlisoft.net\/shop\/wp-content\/uploads\/2024\/12\/removal.ai_5b848c54-0cdf-4140-95c5-c5536bb7573b-logodef.png","contentUrl":"https:\/\/aivlisoft.net\/shop\/wp-content\/uploads\/2024\/12\/removal.ai_5b848c54-0cdf-4140-95c5-c5536bb7573b-logodef.png","width":484,"height":182,"caption":"Aivlisoft Inform\u00e1tica"},"image":{"@id":"https:\/\/aivlisoft.net\/shop\/#\/schema\/logo\/image\/"}}]}},"_links":{"self":[{"href":"https:\/\/aivlisoft.net\/shop\/wp-json\/wp\/v2\/product\/11119","targetHints":{"allow":["GET"]}}],"collection":[{"href":"https:\/\/aivlisoft.net\/shop\/wp-json\/wp\/v2\/product"}],"about":[{"href":"https:\/\/aivlisoft.net\/shop\/wp-json\/wp\/v2\/types\/product"}],"wp:featuredmedia":[{"embeddable":true,"href":"https:\/\/aivlisoft.net\/shop\/wp-json\/wp\/v2\/media\/11120"}],"wp:attachment":[{"href":"https:\/\/aivlisoft.net\/shop\/wp-json\/wp\/v2\/media?parent=11119"}],"wp:term":[{"taxonomy":"product_brand","embeddable":true,"href":"https:\/\/aivlisoft.net\/shop\/wp-json\/wp\/v2\/product_brand?post=11119"},{"taxonomy":"product_cat","embeddable":true,"href":"https:\/\/aivlisoft.net\/shop\/wp-json\/wp\/v2\/product_cat?post=11119"},{"taxonomy":"product_tag","embeddable":true,"href":"https:\/\/aivlisoft.net\/shop\/wp-json\/wp\/v2\/product_tag?post=11119"}],"curies":[{"name":"wp","href":"https:\/\/api.w.org\/{rel}","templated":true}]}}