{"id":11117,"date":"2025-01-13T14:11:24","date_gmt":"2025-01-13T14:11:24","guid":{"rendered":"https:\/\/aivlisoft.com\/?post_type=product&#038;p=11117"},"modified":"2025-01-14T10:56:11","modified_gmt":"2025-01-14T10:56:11","slug":"cherry-teclado-g80-3000-usb-blanco","status":"publish","type":"product","link":"https:\/\/aivlisoft.net\/shop\/producto\/cherry-teclado-g80-3000-usb-blanco\/","title":{"rendered":"Cherry Teclado G80-3000 USB Blanco"},"content":{"rendered":"<table class=\"tabla_caracteristicas\" width=\"100%\">\n<tbody>\n<tr>\n<td valign=\"top\" width=\"35%\">\t\t\t\t<b><font face=\"Tahoma, Arial, Helvetica, sans-serif\" style=\"font-size: 11px;\">Marca<\/font><\/b><\/td>\n<td valign=\"top\">\t\t\t\t<font face=\"Tahoma, Arial, Helvetica, sans-serif\" style=\"font-size: 11px;\">Cherry<br \/>\t\t\t\t<\/font><\/td>\n<\/tr>\n<tr>\n<td valign=\"top\" width=\"35%\">\t\t\t\t<b><font face=\"Tahoma, Arial, Helvetica, sans-serif\" style=\"font-size: 11px;\">Modelo<\/font><\/b><\/td>\n<td valign=\"top\">\t\t\t\t<font face=\"Tahoma, Arial, Helvetica, sans-serif\" style=\"font-size: 11px;\"><strong>G80-3000LPCES-0<\/strong><br \/>\t\t\t\t<\/font><\/td>\n<\/tr>\n<tr>\n<td valign=\"top\" width=\"35%\">\t\t\t\t<b><font face=\"Tahoma, Arial, Helvetica, sans-serif\" style=\"font-size: 11px;\">Conexi&oacute;n<\/font><\/b><\/td>\n<td valign=\"top\">\t\t\t\t<font face=\"Tahoma, Arial, Helvetica, sans-serif\" style=\"font-size: 11px;\">USB 2.0, PS\/2<br \/>\t\t\t\t<\/font><\/td>\n<\/tr>\n<tr>\n<td valign=\"top\" width=\"35%\">\t\t\t\t<b><font face=\"Tahoma, Arial, Helvetica, sans-serif\" style=\"font-size: 11px;\">Teclas<\/font><\/b><\/td>\n<td valign=\"top\">\n<div>\t\t\t\t\t<font face=\"Tahoma, Arial, Helvetica, sans-serif\" style=\"font-size: 11px;\">&#8211; N&deg; de teclas: 105<\/font><\/div>\n<\/td>\n<\/tr>\n<tr>\n<td valign=\"top\">\t\t\t\t<b><font face=\"Tahoma, Arial, Helvetica, sans-serif\" style=\"font-size: 11px;\">Otras Caracter&iacute;sticas<\/font><\/b><\/td>\n<td valign=\"top\">\n<div>\t\t\t\t\t<font face=\"Tahoma, Arial, Helvetica, sans-serif\" style=\"font-size: 11px;\">&#8211; Caracter&iacute;sticas: Tecnolog&iacute;a Cherry MX<br \/>\t\t\t\t\t&#8211; Anchura: 47 cm<br \/>\t\t\t\t\t&#8211; Profundidad: 19.5 cm<br \/>\t\t\t\t\t&#8211; Altura: 4.4 cm<\/font><\/div>\n<div>\t\t\t\t\t<font face=\"Tahoma, Arial, Helvetica, sans-serif\" style=\"font-size: 11px;\">&#8211; Logitud cable: 1,8m<br \/>\t\t\t\t\t&#8211; Peso: 1.2 kg<br \/>\t\t\t\t\t<\/font><\/div>\n<div>\t\t\t\t\t<font face=\"Tahoma, Arial, Helvetica, sans-serif\" style=\"font-size: 11px;\">&#8211; Color: Gris Claro<br \/>\t\t\t\t\t<\/font><\/div>\n<\/td>\n<\/tr>\n<tr>\n<td valign=\"top\">\t\t\t\t<b><small><font face=\"Tahoma, Arial, Helvetica, sans-serif\" style=\"font-size: 11px;\">Fecha Revisi&oacute;n<\/font><\/small><\/b><\/td>\n<td valign=\"top\">\t\t\t\t<font face=\"Tahoma, Arial, Helvetica, sans-serif\" style=\"font-size: 11px;\">07-02-2014 por DAV<\/font><\/td>\n<\/tr>\n<\/tbody>\n<\/table>\n","protected":false},"excerpt":{"rendered":"<p>Marca Cherry Modelo G80-3000LPCES-0 Conexi&oacute;n USB 2.0, PS\/2 Teclas &#8211; N&deg; de teclas: 105 Otras Caracter&iacute;sticas &#8211; Caracter&iacute;sticas: Tecnolog&iacute;a Cherry MX &#8211; Anchura: 47 cm &#8211; Profundidad: 19.5 cm &#8211; Altura: 4.4 cm &#8211; Logitud cable: 1,8m &#8211; Peso: 1.2 kg &#8211; Color: Gris Claro Fecha Revisi&oacute;n 07-02-2014 por DAV<\/p>\n","protected":false},"featured_media":11118,"template":"","meta":{"neve_meta_sidebar":"","neve_meta_container":"","neve_meta_enable_content_width":"","neve_meta_content_width":0,"neve_meta_title_alignment":"","neve_meta_author_avatar":"","neve_post_elements_order":"","neve_meta_disable_header":"","neve_meta_disable_footer":"","neve_meta_disable_title":""},"product_brand":[],"product_cat":[8723],"product_tag":[4339],"class_list":{"0":"post-11117","1":"product","2":"type-product","3":"status-publish","4":"has-post-thumbnail","6":"product_cat-teclados-usb","7":"product_tag-g80-3000lpces-0","9":"first","10":"instock","11":"taxable","12":"shipping-taxable","13":"purchasable","14":"product-type-simple"},"yoast_head":"<!-- This site is optimized with the Yoast SEO plugin v26.0 - https:\/\/yoast.com\/wordpress\/plugins\/seo\/ -->\n<title>Cherry Teclado G80-3000 USB Blanco - Aivlisoft Inform\u00e1tica<\/title>\n<meta name=\"robots\" content=\"index, follow, max-snippet:-1, max-image-preview:large, max-video-preview:-1\" \/>\n<link rel=\"canonical\" href=\"https:\/\/aivlisoft.net\/shop\/producto\/cherry-teclado-g80-3000-usb-blanco\/\" \/>\n<meta property=\"og:locale\" content=\"es_ES\" \/>\n<meta property=\"og:type\" content=\"article\" \/>\n<meta property=\"og:title\" content=\"Cherry Teclado G80-3000 USB Blanco - Aivlisoft Inform\u00e1tica\" \/>\n<meta property=\"og:description\" content=\"Marca Cherry Modelo G80-3000LPCES-0 Conexi&oacute;n USB 2.0, PS\/2 Teclas &#8211; N&deg; de teclas: 105 Otras Caracter&iacute;sticas &#8211; Caracter&iacute;sticas: Tecnolog&iacute;a Cherry MX &#8211; Anchura: 47 cm &#8211; Profundidad: 19.5 cm &#8211; Altura: 4.4 cm &#8211; Logitud cable: 1,8m &#8211; Peso: 1.2 kg &#8211; Color: Gris Claro Fecha Revisi&oacute;n 07-02-2014 por DAV\" \/>\n<meta property=\"og:url\" content=\"https:\/\/aivlisoft.net\/shop\/producto\/cherry-teclado-g80-3000-usb-blanco\/\" \/>\n<meta property=\"og:site_name\" content=\"Aivlisoft Inform\u00e1tica\" \/>\n<meta property=\"article:modified_time\" content=\"2025-01-14T10:56:11+00:00\" \/>\n<meta property=\"og:image\" content=\"https:\/\/aivlisoft.net\/shop\/wp-content\/uploads\/2025\/01\/FTRTUS0159_large.jpg\" \/>\n\t<meta property=\"og:image:width\" content=\"400\" \/>\n\t<meta property=\"og:image:height\" content=\"400\" \/>\n\t<meta property=\"og:image:type\" content=\"image\/jpeg\" \/>\n<meta name=\"twitter:card\" content=\"summary_large_image\" \/>\n<script type=\"application\/ld+json\" class=\"yoast-schema-graph\">{\"@context\":\"https:\/\/schema.org\",\"@graph\":[{\"@type\":\"WebPage\",\"@id\":\"https:\/\/aivlisoft.net\/shop\/producto\/cherry-teclado-g80-3000-usb-blanco\/\",\"url\":\"https:\/\/aivlisoft.net\/shop\/producto\/cherry-teclado-g80-3000-usb-blanco\/\",\"name\":\"Cherry Teclado G80-3000 USB Blanco - Aivlisoft Inform\u00e1tica\",\"isPartOf\":{\"@id\":\"https:\/\/aivlisoft.net\/shop\/#website\"},\"primaryImageOfPage\":{\"@id\":\"https:\/\/aivlisoft.net\/shop\/producto\/cherry-teclado-g80-3000-usb-blanco\/#primaryimage\"},\"image\":{\"@id\":\"https:\/\/aivlisoft.net\/shop\/producto\/cherry-teclado-g80-3000-usb-blanco\/#primaryimage\"},\"thumbnailUrl\":\"https:\/\/aivlisoft.net\/shop\/wp-content\/uploads\/2025\/01\/FTRTUS0159_large.jpg\",\"datePublished\":\"2025-01-13T14:11:24+00:00\",\"dateModified\":\"2025-01-14T10:56:11+00:00\",\"breadcrumb\":{\"@id\":\"https:\/\/aivlisoft.net\/shop\/producto\/cherry-teclado-g80-3000-usb-blanco\/#breadcrumb\"},\"inLanguage\":\"es\",\"potentialAction\":[{\"@type\":\"ReadAction\",\"target\":[\"https:\/\/aivlisoft.net\/shop\/producto\/cherry-teclado-g80-3000-usb-blanco\/\"]}]},{\"@type\":\"ImageObject\",\"inLanguage\":\"es\",\"@id\":\"https:\/\/aivlisoft.net\/shop\/producto\/cherry-teclado-g80-3000-usb-blanco\/#primaryimage\",\"url\":\"https:\/\/aivlisoft.net\/shop\/wp-content\/uploads\/2025\/01\/FTRTUS0159_large.jpg\",\"contentUrl\":\"https:\/\/aivlisoft.net\/shop\/wp-content\/uploads\/2025\/01\/FTRTUS0159_large.jpg\",\"width\":400,\"height\":400},{\"@type\":\"BreadcrumbList\",\"@id\":\"https:\/\/aivlisoft.net\/shop\/producto\/cherry-teclado-g80-3000-usb-blanco\/#breadcrumb\",\"itemListElement\":[{\"@type\":\"ListItem\",\"position\":1,\"name\":\"Portada\",\"item\":\"https:\/\/aivlisoft.net\/shop\/\"},{\"@type\":\"ListItem\",\"position\":2,\"name\":\"Tienda\",\"item\":\"https:\/\/aivlisoft.net\/shop\/tienda\/\"},{\"@type\":\"ListItem\",\"position\":3,\"name\":\"Cherry Teclado G80-3000 USB Blanco\"}]},{\"@type\":\"WebSite\",\"@id\":\"https:\/\/aivlisoft.net\/shop\/#website\",\"url\":\"https:\/\/aivlisoft.net\/shop\/\",\"name\":\"Aivlisoft Inform\u00e1tica\",\"description\":\"En Aivlisoft Inform\u00e1tica ofrecemos soluciones tecnol\u00f3gicas para empresas: venta de ordenadores, consumibles, perif\u00e9ricos y m\u00e1s. Calidad, atenci\u00f3n personalizada y los mejores precios para tu negocio.\",\"publisher\":{\"@id\":\"https:\/\/aivlisoft.net\/shop\/#organization\"},\"potentialAction\":[{\"@type\":\"SearchAction\",\"target\":{\"@type\":\"EntryPoint\",\"urlTemplate\":\"https:\/\/aivlisoft.net\/shop\/?s={search_term_string}\"},\"query-input\":{\"@type\":\"PropertyValueSpecification\",\"valueRequired\":true,\"valueName\":\"search_term_string\"}}],\"inLanguage\":\"es\"},{\"@type\":\"Organization\",\"@id\":\"https:\/\/aivlisoft.net\/shop\/#organization\",\"name\":\"Aivlisoft Inform\u00e1tica\",\"url\":\"https:\/\/aivlisoft.net\/shop\/\",\"logo\":{\"@type\":\"ImageObject\",\"inLanguage\":\"es\",\"@id\":\"https:\/\/aivlisoft.net\/shop\/#\/schema\/logo\/image\/\",\"url\":\"https:\/\/aivlisoft.net\/shop\/wp-content\/uploads\/2024\/12\/removal.ai_5b848c54-0cdf-4140-95c5-c5536bb7573b-logodef.png\",\"contentUrl\":\"https:\/\/aivlisoft.net\/shop\/wp-content\/uploads\/2024\/12\/removal.ai_5b848c54-0cdf-4140-95c5-c5536bb7573b-logodef.png\",\"width\":484,\"height\":182,\"caption\":\"Aivlisoft Inform\u00e1tica\"},\"image\":{\"@id\":\"https:\/\/aivlisoft.net\/shop\/#\/schema\/logo\/image\/\"}}]}<\/script>\n<!-- \/ Yoast SEO plugin. -->","yoast_head_json":{"title":"Cherry Teclado G80-3000 USB Blanco - Aivlisoft Inform\u00e1tica","robots":{"index":"index","follow":"follow","max-snippet":"max-snippet:-1","max-image-preview":"max-image-preview:large","max-video-preview":"max-video-preview:-1"},"canonical":"https:\/\/aivlisoft.net\/shop\/producto\/cherry-teclado-g80-3000-usb-blanco\/","og_locale":"es_ES","og_type":"article","og_title":"Cherry Teclado G80-3000 USB Blanco - Aivlisoft Inform\u00e1tica","og_description":"Marca Cherry Modelo G80-3000LPCES-0 Conexi&oacute;n USB 2.0, PS\/2 Teclas &#8211; N&deg; de teclas: 105 Otras Caracter&iacute;sticas &#8211; Caracter&iacute;sticas: Tecnolog&iacute;a Cherry MX &#8211; Anchura: 47 cm &#8211; Profundidad: 19.5 cm &#8211; Altura: 4.4 cm &#8211; Logitud cable: 1,8m &#8211; Peso: 1.2 kg &#8211; Color: Gris Claro Fecha Revisi&oacute;n 07-02-2014 por DAV","og_url":"https:\/\/aivlisoft.net\/shop\/producto\/cherry-teclado-g80-3000-usb-blanco\/","og_site_name":"Aivlisoft Inform\u00e1tica","article_modified_time":"2025-01-14T10:56:11+00:00","og_image":[{"width":400,"height":400,"url":"https:\/\/aivlisoft.net\/shop\/wp-content\/uploads\/2025\/01\/FTRTUS0159_large.jpg","type":"image\/jpeg"}],"twitter_card":"summary_large_image","schema":{"@context":"https:\/\/schema.org","@graph":[{"@type":"WebPage","@id":"https:\/\/aivlisoft.net\/shop\/producto\/cherry-teclado-g80-3000-usb-blanco\/","url":"https:\/\/aivlisoft.net\/shop\/producto\/cherry-teclado-g80-3000-usb-blanco\/","name":"Cherry Teclado G80-3000 USB Blanco - Aivlisoft Inform\u00e1tica","isPartOf":{"@id":"https:\/\/aivlisoft.net\/shop\/#website"},"primaryImageOfPage":{"@id":"https:\/\/aivlisoft.net\/shop\/producto\/cherry-teclado-g80-3000-usb-blanco\/#primaryimage"},"image":{"@id":"https:\/\/aivlisoft.net\/shop\/producto\/cherry-teclado-g80-3000-usb-blanco\/#primaryimage"},"thumbnailUrl":"https:\/\/aivlisoft.net\/shop\/wp-content\/uploads\/2025\/01\/FTRTUS0159_large.jpg","datePublished":"2025-01-13T14:11:24+00:00","dateModified":"2025-01-14T10:56:11+00:00","breadcrumb":{"@id":"https:\/\/aivlisoft.net\/shop\/producto\/cherry-teclado-g80-3000-usb-blanco\/#breadcrumb"},"inLanguage":"es","potentialAction":[{"@type":"ReadAction","target":["https:\/\/aivlisoft.net\/shop\/producto\/cherry-teclado-g80-3000-usb-blanco\/"]}]},{"@type":"ImageObject","inLanguage":"es","@id":"https:\/\/aivlisoft.net\/shop\/producto\/cherry-teclado-g80-3000-usb-blanco\/#primaryimage","url":"https:\/\/aivlisoft.net\/shop\/wp-content\/uploads\/2025\/01\/FTRTUS0159_large.jpg","contentUrl":"https:\/\/aivlisoft.net\/shop\/wp-content\/uploads\/2025\/01\/FTRTUS0159_large.jpg","width":400,"height":400},{"@type":"BreadcrumbList","@id":"https:\/\/aivlisoft.net\/shop\/producto\/cherry-teclado-g80-3000-usb-blanco\/#breadcrumb","itemListElement":[{"@type":"ListItem","position":1,"name":"Portada","item":"https:\/\/aivlisoft.net\/shop\/"},{"@type":"ListItem","position":2,"name":"Tienda","item":"https:\/\/aivlisoft.net\/shop\/tienda\/"},{"@type":"ListItem","position":3,"name":"Cherry Teclado G80-3000 USB Blanco"}]},{"@type":"WebSite","@id":"https:\/\/aivlisoft.net\/shop\/#website","url":"https:\/\/aivlisoft.net\/shop\/","name":"Aivlisoft Inform\u00e1tica","description":"En Aivlisoft Inform\u00e1tica ofrecemos soluciones tecnol\u00f3gicas para empresas: venta de ordenadores, consumibles, perif\u00e9ricos y m\u00e1s. Calidad, atenci\u00f3n personalizada y los mejores precios para tu negocio.","publisher":{"@id":"https:\/\/aivlisoft.net\/shop\/#organization"},"potentialAction":[{"@type":"SearchAction","target":{"@type":"EntryPoint","urlTemplate":"https:\/\/aivlisoft.net\/shop\/?s={search_term_string}"},"query-input":{"@type":"PropertyValueSpecification","valueRequired":true,"valueName":"search_term_string"}}],"inLanguage":"es"},{"@type":"Organization","@id":"https:\/\/aivlisoft.net\/shop\/#organization","name":"Aivlisoft Inform\u00e1tica","url":"https:\/\/aivlisoft.net\/shop\/","logo":{"@type":"ImageObject","inLanguage":"es","@id":"https:\/\/aivlisoft.net\/shop\/#\/schema\/logo\/image\/","url":"https:\/\/aivlisoft.net\/shop\/wp-content\/uploads\/2024\/12\/removal.ai_5b848c54-0cdf-4140-95c5-c5536bb7573b-logodef.png","contentUrl":"https:\/\/aivlisoft.net\/shop\/wp-content\/uploads\/2024\/12\/removal.ai_5b848c54-0cdf-4140-95c5-c5536bb7573b-logodef.png","width":484,"height":182,"caption":"Aivlisoft Inform\u00e1tica"},"image":{"@id":"https:\/\/aivlisoft.net\/shop\/#\/schema\/logo\/image\/"}}]}},"_links":{"self":[{"href":"https:\/\/aivlisoft.net\/shop\/wp-json\/wp\/v2\/product\/11117","targetHints":{"allow":["GET"]}}],"collection":[{"href":"https:\/\/aivlisoft.net\/shop\/wp-json\/wp\/v2\/product"}],"about":[{"href":"https:\/\/aivlisoft.net\/shop\/wp-json\/wp\/v2\/types\/product"}],"wp:featuredmedia":[{"embeddable":true,"href":"https:\/\/aivlisoft.net\/shop\/wp-json\/wp\/v2\/media\/11118"}],"wp:attachment":[{"href":"https:\/\/aivlisoft.net\/shop\/wp-json\/wp\/v2\/media?parent=11117"}],"wp:term":[{"taxonomy":"product_brand","embeddable":true,"href":"https:\/\/aivlisoft.net\/shop\/wp-json\/wp\/v2\/product_brand?post=11117"},{"taxonomy":"product_cat","embeddable":true,"href":"https:\/\/aivlisoft.net\/shop\/wp-json\/wp\/v2\/product_cat?post=11117"},{"taxonomy":"product_tag","embeddable":true,"href":"https:\/\/aivlisoft.net\/shop\/wp-json\/wp\/v2\/product_tag?post=11117"}],"curies":[{"name":"wp","href":"https:\/\/api.w.org\/{rel}","templated":true}]}}