{"id":11079,"date":"2025-01-13T14:11:05","date_gmt":"2025-01-13T14:11:05","guid":{"rendered":"https:\/\/aivlisoft.com\/?post_type=product&#038;p=11079"},"modified":"2025-01-15T10:36:28","modified_gmt":"2025-01-15T10:36:28","slug":"spirit-of-gamer-teclado-elite-k70","status":"publish","type":"product","link":"https:\/\/aivlisoft.net\/shop\/producto\/spirit-of-gamer-teclado-elite-k70\/","title":{"rendered":"Spirit of Gamer teclado Elite k70"},"content":{"rendered":"<p><strong>Formato 65% compacto:<\/strong> Todas las funciones de un teclado de juego en un dise&ntilde;o m&aacute;s peque&ntilde;o, un formato TKL (Ten Keys Less) sin teclado digital con solo 85 teclas. ELITE K70 est&aacute; dise&ntilde;ado para darle m&aacute;s espacio y m&aacute;s libertad de movimiento del rat&oacute;n.<\/p>\n<p><strong>3 modos de conexi&oacute;n:<\/strong> Wireless con tecnolog&iacute;as RF de 2.4 GHz, Bluetooth y cableado con cable USB desmontable incluido. En modo Bluetooth, puede conectar hasta 3 dispositivos diferentes.<\/p>\n<p><strong>El Anti-ghosting tiene 25 teclas:<\/strong> Funci&oacute;n Anti-Ghosting&nbsp; permite presionar varias teclas al mismo tiempo sin causar errores de interpretaci&oacute;n.<\/p>\n<p><strong>Autonom&iacute;a perfecta:<\/strong> Con su bater&iacute;a de litio recargable de 1850 mAh, ELITE K70 ofrece una autonom&iacute;a c&oacute;moda: 35 horas sin parar con su retroiluminaci&oacute;n RGB y m&aacute;s de 170 horas sin. Para cargarlo, conecta el cable USB-C incluido.<\/p>\n<p><strong>Pimp mis llaves:<\/strong> Brillo ajustable, velocidad de efectos personalizable. ELITE K70 ofrece 16 modos de retroiluminaci&oacute;n: 1 modo arco iris + 7 colores diferentes y 8 efectos RGB.<br \/>&nbsp;<\/p>\n<table class=\"tabla_caracteristicas\" width=\"100%\">\n<tr>\n<td valign=\"top\"><strong>Marca<\/strong><\/td>\n<td>Spirit of Gamer<\/td>\n<\/tr>\n<tr>\n<td valign=\"top\"><strong>Modelo<\/strong><\/td>\n<td><strong>CLA-EK70ES<\/strong><\/td>\n<\/tr>\n<tr>\n<td valign=\"top\"><strong>Caracter&iacute;sticas<\/strong><\/td>\n<td>&#8211; Bater&iacute;a:<br \/>\t\t\t&nbsp; Autonom&iacute;a: 35 horas con RGB \/ 170 horas sin RGB<br \/>\t\t\t&nbsp; Recargable 1850 mAh<br \/>\t\t\t&nbsp; Tiempo de carga: 4 a 5 horas<br \/>\t\t\t&#8211; Tipo de teclado: Membrana semimec&aacute;nica<br \/>\t\t\t&#8211; Anti-Ghosting: 25 teclas<br \/>\t\t\t&#8211; Formaci&oacute;n: TKL &#8211; 65% Compacto<br \/>\t\t\t&#8211; Est&aacute;ndar: AZERTY<br \/>\t\t\t&#8211; N&uacute;mero de teclas: 85 teclas<br \/>\t\t\t&#8211; Teclas multimedia: A trav&eacute;s de las teclas Fn<br \/>\t\t\t&#8211; Chasis: Plastico ABS<br \/>\t\t\t&#8211; Distancia de funcionamiento: 10 metros<br \/>\t\t\t&#8211; Compatibilidad: Windows XP y versiones posteriores<br \/>\t\t\t&#8211; Iluminaci&oacute;n trasera: RGB<br \/>\t\t\t&#8211; Altura ajustable &nbsp;<br \/>\t\t\t&#8211; Longitud del cable: 1,5 metros<br \/>\t\t\t<strong>Dimensiones y peso<\/strong><br \/>\t\t\t&#8211; 30,8 x 12 x 3,5 cm<br \/>\t\t\t&#8211; 435 gramos<br \/>\t\t\t<strong>Contenido<\/strong><br \/>\t\t\t&#8211; Gu&iacute;a de instalaci&oacute;n r&aacute;pida<br \/>\t\t\t&#8211; Recibidor nano USB<br \/>\t\t\t&#8211; Teclado ELITE-K70<\/td>\n<\/tr>\n<tr>\n<td valign=\"top\"><strong>Fecha de revisi&oacute;n<\/strong><\/td>\n<td>29-02-2024 por RTY<\/td>\n<\/tr>\n<\/table>\n","protected":false},"excerpt":{"rendered":"<p>Formato 65% compacto: Todas las funciones de un teclado de juego en un dise&ntilde;o m&aacute;s peque&ntilde;o, un formato TKL (Ten Keys Less) sin teclado digital con solo 85 teclas. ELITE K70 est&aacute; dise&ntilde;ado para darle m&aacute;s espacio y m&aacute;s libertad de movimiento del rat&oacute;n. 3 modos de conexi&oacute;n: Wireless con tecnolog&iacute;as RF de 2.4 GHz,&hellip;&nbsp;<a href=\"https:\/\/aivlisoft.net\/shop\/producto\/spirit-of-gamer-teclado-elite-k70\/\" rel=\"bookmark\"><span class=\"screen-reader-text\">Spirit of Gamer teclado Elite k70<\/span><\/a><\/p>\n","protected":false},"featured_media":11080,"template":"","meta":{"neve_meta_sidebar":"","neve_meta_container":"","neve_meta_enable_content_width":"","neve_meta_content_width":0,"neve_meta_title_alignment":"","neve_meta_author_avatar":"","neve_post_elements_order":"","neve_meta_disable_header":"","neve_meta_disable_footer":"","neve_meta_disable_title":""},"product_brand":[],"product_cat":[15,1970,8706,4099],"product_tag":[4326],"class_list":{"0":"post-11079","1":"product","2":"type-product","3":"status-publish","4":"has-post-thumbnail","6":"product_cat-sin-categorizar","7":"product_cat-accesorios-pc-y-tpv","8":"product_cat-cables-y-accesorios-pc","9":"product_cat-teclados-y-ratones","10":"product_tag-cla-ek70es","12":"first","13":"instock","14":"taxable","15":"shipping-taxable","16":"purchasable","17":"product-type-simple"},"yoast_head":"<!-- This site is optimized with the Yoast SEO plugin v26.0 - https:\/\/yoast.com\/wordpress\/plugins\/seo\/ -->\n<title>Spirit of Gamer teclado Elite k70 - Aivlisoft Inform\u00e1tica<\/title>\n<meta name=\"robots\" content=\"index, follow, max-snippet:-1, max-image-preview:large, max-video-preview:-1\" \/>\n<link rel=\"canonical\" href=\"https:\/\/aivlisoft.net\/shop\/producto\/spirit-of-gamer-teclado-elite-k70\/\" \/>\n<meta property=\"og:locale\" content=\"es_ES\" \/>\n<meta property=\"og:type\" content=\"article\" \/>\n<meta property=\"og:title\" content=\"Spirit of Gamer teclado Elite k70 - Aivlisoft Inform\u00e1tica\" \/>\n<meta property=\"og:description\" content=\"Formato 65% compacto: Todas las funciones de un teclado de juego en un dise&ntilde;o m&aacute;s peque&ntilde;o, un formato TKL (Ten Keys Less) sin teclado digital con solo 85 teclas. ELITE K70 est&aacute; dise&ntilde;ado para darle m&aacute;s espacio y m&aacute;s libertad de movimiento del rat&oacute;n. 3 modos de conexi&oacute;n: Wireless con tecnolog&iacute;as RF de 2.4 GHz,&hellip;&nbsp;Spirit of Gamer teclado Elite k70\" \/>\n<meta property=\"og:url\" content=\"https:\/\/aivlisoft.net\/shop\/producto\/spirit-of-gamer-teclado-elite-k70\/\" \/>\n<meta property=\"og:site_name\" content=\"Aivlisoft Inform\u00e1tica\" \/>\n<meta property=\"article:modified_time\" content=\"2025-01-15T10:36:28+00:00\" \/>\n<meta property=\"og:image\" content=\"https:\/\/aivlisoft.net\/shop\/wp-content\/uploads\/2025\/01\/FTRTEI0029_800.jpg\" \/>\n\t<meta property=\"og:image:width\" content=\"800\" \/>\n\t<meta property=\"og:image:height\" content=\"800\" \/>\n\t<meta property=\"og:image:type\" content=\"image\/jpeg\" \/>\n<meta name=\"twitter:card\" content=\"summary_large_image\" \/>\n<meta name=\"twitter:label1\" content=\"Tiempo de lectura\" \/>\n\t<meta name=\"twitter:data1\" content=\"2 minutos\" \/>\n<script type=\"application\/ld+json\" class=\"yoast-schema-graph\">{\"@context\":\"https:\/\/schema.org\",\"@graph\":[{\"@type\":\"WebPage\",\"@id\":\"https:\/\/aivlisoft.net\/shop\/producto\/spirit-of-gamer-teclado-elite-k70\/\",\"url\":\"https:\/\/aivlisoft.net\/shop\/producto\/spirit-of-gamer-teclado-elite-k70\/\",\"name\":\"Spirit of Gamer teclado Elite k70 - Aivlisoft Inform\u00e1tica\",\"isPartOf\":{\"@id\":\"https:\/\/aivlisoft.net\/shop\/#website\"},\"primaryImageOfPage\":{\"@id\":\"https:\/\/aivlisoft.net\/shop\/producto\/spirit-of-gamer-teclado-elite-k70\/#primaryimage\"},\"image\":{\"@id\":\"https:\/\/aivlisoft.net\/shop\/producto\/spirit-of-gamer-teclado-elite-k70\/#primaryimage\"},\"thumbnailUrl\":\"https:\/\/aivlisoft.net\/shop\/wp-content\/uploads\/2025\/01\/FTRTEI0029_800.jpg\",\"datePublished\":\"2025-01-13T14:11:05+00:00\",\"dateModified\":\"2025-01-15T10:36:28+00:00\",\"breadcrumb\":{\"@id\":\"https:\/\/aivlisoft.net\/shop\/producto\/spirit-of-gamer-teclado-elite-k70\/#breadcrumb\"},\"inLanguage\":\"es\",\"potentialAction\":[{\"@type\":\"ReadAction\",\"target\":[\"https:\/\/aivlisoft.net\/shop\/producto\/spirit-of-gamer-teclado-elite-k70\/\"]}]},{\"@type\":\"ImageObject\",\"inLanguage\":\"es\",\"@id\":\"https:\/\/aivlisoft.net\/shop\/producto\/spirit-of-gamer-teclado-elite-k70\/#primaryimage\",\"url\":\"https:\/\/aivlisoft.net\/shop\/wp-content\/uploads\/2025\/01\/FTRTEI0029_800.jpg\",\"contentUrl\":\"https:\/\/aivlisoft.net\/shop\/wp-content\/uploads\/2025\/01\/FTRTEI0029_800.jpg\",\"width\":800,\"height\":800},{\"@type\":\"BreadcrumbList\",\"@id\":\"https:\/\/aivlisoft.net\/shop\/producto\/spirit-of-gamer-teclado-elite-k70\/#breadcrumb\",\"itemListElement\":[{\"@type\":\"ListItem\",\"position\":1,\"name\":\"Portada\",\"item\":\"https:\/\/aivlisoft.net\/shop\/\"},{\"@type\":\"ListItem\",\"position\":2,\"name\":\"Tienda\",\"item\":\"https:\/\/aivlisoft.net\/shop\/tienda\/\"},{\"@type\":\"ListItem\",\"position\":3,\"name\":\"Spirit of Gamer teclado Elite k70\"}]},{\"@type\":\"WebSite\",\"@id\":\"https:\/\/aivlisoft.net\/shop\/#website\",\"url\":\"https:\/\/aivlisoft.net\/shop\/\",\"name\":\"Aivlisoft Inform\u00e1tica\",\"description\":\"En Aivlisoft Inform\u00e1tica ofrecemos soluciones tecnol\u00f3gicas para empresas: venta de ordenadores, consumibles, perif\u00e9ricos y m\u00e1s. Calidad, atenci\u00f3n personalizada y los mejores precios para tu negocio.\",\"publisher\":{\"@id\":\"https:\/\/aivlisoft.net\/shop\/#organization\"},\"potentialAction\":[{\"@type\":\"SearchAction\",\"target\":{\"@type\":\"EntryPoint\",\"urlTemplate\":\"https:\/\/aivlisoft.net\/shop\/?s={search_term_string}\"},\"query-input\":{\"@type\":\"PropertyValueSpecification\",\"valueRequired\":true,\"valueName\":\"search_term_string\"}}],\"inLanguage\":\"es\"},{\"@type\":\"Organization\",\"@id\":\"https:\/\/aivlisoft.net\/shop\/#organization\",\"name\":\"Aivlisoft Inform\u00e1tica\",\"url\":\"https:\/\/aivlisoft.net\/shop\/\",\"logo\":{\"@type\":\"ImageObject\",\"inLanguage\":\"es\",\"@id\":\"https:\/\/aivlisoft.net\/shop\/#\/schema\/logo\/image\/\",\"url\":\"https:\/\/aivlisoft.net\/shop\/wp-content\/uploads\/2024\/12\/removal.ai_5b848c54-0cdf-4140-95c5-c5536bb7573b-logodef.png\",\"contentUrl\":\"https:\/\/aivlisoft.net\/shop\/wp-content\/uploads\/2024\/12\/removal.ai_5b848c54-0cdf-4140-95c5-c5536bb7573b-logodef.png\",\"width\":484,\"height\":182,\"caption\":\"Aivlisoft Inform\u00e1tica\"},\"image\":{\"@id\":\"https:\/\/aivlisoft.net\/shop\/#\/schema\/logo\/image\/\"}}]}<\/script>\n<!-- \/ Yoast SEO plugin. -->","yoast_head_json":{"title":"Spirit of Gamer teclado Elite k70 - Aivlisoft Inform\u00e1tica","robots":{"index":"index","follow":"follow","max-snippet":"max-snippet:-1","max-image-preview":"max-image-preview:large","max-video-preview":"max-video-preview:-1"},"canonical":"https:\/\/aivlisoft.net\/shop\/producto\/spirit-of-gamer-teclado-elite-k70\/","og_locale":"es_ES","og_type":"article","og_title":"Spirit of Gamer teclado Elite k70 - Aivlisoft Inform\u00e1tica","og_description":"Formato 65% compacto: Todas las funciones de un teclado de juego en un dise&ntilde;o m&aacute;s peque&ntilde;o, un formato TKL (Ten Keys Less) sin teclado digital con solo 85 teclas. ELITE K70 est&aacute; dise&ntilde;ado para darle m&aacute;s espacio y m&aacute;s libertad de movimiento del rat&oacute;n. 3 modos de conexi&oacute;n: Wireless con tecnolog&iacute;as RF de 2.4 GHz,&hellip;&nbsp;Spirit of Gamer teclado Elite k70","og_url":"https:\/\/aivlisoft.net\/shop\/producto\/spirit-of-gamer-teclado-elite-k70\/","og_site_name":"Aivlisoft Inform\u00e1tica","article_modified_time":"2025-01-15T10:36:28+00:00","og_image":[{"width":800,"height":800,"url":"https:\/\/aivlisoft.net\/shop\/wp-content\/uploads\/2025\/01\/FTRTEI0029_800.jpg","type":"image\/jpeg"}],"twitter_card":"summary_large_image","twitter_misc":{"Tiempo de lectura":"2 minutos"},"schema":{"@context":"https:\/\/schema.org","@graph":[{"@type":"WebPage","@id":"https:\/\/aivlisoft.net\/shop\/producto\/spirit-of-gamer-teclado-elite-k70\/","url":"https:\/\/aivlisoft.net\/shop\/producto\/spirit-of-gamer-teclado-elite-k70\/","name":"Spirit of Gamer teclado Elite k70 - Aivlisoft Inform\u00e1tica","isPartOf":{"@id":"https:\/\/aivlisoft.net\/shop\/#website"},"primaryImageOfPage":{"@id":"https:\/\/aivlisoft.net\/shop\/producto\/spirit-of-gamer-teclado-elite-k70\/#primaryimage"},"image":{"@id":"https:\/\/aivlisoft.net\/shop\/producto\/spirit-of-gamer-teclado-elite-k70\/#primaryimage"},"thumbnailUrl":"https:\/\/aivlisoft.net\/shop\/wp-content\/uploads\/2025\/01\/FTRTEI0029_800.jpg","datePublished":"2025-01-13T14:11:05+00:00","dateModified":"2025-01-15T10:36:28+00:00","breadcrumb":{"@id":"https:\/\/aivlisoft.net\/shop\/producto\/spirit-of-gamer-teclado-elite-k70\/#breadcrumb"},"inLanguage":"es","potentialAction":[{"@type":"ReadAction","target":["https:\/\/aivlisoft.net\/shop\/producto\/spirit-of-gamer-teclado-elite-k70\/"]}]},{"@type":"ImageObject","inLanguage":"es","@id":"https:\/\/aivlisoft.net\/shop\/producto\/spirit-of-gamer-teclado-elite-k70\/#primaryimage","url":"https:\/\/aivlisoft.net\/shop\/wp-content\/uploads\/2025\/01\/FTRTEI0029_800.jpg","contentUrl":"https:\/\/aivlisoft.net\/shop\/wp-content\/uploads\/2025\/01\/FTRTEI0029_800.jpg","width":800,"height":800},{"@type":"BreadcrumbList","@id":"https:\/\/aivlisoft.net\/shop\/producto\/spirit-of-gamer-teclado-elite-k70\/#breadcrumb","itemListElement":[{"@type":"ListItem","position":1,"name":"Portada","item":"https:\/\/aivlisoft.net\/shop\/"},{"@type":"ListItem","position":2,"name":"Tienda","item":"https:\/\/aivlisoft.net\/shop\/tienda\/"},{"@type":"ListItem","position":3,"name":"Spirit of Gamer teclado Elite k70"}]},{"@type":"WebSite","@id":"https:\/\/aivlisoft.net\/shop\/#website","url":"https:\/\/aivlisoft.net\/shop\/","name":"Aivlisoft Inform\u00e1tica","description":"En Aivlisoft Inform\u00e1tica ofrecemos soluciones tecnol\u00f3gicas para empresas: venta de ordenadores, consumibles, perif\u00e9ricos y m\u00e1s. Calidad, atenci\u00f3n personalizada y los mejores precios para tu negocio.","publisher":{"@id":"https:\/\/aivlisoft.net\/shop\/#organization"},"potentialAction":[{"@type":"SearchAction","target":{"@type":"EntryPoint","urlTemplate":"https:\/\/aivlisoft.net\/shop\/?s={search_term_string}"},"query-input":{"@type":"PropertyValueSpecification","valueRequired":true,"valueName":"search_term_string"}}],"inLanguage":"es"},{"@type":"Organization","@id":"https:\/\/aivlisoft.net\/shop\/#organization","name":"Aivlisoft Inform\u00e1tica","url":"https:\/\/aivlisoft.net\/shop\/","logo":{"@type":"ImageObject","inLanguage":"es","@id":"https:\/\/aivlisoft.net\/shop\/#\/schema\/logo\/image\/","url":"https:\/\/aivlisoft.net\/shop\/wp-content\/uploads\/2024\/12\/removal.ai_5b848c54-0cdf-4140-95c5-c5536bb7573b-logodef.png","contentUrl":"https:\/\/aivlisoft.net\/shop\/wp-content\/uploads\/2024\/12\/removal.ai_5b848c54-0cdf-4140-95c5-c5536bb7573b-logodef.png","width":484,"height":182,"caption":"Aivlisoft Inform\u00e1tica"},"image":{"@id":"https:\/\/aivlisoft.net\/shop\/#\/schema\/logo\/image\/"}}]}},"_links":{"self":[{"href":"https:\/\/aivlisoft.net\/shop\/wp-json\/wp\/v2\/product\/11079","targetHints":{"allow":["GET"]}}],"collection":[{"href":"https:\/\/aivlisoft.net\/shop\/wp-json\/wp\/v2\/product"}],"about":[{"href":"https:\/\/aivlisoft.net\/shop\/wp-json\/wp\/v2\/types\/product"}],"wp:featuredmedia":[{"embeddable":true,"href":"https:\/\/aivlisoft.net\/shop\/wp-json\/wp\/v2\/media\/11080"}],"wp:attachment":[{"href":"https:\/\/aivlisoft.net\/shop\/wp-json\/wp\/v2\/media?parent=11079"}],"wp:term":[{"taxonomy":"product_brand","embeddable":true,"href":"https:\/\/aivlisoft.net\/shop\/wp-json\/wp\/v2\/product_brand?post=11079"},{"taxonomy":"product_cat","embeddable":true,"href":"https:\/\/aivlisoft.net\/shop\/wp-json\/wp\/v2\/product_cat?post=11079"},{"taxonomy":"product_tag","embeddable":true,"href":"https:\/\/aivlisoft.net\/shop\/wp-json\/wp\/v2\/product_tag?post=11079"}],"curies":[{"name":"wp","href":"https:\/\/api.w.org\/{rel}","templated":true}]}}