{"id":10961,"date":"2025-01-13T14:10:02","date_gmt":"2025-01-13T14:10:02","guid":{"rendered":"https:\/\/aivlisoft.com\/?post_type=product&#038;p=10961"},"modified":"2025-01-15T10:41:15","modified_gmt":"2025-01-15T10:41:15","slug":"ngs-raton-multidispositivo-2-4ghz-recargable-hit","status":"publish","type":"product","link":"https:\/\/aivlisoft.net\/shop\/producto\/ngs-raton-multidispositivo-2-4ghz-recargable-hit\/","title":{"rendered":"NGS RATON MULTIDISPOSITIVO 2.4GHZ RECARGABLE HIT"},"content":{"rendered":"<p><\/p>\n<table class=\"tabla_caracteristicas\" width=\"100%\">\n<tr>\n<td valign=\"top\"><strong>Marca<\/strong><\/td>\n<td>NGS<\/td>\n<\/tr>\n<tr>\n<td valign=\"top\"><strong>Modelo<\/strong><\/td>\n<td><strong>HIT-RB<\/strong><\/td>\n<\/tr>\n<tr>\n<td valign=\"top\"><strong>Caracter&iacute;sticas<\/strong><\/td>\n<td>&#8211; Rat&oacute;n recargable con conexi&oacute;n inal&aacute;mbrica<br \/>\t\t\t&#8211; Permite conectar hasta 3 dispositivos y cambiar (emparejar autom&aacute;ticamente) entre ellos<br \/>\t\t\t&#8211; Dos botones que incluye para el pulgar<br \/>\t\t\t&#8211; Rueda de desplazamiento de metal+ 6 botones<br \/>\t\t\t&#8211; Botones silenciosos<br \/>\t\t\t&#8211; Forma ergon&oacute;mica<br \/>\t\t\t&#8211; Dise&ntilde;ado especialmente para diestros<br \/>\t\t\t&#8211; Instalaci&oacute;n \u00abPlug and Play\u00bb<br \/>\t\t\t&#8211; 2,4 GHz+ Bluetooth 3.0 + Bluetooth 5.0 &nbsp;&nbsp; &nbsp;<br \/>\t\t\t&#8211; Frecuencia de Operaci&oacute;n:<br \/>\t\t\t&nbsp; 2.4G: 2403MHz~2480MHz<br \/>\t\t\t&nbsp; Bluetooth: 2402MHz~2480MHz<br \/>\t\t\t&#8211; Potencia de Salida M&aacute;xima RF:<br \/>\t\t\t&nbsp; 2.4G: 0dBm<br \/>\t\t\t&nbsp; Bluetooth: 0dBm<br \/>\t\t\t&#8211; Recargable: DPI 800\/1200\/1600<\/td>\n<\/tr>\n<tr>\n<td valign=\"top\"><strong>Fecha de revisi&oacute;n<\/strong><\/td>\n<td>02-02-2024 por RTY<\/td>\n<\/tr>\n<\/table>\n","protected":false},"excerpt":{"rendered":"<p>Marca NGS Modelo HIT-RB Caracter&iacute;sticas &#8211; Rat&oacute;n recargable con conexi&oacute;n inal&aacute;mbrica &#8211; Permite conectar hasta 3 dispositivos y cambiar (emparejar autom&aacute;ticamente) entre ellos &#8211; Dos botones que incluye para el pulgar &#8211; Rueda de desplazamiento de metal+ 6 botones &#8211; Botones silenciosos &#8211; Forma ergon&oacute;mica &#8211; Dise&ntilde;ado especialmente para diestros &#8211; Instalaci&oacute;n \u00abPlug and Play\u00bb&hellip;&nbsp;<a href=\"https:\/\/aivlisoft.net\/shop\/producto\/ngs-raton-multidispositivo-2-4ghz-recargable-hit\/\" rel=\"bookmark\"><span class=\"screen-reader-text\">NGS RATON MULTIDISPOSITIVO 2.4GHZ RECARGABLE HIT<\/span><\/a><\/p>\n","protected":false},"featured_media":10962,"template":"","meta":{"neve_meta_sidebar":"","neve_meta_container":"","neve_meta_enable_content_width":"","neve_meta_content_width":0,"neve_meta_title_alignment":"","neve_meta_author_avatar":"","neve_post_elements_order":"","neve_meta_disable_header":"","neve_meta_disable_footer":"","neve_meta_disable_title":""},"product_brand":[],"product_cat":[15,790,1970,4099],"product_tag":[4284],"class_list":{"0":"post-10961","1":"product","2":"type-product","3":"status-publish","4":"has-post-thumbnail","6":"product_cat-sin-categorizar","7":"product_cat-accesorios-gaming","8":"product_cat-accesorios-pc-y-tpv","9":"product_cat-teclados-y-ratones","10":"product_tag-hit-rb","12":"first","13":"instock","14":"taxable","15":"shipping-taxable","16":"purchasable","17":"product-type-simple"},"yoast_head":"<!-- This site is optimized with the Yoast SEO plugin v26.0 - https:\/\/yoast.com\/wordpress\/plugins\/seo\/ -->\n<title>NGS RATON MULTIDISPOSITIVO 2.4GHZ RECARGABLE HIT - Aivlisoft Inform\u00e1tica<\/title>\n<meta name=\"robots\" content=\"index, follow, max-snippet:-1, max-image-preview:large, max-video-preview:-1\" \/>\n<link rel=\"canonical\" href=\"https:\/\/aivlisoft.net\/shop\/producto\/ngs-raton-multidispositivo-2-4ghz-recargable-hit\/\" \/>\n<meta property=\"og:locale\" content=\"es_ES\" \/>\n<meta property=\"og:type\" content=\"article\" \/>\n<meta property=\"og:title\" content=\"NGS RATON MULTIDISPOSITIVO 2.4GHZ RECARGABLE HIT - Aivlisoft Inform\u00e1tica\" \/>\n<meta property=\"og:description\" content=\"Marca NGS Modelo HIT-RB Caracter&iacute;sticas &#8211; Rat&oacute;n recargable con conexi&oacute;n inal&aacute;mbrica &#8211; Permite conectar hasta 3 dispositivos y cambiar (emparejar autom&aacute;ticamente) entre ellos &#8211; Dos botones que incluye para el pulgar &#8211; Rueda de desplazamiento de metal+ 6 botones &#8211; Botones silenciosos &#8211; Forma ergon&oacute;mica &#8211; Dise&ntilde;ado especialmente para diestros &#8211; Instalaci&oacute;n \u00abPlug and Play\u00bb&hellip;&nbsp;NGS RATON MULTIDISPOSITIVO 2.4GHZ RECARGABLE HIT\" \/>\n<meta property=\"og:url\" content=\"https:\/\/aivlisoft.net\/shop\/producto\/ngs-raton-multidispositivo-2-4ghz-recargable-hit\/\" \/>\n<meta property=\"og:site_name\" content=\"Aivlisoft Inform\u00e1tica\" \/>\n<meta property=\"article:modified_time\" content=\"2025-01-15T10:41:15+00:00\" \/>\n<meta property=\"og:image\" content=\"https:\/\/aivlisoft.net\/shop\/wp-content\/uploads\/2025\/01\/FTRRIN0492_800.jpg\" \/>\n\t<meta property=\"og:image:width\" content=\"800\" \/>\n\t<meta property=\"og:image:height\" content=\"800\" \/>\n\t<meta property=\"og:image:type\" content=\"image\/jpeg\" \/>\n<meta name=\"twitter:card\" content=\"summary_large_image\" \/>\n<meta name=\"twitter:label1\" content=\"Tiempo de lectura\" \/>\n\t<meta name=\"twitter:data1\" content=\"1 minuto\" \/>\n<script type=\"application\/ld+json\" class=\"yoast-schema-graph\">{\"@context\":\"https:\/\/schema.org\",\"@graph\":[{\"@type\":\"WebPage\",\"@id\":\"https:\/\/aivlisoft.net\/shop\/producto\/ngs-raton-multidispositivo-2-4ghz-recargable-hit\/\",\"url\":\"https:\/\/aivlisoft.net\/shop\/producto\/ngs-raton-multidispositivo-2-4ghz-recargable-hit\/\",\"name\":\"NGS RATON MULTIDISPOSITIVO 2.4GHZ RECARGABLE HIT - Aivlisoft Inform\u00e1tica\",\"isPartOf\":{\"@id\":\"https:\/\/aivlisoft.net\/shop\/#website\"},\"primaryImageOfPage\":{\"@id\":\"https:\/\/aivlisoft.net\/shop\/producto\/ngs-raton-multidispositivo-2-4ghz-recargable-hit\/#primaryimage\"},\"image\":{\"@id\":\"https:\/\/aivlisoft.net\/shop\/producto\/ngs-raton-multidispositivo-2-4ghz-recargable-hit\/#primaryimage\"},\"thumbnailUrl\":\"https:\/\/aivlisoft.net\/shop\/wp-content\/uploads\/2025\/01\/FTRRIN0492_800.jpg\",\"datePublished\":\"2025-01-13T14:10:02+00:00\",\"dateModified\":\"2025-01-15T10:41:15+00:00\",\"breadcrumb\":{\"@id\":\"https:\/\/aivlisoft.net\/shop\/producto\/ngs-raton-multidispositivo-2-4ghz-recargable-hit\/#breadcrumb\"},\"inLanguage\":\"es\",\"potentialAction\":[{\"@type\":\"ReadAction\",\"target\":[\"https:\/\/aivlisoft.net\/shop\/producto\/ngs-raton-multidispositivo-2-4ghz-recargable-hit\/\"]}]},{\"@type\":\"ImageObject\",\"inLanguage\":\"es\",\"@id\":\"https:\/\/aivlisoft.net\/shop\/producto\/ngs-raton-multidispositivo-2-4ghz-recargable-hit\/#primaryimage\",\"url\":\"https:\/\/aivlisoft.net\/shop\/wp-content\/uploads\/2025\/01\/FTRRIN0492_800.jpg\",\"contentUrl\":\"https:\/\/aivlisoft.net\/shop\/wp-content\/uploads\/2025\/01\/FTRRIN0492_800.jpg\",\"width\":800,\"height\":800},{\"@type\":\"BreadcrumbList\",\"@id\":\"https:\/\/aivlisoft.net\/shop\/producto\/ngs-raton-multidispositivo-2-4ghz-recargable-hit\/#breadcrumb\",\"itemListElement\":[{\"@type\":\"ListItem\",\"position\":1,\"name\":\"Portada\",\"item\":\"https:\/\/aivlisoft.net\/shop\/\"},{\"@type\":\"ListItem\",\"position\":2,\"name\":\"Tienda\",\"item\":\"https:\/\/aivlisoft.net\/shop\/tienda\/\"},{\"@type\":\"ListItem\",\"position\":3,\"name\":\"NGS RATON MULTIDISPOSITIVO 2.4GHZ RECARGABLE HIT\"}]},{\"@type\":\"WebSite\",\"@id\":\"https:\/\/aivlisoft.net\/shop\/#website\",\"url\":\"https:\/\/aivlisoft.net\/shop\/\",\"name\":\"Aivlisoft Inform\u00e1tica\",\"description\":\"En Aivlisoft Inform\u00e1tica ofrecemos soluciones tecnol\u00f3gicas para empresas: venta de ordenadores, consumibles, perif\u00e9ricos y m\u00e1s. Calidad, atenci\u00f3n personalizada y los mejores precios para tu negocio.\",\"publisher\":{\"@id\":\"https:\/\/aivlisoft.net\/shop\/#organization\"},\"potentialAction\":[{\"@type\":\"SearchAction\",\"target\":{\"@type\":\"EntryPoint\",\"urlTemplate\":\"https:\/\/aivlisoft.net\/shop\/?s={search_term_string}\"},\"query-input\":{\"@type\":\"PropertyValueSpecification\",\"valueRequired\":true,\"valueName\":\"search_term_string\"}}],\"inLanguage\":\"es\"},{\"@type\":\"Organization\",\"@id\":\"https:\/\/aivlisoft.net\/shop\/#organization\",\"name\":\"Aivlisoft Inform\u00e1tica\",\"url\":\"https:\/\/aivlisoft.net\/shop\/\",\"logo\":{\"@type\":\"ImageObject\",\"inLanguage\":\"es\",\"@id\":\"https:\/\/aivlisoft.net\/shop\/#\/schema\/logo\/image\/\",\"url\":\"https:\/\/aivlisoft.net\/shop\/wp-content\/uploads\/2024\/12\/removal.ai_5b848c54-0cdf-4140-95c5-c5536bb7573b-logodef.png\",\"contentUrl\":\"https:\/\/aivlisoft.net\/shop\/wp-content\/uploads\/2024\/12\/removal.ai_5b848c54-0cdf-4140-95c5-c5536bb7573b-logodef.png\",\"width\":484,\"height\":182,\"caption\":\"Aivlisoft Inform\u00e1tica\"},\"image\":{\"@id\":\"https:\/\/aivlisoft.net\/shop\/#\/schema\/logo\/image\/\"}}]}<\/script>\n<!-- \/ Yoast SEO plugin. -->","yoast_head_json":{"title":"NGS RATON MULTIDISPOSITIVO 2.4GHZ RECARGABLE HIT - Aivlisoft Inform\u00e1tica","robots":{"index":"index","follow":"follow","max-snippet":"max-snippet:-1","max-image-preview":"max-image-preview:large","max-video-preview":"max-video-preview:-1"},"canonical":"https:\/\/aivlisoft.net\/shop\/producto\/ngs-raton-multidispositivo-2-4ghz-recargable-hit\/","og_locale":"es_ES","og_type":"article","og_title":"NGS RATON MULTIDISPOSITIVO 2.4GHZ RECARGABLE HIT - Aivlisoft Inform\u00e1tica","og_description":"Marca NGS Modelo HIT-RB Caracter&iacute;sticas &#8211; Rat&oacute;n recargable con conexi&oacute;n inal&aacute;mbrica &#8211; Permite conectar hasta 3 dispositivos y cambiar (emparejar autom&aacute;ticamente) entre ellos &#8211; Dos botones que incluye para el pulgar &#8211; Rueda de desplazamiento de metal+ 6 botones &#8211; Botones silenciosos &#8211; Forma ergon&oacute;mica &#8211; Dise&ntilde;ado especialmente para diestros &#8211; Instalaci&oacute;n \u00abPlug and Play\u00bb&hellip;&nbsp;NGS RATON MULTIDISPOSITIVO 2.4GHZ RECARGABLE HIT","og_url":"https:\/\/aivlisoft.net\/shop\/producto\/ngs-raton-multidispositivo-2-4ghz-recargable-hit\/","og_site_name":"Aivlisoft Inform\u00e1tica","article_modified_time":"2025-01-15T10:41:15+00:00","og_image":[{"width":800,"height":800,"url":"https:\/\/aivlisoft.net\/shop\/wp-content\/uploads\/2025\/01\/FTRRIN0492_800.jpg","type":"image\/jpeg"}],"twitter_card":"summary_large_image","twitter_misc":{"Tiempo de lectura":"1 minuto"},"schema":{"@context":"https:\/\/schema.org","@graph":[{"@type":"WebPage","@id":"https:\/\/aivlisoft.net\/shop\/producto\/ngs-raton-multidispositivo-2-4ghz-recargable-hit\/","url":"https:\/\/aivlisoft.net\/shop\/producto\/ngs-raton-multidispositivo-2-4ghz-recargable-hit\/","name":"NGS RATON MULTIDISPOSITIVO 2.4GHZ RECARGABLE HIT - Aivlisoft Inform\u00e1tica","isPartOf":{"@id":"https:\/\/aivlisoft.net\/shop\/#website"},"primaryImageOfPage":{"@id":"https:\/\/aivlisoft.net\/shop\/producto\/ngs-raton-multidispositivo-2-4ghz-recargable-hit\/#primaryimage"},"image":{"@id":"https:\/\/aivlisoft.net\/shop\/producto\/ngs-raton-multidispositivo-2-4ghz-recargable-hit\/#primaryimage"},"thumbnailUrl":"https:\/\/aivlisoft.net\/shop\/wp-content\/uploads\/2025\/01\/FTRRIN0492_800.jpg","datePublished":"2025-01-13T14:10:02+00:00","dateModified":"2025-01-15T10:41:15+00:00","breadcrumb":{"@id":"https:\/\/aivlisoft.net\/shop\/producto\/ngs-raton-multidispositivo-2-4ghz-recargable-hit\/#breadcrumb"},"inLanguage":"es","potentialAction":[{"@type":"ReadAction","target":["https:\/\/aivlisoft.net\/shop\/producto\/ngs-raton-multidispositivo-2-4ghz-recargable-hit\/"]}]},{"@type":"ImageObject","inLanguage":"es","@id":"https:\/\/aivlisoft.net\/shop\/producto\/ngs-raton-multidispositivo-2-4ghz-recargable-hit\/#primaryimage","url":"https:\/\/aivlisoft.net\/shop\/wp-content\/uploads\/2025\/01\/FTRRIN0492_800.jpg","contentUrl":"https:\/\/aivlisoft.net\/shop\/wp-content\/uploads\/2025\/01\/FTRRIN0492_800.jpg","width":800,"height":800},{"@type":"BreadcrumbList","@id":"https:\/\/aivlisoft.net\/shop\/producto\/ngs-raton-multidispositivo-2-4ghz-recargable-hit\/#breadcrumb","itemListElement":[{"@type":"ListItem","position":1,"name":"Portada","item":"https:\/\/aivlisoft.net\/shop\/"},{"@type":"ListItem","position":2,"name":"Tienda","item":"https:\/\/aivlisoft.net\/shop\/tienda\/"},{"@type":"ListItem","position":3,"name":"NGS RATON MULTIDISPOSITIVO 2.4GHZ RECARGABLE HIT"}]},{"@type":"WebSite","@id":"https:\/\/aivlisoft.net\/shop\/#website","url":"https:\/\/aivlisoft.net\/shop\/","name":"Aivlisoft Inform\u00e1tica","description":"En Aivlisoft Inform\u00e1tica ofrecemos soluciones tecnol\u00f3gicas para empresas: venta de ordenadores, consumibles, perif\u00e9ricos y m\u00e1s. Calidad, atenci\u00f3n personalizada y los mejores precios para tu negocio.","publisher":{"@id":"https:\/\/aivlisoft.net\/shop\/#organization"},"potentialAction":[{"@type":"SearchAction","target":{"@type":"EntryPoint","urlTemplate":"https:\/\/aivlisoft.net\/shop\/?s={search_term_string}"},"query-input":{"@type":"PropertyValueSpecification","valueRequired":true,"valueName":"search_term_string"}}],"inLanguage":"es"},{"@type":"Organization","@id":"https:\/\/aivlisoft.net\/shop\/#organization","name":"Aivlisoft Inform\u00e1tica","url":"https:\/\/aivlisoft.net\/shop\/","logo":{"@type":"ImageObject","inLanguage":"es","@id":"https:\/\/aivlisoft.net\/shop\/#\/schema\/logo\/image\/","url":"https:\/\/aivlisoft.net\/shop\/wp-content\/uploads\/2024\/12\/removal.ai_5b848c54-0cdf-4140-95c5-c5536bb7573b-logodef.png","contentUrl":"https:\/\/aivlisoft.net\/shop\/wp-content\/uploads\/2024\/12\/removal.ai_5b848c54-0cdf-4140-95c5-c5536bb7573b-logodef.png","width":484,"height":182,"caption":"Aivlisoft Inform\u00e1tica"},"image":{"@id":"https:\/\/aivlisoft.net\/shop\/#\/schema\/logo\/image\/"}}]}},"_links":{"self":[{"href":"https:\/\/aivlisoft.net\/shop\/wp-json\/wp\/v2\/product\/10961","targetHints":{"allow":["GET"]}}],"collection":[{"href":"https:\/\/aivlisoft.net\/shop\/wp-json\/wp\/v2\/product"}],"about":[{"href":"https:\/\/aivlisoft.net\/shop\/wp-json\/wp\/v2\/types\/product"}],"wp:featuredmedia":[{"embeddable":true,"href":"https:\/\/aivlisoft.net\/shop\/wp-json\/wp\/v2\/media\/10962"}],"wp:attachment":[{"href":"https:\/\/aivlisoft.net\/shop\/wp-json\/wp\/v2\/media?parent=10961"}],"wp:term":[{"taxonomy":"product_brand","embeddable":true,"href":"https:\/\/aivlisoft.net\/shop\/wp-json\/wp\/v2\/product_brand?post=10961"},{"taxonomy":"product_cat","embeddable":true,"href":"https:\/\/aivlisoft.net\/shop\/wp-json\/wp\/v2\/product_cat?post=10961"},{"taxonomy":"product_tag","embeddable":true,"href":"https:\/\/aivlisoft.net\/shop\/wp-json\/wp\/v2\/product_tag?post=10961"}],"curies":[{"name":"wp","href":"https:\/\/api.w.org\/{rel}","templated":true}]}}