{"id":10918,"date":"2025-01-13T14:09:41","date_gmt":"2025-01-13T14:09:41","guid":{"rendered":"https:\/\/aivlisoft.com\/?post_type=product&#038;p=10918"},"modified":"2025-01-15T10:41:22","modified_gmt":"2025-01-15T10:41:22","slug":"spirit-of-gamer-raton-elite-m-70","status":"publish","type":"product","link":"https:\/\/aivlisoft.net\/shop\/producto\/spirit-of-gamer-raton-elite-m-70\/","title":{"rendered":"Spirit of Gamer Raton Elite M-70"},"content":{"rendered":"<p><\/p>\n<table class=\"tabla_caracteristicas\" width=\"100%\">\n<tr>\n<td valign=\"top\"><strong>Marca<\/strong><\/td>\n<td>Spirit of Gamer<\/td>\n<\/tr>\n<tr>\n<td valign=\"top\"><strong>Modelo<\/strong><\/td>\n<td><strong>S-EM70RF<\/strong><\/td>\n<\/tr>\n<tr>\n<td valign=\"top\"><strong>Caracter&iacute;sticas<\/strong><\/td>\n<td>&#8211; Resoluci&oacute;n: 4800 ppp<br \/>\t\t\t&#8211; Aceleraci&oacute;n: 10 GRAMOS<br \/>\t\t\t&#8211; El sensor: PixArt &#8211; &Oacute;ptica<br \/>\t\t\t&#8211; Tasa de transferencia: 1000 Hz<br \/>\t\t\t&#8211; Botones: 8 programables<br \/>\t\t\t&#8211; Ergonom&iacute;a: Esquivo<br \/>\t\t\t&#8211; Software: Se puede descargar<br \/>\t\t\t&#8211; Distancia de funcionamiento: 10 metros<br \/>\t\t\t&#8211; Compatibilidad: Windows XP y versiones posteriores<br \/>\t\t\t&#8211; Iluminaci&oacute;n trasera: RGB<br \/>\t\t\t&#8211; Velocidad: 30 unidades<br \/>\t\t\t&#8211; Conexi&oacute;n: Radiofrecuencia inal&aacute;mbrica de 2,4 GHz<br \/>\t\t\t&#8211; Duraci&oacute;n del cable: 1.2 m<br \/>\t\t\t<strong>Bater&iacute;a<\/strong><br \/>\t\t\t&#8211; Recargable de 600 mAh<br \/>\t\t\t&#8211; Tiempo de carga: 3 a 4 horas<br \/>\t\t\t<strong>Dimensiones<\/strong><br \/>\t\t\t&#8211; 12,9 x 8 x 4,1 cm<br \/>\t\t\t<strong>Contenido<\/strong><br \/>\t\t\t&#8211; Gu&iacute;a de instalaci&oacute;n r&aacute;pida<br \/>\t\t\t&#8211; Recibidor nano USB<br \/>\t\t\t&#8211; Souris ELITE-M70 RGB Inal&aacute;mbrico<\/td>\n<\/tr>\n<tr>\n<td valign=\"top\"><strong>Fecha de revisi&oacute;n<\/strong><\/td>\n<td>02-09-2024 por RTY<\/td>\n<\/tr>\n<\/table>\n","protected":false},"excerpt":{"rendered":"<p>Marca Spirit of Gamer Modelo S-EM70RF Caracter&iacute;sticas &#8211; Resoluci&oacute;n: 4800 ppp &#8211; Aceleraci&oacute;n: 10 GRAMOS &#8211; El sensor: PixArt &#8211; &Oacute;ptica &#8211; Tasa de transferencia: 1000 Hz &#8211; Botones: 8 programables &#8211; Ergonom&iacute;a: Esquivo &#8211; Software: Se puede descargar &#8211; Distancia de funcionamiento: 10 metros &#8211; Compatibilidad: Windows XP y versiones posteriores &#8211; Iluminaci&oacute;n trasera:&hellip;&nbsp;<a href=\"https:\/\/aivlisoft.net\/shop\/producto\/spirit-of-gamer-raton-elite-m-70\/\" rel=\"bookmark\"><span class=\"screen-reader-text\">Spirit of Gamer Raton Elite M-70<\/span><\/a><\/p>\n","protected":false},"featured_media":10919,"template":"","meta":{"neve_meta_sidebar":"","neve_meta_container":"","neve_meta_enable_content_width":"","neve_meta_content_width":0,"neve_meta_title_alignment":"","neve_meta_author_avatar":"","neve_post_elements_order":"","neve_meta_disable_header":"","neve_meta_disable_footer":"","neve_meta_disable_title":""},"product_brand":[],"product_cat":[15,790,1970,4099],"product_tag":[4273],"class_list":{"0":"post-10918","1":"product","2":"type-product","3":"status-publish","4":"has-post-thumbnail","6":"product_cat-sin-categorizar","7":"product_cat-accesorios-gaming","8":"product_cat-accesorios-pc-y-tpv","9":"product_cat-teclados-y-ratones","10":"product_tag-s-em70rf","12":"first","13":"instock","14":"taxable","15":"shipping-taxable","16":"purchasable","17":"product-type-simple"},"yoast_head":"<!-- This site is optimized with the Yoast SEO plugin v26.0 - https:\/\/yoast.com\/wordpress\/plugins\/seo\/ -->\n<title>Spirit of Gamer Raton Elite M-70 - Aivlisoft Inform\u00e1tica<\/title>\n<meta name=\"robots\" content=\"index, follow, max-snippet:-1, max-image-preview:large, max-video-preview:-1\" \/>\n<link rel=\"canonical\" href=\"https:\/\/aivlisoft.net\/shop\/producto\/spirit-of-gamer-raton-elite-m-70\/\" \/>\n<meta property=\"og:locale\" content=\"es_ES\" \/>\n<meta property=\"og:type\" content=\"article\" \/>\n<meta property=\"og:title\" content=\"Spirit of Gamer Raton Elite M-70 - Aivlisoft Inform\u00e1tica\" \/>\n<meta property=\"og:description\" content=\"Marca Spirit of Gamer Modelo S-EM70RF Caracter&iacute;sticas &#8211; Resoluci&oacute;n: 4800 ppp &#8211; Aceleraci&oacute;n: 10 GRAMOS &#8211; El sensor: PixArt &#8211; &Oacute;ptica &#8211; Tasa de transferencia: 1000 Hz &#8211; Botones: 8 programables &#8211; Ergonom&iacute;a: Esquivo &#8211; Software: Se puede descargar &#8211; Distancia de funcionamiento: 10 metros &#8211; Compatibilidad: Windows XP y versiones posteriores &#8211; Iluminaci&oacute;n trasera:&hellip;&nbsp;Spirit of Gamer Raton Elite M-70\" \/>\n<meta property=\"og:url\" content=\"https:\/\/aivlisoft.net\/shop\/producto\/spirit-of-gamer-raton-elite-m-70\/\" \/>\n<meta property=\"og:site_name\" content=\"Aivlisoft Inform\u00e1tica\" \/>\n<meta property=\"article:modified_time\" content=\"2025-01-15T10:41:22+00:00\" \/>\n<meta property=\"og:image\" content=\"https:\/\/aivlisoft.net\/shop\/wp-content\/uploads\/2025\/01\/FTRRIN0481_800.jpg\" \/>\n\t<meta property=\"og:image:width\" content=\"800\" \/>\n\t<meta property=\"og:image:height\" content=\"800\" \/>\n\t<meta property=\"og:image:type\" content=\"image\/jpeg\" \/>\n<meta name=\"twitter:card\" content=\"summary_large_image\" \/>\n<meta name=\"twitter:label1\" content=\"Tiempo de lectura\" \/>\n\t<meta name=\"twitter:data1\" content=\"1 minuto\" \/>\n<script type=\"application\/ld+json\" class=\"yoast-schema-graph\">{\"@context\":\"https:\/\/schema.org\",\"@graph\":[{\"@type\":\"WebPage\",\"@id\":\"https:\/\/aivlisoft.net\/shop\/producto\/spirit-of-gamer-raton-elite-m-70\/\",\"url\":\"https:\/\/aivlisoft.net\/shop\/producto\/spirit-of-gamer-raton-elite-m-70\/\",\"name\":\"Spirit of Gamer Raton Elite M-70 - Aivlisoft Inform\u00e1tica\",\"isPartOf\":{\"@id\":\"https:\/\/aivlisoft.net\/shop\/#website\"},\"primaryImageOfPage\":{\"@id\":\"https:\/\/aivlisoft.net\/shop\/producto\/spirit-of-gamer-raton-elite-m-70\/#primaryimage\"},\"image\":{\"@id\":\"https:\/\/aivlisoft.net\/shop\/producto\/spirit-of-gamer-raton-elite-m-70\/#primaryimage\"},\"thumbnailUrl\":\"https:\/\/aivlisoft.net\/shop\/wp-content\/uploads\/2025\/01\/FTRRIN0481_800.jpg\",\"datePublished\":\"2025-01-13T14:09:41+00:00\",\"dateModified\":\"2025-01-15T10:41:22+00:00\",\"breadcrumb\":{\"@id\":\"https:\/\/aivlisoft.net\/shop\/producto\/spirit-of-gamer-raton-elite-m-70\/#breadcrumb\"},\"inLanguage\":\"es\",\"potentialAction\":[{\"@type\":\"ReadAction\",\"target\":[\"https:\/\/aivlisoft.net\/shop\/producto\/spirit-of-gamer-raton-elite-m-70\/\"]}]},{\"@type\":\"ImageObject\",\"inLanguage\":\"es\",\"@id\":\"https:\/\/aivlisoft.net\/shop\/producto\/spirit-of-gamer-raton-elite-m-70\/#primaryimage\",\"url\":\"https:\/\/aivlisoft.net\/shop\/wp-content\/uploads\/2025\/01\/FTRRIN0481_800.jpg\",\"contentUrl\":\"https:\/\/aivlisoft.net\/shop\/wp-content\/uploads\/2025\/01\/FTRRIN0481_800.jpg\",\"width\":800,\"height\":800},{\"@type\":\"BreadcrumbList\",\"@id\":\"https:\/\/aivlisoft.net\/shop\/producto\/spirit-of-gamer-raton-elite-m-70\/#breadcrumb\",\"itemListElement\":[{\"@type\":\"ListItem\",\"position\":1,\"name\":\"Portada\",\"item\":\"https:\/\/aivlisoft.net\/shop\/\"},{\"@type\":\"ListItem\",\"position\":2,\"name\":\"Tienda\",\"item\":\"https:\/\/aivlisoft.net\/shop\/tienda\/\"},{\"@type\":\"ListItem\",\"position\":3,\"name\":\"Spirit of Gamer Raton Elite M-70\"}]},{\"@type\":\"WebSite\",\"@id\":\"https:\/\/aivlisoft.net\/shop\/#website\",\"url\":\"https:\/\/aivlisoft.net\/shop\/\",\"name\":\"Aivlisoft Inform\u00e1tica\",\"description\":\"En Aivlisoft Inform\u00e1tica ofrecemos soluciones tecnol\u00f3gicas para empresas: venta de ordenadores, consumibles, perif\u00e9ricos y m\u00e1s. Calidad, atenci\u00f3n personalizada y los mejores precios para tu negocio.\",\"publisher\":{\"@id\":\"https:\/\/aivlisoft.net\/shop\/#organization\"},\"potentialAction\":[{\"@type\":\"SearchAction\",\"target\":{\"@type\":\"EntryPoint\",\"urlTemplate\":\"https:\/\/aivlisoft.net\/shop\/?s={search_term_string}\"},\"query-input\":{\"@type\":\"PropertyValueSpecification\",\"valueRequired\":true,\"valueName\":\"search_term_string\"}}],\"inLanguage\":\"es\"},{\"@type\":\"Organization\",\"@id\":\"https:\/\/aivlisoft.net\/shop\/#organization\",\"name\":\"Aivlisoft Inform\u00e1tica\",\"url\":\"https:\/\/aivlisoft.net\/shop\/\",\"logo\":{\"@type\":\"ImageObject\",\"inLanguage\":\"es\",\"@id\":\"https:\/\/aivlisoft.net\/shop\/#\/schema\/logo\/image\/\",\"url\":\"https:\/\/aivlisoft.net\/shop\/wp-content\/uploads\/2024\/12\/removal.ai_5b848c54-0cdf-4140-95c5-c5536bb7573b-logodef.png\",\"contentUrl\":\"https:\/\/aivlisoft.net\/shop\/wp-content\/uploads\/2024\/12\/removal.ai_5b848c54-0cdf-4140-95c5-c5536bb7573b-logodef.png\",\"width\":484,\"height\":182,\"caption\":\"Aivlisoft Inform\u00e1tica\"},\"image\":{\"@id\":\"https:\/\/aivlisoft.net\/shop\/#\/schema\/logo\/image\/\"}}]}<\/script>\n<!-- \/ Yoast SEO plugin. -->","yoast_head_json":{"title":"Spirit of Gamer Raton Elite M-70 - Aivlisoft Inform\u00e1tica","robots":{"index":"index","follow":"follow","max-snippet":"max-snippet:-1","max-image-preview":"max-image-preview:large","max-video-preview":"max-video-preview:-1"},"canonical":"https:\/\/aivlisoft.net\/shop\/producto\/spirit-of-gamer-raton-elite-m-70\/","og_locale":"es_ES","og_type":"article","og_title":"Spirit of Gamer Raton Elite M-70 - Aivlisoft Inform\u00e1tica","og_description":"Marca Spirit of Gamer Modelo S-EM70RF Caracter&iacute;sticas &#8211; Resoluci&oacute;n: 4800 ppp &#8211; Aceleraci&oacute;n: 10 GRAMOS &#8211; El sensor: PixArt &#8211; &Oacute;ptica &#8211; Tasa de transferencia: 1000 Hz &#8211; Botones: 8 programables &#8211; Ergonom&iacute;a: Esquivo &#8211; Software: Se puede descargar &#8211; Distancia de funcionamiento: 10 metros &#8211; Compatibilidad: Windows XP y versiones posteriores &#8211; Iluminaci&oacute;n trasera:&hellip;&nbsp;Spirit of Gamer Raton Elite M-70","og_url":"https:\/\/aivlisoft.net\/shop\/producto\/spirit-of-gamer-raton-elite-m-70\/","og_site_name":"Aivlisoft Inform\u00e1tica","article_modified_time":"2025-01-15T10:41:22+00:00","og_image":[{"width":800,"height":800,"url":"https:\/\/aivlisoft.net\/shop\/wp-content\/uploads\/2025\/01\/FTRRIN0481_800.jpg","type":"image\/jpeg"}],"twitter_card":"summary_large_image","twitter_misc":{"Tiempo de lectura":"1 minuto"},"schema":{"@context":"https:\/\/schema.org","@graph":[{"@type":"WebPage","@id":"https:\/\/aivlisoft.net\/shop\/producto\/spirit-of-gamer-raton-elite-m-70\/","url":"https:\/\/aivlisoft.net\/shop\/producto\/spirit-of-gamer-raton-elite-m-70\/","name":"Spirit of Gamer Raton Elite M-70 - Aivlisoft Inform\u00e1tica","isPartOf":{"@id":"https:\/\/aivlisoft.net\/shop\/#website"},"primaryImageOfPage":{"@id":"https:\/\/aivlisoft.net\/shop\/producto\/spirit-of-gamer-raton-elite-m-70\/#primaryimage"},"image":{"@id":"https:\/\/aivlisoft.net\/shop\/producto\/spirit-of-gamer-raton-elite-m-70\/#primaryimage"},"thumbnailUrl":"https:\/\/aivlisoft.net\/shop\/wp-content\/uploads\/2025\/01\/FTRRIN0481_800.jpg","datePublished":"2025-01-13T14:09:41+00:00","dateModified":"2025-01-15T10:41:22+00:00","breadcrumb":{"@id":"https:\/\/aivlisoft.net\/shop\/producto\/spirit-of-gamer-raton-elite-m-70\/#breadcrumb"},"inLanguage":"es","potentialAction":[{"@type":"ReadAction","target":["https:\/\/aivlisoft.net\/shop\/producto\/spirit-of-gamer-raton-elite-m-70\/"]}]},{"@type":"ImageObject","inLanguage":"es","@id":"https:\/\/aivlisoft.net\/shop\/producto\/spirit-of-gamer-raton-elite-m-70\/#primaryimage","url":"https:\/\/aivlisoft.net\/shop\/wp-content\/uploads\/2025\/01\/FTRRIN0481_800.jpg","contentUrl":"https:\/\/aivlisoft.net\/shop\/wp-content\/uploads\/2025\/01\/FTRRIN0481_800.jpg","width":800,"height":800},{"@type":"BreadcrumbList","@id":"https:\/\/aivlisoft.net\/shop\/producto\/spirit-of-gamer-raton-elite-m-70\/#breadcrumb","itemListElement":[{"@type":"ListItem","position":1,"name":"Portada","item":"https:\/\/aivlisoft.net\/shop\/"},{"@type":"ListItem","position":2,"name":"Tienda","item":"https:\/\/aivlisoft.net\/shop\/tienda\/"},{"@type":"ListItem","position":3,"name":"Spirit of Gamer Raton Elite M-70"}]},{"@type":"WebSite","@id":"https:\/\/aivlisoft.net\/shop\/#website","url":"https:\/\/aivlisoft.net\/shop\/","name":"Aivlisoft Inform\u00e1tica","description":"En Aivlisoft Inform\u00e1tica ofrecemos soluciones tecnol\u00f3gicas para empresas: venta de ordenadores, consumibles, perif\u00e9ricos y m\u00e1s. Calidad, atenci\u00f3n personalizada y los mejores precios para tu negocio.","publisher":{"@id":"https:\/\/aivlisoft.net\/shop\/#organization"},"potentialAction":[{"@type":"SearchAction","target":{"@type":"EntryPoint","urlTemplate":"https:\/\/aivlisoft.net\/shop\/?s={search_term_string}"},"query-input":{"@type":"PropertyValueSpecification","valueRequired":true,"valueName":"search_term_string"}}],"inLanguage":"es"},{"@type":"Organization","@id":"https:\/\/aivlisoft.net\/shop\/#organization","name":"Aivlisoft Inform\u00e1tica","url":"https:\/\/aivlisoft.net\/shop\/","logo":{"@type":"ImageObject","inLanguage":"es","@id":"https:\/\/aivlisoft.net\/shop\/#\/schema\/logo\/image\/","url":"https:\/\/aivlisoft.net\/shop\/wp-content\/uploads\/2024\/12\/removal.ai_5b848c54-0cdf-4140-95c5-c5536bb7573b-logodef.png","contentUrl":"https:\/\/aivlisoft.net\/shop\/wp-content\/uploads\/2024\/12\/removal.ai_5b848c54-0cdf-4140-95c5-c5536bb7573b-logodef.png","width":484,"height":182,"caption":"Aivlisoft Inform\u00e1tica"},"image":{"@id":"https:\/\/aivlisoft.net\/shop\/#\/schema\/logo\/image\/"}}]}},"_links":{"self":[{"href":"https:\/\/aivlisoft.net\/shop\/wp-json\/wp\/v2\/product\/10918","targetHints":{"allow":["GET"]}}],"collection":[{"href":"https:\/\/aivlisoft.net\/shop\/wp-json\/wp\/v2\/product"}],"about":[{"href":"https:\/\/aivlisoft.net\/shop\/wp-json\/wp\/v2\/types\/product"}],"wp:featuredmedia":[{"embeddable":true,"href":"https:\/\/aivlisoft.net\/shop\/wp-json\/wp\/v2\/media\/10919"}],"wp:attachment":[{"href":"https:\/\/aivlisoft.net\/shop\/wp-json\/wp\/v2\/media?parent=10918"}],"wp:term":[{"taxonomy":"product_brand","embeddable":true,"href":"https:\/\/aivlisoft.net\/shop\/wp-json\/wp\/v2\/product_brand?post=10918"},{"taxonomy":"product_cat","embeddable":true,"href":"https:\/\/aivlisoft.net\/shop\/wp-json\/wp\/v2\/product_cat?post=10918"},{"taxonomy":"product_tag","embeddable":true,"href":"https:\/\/aivlisoft.net\/shop\/wp-json\/wp\/v2\/product_tag?post=10918"}],"curies":[{"name":"wp","href":"https:\/\/api.w.org\/{rel}","templated":true}]}}