{"id":10903,"date":"2025-01-13T14:09:32","date_gmt":"2025-01-13T14:09:32","guid":{"rendered":"https:\/\/aivlisoft.com\/?post_type=product&#038;p=10903"},"modified":"2025-01-15T10:41:24","modified_gmt":"2025-01-15T10:41:24","slug":"spirit-of-gamer-raton-inalambrico-pro-m9-rgb","status":"publish","type":"product","link":"https:\/\/aivlisoft.net\/shop\/producto\/spirit-of-gamer-raton-inalambrico-pro-m9-rgb\/","title":{"rendered":"Spirit of Gamer Raton Inalambrico Pro M9 Rgb"},"content":{"rendered":"<p><strong>Forma perfecta<\/strong><br \/>Desde juegos de disparos hasta MOBA, juegos de estrategia y m&aacute;s, el mouse inal&aacute;mbrico PRO M9 le brinda la libertad de jugar de forma inal&aacute;mbrica durante horas. Con su forma sim&eacute;trica, se adapta a todas las manos y ofrece el m&aacute;ximo confort de juego.<\/p>\n<p><strong>Alta resoluci&oacute;n<\/strong><br \/>Equipado con un sensor &oacute;ptico PixArt PAW3212, PRO M9 ofrece una resoluci&oacute;n de hasta 4200 DPI con 5 niveles de DPI ajustables, el mouse es ideal para todos los estilos de juego, en un combate a muerte por equipos o haciendo un Top 1, el mouse inal&aacute;mbrico PRO M9 ofrece la precisi&oacute;n necesitas.<\/p>\n<p><strong>Editor Macro<\/strong><br \/>Sus 6 botones son programables a trav&eacute;s del software descargable. Tambi&eacute;n tienes la opci&oacute;n de personalizar uno de los 5 perfiles disponibles&#8230; &iexcl;Para nunca perderte un juego, simplemente conecta tu mouse y rec&aacute;rgalo al mismo tiempo!<\/p>\n<p><strong>Retroiluminaci&oacute;n RGB <\/strong><br \/>Directamente desde el mouse o mediante su software, puede personalizar su retroiluminaci&oacute;n. PRO M9 tiene 6 efectos preestablecidos. Tambi&eacute;n es posible configurar la velocidad, el brillo e incluso asignar un color espec&iacute;fico a un rango de DPI.<\/p>\n<p><strong>Potencia<\/strong><br \/>El rat&oacute;n PRO M9 incorpora una bater&iacute;a de litio con una capacidad de 900 mAh. Suficiente para jugar 50 horas con la luz de fondo encendida. El mouse se recarga en 3 horas como m&aacute;ximo. Incluso puedes seguir jugando mientras cargas el rat&oacute;n.<\/p>\n<table class=\"tabla_caracteristicas\" width=\"100%\">\n<tr>\n<td valign=\"top\"><strong>Marca<\/strong><\/td>\n<td>Spirit of Gamer<\/td>\n<\/tr>\n<tr>\n<td valign=\"top\"><strong>Modelo<\/strong><\/td>\n<td><strong>S-PM9RF<\/strong><\/td>\n<\/tr>\n<tr>\n<td valign=\"top\"><strong>Caracter&iacute;sticas<\/strong><\/td>\n<td>&#8211; Resoluci&oacute;n: 4200 ppp<br \/>\t\t\t&#8211; Aceleraci&oacute;n: 10G<br \/>\t\t\t&#8211; Sensor: PixArt &#8211; &Oacute;ptica<br \/>\t\t\t&#8211; Ratio de transferencia: 1000Hz<br \/>\t\t\t&#8211; Botones: 6 programables<br \/>\t\t\t&#8211; Ergonom&iacute;a: Sim&eacute;trico<br \/>\t\t\t&#8211; Software: Disponible para descarga<br \/>\t\t\t&#8211; Distancia de funcionamiento: 10m<br \/>\t\t\t&#8211; Compatibilidad: Windows 7 y posterior<br \/>\t\t\t&#8211; Iluminar desde el fondo: RGB<br \/>\t\t\t&#8211; Velocidad: 30fps<br \/>\t\t\t&#8211; Acceso: Radiofrecuencia de 2,4 GHz inal&aacute;mbrica<br \/>\t\t\t<strong>Bater&iacute;a<\/strong><br \/>\t\t\t&#8211; Autonom&iacute;a: 50 horas con RGB \/ 130 horas sin RGB<br \/>\t\t\t&#8211; Recargable 900mAh<br \/>\t\t\t&#8211; Tiempo de carga: 2 &#8211; 3 horas<br \/>\t\t\t<strong>Dimensiones<\/strong><br \/>\t\t\t&#8211; 112 x 6,6 x 4,2 cm<br \/>\t\t\t&#8211; 106g<br \/>\t\t\t<strong>Contenido<\/strong><br \/>\t\t\t&#8211; Gu&iacute;a de configuraci&oacute;n r&aacute;pida<br \/>\t\t\t&#8211; Receptor nano USB<br \/>\t\t\t&#8211; Rat&oacute;n inal&aacute;mbrico PRO-M9 RGB<\/td>\n<\/tr>\n<tr>\n<td valign=\"top\"><strong>Fecha de revisi&oacute;n<\/strong><\/td>\n<td>28-07-2023 por RTY<\/td>\n<\/tr>\n<\/table>\n","protected":false},"excerpt":{"rendered":"<p>Forma perfectaDesde juegos de disparos hasta MOBA, juegos de estrategia y m&aacute;s, el mouse inal&aacute;mbrico PRO M9 le brinda la libertad de jugar de forma inal&aacute;mbrica durante horas. Con su forma sim&eacute;trica, se adapta a todas las manos y ofrece el m&aacute;ximo confort de juego. Alta resoluci&oacute;nEquipado con un sensor &oacute;ptico PixArt PAW3212, PRO M9&hellip;&nbsp;<a href=\"https:\/\/aivlisoft.net\/shop\/producto\/spirit-of-gamer-raton-inalambrico-pro-m9-rgb\/\" rel=\"bookmark\"><span class=\"screen-reader-text\">Spirit of Gamer Raton Inalambrico Pro M9 Rgb<\/span><\/a><\/p>\n","protected":false},"featured_media":10904,"template":"","meta":{"neve_meta_sidebar":"","neve_meta_container":"","neve_meta_enable_content_width":"","neve_meta_content_width":0,"neve_meta_title_alignment":"","neve_meta_author_avatar":"","neve_post_elements_order":"","neve_meta_disable_header":"","neve_meta_disable_footer":"","neve_meta_disable_title":""},"product_brand":[],"product_cat":[15,790,1970,4099],"product_tag":[4269],"class_list":{"0":"post-10903","1":"product","2":"type-product","3":"status-publish","4":"has-post-thumbnail","6":"product_cat-sin-categorizar","7":"product_cat-accesorios-gaming","8":"product_cat-accesorios-pc-y-tpv","9":"product_cat-teclados-y-ratones","10":"product_tag-s-pm9rf","12":"first","13":"instock","14":"taxable","15":"shipping-taxable","16":"purchasable","17":"product-type-simple"},"yoast_head":"<!-- This site is optimized with the Yoast SEO plugin v26.0 - https:\/\/yoast.com\/wordpress\/plugins\/seo\/ -->\n<title>Spirit of Gamer Raton Inalambrico Pro M9 Rgb - Aivlisoft Inform\u00e1tica<\/title>\n<meta name=\"robots\" content=\"index, follow, max-snippet:-1, max-image-preview:large, max-video-preview:-1\" \/>\n<link rel=\"canonical\" href=\"https:\/\/aivlisoft.net\/shop\/producto\/spirit-of-gamer-raton-inalambrico-pro-m9-rgb\/\" \/>\n<meta property=\"og:locale\" content=\"es_ES\" \/>\n<meta property=\"og:type\" content=\"article\" \/>\n<meta property=\"og:title\" content=\"Spirit of Gamer Raton Inalambrico Pro M9 Rgb - Aivlisoft Inform\u00e1tica\" \/>\n<meta property=\"og:description\" content=\"Forma perfectaDesde juegos de disparos hasta MOBA, juegos de estrategia y m&aacute;s, el mouse inal&aacute;mbrico PRO M9 le brinda la libertad de jugar de forma inal&aacute;mbrica durante horas. Con su forma sim&eacute;trica, se adapta a todas las manos y ofrece el m&aacute;ximo confort de juego. Alta resoluci&oacute;nEquipado con un sensor &oacute;ptico PixArt PAW3212, PRO M9&hellip;&nbsp;Spirit of Gamer Raton Inalambrico Pro M9 Rgb\" \/>\n<meta property=\"og:url\" content=\"https:\/\/aivlisoft.net\/shop\/producto\/spirit-of-gamer-raton-inalambrico-pro-m9-rgb\/\" \/>\n<meta property=\"og:site_name\" content=\"Aivlisoft Inform\u00e1tica\" \/>\n<meta property=\"article:modified_time\" content=\"2025-01-15T10:41:24+00:00\" \/>\n<meta property=\"og:image\" content=\"https:\/\/aivlisoft.net\/shop\/wp-content\/uploads\/2025\/01\/FTRRIN0477_800.jpg\" \/>\n\t<meta property=\"og:image:width\" content=\"800\" \/>\n\t<meta property=\"og:image:height\" content=\"800\" \/>\n\t<meta property=\"og:image:type\" content=\"image\/jpeg\" \/>\n<meta name=\"twitter:card\" content=\"summary_large_image\" \/>\n<meta name=\"twitter:label1\" content=\"Tiempo de lectura\" \/>\n\t<meta name=\"twitter:data1\" content=\"2 minutos\" \/>\n<script type=\"application\/ld+json\" class=\"yoast-schema-graph\">{\"@context\":\"https:\/\/schema.org\",\"@graph\":[{\"@type\":\"WebPage\",\"@id\":\"https:\/\/aivlisoft.net\/shop\/producto\/spirit-of-gamer-raton-inalambrico-pro-m9-rgb\/\",\"url\":\"https:\/\/aivlisoft.net\/shop\/producto\/spirit-of-gamer-raton-inalambrico-pro-m9-rgb\/\",\"name\":\"Spirit of Gamer Raton Inalambrico Pro M9 Rgb - Aivlisoft Inform\u00e1tica\",\"isPartOf\":{\"@id\":\"https:\/\/aivlisoft.net\/shop\/#website\"},\"primaryImageOfPage\":{\"@id\":\"https:\/\/aivlisoft.net\/shop\/producto\/spirit-of-gamer-raton-inalambrico-pro-m9-rgb\/#primaryimage\"},\"image\":{\"@id\":\"https:\/\/aivlisoft.net\/shop\/producto\/spirit-of-gamer-raton-inalambrico-pro-m9-rgb\/#primaryimage\"},\"thumbnailUrl\":\"https:\/\/aivlisoft.net\/shop\/wp-content\/uploads\/2025\/01\/FTRRIN0477_800.jpg\",\"datePublished\":\"2025-01-13T14:09:32+00:00\",\"dateModified\":\"2025-01-15T10:41:24+00:00\",\"breadcrumb\":{\"@id\":\"https:\/\/aivlisoft.net\/shop\/producto\/spirit-of-gamer-raton-inalambrico-pro-m9-rgb\/#breadcrumb\"},\"inLanguage\":\"es\",\"potentialAction\":[{\"@type\":\"ReadAction\",\"target\":[\"https:\/\/aivlisoft.net\/shop\/producto\/spirit-of-gamer-raton-inalambrico-pro-m9-rgb\/\"]}]},{\"@type\":\"ImageObject\",\"inLanguage\":\"es\",\"@id\":\"https:\/\/aivlisoft.net\/shop\/producto\/spirit-of-gamer-raton-inalambrico-pro-m9-rgb\/#primaryimage\",\"url\":\"https:\/\/aivlisoft.net\/shop\/wp-content\/uploads\/2025\/01\/FTRRIN0477_800.jpg\",\"contentUrl\":\"https:\/\/aivlisoft.net\/shop\/wp-content\/uploads\/2025\/01\/FTRRIN0477_800.jpg\",\"width\":800,\"height\":800},{\"@type\":\"BreadcrumbList\",\"@id\":\"https:\/\/aivlisoft.net\/shop\/producto\/spirit-of-gamer-raton-inalambrico-pro-m9-rgb\/#breadcrumb\",\"itemListElement\":[{\"@type\":\"ListItem\",\"position\":1,\"name\":\"Portada\",\"item\":\"https:\/\/aivlisoft.net\/shop\/\"},{\"@type\":\"ListItem\",\"position\":2,\"name\":\"Tienda\",\"item\":\"https:\/\/aivlisoft.net\/shop\/tienda\/\"},{\"@type\":\"ListItem\",\"position\":3,\"name\":\"Spirit of Gamer Raton Inalambrico Pro M9 Rgb\"}]},{\"@type\":\"WebSite\",\"@id\":\"https:\/\/aivlisoft.net\/shop\/#website\",\"url\":\"https:\/\/aivlisoft.net\/shop\/\",\"name\":\"Aivlisoft Inform\u00e1tica\",\"description\":\"En Aivlisoft Inform\u00e1tica ofrecemos soluciones tecnol\u00f3gicas para empresas: venta de ordenadores, consumibles, perif\u00e9ricos y m\u00e1s. Calidad, atenci\u00f3n personalizada y los mejores precios para tu negocio.\",\"publisher\":{\"@id\":\"https:\/\/aivlisoft.net\/shop\/#organization\"},\"potentialAction\":[{\"@type\":\"SearchAction\",\"target\":{\"@type\":\"EntryPoint\",\"urlTemplate\":\"https:\/\/aivlisoft.net\/shop\/?s={search_term_string}\"},\"query-input\":{\"@type\":\"PropertyValueSpecification\",\"valueRequired\":true,\"valueName\":\"search_term_string\"}}],\"inLanguage\":\"es\"},{\"@type\":\"Organization\",\"@id\":\"https:\/\/aivlisoft.net\/shop\/#organization\",\"name\":\"Aivlisoft Inform\u00e1tica\",\"url\":\"https:\/\/aivlisoft.net\/shop\/\",\"logo\":{\"@type\":\"ImageObject\",\"inLanguage\":\"es\",\"@id\":\"https:\/\/aivlisoft.net\/shop\/#\/schema\/logo\/image\/\",\"url\":\"https:\/\/aivlisoft.net\/shop\/wp-content\/uploads\/2024\/12\/removal.ai_5b848c54-0cdf-4140-95c5-c5536bb7573b-logodef.png\",\"contentUrl\":\"https:\/\/aivlisoft.net\/shop\/wp-content\/uploads\/2024\/12\/removal.ai_5b848c54-0cdf-4140-95c5-c5536bb7573b-logodef.png\",\"width\":484,\"height\":182,\"caption\":\"Aivlisoft Inform\u00e1tica\"},\"image\":{\"@id\":\"https:\/\/aivlisoft.net\/shop\/#\/schema\/logo\/image\/\"}}]}<\/script>\n<!-- \/ Yoast SEO plugin. -->","yoast_head_json":{"title":"Spirit of Gamer Raton Inalambrico Pro M9 Rgb - Aivlisoft Inform\u00e1tica","robots":{"index":"index","follow":"follow","max-snippet":"max-snippet:-1","max-image-preview":"max-image-preview:large","max-video-preview":"max-video-preview:-1"},"canonical":"https:\/\/aivlisoft.net\/shop\/producto\/spirit-of-gamer-raton-inalambrico-pro-m9-rgb\/","og_locale":"es_ES","og_type":"article","og_title":"Spirit of Gamer Raton Inalambrico Pro M9 Rgb - Aivlisoft Inform\u00e1tica","og_description":"Forma perfectaDesde juegos de disparos hasta MOBA, juegos de estrategia y m&aacute;s, el mouse inal&aacute;mbrico PRO M9 le brinda la libertad de jugar de forma inal&aacute;mbrica durante horas. Con su forma sim&eacute;trica, se adapta a todas las manos y ofrece el m&aacute;ximo confort de juego. Alta resoluci&oacute;nEquipado con un sensor &oacute;ptico PixArt PAW3212, PRO M9&hellip;&nbsp;Spirit of Gamer Raton Inalambrico Pro M9 Rgb","og_url":"https:\/\/aivlisoft.net\/shop\/producto\/spirit-of-gamer-raton-inalambrico-pro-m9-rgb\/","og_site_name":"Aivlisoft Inform\u00e1tica","article_modified_time":"2025-01-15T10:41:24+00:00","og_image":[{"width":800,"height":800,"url":"https:\/\/aivlisoft.net\/shop\/wp-content\/uploads\/2025\/01\/FTRRIN0477_800.jpg","type":"image\/jpeg"}],"twitter_card":"summary_large_image","twitter_misc":{"Tiempo de lectura":"2 minutos"},"schema":{"@context":"https:\/\/schema.org","@graph":[{"@type":"WebPage","@id":"https:\/\/aivlisoft.net\/shop\/producto\/spirit-of-gamer-raton-inalambrico-pro-m9-rgb\/","url":"https:\/\/aivlisoft.net\/shop\/producto\/spirit-of-gamer-raton-inalambrico-pro-m9-rgb\/","name":"Spirit of Gamer Raton Inalambrico Pro M9 Rgb - Aivlisoft Inform\u00e1tica","isPartOf":{"@id":"https:\/\/aivlisoft.net\/shop\/#website"},"primaryImageOfPage":{"@id":"https:\/\/aivlisoft.net\/shop\/producto\/spirit-of-gamer-raton-inalambrico-pro-m9-rgb\/#primaryimage"},"image":{"@id":"https:\/\/aivlisoft.net\/shop\/producto\/spirit-of-gamer-raton-inalambrico-pro-m9-rgb\/#primaryimage"},"thumbnailUrl":"https:\/\/aivlisoft.net\/shop\/wp-content\/uploads\/2025\/01\/FTRRIN0477_800.jpg","datePublished":"2025-01-13T14:09:32+00:00","dateModified":"2025-01-15T10:41:24+00:00","breadcrumb":{"@id":"https:\/\/aivlisoft.net\/shop\/producto\/spirit-of-gamer-raton-inalambrico-pro-m9-rgb\/#breadcrumb"},"inLanguage":"es","potentialAction":[{"@type":"ReadAction","target":["https:\/\/aivlisoft.net\/shop\/producto\/spirit-of-gamer-raton-inalambrico-pro-m9-rgb\/"]}]},{"@type":"ImageObject","inLanguage":"es","@id":"https:\/\/aivlisoft.net\/shop\/producto\/spirit-of-gamer-raton-inalambrico-pro-m9-rgb\/#primaryimage","url":"https:\/\/aivlisoft.net\/shop\/wp-content\/uploads\/2025\/01\/FTRRIN0477_800.jpg","contentUrl":"https:\/\/aivlisoft.net\/shop\/wp-content\/uploads\/2025\/01\/FTRRIN0477_800.jpg","width":800,"height":800},{"@type":"BreadcrumbList","@id":"https:\/\/aivlisoft.net\/shop\/producto\/spirit-of-gamer-raton-inalambrico-pro-m9-rgb\/#breadcrumb","itemListElement":[{"@type":"ListItem","position":1,"name":"Portada","item":"https:\/\/aivlisoft.net\/shop\/"},{"@type":"ListItem","position":2,"name":"Tienda","item":"https:\/\/aivlisoft.net\/shop\/tienda\/"},{"@type":"ListItem","position":3,"name":"Spirit of Gamer Raton Inalambrico Pro M9 Rgb"}]},{"@type":"WebSite","@id":"https:\/\/aivlisoft.net\/shop\/#website","url":"https:\/\/aivlisoft.net\/shop\/","name":"Aivlisoft Inform\u00e1tica","description":"En Aivlisoft Inform\u00e1tica ofrecemos soluciones tecnol\u00f3gicas para empresas: venta de ordenadores, consumibles, perif\u00e9ricos y m\u00e1s. Calidad, atenci\u00f3n personalizada y los mejores precios para tu negocio.","publisher":{"@id":"https:\/\/aivlisoft.net\/shop\/#organization"},"potentialAction":[{"@type":"SearchAction","target":{"@type":"EntryPoint","urlTemplate":"https:\/\/aivlisoft.net\/shop\/?s={search_term_string}"},"query-input":{"@type":"PropertyValueSpecification","valueRequired":true,"valueName":"search_term_string"}}],"inLanguage":"es"},{"@type":"Organization","@id":"https:\/\/aivlisoft.net\/shop\/#organization","name":"Aivlisoft Inform\u00e1tica","url":"https:\/\/aivlisoft.net\/shop\/","logo":{"@type":"ImageObject","inLanguage":"es","@id":"https:\/\/aivlisoft.net\/shop\/#\/schema\/logo\/image\/","url":"https:\/\/aivlisoft.net\/shop\/wp-content\/uploads\/2024\/12\/removal.ai_5b848c54-0cdf-4140-95c5-c5536bb7573b-logodef.png","contentUrl":"https:\/\/aivlisoft.net\/shop\/wp-content\/uploads\/2024\/12\/removal.ai_5b848c54-0cdf-4140-95c5-c5536bb7573b-logodef.png","width":484,"height":182,"caption":"Aivlisoft Inform\u00e1tica"},"image":{"@id":"https:\/\/aivlisoft.net\/shop\/#\/schema\/logo\/image\/"}}]}},"_links":{"self":[{"href":"https:\/\/aivlisoft.net\/shop\/wp-json\/wp\/v2\/product\/10903","targetHints":{"allow":["GET"]}}],"collection":[{"href":"https:\/\/aivlisoft.net\/shop\/wp-json\/wp\/v2\/product"}],"about":[{"href":"https:\/\/aivlisoft.net\/shop\/wp-json\/wp\/v2\/types\/product"}],"wp:featuredmedia":[{"embeddable":true,"href":"https:\/\/aivlisoft.net\/shop\/wp-json\/wp\/v2\/media\/10904"}],"wp:attachment":[{"href":"https:\/\/aivlisoft.net\/shop\/wp-json\/wp\/v2\/media?parent=10903"}],"wp:term":[{"taxonomy":"product_brand","embeddable":true,"href":"https:\/\/aivlisoft.net\/shop\/wp-json\/wp\/v2\/product_brand?post=10903"},{"taxonomy":"product_cat","embeddable":true,"href":"https:\/\/aivlisoft.net\/shop\/wp-json\/wp\/v2\/product_cat?post=10903"},{"taxonomy":"product_tag","embeddable":true,"href":"https:\/\/aivlisoft.net\/shop\/wp-json\/wp\/v2\/product_tag?post=10903"}],"curies":[{"name":"wp","href":"https:\/\/api.w.org\/{rel}","templated":true}]}}