{"id":10888,"date":"2025-01-13T14:09:26","date_gmt":"2025-01-13T14:09:26","guid":{"rendered":"https:\/\/aivlisoft.com\/?post_type=product&#038;p=10888"},"modified":"2025-01-15T10:41:26","modified_gmt":"2025-01-15T10:41:26","slug":"logitech-raton-m575-trackball-bt","status":"publish","type":"product","link":"https:\/\/aivlisoft.net\/shop\/producto\/logitech-raton-m575-trackball-bt\/","title":{"rendered":"Logitech Raton M575 Trackball BT"},"content":{"rendered":"<p><\/p>\n<table class=\"tabla_caracteristicas\" width=\"100%\">\n<tr>\n<td valign=\"top\"><strong>Marca<\/strong><\/td>\n<td>Logitech<\/td>\n<\/tr>\n<tr>\n<td valign=\"top\"><strong>Modelo<\/strong><\/td>\n<td><strong>910-005872<\/strong><\/td>\n<\/tr>\n<tr>\n<td valign=\"top\"><strong>Caracter&iacute;sticas<\/strong><\/td>\n<td>&#8211; Tecnolog&iacute;a de sensor: Seguimiento &oacute;ptico avanzado de Logitech<br \/>\t\t\t&#8211; Valor nominal: 400 dpi<br \/>\t\t\t&#8211; Valor m&aacute;x.: Hasta 2000<br \/>\t\t\t&#8211; N&uacute;mero de botones: 5<br \/>\t\t\t&#8211; Compatibilidad Aplicaci&oacute;n de personalizaci&oacute;n:<br \/>\t\t\t&nbsp; Logi Options+ para Windows<br \/>\t\t\t&nbsp; macOS Disponible para Windows<br \/>\t\t\t&nbsp; macOS<br \/>\t\t\t&#8211; 1 pila AA (incluida):<br \/>\t\t\t&nbsp; Duraci&oacute;n de pilas con receptor USB Unifying: hasta 24 meses<br \/>\t\t\t&nbsp; Duraci&oacute;n de pilas con Bluetooth: hasta 20 meses<br \/>\t\t\t&nbsp; *Depende del uso y de los dispositivos.<br \/>\t\t\t&#8211; Conexiones:<br \/>\t\t\t&nbsp; Receptor USB<br \/>\t\t\t&nbsp; Tecnolog&iacute;a Bluetooth de bajo consumo<br \/>\t\t\t&nbsp; Radio de acci&oacute;n inal&aacute;mbrico: Radio de acci&oacute;n inal&aacute;mbrico de 10 m<br \/>\t\t\t&nbsp; *El radio de acci&oacute;n inal&aacute;mbrico depende del entorno operativo y de la configuraci&oacute;n de dispositivos<br \/>\t\t\t&#8211; Sostenibilidad<br \/>\t\t\t&nbsp; Pl&aacute;stico en grafito: 50% del material pl&aacute;stico reciclado posconsumo<br \/>\t\t\t&nbsp; Pl&aacute;stico en blanco crudo: 21% del material pl&aacute;stico reciclado posconsumo<br \/>\t\t\t&nbsp; Embalaje de papel: Certificaci&oacute;n para FSC<br \/>\t\t\t&nbsp; Con certificaci&oacute;n de carbono neutro<br \/>\t\t\t&#8211; Bluetooth:<br \/>\t\t\t&nbsp; Windows 10,11 o posterior<br \/>\t\t\t&nbsp; macOS 10.15 o posterior<br \/>\t\t\t&nbsp; iPadOS 14 o posterior<br \/>\t\t\t&nbsp; Linux<br \/>\t\t\t&nbsp; ChromeOS<br \/>\t\t\t&#8211; Receptor USB:<br \/>\t\t\t&nbsp; Windows 10,11 o posterior<br \/>\t\t\t&nbsp; macOS 10.15 o posterior<br \/>\t\t\t&nbsp; ChromeOS<br \/>\t\t\t&nbsp; Linux<br \/>\t\t\t&nbsp; *Se requiere acceso a Internet para descargar la aplicaci&oacute;n de personalizaci&oacute;n opcional Logi Options+<br \/>\t\t\tDimensiones y peso<br \/>\t\t\t&#8211; Rat&oacute;n con trackball<br \/>\t\t\t&nbsp; 134 x 100 x 48 mm<br \/>\t\t\t&nbsp; 145 g<br \/>\t\t\t&#8211; Receptor USB<br \/>\t\t\t&nbsp; 18,7 x 14,4 x 6,1 mm<br \/>\t\t\t&nbsp; 1,8 g<\/td>\n<\/tr>\n<tr>\n<td valign=\"top\"><strong>Fecha de revisi&oacute;n<\/strong><\/td>\n<td>28-04-2023 por RTY<\/td>\n<\/tr>\n<\/table>\n","protected":false},"excerpt":{"rendered":"<p>Marca Logitech Modelo 910-005872 Caracter&iacute;sticas &#8211; Tecnolog&iacute;a de sensor: Seguimiento &oacute;ptico avanzado de Logitech &#8211; Valor nominal: 400 dpi &#8211; Valor m&aacute;x.: Hasta 2000 &#8211; N&uacute;mero de botones: 5 &#8211; Compatibilidad Aplicaci&oacute;n de personalizaci&oacute;n: &nbsp; Logi Options+ para Windows &nbsp; macOS Disponible para Windows &nbsp; macOS &#8211; 1 pila AA (incluida): &nbsp; Duraci&oacute;n de pilas&hellip;&nbsp;<a href=\"https:\/\/aivlisoft.net\/shop\/producto\/logitech-raton-m575-trackball-bt\/\" rel=\"bookmark\"><span class=\"screen-reader-text\">Logitech Raton M575 Trackball BT<\/span><\/a><\/p>\n","protected":false},"featured_media":10889,"template":"","meta":{"neve_meta_sidebar":"","neve_meta_container":"","neve_meta_enable_content_width":"","neve_meta_content_width":0,"neve_meta_title_alignment":"","neve_meta_author_avatar":"","neve_post_elements_order":"","neve_meta_disable_header":"","neve_meta_disable_footer":"","neve_meta_disable_title":""},"product_brand":[],"product_cat":[15,790,1970,4099],"product_tag":[4265],"class_list":{"0":"post-10888","1":"product","2":"type-product","3":"status-publish","4":"has-post-thumbnail","6":"product_cat-sin-categorizar","7":"product_cat-accesorios-gaming","8":"product_cat-accesorios-pc-y-tpv","9":"product_cat-teclados-y-ratones","10":"product_tag-910-005872","12":"first","13":"instock","14":"taxable","15":"shipping-taxable","16":"purchasable","17":"product-type-simple"},"yoast_head":"<!-- This site is optimized with the Yoast SEO plugin v26.0 - https:\/\/yoast.com\/wordpress\/plugins\/seo\/ -->\n<title>Logitech Raton M575 Trackball BT - Aivlisoft Inform\u00e1tica<\/title>\n<meta name=\"robots\" content=\"index, follow, max-snippet:-1, max-image-preview:large, max-video-preview:-1\" \/>\n<link rel=\"canonical\" href=\"https:\/\/aivlisoft.net\/shop\/producto\/logitech-raton-m575-trackball-bt\/\" \/>\n<meta property=\"og:locale\" content=\"es_ES\" \/>\n<meta property=\"og:type\" content=\"article\" \/>\n<meta property=\"og:title\" content=\"Logitech Raton M575 Trackball BT - Aivlisoft Inform\u00e1tica\" \/>\n<meta property=\"og:description\" content=\"Marca Logitech Modelo 910-005872 Caracter&iacute;sticas &#8211; Tecnolog&iacute;a de sensor: Seguimiento &oacute;ptico avanzado de Logitech &#8211; Valor nominal: 400 dpi &#8211; Valor m&aacute;x.: Hasta 2000 &#8211; N&uacute;mero de botones: 5 &#8211; Compatibilidad Aplicaci&oacute;n de personalizaci&oacute;n: &nbsp; Logi Options+ para Windows &nbsp; macOS Disponible para Windows &nbsp; macOS &#8211; 1 pila AA (incluida): &nbsp; Duraci&oacute;n de pilas&hellip;&nbsp;Logitech Raton M575 Trackball BT\" \/>\n<meta property=\"og:url\" content=\"https:\/\/aivlisoft.net\/shop\/producto\/logitech-raton-m575-trackball-bt\/\" \/>\n<meta property=\"og:site_name\" content=\"Aivlisoft Inform\u00e1tica\" \/>\n<meta property=\"article:modified_time\" content=\"2025-01-15T10:41:26+00:00\" \/>\n<meta property=\"og:image\" content=\"https:\/\/aivlisoft.net\/shop\/wp-content\/uploads\/2025\/01\/FTRRIN0473_800.jpg\" \/>\n\t<meta property=\"og:image:width\" content=\"800\" \/>\n\t<meta property=\"og:image:height\" content=\"800\" \/>\n\t<meta property=\"og:image:type\" content=\"image\/jpeg\" \/>\n<meta name=\"twitter:card\" content=\"summary_large_image\" \/>\n<meta name=\"twitter:label1\" content=\"Tiempo de lectura\" \/>\n\t<meta name=\"twitter:data1\" content=\"1 minuto\" \/>\n<script type=\"application\/ld+json\" class=\"yoast-schema-graph\">{\"@context\":\"https:\/\/schema.org\",\"@graph\":[{\"@type\":\"WebPage\",\"@id\":\"https:\/\/aivlisoft.net\/shop\/producto\/logitech-raton-m575-trackball-bt\/\",\"url\":\"https:\/\/aivlisoft.net\/shop\/producto\/logitech-raton-m575-trackball-bt\/\",\"name\":\"Logitech Raton M575 Trackball BT - Aivlisoft Inform\u00e1tica\",\"isPartOf\":{\"@id\":\"https:\/\/aivlisoft.net\/shop\/#website\"},\"primaryImageOfPage\":{\"@id\":\"https:\/\/aivlisoft.net\/shop\/producto\/logitech-raton-m575-trackball-bt\/#primaryimage\"},\"image\":{\"@id\":\"https:\/\/aivlisoft.net\/shop\/producto\/logitech-raton-m575-trackball-bt\/#primaryimage\"},\"thumbnailUrl\":\"https:\/\/aivlisoft.net\/shop\/wp-content\/uploads\/2025\/01\/FTRRIN0473_800.jpg\",\"datePublished\":\"2025-01-13T14:09:26+00:00\",\"dateModified\":\"2025-01-15T10:41:26+00:00\",\"breadcrumb\":{\"@id\":\"https:\/\/aivlisoft.net\/shop\/producto\/logitech-raton-m575-trackball-bt\/#breadcrumb\"},\"inLanguage\":\"es\",\"potentialAction\":[{\"@type\":\"ReadAction\",\"target\":[\"https:\/\/aivlisoft.net\/shop\/producto\/logitech-raton-m575-trackball-bt\/\"]}]},{\"@type\":\"ImageObject\",\"inLanguage\":\"es\",\"@id\":\"https:\/\/aivlisoft.net\/shop\/producto\/logitech-raton-m575-trackball-bt\/#primaryimage\",\"url\":\"https:\/\/aivlisoft.net\/shop\/wp-content\/uploads\/2025\/01\/FTRRIN0473_800.jpg\",\"contentUrl\":\"https:\/\/aivlisoft.net\/shop\/wp-content\/uploads\/2025\/01\/FTRRIN0473_800.jpg\",\"width\":800,\"height\":800},{\"@type\":\"BreadcrumbList\",\"@id\":\"https:\/\/aivlisoft.net\/shop\/producto\/logitech-raton-m575-trackball-bt\/#breadcrumb\",\"itemListElement\":[{\"@type\":\"ListItem\",\"position\":1,\"name\":\"Portada\",\"item\":\"https:\/\/aivlisoft.net\/shop\/\"},{\"@type\":\"ListItem\",\"position\":2,\"name\":\"Tienda\",\"item\":\"https:\/\/aivlisoft.net\/shop\/tienda\/\"},{\"@type\":\"ListItem\",\"position\":3,\"name\":\"Logitech Raton M575 Trackball BT\"}]},{\"@type\":\"WebSite\",\"@id\":\"https:\/\/aivlisoft.net\/shop\/#website\",\"url\":\"https:\/\/aivlisoft.net\/shop\/\",\"name\":\"Aivlisoft Inform\u00e1tica\",\"description\":\"En Aivlisoft Inform\u00e1tica ofrecemos soluciones tecnol\u00f3gicas para empresas: venta de ordenadores, consumibles, perif\u00e9ricos y m\u00e1s. Calidad, atenci\u00f3n personalizada y los mejores precios para tu negocio.\",\"publisher\":{\"@id\":\"https:\/\/aivlisoft.net\/shop\/#organization\"},\"potentialAction\":[{\"@type\":\"SearchAction\",\"target\":{\"@type\":\"EntryPoint\",\"urlTemplate\":\"https:\/\/aivlisoft.net\/shop\/?s={search_term_string}\"},\"query-input\":{\"@type\":\"PropertyValueSpecification\",\"valueRequired\":true,\"valueName\":\"search_term_string\"}}],\"inLanguage\":\"es\"},{\"@type\":\"Organization\",\"@id\":\"https:\/\/aivlisoft.net\/shop\/#organization\",\"name\":\"Aivlisoft Inform\u00e1tica\",\"url\":\"https:\/\/aivlisoft.net\/shop\/\",\"logo\":{\"@type\":\"ImageObject\",\"inLanguage\":\"es\",\"@id\":\"https:\/\/aivlisoft.net\/shop\/#\/schema\/logo\/image\/\",\"url\":\"https:\/\/aivlisoft.net\/shop\/wp-content\/uploads\/2024\/12\/removal.ai_5b848c54-0cdf-4140-95c5-c5536bb7573b-logodef.png\",\"contentUrl\":\"https:\/\/aivlisoft.net\/shop\/wp-content\/uploads\/2024\/12\/removal.ai_5b848c54-0cdf-4140-95c5-c5536bb7573b-logodef.png\",\"width\":484,\"height\":182,\"caption\":\"Aivlisoft Inform\u00e1tica\"},\"image\":{\"@id\":\"https:\/\/aivlisoft.net\/shop\/#\/schema\/logo\/image\/\"}}]}<\/script>\n<!-- \/ Yoast SEO plugin. -->","yoast_head_json":{"title":"Logitech Raton M575 Trackball BT - Aivlisoft Inform\u00e1tica","robots":{"index":"index","follow":"follow","max-snippet":"max-snippet:-1","max-image-preview":"max-image-preview:large","max-video-preview":"max-video-preview:-1"},"canonical":"https:\/\/aivlisoft.net\/shop\/producto\/logitech-raton-m575-trackball-bt\/","og_locale":"es_ES","og_type":"article","og_title":"Logitech Raton M575 Trackball BT - Aivlisoft Inform\u00e1tica","og_description":"Marca Logitech Modelo 910-005872 Caracter&iacute;sticas &#8211; Tecnolog&iacute;a de sensor: Seguimiento &oacute;ptico avanzado de Logitech &#8211; Valor nominal: 400 dpi &#8211; Valor m&aacute;x.: Hasta 2000 &#8211; N&uacute;mero de botones: 5 &#8211; Compatibilidad Aplicaci&oacute;n de personalizaci&oacute;n: &nbsp; Logi Options+ para Windows &nbsp; macOS Disponible para Windows &nbsp; macOS &#8211; 1 pila AA (incluida): &nbsp; Duraci&oacute;n de pilas&hellip;&nbsp;Logitech Raton M575 Trackball BT","og_url":"https:\/\/aivlisoft.net\/shop\/producto\/logitech-raton-m575-trackball-bt\/","og_site_name":"Aivlisoft Inform\u00e1tica","article_modified_time":"2025-01-15T10:41:26+00:00","og_image":[{"width":800,"height":800,"url":"https:\/\/aivlisoft.net\/shop\/wp-content\/uploads\/2025\/01\/FTRRIN0473_800.jpg","type":"image\/jpeg"}],"twitter_card":"summary_large_image","twitter_misc":{"Tiempo de lectura":"1 minuto"},"schema":{"@context":"https:\/\/schema.org","@graph":[{"@type":"WebPage","@id":"https:\/\/aivlisoft.net\/shop\/producto\/logitech-raton-m575-trackball-bt\/","url":"https:\/\/aivlisoft.net\/shop\/producto\/logitech-raton-m575-trackball-bt\/","name":"Logitech Raton M575 Trackball BT - Aivlisoft Inform\u00e1tica","isPartOf":{"@id":"https:\/\/aivlisoft.net\/shop\/#website"},"primaryImageOfPage":{"@id":"https:\/\/aivlisoft.net\/shop\/producto\/logitech-raton-m575-trackball-bt\/#primaryimage"},"image":{"@id":"https:\/\/aivlisoft.net\/shop\/producto\/logitech-raton-m575-trackball-bt\/#primaryimage"},"thumbnailUrl":"https:\/\/aivlisoft.net\/shop\/wp-content\/uploads\/2025\/01\/FTRRIN0473_800.jpg","datePublished":"2025-01-13T14:09:26+00:00","dateModified":"2025-01-15T10:41:26+00:00","breadcrumb":{"@id":"https:\/\/aivlisoft.net\/shop\/producto\/logitech-raton-m575-trackball-bt\/#breadcrumb"},"inLanguage":"es","potentialAction":[{"@type":"ReadAction","target":["https:\/\/aivlisoft.net\/shop\/producto\/logitech-raton-m575-trackball-bt\/"]}]},{"@type":"ImageObject","inLanguage":"es","@id":"https:\/\/aivlisoft.net\/shop\/producto\/logitech-raton-m575-trackball-bt\/#primaryimage","url":"https:\/\/aivlisoft.net\/shop\/wp-content\/uploads\/2025\/01\/FTRRIN0473_800.jpg","contentUrl":"https:\/\/aivlisoft.net\/shop\/wp-content\/uploads\/2025\/01\/FTRRIN0473_800.jpg","width":800,"height":800},{"@type":"BreadcrumbList","@id":"https:\/\/aivlisoft.net\/shop\/producto\/logitech-raton-m575-trackball-bt\/#breadcrumb","itemListElement":[{"@type":"ListItem","position":1,"name":"Portada","item":"https:\/\/aivlisoft.net\/shop\/"},{"@type":"ListItem","position":2,"name":"Tienda","item":"https:\/\/aivlisoft.net\/shop\/tienda\/"},{"@type":"ListItem","position":3,"name":"Logitech Raton M575 Trackball BT"}]},{"@type":"WebSite","@id":"https:\/\/aivlisoft.net\/shop\/#website","url":"https:\/\/aivlisoft.net\/shop\/","name":"Aivlisoft Inform\u00e1tica","description":"En Aivlisoft Inform\u00e1tica ofrecemos soluciones tecnol\u00f3gicas para empresas: venta de ordenadores, consumibles, perif\u00e9ricos y m\u00e1s. Calidad, atenci\u00f3n personalizada y los mejores precios para tu negocio.","publisher":{"@id":"https:\/\/aivlisoft.net\/shop\/#organization"},"potentialAction":[{"@type":"SearchAction","target":{"@type":"EntryPoint","urlTemplate":"https:\/\/aivlisoft.net\/shop\/?s={search_term_string}"},"query-input":{"@type":"PropertyValueSpecification","valueRequired":true,"valueName":"search_term_string"}}],"inLanguage":"es"},{"@type":"Organization","@id":"https:\/\/aivlisoft.net\/shop\/#organization","name":"Aivlisoft Inform\u00e1tica","url":"https:\/\/aivlisoft.net\/shop\/","logo":{"@type":"ImageObject","inLanguage":"es","@id":"https:\/\/aivlisoft.net\/shop\/#\/schema\/logo\/image\/","url":"https:\/\/aivlisoft.net\/shop\/wp-content\/uploads\/2024\/12\/removal.ai_5b848c54-0cdf-4140-95c5-c5536bb7573b-logodef.png","contentUrl":"https:\/\/aivlisoft.net\/shop\/wp-content\/uploads\/2024\/12\/removal.ai_5b848c54-0cdf-4140-95c5-c5536bb7573b-logodef.png","width":484,"height":182,"caption":"Aivlisoft Inform\u00e1tica"},"image":{"@id":"https:\/\/aivlisoft.net\/shop\/#\/schema\/logo\/image\/"}}]}},"_links":{"self":[{"href":"https:\/\/aivlisoft.net\/shop\/wp-json\/wp\/v2\/product\/10888","targetHints":{"allow":["GET"]}}],"collection":[{"href":"https:\/\/aivlisoft.net\/shop\/wp-json\/wp\/v2\/product"}],"about":[{"href":"https:\/\/aivlisoft.net\/shop\/wp-json\/wp\/v2\/types\/product"}],"wp:featuredmedia":[{"embeddable":true,"href":"https:\/\/aivlisoft.net\/shop\/wp-json\/wp\/v2\/media\/10889"}],"wp:attachment":[{"href":"https:\/\/aivlisoft.net\/shop\/wp-json\/wp\/v2\/media?parent=10888"}],"wp:term":[{"taxonomy":"product_brand","embeddable":true,"href":"https:\/\/aivlisoft.net\/shop\/wp-json\/wp\/v2\/product_brand?post=10888"},{"taxonomy":"product_cat","embeddable":true,"href":"https:\/\/aivlisoft.net\/shop\/wp-json\/wp\/v2\/product_cat?post=10888"},{"taxonomy":"product_tag","embeddable":true,"href":"https:\/\/aivlisoft.net\/shop\/wp-json\/wp\/v2\/product_tag?post=10888"}],"curies":[{"name":"wp","href":"https:\/\/api.w.org\/{rel}","templated":true}]}}