{"id":10866,"date":"2025-01-13T14:09:16","date_gmt":"2025-01-13T14:09:16","guid":{"rendered":"https:\/\/aivlisoft.com\/?post_type=product&#038;p=10866"},"modified":"2025-01-15T10:41:30","modified_gmt":"2025-01-15T10:41:30","slug":"logitech-mx-master-3-raton-inalambrico-grafito","status":"publish","type":"product","link":"https:\/\/aivlisoft.net\/shop\/producto\/logitech-mx-master-3-raton-inalambrico-grafito\/","title":{"rendered":"Logitech MX Master 3 Raton Inalambrico Grafito"},"content":{"rendered":"<p><strong>Un cl&aacute;sico reinventado<\/strong><br \/>Rat&oacute;n reinventado. Flujo de trabajo con m&aacute;s precisi&oacute;n, sensaci&oacute;n t&aacute;ctil y rendimiento,&nbsp; clics silenciosos y un sensor de seguimiento sobre cristal de 8.000 dpi.<\/p>\n<p><strong>Si&eacute;ntelo sin apenas o&iacute;rlo<\/strong><br \/>Clics silenciosos: con la misma sensaci&oacute;n de clic, pero con menos ruido. Los clics silenciosos producen un 90% menos de ruido.<br \/>Con bot&oacute;n de desplazamiento electromagn&eacute;tico MagSpeed sumamente discreto.<\/p>\n<p><strong>Seguimiento de 800 pdi en cualquier superficie&nbsp;<\/strong><br \/>MX Master 3S est&aacute; equipado con un sensor m&aacute;s preciso hasta la fecha, con precisi&oacute;n y capacidad de respuesta de pr&oacute;xima generaci&oacute;n.<br \/>El sensor &oacute;ptico de 8.000 dpi hace seguimiento casi en cualquier superficie, incluso sobre cristal. Sensibilidad ajustable de seguimiento en Logi Options+ y establecer el nivel adecuado seg&uacute;n tu flujo de trabajo y la resoluci&oacute;n del monitor.<\/p>\n<p><strong>Desplazamiento a 100 l&iacute;neas por segundo<\/strong>&nbsp;<br \/>El desplazamiento electromagn&eacute;tico MagSpeed es suficientemente preciso como para detenerse en un p&iacute;xel y suficientemente r&aacute;pido como para desplazarse 1.000 l&iacute;neas\/segundo.&nbsp;<br \/>El acero mecanizado del bot&oacute;n rueda le da esa sensaci&oacute;n t&aacute;ctil premium y el peso suficiente para ofrecer inercia din&aacute;mica que se siente pero que no se oye.<\/p>\n<p><strong>Carga r&aacute;pida, conexi&oacute;n al instante<\/strong><br \/>Hasta 70 d&iacute;as con una carga completa, y permite tres horas de uso con un minuto de carga r&aacute;pida. Cable de carga USB-C incluido para recargar la energ&iacute;a.<br \/>Compatible inmediatamente con los principales sistemas operativos, como Windows, macOS, Chrome OS o Linux. Emparejamiento al instante con hasta tres dispositivos a trav&eacute;s de Bluetooth de bajo consumo o con el receptor USB Logi Bolt incluido.<\/p>\n<p><strong>Adaptador a la mano, para compatibilidad prolongada<\/strong><br \/>Silueta ergon&oacute;mica dise&ntilde;ada para soportar la palma y los dedos. Las superficies texturizadas proporcionan un agarre seguro. &Aacute;ngulo de inclinaci&oacute;n de MX Master 3S coloca el brazo en una postura m&aacute;s natural, para una mayor comodidad.<br \/>Los controles para el pulgar est&aacute;n colocados para un acceso r&aacute;pido e intuitivo, y una navegaci&oacute;n r&aacute;pida. La rueda de desplazamiento lateral sigue el movimiento natural del pulgar, para una navegaci&oacute;n horizontal fluida e intuitiva.<br \/>&nbsp;<br \/>&nbsp;<\/p>\n<table class=\"tabla_caracteristicas k-table\" width=\"100%\">\n<tr>\n<td><strong>Marca<\/strong><\/td>\n<td>Logitech<\/td>\n<\/tr>\n<tr>\n<td><strong>Modelo<\/strong><\/td>\n<td><strong>910-006559<\/strong><\/td>\n<\/tr>\n<tr>\n<td valign=\"top\">\n<div><strong>Caracter&iacute;sticas<\/strong><\/div>\n<\/td>\n<td><strong>Especificaciones t&eacute;cnicas<\/strong><br \/>\t\t\t&#8211; Tecnolog&iacute;a de sensor: Alta precisi&oacute;n Darkfield<br \/>\t\t\t&#8211; Valor nominal: 1000 dpi<br \/>\t\t\t&#8211; Dpi (valores m&iacute;nimo y m&aacute;ximo): 200-8000 dpi (ajustable en incrementos de 50 dpi)<br \/>\t\t\t&#8211; Botones: 7 botones<br \/>\t\t\t&#8211; Bot&oacute;n rueda: Con SmartShift<br \/>\t\t\t&#8211; Bot&oacute;n rueda para el pulgar<br \/>\t\t\t&#8211; Bot&oacute;n de gestos<br \/>\t\t\t&#8211; Distancia de funcionamiento inal&aacute;mbrico: 10 m&nbsp;<br \/>\t\t\t&#8211; Tecnolog&iacute;a Bluetooth de bajo consumo<br \/>\t\t\t&#8211; Bater&iacute;a recargable Li-Po (500 mAh)<br \/>\t\t\t&#8211; Software opcional: Logi Options+<br \/>\t\t\t<strong>Sostenibilidad<\/strong><br \/>\t\t\t&#8211; Pl&aacute;stico en negro y grafito: 27% de material reciclado posconsumo.<br \/>\t\t\t&#8211; Embalaje de papel: Certificaci&oacute;n FSC<br \/>\t\t\t&#8211; Con certificaci&oacute;n Carbon Neutral<br \/>\t\t\t<strong>Compatibilidad<\/strong><br \/>\t\t\t&#8211; Windows 10, 11 o posterior<br \/>\t\t\t&#8211; MacOS 10.15 o posterior<br \/>\t\t\t&#8211;&nbsp;Linux 5, ChromeOS&nbsp;<br \/>\t\t\t&#8211; iPadOS 14 o posterior<br \/>\t\t\t&#8211; Android&trade; 8.0 o posterior&nbsp;<br \/>\t\t\t<strong>Receptor USB Logi Bolt<\/strong><br \/>\t\t\t&#8211; Requiere: Puerto USB-A disponible Windows 10, 11 o posterior, macOS 10.15 o posterior, Linux, ChromeOS.&nbsp;<br \/>\t\t\t&#8211; No compatible con la tecnolog&iacute;a de receptor USB Logitech Unifying.<br \/>\t\t\t<strong>Dimensiones Rat&oacute;n MX Master 3S<\/strong><br \/>\t\t\t&#8211; Altura: 124,9 mm<br \/>\t\t\t&#8211; Anchura: 84,3 mm<br \/>\t\t\t&#8211; Profundidad: 51 mm<br \/>\t\t\t&#8211; Peso: 141 g<br \/>\t\t\t<strong>Dimensiones Receptor USB Logi Bolt<\/strong><br \/>\t\t\t&#8211; Altura: 18,4 mm<br \/>\t\t\t&#8211; Anchura: 14,4 m<br \/>\t\t\t&#8211; Profundidad: 6,6 mm<br \/>\t\t\t&#8211; Peso: 2 g<br \/>\t\t\t<strong>Contiene<\/strong><br \/>\t\t\t&#8211; Rat&oacute;n<br \/>\t\t\t&#8211; Receptor USB Logi Bolt<br \/>\t\t\t&#8211; Cable de carga USB-C (USB-A a USB-C)<br \/>\t\t\t&#8211; Documentaci&oacute;n del usuario<\/td>\n<\/tr>\n<tr>\n<td><strong>Fecha Revisi&oacute;n<\/strong><\/td>\n<td>30-11-2022 por RTY<\/td>\n<\/tr>\n<\/table>\n","protected":false},"excerpt":{"rendered":"<p>Un cl&aacute;sico reinventadoRat&oacute;n reinventado. Flujo de trabajo con m&aacute;s precisi&oacute;n, sensaci&oacute;n t&aacute;ctil y rendimiento,&nbsp; clics silenciosos y un sensor de seguimiento sobre cristal de 8.000 dpi. Si&eacute;ntelo sin apenas o&iacute;rloClics silenciosos: con la misma sensaci&oacute;n de clic, pero con menos ruido. Los clics silenciosos producen un 90% menos de ruido.Con bot&oacute;n de desplazamiento electromagn&eacute;tico MagSpeed&hellip;&nbsp;<a href=\"https:\/\/aivlisoft.net\/shop\/producto\/logitech-mx-master-3-raton-inalambrico-grafito\/\" rel=\"bookmark\"><span class=\"screen-reader-text\">Logitech MX Master 3 Raton Inalambrico Grafito<\/span><\/a><\/p>\n","protected":false},"featured_media":10867,"template":"","meta":{"neve_meta_sidebar":"","neve_meta_container":"","neve_meta_enable_content_width":"","neve_meta_content_width":0,"neve_meta_title_alignment":"","neve_meta_author_avatar":"","neve_post_elements_order":"","neve_meta_disable_header":"","neve_meta_disable_footer":"","neve_meta_disable_title":""},"product_brand":[],"product_cat":[15,790,1970,4099],"product_tag":[4260],"class_list":{"0":"post-10866","1":"product","2":"type-product","3":"status-publish","4":"has-post-thumbnail","6":"product_cat-sin-categorizar","7":"product_cat-accesorios-gaming","8":"product_cat-accesorios-pc-y-tpv","9":"product_cat-teclados-y-ratones","10":"product_tag-910-006559","12":"first","13":"instock","14":"taxable","15":"shipping-taxable","16":"purchasable","17":"product-type-simple"},"yoast_head":"<!-- This site is optimized with the Yoast SEO plugin v26.0 - https:\/\/yoast.com\/wordpress\/plugins\/seo\/ -->\n<title>Logitech MX Master 3 Raton Inalambrico Grafito - Aivlisoft Inform\u00e1tica<\/title>\n<meta name=\"robots\" content=\"index, follow, max-snippet:-1, max-image-preview:large, max-video-preview:-1\" \/>\n<link rel=\"canonical\" href=\"https:\/\/aivlisoft.net\/shop\/producto\/logitech-mx-master-3-raton-inalambrico-grafito\/\" \/>\n<meta property=\"og:locale\" content=\"es_ES\" \/>\n<meta property=\"og:type\" content=\"article\" \/>\n<meta property=\"og:title\" content=\"Logitech MX Master 3 Raton Inalambrico Grafito - Aivlisoft Inform\u00e1tica\" \/>\n<meta property=\"og:description\" content=\"Un cl&aacute;sico reinventadoRat&oacute;n reinventado. Flujo de trabajo con m&aacute;s precisi&oacute;n, sensaci&oacute;n t&aacute;ctil y rendimiento,&nbsp; clics silenciosos y un sensor de seguimiento sobre cristal de 8.000 dpi. Si&eacute;ntelo sin apenas o&iacute;rloClics silenciosos: con la misma sensaci&oacute;n de clic, pero con menos ruido. Los clics silenciosos producen un 90% menos de ruido.Con bot&oacute;n de desplazamiento electromagn&eacute;tico MagSpeed&hellip;&nbsp;Logitech MX Master 3 Raton Inalambrico Grafito\" \/>\n<meta property=\"og:url\" content=\"https:\/\/aivlisoft.net\/shop\/producto\/logitech-mx-master-3-raton-inalambrico-grafito\/\" \/>\n<meta property=\"og:site_name\" content=\"Aivlisoft Inform\u00e1tica\" \/>\n<meta property=\"article:modified_time\" content=\"2025-01-15T10:41:30+00:00\" \/>\n<meta property=\"og:image\" content=\"https:\/\/aivlisoft.net\/shop\/wp-content\/uploads\/2025\/01\/FTRRIN0468_800.jpg\" \/>\n\t<meta property=\"og:image:width\" content=\"800\" \/>\n\t<meta property=\"og:image:height\" content=\"800\" \/>\n\t<meta property=\"og:image:type\" content=\"image\/jpeg\" \/>\n<meta name=\"twitter:card\" content=\"summary_large_image\" \/>\n<meta name=\"twitter:label1\" content=\"Tiempo de lectura\" \/>\n\t<meta name=\"twitter:data1\" content=\"3 minutos\" \/>\n<script type=\"application\/ld+json\" class=\"yoast-schema-graph\">{\"@context\":\"https:\/\/schema.org\",\"@graph\":[{\"@type\":\"WebPage\",\"@id\":\"https:\/\/aivlisoft.net\/shop\/producto\/logitech-mx-master-3-raton-inalambrico-grafito\/\",\"url\":\"https:\/\/aivlisoft.net\/shop\/producto\/logitech-mx-master-3-raton-inalambrico-grafito\/\",\"name\":\"Logitech MX Master 3 Raton Inalambrico Grafito - Aivlisoft Inform\u00e1tica\",\"isPartOf\":{\"@id\":\"https:\/\/aivlisoft.net\/shop\/#website\"},\"primaryImageOfPage\":{\"@id\":\"https:\/\/aivlisoft.net\/shop\/producto\/logitech-mx-master-3-raton-inalambrico-grafito\/#primaryimage\"},\"image\":{\"@id\":\"https:\/\/aivlisoft.net\/shop\/producto\/logitech-mx-master-3-raton-inalambrico-grafito\/#primaryimage\"},\"thumbnailUrl\":\"https:\/\/aivlisoft.net\/shop\/wp-content\/uploads\/2025\/01\/FTRRIN0468_800.jpg\",\"datePublished\":\"2025-01-13T14:09:16+00:00\",\"dateModified\":\"2025-01-15T10:41:30+00:00\",\"breadcrumb\":{\"@id\":\"https:\/\/aivlisoft.net\/shop\/producto\/logitech-mx-master-3-raton-inalambrico-grafito\/#breadcrumb\"},\"inLanguage\":\"es\",\"potentialAction\":[{\"@type\":\"ReadAction\",\"target\":[\"https:\/\/aivlisoft.net\/shop\/producto\/logitech-mx-master-3-raton-inalambrico-grafito\/\"]}]},{\"@type\":\"ImageObject\",\"inLanguage\":\"es\",\"@id\":\"https:\/\/aivlisoft.net\/shop\/producto\/logitech-mx-master-3-raton-inalambrico-grafito\/#primaryimage\",\"url\":\"https:\/\/aivlisoft.net\/shop\/wp-content\/uploads\/2025\/01\/FTRRIN0468_800.jpg\",\"contentUrl\":\"https:\/\/aivlisoft.net\/shop\/wp-content\/uploads\/2025\/01\/FTRRIN0468_800.jpg\",\"width\":800,\"height\":800},{\"@type\":\"BreadcrumbList\",\"@id\":\"https:\/\/aivlisoft.net\/shop\/producto\/logitech-mx-master-3-raton-inalambrico-grafito\/#breadcrumb\",\"itemListElement\":[{\"@type\":\"ListItem\",\"position\":1,\"name\":\"Portada\",\"item\":\"https:\/\/aivlisoft.net\/shop\/\"},{\"@type\":\"ListItem\",\"position\":2,\"name\":\"Tienda\",\"item\":\"https:\/\/aivlisoft.net\/shop\/tienda\/\"},{\"@type\":\"ListItem\",\"position\":3,\"name\":\"Logitech MX Master 3 Raton Inalambrico Grafito\"}]},{\"@type\":\"WebSite\",\"@id\":\"https:\/\/aivlisoft.net\/shop\/#website\",\"url\":\"https:\/\/aivlisoft.net\/shop\/\",\"name\":\"Aivlisoft Inform\u00e1tica\",\"description\":\"En Aivlisoft Inform\u00e1tica ofrecemos soluciones tecnol\u00f3gicas para empresas: venta de ordenadores, consumibles, perif\u00e9ricos y m\u00e1s. Calidad, atenci\u00f3n personalizada y los mejores precios para tu negocio.\",\"publisher\":{\"@id\":\"https:\/\/aivlisoft.net\/shop\/#organization\"},\"potentialAction\":[{\"@type\":\"SearchAction\",\"target\":{\"@type\":\"EntryPoint\",\"urlTemplate\":\"https:\/\/aivlisoft.net\/shop\/?s={search_term_string}\"},\"query-input\":{\"@type\":\"PropertyValueSpecification\",\"valueRequired\":true,\"valueName\":\"search_term_string\"}}],\"inLanguage\":\"es\"},{\"@type\":\"Organization\",\"@id\":\"https:\/\/aivlisoft.net\/shop\/#organization\",\"name\":\"Aivlisoft Inform\u00e1tica\",\"url\":\"https:\/\/aivlisoft.net\/shop\/\",\"logo\":{\"@type\":\"ImageObject\",\"inLanguage\":\"es\",\"@id\":\"https:\/\/aivlisoft.net\/shop\/#\/schema\/logo\/image\/\",\"url\":\"https:\/\/aivlisoft.net\/shop\/wp-content\/uploads\/2024\/12\/removal.ai_5b848c54-0cdf-4140-95c5-c5536bb7573b-logodef.png\",\"contentUrl\":\"https:\/\/aivlisoft.net\/shop\/wp-content\/uploads\/2024\/12\/removal.ai_5b848c54-0cdf-4140-95c5-c5536bb7573b-logodef.png\",\"width\":484,\"height\":182,\"caption\":\"Aivlisoft Inform\u00e1tica\"},\"image\":{\"@id\":\"https:\/\/aivlisoft.net\/shop\/#\/schema\/logo\/image\/\"}}]}<\/script>\n<!-- \/ Yoast SEO plugin. -->","yoast_head_json":{"title":"Logitech MX Master 3 Raton Inalambrico Grafito - Aivlisoft Inform\u00e1tica","robots":{"index":"index","follow":"follow","max-snippet":"max-snippet:-1","max-image-preview":"max-image-preview:large","max-video-preview":"max-video-preview:-1"},"canonical":"https:\/\/aivlisoft.net\/shop\/producto\/logitech-mx-master-3-raton-inalambrico-grafito\/","og_locale":"es_ES","og_type":"article","og_title":"Logitech MX Master 3 Raton Inalambrico Grafito - Aivlisoft Inform\u00e1tica","og_description":"Un cl&aacute;sico reinventadoRat&oacute;n reinventado. Flujo de trabajo con m&aacute;s precisi&oacute;n, sensaci&oacute;n t&aacute;ctil y rendimiento,&nbsp; clics silenciosos y un sensor de seguimiento sobre cristal de 8.000 dpi. Si&eacute;ntelo sin apenas o&iacute;rloClics silenciosos: con la misma sensaci&oacute;n de clic, pero con menos ruido. Los clics silenciosos producen un 90% menos de ruido.Con bot&oacute;n de desplazamiento electromagn&eacute;tico MagSpeed&hellip;&nbsp;Logitech MX Master 3 Raton Inalambrico Grafito","og_url":"https:\/\/aivlisoft.net\/shop\/producto\/logitech-mx-master-3-raton-inalambrico-grafito\/","og_site_name":"Aivlisoft Inform\u00e1tica","article_modified_time":"2025-01-15T10:41:30+00:00","og_image":[{"width":800,"height":800,"url":"https:\/\/aivlisoft.net\/shop\/wp-content\/uploads\/2025\/01\/FTRRIN0468_800.jpg","type":"image\/jpeg"}],"twitter_card":"summary_large_image","twitter_misc":{"Tiempo de lectura":"3 minutos"},"schema":{"@context":"https:\/\/schema.org","@graph":[{"@type":"WebPage","@id":"https:\/\/aivlisoft.net\/shop\/producto\/logitech-mx-master-3-raton-inalambrico-grafito\/","url":"https:\/\/aivlisoft.net\/shop\/producto\/logitech-mx-master-3-raton-inalambrico-grafito\/","name":"Logitech MX Master 3 Raton Inalambrico Grafito - Aivlisoft Inform\u00e1tica","isPartOf":{"@id":"https:\/\/aivlisoft.net\/shop\/#website"},"primaryImageOfPage":{"@id":"https:\/\/aivlisoft.net\/shop\/producto\/logitech-mx-master-3-raton-inalambrico-grafito\/#primaryimage"},"image":{"@id":"https:\/\/aivlisoft.net\/shop\/producto\/logitech-mx-master-3-raton-inalambrico-grafito\/#primaryimage"},"thumbnailUrl":"https:\/\/aivlisoft.net\/shop\/wp-content\/uploads\/2025\/01\/FTRRIN0468_800.jpg","datePublished":"2025-01-13T14:09:16+00:00","dateModified":"2025-01-15T10:41:30+00:00","breadcrumb":{"@id":"https:\/\/aivlisoft.net\/shop\/producto\/logitech-mx-master-3-raton-inalambrico-grafito\/#breadcrumb"},"inLanguage":"es","potentialAction":[{"@type":"ReadAction","target":["https:\/\/aivlisoft.net\/shop\/producto\/logitech-mx-master-3-raton-inalambrico-grafito\/"]}]},{"@type":"ImageObject","inLanguage":"es","@id":"https:\/\/aivlisoft.net\/shop\/producto\/logitech-mx-master-3-raton-inalambrico-grafito\/#primaryimage","url":"https:\/\/aivlisoft.net\/shop\/wp-content\/uploads\/2025\/01\/FTRRIN0468_800.jpg","contentUrl":"https:\/\/aivlisoft.net\/shop\/wp-content\/uploads\/2025\/01\/FTRRIN0468_800.jpg","width":800,"height":800},{"@type":"BreadcrumbList","@id":"https:\/\/aivlisoft.net\/shop\/producto\/logitech-mx-master-3-raton-inalambrico-grafito\/#breadcrumb","itemListElement":[{"@type":"ListItem","position":1,"name":"Portada","item":"https:\/\/aivlisoft.net\/shop\/"},{"@type":"ListItem","position":2,"name":"Tienda","item":"https:\/\/aivlisoft.net\/shop\/tienda\/"},{"@type":"ListItem","position":3,"name":"Logitech MX Master 3 Raton Inalambrico Grafito"}]},{"@type":"WebSite","@id":"https:\/\/aivlisoft.net\/shop\/#website","url":"https:\/\/aivlisoft.net\/shop\/","name":"Aivlisoft Inform\u00e1tica","description":"En Aivlisoft Inform\u00e1tica ofrecemos soluciones tecnol\u00f3gicas para empresas: venta de ordenadores, consumibles, perif\u00e9ricos y m\u00e1s. Calidad, atenci\u00f3n personalizada y los mejores precios para tu negocio.","publisher":{"@id":"https:\/\/aivlisoft.net\/shop\/#organization"},"potentialAction":[{"@type":"SearchAction","target":{"@type":"EntryPoint","urlTemplate":"https:\/\/aivlisoft.net\/shop\/?s={search_term_string}"},"query-input":{"@type":"PropertyValueSpecification","valueRequired":true,"valueName":"search_term_string"}}],"inLanguage":"es"},{"@type":"Organization","@id":"https:\/\/aivlisoft.net\/shop\/#organization","name":"Aivlisoft Inform\u00e1tica","url":"https:\/\/aivlisoft.net\/shop\/","logo":{"@type":"ImageObject","inLanguage":"es","@id":"https:\/\/aivlisoft.net\/shop\/#\/schema\/logo\/image\/","url":"https:\/\/aivlisoft.net\/shop\/wp-content\/uploads\/2024\/12\/removal.ai_5b848c54-0cdf-4140-95c5-c5536bb7573b-logodef.png","contentUrl":"https:\/\/aivlisoft.net\/shop\/wp-content\/uploads\/2024\/12\/removal.ai_5b848c54-0cdf-4140-95c5-c5536bb7573b-logodef.png","width":484,"height":182,"caption":"Aivlisoft Inform\u00e1tica"},"image":{"@id":"https:\/\/aivlisoft.net\/shop\/#\/schema\/logo\/image\/"}}]}},"_links":{"self":[{"href":"https:\/\/aivlisoft.net\/shop\/wp-json\/wp\/v2\/product\/10866","targetHints":{"allow":["GET"]}}],"collection":[{"href":"https:\/\/aivlisoft.net\/shop\/wp-json\/wp\/v2\/product"}],"about":[{"href":"https:\/\/aivlisoft.net\/shop\/wp-json\/wp\/v2\/types\/product"}],"wp:featuredmedia":[{"embeddable":true,"href":"https:\/\/aivlisoft.net\/shop\/wp-json\/wp\/v2\/media\/10867"}],"wp:attachment":[{"href":"https:\/\/aivlisoft.net\/shop\/wp-json\/wp\/v2\/media?parent=10866"}],"wp:term":[{"taxonomy":"product_brand","embeddable":true,"href":"https:\/\/aivlisoft.net\/shop\/wp-json\/wp\/v2\/product_brand?post=10866"},{"taxonomy":"product_cat","embeddable":true,"href":"https:\/\/aivlisoft.net\/shop\/wp-json\/wp\/v2\/product_cat?post=10866"},{"taxonomy":"product_tag","embeddable":true,"href":"https:\/\/aivlisoft.net\/shop\/wp-json\/wp\/v2\/product_tag?post=10866"}],"curies":[{"name":"wp","href":"https:\/\/api.w.org\/{rel}","templated":true}]}}