{"id":10863,"date":"2025-01-13T14:09:12","date_gmt":"2025-01-13T14:09:12","guid":{"rendered":"https:\/\/aivlisoft.com\/?post_type=product&#038;p=10863"},"modified":"2025-01-15T10:41:31","modified_gmt":"2025-01-15T10:41:31","slug":"logitech-mx-master-3-raton-inalambrico-avanzado","status":"publish","type":"product","link":"https:\/\/aivlisoft.net\/shop\/producto\/logitech-mx-master-3-raton-inalambrico-avanzado\/","title":{"rendered":"Logitech MX Master 3 Raton Inalambrico Avanzado"},"content":{"rendered":"<p><\/p>\n<table class=\"tabla_caracteristicas\" width=\"100%\">\n<tr>\n<td valign=\"top\"><strong>Marca<\/strong><\/td>\n<td>Logitech<\/td>\n<\/tr>\n<tr>\n<td valign=\"top\"><strong>Modelo<\/strong><\/td>\n<td><strong>910-005694<\/strong><\/td>\n<\/tr>\n<tr>\n<td valign=\"top\"><strong>Caracter&iacute;sticas<\/strong><\/td>\n<td>&#8211; Rat&oacute;n MX Master 3: 51 mm x 84,3 mm x 124,9 mm. Peso: 141 g<br \/>\t\t\t&#8211; Receptor USB: 18,4 mm x 14,4 mm x 6,6 mm. Peso: 2 g<br \/>\t\t\t&#8211; Tecnolog&iacute;a de sensor<br \/>\t\t\t&nbsp; Alta precisi&oacute;n Darkfield<br \/>\t\t\t&nbsp; Valor nominal: 1000 dpi<br \/>\t\t\t&nbsp; dpi (valores m&iacute;nimo y m&aacute;ximo): 200 a 4.000 dpi (ajustable en incrementos de 50 dpi)<br \/>\t\t\t&#8211; Botones<br \/>\t\t\t&nbsp; 7 botones (clic izquierdo\/derecho, avance\/retroceso, cambio de aplicaciones, cambio de modo de bot&oacute;n rueda, clic con el bot&oacute;n central)<br \/>\t\t\t&nbsp; Bot&oacute;n rueda: S&iacute;, con cambio autom&aacute;tico<br \/>\t\t\t&nbsp; Bot&oacute;n para el pulgar: S&iacute;<br \/>\t\t\t&nbsp; Bot&oacute;n de gestos: S&iacute;<br \/>\t\t\t&#8211; Distancia de funcionamiento inal&aacute;mbrico: 10 m<br \/>\t\t\t&#8211; Tecnolog&iacute;a inal&aacute;mbrica avanzada de 2,4 GHz<br \/>\t\t\t&#8211; Bater&iacute;a recargable Li-Po (500 mAh)<br \/>\t\t\t<strong>Requisitos del sistema<\/strong><br \/>\t\t\t&#8211; Receptor USB<br \/>\t\t\t&nbsp; Requiere: Puerto USB disponible<br \/>\t\t\t&nbsp; Windows&reg; 7, Windows 8, Windows 10 o posteriores<br \/>\t\t\t&nbsp; macOS 10.13 o posteriores<br \/>\t\t\t&nbsp; Linux<br \/>\t\t\t&#8211; Bluetooth&reg;<br \/>\t\t\t&nbsp; Requiere: Tecnolog&iacute;a Bluetooth de bajo consumo<br \/>\t\t\t&nbsp; Windows 8, Windows 10 o posteriores<br \/>\t\t\t&nbsp; macOS 10.13 o posteriores<br \/>\t\t\t&nbsp; Linux<br \/>\t\t\t<strong>Contenido<\/strong><br \/>\t\t\t&#8211; Rat&oacute;n<br \/>\t\t\t&#8211; Receptor USB<br \/>\t\t\t&#8211; Cable de carga USB-C (USB-A a USB-C)<br \/>\t\t\t&#8211; Documentaci&oacute;n del usuario<\/td>\n<\/tr>\n<tr>\n<td valign=\"top\"><strong>Fecha de revisi&oacute;n<\/strong><\/td>\n<td>18-10-2022 por MPM<\/td>\n<\/tr>\n<\/table>\n","protected":false},"excerpt":{"rendered":"<p>Marca Logitech Modelo 910-005694 Caracter&iacute;sticas &#8211; Rat&oacute;n MX Master 3: 51 mm x 84,3 mm x 124,9 mm. Peso: 141 g &#8211; Receptor USB: 18,4 mm x 14,4 mm x 6,6 mm. Peso: 2 g &#8211; Tecnolog&iacute;a de sensor &nbsp; Alta precisi&oacute;n Darkfield &nbsp; Valor nominal: 1000 dpi &nbsp; dpi (valores m&iacute;nimo y m&aacute;ximo): 200&hellip;&nbsp;<a href=\"https:\/\/aivlisoft.net\/shop\/producto\/logitech-mx-master-3-raton-inalambrico-avanzado\/\" rel=\"bookmark\"><span class=\"screen-reader-text\">Logitech MX Master 3 Raton Inalambrico Avanzado<\/span><\/a><\/p>\n","protected":false},"featured_media":10864,"template":"","meta":{"neve_meta_sidebar":"","neve_meta_container":"","neve_meta_enable_content_width":"","neve_meta_content_width":0,"neve_meta_title_alignment":"","neve_meta_author_avatar":"","neve_post_elements_order":"","neve_meta_disable_header":"","neve_meta_disable_footer":"","neve_meta_disable_title":""},"product_brand":[],"product_cat":[15,790,1970,4099],"product_tag":[4259],"class_list":{"0":"post-10863","1":"product","2":"type-product","3":"status-publish","4":"has-post-thumbnail","6":"product_cat-sin-categorizar","7":"product_cat-accesorios-gaming","8":"product_cat-accesorios-pc-y-tpv","9":"product_cat-teclados-y-ratones","10":"product_tag-910-005694","12":"first","13":"instock","14":"taxable","15":"shipping-taxable","16":"purchasable","17":"product-type-simple"},"yoast_head":"<!-- This site is optimized with the Yoast SEO plugin v26.0 - https:\/\/yoast.com\/wordpress\/plugins\/seo\/ -->\n<title>Logitech MX Master 3 Raton Inalambrico Avanzado - Aivlisoft Inform\u00e1tica<\/title>\n<meta name=\"robots\" content=\"index, follow, max-snippet:-1, max-image-preview:large, max-video-preview:-1\" \/>\n<link rel=\"canonical\" href=\"https:\/\/aivlisoft.net\/shop\/producto\/logitech-mx-master-3-raton-inalambrico-avanzado\/\" \/>\n<meta property=\"og:locale\" content=\"es_ES\" \/>\n<meta property=\"og:type\" content=\"article\" \/>\n<meta property=\"og:title\" content=\"Logitech MX Master 3 Raton Inalambrico Avanzado - Aivlisoft Inform\u00e1tica\" \/>\n<meta property=\"og:description\" content=\"Marca Logitech Modelo 910-005694 Caracter&iacute;sticas &#8211; Rat&oacute;n MX Master 3: 51 mm x 84,3 mm x 124,9 mm. Peso: 141 g &#8211; Receptor USB: 18,4 mm x 14,4 mm x 6,6 mm. Peso: 2 g &#8211; Tecnolog&iacute;a de sensor &nbsp; Alta precisi&oacute;n Darkfield &nbsp; Valor nominal: 1000 dpi &nbsp; dpi (valores m&iacute;nimo y m&aacute;ximo): 200&hellip;&nbsp;Logitech MX Master 3 Raton Inalambrico Avanzado\" \/>\n<meta property=\"og:url\" content=\"https:\/\/aivlisoft.net\/shop\/producto\/logitech-mx-master-3-raton-inalambrico-avanzado\/\" \/>\n<meta property=\"og:site_name\" content=\"Aivlisoft Inform\u00e1tica\" \/>\n<meta property=\"article:modified_time\" content=\"2025-01-15T10:41:31+00:00\" \/>\n<meta property=\"og:image\" content=\"https:\/\/aivlisoft.net\/shop\/wp-content\/uploads\/2025\/01\/FTRRIN0466_800.jpg\" \/>\n\t<meta property=\"og:image:width\" content=\"800\" \/>\n\t<meta property=\"og:image:height\" content=\"800\" \/>\n\t<meta property=\"og:image:type\" content=\"image\/jpeg\" \/>\n<meta name=\"twitter:card\" content=\"summary_large_image\" \/>\n<meta name=\"twitter:label1\" content=\"Tiempo de lectura\" \/>\n\t<meta name=\"twitter:data1\" content=\"1 minuto\" \/>\n<script type=\"application\/ld+json\" class=\"yoast-schema-graph\">{\"@context\":\"https:\/\/schema.org\",\"@graph\":[{\"@type\":\"WebPage\",\"@id\":\"https:\/\/aivlisoft.net\/shop\/producto\/logitech-mx-master-3-raton-inalambrico-avanzado\/\",\"url\":\"https:\/\/aivlisoft.net\/shop\/producto\/logitech-mx-master-3-raton-inalambrico-avanzado\/\",\"name\":\"Logitech MX Master 3 Raton Inalambrico Avanzado - Aivlisoft Inform\u00e1tica\",\"isPartOf\":{\"@id\":\"https:\/\/aivlisoft.net\/shop\/#website\"},\"primaryImageOfPage\":{\"@id\":\"https:\/\/aivlisoft.net\/shop\/producto\/logitech-mx-master-3-raton-inalambrico-avanzado\/#primaryimage\"},\"image\":{\"@id\":\"https:\/\/aivlisoft.net\/shop\/producto\/logitech-mx-master-3-raton-inalambrico-avanzado\/#primaryimage\"},\"thumbnailUrl\":\"https:\/\/aivlisoft.net\/shop\/wp-content\/uploads\/2025\/01\/FTRRIN0466_800.jpg\",\"datePublished\":\"2025-01-13T14:09:12+00:00\",\"dateModified\":\"2025-01-15T10:41:31+00:00\",\"breadcrumb\":{\"@id\":\"https:\/\/aivlisoft.net\/shop\/producto\/logitech-mx-master-3-raton-inalambrico-avanzado\/#breadcrumb\"},\"inLanguage\":\"es\",\"potentialAction\":[{\"@type\":\"ReadAction\",\"target\":[\"https:\/\/aivlisoft.net\/shop\/producto\/logitech-mx-master-3-raton-inalambrico-avanzado\/\"]}]},{\"@type\":\"ImageObject\",\"inLanguage\":\"es\",\"@id\":\"https:\/\/aivlisoft.net\/shop\/producto\/logitech-mx-master-3-raton-inalambrico-avanzado\/#primaryimage\",\"url\":\"https:\/\/aivlisoft.net\/shop\/wp-content\/uploads\/2025\/01\/FTRRIN0466_800.jpg\",\"contentUrl\":\"https:\/\/aivlisoft.net\/shop\/wp-content\/uploads\/2025\/01\/FTRRIN0466_800.jpg\",\"width\":800,\"height\":800},{\"@type\":\"BreadcrumbList\",\"@id\":\"https:\/\/aivlisoft.net\/shop\/producto\/logitech-mx-master-3-raton-inalambrico-avanzado\/#breadcrumb\",\"itemListElement\":[{\"@type\":\"ListItem\",\"position\":1,\"name\":\"Portada\",\"item\":\"https:\/\/aivlisoft.net\/shop\/\"},{\"@type\":\"ListItem\",\"position\":2,\"name\":\"Tienda\",\"item\":\"https:\/\/aivlisoft.net\/shop\/tienda\/\"},{\"@type\":\"ListItem\",\"position\":3,\"name\":\"Logitech MX Master 3 Raton Inalambrico Avanzado\"}]},{\"@type\":\"WebSite\",\"@id\":\"https:\/\/aivlisoft.net\/shop\/#website\",\"url\":\"https:\/\/aivlisoft.net\/shop\/\",\"name\":\"Aivlisoft Inform\u00e1tica\",\"description\":\"En Aivlisoft Inform\u00e1tica ofrecemos soluciones tecnol\u00f3gicas para empresas: venta de ordenadores, consumibles, perif\u00e9ricos y m\u00e1s. Calidad, atenci\u00f3n personalizada y los mejores precios para tu negocio.\",\"publisher\":{\"@id\":\"https:\/\/aivlisoft.net\/shop\/#organization\"},\"potentialAction\":[{\"@type\":\"SearchAction\",\"target\":{\"@type\":\"EntryPoint\",\"urlTemplate\":\"https:\/\/aivlisoft.net\/shop\/?s={search_term_string}\"},\"query-input\":{\"@type\":\"PropertyValueSpecification\",\"valueRequired\":true,\"valueName\":\"search_term_string\"}}],\"inLanguage\":\"es\"},{\"@type\":\"Organization\",\"@id\":\"https:\/\/aivlisoft.net\/shop\/#organization\",\"name\":\"Aivlisoft Inform\u00e1tica\",\"url\":\"https:\/\/aivlisoft.net\/shop\/\",\"logo\":{\"@type\":\"ImageObject\",\"inLanguage\":\"es\",\"@id\":\"https:\/\/aivlisoft.net\/shop\/#\/schema\/logo\/image\/\",\"url\":\"https:\/\/aivlisoft.net\/shop\/wp-content\/uploads\/2024\/12\/removal.ai_5b848c54-0cdf-4140-95c5-c5536bb7573b-logodef.png\",\"contentUrl\":\"https:\/\/aivlisoft.net\/shop\/wp-content\/uploads\/2024\/12\/removal.ai_5b848c54-0cdf-4140-95c5-c5536bb7573b-logodef.png\",\"width\":484,\"height\":182,\"caption\":\"Aivlisoft Inform\u00e1tica\"},\"image\":{\"@id\":\"https:\/\/aivlisoft.net\/shop\/#\/schema\/logo\/image\/\"}}]}<\/script>\n<!-- \/ Yoast SEO plugin. -->","yoast_head_json":{"title":"Logitech MX Master 3 Raton Inalambrico Avanzado - Aivlisoft Inform\u00e1tica","robots":{"index":"index","follow":"follow","max-snippet":"max-snippet:-1","max-image-preview":"max-image-preview:large","max-video-preview":"max-video-preview:-1"},"canonical":"https:\/\/aivlisoft.net\/shop\/producto\/logitech-mx-master-3-raton-inalambrico-avanzado\/","og_locale":"es_ES","og_type":"article","og_title":"Logitech MX Master 3 Raton Inalambrico Avanzado - Aivlisoft Inform\u00e1tica","og_description":"Marca Logitech Modelo 910-005694 Caracter&iacute;sticas &#8211; Rat&oacute;n MX Master 3: 51 mm x 84,3 mm x 124,9 mm. Peso: 141 g &#8211; Receptor USB: 18,4 mm x 14,4 mm x 6,6 mm. Peso: 2 g &#8211; Tecnolog&iacute;a de sensor &nbsp; Alta precisi&oacute;n Darkfield &nbsp; Valor nominal: 1000 dpi &nbsp; dpi (valores m&iacute;nimo y m&aacute;ximo): 200&hellip;&nbsp;Logitech MX Master 3 Raton Inalambrico Avanzado","og_url":"https:\/\/aivlisoft.net\/shop\/producto\/logitech-mx-master-3-raton-inalambrico-avanzado\/","og_site_name":"Aivlisoft Inform\u00e1tica","article_modified_time":"2025-01-15T10:41:31+00:00","og_image":[{"width":800,"height":800,"url":"https:\/\/aivlisoft.net\/shop\/wp-content\/uploads\/2025\/01\/FTRRIN0466_800.jpg","type":"image\/jpeg"}],"twitter_card":"summary_large_image","twitter_misc":{"Tiempo de lectura":"1 minuto"},"schema":{"@context":"https:\/\/schema.org","@graph":[{"@type":"WebPage","@id":"https:\/\/aivlisoft.net\/shop\/producto\/logitech-mx-master-3-raton-inalambrico-avanzado\/","url":"https:\/\/aivlisoft.net\/shop\/producto\/logitech-mx-master-3-raton-inalambrico-avanzado\/","name":"Logitech MX Master 3 Raton Inalambrico Avanzado - Aivlisoft Inform\u00e1tica","isPartOf":{"@id":"https:\/\/aivlisoft.net\/shop\/#website"},"primaryImageOfPage":{"@id":"https:\/\/aivlisoft.net\/shop\/producto\/logitech-mx-master-3-raton-inalambrico-avanzado\/#primaryimage"},"image":{"@id":"https:\/\/aivlisoft.net\/shop\/producto\/logitech-mx-master-3-raton-inalambrico-avanzado\/#primaryimage"},"thumbnailUrl":"https:\/\/aivlisoft.net\/shop\/wp-content\/uploads\/2025\/01\/FTRRIN0466_800.jpg","datePublished":"2025-01-13T14:09:12+00:00","dateModified":"2025-01-15T10:41:31+00:00","breadcrumb":{"@id":"https:\/\/aivlisoft.net\/shop\/producto\/logitech-mx-master-3-raton-inalambrico-avanzado\/#breadcrumb"},"inLanguage":"es","potentialAction":[{"@type":"ReadAction","target":["https:\/\/aivlisoft.net\/shop\/producto\/logitech-mx-master-3-raton-inalambrico-avanzado\/"]}]},{"@type":"ImageObject","inLanguage":"es","@id":"https:\/\/aivlisoft.net\/shop\/producto\/logitech-mx-master-3-raton-inalambrico-avanzado\/#primaryimage","url":"https:\/\/aivlisoft.net\/shop\/wp-content\/uploads\/2025\/01\/FTRRIN0466_800.jpg","contentUrl":"https:\/\/aivlisoft.net\/shop\/wp-content\/uploads\/2025\/01\/FTRRIN0466_800.jpg","width":800,"height":800},{"@type":"BreadcrumbList","@id":"https:\/\/aivlisoft.net\/shop\/producto\/logitech-mx-master-3-raton-inalambrico-avanzado\/#breadcrumb","itemListElement":[{"@type":"ListItem","position":1,"name":"Portada","item":"https:\/\/aivlisoft.net\/shop\/"},{"@type":"ListItem","position":2,"name":"Tienda","item":"https:\/\/aivlisoft.net\/shop\/tienda\/"},{"@type":"ListItem","position":3,"name":"Logitech MX Master 3 Raton Inalambrico Avanzado"}]},{"@type":"WebSite","@id":"https:\/\/aivlisoft.net\/shop\/#website","url":"https:\/\/aivlisoft.net\/shop\/","name":"Aivlisoft Inform\u00e1tica","description":"En Aivlisoft Inform\u00e1tica ofrecemos soluciones tecnol\u00f3gicas para empresas: venta de ordenadores, consumibles, perif\u00e9ricos y m\u00e1s. Calidad, atenci\u00f3n personalizada y los mejores precios para tu negocio.","publisher":{"@id":"https:\/\/aivlisoft.net\/shop\/#organization"},"potentialAction":[{"@type":"SearchAction","target":{"@type":"EntryPoint","urlTemplate":"https:\/\/aivlisoft.net\/shop\/?s={search_term_string}"},"query-input":{"@type":"PropertyValueSpecification","valueRequired":true,"valueName":"search_term_string"}}],"inLanguage":"es"},{"@type":"Organization","@id":"https:\/\/aivlisoft.net\/shop\/#organization","name":"Aivlisoft Inform\u00e1tica","url":"https:\/\/aivlisoft.net\/shop\/","logo":{"@type":"ImageObject","inLanguage":"es","@id":"https:\/\/aivlisoft.net\/shop\/#\/schema\/logo\/image\/","url":"https:\/\/aivlisoft.net\/shop\/wp-content\/uploads\/2024\/12\/removal.ai_5b848c54-0cdf-4140-95c5-c5536bb7573b-logodef.png","contentUrl":"https:\/\/aivlisoft.net\/shop\/wp-content\/uploads\/2024\/12\/removal.ai_5b848c54-0cdf-4140-95c5-c5536bb7573b-logodef.png","width":484,"height":182,"caption":"Aivlisoft Inform\u00e1tica"},"image":{"@id":"https:\/\/aivlisoft.net\/shop\/#\/schema\/logo\/image\/"}}]}},"_links":{"self":[{"href":"https:\/\/aivlisoft.net\/shop\/wp-json\/wp\/v2\/product\/10863","targetHints":{"allow":["GET"]}}],"collection":[{"href":"https:\/\/aivlisoft.net\/shop\/wp-json\/wp\/v2\/product"}],"about":[{"href":"https:\/\/aivlisoft.net\/shop\/wp-json\/wp\/v2\/types\/product"}],"wp:featuredmedia":[{"embeddable":true,"href":"https:\/\/aivlisoft.net\/shop\/wp-json\/wp\/v2\/media\/10864"}],"wp:attachment":[{"href":"https:\/\/aivlisoft.net\/shop\/wp-json\/wp\/v2\/media?parent=10863"}],"wp:term":[{"taxonomy":"product_brand","embeddable":true,"href":"https:\/\/aivlisoft.net\/shop\/wp-json\/wp\/v2\/product_brand?post=10863"},{"taxonomy":"product_cat","embeddable":true,"href":"https:\/\/aivlisoft.net\/shop\/wp-json\/wp\/v2\/product_cat?post=10863"},{"taxonomy":"product_tag","embeddable":true,"href":"https:\/\/aivlisoft.net\/shop\/wp-json\/wp\/v2\/product_tag?post=10863"}],"curies":[{"name":"wp","href":"https:\/\/api.w.org\/{rel}","templated":true}]}}