{"id":10855,"date":"2025-01-13T14:09:08","date_gmt":"2025-01-13T14:09:08","guid":{"rendered":"https:\/\/aivlisoft.com\/?post_type=product&#038;p=10855"},"modified":"2025-01-15T10:41:32","modified_gmt":"2025-01-15T10:41:32","slug":"ewent-ew3245-raton-inalambrico-dual-click-silenci","status":"publish","type":"product","link":"https:\/\/aivlisoft.net\/shop\/producto\/ewent-ew3245-raton-inalambrico-dual-click-silenci\/","title":{"rendered":"Ewent EW3245 Raton inalambrico dual click silenci"},"content":{"rendered":"<p>Alternar entre dos dispositivos diferentes<br \/>Conectar a trav&eacute;s de los receptores USB-C y USB-A incorporados; f&aacute;cilmente almacenables dentro del rat&oacute;n<br \/>Interruptor de 1000\/1600\/2000\/2400 PPP para seleccionar la exactitud y precisi&oacute;n que prefiera<br \/>Elimina ruido excesivo con su clic silencioso<br \/>Rueda de desplazamiento de metal s&oacute;lido y botones laterales accesibles<br \/>Funci&oacute;n inteligente de ahorro de energ&iacute;a para un uso prolongado de la bater&iacute;a<br \/>Dise&ntilde;o c&oacute;modo con superficie de goma<br \/>&nbsp;<\/p>\n<table width=\"100%\">\n<tr>\n<td><strong>Marca<\/strong><\/td>\n<td>Ewent<\/td>\n<\/tr>\n<tr>\n<td><strong>Modelo<\/strong><\/td>\n<td><strong>EW3245<\/strong><\/td>\n<\/tr>\n<tr>\n<td valign=\"top\"><strong>Caracter&iacute;sticas<\/strong><\/td>\n<td>&#8211; Sensor: 2400 ppp<br \/>\t\t\t&#8211; DPI: 1000 &#8211; 1600 &#8211; 2000 &#8211; 2400<br \/>\t\t\t&#8211; Botones: 7, clic silencioso<br \/>\t\t\t&#8211; Interfaz: 2.4Ghz inal&aacute;mbrico a trav&eacute;s de dos receptores USB: 1x USB C y 1x USB-A<br \/>\t\t\t&#8211; Ahorro de energ&iacute;a: mediante interruptor de encendido \/ apagado y modo de espera<br \/>\t\t\t&#8211; Indicador LED de estado: USB-A (rojo), USB-C (verde)<br \/>\t\t\t&#8211; Indicador de bater&iacute;a baja (LED rojo<br \/>\t\t\t&#8211; Bater&iacute;a: 1x AA<br \/>\t\t\t&#8211; Plug &amp; Play<br \/>\t\t\t&#8211; Dimensiones en mm (WxHxD): 68 x 45 x 105 mm<br \/>\t\t\t&#8211; Peso (g): 66&nbsp;<\/td>\n<\/tr>\n<tr>\n<td><strong>Fecha Revisi&oacute;n<\/strong><\/td>\n<td>29-09-2021 por YMC<\/td>\n<\/tr>\n<\/table>\n","protected":false},"excerpt":{"rendered":"<p>Alternar entre dos dispositivos diferentesConectar a trav&eacute;s de los receptores USB-C y USB-A incorporados; f&aacute;cilmente almacenables dentro del rat&oacute;nInterruptor de 1000\/1600\/2000\/2400 PPP para seleccionar la exactitud y precisi&oacute;n que prefieraElimina ruido excesivo con su clic silenciosoRueda de desplazamiento de metal s&oacute;lido y botones laterales accesiblesFunci&oacute;n inteligente de ahorro de energ&iacute;a para un uso prolongado de&hellip;&nbsp;<a href=\"https:\/\/aivlisoft.net\/shop\/producto\/ewent-ew3245-raton-inalambrico-dual-click-silenci\/\" rel=\"bookmark\"><span class=\"screen-reader-text\">Ewent EW3245 Raton inalambrico dual click silenci<\/span><\/a><\/p>\n","protected":false},"featured_media":10856,"template":"","meta":{"neve_meta_sidebar":"","neve_meta_container":"","neve_meta_enable_content_width":"","neve_meta_content_width":0,"neve_meta_title_alignment":"","neve_meta_author_avatar":"","neve_post_elements_order":"","neve_meta_disable_header":"","neve_meta_disable_footer":"","neve_meta_disable_title":""},"product_brand":[],"product_cat":[15,790,1970,4099],"product_tag":[4253],"class_list":{"0":"post-10855","1":"product","2":"type-product","3":"status-publish","4":"has-post-thumbnail","6":"product_cat-sin-categorizar","7":"product_cat-accesorios-gaming","8":"product_cat-accesorios-pc-y-tpv","9":"product_cat-teclados-y-ratones","10":"product_tag-ew3245","12":"first","13":"instock","14":"taxable","15":"shipping-taxable","16":"purchasable","17":"product-type-simple"},"yoast_head":"<!-- This site is optimized with the Yoast SEO plugin v26.0 - https:\/\/yoast.com\/wordpress\/plugins\/seo\/ -->\n<title>Ewent EW3245 Raton inalambrico dual click silenci - Aivlisoft Inform\u00e1tica<\/title>\n<meta name=\"robots\" content=\"index, follow, max-snippet:-1, max-image-preview:large, max-video-preview:-1\" \/>\n<link rel=\"canonical\" href=\"https:\/\/aivlisoft.net\/shop\/producto\/ewent-ew3245-raton-inalambrico-dual-click-silenci\/\" \/>\n<meta property=\"og:locale\" content=\"es_ES\" \/>\n<meta property=\"og:type\" content=\"article\" \/>\n<meta property=\"og:title\" content=\"Ewent EW3245 Raton inalambrico dual click silenci - Aivlisoft Inform\u00e1tica\" \/>\n<meta property=\"og:description\" content=\"Alternar entre dos dispositivos diferentesConectar a trav&eacute;s de los receptores USB-C y USB-A incorporados; f&aacute;cilmente almacenables dentro del rat&oacute;nInterruptor de 1000\/1600\/2000\/2400 PPP para seleccionar la exactitud y precisi&oacute;n que prefieraElimina ruido excesivo con su clic silenciosoRueda de desplazamiento de metal s&oacute;lido y botones laterales accesiblesFunci&oacute;n inteligente de ahorro de energ&iacute;a para un uso prolongado de&hellip;&nbsp;Ewent EW3245 Raton inalambrico dual click silenci\" \/>\n<meta property=\"og:url\" content=\"https:\/\/aivlisoft.net\/shop\/producto\/ewent-ew3245-raton-inalambrico-dual-click-silenci\/\" \/>\n<meta property=\"og:site_name\" content=\"Aivlisoft Inform\u00e1tica\" \/>\n<meta property=\"article:modified_time\" content=\"2025-01-15T10:41:32+00:00\" \/>\n<meta property=\"og:image\" content=\"https:\/\/aivlisoft.net\/shop\/wp-content\/uploads\/2025\/01\/FTRRIN0458_800.jpg\" \/>\n\t<meta property=\"og:image:width\" content=\"800\" \/>\n\t<meta property=\"og:image:height\" content=\"800\" \/>\n\t<meta property=\"og:image:type\" content=\"image\/jpeg\" \/>\n<meta name=\"twitter:card\" content=\"summary_large_image\" \/>\n<meta name=\"twitter:label1\" content=\"Tiempo de lectura\" \/>\n\t<meta name=\"twitter:data1\" content=\"1 minuto\" \/>\n<script type=\"application\/ld+json\" class=\"yoast-schema-graph\">{\"@context\":\"https:\/\/schema.org\",\"@graph\":[{\"@type\":\"WebPage\",\"@id\":\"https:\/\/aivlisoft.net\/shop\/producto\/ewent-ew3245-raton-inalambrico-dual-click-silenci\/\",\"url\":\"https:\/\/aivlisoft.net\/shop\/producto\/ewent-ew3245-raton-inalambrico-dual-click-silenci\/\",\"name\":\"Ewent EW3245 Raton inalambrico dual click silenci - Aivlisoft Inform\u00e1tica\",\"isPartOf\":{\"@id\":\"https:\/\/aivlisoft.net\/shop\/#website\"},\"primaryImageOfPage\":{\"@id\":\"https:\/\/aivlisoft.net\/shop\/producto\/ewent-ew3245-raton-inalambrico-dual-click-silenci\/#primaryimage\"},\"image\":{\"@id\":\"https:\/\/aivlisoft.net\/shop\/producto\/ewent-ew3245-raton-inalambrico-dual-click-silenci\/#primaryimage\"},\"thumbnailUrl\":\"https:\/\/aivlisoft.net\/shop\/wp-content\/uploads\/2025\/01\/FTRRIN0458_800.jpg\",\"datePublished\":\"2025-01-13T14:09:08+00:00\",\"dateModified\":\"2025-01-15T10:41:32+00:00\",\"breadcrumb\":{\"@id\":\"https:\/\/aivlisoft.net\/shop\/producto\/ewent-ew3245-raton-inalambrico-dual-click-silenci\/#breadcrumb\"},\"inLanguage\":\"es\",\"potentialAction\":[{\"@type\":\"ReadAction\",\"target\":[\"https:\/\/aivlisoft.net\/shop\/producto\/ewent-ew3245-raton-inalambrico-dual-click-silenci\/\"]}]},{\"@type\":\"ImageObject\",\"inLanguage\":\"es\",\"@id\":\"https:\/\/aivlisoft.net\/shop\/producto\/ewent-ew3245-raton-inalambrico-dual-click-silenci\/#primaryimage\",\"url\":\"https:\/\/aivlisoft.net\/shop\/wp-content\/uploads\/2025\/01\/FTRRIN0458_800.jpg\",\"contentUrl\":\"https:\/\/aivlisoft.net\/shop\/wp-content\/uploads\/2025\/01\/FTRRIN0458_800.jpg\",\"width\":800,\"height\":800},{\"@type\":\"BreadcrumbList\",\"@id\":\"https:\/\/aivlisoft.net\/shop\/producto\/ewent-ew3245-raton-inalambrico-dual-click-silenci\/#breadcrumb\",\"itemListElement\":[{\"@type\":\"ListItem\",\"position\":1,\"name\":\"Portada\",\"item\":\"https:\/\/aivlisoft.net\/shop\/\"},{\"@type\":\"ListItem\",\"position\":2,\"name\":\"Tienda\",\"item\":\"https:\/\/aivlisoft.net\/shop\/tienda\/\"},{\"@type\":\"ListItem\",\"position\":3,\"name\":\"Ewent EW3245 Raton inalambrico dual click silenci\"}]},{\"@type\":\"WebSite\",\"@id\":\"https:\/\/aivlisoft.net\/shop\/#website\",\"url\":\"https:\/\/aivlisoft.net\/shop\/\",\"name\":\"Aivlisoft Inform\u00e1tica\",\"description\":\"En Aivlisoft Inform\u00e1tica ofrecemos soluciones tecnol\u00f3gicas para empresas: venta de ordenadores, consumibles, perif\u00e9ricos y m\u00e1s. Calidad, atenci\u00f3n personalizada y los mejores precios para tu negocio.\",\"publisher\":{\"@id\":\"https:\/\/aivlisoft.net\/shop\/#organization\"},\"potentialAction\":[{\"@type\":\"SearchAction\",\"target\":{\"@type\":\"EntryPoint\",\"urlTemplate\":\"https:\/\/aivlisoft.net\/shop\/?s={search_term_string}\"},\"query-input\":{\"@type\":\"PropertyValueSpecification\",\"valueRequired\":true,\"valueName\":\"search_term_string\"}}],\"inLanguage\":\"es\"},{\"@type\":\"Organization\",\"@id\":\"https:\/\/aivlisoft.net\/shop\/#organization\",\"name\":\"Aivlisoft Inform\u00e1tica\",\"url\":\"https:\/\/aivlisoft.net\/shop\/\",\"logo\":{\"@type\":\"ImageObject\",\"inLanguage\":\"es\",\"@id\":\"https:\/\/aivlisoft.net\/shop\/#\/schema\/logo\/image\/\",\"url\":\"https:\/\/aivlisoft.net\/shop\/wp-content\/uploads\/2024\/12\/removal.ai_5b848c54-0cdf-4140-95c5-c5536bb7573b-logodef.png\",\"contentUrl\":\"https:\/\/aivlisoft.net\/shop\/wp-content\/uploads\/2024\/12\/removal.ai_5b848c54-0cdf-4140-95c5-c5536bb7573b-logodef.png\",\"width\":484,\"height\":182,\"caption\":\"Aivlisoft Inform\u00e1tica\"},\"image\":{\"@id\":\"https:\/\/aivlisoft.net\/shop\/#\/schema\/logo\/image\/\"}}]}<\/script>\n<!-- \/ Yoast SEO plugin. -->","yoast_head_json":{"title":"Ewent EW3245 Raton inalambrico dual click silenci - Aivlisoft Inform\u00e1tica","robots":{"index":"index","follow":"follow","max-snippet":"max-snippet:-1","max-image-preview":"max-image-preview:large","max-video-preview":"max-video-preview:-1"},"canonical":"https:\/\/aivlisoft.net\/shop\/producto\/ewent-ew3245-raton-inalambrico-dual-click-silenci\/","og_locale":"es_ES","og_type":"article","og_title":"Ewent EW3245 Raton inalambrico dual click silenci - Aivlisoft Inform\u00e1tica","og_description":"Alternar entre dos dispositivos diferentesConectar a trav&eacute;s de los receptores USB-C y USB-A incorporados; f&aacute;cilmente almacenables dentro del rat&oacute;nInterruptor de 1000\/1600\/2000\/2400 PPP para seleccionar la exactitud y precisi&oacute;n que prefieraElimina ruido excesivo con su clic silenciosoRueda de desplazamiento de metal s&oacute;lido y botones laterales accesiblesFunci&oacute;n inteligente de ahorro de energ&iacute;a para un uso prolongado de&hellip;&nbsp;Ewent EW3245 Raton inalambrico dual click silenci","og_url":"https:\/\/aivlisoft.net\/shop\/producto\/ewent-ew3245-raton-inalambrico-dual-click-silenci\/","og_site_name":"Aivlisoft Inform\u00e1tica","article_modified_time":"2025-01-15T10:41:32+00:00","og_image":[{"width":800,"height":800,"url":"https:\/\/aivlisoft.net\/shop\/wp-content\/uploads\/2025\/01\/FTRRIN0458_800.jpg","type":"image\/jpeg"}],"twitter_card":"summary_large_image","twitter_misc":{"Tiempo de lectura":"1 minuto"},"schema":{"@context":"https:\/\/schema.org","@graph":[{"@type":"WebPage","@id":"https:\/\/aivlisoft.net\/shop\/producto\/ewent-ew3245-raton-inalambrico-dual-click-silenci\/","url":"https:\/\/aivlisoft.net\/shop\/producto\/ewent-ew3245-raton-inalambrico-dual-click-silenci\/","name":"Ewent EW3245 Raton inalambrico dual click silenci - Aivlisoft Inform\u00e1tica","isPartOf":{"@id":"https:\/\/aivlisoft.net\/shop\/#website"},"primaryImageOfPage":{"@id":"https:\/\/aivlisoft.net\/shop\/producto\/ewent-ew3245-raton-inalambrico-dual-click-silenci\/#primaryimage"},"image":{"@id":"https:\/\/aivlisoft.net\/shop\/producto\/ewent-ew3245-raton-inalambrico-dual-click-silenci\/#primaryimage"},"thumbnailUrl":"https:\/\/aivlisoft.net\/shop\/wp-content\/uploads\/2025\/01\/FTRRIN0458_800.jpg","datePublished":"2025-01-13T14:09:08+00:00","dateModified":"2025-01-15T10:41:32+00:00","breadcrumb":{"@id":"https:\/\/aivlisoft.net\/shop\/producto\/ewent-ew3245-raton-inalambrico-dual-click-silenci\/#breadcrumb"},"inLanguage":"es","potentialAction":[{"@type":"ReadAction","target":["https:\/\/aivlisoft.net\/shop\/producto\/ewent-ew3245-raton-inalambrico-dual-click-silenci\/"]}]},{"@type":"ImageObject","inLanguage":"es","@id":"https:\/\/aivlisoft.net\/shop\/producto\/ewent-ew3245-raton-inalambrico-dual-click-silenci\/#primaryimage","url":"https:\/\/aivlisoft.net\/shop\/wp-content\/uploads\/2025\/01\/FTRRIN0458_800.jpg","contentUrl":"https:\/\/aivlisoft.net\/shop\/wp-content\/uploads\/2025\/01\/FTRRIN0458_800.jpg","width":800,"height":800},{"@type":"BreadcrumbList","@id":"https:\/\/aivlisoft.net\/shop\/producto\/ewent-ew3245-raton-inalambrico-dual-click-silenci\/#breadcrumb","itemListElement":[{"@type":"ListItem","position":1,"name":"Portada","item":"https:\/\/aivlisoft.net\/shop\/"},{"@type":"ListItem","position":2,"name":"Tienda","item":"https:\/\/aivlisoft.net\/shop\/tienda\/"},{"@type":"ListItem","position":3,"name":"Ewent EW3245 Raton inalambrico dual click silenci"}]},{"@type":"WebSite","@id":"https:\/\/aivlisoft.net\/shop\/#website","url":"https:\/\/aivlisoft.net\/shop\/","name":"Aivlisoft Inform\u00e1tica","description":"En Aivlisoft Inform\u00e1tica ofrecemos soluciones tecnol\u00f3gicas para empresas: venta de ordenadores, consumibles, perif\u00e9ricos y m\u00e1s. Calidad, atenci\u00f3n personalizada y los mejores precios para tu negocio.","publisher":{"@id":"https:\/\/aivlisoft.net\/shop\/#organization"},"potentialAction":[{"@type":"SearchAction","target":{"@type":"EntryPoint","urlTemplate":"https:\/\/aivlisoft.net\/shop\/?s={search_term_string}"},"query-input":{"@type":"PropertyValueSpecification","valueRequired":true,"valueName":"search_term_string"}}],"inLanguage":"es"},{"@type":"Organization","@id":"https:\/\/aivlisoft.net\/shop\/#organization","name":"Aivlisoft Inform\u00e1tica","url":"https:\/\/aivlisoft.net\/shop\/","logo":{"@type":"ImageObject","inLanguage":"es","@id":"https:\/\/aivlisoft.net\/shop\/#\/schema\/logo\/image\/","url":"https:\/\/aivlisoft.net\/shop\/wp-content\/uploads\/2024\/12\/removal.ai_5b848c54-0cdf-4140-95c5-c5536bb7573b-logodef.png","contentUrl":"https:\/\/aivlisoft.net\/shop\/wp-content\/uploads\/2024\/12\/removal.ai_5b848c54-0cdf-4140-95c5-c5536bb7573b-logodef.png","width":484,"height":182,"caption":"Aivlisoft Inform\u00e1tica"},"image":{"@id":"https:\/\/aivlisoft.net\/shop\/#\/schema\/logo\/image\/"}}]}},"_links":{"self":[{"href":"https:\/\/aivlisoft.net\/shop\/wp-json\/wp\/v2\/product\/10855","targetHints":{"allow":["GET"]}}],"collection":[{"href":"https:\/\/aivlisoft.net\/shop\/wp-json\/wp\/v2\/product"}],"about":[{"href":"https:\/\/aivlisoft.net\/shop\/wp-json\/wp\/v2\/types\/product"}],"wp:featuredmedia":[{"embeddable":true,"href":"https:\/\/aivlisoft.net\/shop\/wp-json\/wp\/v2\/media\/10856"}],"wp:attachment":[{"href":"https:\/\/aivlisoft.net\/shop\/wp-json\/wp\/v2\/media?parent=10855"}],"wp:term":[{"taxonomy":"product_brand","embeddable":true,"href":"https:\/\/aivlisoft.net\/shop\/wp-json\/wp\/v2\/product_brand?post=10855"},{"taxonomy":"product_cat","embeddable":true,"href":"https:\/\/aivlisoft.net\/shop\/wp-json\/wp\/v2\/product_cat?post=10855"},{"taxonomy":"product_tag","embeddable":true,"href":"https:\/\/aivlisoft.net\/shop\/wp-json\/wp\/v2\/product_tag?post=10855"}],"curies":[{"name":"wp","href":"https:\/\/api.w.org\/{rel}","templated":true}]}}