{"id":10850,"date":"2025-01-13T14:09:06","date_gmt":"2025-01-13T14:09:06","guid":{"rendered":"https:\/\/aivlisoft.com\/?post_type=product&#038;p=10850"},"modified":"2025-01-15T10:41:32","modified_gmt":"2025-01-15T10:41:32","slug":"ngs-blur-rb-raton-inalambrico-multidispo","status":"publish","type":"product","link":"https:\/\/aivlisoft.net\/shop\/producto\/ngs-blur-rb-raton-inalambrico-multidispo\/","title":{"rendered":"Ngs Blur-rb raton inalambrico multidispo."},"content":{"rendered":"<p>&#8211; Rat&oacute;n inal&aacute;mbrico multidispositivo Bluetooth LASER recargable 2.4Ghz (USB-A + USB-C) + BT3.0 + BT5.0<br \/>&#8211; Este rat&oacute;n inal&aacute;mbrico tiene conexi&oacute;n tri-modal (2.4Ghz + BT3.0 + BT5.0): Soporta 3 dispositivos al mismo tiempo y cambia r&aacute;pidamente entre ellos a trav&eacute;s del bot&oacute;n de cambio de modo.<br \/>&#8211; Dos canales para la conexi&oacute;n BT3.0 y BT5.0 ofrecen 10M de distancia de funcionamiento y reconexi&oacute;n autom&aacute;tica.<br \/>&#8211; Un canal para Dongle de 2,4Ghz (USB-A + USB-C) con conexi&oacute;n potente y fiable.<br \/>&#8211; Equipado con una bater&iacute;a de litio recargable que se puede cargar f&aacute;cilmente con el cable USB-C incluido.<br \/>&#8211; Cuenta con un sensor L&Aacute;SER de alto rendimiento, DPIs totalmente ajustable: 800\/1600\/3200.<br \/>&#8211; Incluye una rueda met&aacute;lica antideslizante para un mejor agarre con scroll y 6 botones.&nbsp;<br \/>&#8211; Dise&ntilde;ado especialmente para usuarios diestros<br \/>&#8211; Incorpora base de tefl&oacute;n para asegurar un perfecto deslizamiento en cualquier superficie<br \/>&#8211; Control preciso: El sensor l&aacute;ser le proporciona un control preciso en m&uacute;ltiples superficies<br \/>&#8211; Alcance inal&aacute;mbrico de 8-10 m<br \/>&#8211; &quot;Plug and Play&quot;&nbsp;<br \/>&#8211; Bot&oacute;n de encendido\/apagado para ahorro de energ&iacute;a<br \/>&#8211; Hasta 50 horas de duraci&oacute;n de la bater&iacute;a con una sola carga<br \/>&nbsp;<\/p>\n<table width=\"100%\">\n<tr>\n<td valign=\"top\"><strong>Marca<\/strong><\/td>\n<td>NGS<\/td>\n<\/tr>\n<tr>\n<td valign=\"top\"><strong>Modelo<\/strong><\/td>\n<td><strong>BLUR-RB<\/strong><\/td>\n<\/tr>\n<tr>\n<td valign=\"top\"><strong>Tipo<\/strong><\/td>\n<td>&#8211; Rat&oacute;n inal&aacute;mbrico<\/td>\n<\/tr>\n<tr>\n<td valign=\"top\"><strong>Conexi&oacute;n<\/strong><\/td>\n<td>&#8211; USB<\/td>\n<\/tr>\n<tr>\n<td valign=\"top\"><strong>Caracter&iacute;sticas<\/strong><\/td>\n<td>&#8211; Multimodal &nbsp;&nbsp; &nbsp;<br \/>\t\t\t&#8211; 2.4GHz (USB-A + USB-C) + Bluetooth 4.0 + Bluetooth 4.0&nbsp;<br \/>\t\t\t&#8211; Recargable &nbsp;&nbsp; &nbsp;<br \/>\t\t\t&#8211; Sensor l&aacute;ser com 800\/1600\/3200 DPI&nbsp;<br \/>\t\t\t&#8211; Rueda de desplazamiento met&aacute;lica + 6 botones &nbsp;&nbsp; &nbsp;<br \/>\t\t\t&#8211; Ergon&oacute;mico&nbsp;<br \/>\t\t\t<strong>Contenido<\/strong><br \/>\t\t\t&#8211; BLUR-RB<br \/>\t\t\t&#8211; Cable de carga USB<br \/>\t\t\t&#8211; Gu&iacute;a de instalaci&oacute;n<br \/>\t\t\t&#8211; Tarjeta de garant&iacute;a de 2 a&ntilde;o<\/td>\n<\/tr>\n<tr>\n<td valign=\"top\"><strong>Fecha Revisi&oacute;n<\/strong><\/td>\n<td>20-08-2021 por YMC<\/td>\n<\/tr>\n<\/table>\n","protected":false},"excerpt":{"rendered":"<p>&#8211; Rat&oacute;n inal&aacute;mbrico multidispositivo Bluetooth LASER recargable 2.4Ghz (USB-A + USB-C) + BT3.0 + BT5.0&#8211; Este rat&oacute;n inal&aacute;mbrico tiene conexi&oacute;n tri-modal (2.4Ghz + BT3.0 + BT5.0): Soporta 3 dispositivos al mismo tiempo y cambia r&aacute;pidamente entre ellos a trav&eacute;s del bot&oacute;n de cambio de modo.&#8211; Dos canales para la conexi&oacute;n BT3.0 y BT5.0 ofrecen 10M&hellip;&nbsp;<a href=\"https:\/\/aivlisoft.net\/shop\/producto\/ngs-blur-rb-raton-inalambrico-multidispo\/\" rel=\"bookmark\"><span class=\"screen-reader-text\">Ngs Blur-rb raton inalambrico multidispo.<\/span><\/a><\/p>\n","protected":false},"featured_media":10851,"template":"","meta":{"neve_meta_sidebar":"","neve_meta_container":"","neve_meta_enable_content_width":"","neve_meta_content_width":0,"neve_meta_title_alignment":"","neve_meta_author_avatar":"","neve_post_elements_order":"","neve_meta_disable_header":"","neve_meta_disable_footer":"","neve_meta_disable_title":""},"product_brand":[],"product_cat":[15,790,1970,4099],"product_tag":[4252],"class_list":{"0":"post-10850","1":"product","2":"type-product","3":"status-publish","4":"has-post-thumbnail","6":"product_cat-sin-categorizar","7":"product_cat-accesorios-gaming","8":"product_cat-accesorios-pc-y-tpv","9":"product_cat-teclados-y-ratones","10":"product_tag-blur-rb","12":"first","13":"instock","14":"taxable","15":"shipping-taxable","16":"purchasable","17":"product-type-simple"},"yoast_head":"<!-- This site is optimized with the Yoast SEO plugin v26.0 - https:\/\/yoast.com\/wordpress\/plugins\/seo\/ -->\n<title>Ngs Blur-rb raton inalambrico multidispo. - Aivlisoft Inform\u00e1tica<\/title>\n<meta name=\"robots\" content=\"index, follow, max-snippet:-1, max-image-preview:large, max-video-preview:-1\" \/>\n<link rel=\"canonical\" href=\"https:\/\/aivlisoft.net\/shop\/producto\/ngs-blur-rb-raton-inalambrico-multidispo\/\" \/>\n<meta property=\"og:locale\" content=\"es_ES\" \/>\n<meta property=\"og:type\" content=\"article\" \/>\n<meta property=\"og:title\" content=\"Ngs Blur-rb raton inalambrico multidispo. - Aivlisoft Inform\u00e1tica\" \/>\n<meta property=\"og:description\" content=\"&#8211; Rat&oacute;n inal&aacute;mbrico multidispositivo Bluetooth LASER recargable 2.4Ghz (USB-A + USB-C) + BT3.0 + BT5.0&#8211; Este rat&oacute;n inal&aacute;mbrico tiene conexi&oacute;n tri-modal (2.4Ghz + BT3.0 + BT5.0): Soporta 3 dispositivos al mismo tiempo y cambia r&aacute;pidamente entre ellos a trav&eacute;s del bot&oacute;n de cambio de modo.&#8211; Dos canales para la conexi&oacute;n BT3.0 y BT5.0 ofrecen 10M&hellip;&nbsp;Ngs Blur-rb raton inalambrico multidispo.\" \/>\n<meta property=\"og:url\" content=\"https:\/\/aivlisoft.net\/shop\/producto\/ngs-blur-rb-raton-inalambrico-multidispo\/\" \/>\n<meta property=\"og:site_name\" content=\"Aivlisoft Inform\u00e1tica\" \/>\n<meta property=\"article:modified_time\" content=\"2025-01-15T10:41:32+00:00\" \/>\n<meta property=\"og:image\" content=\"https:\/\/aivlisoft.net\/shop\/wp-content\/uploads\/2025\/01\/FTRRIN0455_800.jpg\" \/>\n\t<meta property=\"og:image:width\" content=\"800\" \/>\n\t<meta property=\"og:image:height\" content=\"800\" \/>\n\t<meta property=\"og:image:type\" content=\"image\/jpeg\" \/>\n<meta name=\"twitter:card\" content=\"summary_large_image\" \/>\n<meta name=\"twitter:label1\" content=\"Tiempo de lectura\" \/>\n\t<meta name=\"twitter:data1\" content=\"2 minutos\" \/>\n<script type=\"application\/ld+json\" class=\"yoast-schema-graph\">{\"@context\":\"https:\/\/schema.org\",\"@graph\":[{\"@type\":\"WebPage\",\"@id\":\"https:\/\/aivlisoft.net\/shop\/producto\/ngs-blur-rb-raton-inalambrico-multidispo\/\",\"url\":\"https:\/\/aivlisoft.net\/shop\/producto\/ngs-blur-rb-raton-inalambrico-multidispo\/\",\"name\":\"Ngs Blur-rb raton inalambrico multidispo. - Aivlisoft Inform\u00e1tica\",\"isPartOf\":{\"@id\":\"https:\/\/aivlisoft.net\/shop\/#website\"},\"primaryImageOfPage\":{\"@id\":\"https:\/\/aivlisoft.net\/shop\/producto\/ngs-blur-rb-raton-inalambrico-multidispo\/#primaryimage\"},\"image\":{\"@id\":\"https:\/\/aivlisoft.net\/shop\/producto\/ngs-blur-rb-raton-inalambrico-multidispo\/#primaryimage\"},\"thumbnailUrl\":\"https:\/\/aivlisoft.net\/shop\/wp-content\/uploads\/2025\/01\/FTRRIN0455_800.jpg\",\"datePublished\":\"2025-01-13T14:09:06+00:00\",\"dateModified\":\"2025-01-15T10:41:32+00:00\",\"breadcrumb\":{\"@id\":\"https:\/\/aivlisoft.net\/shop\/producto\/ngs-blur-rb-raton-inalambrico-multidispo\/#breadcrumb\"},\"inLanguage\":\"es\",\"potentialAction\":[{\"@type\":\"ReadAction\",\"target\":[\"https:\/\/aivlisoft.net\/shop\/producto\/ngs-blur-rb-raton-inalambrico-multidispo\/\"]}]},{\"@type\":\"ImageObject\",\"inLanguage\":\"es\",\"@id\":\"https:\/\/aivlisoft.net\/shop\/producto\/ngs-blur-rb-raton-inalambrico-multidispo\/#primaryimage\",\"url\":\"https:\/\/aivlisoft.net\/shop\/wp-content\/uploads\/2025\/01\/FTRRIN0455_800.jpg\",\"contentUrl\":\"https:\/\/aivlisoft.net\/shop\/wp-content\/uploads\/2025\/01\/FTRRIN0455_800.jpg\",\"width\":800,\"height\":800},{\"@type\":\"BreadcrumbList\",\"@id\":\"https:\/\/aivlisoft.net\/shop\/producto\/ngs-blur-rb-raton-inalambrico-multidispo\/#breadcrumb\",\"itemListElement\":[{\"@type\":\"ListItem\",\"position\":1,\"name\":\"Portada\",\"item\":\"https:\/\/aivlisoft.net\/shop\/\"},{\"@type\":\"ListItem\",\"position\":2,\"name\":\"Tienda\",\"item\":\"https:\/\/aivlisoft.net\/shop\/tienda\/\"},{\"@type\":\"ListItem\",\"position\":3,\"name\":\"Ngs Blur-rb raton inalambrico multidispo.\"}]},{\"@type\":\"WebSite\",\"@id\":\"https:\/\/aivlisoft.net\/shop\/#website\",\"url\":\"https:\/\/aivlisoft.net\/shop\/\",\"name\":\"Aivlisoft Inform\u00e1tica\",\"description\":\"En Aivlisoft Inform\u00e1tica ofrecemos soluciones tecnol\u00f3gicas para empresas: venta de ordenadores, consumibles, perif\u00e9ricos y m\u00e1s. Calidad, atenci\u00f3n personalizada y los mejores precios para tu negocio.\",\"publisher\":{\"@id\":\"https:\/\/aivlisoft.net\/shop\/#organization\"},\"potentialAction\":[{\"@type\":\"SearchAction\",\"target\":{\"@type\":\"EntryPoint\",\"urlTemplate\":\"https:\/\/aivlisoft.net\/shop\/?s={search_term_string}\"},\"query-input\":{\"@type\":\"PropertyValueSpecification\",\"valueRequired\":true,\"valueName\":\"search_term_string\"}}],\"inLanguage\":\"es\"},{\"@type\":\"Organization\",\"@id\":\"https:\/\/aivlisoft.net\/shop\/#organization\",\"name\":\"Aivlisoft Inform\u00e1tica\",\"url\":\"https:\/\/aivlisoft.net\/shop\/\",\"logo\":{\"@type\":\"ImageObject\",\"inLanguage\":\"es\",\"@id\":\"https:\/\/aivlisoft.net\/shop\/#\/schema\/logo\/image\/\",\"url\":\"https:\/\/aivlisoft.net\/shop\/wp-content\/uploads\/2024\/12\/removal.ai_5b848c54-0cdf-4140-95c5-c5536bb7573b-logodef.png\",\"contentUrl\":\"https:\/\/aivlisoft.net\/shop\/wp-content\/uploads\/2024\/12\/removal.ai_5b848c54-0cdf-4140-95c5-c5536bb7573b-logodef.png\",\"width\":484,\"height\":182,\"caption\":\"Aivlisoft Inform\u00e1tica\"},\"image\":{\"@id\":\"https:\/\/aivlisoft.net\/shop\/#\/schema\/logo\/image\/\"}}]}<\/script>\n<!-- \/ Yoast SEO plugin. -->","yoast_head_json":{"title":"Ngs Blur-rb raton inalambrico multidispo. - Aivlisoft Inform\u00e1tica","robots":{"index":"index","follow":"follow","max-snippet":"max-snippet:-1","max-image-preview":"max-image-preview:large","max-video-preview":"max-video-preview:-1"},"canonical":"https:\/\/aivlisoft.net\/shop\/producto\/ngs-blur-rb-raton-inalambrico-multidispo\/","og_locale":"es_ES","og_type":"article","og_title":"Ngs Blur-rb raton inalambrico multidispo. - Aivlisoft Inform\u00e1tica","og_description":"&#8211; Rat&oacute;n inal&aacute;mbrico multidispositivo Bluetooth LASER recargable 2.4Ghz (USB-A + USB-C) + BT3.0 + BT5.0&#8211; Este rat&oacute;n inal&aacute;mbrico tiene conexi&oacute;n tri-modal (2.4Ghz + BT3.0 + BT5.0): Soporta 3 dispositivos al mismo tiempo y cambia r&aacute;pidamente entre ellos a trav&eacute;s del bot&oacute;n de cambio de modo.&#8211; Dos canales para la conexi&oacute;n BT3.0 y BT5.0 ofrecen 10M&hellip;&nbsp;Ngs Blur-rb raton inalambrico multidispo.","og_url":"https:\/\/aivlisoft.net\/shop\/producto\/ngs-blur-rb-raton-inalambrico-multidispo\/","og_site_name":"Aivlisoft Inform\u00e1tica","article_modified_time":"2025-01-15T10:41:32+00:00","og_image":[{"width":800,"height":800,"url":"https:\/\/aivlisoft.net\/shop\/wp-content\/uploads\/2025\/01\/FTRRIN0455_800.jpg","type":"image\/jpeg"}],"twitter_card":"summary_large_image","twitter_misc":{"Tiempo de lectura":"2 minutos"},"schema":{"@context":"https:\/\/schema.org","@graph":[{"@type":"WebPage","@id":"https:\/\/aivlisoft.net\/shop\/producto\/ngs-blur-rb-raton-inalambrico-multidispo\/","url":"https:\/\/aivlisoft.net\/shop\/producto\/ngs-blur-rb-raton-inalambrico-multidispo\/","name":"Ngs Blur-rb raton inalambrico multidispo. - Aivlisoft Inform\u00e1tica","isPartOf":{"@id":"https:\/\/aivlisoft.net\/shop\/#website"},"primaryImageOfPage":{"@id":"https:\/\/aivlisoft.net\/shop\/producto\/ngs-blur-rb-raton-inalambrico-multidispo\/#primaryimage"},"image":{"@id":"https:\/\/aivlisoft.net\/shop\/producto\/ngs-blur-rb-raton-inalambrico-multidispo\/#primaryimage"},"thumbnailUrl":"https:\/\/aivlisoft.net\/shop\/wp-content\/uploads\/2025\/01\/FTRRIN0455_800.jpg","datePublished":"2025-01-13T14:09:06+00:00","dateModified":"2025-01-15T10:41:32+00:00","breadcrumb":{"@id":"https:\/\/aivlisoft.net\/shop\/producto\/ngs-blur-rb-raton-inalambrico-multidispo\/#breadcrumb"},"inLanguage":"es","potentialAction":[{"@type":"ReadAction","target":["https:\/\/aivlisoft.net\/shop\/producto\/ngs-blur-rb-raton-inalambrico-multidispo\/"]}]},{"@type":"ImageObject","inLanguage":"es","@id":"https:\/\/aivlisoft.net\/shop\/producto\/ngs-blur-rb-raton-inalambrico-multidispo\/#primaryimage","url":"https:\/\/aivlisoft.net\/shop\/wp-content\/uploads\/2025\/01\/FTRRIN0455_800.jpg","contentUrl":"https:\/\/aivlisoft.net\/shop\/wp-content\/uploads\/2025\/01\/FTRRIN0455_800.jpg","width":800,"height":800},{"@type":"BreadcrumbList","@id":"https:\/\/aivlisoft.net\/shop\/producto\/ngs-blur-rb-raton-inalambrico-multidispo\/#breadcrumb","itemListElement":[{"@type":"ListItem","position":1,"name":"Portada","item":"https:\/\/aivlisoft.net\/shop\/"},{"@type":"ListItem","position":2,"name":"Tienda","item":"https:\/\/aivlisoft.net\/shop\/tienda\/"},{"@type":"ListItem","position":3,"name":"Ngs Blur-rb raton inalambrico multidispo."}]},{"@type":"WebSite","@id":"https:\/\/aivlisoft.net\/shop\/#website","url":"https:\/\/aivlisoft.net\/shop\/","name":"Aivlisoft Inform\u00e1tica","description":"En Aivlisoft Inform\u00e1tica ofrecemos soluciones tecnol\u00f3gicas para empresas: venta de ordenadores, consumibles, perif\u00e9ricos y m\u00e1s. Calidad, atenci\u00f3n personalizada y los mejores precios para tu negocio.","publisher":{"@id":"https:\/\/aivlisoft.net\/shop\/#organization"},"potentialAction":[{"@type":"SearchAction","target":{"@type":"EntryPoint","urlTemplate":"https:\/\/aivlisoft.net\/shop\/?s={search_term_string}"},"query-input":{"@type":"PropertyValueSpecification","valueRequired":true,"valueName":"search_term_string"}}],"inLanguage":"es"},{"@type":"Organization","@id":"https:\/\/aivlisoft.net\/shop\/#organization","name":"Aivlisoft Inform\u00e1tica","url":"https:\/\/aivlisoft.net\/shop\/","logo":{"@type":"ImageObject","inLanguage":"es","@id":"https:\/\/aivlisoft.net\/shop\/#\/schema\/logo\/image\/","url":"https:\/\/aivlisoft.net\/shop\/wp-content\/uploads\/2024\/12\/removal.ai_5b848c54-0cdf-4140-95c5-c5536bb7573b-logodef.png","contentUrl":"https:\/\/aivlisoft.net\/shop\/wp-content\/uploads\/2024\/12\/removal.ai_5b848c54-0cdf-4140-95c5-c5536bb7573b-logodef.png","width":484,"height":182,"caption":"Aivlisoft Inform\u00e1tica"},"image":{"@id":"https:\/\/aivlisoft.net\/shop\/#\/schema\/logo\/image\/"}}]}},"_links":{"self":[{"href":"https:\/\/aivlisoft.net\/shop\/wp-json\/wp\/v2\/product\/10850","targetHints":{"allow":["GET"]}}],"collection":[{"href":"https:\/\/aivlisoft.net\/shop\/wp-json\/wp\/v2\/product"}],"about":[{"href":"https:\/\/aivlisoft.net\/shop\/wp-json\/wp\/v2\/types\/product"}],"wp:featuredmedia":[{"embeddable":true,"href":"https:\/\/aivlisoft.net\/shop\/wp-json\/wp\/v2\/media\/10851"}],"wp:attachment":[{"href":"https:\/\/aivlisoft.net\/shop\/wp-json\/wp\/v2\/media?parent=10850"}],"wp:term":[{"taxonomy":"product_brand","embeddable":true,"href":"https:\/\/aivlisoft.net\/shop\/wp-json\/wp\/v2\/product_brand?post=10850"},{"taxonomy":"product_cat","embeddable":true,"href":"https:\/\/aivlisoft.net\/shop\/wp-json\/wp\/v2\/product_cat?post=10850"},{"taxonomy":"product_tag","embeddable":true,"href":"https:\/\/aivlisoft.net\/shop\/wp-json\/wp\/v2\/product_tag?post=10850"}],"curies":[{"name":"wp","href":"https:\/\/api.w.org\/{rel}","templated":true}]}}