{"id":10842,"date":"2025-01-13T14:09:00","date_gmt":"2025-01-13T14:09:00","guid":{"rendered":"https:\/\/aivlisoft.com\/?post_type=product&#038;p=10842"},"modified":"2025-01-15T10:41:34","modified_gmt":"2025-01-15T10:41:34","slug":"ngs-smogmint-rb-raton-inalam-multidispositivo-bl","status":"publish","type":"product","link":"https:\/\/aivlisoft.net\/shop\/producto\/ngs-smogmint-rb-raton-inalam-multidispositivo-bl\/","title":{"rendered":"NGS SMOGMINT-RB raton inalam MULTIDISPOSITIVO BL."},"content":{"rendered":"<p>Rat&oacute;n inal&aacute;mbrico recargable con tecnolog&iacute;a Bluetooth para varios dispositivos. 2,4 GHz + BT3.0 + BT5.0 con luces led.<br \/>El rat&oacute;n inal&aacute;mbrico tiene una triple conexi&oacute;n (BT.3+BT5.0+2,4G inal&aacute;mbrico): compatible con 3 dispositivos a la vez. Puedes cambiar r&aacute;pidamente entre los dispositivos con el bot&oacute;n de cambio.<br \/>La conexi&oacute;n con dos canales para BT3.0 + BT5.0 te permitir&aacute; usar el rat&oacute;n a una distancia de 10 m y una reconexi&oacute;n autom&aacute;tica.<br \/>Canal para USB de 2,4 GHz con una conexi&oacute;n potente y fiable.<br \/>Incluye un sensor de alto rendimiento, completamente ajustable. PPP: 1000\/1600\/2400<br \/>Equipado con una bater&iacute;a de litio recargable, f&aacute;cil de cargar con el cable USB de tipo C (incluido).<br \/>Incluye una rueda de desplazamiento de goma antideslizante con un dise&ntilde;o &oacute;ptimo de deslizamiento y 3 botones.<br \/>Clic silencioso: sus suaves y silenciosos clics te ayudar&aacute;n a desprenderte de las preocupaciones de molestar a las personas de tu alrededor, ya que reduce el sonido hasta un 90 %.<br \/>Dispone de retroiluminaci&oacute;n RGB personalizable, con 15 colores que podr&aacute;s cambiar f&aacute;cilmente haciendo clic en la rueda de desplazamiento central. La retroiluminaci&oacute;n tambi&eacute;n puede apagarse.<br \/>Sensor &oacute;ptico para un realizar su trabajo con precisi&oacute;n.<br \/>Ambidiestro<br \/>Alcance inal&aacute;mbrico de 8-10 m &#8211; Hasta 50 horas de bater&iacute;a en una sola carga<br \/>Bot&oacute;n de encendido\/apagado de ahorro de energ&iacute;a.<br \/>Sistema &quot;Plug and Play&quot;<br \/>&nbsp;<\/p>\n<table class=\"tabla_caracteristicas k-table\" width=\"100%\">\n<tr>\n<td><strong>Marca<\/strong><\/td>\n<td>NGS<\/td>\n<\/tr>\n<tr>\n<td><strong>Modelo<\/strong><\/td>\n<td>SMOGMINT-RB<\/td>\n<\/tr>\n<tr>\n<td><strong>Caracteristicas<\/strong><\/td>\n<td>&#8211; 2.4GHz + Bluetooth 3.0 + Bluetooth 5.0<br \/>\t\t\t&#8211; Recargable<br \/>\t\t\t&#8211; 1000 \/ 1600 \/ 2400 DPI<br \/>\t\t\t&#8211; Botones silenciosos<br \/>\t\t\t&#8211; Luces LED<br \/>\t\t\t&#8211; Rueda de desplazamiento + 3 botones<br \/>\t\t\t<strong>Contenido<\/strong><br \/>\t\t\t&#8211; Smog-RB<br \/>\t\t\t&#8211; Cable de carga USB-C<br \/>\t\t\t&#8211; Gu&iacute;a de instalaci&oacute;n<\/td>\n<\/tr>\n<tr>\n<td><strong>Fecha de revisi&oacute;n<\/strong><\/td>\n<td>18-05-2021 por YMC<\/td>\n<\/tr>\n<\/table>\n","protected":false},"excerpt":{"rendered":"<p>Rat&oacute;n inal&aacute;mbrico recargable con tecnolog&iacute;a Bluetooth para varios dispositivos. 2,4 GHz + BT3.0 + BT5.0 con luces led.El rat&oacute;n inal&aacute;mbrico tiene una triple conexi&oacute;n (BT.3+BT5.0+2,4G inal&aacute;mbrico): compatible con 3 dispositivos a la vez. Puedes cambiar r&aacute;pidamente entre los dispositivos con el bot&oacute;n de cambio.La conexi&oacute;n con dos canales para BT3.0 + BT5.0 te permitir&aacute; usar&hellip;&nbsp;<a href=\"https:\/\/aivlisoft.net\/shop\/producto\/ngs-smogmint-rb-raton-inalam-multidispositivo-bl\/\" rel=\"bookmark\"><span class=\"screen-reader-text\">NGS SMOGMINT-RB raton inalam MULTIDISPOSITIVO BL.<\/span><\/a><\/p>\n","protected":false},"featured_media":10843,"template":"","meta":{"neve_meta_sidebar":"","neve_meta_container":"","neve_meta_enable_content_width":"","neve_meta_content_width":0,"neve_meta_title_alignment":"","neve_meta_author_avatar":"","neve_post_elements_order":"","neve_meta_disable_header":"","neve_meta_disable_footer":"","neve_meta_disable_title":""},"product_brand":[],"product_cat":[15,790,1970,4099],"product_tag":[4248],"class_list":{"0":"post-10842","1":"product","2":"type-product","3":"status-publish","4":"has-post-thumbnail","6":"product_cat-sin-categorizar","7":"product_cat-accesorios-gaming","8":"product_cat-accesorios-pc-y-tpv","9":"product_cat-teclados-y-ratones","10":"product_tag-smogmint-rb","12":"first","13":"instock","14":"taxable","15":"shipping-taxable","16":"purchasable","17":"product-type-simple"},"yoast_head":"<!-- This site is optimized with the Yoast SEO plugin v26.0 - https:\/\/yoast.com\/wordpress\/plugins\/seo\/ -->\n<title>NGS SMOGMINT-RB raton inalam MULTIDISPOSITIVO BL. - Aivlisoft Inform\u00e1tica<\/title>\n<meta name=\"robots\" content=\"index, follow, max-snippet:-1, max-image-preview:large, max-video-preview:-1\" \/>\n<link rel=\"canonical\" href=\"https:\/\/aivlisoft.net\/shop\/producto\/ngs-smogmint-rb-raton-inalam-multidispositivo-bl\/\" \/>\n<meta property=\"og:locale\" content=\"es_ES\" \/>\n<meta property=\"og:type\" content=\"article\" \/>\n<meta property=\"og:title\" content=\"NGS SMOGMINT-RB raton inalam MULTIDISPOSITIVO BL. - Aivlisoft Inform\u00e1tica\" \/>\n<meta property=\"og:description\" content=\"Rat&oacute;n inal&aacute;mbrico recargable con tecnolog&iacute;a Bluetooth para varios dispositivos. 2,4 GHz + BT3.0 + BT5.0 con luces led.El rat&oacute;n inal&aacute;mbrico tiene una triple conexi&oacute;n (BT.3+BT5.0+2,4G inal&aacute;mbrico): compatible con 3 dispositivos a la vez. Puedes cambiar r&aacute;pidamente entre los dispositivos con el bot&oacute;n de cambio.La conexi&oacute;n con dos canales para BT3.0 + BT5.0 te permitir&aacute; usar&hellip;&nbsp;NGS SMOGMINT-RB raton inalam MULTIDISPOSITIVO BL.\" \/>\n<meta property=\"og:url\" content=\"https:\/\/aivlisoft.net\/shop\/producto\/ngs-smogmint-rb-raton-inalam-multidispositivo-bl\/\" \/>\n<meta property=\"og:site_name\" content=\"Aivlisoft Inform\u00e1tica\" \/>\n<meta property=\"article:modified_time\" content=\"2025-01-15T10:41:34+00:00\" \/>\n<meta property=\"og:image\" content=\"https:\/\/aivlisoft.net\/shop\/wp-content\/uploads\/2025\/01\/FTRRIN0450_800.jpg\" \/>\n\t<meta property=\"og:image:width\" content=\"800\" \/>\n\t<meta property=\"og:image:height\" content=\"800\" \/>\n\t<meta property=\"og:image:type\" content=\"image\/jpeg\" \/>\n<meta name=\"twitter:card\" content=\"summary_large_image\" \/>\n<meta name=\"twitter:label1\" content=\"Tiempo de lectura\" \/>\n\t<meta name=\"twitter:data1\" content=\"2 minutos\" \/>\n<script type=\"application\/ld+json\" class=\"yoast-schema-graph\">{\"@context\":\"https:\/\/schema.org\",\"@graph\":[{\"@type\":\"WebPage\",\"@id\":\"https:\/\/aivlisoft.net\/shop\/producto\/ngs-smogmint-rb-raton-inalam-multidispositivo-bl\/\",\"url\":\"https:\/\/aivlisoft.net\/shop\/producto\/ngs-smogmint-rb-raton-inalam-multidispositivo-bl\/\",\"name\":\"NGS SMOGMINT-RB raton inalam MULTIDISPOSITIVO BL. - Aivlisoft Inform\u00e1tica\",\"isPartOf\":{\"@id\":\"https:\/\/aivlisoft.net\/shop\/#website\"},\"primaryImageOfPage\":{\"@id\":\"https:\/\/aivlisoft.net\/shop\/producto\/ngs-smogmint-rb-raton-inalam-multidispositivo-bl\/#primaryimage\"},\"image\":{\"@id\":\"https:\/\/aivlisoft.net\/shop\/producto\/ngs-smogmint-rb-raton-inalam-multidispositivo-bl\/#primaryimage\"},\"thumbnailUrl\":\"https:\/\/aivlisoft.net\/shop\/wp-content\/uploads\/2025\/01\/FTRRIN0450_800.jpg\",\"datePublished\":\"2025-01-13T14:09:00+00:00\",\"dateModified\":\"2025-01-15T10:41:34+00:00\",\"breadcrumb\":{\"@id\":\"https:\/\/aivlisoft.net\/shop\/producto\/ngs-smogmint-rb-raton-inalam-multidispositivo-bl\/#breadcrumb\"},\"inLanguage\":\"es\",\"potentialAction\":[{\"@type\":\"ReadAction\",\"target\":[\"https:\/\/aivlisoft.net\/shop\/producto\/ngs-smogmint-rb-raton-inalam-multidispositivo-bl\/\"]}]},{\"@type\":\"ImageObject\",\"inLanguage\":\"es\",\"@id\":\"https:\/\/aivlisoft.net\/shop\/producto\/ngs-smogmint-rb-raton-inalam-multidispositivo-bl\/#primaryimage\",\"url\":\"https:\/\/aivlisoft.net\/shop\/wp-content\/uploads\/2025\/01\/FTRRIN0450_800.jpg\",\"contentUrl\":\"https:\/\/aivlisoft.net\/shop\/wp-content\/uploads\/2025\/01\/FTRRIN0450_800.jpg\",\"width\":800,\"height\":800},{\"@type\":\"BreadcrumbList\",\"@id\":\"https:\/\/aivlisoft.net\/shop\/producto\/ngs-smogmint-rb-raton-inalam-multidispositivo-bl\/#breadcrumb\",\"itemListElement\":[{\"@type\":\"ListItem\",\"position\":1,\"name\":\"Portada\",\"item\":\"https:\/\/aivlisoft.net\/shop\/\"},{\"@type\":\"ListItem\",\"position\":2,\"name\":\"Tienda\",\"item\":\"https:\/\/aivlisoft.net\/shop\/tienda\/\"},{\"@type\":\"ListItem\",\"position\":3,\"name\":\"NGS SMOGMINT-RB raton inalam MULTIDISPOSITIVO BL.\"}]},{\"@type\":\"WebSite\",\"@id\":\"https:\/\/aivlisoft.net\/shop\/#website\",\"url\":\"https:\/\/aivlisoft.net\/shop\/\",\"name\":\"Aivlisoft Inform\u00e1tica\",\"description\":\"En Aivlisoft Inform\u00e1tica ofrecemos soluciones tecnol\u00f3gicas para empresas: venta de ordenadores, consumibles, perif\u00e9ricos y m\u00e1s. Calidad, atenci\u00f3n personalizada y los mejores precios para tu negocio.\",\"publisher\":{\"@id\":\"https:\/\/aivlisoft.net\/shop\/#organization\"},\"potentialAction\":[{\"@type\":\"SearchAction\",\"target\":{\"@type\":\"EntryPoint\",\"urlTemplate\":\"https:\/\/aivlisoft.net\/shop\/?s={search_term_string}\"},\"query-input\":{\"@type\":\"PropertyValueSpecification\",\"valueRequired\":true,\"valueName\":\"search_term_string\"}}],\"inLanguage\":\"es\"},{\"@type\":\"Organization\",\"@id\":\"https:\/\/aivlisoft.net\/shop\/#organization\",\"name\":\"Aivlisoft Inform\u00e1tica\",\"url\":\"https:\/\/aivlisoft.net\/shop\/\",\"logo\":{\"@type\":\"ImageObject\",\"inLanguage\":\"es\",\"@id\":\"https:\/\/aivlisoft.net\/shop\/#\/schema\/logo\/image\/\",\"url\":\"https:\/\/aivlisoft.net\/shop\/wp-content\/uploads\/2024\/12\/removal.ai_5b848c54-0cdf-4140-95c5-c5536bb7573b-logodef.png\",\"contentUrl\":\"https:\/\/aivlisoft.net\/shop\/wp-content\/uploads\/2024\/12\/removal.ai_5b848c54-0cdf-4140-95c5-c5536bb7573b-logodef.png\",\"width\":484,\"height\":182,\"caption\":\"Aivlisoft Inform\u00e1tica\"},\"image\":{\"@id\":\"https:\/\/aivlisoft.net\/shop\/#\/schema\/logo\/image\/\"}}]}<\/script>\n<!-- \/ Yoast SEO plugin. -->","yoast_head_json":{"title":"NGS SMOGMINT-RB raton inalam MULTIDISPOSITIVO BL. - Aivlisoft Inform\u00e1tica","robots":{"index":"index","follow":"follow","max-snippet":"max-snippet:-1","max-image-preview":"max-image-preview:large","max-video-preview":"max-video-preview:-1"},"canonical":"https:\/\/aivlisoft.net\/shop\/producto\/ngs-smogmint-rb-raton-inalam-multidispositivo-bl\/","og_locale":"es_ES","og_type":"article","og_title":"NGS SMOGMINT-RB raton inalam MULTIDISPOSITIVO BL. - Aivlisoft Inform\u00e1tica","og_description":"Rat&oacute;n inal&aacute;mbrico recargable con tecnolog&iacute;a Bluetooth para varios dispositivos. 2,4 GHz + BT3.0 + BT5.0 con luces led.El rat&oacute;n inal&aacute;mbrico tiene una triple conexi&oacute;n (BT.3+BT5.0+2,4G inal&aacute;mbrico): compatible con 3 dispositivos a la vez. Puedes cambiar r&aacute;pidamente entre los dispositivos con el bot&oacute;n de cambio.La conexi&oacute;n con dos canales para BT3.0 + BT5.0 te permitir&aacute; usar&hellip;&nbsp;NGS SMOGMINT-RB raton inalam MULTIDISPOSITIVO BL.","og_url":"https:\/\/aivlisoft.net\/shop\/producto\/ngs-smogmint-rb-raton-inalam-multidispositivo-bl\/","og_site_name":"Aivlisoft Inform\u00e1tica","article_modified_time":"2025-01-15T10:41:34+00:00","og_image":[{"width":800,"height":800,"url":"https:\/\/aivlisoft.net\/shop\/wp-content\/uploads\/2025\/01\/FTRRIN0450_800.jpg","type":"image\/jpeg"}],"twitter_card":"summary_large_image","twitter_misc":{"Tiempo de lectura":"2 minutos"},"schema":{"@context":"https:\/\/schema.org","@graph":[{"@type":"WebPage","@id":"https:\/\/aivlisoft.net\/shop\/producto\/ngs-smogmint-rb-raton-inalam-multidispositivo-bl\/","url":"https:\/\/aivlisoft.net\/shop\/producto\/ngs-smogmint-rb-raton-inalam-multidispositivo-bl\/","name":"NGS SMOGMINT-RB raton inalam MULTIDISPOSITIVO BL. - Aivlisoft Inform\u00e1tica","isPartOf":{"@id":"https:\/\/aivlisoft.net\/shop\/#website"},"primaryImageOfPage":{"@id":"https:\/\/aivlisoft.net\/shop\/producto\/ngs-smogmint-rb-raton-inalam-multidispositivo-bl\/#primaryimage"},"image":{"@id":"https:\/\/aivlisoft.net\/shop\/producto\/ngs-smogmint-rb-raton-inalam-multidispositivo-bl\/#primaryimage"},"thumbnailUrl":"https:\/\/aivlisoft.net\/shop\/wp-content\/uploads\/2025\/01\/FTRRIN0450_800.jpg","datePublished":"2025-01-13T14:09:00+00:00","dateModified":"2025-01-15T10:41:34+00:00","breadcrumb":{"@id":"https:\/\/aivlisoft.net\/shop\/producto\/ngs-smogmint-rb-raton-inalam-multidispositivo-bl\/#breadcrumb"},"inLanguage":"es","potentialAction":[{"@type":"ReadAction","target":["https:\/\/aivlisoft.net\/shop\/producto\/ngs-smogmint-rb-raton-inalam-multidispositivo-bl\/"]}]},{"@type":"ImageObject","inLanguage":"es","@id":"https:\/\/aivlisoft.net\/shop\/producto\/ngs-smogmint-rb-raton-inalam-multidispositivo-bl\/#primaryimage","url":"https:\/\/aivlisoft.net\/shop\/wp-content\/uploads\/2025\/01\/FTRRIN0450_800.jpg","contentUrl":"https:\/\/aivlisoft.net\/shop\/wp-content\/uploads\/2025\/01\/FTRRIN0450_800.jpg","width":800,"height":800},{"@type":"BreadcrumbList","@id":"https:\/\/aivlisoft.net\/shop\/producto\/ngs-smogmint-rb-raton-inalam-multidispositivo-bl\/#breadcrumb","itemListElement":[{"@type":"ListItem","position":1,"name":"Portada","item":"https:\/\/aivlisoft.net\/shop\/"},{"@type":"ListItem","position":2,"name":"Tienda","item":"https:\/\/aivlisoft.net\/shop\/tienda\/"},{"@type":"ListItem","position":3,"name":"NGS SMOGMINT-RB raton inalam MULTIDISPOSITIVO BL."}]},{"@type":"WebSite","@id":"https:\/\/aivlisoft.net\/shop\/#website","url":"https:\/\/aivlisoft.net\/shop\/","name":"Aivlisoft Inform\u00e1tica","description":"En Aivlisoft Inform\u00e1tica ofrecemos soluciones tecnol\u00f3gicas para empresas: venta de ordenadores, consumibles, perif\u00e9ricos y m\u00e1s. Calidad, atenci\u00f3n personalizada y los mejores precios para tu negocio.","publisher":{"@id":"https:\/\/aivlisoft.net\/shop\/#organization"},"potentialAction":[{"@type":"SearchAction","target":{"@type":"EntryPoint","urlTemplate":"https:\/\/aivlisoft.net\/shop\/?s={search_term_string}"},"query-input":{"@type":"PropertyValueSpecification","valueRequired":true,"valueName":"search_term_string"}}],"inLanguage":"es"},{"@type":"Organization","@id":"https:\/\/aivlisoft.net\/shop\/#organization","name":"Aivlisoft Inform\u00e1tica","url":"https:\/\/aivlisoft.net\/shop\/","logo":{"@type":"ImageObject","inLanguage":"es","@id":"https:\/\/aivlisoft.net\/shop\/#\/schema\/logo\/image\/","url":"https:\/\/aivlisoft.net\/shop\/wp-content\/uploads\/2024\/12\/removal.ai_5b848c54-0cdf-4140-95c5-c5536bb7573b-logodef.png","contentUrl":"https:\/\/aivlisoft.net\/shop\/wp-content\/uploads\/2024\/12\/removal.ai_5b848c54-0cdf-4140-95c5-c5536bb7573b-logodef.png","width":484,"height":182,"caption":"Aivlisoft Inform\u00e1tica"},"image":{"@id":"https:\/\/aivlisoft.net\/shop\/#\/schema\/logo\/image\/"}}]}},"_links":{"self":[{"href":"https:\/\/aivlisoft.net\/shop\/wp-json\/wp\/v2\/product\/10842","targetHints":{"allow":["GET"]}}],"collection":[{"href":"https:\/\/aivlisoft.net\/shop\/wp-json\/wp\/v2\/product"}],"about":[{"href":"https:\/\/aivlisoft.net\/shop\/wp-json\/wp\/v2\/types\/product"}],"wp:featuredmedia":[{"embeddable":true,"href":"https:\/\/aivlisoft.net\/shop\/wp-json\/wp\/v2\/media\/10843"}],"wp:attachment":[{"href":"https:\/\/aivlisoft.net\/shop\/wp-json\/wp\/v2\/media?parent=10842"}],"wp:term":[{"taxonomy":"product_brand","embeddable":true,"href":"https:\/\/aivlisoft.net\/shop\/wp-json\/wp\/v2\/product_brand?post=10842"},{"taxonomy":"product_cat","embeddable":true,"href":"https:\/\/aivlisoft.net\/shop\/wp-json\/wp\/v2\/product_cat?post=10842"},{"taxonomy":"product_tag","embeddable":true,"href":"https:\/\/aivlisoft.net\/shop\/wp-json\/wp\/v2\/product_tag?post=10842"}],"curies":[{"name":"wp","href":"https:\/\/api.w.org\/{rel}","templated":true}]}}