{"id":10812,"date":"2025-01-13T14:08:37","date_gmt":"2025-01-13T14:08:37","guid":{"rendered":"https:\/\/aivlisoft.com\/?post_type=product&#038;p=10812"},"modified":"2025-01-14T10:54:18","modified_gmt":"2025-01-14T10:54:18","slug":"spirit-of-gamer-raton-souris-pro-m5-blanco","status":"publish","type":"product","link":"https:\/\/aivlisoft.net\/shop\/producto\/spirit-of-gamer-raton-souris-pro-m5-blanco\/","title":{"rendered":"Spirit of Gamer Raton Souris Pro M5 Blanco"},"content":{"rendered":"<p><strong>Legendario<\/strong><br \/>Ponga las probabilidades de su lado con el mouse PRO-M5 RGB y su sensor instant&aacute;neo &oacute;ptico de alta definici&oacute;n. Una resoluci&oacute;n legendaria ajustable hasta 12,800 DPI, PRO-M5 le brindar&aacute; velocidad y precisi&oacute;n quir&uacute;rgica \ud83d\ude42 al personalizar uno de los rangos de 6 DPI.<\/p>\n<p><strong>Deathmatch PRO<\/strong><br \/>El mouse est&aacute; equipado con 8 botones programables, incluido un bot&oacute;n especial para configurar: RapidFire para matar en cadena o en modo DPI bajo para disparar sin sacudidas.<\/p>\n<p><strong>4 perfiles programables <\/strong><br \/>Un verdadero compa&ntilde;ero de juego, el rat&oacute;n PRO-M5 le permitir&aacute; guardar hasta 4 perfiles gracias a su software dedicado. Este &uacute;ltimo te permitir&aacute; gestionar todos los ajustes del rat&oacute;n, desde los efectos de luz RGB hasta la programaci&oacute;n de botones gracias a su editor de macros&#8230;<\/p>\n<p><strong>Rat&oacute;n flare RGB <\/strong><br \/>Puedes personalizar el rat&oacute;n seg&uacute;n tus deseos, PRO-M5 integra una retroiluminaci&oacute;n RGB personalizable con 13 efectos RGB din&aacute;micos.<\/p>\n<p><strong>Hardcore gamer<\/strong><br \/>Una verdadera peque&ntilde;a m&aacute;quina de guerra: 20 g de aceleraci&oacute;n, 60 fps de velocidad, tasa de sondeo de 1000 Hz. &iexcl;Su cable de nailon trenzado de 1,70 metros de largo te ofrecer&aacute; la m&aacute;xima fluidez de movimiento!<br \/>&nbsp;<\/p>\n<table class=\"tabla_caracteristicas\" width=\"100%\">\n<tr>\n<td valign=\"top\"><strong>Marca<\/strong><\/td>\n<td>Spirit of Gamer<\/td>\n<\/tr>\n<tr>\n<td valign=\"top\"><strong>Modelo<\/strong><\/td>\n<td><strong>S-PM5RGBWT<\/strong><\/td>\n<\/tr>\n<tr>\n<td valign=\"top\"><strong>Caracter&iacute;sticas<\/strong><\/td>\n<td>&#8211; Resoluci&oacute;n: 12800DPI<br \/>\t\t\t&#8211; Aceleraci&oacute;n: 20G<br \/>\t\t\t&#8211; Sensor: Instant&aacute;neo &#8211; &Oacute;ptico<br \/>\t\t\t&#8211; Tasa de transferencia: 1000 Hz<br \/>\t\t\t&#8211; Botones: 8 programables<br \/>\t\t\t&#8211; Ergonom&iacute;a: Diestro<br \/>\t\t\t&#8211; Software: Disponible para descargar<br \/>\t\t\t&#8211; Compatibilidad: Windows XP y posterior<br \/>\t\t\t&#8211; Luz de fondo: RGB<br \/>\t\t\t&#8211; Velocidad: 60fps<br \/>\t\t\t&#8211; Conexi&oacute;n: Al&aacute;mbrico<br \/>\t\t\t&#8211; Longitud del cable: 1<br \/>\t\t\t<strong>Dimensiones y peso<\/strong><br \/>\t\t\t&#8211; 12,5 x 8<br \/>\t\t\t&#8211; 132g<br \/>\t\t\t<strong>Contenido<\/strong><br \/>\t\t\t&#8211; Gu&iacute;a de configuraci&oacute;n r&aacute;pida<br \/>\t\t\t&#8211; Rat&oacute;n PRO-M5 RGB<\/td>\n<\/tr>\n<tr>\n<td valign=\"top\"><strong>Fecha de revisi&oacute;n<\/strong><\/td>\n<td>28-07-2023 por RTY<\/td>\n<\/tr>\n<\/table>\n","protected":false},"excerpt":{"rendered":"<p>LegendarioPonga las probabilidades de su lado con el mouse PRO-M5 RGB y su sensor instant&aacute;neo &oacute;ptico de alta definici&oacute;n. Una resoluci&oacute;n legendaria ajustable hasta 12,800 DPI, PRO-M5 le brindar&aacute; velocidad y precisi&oacute;n quir&uacute;rgica \ud83d\ude42 al personalizar uno de los rangos de 6 DPI. Deathmatch PROEl mouse est&aacute; equipado con 8 botones programables, incluido un bot&oacute;n&hellip;&nbsp;<a href=\"https:\/\/aivlisoft.net\/shop\/producto\/spirit-of-gamer-raton-souris-pro-m5-blanco\/\" rel=\"bookmark\"><span class=\"screen-reader-text\">Spirit of Gamer Raton Souris Pro M5 Blanco<\/span><\/a><\/p>\n","protected":false},"featured_media":10813,"template":"","meta":{"neve_meta_sidebar":"","neve_meta_container":"","neve_meta_enable_content_width":"","neve_meta_content_width":0,"neve_meta_title_alignment":"","neve_meta_author_avatar":"","neve_post_elements_order":"","neve_meta_disable_header":"","neve_meta_disable_footer":"","neve_meta_disable_title":""},"product_brand":[],"product_cat":[8721],"product_tag":[4205],"class_list":{"0":"post-10812","1":"product","2":"type-product","3":"status-publish","4":"has-post-thumbnail","6":"product_cat-ratones-con-cable","7":"product_tag-s-pm5rgbwt","9":"first","10":"instock","11":"taxable","12":"shipping-taxable","13":"purchasable","14":"product-type-simple"},"yoast_head":"<!-- This site is optimized with the Yoast SEO plugin v26.0 - https:\/\/yoast.com\/wordpress\/plugins\/seo\/ -->\n<title>Spirit of Gamer Raton Souris Pro M5 Blanco - Aivlisoft Inform\u00e1tica<\/title>\n<meta name=\"robots\" content=\"index, follow, max-snippet:-1, max-image-preview:large, max-video-preview:-1\" \/>\n<link rel=\"canonical\" href=\"https:\/\/aivlisoft.net\/shop\/producto\/spirit-of-gamer-raton-souris-pro-m5-blanco\/\" \/>\n<meta property=\"og:locale\" content=\"es_ES\" \/>\n<meta property=\"og:type\" content=\"article\" \/>\n<meta property=\"og:title\" content=\"Spirit of Gamer Raton Souris Pro M5 Blanco - Aivlisoft Inform\u00e1tica\" \/>\n<meta property=\"og:description\" content=\"LegendarioPonga las probabilidades de su lado con el mouse PRO-M5 RGB y su sensor instant&aacute;neo &oacute;ptico de alta definici&oacute;n. Una resoluci&oacute;n legendaria ajustable hasta 12,800 DPI, PRO-M5 le brindar&aacute; velocidad y precisi&oacute;n quir&uacute;rgica \ud83d\ude42 al personalizar uno de los rangos de 6 DPI. Deathmatch PROEl mouse est&aacute; equipado con 8 botones programables, incluido un bot&oacute;n&hellip;&nbsp;Spirit of Gamer Raton Souris Pro M5 Blanco\" \/>\n<meta property=\"og:url\" content=\"https:\/\/aivlisoft.net\/shop\/producto\/spirit-of-gamer-raton-souris-pro-m5-blanco\/\" \/>\n<meta property=\"og:site_name\" content=\"Aivlisoft Inform\u00e1tica\" \/>\n<meta property=\"article:modified_time\" content=\"2025-01-14T10:54:18+00:00\" \/>\n<meta property=\"og:image\" content=\"https:\/\/aivlisoft.net\/shop\/wp-content\/uploads\/2025\/01\/FTRRCA0761_800.jpg\" \/>\n\t<meta property=\"og:image:width\" content=\"800\" \/>\n\t<meta property=\"og:image:height\" content=\"800\" \/>\n\t<meta property=\"og:image:type\" content=\"image\/jpeg\" \/>\n<meta name=\"twitter:card\" content=\"summary_large_image\" \/>\n<meta name=\"twitter:label1\" content=\"Tiempo de lectura\" \/>\n\t<meta name=\"twitter:data1\" content=\"2 minutos\" \/>\n<script type=\"application\/ld+json\" class=\"yoast-schema-graph\">{\"@context\":\"https:\/\/schema.org\",\"@graph\":[{\"@type\":\"WebPage\",\"@id\":\"https:\/\/aivlisoft.net\/shop\/producto\/spirit-of-gamer-raton-souris-pro-m5-blanco\/\",\"url\":\"https:\/\/aivlisoft.net\/shop\/producto\/spirit-of-gamer-raton-souris-pro-m5-blanco\/\",\"name\":\"Spirit of Gamer Raton Souris Pro M5 Blanco - Aivlisoft Inform\u00e1tica\",\"isPartOf\":{\"@id\":\"https:\/\/aivlisoft.net\/shop\/#website\"},\"primaryImageOfPage\":{\"@id\":\"https:\/\/aivlisoft.net\/shop\/producto\/spirit-of-gamer-raton-souris-pro-m5-blanco\/#primaryimage\"},\"image\":{\"@id\":\"https:\/\/aivlisoft.net\/shop\/producto\/spirit-of-gamer-raton-souris-pro-m5-blanco\/#primaryimage\"},\"thumbnailUrl\":\"https:\/\/aivlisoft.net\/shop\/wp-content\/uploads\/2025\/01\/FTRRCA0761_800.jpg\",\"datePublished\":\"2025-01-13T14:08:37+00:00\",\"dateModified\":\"2025-01-14T10:54:18+00:00\",\"breadcrumb\":{\"@id\":\"https:\/\/aivlisoft.net\/shop\/producto\/spirit-of-gamer-raton-souris-pro-m5-blanco\/#breadcrumb\"},\"inLanguage\":\"es\",\"potentialAction\":[{\"@type\":\"ReadAction\",\"target\":[\"https:\/\/aivlisoft.net\/shop\/producto\/spirit-of-gamer-raton-souris-pro-m5-blanco\/\"]}]},{\"@type\":\"ImageObject\",\"inLanguage\":\"es\",\"@id\":\"https:\/\/aivlisoft.net\/shop\/producto\/spirit-of-gamer-raton-souris-pro-m5-blanco\/#primaryimage\",\"url\":\"https:\/\/aivlisoft.net\/shop\/wp-content\/uploads\/2025\/01\/FTRRCA0761_800.jpg\",\"contentUrl\":\"https:\/\/aivlisoft.net\/shop\/wp-content\/uploads\/2025\/01\/FTRRCA0761_800.jpg\",\"width\":800,\"height\":800},{\"@type\":\"BreadcrumbList\",\"@id\":\"https:\/\/aivlisoft.net\/shop\/producto\/spirit-of-gamer-raton-souris-pro-m5-blanco\/#breadcrumb\",\"itemListElement\":[{\"@type\":\"ListItem\",\"position\":1,\"name\":\"Portada\",\"item\":\"https:\/\/aivlisoft.net\/shop\/\"},{\"@type\":\"ListItem\",\"position\":2,\"name\":\"Tienda\",\"item\":\"https:\/\/aivlisoft.net\/shop\/tienda\/\"},{\"@type\":\"ListItem\",\"position\":3,\"name\":\"Spirit of Gamer Raton Souris Pro M5 Blanco\"}]},{\"@type\":\"WebSite\",\"@id\":\"https:\/\/aivlisoft.net\/shop\/#website\",\"url\":\"https:\/\/aivlisoft.net\/shop\/\",\"name\":\"Aivlisoft Inform\u00e1tica\",\"description\":\"En Aivlisoft Inform\u00e1tica ofrecemos soluciones tecnol\u00f3gicas para empresas: venta de ordenadores, consumibles, perif\u00e9ricos y m\u00e1s. Calidad, atenci\u00f3n personalizada y los mejores precios para tu negocio.\",\"publisher\":{\"@id\":\"https:\/\/aivlisoft.net\/shop\/#organization\"},\"potentialAction\":[{\"@type\":\"SearchAction\",\"target\":{\"@type\":\"EntryPoint\",\"urlTemplate\":\"https:\/\/aivlisoft.net\/shop\/?s={search_term_string}\"},\"query-input\":{\"@type\":\"PropertyValueSpecification\",\"valueRequired\":true,\"valueName\":\"search_term_string\"}}],\"inLanguage\":\"es\"},{\"@type\":\"Organization\",\"@id\":\"https:\/\/aivlisoft.net\/shop\/#organization\",\"name\":\"Aivlisoft Inform\u00e1tica\",\"url\":\"https:\/\/aivlisoft.net\/shop\/\",\"logo\":{\"@type\":\"ImageObject\",\"inLanguage\":\"es\",\"@id\":\"https:\/\/aivlisoft.net\/shop\/#\/schema\/logo\/image\/\",\"url\":\"https:\/\/aivlisoft.net\/shop\/wp-content\/uploads\/2024\/12\/removal.ai_5b848c54-0cdf-4140-95c5-c5536bb7573b-logodef.png\",\"contentUrl\":\"https:\/\/aivlisoft.net\/shop\/wp-content\/uploads\/2024\/12\/removal.ai_5b848c54-0cdf-4140-95c5-c5536bb7573b-logodef.png\",\"width\":484,\"height\":182,\"caption\":\"Aivlisoft Inform\u00e1tica\"},\"image\":{\"@id\":\"https:\/\/aivlisoft.net\/shop\/#\/schema\/logo\/image\/\"}}]}<\/script>\n<!-- \/ Yoast SEO plugin. -->","yoast_head_json":{"title":"Spirit of Gamer Raton Souris Pro M5 Blanco - Aivlisoft Inform\u00e1tica","robots":{"index":"index","follow":"follow","max-snippet":"max-snippet:-1","max-image-preview":"max-image-preview:large","max-video-preview":"max-video-preview:-1"},"canonical":"https:\/\/aivlisoft.net\/shop\/producto\/spirit-of-gamer-raton-souris-pro-m5-blanco\/","og_locale":"es_ES","og_type":"article","og_title":"Spirit of Gamer Raton Souris Pro M5 Blanco - Aivlisoft Inform\u00e1tica","og_description":"LegendarioPonga las probabilidades de su lado con el mouse PRO-M5 RGB y su sensor instant&aacute;neo &oacute;ptico de alta definici&oacute;n. Una resoluci&oacute;n legendaria ajustable hasta 12,800 DPI, PRO-M5 le brindar&aacute; velocidad y precisi&oacute;n quir&uacute;rgica \ud83d\ude42 al personalizar uno de los rangos de 6 DPI. Deathmatch PROEl mouse est&aacute; equipado con 8 botones programables, incluido un bot&oacute;n&hellip;&nbsp;Spirit of Gamer Raton Souris Pro M5 Blanco","og_url":"https:\/\/aivlisoft.net\/shop\/producto\/spirit-of-gamer-raton-souris-pro-m5-blanco\/","og_site_name":"Aivlisoft Inform\u00e1tica","article_modified_time":"2025-01-14T10:54:18+00:00","og_image":[{"width":800,"height":800,"url":"https:\/\/aivlisoft.net\/shop\/wp-content\/uploads\/2025\/01\/FTRRCA0761_800.jpg","type":"image\/jpeg"}],"twitter_card":"summary_large_image","twitter_misc":{"Tiempo de lectura":"2 minutos"},"schema":{"@context":"https:\/\/schema.org","@graph":[{"@type":"WebPage","@id":"https:\/\/aivlisoft.net\/shop\/producto\/spirit-of-gamer-raton-souris-pro-m5-blanco\/","url":"https:\/\/aivlisoft.net\/shop\/producto\/spirit-of-gamer-raton-souris-pro-m5-blanco\/","name":"Spirit of Gamer Raton Souris Pro M5 Blanco - Aivlisoft Inform\u00e1tica","isPartOf":{"@id":"https:\/\/aivlisoft.net\/shop\/#website"},"primaryImageOfPage":{"@id":"https:\/\/aivlisoft.net\/shop\/producto\/spirit-of-gamer-raton-souris-pro-m5-blanco\/#primaryimage"},"image":{"@id":"https:\/\/aivlisoft.net\/shop\/producto\/spirit-of-gamer-raton-souris-pro-m5-blanco\/#primaryimage"},"thumbnailUrl":"https:\/\/aivlisoft.net\/shop\/wp-content\/uploads\/2025\/01\/FTRRCA0761_800.jpg","datePublished":"2025-01-13T14:08:37+00:00","dateModified":"2025-01-14T10:54:18+00:00","breadcrumb":{"@id":"https:\/\/aivlisoft.net\/shop\/producto\/spirit-of-gamer-raton-souris-pro-m5-blanco\/#breadcrumb"},"inLanguage":"es","potentialAction":[{"@type":"ReadAction","target":["https:\/\/aivlisoft.net\/shop\/producto\/spirit-of-gamer-raton-souris-pro-m5-blanco\/"]}]},{"@type":"ImageObject","inLanguage":"es","@id":"https:\/\/aivlisoft.net\/shop\/producto\/spirit-of-gamer-raton-souris-pro-m5-blanco\/#primaryimage","url":"https:\/\/aivlisoft.net\/shop\/wp-content\/uploads\/2025\/01\/FTRRCA0761_800.jpg","contentUrl":"https:\/\/aivlisoft.net\/shop\/wp-content\/uploads\/2025\/01\/FTRRCA0761_800.jpg","width":800,"height":800},{"@type":"BreadcrumbList","@id":"https:\/\/aivlisoft.net\/shop\/producto\/spirit-of-gamer-raton-souris-pro-m5-blanco\/#breadcrumb","itemListElement":[{"@type":"ListItem","position":1,"name":"Portada","item":"https:\/\/aivlisoft.net\/shop\/"},{"@type":"ListItem","position":2,"name":"Tienda","item":"https:\/\/aivlisoft.net\/shop\/tienda\/"},{"@type":"ListItem","position":3,"name":"Spirit of Gamer Raton Souris Pro M5 Blanco"}]},{"@type":"WebSite","@id":"https:\/\/aivlisoft.net\/shop\/#website","url":"https:\/\/aivlisoft.net\/shop\/","name":"Aivlisoft Inform\u00e1tica","description":"En Aivlisoft Inform\u00e1tica ofrecemos soluciones tecnol\u00f3gicas para empresas: venta de ordenadores, consumibles, perif\u00e9ricos y m\u00e1s. Calidad, atenci\u00f3n personalizada y los mejores precios para tu negocio.","publisher":{"@id":"https:\/\/aivlisoft.net\/shop\/#organization"},"potentialAction":[{"@type":"SearchAction","target":{"@type":"EntryPoint","urlTemplate":"https:\/\/aivlisoft.net\/shop\/?s={search_term_string}"},"query-input":{"@type":"PropertyValueSpecification","valueRequired":true,"valueName":"search_term_string"}}],"inLanguage":"es"},{"@type":"Organization","@id":"https:\/\/aivlisoft.net\/shop\/#organization","name":"Aivlisoft Inform\u00e1tica","url":"https:\/\/aivlisoft.net\/shop\/","logo":{"@type":"ImageObject","inLanguage":"es","@id":"https:\/\/aivlisoft.net\/shop\/#\/schema\/logo\/image\/","url":"https:\/\/aivlisoft.net\/shop\/wp-content\/uploads\/2024\/12\/removal.ai_5b848c54-0cdf-4140-95c5-c5536bb7573b-logodef.png","contentUrl":"https:\/\/aivlisoft.net\/shop\/wp-content\/uploads\/2024\/12\/removal.ai_5b848c54-0cdf-4140-95c5-c5536bb7573b-logodef.png","width":484,"height":182,"caption":"Aivlisoft Inform\u00e1tica"},"image":{"@id":"https:\/\/aivlisoft.net\/shop\/#\/schema\/logo\/image\/"}}]}},"_links":{"self":[{"href":"https:\/\/aivlisoft.net\/shop\/wp-json\/wp\/v2\/product\/10812","targetHints":{"allow":["GET"]}}],"collection":[{"href":"https:\/\/aivlisoft.net\/shop\/wp-json\/wp\/v2\/product"}],"about":[{"href":"https:\/\/aivlisoft.net\/shop\/wp-json\/wp\/v2\/types\/product"}],"wp:featuredmedia":[{"embeddable":true,"href":"https:\/\/aivlisoft.net\/shop\/wp-json\/wp\/v2\/media\/10813"}],"wp:attachment":[{"href":"https:\/\/aivlisoft.net\/shop\/wp-json\/wp\/v2\/media?parent=10812"}],"wp:term":[{"taxonomy":"product_brand","embeddable":true,"href":"https:\/\/aivlisoft.net\/shop\/wp-json\/wp\/v2\/product_brand?post=10812"},{"taxonomy":"product_cat","embeddable":true,"href":"https:\/\/aivlisoft.net\/shop\/wp-json\/wp\/v2\/product_cat?post=10812"},{"taxonomy":"product_tag","embeddable":true,"href":"https:\/\/aivlisoft.net\/shop\/wp-json\/wp\/v2\/product_tag?post=10812"}],"curies":[{"name":"wp","href":"https:\/\/api.w.org\/{rel}","templated":true}]}}