{"id":10787,"date":"2025-01-13T14:08:22","date_gmt":"2025-01-13T14:08:22","guid":{"rendered":"https:\/\/aivlisoft.com\/?post_type=product&#038;p=10787"},"modified":"2025-01-14T10:54:08","modified_gmt":"2025-01-14T10:54:08","slug":"mars-gaming-raton-gaming-ligero-rgb-negro","status":"publish","type":"product","link":"https:\/\/aivlisoft.net\/shop\/producto\/mars-gaming-raton-gaming-ligero-rgb-negro\/","title":{"rendered":"Mars Gaming Raton Gaming ligero RGB negro"},"content":{"rendered":"<p><strong>Dise&ntilde;o hive ligereza extrema 55 gramos<\/strong><br \/>La estructura del <strong>MM55 <\/strong>prescinde de coberturas innecesarias gracias a su espectacular dise&ntilde;o Hive: una carcasa aerodin&aacute;mica que minimiza la resistencia y el peso del perif&eacute;rico para proporcionar un rat&oacute;n de 55g tan r&aacute;pido y ligero que te parecer&aacute; que no tienes nada en la mano.<\/p>\n<p><strong>Hasta 16.8 millones de colores<\/strong><br \/>El sistema de iluminaci&oacute;n RGB Chroma del <strong>MM55 <\/strong>dispone de hasta 16.8 millones de colores para que elijas el estilo que m&aacute;s se adapta a tu setup. A trav&eacute;s de su software descargable, podr&aacute;s dise&ntilde;ar por completo la luz con un completo panel de control que te permite seleccionar tonos, efectos y modos de iluminaci&oacute;n.<\/p>\n<p><strong>Sensor &oacute;ptico de 12800 DPI<\/strong><br \/>Con un sensor &oacute;ptico customizado A825PRO preparado para garantizar una acci&oacute;n extrema y un control excepcional: hasta 12800 DPI para jugar sin l&iacute;mites. Pero m&aacute;s all&aacute; de la alta cifra de DPIs, esta &oacute;ptica ofrece una precisi&oacute;n absoluta en configuraciones DPI bajas y un polling rate de hasta 1000Hz, prestaciones incomparables a &oacute;pticas m&aacute;s sencillas.<\/p>\n<p><strong>Switches mec&aacute;nicos huano programables<\/strong><br \/>El rat&oacute;n <strong>MM55 <\/strong>est&aacute; equipado con switches mec&aacute;nicos HUANO de alto rendimiento para garantizar una total velocidad de acci&oacute;n a la hora de jugar, proporcionando un control absoluto de cada movimiento en partida y extendiendo la vida &uacute;til de tu dispositivo al m&aacute;ximo.<\/p>\n<p><strong>Cable con dise&ntilde;o feather paracord<\/strong><br \/>El cable del <strong>MM55 <\/strong>dispone de un dise&ntilde;o especial Feather Paracord, pensado para limitar al m&aacute;ximo el peso del rat&oacute;n. Gracias a una fabricaci&oacute;n que ofrece flexibilidad, durabilidad y ligereza, reduce la resistencia al m&iacute;nimo para conseguir una sensaci&oacute;n similar a la de un rat&oacute;n inal&aacute;mbrico.<\/p>\n<p><strong>Personaliza tu experiencia<\/strong><br \/>El software descargable de Mars Gaming te permite personalizar todos los aspectos de tu rat&oacute;n f&aacute;cilmente, desde la iluminaci&oacute;n y los efectos LED RGB Chroma hasta las diferentes macros programables, as&iacute; como las funciones de cada bot&oacute;n y los par&aacute;metros de rendimiento. Dise&ntilde;a tu <strong>MM55 <\/strong>como m&aacute;s te guste, ad&aacute;ptalo a tus necesidades y consigue una herramienta profesional a tu medida.<br \/>&nbsp;<\/p>\n<table class=\"tabla_caracteristicas\" width=\"100%\">\n<tr>\n<td><strong>Marca<\/strong><\/td>\n<td>Mars Gaming<\/td>\n<\/tr>\n<tr>\n<td><strong>Modelo<\/strong><\/td>\n<td><strong>MM55<\/strong><\/td>\n<\/tr>\n<tr>\n<td><strong>Caracter&iacute;sticas<\/strong><\/td>\n<td>&#8211; Materiales: ABS<br \/>\t\t\t&#8211; Switches: HUANO<br \/>\t\t\t&#8211; Peso: 55&plusmn;5g<br \/>\t\t\t&#8211; Dimensiones: 126x65x38.5mm<br \/>\t\t\t&#8211; Ergonom&iacute;a: Diestro<br \/>\t\t\t&#8211; Botones: 7<br \/>\t\t\t&#8211; Iluminaci&oacute;n: RGB chroma<br \/>\t\t\t&#8211; Acabado: Mate<br \/>\t\t\t&#8211; Extras: Cable ultra flexible<br \/>\t\t\t&#8211; Sensor: &Oacute;ptico Instant A825PRO<br \/>\t\t\t&#8211; DPI: 200-12800<br \/>\t\t\t&#8211; Frecuencia de refresco: 1000 Hz<br \/>\t\t\t&#8211; Velocidad m&aacute;x.: 60 IPS<br \/>\t\t\t&#8211; Aceleraci&oacute;n m&aacute;x.: 20G<br \/>\t\t\t&#8211; Tipo de cable: Cable trenzado ultra flexible<br \/>\t\t\t&#8211; Longitud del cable: 1.7m<br \/>\t\t\t&#8211; Conectores: USB<br \/>\t\t\t&#8211; Software: Control de funciones, macros, iluminaci&oacute;n y rendimiento (S&oacute;lo Windows)<br \/>\t\t\t&#8211; Compatibilidad: Windows, Linux, Mac, PS4, PS5, XBOX ONE, XBOX SERIES X-S<br \/>\t\t\t&#8211; Corriente: 100mA<br \/>\t\t\t&#8211; Voltaje: DC 5V<br \/>\t\t\t<strong>Contenido<\/strong><br \/>\t\t\t&#8211; Rat&oacute;n MM55<br \/>\t\t\t&#8211; Manual<\/td>\n<\/tr>\n<tr>\n<td><strong>Fecha de revisi&oacute;n<\/strong><\/td>\n<td>25-03-2022 por MPM<\/td>\n<\/tr>\n<\/table>\n","protected":false},"excerpt":{"rendered":"<p>Dise&ntilde;o hive ligereza extrema 55 gramosLa estructura del MM55 prescinde de coberturas innecesarias gracias a su espectacular dise&ntilde;o Hive: una carcasa aerodin&aacute;mica que minimiza la resistencia y el peso del perif&eacute;rico para proporcionar un rat&oacute;n de 55g tan r&aacute;pido y ligero que te parecer&aacute; que no tienes nada en la mano. Hasta 16.8 millones de&hellip;&nbsp;<a href=\"https:\/\/aivlisoft.net\/shop\/producto\/mars-gaming-raton-gaming-ligero-rgb-negro\/\" rel=\"bookmark\"><span class=\"screen-reader-text\">Mars Gaming Raton Gaming ligero RGB negro<\/span><\/a><\/p>\n","protected":false},"featured_media":10788,"template":"","meta":{"neve_meta_sidebar":"","neve_meta_container":"","neve_meta_enable_content_width":"","neve_meta_content_width":0,"neve_meta_title_alignment":"","neve_meta_author_avatar":"","neve_post_elements_order":"","neve_meta_disable_header":"","neve_meta_disable_footer":"","neve_meta_disable_title":""},"product_brand":[],"product_cat":[8721],"product_tag":[4196],"class_list":{"0":"post-10787","1":"product","2":"type-product","3":"status-publish","4":"has-post-thumbnail","6":"product_cat-ratones-con-cable","7":"product_tag-mm55","9":"first","10":"instock","11":"taxable","12":"shipping-taxable","13":"purchasable","14":"product-type-simple"},"yoast_head":"<!-- This site is optimized with the Yoast SEO plugin v26.0 - https:\/\/yoast.com\/wordpress\/plugins\/seo\/ -->\n<title>Mars Gaming Raton Gaming ligero RGB negro - Aivlisoft Inform\u00e1tica<\/title>\n<meta name=\"robots\" content=\"index, follow, max-snippet:-1, max-image-preview:large, max-video-preview:-1\" \/>\n<link rel=\"canonical\" href=\"https:\/\/aivlisoft.net\/shop\/producto\/mars-gaming-raton-gaming-ligero-rgb-negro\/\" \/>\n<meta property=\"og:locale\" content=\"es_ES\" \/>\n<meta property=\"og:type\" content=\"article\" \/>\n<meta property=\"og:title\" content=\"Mars Gaming Raton Gaming ligero RGB negro - Aivlisoft Inform\u00e1tica\" \/>\n<meta property=\"og:description\" content=\"Dise&ntilde;o hive ligereza extrema 55 gramosLa estructura del MM55 prescinde de coberturas innecesarias gracias a su espectacular dise&ntilde;o Hive: una carcasa aerodin&aacute;mica que minimiza la resistencia y el peso del perif&eacute;rico para proporcionar un rat&oacute;n de 55g tan r&aacute;pido y ligero que te parecer&aacute; que no tienes nada en la mano. Hasta 16.8 millones de&hellip;&nbsp;Mars Gaming Raton Gaming ligero RGB negro\" \/>\n<meta property=\"og:url\" content=\"https:\/\/aivlisoft.net\/shop\/producto\/mars-gaming-raton-gaming-ligero-rgb-negro\/\" \/>\n<meta property=\"og:site_name\" content=\"Aivlisoft Inform\u00e1tica\" \/>\n<meta property=\"article:modified_time\" content=\"2025-01-14T10:54:08+00:00\" \/>\n<meta property=\"og:image\" content=\"https:\/\/aivlisoft.net\/shop\/wp-content\/uploads\/2025\/01\/FTRRCA0740_800.jpg\" \/>\n\t<meta property=\"og:image:width\" content=\"800\" \/>\n\t<meta property=\"og:image:height\" content=\"800\" \/>\n\t<meta property=\"og:image:type\" content=\"image\/jpeg\" \/>\n<meta name=\"twitter:card\" content=\"summary_large_image\" \/>\n<meta name=\"twitter:label1\" content=\"Tiempo de lectura\" \/>\n\t<meta name=\"twitter:data1\" content=\"3 minutos\" \/>\n<script type=\"application\/ld+json\" class=\"yoast-schema-graph\">{\"@context\":\"https:\/\/schema.org\",\"@graph\":[{\"@type\":\"WebPage\",\"@id\":\"https:\/\/aivlisoft.net\/shop\/producto\/mars-gaming-raton-gaming-ligero-rgb-negro\/\",\"url\":\"https:\/\/aivlisoft.net\/shop\/producto\/mars-gaming-raton-gaming-ligero-rgb-negro\/\",\"name\":\"Mars Gaming Raton Gaming ligero RGB negro - Aivlisoft Inform\u00e1tica\",\"isPartOf\":{\"@id\":\"https:\/\/aivlisoft.net\/shop\/#website\"},\"primaryImageOfPage\":{\"@id\":\"https:\/\/aivlisoft.net\/shop\/producto\/mars-gaming-raton-gaming-ligero-rgb-negro\/#primaryimage\"},\"image\":{\"@id\":\"https:\/\/aivlisoft.net\/shop\/producto\/mars-gaming-raton-gaming-ligero-rgb-negro\/#primaryimage\"},\"thumbnailUrl\":\"https:\/\/aivlisoft.net\/shop\/wp-content\/uploads\/2025\/01\/FTRRCA0740_800.jpg\",\"datePublished\":\"2025-01-13T14:08:22+00:00\",\"dateModified\":\"2025-01-14T10:54:08+00:00\",\"breadcrumb\":{\"@id\":\"https:\/\/aivlisoft.net\/shop\/producto\/mars-gaming-raton-gaming-ligero-rgb-negro\/#breadcrumb\"},\"inLanguage\":\"es\",\"potentialAction\":[{\"@type\":\"ReadAction\",\"target\":[\"https:\/\/aivlisoft.net\/shop\/producto\/mars-gaming-raton-gaming-ligero-rgb-negro\/\"]}]},{\"@type\":\"ImageObject\",\"inLanguage\":\"es\",\"@id\":\"https:\/\/aivlisoft.net\/shop\/producto\/mars-gaming-raton-gaming-ligero-rgb-negro\/#primaryimage\",\"url\":\"https:\/\/aivlisoft.net\/shop\/wp-content\/uploads\/2025\/01\/FTRRCA0740_800.jpg\",\"contentUrl\":\"https:\/\/aivlisoft.net\/shop\/wp-content\/uploads\/2025\/01\/FTRRCA0740_800.jpg\",\"width\":800,\"height\":800},{\"@type\":\"BreadcrumbList\",\"@id\":\"https:\/\/aivlisoft.net\/shop\/producto\/mars-gaming-raton-gaming-ligero-rgb-negro\/#breadcrumb\",\"itemListElement\":[{\"@type\":\"ListItem\",\"position\":1,\"name\":\"Portada\",\"item\":\"https:\/\/aivlisoft.net\/shop\/\"},{\"@type\":\"ListItem\",\"position\":2,\"name\":\"Tienda\",\"item\":\"https:\/\/aivlisoft.net\/shop\/tienda\/\"},{\"@type\":\"ListItem\",\"position\":3,\"name\":\"Mars Gaming Raton Gaming ligero RGB negro\"}]},{\"@type\":\"WebSite\",\"@id\":\"https:\/\/aivlisoft.net\/shop\/#website\",\"url\":\"https:\/\/aivlisoft.net\/shop\/\",\"name\":\"Aivlisoft Inform\u00e1tica\",\"description\":\"En Aivlisoft Inform\u00e1tica ofrecemos soluciones tecnol\u00f3gicas para empresas: venta de ordenadores, consumibles, perif\u00e9ricos y m\u00e1s. Calidad, atenci\u00f3n personalizada y los mejores precios para tu negocio.\",\"publisher\":{\"@id\":\"https:\/\/aivlisoft.net\/shop\/#organization\"},\"potentialAction\":[{\"@type\":\"SearchAction\",\"target\":{\"@type\":\"EntryPoint\",\"urlTemplate\":\"https:\/\/aivlisoft.net\/shop\/?s={search_term_string}\"},\"query-input\":{\"@type\":\"PropertyValueSpecification\",\"valueRequired\":true,\"valueName\":\"search_term_string\"}}],\"inLanguage\":\"es\"},{\"@type\":\"Organization\",\"@id\":\"https:\/\/aivlisoft.net\/shop\/#organization\",\"name\":\"Aivlisoft Inform\u00e1tica\",\"url\":\"https:\/\/aivlisoft.net\/shop\/\",\"logo\":{\"@type\":\"ImageObject\",\"inLanguage\":\"es\",\"@id\":\"https:\/\/aivlisoft.net\/shop\/#\/schema\/logo\/image\/\",\"url\":\"https:\/\/aivlisoft.net\/shop\/wp-content\/uploads\/2024\/12\/removal.ai_5b848c54-0cdf-4140-95c5-c5536bb7573b-logodef.png\",\"contentUrl\":\"https:\/\/aivlisoft.net\/shop\/wp-content\/uploads\/2024\/12\/removal.ai_5b848c54-0cdf-4140-95c5-c5536bb7573b-logodef.png\",\"width\":484,\"height\":182,\"caption\":\"Aivlisoft Inform\u00e1tica\"},\"image\":{\"@id\":\"https:\/\/aivlisoft.net\/shop\/#\/schema\/logo\/image\/\"}}]}<\/script>\n<!-- \/ Yoast SEO plugin. -->","yoast_head_json":{"title":"Mars Gaming Raton Gaming ligero RGB negro - Aivlisoft Inform\u00e1tica","robots":{"index":"index","follow":"follow","max-snippet":"max-snippet:-1","max-image-preview":"max-image-preview:large","max-video-preview":"max-video-preview:-1"},"canonical":"https:\/\/aivlisoft.net\/shop\/producto\/mars-gaming-raton-gaming-ligero-rgb-negro\/","og_locale":"es_ES","og_type":"article","og_title":"Mars Gaming Raton Gaming ligero RGB negro - Aivlisoft Inform\u00e1tica","og_description":"Dise&ntilde;o hive ligereza extrema 55 gramosLa estructura del MM55 prescinde de coberturas innecesarias gracias a su espectacular dise&ntilde;o Hive: una carcasa aerodin&aacute;mica que minimiza la resistencia y el peso del perif&eacute;rico para proporcionar un rat&oacute;n de 55g tan r&aacute;pido y ligero que te parecer&aacute; que no tienes nada en la mano. Hasta 16.8 millones de&hellip;&nbsp;Mars Gaming Raton Gaming ligero RGB negro","og_url":"https:\/\/aivlisoft.net\/shop\/producto\/mars-gaming-raton-gaming-ligero-rgb-negro\/","og_site_name":"Aivlisoft Inform\u00e1tica","article_modified_time":"2025-01-14T10:54:08+00:00","og_image":[{"width":800,"height":800,"url":"https:\/\/aivlisoft.net\/shop\/wp-content\/uploads\/2025\/01\/FTRRCA0740_800.jpg","type":"image\/jpeg"}],"twitter_card":"summary_large_image","twitter_misc":{"Tiempo de lectura":"3 minutos"},"schema":{"@context":"https:\/\/schema.org","@graph":[{"@type":"WebPage","@id":"https:\/\/aivlisoft.net\/shop\/producto\/mars-gaming-raton-gaming-ligero-rgb-negro\/","url":"https:\/\/aivlisoft.net\/shop\/producto\/mars-gaming-raton-gaming-ligero-rgb-negro\/","name":"Mars Gaming Raton Gaming ligero RGB negro - Aivlisoft Inform\u00e1tica","isPartOf":{"@id":"https:\/\/aivlisoft.net\/shop\/#website"},"primaryImageOfPage":{"@id":"https:\/\/aivlisoft.net\/shop\/producto\/mars-gaming-raton-gaming-ligero-rgb-negro\/#primaryimage"},"image":{"@id":"https:\/\/aivlisoft.net\/shop\/producto\/mars-gaming-raton-gaming-ligero-rgb-negro\/#primaryimage"},"thumbnailUrl":"https:\/\/aivlisoft.net\/shop\/wp-content\/uploads\/2025\/01\/FTRRCA0740_800.jpg","datePublished":"2025-01-13T14:08:22+00:00","dateModified":"2025-01-14T10:54:08+00:00","breadcrumb":{"@id":"https:\/\/aivlisoft.net\/shop\/producto\/mars-gaming-raton-gaming-ligero-rgb-negro\/#breadcrumb"},"inLanguage":"es","potentialAction":[{"@type":"ReadAction","target":["https:\/\/aivlisoft.net\/shop\/producto\/mars-gaming-raton-gaming-ligero-rgb-negro\/"]}]},{"@type":"ImageObject","inLanguage":"es","@id":"https:\/\/aivlisoft.net\/shop\/producto\/mars-gaming-raton-gaming-ligero-rgb-negro\/#primaryimage","url":"https:\/\/aivlisoft.net\/shop\/wp-content\/uploads\/2025\/01\/FTRRCA0740_800.jpg","contentUrl":"https:\/\/aivlisoft.net\/shop\/wp-content\/uploads\/2025\/01\/FTRRCA0740_800.jpg","width":800,"height":800},{"@type":"BreadcrumbList","@id":"https:\/\/aivlisoft.net\/shop\/producto\/mars-gaming-raton-gaming-ligero-rgb-negro\/#breadcrumb","itemListElement":[{"@type":"ListItem","position":1,"name":"Portada","item":"https:\/\/aivlisoft.net\/shop\/"},{"@type":"ListItem","position":2,"name":"Tienda","item":"https:\/\/aivlisoft.net\/shop\/tienda\/"},{"@type":"ListItem","position":3,"name":"Mars Gaming Raton Gaming ligero RGB negro"}]},{"@type":"WebSite","@id":"https:\/\/aivlisoft.net\/shop\/#website","url":"https:\/\/aivlisoft.net\/shop\/","name":"Aivlisoft Inform\u00e1tica","description":"En Aivlisoft Inform\u00e1tica ofrecemos soluciones tecnol\u00f3gicas para empresas: venta de ordenadores, consumibles, perif\u00e9ricos y m\u00e1s. Calidad, atenci\u00f3n personalizada y los mejores precios para tu negocio.","publisher":{"@id":"https:\/\/aivlisoft.net\/shop\/#organization"},"potentialAction":[{"@type":"SearchAction","target":{"@type":"EntryPoint","urlTemplate":"https:\/\/aivlisoft.net\/shop\/?s={search_term_string}"},"query-input":{"@type":"PropertyValueSpecification","valueRequired":true,"valueName":"search_term_string"}}],"inLanguage":"es"},{"@type":"Organization","@id":"https:\/\/aivlisoft.net\/shop\/#organization","name":"Aivlisoft Inform\u00e1tica","url":"https:\/\/aivlisoft.net\/shop\/","logo":{"@type":"ImageObject","inLanguage":"es","@id":"https:\/\/aivlisoft.net\/shop\/#\/schema\/logo\/image\/","url":"https:\/\/aivlisoft.net\/shop\/wp-content\/uploads\/2024\/12\/removal.ai_5b848c54-0cdf-4140-95c5-c5536bb7573b-logodef.png","contentUrl":"https:\/\/aivlisoft.net\/shop\/wp-content\/uploads\/2024\/12\/removal.ai_5b848c54-0cdf-4140-95c5-c5536bb7573b-logodef.png","width":484,"height":182,"caption":"Aivlisoft Inform\u00e1tica"},"image":{"@id":"https:\/\/aivlisoft.net\/shop\/#\/schema\/logo\/image\/"}}]}},"_links":{"self":[{"href":"https:\/\/aivlisoft.net\/shop\/wp-json\/wp\/v2\/product\/10787","targetHints":{"allow":["GET"]}}],"collection":[{"href":"https:\/\/aivlisoft.net\/shop\/wp-json\/wp\/v2\/product"}],"about":[{"href":"https:\/\/aivlisoft.net\/shop\/wp-json\/wp\/v2\/types\/product"}],"wp:featuredmedia":[{"embeddable":true,"href":"https:\/\/aivlisoft.net\/shop\/wp-json\/wp\/v2\/media\/10788"}],"wp:attachment":[{"href":"https:\/\/aivlisoft.net\/shop\/wp-json\/wp\/v2\/media?parent=10787"}],"wp:term":[{"taxonomy":"product_brand","embeddable":true,"href":"https:\/\/aivlisoft.net\/shop\/wp-json\/wp\/v2\/product_brand?post=10787"},{"taxonomy":"product_cat","embeddable":true,"href":"https:\/\/aivlisoft.net\/shop\/wp-json\/wp\/v2\/product_cat?post=10787"},{"taxonomy":"product_tag","embeddable":true,"href":"https:\/\/aivlisoft.net\/shop\/wp-json\/wp\/v2\/product_tag?post=10787"}],"curies":[{"name":"wp","href":"https:\/\/api.w.org\/{rel}","templated":true}]}}