{"id":10782,"date":"2025-01-13T14:08:19","date_gmt":"2025-01-13T14:08:19","guid":{"rendered":"https:\/\/aivlisoft.com\/?post_type=product&#038;p=10782"},"modified":"2025-01-14T10:54:07","modified_gmt":"2025-01-14T10:54:07","slug":"energy-sistem-raton-gaming-m2-sonic","status":"publish","type":"product","link":"https:\/\/aivlisoft.net\/shop\/producto\/energy-sistem-raton-gaming-m2-sonic\/","title":{"rendered":"Energy Sistem Raton Gaming M2 Sonic"},"content":{"rendered":"<p><strong>Consigue pasarte tu juego favorito con la compa&ntilde;&iacute;a de Sonic.<\/strong><br \/>Rat&oacute;n para gaming con luces LED RGB configurables, con una aceleraci&oacute;n brutal, ergon&oacute;mico, muy c&oacute;modo a la hora de jugar a juegos MOBA, con 8 botones configurables, con alfombrilla troquelada y licencia de Sonic.<\/p>\n<p><strong>Personaliza tus partidas<\/strong><br \/>Rat&oacute;n gamer con 8 botones mec&aacute;nicos HUANO customizables. Personaliza las funciones de los botones y los efectos de luces gamer gracias al software del mouse. Toda la precisi&oacute;n y la durabilidad que necesitas para que nade pare tu juego.<\/p>\n<p><strong>Sube de nivel con Sonic<\/strong><br \/>Rat&oacute;n gaming con licencia Sonic, incluye alfombrilla gamer troquelada para completar tu setup con tu personaje preferido. El sensor &oacute;ptico de hasta 6400 DPI ofrece una alta precisi&oacute;n de movimientos. Toma el control de los DPI del rat&oacute;n con los botones, para aumentar o disminuir durante tu partida.<\/p>\n<p><strong>La ambientaci&oacute;n gamer que mereces<\/strong><br \/>Las luces LED RGB del Gaming Mouse ESG Sonic, con 6 efectos diferentes de iluminaci&oacute;n, le dar&aacute;n a tu setup la ambientaci&oacute;n que merece. Un dise&ntilde;o que adem&aacute;s es ergon&oacute;mico, c&oacute;modo y estable. Para los gamers m&aacute;s exigentes, &iexcl;como t&uacute;!<\/p>\n<p><strong>&iexcl;Tan r&aacute;pido como Sonic!<\/strong><br \/>El sensor &oacute;ptico del rat&oacute;n gamer ESG Sonic alcanza una aceleraci&oacute;n de 22 G. &iexcl;Dise&ntilde;ado para que luches por la victoria! Incluye cable de 150 cent&iacute;metros con protecci&oacute;n para interferencias electromagn&eacute;ticas y conector USB.<\/p>\n<table class=\"tabla_caracteristicas\" width=\"100%\">\n<tr>\n<td valign=\"top\"><strong>Marca<\/strong><\/td>\n<td>Energy System<\/td>\n<\/tr>\n<tr>\n<td valign=\"top\"><strong>Modelo<\/strong><\/td>\n<td><strong>452972<\/strong><\/td>\n<\/tr>\n<tr>\n<td valign=\"top\"><strong>Caracter&iacute;sticas<\/strong><\/td>\n<td>&#8211; Tecnolog&iacute;a: &oacute;ptico<br \/>\t\t\t&#8211; Modelo de sensor: PMW 6651<br \/>\t\t\t&#8211; Rango DPI: 200 DPI ~ 6400 DPI<br \/>\t\t\t&#8211; Velocidad de seguimiento: 66 IPS<br \/>\t\t\t&#8211; Aceleraci&oacute;n: 22 G<br \/>\t\t\t&#8211; Tasa de sondeo: 125\/250\/500\/1000 Hz<br \/>\t\t\t&#8211; Botones: 8, tecnolog&iacute;a mec&aacute;nicos Huano<br \/>\t\t\t&#8211; Color LEDS: RGB con 6 efectos de iluminaci&oacute;n diferentes.<br \/>\t\t\t&#8211; Tipo de conexi&oacute;n: cableado<br \/>\t\t\t&#8211; Tipo de conector: USB v2.0<br \/>\t\t\t&#8211; Longitud cable: 150 cm<br \/>\t\t\t&#8211; N&uacute;cleo de ferrita incluido<br \/>\t\t\t<strong>Otros<\/strong><br \/>\t\t\t&#8211; Alimentaci&oacute;n: 5 V\/150 mA<br \/>\t\t\t&#8211; Compatible con: PC\/PS5\/XBOX S\/X*<br \/>\t\t\t* La compatbilidad con las consolas PS5 y XBOX Series S\/X est&aacute; sujeto a los juegos disponibles que den soporte a esta posibilidad.<br \/>\t\t\t&#8211; Dimensiones: 128 x 80 x 40 mm<br \/>\t\t\t&#8211; Peso: 110g<\/td>\n<\/tr>\n<tr>\n<td valign=\"top\"><strong>Fecha de revisi&oacute;n<\/strong><\/td>\n<td>09-03-2022 por MPM<\/td>\n<\/tr>\n<\/table>\n","protected":false},"excerpt":{"rendered":"<p>Consigue pasarte tu juego favorito con la compa&ntilde;&iacute;a de Sonic.Rat&oacute;n para gaming con luces LED RGB configurables, con una aceleraci&oacute;n brutal, ergon&oacute;mico, muy c&oacute;modo a la hora de jugar a juegos MOBA, con 8 botones configurables, con alfombrilla troquelada y licencia de Sonic. Personaliza tus partidasRat&oacute;n gamer con 8 botones mec&aacute;nicos HUANO customizables. Personaliza las&hellip;&nbsp;<a href=\"https:\/\/aivlisoft.net\/shop\/producto\/energy-sistem-raton-gaming-m2-sonic\/\" rel=\"bookmark\"><span class=\"screen-reader-text\">Energy Sistem Raton Gaming M2 Sonic<\/span><\/a><\/p>\n","protected":false},"featured_media":10783,"template":"","meta":{"neve_meta_sidebar":"","neve_meta_container":"","neve_meta_enable_content_width":"","neve_meta_content_width":0,"neve_meta_title_alignment":"","neve_meta_author_avatar":"","neve_post_elements_order":"","neve_meta_disable_header":"","neve_meta_disable_footer":"","neve_meta_disable_title":""},"product_brand":[],"product_cat":[8721],"product_tag":[4195],"class_list":{"0":"post-10782","1":"product","2":"type-product","3":"status-publish","4":"has-post-thumbnail","6":"product_cat-ratones-con-cable","7":"product_tag-4195","9":"first","10":"instock","11":"taxable","12":"shipping-taxable","13":"purchasable","14":"product-type-simple"},"yoast_head":"<!-- This site is optimized with the Yoast SEO plugin v26.0 - https:\/\/yoast.com\/wordpress\/plugins\/seo\/ -->\n<title>Energy Sistem Raton Gaming M2 Sonic - Aivlisoft Inform\u00e1tica<\/title>\n<meta name=\"robots\" content=\"index, follow, max-snippet:-1, max-image-preview:large, max-video-preview:-1\" \/>\n<link rel=\"canonical\" href=\"https:\/\/aivlisoft.net\/shop\/producto\/energy-sistem-raton-gaming-m2-sonic\/\" \/>\n<meta property=\"og:locale\" content=\"es_ES\" \/>\n<meta property=\"og:type\" content=\"article\" \/>\n<meta property=\"og:title\" content=\"Energy Sistem Raton Gaming M2 Sonic - Aivlisoft Inform\u00e1tica\" \/>\n<meta property=\"og:description\" content=\"Consigue pasarte tu juego favorito con la compa&ntilde;&iacute;a de Sonic.Rat&oacute;n para gaming con luces LED RGB configurables, con una aceleraci&oacute;n brutal, ergon&oacute;mico, muy c&oacute;modo a la hora de jugar a juegos MOBA, con 8 botones configurables, con alfombrilla troquelada y licencia de Sonic. Personaliza tus partidasRat&oacute;n gamer con 8 botones mec&aacute;nicos HUANO customizables. Personaliza las&hellip;&nbsp;Energy Sistem Raton Gaming M2 Sonic\" \/>\n<meta property=\"og:url\" content=\"https:\/\/aivlisoft.net\/shop\/producto\/energy-sistem-raton-gaming-m2-sonic\/\" \/>\n<meta property=\"og:site_name\" content=\"Aivlisoft Inform\u00e1tica\" \/>\n<meta property=\"article:modified_time\" content=\"2025-01-14T10:54:07+00:00\" \/>\n<meta property=\"og:image\" content=\"https:\/\/aivlisoft.net\/shop\/wp-content\/uploads\/2025\/01\/FTRRCA0738_800.jpg\" \/>\n\t<meta property=\"og:image:width\" content=\"800\" \/>\n\t<meta property=\"og:image:height\" content=\"800\" \/>\n\t<meta property=\"og:image:type\" content=\"image\/jpeg\" \/>\n<meta name=\"twitter:card\" content=\"summary_large_image\" \/>\n<meta name=\"twitter:label1\" content=\"Tiempo de lectura\" \/>\n\t<meta name=\"twitter:data1\" content=\"2 minutos\" \/>\n<script type=\"application\/ld+json\" class=\"yoast-schema-graph\">{\"@context\":\"https:\/\/schema.org\",\"@graph\":[{\"@type\":\"WebPage\",\"@id\":\"https:\/\/aivlisoft.net\/shop\/producto\/energy-sistem-raton-gaming-m2-sonic\/\",\"url\":\"https:\/\/aivlisoft.net\/shop\/producto\/energy-sistem-raton-gaming-m2-sonic\/\",\"name\":\"Energy Sistem Raton Gaming M2 Sonic - Aivlisoft Inform\u00e1tica\",\"isPartOf\":{\"@id\":\"https:\/\/aivlisoft.net\/shop\/#website\"},\"primaryImageOfPage\":{\"@id\":\"https:\/\/aivlisoft.net\/shop\/producto\/energy-sistem-raton-gaming-m2-sonic\/#primaryimage\"},\"image\":{\"@id\":\"https:\/\/aivlisoft.net\/shop\/producto\/energy-sistem-raton-gaming-m2-sonic\/#primaryimage\"},\"thumbnailUrl\":\"https:\/\/aivlisoft.net\/shop\/wp-content\/uploads\/2025\/01\/FTRRCA0738_800.jpg\",\"datePublished\":\"2025-01-13T14:08:19+00:00\",\"dateModified\":\"2025-01-14T10:54:07+00:00\",\"breadcrumb\":{\"@id\":\"https:\/\/aivlisoft.net\/shop\/producto\/energy-sistem-raton-gaming-m2-sonic\/#breadcrumb\"},\"inLanguage\":\"es\",\"potentialAction\":[{\"@type\":\"ReadAction\",\"target\":[\"https:\/\/aivlisoft.net\/shop\/producto\/energy-sistem-raton-gaming-m2-sonic\/\"]}]},{\"@type\":\"ImageObject\",\"inLanguage\":\"es\",\"@id\":\"https:\/\/aivlisoft.net\/shop\/producto\/energy-sistem-raton-gaming-m2-sonic\/#primaryimage\",\"url\":\"https:\/\/aivlisoft.net\/shop\/wp-content\/uploads\/2025\/01\/FTRRCA0738_800.jpg\",\"contentUrl\":\"https:\/\/aivlisoft.net\/shop\/wp-content\/uploads\/2025\/01\/FTRRCA0738_800.jpg\",\"width\":800,\"height\":800},{\"@type\":\"BreadcrumbList\",\"@id\":\"https:\/\/aivlisoft.net\/shop\/producto\/energy-sistem-raton-gaming-m2-sonic\/#breadcrumb\",\"itemListElement\":[{\"@type\":\"ListItem\",\"position\":1,\"name\":\"Portada\",\"item\":\"https:\/\/aivlisoft.net\/shop\/\"},{\"@type\":\"ListItem\",\"position\":2,\"name\":\"Tienda\",\"item\":\"https:\/\/aivlisoft.net\/shop\/tienda\/\"},{\"@type\":\"ListItem\",\"position\":3,\"name\":\"Energy Sistem Raton Gaming M2 Sonic\"}]},{\"@type\":\"WebSite\",\"@id\":\"https:\/\/aivlisoft.net\/shop\/#website\",\"url\":\"https:\/\/aivlisoft.net\/shop\/\",\"name\":\"Aivlisoft Inform\u00e1tica\",\"description\":\"En Aivlisoft Inform\u00e1tica ofrecemos soluciones tecnol\u00f3gicas para empresas: venta de ordenadores, consumibles, perif\u00e9ricos y m\u00e1s. Calidad, atenci\u00f3n personalizada y los mejores precios para tu negocio.\",\"publisher\":{\"@id\":\"https:\/\/aivlisoft.net\/shop\/#organization\"},\"potentialAction\":[{\"@type\":\"SearchAction\",\"target\":{\"@type\":\"EntryPoint\",\"urlTemplate\":\"https:\/\/aivlisoft.net\/shop\/?s={search_term_string}\"},\"query-input\":{\"@type\":\"PropertyValueSpecification\",\"valueRequired\":true,\"valueName\":\"search_term_string\"}}],\"inLanguage\":\"es\"},{\"@type\":\"Organization\",\"@id\":\"https:\/\/aivlisoft.net\/shop\/#organization\",\"name\":\"Aivlisoft Inform\u00e1tica\",\"url\":\"https:\/\/aivlisoft.net\/shop\/\",\"logo\":{\"@type\":\"ImageObject\",\"inLanguage\":\"es\",\"@id\":\"https:\/\/aivlisoft.net\/shop\/#\/schema\/logo\/image\/\",\"url\":\"https:\/\/aivlisoft.net\/shop\/wp-content\/uploads\/2024\/12\/removal.ai_5b848c54-0cdf-4140-95c5-c5536bb7573b-logodef.png\",\"contentUrl\":\"https:\/\/aivlisoft.net\/shop\/wp-content\/uploads\/2024\/12\/removal.ai_5b848c54-0cdf-4140-95c5-c5536bb7573b-logodef.png\",\"width\":484,\"height\":182,\"caption\":\"Aivlisoft Inform\u00e1tica\"},\"image\":{\"@id\":\"https:\/\/aivlisoft.net\/shop\/#\/schema\/logo\/image\/\"}}]}<\/script>\n<!-- \/ Yoast SEO plugin. -->","yoast_head_json":{"title":"Energy Sistem Raton Gaming M2 Sonic - Aivlisoft Inform\u00e1tica","robots":{"index":"index","follow":"follow","max-snippet":"max-snippet:-1","max-image-preview":"max-image-preview:large","max-video-preview":"max-video-preview:-1"},"canonical":"https:\/\/aivlisoft.net\/shop\/producto\/energy-sistem-raton-gaming-m2-sonic\/","og_locale":"es_ES","og_type":"article","og_title":"Energy Sistem Raton Gaming M2 Sonic - Aivlisoft Inform\u00e1tica","og_description":"Consigue pasarte tu juego favorito con la compa&ntilde;&iacute;a de Sonic.Rat&oacute;n para gaming con luces LED RGB configurables, con una aceleraci&oacute;n brutal, ergon&oacute;mico, muy c&oacute;modo a la hora de jugar a juegos MOBA, con 8 botones configurables, con alfombrilla troquelada y licencia de Sonic. Personaliza tus partidasRat&oacute;n gamer con 8 botones mec&aacute;nicos HUANO customizables. Personaliza las&hellip;&nbsp;Energy Sistem Raton Gaming M2 Sonic","og_url":"https:\/\/aivlisoft.net\/shop\/producto\/energy-sistem-raton-gaming-m2-sonic\/","og_site_name":"Aivlisoft Inform\u00e1tica","article_modified_time":"2025-01-14T10:54:07+00:00","og_image":[{"width":800,"height":800,"url":"https:\/\/aivlisoft.net\/shop\/wp-content\/uploads\/2025\/01\/FTRRCA0738_800.jpg","type":"image\/jpeg"}],"twitter_card":"summary_large_image","twitter_misc":{"Tiempo de lectura":"2 minutos"},"schema":{"@context":"https:\/\/schema.org","@graph":[{"@type":"WebPage","@id":"https:\/\/aivlisoft.net\/shop\/producto\/energy-sistem-raton-gaming-m2-sonic\/","url":"https:\/\/aivlisoft.net\/shop\/producto\/energy-sistem-raton-gaming-m2-sonic\/","name":"Energy Sistem Raton Gaming M2 Sonic - Aivlisoft Inform\u00e1tica","isPartOf":{"@id":"https:\/\/aivlisoft.net\/shop\/#website"},"primaryImageOfPage":{"@id":"https:\/\/aivlisoft.net\/shop\/producto\/energy-sistem-raton-gaming-m2-sonic\/#primaryimage"},"image":{"@id":"https:\/\/aivlisoft.net\/shop\/producto\/energy-sistem-raton-gaming-m2-sonic\/#primaryimage"},"thumbnailUrl":"https:\/\/aivlisoft.net\/shop\/wp-content\/uploads\/2025\/01\/FTRRCA0738_800.jpg","datePublished":"2025-01-13T14:08:19+00:00","dateModified":"2025-01-14T10:54:07+00:00","breadcrumb":{"@id":"https:\/\/aivlisoft.net\/shop\/producto\/energy-sistem-raton-gaming-m2-sonic\/#breadcrumb"},"inLanguage":"es","potentialAction":[{"@type":"ReadAction","target":["https:\/\/aivlisoft.net\/shop\/producto\/energy-sistem-raton-gaming-m2-sonic\/"]}]},{"@type":"ImageObject","inLanguage":"es","@id":"https:\/\/aivlisoft.net\/shop\/producto\/energy-sistem-raton-gaming-m2-sonic\/#primaryimage","url":"https:\/\/aivlisoft.net\/shop\/wp-content\/uploads\/2025\/01\/FTRRCA0738_800.jpg","contentUrl":"https:\/\/aivlisoft.net\/shop\/wp-content\/uploads\/2025\/01\/FTRRCA0738_800.jpg","width":800,"height":800},{"@type":"BreadcrumbList","@id":"https:\/\/aivlisoft.net\/shop\/producto\/energy-sistem-raton-gaming-m2-sonic\/#breadcrumb","itemListElement":[{"@type":"ListItem","position":1,"name":"Portada","item":"https:\/\/aivlisoft.net\/shop\/"},{"@type":"ListItem","position":2,"name":"Tienda","item":"https:\/\/aivlisoft.net\/shop\/tienda\/"},{"@type":"ListItem","position":3,"name":"Energy Sistem Raton Gaming M2 Sonic"}]},{"@type":"WebSite","@id":"https:\/\/aivlisoft.net\/shop\/#website","url":"https:\/\/aivlisoft.net\/shop\/","name":"Aivlisoft Inform\u00e1tica","description":"En Aivlisoft Inform\u00e1tica ofrecemos soluciones tecnol\u00f3gicas para empresas: venta de ordenadores, consumibles, perif\u00e9ricos y m\u00e1s. Calidad, atenci\u00f3n personalizada y los mejores precios para tu negocio.","publisher":{"@id":"https:\/\/aivlisoft.net\/shop\/#organization"},"potentialAction":[{"@type":"SearchAction","target":{"@type":"EntryPoint","urlTemplate":"https:\/\/aivlisoft.net\/shop\/?s={search_term_string}"},"query-input":{"@type":"PropertyValueSpecification","valueRequired":true,"valueName":"search_term_string"}}],"inLanguage":"es"},{"@type":"Organization","@id":"https:\/\/aivlisoft.net\/shop\/#organization","name":"Aivlisoft Inform\u00e1tica","url":"https:\/\/aivlisoft.net\/shop\/","logo":{"@type":"ImageObject","inLanguage":"es","@id":"https:\/\/aivlisoft.net\/shop\/#\/schema\/logo\/image\/","url":"https:\/\/aivlisoft.net\/shop\/wp-content\/uploads\/2024\/12\/removal.ai_5b848c54-0cdf-4140-95c5-c5536bb7573b-logodef.png","contentUrl":"https:\/\/aivlisoft.net\/shop\/wp-content\/uploads\/2024\/12\/removal.ai_5b848c54-0cdf-4140-95c5-c5536bb7573b-logodef.png","width":484,"height":182,"caption":"Aivlisoft Inform\u00e1tica"},"image":{"@id":"https:\/\/aivlisoft.net\/shop\/#\/schema\/logo\/image\/"}}]}},"_links":{"self":[{"href":"https:\/\/aivlisoft.net\/shop\/wp-json\/wp\/v2\/product\/10782","targetHints":{"allow":["GET"]}}],"collection":[{"href":"https:\/\/aivlisoft.net\/shop\/wp-json\/wp\/v2\/product"}],"about":[{"href":"https:\/\/aivlisoft.net\/shop\/wp-json\/wp\/v2\/types\/product"}],"wp:featuredmedia":[{"embeddable":true,"href":"https:\/\/aivlisoft.net\/shop\/wp-json\/wp\/v2\/media\/10783"}],"wp:attachment":[{"href":"https:\/\/aivlisoft.net\/shop\/wp-json\/wp\/v2\/media?parent=10782"}],"wp:term":[{"taxonomy":"product_brand","embeddable":true,"href":"https:\/\/aivlisoft.net\/shop\/wp-json\/wp\/v2\/product_brand?post=10782"},{"taxonomy":"product_cat","embeddable":true,"href":"https:\/\/aivlisoft.net\/shop\/wp-json\/wp\/v2\/product_cat?post=10782"},{"taxonomy":"product_tag","embeddable":true,"href":"https:\/\/aivlisoft.net\/shop\/wp-json\/wp\/v2\/product_tag?post=10782"}],"curies":[{"name":"wp","href":"https:\/\/api.w.org\/{rel}","templated":true}]}}