{"id":10753,"date":"2025-01-13T14:08:01","date_gmt":"2025-01-13T14:08:01","guid":{"rendered":"https:\/\/aivlisoft.com\/?post_type=product&#038;p=10753"},"modified":"2025-01-14T10:53:55","modified_gmt":"2025-01-14T10:53:55","slug":"energy-sistem-raton-gaming-esg-m2-6400-dpi-rgb","status":"publish","type":"product","link":"https:\/\/aivlisoft.net\/shop\/producto\/energy-sistem-raton-gaming-esg-m2-6400-dpi-rgb\/","title":{"rendered":"Energy Sistem Raton Gaming ESG M2 6400 DPI RGB"},"content":{"rendered":"<p><strong>La partida al alcance de tu mano<\/strong><br \/>Rat&oacute;n gamer con botoneras configurables a trav&eacute;s de software. Bot&oacute;n sniper para que reduzcas moment&aacute;neamente tus DPI y consigas apuntar mejor para un tiro certero. Botoneras configurables a trav&eacute;s de software y controles de los DPI para aumentar o disminuir el tiempo durante tu partida y obtener una respuesta r&aacute;pida y precisa.<\/p>\n<p><strong>Dise&ntilde;ado para ganar<\/strong><br \/>Alta precisi&oacute;n en los movimientos m&aacute;s exigentes. Rat&oacute;n ergon&oacute;mico y c&oacute;modo con sensor &oacute;ptico de hasta 6400 DPI para una r&aacute;pida respuesta en el juego.<\/p>\n<p><strong>Ilumina tu juego y tu espacio<\/strong><br \/>Luces LED RGB personalizables con diferentes efectos y sofware para configurarlas. Elige entre los diversos modos de iluminaci&oacute;n seg&uacute;n el juego y el soporte.<\/p>\n<p><strong>M&aacute;s precisi&oacute;n. Mayor velocidad.<\/strong><br \/>Movimientos que se adaptan perfectamente a tu partida. Con un alcance de aceleraci&oacute;n de 22G te permitir&aacute; un cambio de velocidad fugaz para que tus competidores no te alcancen.<\/p>\n<table class=\"tabla_caracteristicas k-table\" width=\"100%\">\n<tbody>\n<tr>\n<td><strong>Marca<\/strong><\/td>\n<td>Energy Sistem<\/td>\n<\/tr>\n<tr>\n<td><strong>Modelo<\/strong><\/td>\n<td><strong><\/strong><strong>452064<\/strong><\/td>\n<\/tr>\n<tr>\n<td valign=\"top\"><strong>Otras caracter&iacute;sticas<\/strong><\/td>\n<td><strong>Sensor<\/strong><br \/>&#8211; Tecnolog&iacute;a: &oacute;ptico<br \/>&#8211; Modelo de sensor: PMW 6651<br \/>&#8211; Rango DPI: 200 DPI ~ 6400 DPI<br \/>&#8211; Velocidad de seguimiento: 66 IPS<br \/>&#8211; Aceleraci&oacute;n: 22 G<br \/>&#8211; Tasa de sondeo: 125\/250\/500\/1000 Hz<br \/><strong>Botones<\/strong><br \/>&#8211; N&uacute;mero de botones: 8<br \/>&#8211; Tecnolog&iacute;a: mec&aacute;nicos Huano<br \/>&#8211; Vida &uacute;til: 10 M<br \/><strong>Iluminaci&oacute;n<\/strong><br \/>&#8211; Color LEDS: RGB con 6 efectos de iluminaci&oacute;n diferentes.<br \/><strong>Interfaz<\/strong><br \/>&#8211; Tipo de conexi&oacute;n: cableado<br \/>&#8211; Tipo de conector: USB v2.0<br \/>&#8211; Longitud cable: 150 cm<br \/>&#8211; N&uacute;cleo de ferrita incluido<br \/><strong>Alimentaci&oacute;n<\/strong><br \/>&#8211; 5 V\/150 mA<br \/><strong>Dimensiones y Peso<\/strong><br \/>&#8211; 128 x 80 x 40 mm<br \/>&#8211; 110 g<\/td>\n<\/tr>\n<tr>\n<td><strong>Fecha de revisi&oacute;n<\/strong><\/td>\n<td>17-17-2020 por MPM<\/td>\n<\/tr>\n<\/tbody>\n<\/table>\n","protected":false},"excerpt":{"rendered":"<p>La partida al alcance de tu manoRat&oacute;n gamer con botoneras configurables a trav&eacute;s de software. Bot&oacute;n sniper para que reduzcas moment&aacute;neamente tus DPI y consigas apuntar mejor para un tiro certero. Botoneras configurables a trav&eacute;s de software y controles de los DPI para aumentar o disminuir el tiempo durante tu partida y obtener una respuesta&hellip;&nbsp;<a href=\"https:\/\/aivlisoft.net\/shop\/producto\/energy-sistem-raton-gaming-esg-m2-6400-dpi-rgb\/\" rel=\"bookmark\"><span class=\"screen-reader-text\">Energy Sistem Raton Gaming ESG M2 6400 DPI RGB<\/span><\/a><\/p>\n","protected":false},"featured_media":10754,"template":"","meta":{"neve_meta_sidebar":"","neve_meta_container":"","neve_meta_enable_content_width":"","neve_meta_content_width":0,"neve_meta_title_alignment":"","neve_meta_author_avatar":"","neve_post_elements_order":"","neve_meta_disable_header":"","neve_meta_disable_footer":"","neve_meta_disable_title":""},"product_brand":[],"product_cat":[8721],"product_tag":[4178],"class_list":{"0":"post-10753","1":"product","2":"type-product","3":"status-publish","4":"has-post-thumbnail","6":"product_cat-ratones-con-cable","7":"product_tag-4178","9":"first","10":"instock","11":"taxable","12":"shipping-taxable","13":"purchasable","14":"product-type-simple"},"yoast_head":"<!-- This site is optimized with the Yoast SEO plugin v26.0 - https:\/\/yoast.com\/wordpress\/plugins\/seo\/ -->\n<title>Energy Sistem Raton Gaming ESG M2 6400 DPI RGB - Aivlisoft Inform\u00e1tica<\/title>\n<meta name=\"robots\" content=\"index, follow, max-snippet:-1, max-image-preview:large, max-video-preview:-1\" \/>\n<link rel=\"canonical\" href=\"https:\/\/aivlisoft.net\/shop\/producto\/energy-sistem-raton-gaming-esg-m2-6400-dpi-rgb\/\" \/>\n<meta property=\"og:locale\" content=\"es_ES\" \/>\n<meta property=\"og:type\" content=\"article\" \/>\n<meta property=\"og:title\" content=\"Energy Sistem Raton Gaming ESG M2 6400 DPI RGB - Aivlisoft Inform\u00e1tica\" \/>\n<meta property=\"og:description\" content=\"La partida al alcance de tu manoRat&oacute;n gamer con botoneras configurables a trav&eacute;s de software. Bot&oacute;n sniper para que reduzcas moment&aacute;neamente tus DPI y consigas apuntar mejor para un tiro certero. Botoneras configurables a trav&eacute;s de software y controles de los DPI para aumentar o disminuir el tiempo durante tu partida y obtener una respuesta&hellip;&nbsp;Energy Sistem Raton Gaming ESG M2 6400 DPI RGB\" \/>\n<meta property=\"og:url\" content=\"https:\/\/aivlisoft.net\/shop\/producto\/energy-sistem-raton-gaming-esg-m2-6400-dpi-rgb\/\" \/>\n<meta property=\"og:site_name\" content=\"Aivlisoft Inform\u00e1tica\" \/>\n<meta property=\"article:modified_time\" content=\"2025-01-14T10:53:55+00:00\" \/>\n<meta property=\"og:image\" content=\"https:\/\/aivlisoft.net\/shop\/wp-content\/uploads\/2025\/01\/FTRRCA0689_800.jpg\" \/>\n\t<meta property=\"og:image:width\" content=\"800\" \/>\n\t<meta property=\"og:image:height\" content=\"800\" \/>\n\t<meta property=\"og:image:type\" content=\"image\/jpeg\" \/>\n<meta name=\"twitter:card\" content=\"summary_large_image\" \/>\n<meta name=\"twitter:label1\" content=\"Tiempo de lectura\" \/>\n\t<meta name=\"twitter:data1\" content=\"1 minuto\" \/>\n<script type=\"application\/ld+json\" class=\"yoast-schema-graph\">{\"@context\":\"https:\/\/schema.org\",\"@graph\":[{\"@type\":\"WebPage\",\"@id\":\"https:\/\/aivlisoft.net\/shop\/producto\/energy-sistem-raton-gaming-esg-m2-6400-dpi-rgb\/\",\"url\":\"https:\/\/aivlisoft.net\/shop\/producto\/energy-sistem-raton-gaming-esg-m2-6400-dpi-rgb\/\",\"name\":\"Energy Sistem Raton Gaming ESG M2 6400 DPI RGB - Aivlisoft Inform\u00e1tica\",\"isPartOf\":{\"@id\":\"https:\/\/aivlisoft.net\/shop\/#website\"},\"primaryImageOfPage\":{\"@id\":\"https:\/\/aivlisoft.net\/shop\/producto\/energy-sistem-raton-gaming-esg-m2-6400-dpi-rgb\/#primaryimage\"},\"image\":{\"@id\":\"https:\/\/aivlisoft.net\/shop\/producto\/energy-sistem-raton-gaming-esg-m2-6400-dpi-rgb\/#primaryimage\"},\"thumbnailUrl\":\"https:\/\/aivlisoft.net\/shop\/wp-content\/uploads\/2025\/01\/FTRRCA0689_800.jpg\",\"datePublished\":\"2025-01-13T14:08:01+00:00\",\"dateModified\":\"2025-01-14T10:53:55+00:00\",\"breadcrumb\":{\"@id\":\"https:\/\/aivlisoft.net\/shop\/producto\/energy-sistem-raton-gaming-esg-m2-6400-dpi-rgb\/#breadcrumb\"},\"inLanguage\":\"es\",\"potentialAction\":[{\"@type\":\"ReadAction\",\"target\":[\"https:\/\/aivlisoft.net\/shop\/producto\/energy-sistem-raton-gaming-esg-m2-6400-dpi-rgb\/\"]}]},{\"@type\":\"ImageObject\",\"inLanguage\":\"es\",\"@id\":\"https:\/\/aivlisoft.net\/shop\/producto\/energy-sistem-raton-gaming-esg-m2-6400-dpi-rgb\/#primaryimage\",\"url\":\"https:\/\/aivlisoft.net\/shop\/wp-content\/uploads\/2025\/01\/FTRRCA0689_800.jpg\",\"contentUrl\":\"https:\/\/aivlisoft.net\/shop\/wp-content\/uploads\/2025\/01\/FTRRCA0689_800.jpg\",\"width\":800,\"height\":800},{\"@type\":\"BreadcrumbList\",\"@id\":\"https:\/\/aivlisoft.net\/shop\/producto\/energy-sistem-raton-gaming-esg-m2-6400-dpi-rgb\/#breadcrumb\",\"itemListElement\":[{\"@type\":\"ListItem\",\"position\":1,\"name\":\"Portada\",\"item\":\"https:\/\/aivlisoft.net\/shop\/\"},{\"@type\":\"ListItem\",\"position\":2,\"name\":\"Tienda\",\"item\":\"https:\/\/aivlisoft.net\/shop\/tienda\/\"},{\"@type\":\"ListItem\",\"position\":3,\"name\":\"Energy Sistem Raton Gaming ESG M2 6400 DPI RGB\"}]},{\"@type\":\"WebSite\",\"@id\":\"https:\/\/aivlisoft.net\/shop\/#website\",\"url\":\"https:\/\/aivlisoft.net\/shop\/\",\"name\":\"Aivlisoft Inform\u00e1tica\",\"description\":\"En Aivlisoft Inform\u00e1tica ofrecemos soluciones tecnol\u00f3gicas para empresas: venta de ordenadores, consumibles, perif\u00e9ricos y m\u00e1s. Calidad, atenci\u00f3n personalizada y los mejores precios para tu negocio.\",\"publisher\":{\"@id\":\"https:\/\/aivlisoft.net\/shop\/#organization\"},\"potentialAction\":[{\"@type\":\"SearchAction\",\"target\":{\"@type\":\"EntryPoint\",\"urlTemplate\":\"https:\/\/aivlisoft.net\/shop\/?s={search_term_string}\"},\"query-input\":{\"@type\":\"PropertyValueSpecification\",\"valueRequired\":true,\"valueName\":\"search_term_string\"}}],\"inLanguage\":\"es\"},{\"@type\":\"Organization\",\"@id\":\"https:\/\/aivlisoft.net\/shop\/#organization\",\"name\":\"Aivlisoft Inform\u00e1tica\",\"url\":\"https:\/\/aivlisoft.net\/shop\/\",\"logo\":{\"@type\":\"ImageObject\",\"inLanguage\":\"es\",\"@id\":\"https:\/\/aivlisoft.net\/shop\/#\/schema\/logo\/image\/\",\"url\":\"https:\/\/aivlisoft.net\/shop\/wp-content\/uploads\/2024\/12\/removal.ai_5b848c54-0cdf-4140-95c5-c5536bb7573b-logodef.png\",\"contentUrl\":\"https:\/\/aivlisoft.net\/shop\/wp-content\/uploads\/2024\/12\/removal.ai_5b848c54-0cdf-4140-95c5-c5536bb7573b-logodef.png\",\"width\":484,\"height\":182,\"caption\":\"Aivlisoft Inform\u00e1tica\"},\"image\":{\"@id\":\"https:\/\/aivlisoft.net\/shop\/#\/schema\/logo\/image\/\"}}]}<\/script>\n<!-- \/ Yoast SEO plugin. -->","yoast_head_json":{"title":"Energy Sistem Raton Gaming ESG M2 6400 DPI RGB - Aivlisoft Inform\u00e1tica","robots":{"index":"index","follow":"follow","max-snippet":"max-snippet:-1","max-image-preview":"max-image-preview:large","max-video-preview":"max-video-preview:-1"},"canonical":"https:\/\/aivlisoft.net\/shop\/producto\/energy-sistem-raton-gaming-esg-m2-6400-dpi-rgb\/","og_locale":"es_ES","og_type":"article","og_title":"Energy Sistem Raton Gaming ESG M2 6400 DPI RGB - Aivlisoft Inform\u00e1tica","og_description":"La partida al alcance de tu manoRat&oacute;n gamer con botoneras configurables a trav&eacute;s de software. Bot&oacute;n sniper para que reduzcas moment&aacute;neamente tus DPI y consigas apuntar mejor para un tiro certero. Botoneras configurables a trav&eacute;s de software y controles de los DPI para aumentar o disminuir el tiempo durante tu partida y obtener una respuesta&hellip;&nbsp;Energy Sistem Raton Gaming ESG M2 6400 DPI RGB","og_url":"https:\/\/aivlisoft.net\/shop\/producto\/energy-sistem-raton-gaming-esg-m2-6400-dpi-rgb\/","og_site_name":"Aivlisoft Inform\u00e1tica","article_modified_time":"2025-01-14T10:53:55+00:00","og_image":[{"width":800,"height":800,"url":"https:\/\/aivlisoft.net\/shop\/wp-content\/uploads\/2025\/01\/FTRRCA0689_800.jpg","type":"image\/jpeg"}],"twitter_card":"summary_large_image","twitter_misc":{"Tiempo de lectura":"1 minuto"},"schema":{"@context":"https:\/\/schema.org","@graph":[{"@type":"WebPage","@id":"https:\/\/aivlisoft.net\/shop\/producto\/energy-sistem-raton-gaming-esg-m2-6400-dpi-rgb\/","url":"https:\/\/aivlisoft.net\/shop\/producto\/energy-sistem-raton-gaming-esg-m2-6400-dpi-rgb\/","name":"Energy Sistem Raton Gaming ESG M2 6400 DPI RGB - Aivlisoft Inform\u00e1tica","isPartOf":{"@id":"https:\/\/aivlisoft.net\/shop\/#website"},"primaryImageOfPage":{"@id":"https:\/\/aivlisoft.net\/shop\/producto\/energy-sistem-raton-gaming-esg-m2-6400-dpi-rgb\/#primaryimage"},"image":{"@id":"https:\/\/aivlisoft.net\/shop\/producto\/energy-sistem-raton-gaming-esg-m2-6400-dpi-rgb\/#primaryimage"},"thumbnailUrl":"https:\/\/aivlisoft.net\/shop\/wp-content\/uploads\/2025\/01\/FTRRCA0689_800.jpg","datePublished":"2025-01-13T14:08:01+00:00","dateModified":"2025-01-14T10:53:55+00:00","breadcrumb":{"@id":"https:\/\/aivlisoft.net\/shop\/producto\/energy-sistem-raton-gaming-esg-m2-6400-dpi-rgb\/#breadcrumb"},"inLanguage":"es","potentialAction":[{"@type":"ReadAction","target":["https:\/\/aivlisoft.net\/shop\/producto\/energy-sistem-raton-gaming-esg-m2-6400-dpi-rgb\/"]}]},{"@type":"ImageObject","inLanguage":"es","@id":"https:\/\/aivlisoft.net\/shop\/producto\/energy-sistem-raton-gaming-esg-m2-6400-dpi-rgb\/#primaryimage","url":"https:\/\/aivlisoft.net\/shop\/wp-content\/uploads\/2025\/01\/FTRRCA0689_800.jpg","contentUrl":"https:\/\/aivlisoft.net\/shop\/wp-content\/uploads\/2025\/01\/FTRRCA0689_800.jpg","width":800,"height":800},{"@type":"BreadcrumbList","@id":"https:\/\/aivlisoft.net\/shop\/producto\/energy-sistem-raton-gaming-esg-m2-6400-dpi-rgb\/#breadcrumb","itemListElement":[{"@type":"ListItem","position":1,"name":"Portada","item":"https:\/\/aivlisoft.net\/shop\/"},{"@type":"ListItem","position":2,"name":"Tienda","item":"https:\/\/aivlisoft.net\/shop\/tienda\/"},{"@type":"ListItem","position":3,"name":"Energy Sistem Raton Gaming ESG M2 6400 DPI RGB"}]},{"@type":"WebSite","@id":"https:\/\/aivlisoft.net\/shop\/#website","url":"https:\/\/aivlisoft.net\/shop\/","name":"Aivlisoft Inform\u00e1tica","description":"En Aivlisoft Inform\u00e1tica ofrecemos soluciones tecnol\u00f3gicas para empresas: venta de ordenadores, consumibles, perif\u00e9ricos y m\u00e1s. Calidad, atenci\u00f3n personalizada y los mejores precios para tu negocio.","publisher":{"@id":"https:\/\/aivlisoft.net\/shop\/#organization"},"potentialAction":[{"@type":"SearchAction","target":{"@type":"EntryPoint","urlTemplate":"https:\/\/aivlisoft.net\/shop\/?s={search_term_string}"},"query-input":{"@type":"PropertyValueSpecification","valueRequired":true,"valueName":"search_term_string"}}],"inLanguage":"es"},{"@type":"Organization","@id":"https:\/\/aivlisoft.net\/shop\/#organization","name":"Aivlisoft Inform\u00e1tica","url":"https:\/\/aivlisoft.net\/shop\/","logo":{"@type":"ImageObject","inLanguage":"es","@id":"https:\/\/aivlisoft.net\/shop\/#\/schema\/logo\/image\/","url":"https:\/\/aivlisoft.net\/shop\/wp-content\/uploads\/2024\/12\/removal.ai_5b848c54-0cdf-4140-95c5-c5536bb7573b-logodef.png","contentUrl":"https:\/\/aivlisoft.net\/shop\/wp-content\/uploads\/2024\/12\/removal.ai_5b848c54-0cdf-4140-95c5-c5536bb7573b-logodef.png","width":484,"height":182,"caption":"Aivlisoft Inform\u00e1tica"},"image":{"@id":"https:\/\/aivlisoft.net\/shop\/#\/schema\/logo\/image\/"}}]}},"_links":{"self":[{"href":"https:\/\/aivlisoft.net\/shop\/wp-json\/wp\/v2\/product\/10753","targetHints":{"allow":["GET"]}}],"collection":[{"href":"https:\/\/aivlisoft.net\/shop\/wp-json\/wp\/v2\/product"}],"about":[{"href":"https:\/\/aivlisoft.net\/shop\/wp-json\/wp\/v2\/types\/product"}],"wp:featuredmedia":[{"embeddable":true,"href":"https:\/\/aivlisoft.net\/shop\/wp-json\/wp\/v2\/media\/10754"}],"wp:attachment":[{"href":"https:\/\/aivlisoft.net\/shop\/wp-json\/wp\/v2\/media?parent=10753"}],"wp:term":[{"taxonomy":"product_brand","embeddable":true,"href":"https:\/\/aivlisoft.net\/shop\/wp-json\/wp\/v2\/product_brand?post=10753"},{"taxonomy":"product_cat","embeddable":true,"href":"https:\/\/aivlisoft.net\/shop\/wp-json\/wp\/v2\/product_cat?post=10753"},{"taxonomy":"product_tag","embeddable":true,"href":"https:\/\/aivlisoft.net\/shop\/wp-json\/wp\/v2\/product_tag?post=10753"}],"curies":[{"name":"wp","href":"https:\/\/api.w.org\/{rel}","templated":true}]}}