{"id":10748,"date":"2025-01-13T14:07:59","date_gmt":"2025-01-13T14:07:59","guid":{"rendered":"https:\/\/aivlisoft.com\/?post_type=product&#038;p=10748"},"modified":"2025-01-14T10:53:54","modified_gmt":"2025-01-14T10:53:54","slug":"krom-raton-gaming-keos-rgb-rainbow","status":"publish","type":"product","link":"https:\/\/aivlisoft.net\/shop\/producto\/krom-raton-gaming-keos-rgb-rainbow\/","title":{"rendered":"Krom Raton Gaming Keos RGB rainbow"},"content":{"rendered":"<p><strong>Keos<\/strong><br \/>Tiene todo lo que buscas en un rat&oacute;n. Con potente iluminaci&oacute;n RGB y un dise&ntilde;o ergon&oacute;mico, que asegura libertad de movimiento, facilita una respuesta precisa y r&aacute;pida a cualquier acci&oacute;n, alcanzando los 6400 DPI, lo que lo convierte en la herramienta perfecta para hacerte con la victoria.<\/p>\n<p><strong>Ergonom&iacute;a ganadora<\/strong><br \/>Su compacto dise&ntilde;o profesional se ajustar&aacute; perfectamente a tu mano, pudi&eacute;ndolo agarrar con seguridad y sin miedo a movimientos accidentales, disfrutando de largas partidas sin notar el paso de las horas.<\/p>\n<p>Gracias a su c&oacute;moda estructura, de materiales de calidad, que lo hacen suave al tacto, con cable mallado resistente y duradero, el ligero Keos se adapta a tu estilo de juego proporcion&aacute;ndote la libertad que necesitas mediante sus 7 botones, acompa&ntilde;&aacute;ndote as&iacute; en todo momento en tu estrategia.<\/p>\n<p><strong>Se adapta a tu estilo de juego<\/strong><br \/>Su certero sensor &oacute;ptico de 6400 DPI te otorga el control de movimientos que tanto deseas. Podr&aacute;s cambiar f&aacute;cilmente entre los seis niveles 800 \/ 1600 \/ 2400 \/ 3200 \/ 4800 \/ 6400 DPI en cada situaci&oacute;n de tu partida, en funci&oacute;n de la velocidad de respuesta que el juego te exija.<\/p>\n<p><strong>Ilumina cada movimiento<\/strong><br \/>Viste a tu rat&oacute;n con una iluminaci&oacute;n espectacular para que vaya a juego con el teclado o los auriculares, luciendo todo tu equipo una aut&eacute;ntica est&eacute;tica gaming, viviendo una experiencia completa.<\/p>\n<table class=\"tabla_caracteristicas k-table\" width=\"100%\">\n<tbody>\n<tr>\n<td><strong>Marca<\/strong><\/td>\n<td>Krom<\/td>\n<\/tr>\n<tr>\n<td><strong>Modelo<\/strong><\/td>\n<td><strong>NXKROMKEOS<\/strong><\/td>\n<\/tr>\n<tr>\n<td><strong>Caracter&iacute;sticas<\/strong><\/td>\n<td><strong>Sensor<\/strong><br \/>&#8211; &Oacute;ptico<br \/>&#8211; Resoluci&oacute;n: 800-1600-2400-3200-4800-6400 DPI<br \/><strong>Compatibilidad<\/strong><br \/>&#8211; Windows 7 \/ 8.1 \/ 10<br \/><strong>Conexi&oacute;n<\/strong><br \/>&#8211; USB chapado en oro<br \/>&#8211; Longitud cable: 1.5 m<br \/><strong>Otras<\/strong><br \/>&#8211; 7 botones<br \/><strong>Dimensiones y peso<\/strong><br \/>&#8211; 122 x 80 x 41 mm<br \/>&#8211; 125 g<\/td>\n<\/tr>\n<tr>\n<td><strong>Fecha de revisi&oacute;n<\/strong><\/td>\n<td>23-06-2020 por MSB<\/td>\n<\/tr>\n<\/tbody>\n<\/table>\n","protected":false},"excerpt":{"rendered":"<p>KeosTiene todo lo que buscas en un rat&oacute;n. Con potente iluminaci&oacute;n RGB y un dise&ntilde;o ergon&oacute;mico, que asegura libertad de movimiento, facilita una respuesta precisa y r&aacute;pida a cualquier acci&oacute;n, alcanzando los 6400 DPI, lo que lo convierte en la herramienta perfecta para hacerte con la victoria. Ergonom&iacute;a ganadoraSu compacto dise&ntilde;o profesional se ajustar&aacute; perfectamente&hellip;&nbsp;<a href=\"https:\/\/aivlisoft.net\/shop\/producto\/krom-raton-gaming-keos-rgb-rainbow\/\" rel=\"bookmark\"><span class=\"screen-reader-text\">Krom Raton Gaming Keos RGB rainbow<\/span><\/a><\/p>\n","protected":false},"featured_media":10749,"template":"","meta":{"neve_meta_sidebar":"","neve_meta_container":"","neve_meta_enable_content_width":"","neve_meta_content_width":0,"neve_meta_title_alignment":"","neve_meta_author_avatar":"","neve_post_elements_order":"","neve_meta_disable_header":"","neve_meta_disable_footer":"","neve_meta_disable_title":""},"product_brand":[],"product_cat":[8721],"product_tag":[4176],"class_list":{"0":"post-10748","1":"product","2":"type-product","3":"status-publish","4":"has-post-thumbnail","6":"product_cat-ratones-con-cable","7":"product_tag-nxkromkeos","9":"first","10":"instock","11":"taxable","12":"shipping-taxable","13":"purchasable","14":"product-type-simple"},"yoast_head":"<!-- This site is optimized with the Yoast SEO plugin v26.0 - https:\/\/yoast.com\/wordpress\/plugins\/seo\/ -->\n<title>Krom Raton Gaming Keos RGB rainbow - Aivlisoft Inform\u00e1tica<\/title>\n<meta name=\"robots\" content=\"index, follow, max-snippet:-1, max-image-preview:large, max-video-preview:-1\" \/>\n<link rel=\"canonical\" href=\"https:\/\/aivlisoft.net\/shop\/producto\/krom-raton-gaming-keos-rgb-rainbow\/\" \/>\n<meta property=\"og:locale\" content=\"es_ES\" \/>\n<meta property=\"og:type\" content=\"article\" \/>\n<meta property=\"og:title\" content=\"Krom Raton Gaming Keos RGB rainbow - Aivlisoft Inform\u00e1tica\" \/>\n<meta property=\"og:description\" content=\"KeosTiene todo lo que buscas en un rat&oacute;n. Con potente iluminaci&oacute;n RGB y un dise&ntilde;o ergon&oacute;mico, que asegura libertad de movimiento, facilita una respuesta precisa y r&aacute;pida a cualquier acci&oacute;n, alcanzando los 6400 DPI, lo que lo convierte en la herramienta perfecta para hacerte con la victoria. Ergonom&iacute;a ganadoraSu compacto dise&ntilde;o profesional se ajustar&aacute; perfectamente&hellip;&nbsp;Krom Raton Gaming Keos RGB rainbow\" \/>\n<meta property=\"og:url\" content=\"https:\/\/aivlisoft.net\/shop\/producto\/krom-raton-gaming-keos-rgb-rainbow\/\" \/>\n<meta property=\"og:site_name\" content=\"Aivlisoft Inform\u00e1tica\" \/>\n<meta property=\"article:modified_time\" content=\"2025-01-14T10:53:54+00:00\" \/>\n<meta property=\"og:image\" content=\"https:\/\/aivlisoft.net\/shop\/wp-content\/uploads\/2025\/01\/FTRRCA0675_800.jpg\" \/>\n\t<meta property=\"og:image:width\" content=\"800\" \/>\n\t<meta property=\"og:image:height\" content=\"800\" \/>\n\t<meta property=\"og:image:type\" content=\"image\/jpeg\" \/>\n<meta name=\"twitter:card\" content=\"summary_large_image\" \/>\n<meta name=\"twitter:label1\" content=\"Tiempo de lectura\" \/>\n\t<meta name=\"twitter:data1\" content=\"1 minuto\" \/>\n<script type=\"application\/ld+json\" class=\"yoast-schema-graph\">{\"@context\":\"https:\/\/schema.org\",\"@graph\":[{\"@type\":\"WebPage\",\"@id\":\"https:\/\/aivlisoft.net\/shop\/producto\/krom-raton-gaming-keos-rgb-rainbow\/\",\"url\":\"https:\/\/aivlisoft.net\/shop\/producto\/krom-raton-gaming-keos-rgb-rainbow\/\",\"name\":\"Krom Raton Gaming Keos RGB rainbow - Aivlisoft Inform\u00e1tica\",\"isPartOf\":{\"@id\":\"https:\/\/aivlisoft.net\/shop\/#website\"},\"primaryImageOfPage\":{\"@id\":\"https:\/\/aivlisoft.net\/shop\/producto\/krom-raton-gaming-keos-rgb-rainbow\/#primaryimage\"},\"image\":{\"@id\":\"https:\/\/aivlisoft.net\/shop\/producto\/krom-raton-gaming-keos-rgb-rainbow\/#primaryimage\"},\"thumbnailUrl\":\"https:\/\/aivlisoft.net\/shop\/wp-content\/uploads\/2025\/01\/FTRRCA0675_800.jpg\",\"datePublished\":\"2025-01-13T14:07:59+00:00\",\"dateModified\":\"2025-01-14T10:53:54+00:00\",\"breadcrumb\":{\"@id\":\"https:\/\/aivlisoft.net\/shop\/producto\/krom-raton-gaming-keos-rgb-rainbow\/#breadcrumb\"},\"inLanguage\":\"es\",\"potentialAction\":[{\"@type\":\"ReadAction\",\"target\":[\"https:\/\/aivlisoft.net\/shop\/producto\/krom-raton-gaming-keos-rgb-rainbow\/\"]}]},{\"@type\":\"ImageObject\",\"inLanguage\":\"es\",\"@id\":\"https:\/\/aivlisoft.net\/shop\/producto\/krom-raton-gaming-keos-rgb-rainbow\/#primaryimage\",\"url\":\"https:\/\/aivlisoft.net\/shop\/wp-content\/uploads\/2025\/01\/FTRRCA0675_800.jpg\",\"contentUrl\":\"https:\/\/aivlisoft.net\/shop\/wp-content\/uploads\/2025\/01\/FTRRCA0675_800.jpg\",\"width\":800,\"height\":800},{\"@type\":\"BreadcrumbList\",\"@id\":\"https:\/\/aivlisoft.net\/shop\/producto\/krom-raton-gaming-keos-rgb-rainbow\/#breadcrumb\",\"itemListElement\":[{\"@type\":\"ListItem\",\"position\":1,\"name\":\"Portada\",\"item\":\"https:\/\/aivlisoft.net\/shop\/\"},{\"@type\":\"ListItem\",\"position\":2,\"name\":\"Tienda\",\"item\":\"https:\/\/aivlisoft.net\/shop\/tienda\/\"},{\"@type\":\"ListItem\",\"position\":3,\"name\":\"Krom Raton Gaming Keos RGB rainbow\"}]},{\"@type\":\"WebSite\",\"@id\":\"https:\/\/aivlisoft.net\/shop\/#website\",\"url\":\"https:\/\/aivlisoft.net\/shop\/\",\"name\":\"Aivlisoft Inform\u00e1tica\",\"description\":\"En Aivlisoft Inform\u00e1tica ofrecemos soluciones tecnol\u00f3gicas para empresas: venta de ordenadores, consumibles, perif\u00e9ricos y m\u00e1s. Calidad, atenci\u00f3n personalizada y los mejores precios para tu negocio.\",\"publisher\":{\"@id\":\"https:\/\/aivlisoft.net\/shop\/#organization\"},\"potentialAction\":[{\"@type\":\"SearchAction\",\"target\":{\"@type\":\"EntryPoint\",\"urlTemplate\":\"https:\/\/aivlisoft.net\/shop\/?s={search_term_string}\"},\"query-input\":{\"@type\":\"PropertyValueSpecification\",\"valueRequired\":true,\"valueName\":\"search_term_string\"}}],\"inLanguage\":\"es\"},{\"@type\":\"Organization\",\"@id\":\"https:\/\/aivlisoft.net\/shop\/#organization\",\"name\":\"Aivlisoft Inform\u00e1tica\",\"url\":\"https:\/\/aivlisoft.net\/shop\/\",\"logo\":{\"@type\":\"ImageObject\",\"inLanguage\":\"es\",\"@id\":\"https:\/\/aivlisoft.net\/shop\/#\/schema\/logo\/image\/\",\"url\":\"https:\/\/aivlisoft.net\/shop\/wp-content\/uploads\/2024\/12\/removal.ai_5b848c54-0cdf-4140-95c5-c5536bb7573b-logodef.png\",\"contentUrl\":\"https:\/\/aivlisoft.net\/shop\/wp-content\/uploads\/2024\/12\/removal.ai_5b848c54-0cdf-4140-95c5-c5536bb7573b-logodef.png\",\"width\":484,\"height\":182,\"caption\":\"Aivlisoft Inform\u00e1tica\"},\"image\":{\"@id\":\"https:\/\/aivlisoft.net\/shop\/#\/schema\/logo\/image\/\"}}]}<\/script>\n<!-- \/ Yoast SEO plugin. -->","yoast_head_json":{"title":"Krom Raton Gaming Keos RGB rainbow - Aivlisoft Inform\u00e1tica","robots":{"index":"index","follow":"follow","max-snippet":"max-snippet:-1","max-image-preview":"max-image-preview:large","max-video-preview":"max-video-preview:-1"},"canonical":"https:\/\/aivlisoft.net\/shop\/producto\/krom-raton-gaming-keos-rgb-rainbow\/","og_locale":"es_ES","og_type":"article","og_title":"Krom Raton Gaming Keos RGB rainbow - Aivlisoft Inform\u00e1tica","og_description":"KeosTiene todo lo que buscas en un rat&oacute;n. Con potente iluminaci&oacute;n RGB y un dise&ntilde;o ergon&oacute;mico, que asegura libertad de movimiento, facilita una respuesta precisa y r&aacute;pida a cualquier acci&oacute;n, alcanzando los 6400 DPI, lo que lo convierte en la herramienta perfecta para hacerte con la victoria. Ergonom&iacute;a ganadoraSu compacto dise&ntilde;o profesional se ajustar&aacute; perfectamente&hellip;&nbsp;Krom Raton Gaming Keos RGB rainbow","og_url":"https:\/\/aivlisoft.net\/shop\/producto\/krom-raton-gaming-keos-rgb-rainbow\/","og_site_name":"Aivlisoft Inform\u00e1tica","article_modified_time":"2025-01-14T10:53:54+00:00","og_image":[{"width":800,"height":800,"url":"https:\/\/aivlisoft.net\/shop\/wp-content\/uploads\/2025\/01\/FTRRCA0675_800.jpg","type":"image\/jpeg"}],"twitter_card":"summary_large_image","twitter_misc":{"Tiempo de lectura":"1 minuto"},"schema":{"@context":"https:\/\/schema.org","@graph":[{"@type":"WebPage","@id":"https:\/\/aivlisoft.net\/shop\/producto\/krom-raton-gaming-keos-rgb-rainbow\/","url":"https:\/\/aivlisoft.net\/shop\/producto\/krom-raton-gaming-keos-rgb-rainbow\/","name":"Krom Raton Gaming Keos RGB rainbow - Aivlisoft Inform\u00e1tica","isPartOf":{"@id":"https:\/\/aivlisoft.net\/shop\/#website"},"primaryImageOfPage":{"@id":"https:\/\/aivlisoft.net\/shop\/producto\/krom-raton-gaming-keos-rgb-rainbow\/#primaryimage"},"image":{"@id":"https:\/\/aivlisoft.net\/shop\/producto\/krom-raton-gaming-keos-rgb-rainbow\/#primaryimage"},"thumbnailUrl":"https:\/\/aivlisoft.net\/shop\/wp-content\/uploads\/2025\/01\/FTRRCA0675_800.jpg","datePublished":"2025-01-13T14:07:59+00:00","dateModified":"2025-01-14T10:53:54+00:00","breadcrumb":{"@id":"https:\/\/aivlisoft.net\/shop\/producto\/krom-raton-gaming-keos-rgb-rainbow\/#breadcrumb"},"inLanguage":"es","potentialAction":[{"@type":"ReadAction","target":["https:\/\/aivlisoft.net\/shop\/producto\/krom-raton-gaming-keos-rgb-rainbow\/"]}]},{"@type":"ImageObject","inLanguage":"es","@id":"https:\/\/aivlisoft.net\/shop\/producto\/krom-raton-gaming-keos-rgb-rainbow\/#primaryimage","url":"https:\/\/aivlisoft.net\/shop\/wp-content\/uploads\/2025\/01\/FTRRCA0675_800.jpg","contentUrl":"https:\/\/aivlisoft.net\/shop\/wp-content\/uploads\/2025\/01\/FTRRCA0675_800.jpg","width":800,"height":800},{"@type":"BreadcrumbList","@id":"https:\/\/aivlisoft.net\/shop\/producto\/krom-raton-gaming-keos-rgb-rainbow\/#breadcrumb","itemListElement":[{"@type":"ListItem","position":1,"name":"Portada","item":"https:\/\/aivlisoft.net\/shop\/"},{"@type":"ListItem","position":2,"name":"Tienda","item":"https:\/\/aivlisoft.net\/shop\/tienda\/"},{"@type":"ListItem","position":3,"name":"Krom Raton Gaming Keos RGB rainbow"}]},{"@type":"WebSite","@id":"https:\/\/aivlisoft.net\/shop\/#website","url":"https:\/\/aivlisoft.net\/shop\/","name":"Aivlisoft Inform\u00e1tica","description":"En Aivlisoft Inform\u00e1tica ofrecemos soluciones tecnol\u00f3gicas para empresas: venta de ordenadores, consumibles, perif\u00e9ricos y m\u00e1s. Calidad, atenci\u00f3n personalizada y los mejores precios para tu negocio.","publisher":{"@id":"https:\/\/aivlisoft.net\/shop\/#organization"},"potentialAction":[{"@type":"SearchAction","target":{"@type":"EntryPoint","urlTemplate":"https:\/\/aivlisoft.net\/shop\/?s={search_term_string}"},"query-input":{"@type":"PropertyValueSpecification","valueRequired":true,"valueName":"search_term_string"}}],"inLanguage":"es"},{"@type":"Organization","@id":"https:\/\/aivlisoft.net\/shop\/#organization","name":"Aivlisoft Inform\u00e1tica","url":"https:\/\/aivlisoft.net\/shop\/","logo":{"@type":"ImageObject","inLanguage":"es","@id":"https:\/\/aivlisoft.net\/shop\/#\/schema\/logo\/image\/","url":"https:\/\/aivlisoft.net\/shop\/wp-content\/uploads\/2024\/12\/removal.ai_5b848c54-0cdf-4140-95c5-c5536bb7573b-logodef.png","contentUrl":"https:\/\/aivlisoft.net\/shop\/wp-content\/uploads\/2024\/12\/removal.ai_5b848c54-0cdf-4140-95c5-c5536bb7573b-logodef.png","width":484,"height":182,"caption":"Aivlisoft Inform\u00e1tica"},"image":{"@id":"https:\/\/aivlisoft.net\/shop\/#\/schema\/logo\/image\/"}}]}},"_links":{"self":[{"href":"https:\/\/aivlisoft.net\/shop\/wp-json\/wp\/v2\/product\/10748","targetHints":{"allow":["GET"]}}],"collection":[{"href":"https:\/\/aivlisoft.net\/shop\/wp-json\/wp\/v2\/product"}],"about":[{"href":"https:\/\/aivlisoft.net\/shop\/wp-json\/wp\/v2\/types\/product"}],"wp:featuredmedia":[{"embeddable":true,"href":"https:\/\/aivlisoft.net\/shop\/wp-json\/wp\/v2\/media\/10749"}],"wp:attachment":[{"href":"https:\/\/aivlisoft.net\/shop\/wp-json\/wp\/v2\/media?parent=10748"}],"wp:term":[{"taxonomy":"product_brand","embeddable":true,"href":"https:\/\/aivlisoft.net\/shop\/wp-json\/wp\/v2\/product_brand?post=10748"},{"taxonomy":"product_cat","embeddable":true,"href":"https:\/\/aivlisoft.net\/shop\/wp-json\/wp\/v2\/product_cat?post=10748"},{"taxonomy":"product_tag","embeddable":true,"href":"https:\/\/aivlisoft.net\/shop\/wp-json\/wp\/v2\/product_tag?post=10748"}],"curies":[{"name":"wp","href":"https:\/\/api.w.org\/{rel}","templated":true}]}}